{"id":64283,"date":"2025-06-05T09:09:35","date_gmt":"2025-06-05T08:09:35","guid":{"rendered":"https:\/\/truusk.store\/product\/hopfallbart-matbord-med-4-stegs-hyllor-for-3-personer-hopfallbart-bord-med-anti-tippskydd-for-sma-utrymmen-kok-matsal-80-x-90-x-93-cm-vit\/"},"modified":"2026-03-12T09:41:19","modified_gmt":"2026-03-12T08:41:19","slug":"truusk-hopfallbart-matbord-med-4-stegs-hyllor-anti-tippskydd-sma-utrymmen-kok-matsal-80x90x93cm-vit","status":"publish","type":"product","link":"https:\/\/truusk.store\/sv\/produkt\/truusk-hopfallbart-matbord-med-4-stegs-hyllor-anti-tippskydd-sma-utrymmen-kok-matsal-80x90x93cm-vit\/","title":{"rendered":"TRUUSK Hopf\u00e4llbart Matbord Med 4-stegs Hyllor &#8211; Anti-tippskydd &#8211; Sm\u00e5 Utrymmen &#8211; K\u00f6k, Matsal &#8211; 80x90x93cm &#8211; Vit"},"content":{"rendered":"<p>Forma om ditt vardagsrum med TRUUSKs hopf\u00e4llbara matbord, som kan utvidgas perfekt f\u00f6r tre personer. Perfekt f\u00f6r sm\u00e5 k\u00f6k, fungerar det ocks\u00e5 som ett dekorativt utst\u00e4llningsbord med \u00f6verhylla. Tre diskreta hyllor p\u00e5 matbordet erbjuder extra f\u00f6rvaringsutrymme. Med en tippskyddsanordning erbjuder detta utdragbara matbord optimal stabilitet f\u00f6r k\u00f6k, matsal eller vardagsrum n\u00e4r som helst.<\/p>\n<p>Beskrivning:<\/p>\n<ul>\n<li> Matbordets design rymmer tre personer och \u00e4r perfekt f\u00f6r sm\u00e5 utrymmen<\/li>\n<li> Kan anv\u00e4ndas som ett utst\u00e4llningsbord<\/li>\n<li> Tre hyllor p\u00e5 matbordet erbjuder diskreta f\u00f6rvaringsm\u00f6jligheter<\/li>\n<li> Anti-tip-f\u00e4sten \u00f6kar s\u00e4kerheten och stabiliteten<\/li>\n<li> Tippskyddsanordningar stabiliserar bordet p\u00e5 oj\u00e4mna golv<\/li>\n<\/ul>\n<p>Tekniska data:<\/p>\n<ul>\n<li> F\u00e4rg: Vit<\/li>\n<li> Material: MDF, st\u00e5l<\/li>\n<li> Utvikta dimensioner: 80B x 90D x 93H cm<\/li>\n<li> Vikta dimensioner: 80B x 20D x 93H cm<\/li>\n<li> Bordets dimensioner: 77B x 72D x 73,5H cm<\/li>\n<li> Storlek p\u00e5 \u00f6verhyllan: 77B x 20D x 18H cm<\/li>\n<li> Storlek p\u00e5 inre hyllan: 77B x 20D x 22H cm<\/li>\n<li> B\u00e4rkapacitet: 40 kg (totalt), 20 kg (bordsskiva), 5 kg (hylla)<\/li>\n<\/ul>\n<p>Leveransinneh\u00e5ll:<\/p>\n<ul>\n<li> 1 x Hopf\u00e4llbart matbord<\/li>\n<li> 1 x Bruksanvisning<\/li>\n<\/ul>\n","protected":false},"excerpt":{"rendered":"<p>Forma om ditt vardagsrum med TRUUSKs hopf\u00e4llbara matbord, som kan utvidgas perfekt f\u00f6r tre personer. Perfekt f\u00f6r sm\u00e5 k\u00f6k, fungerar&#8230;<\/p>\n","protected":false},"featured_media":64274,"template":"","meta":[],"product_brand":[],"product_cat":[871,889,509],"product_tag":[],"class_list":{"0":"post-64283","1":"product","2":"type-product","3":"status-publish","4":"has-post-thumbnail","6":"product_cat-hus-hem","7":"product_cat-kok-matsal","8":"product_cat-matbord","10":"first","11":"instock","12":"sale","13":"taxable","14":"shipping-taxable","15":"purchasable","16":"product-type-simple"},"yoast_head":"<!-- This site is optimized with the Yoast SEO plugin v25.4 - https:\/\/yoast.com\/wordpress\/plugins\/seo\/ -->\n<title>TRUUSK Hopf\u00e4llbart Matbord Med 4-stegs Hyllor - Anti-tippskydd - Sm\u00e5 Utrymmen - K\u00f6k, Matsal - 80x90x93cm - Vit - TRUUSK - Hem, Tr\u00e4dg\u00e5rd &amp; Fritid<\/title>\n<meta name=\"robots\" content=\"index, follow, max-snippet:-1, max-image-preview:large, max-video-preview:-1\" \/>\n<link rel=\"canonical\" href=\"https:\/\/truusk.store\/sv\/produkt\/truusk-hopfallbart-matbord-med-4-stegs-hyllor-anti-tippskydd-sma-utrymmen-kok-matsal-80x90x93cm-vit\/\" \/>\n<meta property=\"og:locale\" content=\"sv_SE\" \/>\n<meta property=\"og:type\" content=\"article\" \/>\n<meta property=\"og:title\" content=\"TRUUSK Hopf\u00e4llbart Matbord Med 4-stegs Hyllor - Anti-tippskydd - Sm\u00e5 Utrymmen - K\u00f6k, Matsal - 80x90x93cm - Vit - TRUUSK - Hem, Tr\u00e4dg\u00e5rd &amp; Fritid\" \/>\n<meta property=\"og:description\" content=\"Forma om ditt vardagsrum med TRUUSKs hopf\u00e4llbara matbord, som kan utvidgas perfekt f\u00f6r tre personer. Perfekt f\u00f6r sm\u00e5 k\u00f6k, fungerar...\" \/>\n<meta property=\"og:url\" content=\"https:\/\/truusk.store\/sv\/produkt\/truusk-hopfallbart-matbord-med-4-stegs-hyllor-anti-tippskydd-sma-utrymmen-kok-matsal-80x90x93cm-vit\/\" \/>\n<meta property=\"og:site_name\" content=\"TRUUSK - Hem, Tr\u00e4dg\u00e5rd &amp; Fritid\" \/>\n<meta property=\"article:modified_time\" content=\"2026-03-12T08:41:19+00:00\" \/>\n<meta property=\"og:image\" content=\"https:\/\/i0.wp.com\/truusk.se\/wp-content\/uploads\/2025\/06\/hopfallbart-matbord-med-4-stegs-hyllor-for-3-personer-hopfallbart-bord-med-anti-tippskydd-for-sma-utrymmen-kok-matsal-80-x-90-x-93-cm-vit-1.webp?fit=2000%2C2000&ssl=1\" \/>\n\t<meta property=\"og:image:width\" content=\"2000\" \/>\n\t<meta property=\"og:image:height\" content=\"2000\" \/>\n\t<meta property=\"og:image:type\" content=\"image\/webp\" \/>\n<meta name=\"twitter:card\" content=\"summary_large_image\" \/>\n<meta name=\"twitter:label1\" content=\"Ber\u00e4knad l\u00e4stid\" \/>\n\t<meta name=\"twitter:data1\" content=\"1 minut\" \/>\n<!-- \/ Yoast SEO plugin. -->","yoast_head_json":{"title":"TRUUSK Hopf\u00e4llbart Matbord Med 4-stegs Hyllor - Anti-tippskydd - Sm\u00e5 Utrymmen - K\u00f6k, Matsal - 80x90x93cm - Vit - TRUUSK - Hem, Tr\u00e4dg\u00e5rd &amp; Fritid","robots":{"index":"index","follow":"follow","max-snippet":"max-snippet:-1","max-image-preview":"max-image-preview:large","max-video-preview":"max-video-preview:-1"},"canonical":"https:\/\/truusk.store\/sv\/produkt\/truusk-hopfallbart-matbord-med-4-stegs-hyllor-anti-tippskydd-sma-utrymmen-kok-matsal-80x90x93cm-vit\/","og_locale":"sv_SE","og_type":"article","og_title":"TRUUSK Hopf\u00e4llbart Matbord Med 4-stegs Hyllor - Anti-tippskydd - Sm\u00e5 Utrymmen - K\u00f6k, Matsal - 80x90x93cm - Vit - TRUUSK - Hem, Tr\u00e4dg\u00e5rd &amp; Fritid","og_description":"Forma om ditt vardagsrum med TRUUSKs hopf\u00e4llbara matbord, som kan utvidgas perfekt f\u00f6r tre personer. Perfekt f\u00f6r sm\u00e5 k\u00f6k, fungerar...","og_url":"https:\/\/truusk.store\/sv\/produkt\/truusk-hopfallbart-matbord-med-4-stegs-hyllor-anti-tippskydd-sma-utrymmen-kok-matsal-80x90x93cm-vit\/","og_site_name":"TRUUSK - Hem, Tr\u00e4dg\u00e5rd &amp; Fritid","article_modified_time":"2026-03-12T08:41:19+00:00","og_image":[{"width":2000,"height":2000,"url":"https:\/\/i0.wp.com\/truusk.se\/wp-content\/uploads\/2025\/06\/hopfallbart-matbord-med-4-stegs-hyllor-for-3-personer-hopfallbart-bord-med-anti-tippskydd-for-sma-utrymmen-kok-matsal-80-x-90-x-93-cm-vit-1.webp?fit=2000%2C2000&ssl=1","type":"image\/webp"}],"twitter_card":"summary_large_image","twitter_misc":{"Ber\u00e4knad l\u00e4stid":"1 minut"},"schema":{"@context":"https:\/\/schema.org","@graph":[{"@type":"WebPage","@id":"https:\/\/truusk.store\/sv\/produkt\/truusk-hopfallbart-matbord-med-4-stegs-hyllor-anti-tippskydd-sma-utrymmen-kok-matsal-80x90x93cm-vit\/","url":"https:\/\/truusk.store\/sv\/produkt\/truusk-hopfallbart-matbord-med-4-stegs-hyllor-anti-tippskydd-sma-utrymmen-kok-matsal-80x90x93cm-vit\/","name":"TRUUSK Hopf\u00e4llbart Matbord Med 4-stegs Hyllor - Anti-tippskydd - Sm\u00e5 Utrymmen - K\u00f6k, Matsal - 80x90x93cm - Vit - TRUUSK - Hem, Tr\u00e4dg\u00e5rd &amp; Fritid","isPartOf":{"@id":"https:\/\/truusk.store\/sv\/#website"},"primaryImageOfPage":{"@id":"https:\/\/truusk.store\/sv\/produkt\/truusk-hopfallbart-matbord-med-4-stegs-hyllor-anti-tippskydd-sma-utrymmen-kok-matsal-80x90x93cm-vit\/#primaryimage"},"image":{"@id":"https:\/\/truusk.store\/sv\/produkt\/truusk-hopfallbart-matbord-med-4-stegs-hyllor-anti-tippskydd-sma-utrymmen-kok-matsal-80x90x93cm-vit\/#primaryimage"},"thumbnailUrl":"https:\/\/i0.wp.com\/truusk.store\/wp-content\/uploads\/2025\/06\/hopfallbart-matbord-med-4-stegs-hyllor-for-3-personer-hopfallbart-bord-med-anti-tippskydd-for-sma-utrymmen-kok-matsal-80-x-90-x-93-cm-vit-1.webp?fit=2000%2C2000&ssl=1","datePublished":"2025-06-05T08:09:35+00:00","dateModified":"2026-03-12T08:41:19+00:00","breadcrumb":{"@id":"https:\/\/truusk.store\/sv\/produkt\/truusk-hopfallbart-matbord-med-4-stegs-hyllor-anti-tippskydd-sma-utrymmen-kok-matsal-80x90x93cm-vit\/#breadcrumb"},"inLanguage":"sv-SE","potentialAction":[{"@type":"ReadAction","target":["https:\/\/truusk.store\/sv\/produkt\/truusk-hopfallbart-matbord-med-4-stegs-hyllor-anti-tippskydd-sma-utrymmen-kok-matsal-80x90x93cm-vit\/"]}]},{"@type":"ImageObject","inLanguage":"sv-SE","@id":"https:\/\/truusk.store\/sv\/produkt\/truusk-hopfallbart-matbord-med-4-stegs-hyllor-anti-tippskydd-sma-utrymmen-kok-matsal-80x90x93cm-vit\/#primaryimage","url":"https:\/\/i0.wp.com\/truusk.store\/wp-content\/uploads\/2025\/06\/hopfallbart-matbord-med-4-stegs-hyllor-for-3-personer-hopfallbart-bord-med-anti-tippskydd-for-sma-utrymmen-kok-matsal-80-x-90-x-93-cm-vit-1.webp?fit=2000%2C2000&ssl=1","contentUrl":"https:\/\/i0.wp.com\/truusk.store\/wp-content\/uploads\/2025\/06\/hopfallbart-matbord-med-4-stegs-hyllor-for-3-personer-hopfallbart-bord-med-anti-tippskydd-for-sma-utrymmen-kok-matsal-80-x-90-x-93-cm-vit-1.webp?fit=2000%2C2000&ssl=1","width":2000,"height":2000},{"@type":"BreadcrumbList","@id":"https:\/\/truusk.store\/sv\/produkt\/truusk-hopfallbart-matbord-med-4-stegs-hyllor-anti-tippskydd-sma-utrymmen-kok-matsal-80x90x93cm-vit\/#breadcrumb","itemListElement":[{"@type":"ListItem","position":1,"name":"Home","item":"https:\/\/truusk.store\/sv\/"},{"@type":"ListItem","position":2,"name":"Shop","item":"https:\/\/truusk.store\/shop\/"},{"@type":"ListItem","position":3,"name":"TRUUSK Hopf\u00e4llbart Matbord Med 4-stegs Hyllor &#8211; Anti-tippskydd &#8211; Sm\u00e5 Utrymmen &#8211; K\u00f6k, Matsal &#8211; 80x90x93cm &#8211; Vit"}]},{"@type":"WebSite","@id":"https:\/\/truusk.store\/sv\/#website","url":"https:\/\/truusk.store\/sv\/","name":"TRUUSK - Hem, Tr\u00e4dg\u00e5rd & Fritid","description":"","publisher":{"@id":"https:\/\/truusk.store\/sv\/#organization"},"potentialAction":[{"@type":"SearchAction","target":{"@type":"EntryPoint","urlTemplate":"https:\/\/truusk.store\/sv\/?s={search_term_string}"},"query-input":{"@type":"PropertyValueSpecification","valueRequired":true,"valueName":"search_term_string"}}],"inLanguage":"sv-SE"},{"@type":"Organization","@id":"https:\/\/truusk.store\/sv\/#organization","name":"TRUUSK - Hem, Tr\u00e4dg\u00e5rd & Fritid","url":"https:\/\/truusk.store\/sv\/","logo":{"@type":"ImageObject","inLanguage":"sv-SE","@id":"https:\/\/truusk.store\/sv\/#\/schema\/logo\/image\/","url":"https:\/\/i0.wp.com\/truusk.store\/wp-content\/uploads\/2026\/03\/cropped-TRUUSK.png?fit=2032%2C917&ssl=1","contentUrl":"https:\/\/i0.wp.com\/truusk.store\/wp-content\/uploads\/2026\/03\/cropped-TRUUSK.png?fit=2032%2C917&ssl=1","width":2032,"height":917,"caption":"TRUUSK - Hem, Tr\u00e4dg\u00e5rd & Fritid"},"image":{"@id":"https:\/\/truusk.store\/sv\/#\/schema\/logo\/image\/"}}]}},"jetpack_sharing_enabled":true,"_links":{"self":[{"href":"https:\/\/truusk.store\/sv\/wp-json\/wp\/v2\/product\/64283","targetHints":{"allow":["GET"]}}],"collection":[{"href":"https:\/\/truusk.store\/sv\/wp-json\/wp\/v2\/product"}],"about":[{"href":"https:\/\/truusk.store\/sv\/wp-json\/wp\/v2\/types\/product"}],"wp:featuredmedia":[{"embeddable":true,"href":"https:\/\/truusk.store\/sv\/wp-json\/wp\/v2\/media\/64274"}],"wp:attachment":[{"href":"https:\/\/truusk.store\/sv\/wp-json\/wp\/v2\/media?parent=64283"}],"wp:term":[{"taxonomy":"product_brand","embeddable":true,"href":"https:\/\/truusk.store\/sv\/wp-json\/wp\/v2\/product_brand?post=64283"},{"taxonomy":"product_cat","embeddable":true,"href":"https:\/\/truusk.store\/sv\/wp-json\/wp\/v2\/product_cat?post=64283"},{"taxonomy":"product_tag","embeddable":true,"href":"https:\/\/truusk.store\/sv\/wp-json\/wp\/v2\/product_tag?post=64283"}],"curies":[{"name":"wp","href":"https:\/\/api.w.org\/{rel}","templated":true}]}}