{"id":6430,"date":"2024-02-13T08:26:02","date_gmt":"2024-02-13T07:26:02","guid":{"rendered":"https:\/\/truusk.store\/product\/mobil-luftkonditionering-3-i-1-inklusive-fjarrkontroll-9k-btu-24h-timer-abs-vit\/"},"modified":"2026-03-12T08:55:17","modified_gmt":"2026-03-12T07:55:17","slug":"truusk-3-i-1-mobil-luftkonditionering-fjarrkontroll-inkluderad-9k-btu-24h-timer-abs-vit","status":"publish","type":"product","link":"https:\/\/truusk.store\/sv\/produkt\/truusk-3-i-1-mobil-luftkonditionering-fjarrkontroll-inkluderad-9k-btu-24h-timer-abs-vit\/","title":{"rendered":"TRUUSK 3-i-1 Mobil Luftkonditionering &#8211; Fj\u00e4rrkontroll inkluderad &#8211; 9K BTU &#8211; 24h Timer &#8211; ABS &#8211; Vit"},"content":{"rendered":"<p>Vill du njuta av kylan under den varma sommaren och v\u00e4rmen under den kalla vintern? K\u00f6p d\u00e5 denna mobila luftkonditionering. Med 4 sv\u00e4ngbara hjul f\u00f6r enkel transport, s\u00e5 att du enkelt kan ta den fr\u00e5n sovrummet till vardagsrummet. Utrustad med kyl-, avfuktnings- och ventilationsfunktioner, tidsstyrning, fj\u00e4rrkontroll och olika intelligenta funktioner blir den en p\u00e5litlig partner f\u00f6r dig.<\/p>\n<h3>Beskrivning:<\/h3>\n<ul>\n<li>Tre funktioner: kyla, avfuktning och ventilation<\/li>\n<li>Tv\u00e5 hastighetsinst\u00e4llningar<\/li>\n<li>Passar \u00e4ven f\u00f6r semesterl\u00e4genheter, husbilar med mera<\/li>\n<li>Med fj\u00e4rrkontroll f\u00f6r att enkelt byta program<\/li>\n<li>4 roterande hjul f\u00f6r enkel justering<\/li>\n<li>Kompakt storlek, passar \u00e4ven i st\u00f6rre fordon s\u00e5som stadsjeepar<\/li>\n<li>Inkluderar avfuktare f\u00f6r b\u00e4ttre effektivitet<\/li>\n<li>Automatisk omstart vid str\u00f6mavbrott<\/li>\n<li>Automatisk avfrostningsfunktion vid l\u00e5ga temperaturer<\/li>\n<li>St\u00e4ngs automatiskt av n\u00e4r tanken \u00e4r full<\/li>\n<li>LED digital display temperaturdisplay<\/li>\n<li>Med 24 timmars timer<\/li>\n<li>L\u00e4tt att montera enligt instruktionerna<\/li>\n<li>Enkel demontering f\u00f6r platsbesparande f\u00f6rvaring<\/li>\n<li>Luftfiltret \u00e4r l\u00e4tt att reng\u00f6ra<\/li>\n<\/ul>\n<h3>Teknisk data:<\/h3>\n<ul>\n<li>Ineffekt: 1003W<\/li>\n<li>F\u00e4rg vit<\/li>\n<li>Material: ABS<\/li>\n<li>M\u00e5tt: L35,4 x B33,8 x H69,8 cm<\/li>\n<li>Nettovikt: 23,5 kg<\/li>\n<li>L\u00e4mplig rumsstorlek: 12-18<\/li>\n<li>Ing\u00e5ng: 220-240V<\/li>\n<li>Kylv\u00e4tska: 290 kr<\/li>\n<li>Avfuktningskapacitet: 24L\/dag<\/li>\n<li>Volym: 65 dB (A) EERA Grade (2,6)<\/li>\n<li>Batteri: 2 x AA-batterier (ing\u00e5r ej)<\/li>\n<\/ul>\n<h3>Leveransens omfattning:<\/h3>\n<ul>\n<li>1 x Mobil luftkonditionering<\/li>\n<li>1 x Avgasslang<\/li>\n<li>1 x slangkoppling<\/li>\n<li>1 x Fj\u00e4rrkontroll<\/li>\n<li>1 x bruksanvisning<\/li>\n<\/ul>\n","protected":false},"excerpt":{"rendered":"<p>Vill du njuta av kylan under den varma sommaren och v\u00e4rmen under den kalla vintern? K\u00f6p d\u00e5 denna mobila luftkonditionering&#8230;.<\/p>\n","protected":false},"featured_media":6431,"template":"","meta":[],"product_brand":[],"product_cat":[697,671,696],"product_tag":[],"class_list":{"0":"post-6430","1":"product","2":"type-product","3":"status-publish","4":"has-post-thumbnail","6":"product_cat-flaktar-och-luftkonditioneringsapparater","7":"product_cat-jarnaffar","8":"product_cat-luftkonditionering-och-flaktar","10":"first","11":"instock","12":"sale","13":"taxable","14":"shipping-taxable","15":"purchasable","16":"product-type-simple"},"yoast_head":"<!-- This site is optimized with the Yoast SEO plugin v25.4 - https:\/\/yoast.com\/wordpress\/plugins\/seo\/ -->\n<title>TRUUSK 3-i-1 Mobil Luftkonditionering - Fj\u00e4rrkontroll inkluderad - 9K BTU - 24h Timer - ABS - Vit - TRUUSK - Hem, Tr\u00e4dg\u00e5rd &amp; Fritid<\/title>\n<meta name=\"robots\" content=\"index, follow, max-snippet:-1, max-image-preview:large, max-video-preview:-1\" \/>\n<link rel=\"canonical\" href=\"https:\/\/truusk.store\/sv\/produkt\/truusk-3-i-1-mobil-luftkonditionering-fjarrkontroll-inkluderad-9k-btu-24h-timer-abs-vit\/\" \/>\n<meta property=\"og:locale\" content=\"sv_SE\" \/>\n<meta property=\"og:type\" content=\"article\" \/>\n<meta property=\"og:title\" content=\"TRUUSK 3-i-1 Mobil Luftkonditionering - Fj\u00e4rrkontroll inkluderad - 9K BTU - 24h Timer - ABS - Vit - TRUUSK - Hem, Tr\u00e4dg\u00e5rd &amp; Fritid\" \/>\n<meta property=\"og:description\" content=\"Vill du njuta av kylan under den varma sommaren och v\u00e4rmen under den kalla vintern? K\u00f6p d\u00e5 denna mobila luftkonditionering....\" \/>\n<meta property=\"og:url\" content=\"https:\/\/truusk.store\/sv\/produkt\/truusk-3-i-1-mobil-luftkonditionering-fjarrkontroll-inkluderad-9k-btu-24h-timer-abs-vit\/\" \/>\n<meta property=\"og:site_name\" content=\"TRUUSK - Hem, Tr\u00e4dg\u00e5rd &amp; Fritid\" \/>\n<meta property=\"article:modified_time\" content=\"2026-03-12T07:55:17+00:00\" \/>\n<meta property=\"og:image\" content=\"https:\/\/i0.wp.com\/truusk.se\/wp-content\/uploads\/2024\/02\/mobil-luftkonditionering-3-i-1-inklusive-fjarrkontroll-9k-btu-24h-timer-abs-vit.webp?fit=800%2C800&ssl=1\" \/>\n\t<meta property=\"og:image:width\" content=\"800\" \/>\n\t<meta property=\"og:image:height\" content=\"800\" \/>\n\t<meta property=\"og:image:type\" content=\"image\/webp\" \/>\n<meta name=\"twitter:card\" content=\"summary_large_image\" \/>\n<meta name=\"twitter:label1\" content=\"Ber\u00e4knad l\u00e4stid\" \/>\n\t<meta name=\"twitter:data1\" content=\"1 minut\" \/>\n<!-- \/ Yoast SEO plugin. -->","yoast_head_json":{"title":"TRUUSK 3-i-1 Mobil Luftkonditionering - Fj\u00e4rrkontroll inkluderad - 9K BTU - 24h Timer - ABS - Vit - TRUUSK - Hem, Tr\u00e4dg\u00e5rd &amp; Fritid","robots":{"index":"index","follow":"follow","max-snippet":"max-snippet:-1","max-image-preview":"max-image-preview:large","max-video-preview":"max-video-preview:-1"},"canonical":"https:\/\/truusk.store\/sv\/produkt\/truusk-3-i-1-mobil-luftkonditionering-fjarrkontroll-inkluderad-9k-btu-24h-timer-abs-vit\/","og_locale":"sv_SE","og_type":"article","og_title":"TRUUSK 3-i-1 Mobil Luftkonditionering - Fj\u00e4rrkontroll inkluderad - 9K BTU - 24h Timer - ABS - Vit - TRUUSK - Hem, Tr\u00e4dg\u00e5rd &amp; Fritid","og_description":"Vill du njuta av kylan under den varma sommaren och v\u00e4rmen under den kalla vintern? K\u00f6p d\u00e5 denna mobila luftkonditionering....","og_url":"https:\/\/truusk.store\/sv\/produkt\/truusk-3-i-1-mobil-luftkonditionering-fjarrkontroll-inkluderad-9k-btu-24h-timer-abs-vit\/","og_site_name":"TRUUSK - Hem, Tr\u00e4dg\u00e5rd &amp; Fritid","article_modified_time":"2026-03-12T07:55:17+00:00","og_image":[{"width":800,"height":800,"url":"https:\/\/i0.wp.com\/truusk.se\/wp-content\/uploads\/2024\/02\/mobil-luftkonditionering-3-i-1-inklusive-fjarrkontroll-9k-btu-24h-timer-abs-vit.webp?fit=800%2C800&ssl=1","type":"image\/webp"}],"twitter_card":"summary_large_image","twitter_misc":{"Ber\u00e4knad l\u00e4stid":"1 minut"},"schema":{"@context":"https:\/\/schema.org","@graph":[{"@type":"WebPage","@id":"https:\/\/truusk.store\/sv\/produkt\/truusk-3-i-1-mobil-luftkonditionering-fjarrkontroll-inkluderad-9k-btu-24h-timer-abs-vit\/","url":"https:\/\/truusk.store\/sv\/produkt\/truusk-3-i-1-mobil-luftkonditionering-fjarrkontroll-inkluderad-9k-btu-24h-timer-abs-vit\/","name":"TRUUSK 3-i-1 Mobil Luftkonditionering - Fj\u00e4rrkontroll inkluderad - 9K BTU - 24h Timer - ABS - Vit - TRUUSK - Hem, Tr\u00e4dg\u00e5rd &amp; Fritid","isPartOf":{"@id":"https:\/\/truusk.store\/sv\/#website"},"primaryImageOfPage":{"@id":"https:\/\/truusk.store\/sv\/produkt\/truusk-3-i-1-mobil-luftkonditionering-fjarrkontroll-inkluderad-9k-btu-24h-timer-abs-vit\/#primaryimage"},"image":{"@id":"https:\/\/truusk.store\/sv\/produkt\/truusk-3-i-1-mobil-luftkonditionering-fjarrkontroll-inkluderad-9k-btu-24h-timer-abs-vit\/#primaryimage"},"thumbnailUrl":"https:\/\/i0.wp.com\/truusk.store\/wp-content\/uploads\/2024\/02\/mobil-luftkonditionering-3-i-1-inklusive-fjarrkontroll-9k-btu-24h-timer-abs-vit.webp?fit=800%2C800&ssl=1","datePublished":"2024-02-13T07:26:02+00:00","dateModified":"2026-03-12T07:55:17+00:00","breadcrumb":{"@id":"https:\/\/truusk.store\/sv\/produkt\/truusk-3-i-1-mobil-luftkonditionering-fjarrkontroll-inkluderad-9k-btu-24h-timer-abs-vit\/#breadcrumb"},"inLanguage":"sv-SE","potentialAction":[{"@type":"ReadAction","target":["https:\/\/truusk.store\/sv\/produkt\/truusk-3-i-1-mobil-luftkonditionering-fjarrkontroll-inkluderad-9k-btu-24h-timer-abs-vit\/"]}]},{"@type":"ImageObject","inLanguage":"sv-SE","@id":"https:\/\/truusk.store\/sv\/produkt\/truusk-3-i-1-mobil-luftkonditionering-fjarrkontroll-inkluderad-9k-btu-24h-timer-abs-vit\/#primaryimage","url":"https:\/\/i0.wp.com\/truusk.store\/wp-content\/uploads\/2024\/02\/mobil-luftkonditionering-3-i-1-inklusive-fjarrkontroll-9k-btu-24h-timer-abs-vit.webp?fit=800%2C800&ssl=1","contentUrl":"https:\/\/i0.wp.com\/truusk.store\/wp-content\/uploads\/2024\/02\/mobil-luftkonditionering-3-i-1-inklusive-fjarrkontroll-9k-btu-24h-timer-abs-vit.webp?fit=800%2C800&ssl=1","width":800,"height":800,"caption":"Mobil Luftkonditionering 3-i-1, Inklusive Fj\u00e4rrkontroll, 9K BTU, 24h Timer, ABS, Vit 1"},{"@type":"BreadcrumbList","@id":"https:\/\/truusk.store\/sv\/produkt\/truusk-3-i-1-mobil-luftkonditionering-fjarrkontroll-inkluderad-9k-btu-24h-timer-abs-vit\/#breadcrumb","itemListElement":[{"@type":"ListItem","position":1,"name":"Home","item":"https:\/\/truusk.store\/sv\/"},{"@type":"ListItem","position":2,"name":"Shop","item":"https:\/\/truusk.store\/shop\/"},{"@type":"ListItem","position":3,"name":"TRUUSK 3-i-1 Mobil Luftkonditionering &#8211; Fj\u00e4rrkontroll inkluderad &#8211; 9K BTU &#8211; 24h Timer &#8211; ABS &#8211; Vit"}]},{"@type":"WebSite","@id":"https:\/\/truusk.store\/sv\/#website","url":"https:\/\/truusk.store\/sv\/","name":"TRUUSK - Hem, Tr\u00e4dg\u00e5rd & Fritid","description":"","publisher":{"@id":"https:\/\/truusk.store\/sv\/#organization"},"potentialAction":[{"@type":"SearchAction","target":{"@type":"EntryPoint","urlTemplate":"https:\/\/truusk.store\/sv\/?s={search_term_string}"},"query-input":{"@type":"PropertyValueSpecification","valueRequired":true,"valueName":"search_term_string"}}],"inLanguage":"sv-SE"},{"@type":"Organization","@id":"https:\/\/truusk.store\/sv\/#organization","name":"TRUUSK - Hem, Tr\u00e4dg\u00e5rd & Fritid","url":"https:\/\/truusk.store\/sv\/","logo":{"@type":"ImageObject","inLanguage":"sv-SE","@id":"https:\/\/truusk.store\/sv\/#\/schema\/logo\/image\/","url":"https:\/\/i0.wp.com\/truusk.store\/wp-content\/uploads\/2026\/03\/cropped-TRUUSK.png?fit=2032%2C917&ssl=1","contentUrl":"https:\/\/i0.wp.com\/truusk.store\/wp-content\/uploads\/2026\/03\/cropped-TRUUSK.png?fit=2032%2C917&ssl=1","width":2032,"height":917,"caption":"TRUUSK - Hem, Tr\u00e4dg\u00e5rd & Fritid"},"image":{"@id":"https:\/\/truusk.store\/sv\/#\/schema\/logo\/image\/"}}]}},"jetpack_sharing_enabled":true,"_links":{"self":[{"href":"https:\/\/truusk.store\/sv\/wp-json\/wp\/v2\/product\/6430","targetHints":{"allow":["GET"]}}],"collection":[{"href":"https:\/\/truusk.store\/sv\/wp-json\/wp\/v2\/product"}],"about":[{"href":"https:\/\/truusk.store\/sv\/wp-json\/wp\/v2\/types\/product"}],"wp:featuredmedia":[{"embeddable":true,"href":"https:\/\/truusk.store\/sv\/wp-json\/wp\/v2\/media\/6431"}],"wp:attachment":[{"href":"https:\/\/truusk.store\/sv\/wp-json\/wp\/v2\/media?parent=6430"}],"wp:term":[{"taxonomy":"product_brand","embeddable":true,"href":"https:\/\/truusk.store\/sv\/wp-json\/wp\/v2\/product_brand?post=6430"},{"taxonomy":"product_cat","embeddable":true,"href":"https:\/\/truusk.store\/sv\/wp-json\/wp\/v2\/product_cat?post=6430"},{"taxonomy":"product_tag","embeddable":true,"href":"https:\/\/truusk.store\/sv\/wp-json\/wp\/v2\/product_tag?post=6430"}],"curies":[{"name":"wp","href":"https:\/\/api.w.org\/{rel}","templated":true}]}}