{"id":64323,"date":"2025-06-05T09:13:41","date_gmt":"2025-06-05T08:13:41","guid":{"rendered":"https:\/\/truusk.store\/product\/golvsoffa-2-i-1-vikbar-soffa-med-kordoptik-vadderad-soffbadd-upp-till-240-kg-belastning-for-vardagsrum-sovrum-kramvit\/"},"modified":"2026-03-12T09:43:25","modified_gmt":"2026-03-12T08:43:25","slug":"truusk-golvsoffa-2-i-1-vikbar-soffa-med-kordoptik-vadderad-soffbadd-upp-till-240-kg-belastning-kramvit","status":"publish","type":"product","link":"https:\/\/truusk.store\/sv\/produkt\/truusk-golvsoffa-2-i-1-vikbar-soffa-med-kordoptik-vadderad-soffbadd-upp-till-240-kg-belastning-kramvit\/","title":{"rendered":"TRUUSK Golvsoffa 2-i-1 &#8211; Vikbar Soffa med Kordoptik &#8211; Vadderad Soffb\u00e4dd &#8211; Upp till 240 kg Belastning &#8211; Kr\u00e4mvit"},"content":{"rendered":"<p>Uppt\u00e4ck den kompakta, innovativa b\u00e4ddsoffan fr\u00e5n TRUUSK f\u00f6r mer komfort och flexibilitet! Denna utrymmesbesparande golvsoffa f\u00f6rvandlar varje rum till en oas av v\u00e4lbefinnande. Anv\u00e4nd den som en mysig liggplats f\u00f6r avkopplande timmar eller veckla ut den med ett handtag till en praktisk enkels\u00e4ng f\u00f6r ov\u00e4ntade g\u00e4ster. Med sin smarta design och tjocka stoppning \u00e4r den idealisk f\u00f6r filmkv\u00e4llar, spelmaraton eller bara f\u00f6r att slappna av.<\/p>\n<p>Beskrivning:<\/p>\n<ul>\n<li> Dubbelt vikbar design<\/li>\n<li> Kompakt och l\u00e4tt<\/li>\n<li> Tjock stoppning av golvsoffan ger o\u00f6vertr\u00e4ffad komfort<\/li>\n<li> Mjukt cordtyg p\u00e5 b\u00e4ddsoffan, rynkfritt och formstabilt<\/li>\n<li> Knappf\u00e4stning p\u00e5 baksidan<\/li>\n<li> L\u00e4mplig f\u00f6r l\u00e4genheter, studentbost\u00e4der, sm\u00e5 utrymmen och f\u00f6r resor<\/li>\n<li> Ingen montering kr\u00e4vs<\/li>\n<\/ul>\n<p> Tekniska data:<\/p>\n<ul>\n<li> F\u00e4rg: Kr\u00e4mvit<\/li>\n<li> Material: Cord (100% polyester), skum<\/li>\n<li> Soffstorlek: 73B x 100T x 60H cm<\/li>\n<li> S\u00e4ngstorlek: 73B x 195T x 18H cm<\/li>\n<li> Sittplats: 73B x 79T cm<\/li>\n<li> Sitth\u00f6jd: 34 cm<\/li>\n<li> Ryggstorlek: 73B x 26H x 18T cm<\/li>\n<li> B\u00e4rkapacitet: 240 kg<\/li>\n<\/ul>\n<p> Leveransinneh\u00e5ll:<\/p>\n<ul>\n<li> 1 x Golvsoffa<\/li>\n<li> 1 x Handbok<\/li>\n<\/ul>\n","protected":false},"excerpt":{"rendered":"<p>Uppt\u00e4ck den kompakta, innovativa b\u00e4ddsoffan fr\u00e5n TRUUSK f\u00f6r mer komfort och flexibilitet! Denna utrymmesbesparande golvsoffa f\u00f6rvandlar varje rum till en&#8230;<\/p>\n","protected":false},"featured_media":64314,"template":"","meta":[],"product_brand":[],"product_cat":[521,871,973,910],"product_tag":[],"class_list":{"0":"post-64323","1":"product","2":"type-product","3":"status-publish","4":"has-post-thumbnail","6":"product_cat-fatolj","7":"product_cat-hus-hem","8":"product_cat-sitzkissen","9":"product_cat-vardagsrum","11":"first","12":"instock","13":"sale","14":"taxable","15":"shipping-taxable","16":"purchasable","17":"product-type-simple"},"yoast_head":"<!-- This site is optimized with the Yoast SEO plugin v25.4 - https:\/\/yoast.com\/wordpress\/plugins\/seo\/ -->\n<title>TRUUSK Golvsoffa 2-i-1 - Vikbar Soffa med Kordoptik - Vadderad Soffb\u00e4dd - Upp till 240 kg Belastning - Kr\u00e4mvit - TRUUSK - Hem, Tr\u00e4dg\u00e5rd &amp; Fritid<\/title>\n<meta name=\"robots\" content=\"index, follow, max-snippet:-1, max-image-preview:large, max-video-preview:-1\" \/>\n<link rel=\"canonical\" href=\"https:\/\/truusk.store\/sv\/produkt\/truusk-golvsoffa-2-i-1-vikbar-soffa-med-kordoptik-vadderad-soffbadd-upp-till-240-kg-belastning-kramvit\/\" \/>\n<meta property=\"og:locale\" content=\"sv_SE\" \/>\n<meta property=\"og:type\" content=\"article\" \/>\n<meta property=\"og:title\" content=\"TRUUSK Golvsoffa 2-i-1 - Vikbar Soffa med Kordoptik - Vadderad Soffb\u00e4dd - Upp till 240 kg Belastning - Kr\u00e4mvit - TRUUSK - Hem, Tr\u00e4dg\u00e5rd &amp; Fritid\" \/>\n<meta property=\"og:description\" content=\"Uppt\u00e4ck den kompakta, innovativa b\u00e4ddsoffan fr\u00e5n TRUUSK f\u00f6r mer komfort och flexibilitet! Denna utrymmesbesparande golvsoffa f\u00f6rvandlar varje rum till en...\" \/>\n<meta property=\"og:url\" content=\"https:\/\/truusk.store\/sv\/produkt\/truusk-golvsoffa-2-i-1-vikbar-soffa-med-kordoptik-vadderad-soffbadd-upp-till-240-kg-belastning-kramvit\/\" \/>\n<meta property=\"og:site_name\" content=\"TRUUSK - Hem, Tr\u00e4dg\u00e5rd &amp; Fritid\" \/>\n<meta property=\"article:modified_time\" content=\"2026-03-12T08:43:25+00:00\" \/>\n<meta property=\"og:image\" content=\"https:\/\/i0.wp.com\/truusk.se\/wp-content\/uploads\/2025\/06\/golvsoffa-2-i-1-vikbar-soffa-med-kordoptik-vadderad-soffbadd-upp-till-240-kg-belastning-for-vardagsrum-sovrum-kramvit-1.webp?fit=2000%2C2000&ssl=1\" \/>\n\t<meta property=\"og:image:width\" content=\"2000\" \/>\n\t<meta property=\"og:image:height\" content=\"2000\" \/>\n\t<meta property=\"og:image:type\" content=\"image\/webp\" \/>\n<meta name=\"twitter:card\" content=\"summary_large_image\" \/>\n<meta name=\"twitter:label1\" content=\"Ber\u00e4knad l\u00e4stid\" \/>\n\t<meta name=\"twitter:data1\" content=\"1 minut\" \/>\n<!-- \/ Yoast SEO plugin. -->","yoast_head_json":{"title":"TRUUSK Golvsoffa 2-i-1 - Vikbar Soffa med Kordoptik - Vadderad Soffb\u00e4dd - Upp till 240 kg Belastning - Kr\u00e4mvit - TRUUSK - Hem, Tr\u00e4dg\u00e5rd &amp; Fritid","robots":{"index":"index","follow":"follow","max-snippet":"max-snippet:-1","max-image-preview":"max-image-preview:large","max-video-preview":"max-video-preview:-1"},"canonical":"https:\/\/truusk.store\/sv\/produkt\/truusk-golvsoffa-2-i-1-vikbar-soffa-med-kordoptik-vadderad-soffbadd-upp-till-240-kg-belastning-kramvit\/","og_locale":"sv_SE","og_type":"article","og_title":"TRUUSK Golvsoffa 2-i-1 - Vikbar Soffa med Kordoptik - Vadderad Soffb\u00e4dd - Upp till 240 kg Belastning - Kr\u00e4mvit - TRUUSK - Hem, Tr\u00e4dg\u00e5rd &amp; Fritid","og_description":"Uppt\u00e4ck den kompakta, innovativa b\u00e4ddsoffan fr\u00e5n TRUUSK f\u00f6r mer komfort och flexibilitet! Denna utrymmesbesparande golvsoffa f\u00f6rvandlar varje rum till en...","og_url":"https:\/\/truusk.store\/sv\/produkt\/truusk-golvsoffa-2-i-1-vikbar-soffa-med-kordoptik-vadderad-soffbadd-upp-till-240-kg-belastning-kramvit\/","og_site_name":"TRUUSK - Hem, Tr\u00e4dg\u00e5rd &amp; Fritid","article_modified_time":"2026-03-12T08:43:25+00:00","og_image":[{"width":2000,"height":2000,"url":"https:\/\/i0.wp.com\/truusk.se\/wp-content\/uploads\/2025\/06\/golvsoffa-2-i-1-vikbar-soffa-med-kordoptik-vadderad-soffbadd-upp-till-240-kg-belastning-for-vardagsrum-sovrum-kramvit-1.webp?fit=2000%2C2000&ssl=1","type":"image\/webp"}],"twitter_card":"summary_large_image","twitter_misc":{"Ber\u00e4knad l\u00e4stid":"1 minut"},"schema":{"@context":"https:\/\/schema.org","@graph":[{"@type":"WebPage","@id":"https:\/\/truusk.store\/sv\/produkt\/truusk-golvsoffa-2-i-1-vikbar-soffa-med-kordoptik-vadderad-soffbadd-upp-till-240-kg-belastning-kramvit\/","url":"https:\/\/truusk.store\/sv\/produkt\/truusk-golvsoffa-2-i-1-vikbar-soffa-med-kordoptik-vadderad-soffbadd-upp-till-240-kg-belastning-kramvit\/","name":"TRUUSK Golvsoffa 2-i-1 - Vikbar Soffa med Kordoptik - Vadderad Soffb\u00e4dd - Upp till 240 kg Belastning - Kr\u00e4mvit - TRUUSK - Hem, Tr\u00e4dg\u00e5rd &amp; Fritid","isPartOf":{"@id":"https:\/\/truusk.store\/sv\/#website"},"primaryImageOfPage":{"@id":"https:\/\/truusk.store\/sv\/produkt\/truusk-golvsoffa-2-i-1-vikbar-soffa-med-kordoptik-vadderad-soffbadd-upp-till-240-kg-belastning-kramvit\/#primaryimage"},"image":{"@id":"https:\/\/truusk.store\/sv\/produkt\/truusk-golvsoffa-2-i-1-vikbar-soffa-med-kordoptik-vadderad-soffbadd-upp-till-240-kg-belastning-kramvit\/#primaryimage"},"thumbnailUrl":"https:\/\/i0.wp.com\/truusk.store\/wp-content\/uploads\/2025\/06\/golvsoffa-2-i-1-vikbar-soffa-med-kordoptik-vadderad-soffbadd-upp-till-240-kg-belastning-for-vardagsrum-sovrum-kramvit-1.webp?fit=2000%2C2000&ssl=1","datePublished":"2025-06-05T08:13:41+00:00","dateModified":"2026-03-12T08:43:25+00:00","breadcrumb":{"@id":"https:\/\/truusk.store\/sv\/produkt\/truusk-golvsoffa-2-i-1-vikbar-soffa-med-kordoptik-vadderad-soffbadd-upp-till-240-kg-belastning-kramvit\/#breadcrumb"},"inLanguage":"sv-SE","potentialAction":[{"@type":"ReadAction","target":["https:\/\/truusk.store\/sv\/produkt\/truusk-golvsoffa-2-i-1-vikbar-soffa-med-kordoptik-vadderad-soffbadd-upp-till-240-kg-belastning-kramvit\/"]}]},{"@type":"ImageObject","inLanguage":"sv-SE","@id":"https:\/\/truusk.store\/sv\/produkt\/truusk-golvsoffa-2-i-1-vikbar-soffa-med-kordoptik-vadderad-soffbadd-upp-till-240-kg-belastning-kramvit\/#primaryimage","url":"https:\/\/i0.wp.com\/truusk.store\/wp-content\/uploads\/2025\/06\/golvsoffa-2-i-1-vikbar-soffa-med-kordoptik-vadderad-soffbadd-upp-till-240-kg-belastning-for-vardagsrum-sovrum-kramvit-1.webp?fit=2000%2C2000&ssl=1","contentUrl":"https:\/\/i0.wp.com\/truusk.store\/wp-content\/uploads\/2025\/06\/golvsoffa-2-i-1-vikbar-soffa-med-kordoptik-vadderad-soffbadd-upp-till-240-kg-belastning-for-vardagsrum-sovrum-kramvit-1.webp?fit=2000%2C2000&ssl=1","width":2000,"height":2000},{"@type":"BreadcrumbList","@id":"https:\/\/truusk.store\/sv\/produkt\/truusk-golvsoffa-2-i-1-vikbar-soffa-med-kordoptik-vadderad-soffbadd-upp-till-240-kg-belastning-kramvit\/#breadcrumb","itemListElement":[{"@type":"ListItem","position":1,"name":"Home","item":"https:\/\/truusk.store\/sv\/"},{"@type":"ListItem","position":2,"name":"Shop","item":"https:\/\/truusk.store\/shop\/"},{"@type":"ListItem","position":3,"name":"TRUUSK Golvsoffa 2-i-1 &#8211; Vikbar Soffa med Kordoptik &#8211; Vadderad Soffb\u00e4dd &#8211; Upp till 240 kg Belastning &#8211; Kr\u00e4mvit"}]},{"@type":"WebSite","@id":"https:\/\/truusk.store\/sv\/#website","url":"https:\/\/truusk.store\/sv\/","name":"TRUUSK - Hem, Tr\u00e4dg\u00e5rd & Fritid","description":"","publisher":{"@id":"https:\/\/truusk.store\/sv\/#organization"},"potentialAction":[{"@type":"SearchAction","target":{"@type":"EntryPoint","urlTemplate":"https:\/\/truusk.store\/sv\/?s={search_term_string}"},"query-input":{"@type":"PropertyValueSpecification","valueRequired":true,"valueName":"search_term_string"}}],"inLanguage":"sv-SE"},{"@type":"Organization","@id":"https:\/\/truusk.store\/sv\/#organization","name":"TRUUSK - Hem, Tr\u00e4dg\u00e5rd & Fritid","url":"https:\/\/truusk.store\/sv\/","logo":{"@type":"ImageObject","inLanguage":"sv-SE","@id":"https:\/\/truusk.store\/sv\/#\/schema\/logo\/image\/","url":"https:\/\/i0.wp.com\/truusk.store\/wp-content\/uploads\/2026\/03\/cropped-TRUUSK.png?fit=2032%2C917&ssl=1","contentUrl":"https:\/\/i0.wp.com\/truusk.store\/wp-content\/uploads\/2026\/03\/cropped-TRUUSK.png?fit=2032%2C917&ssl=1","width":2032,"height":917,"caption":"TRUUSK - Hem, Tr\u00e4dg\u00e5rd & Fritid"},"image":{"@id":"https:\/\/truusk.store\/sv\/#\/schema\/logo\/image\/"}}]}},"jetpack_sharing_enabled":true,"_links":{"self":[{"href":"https:\/\/truusk.store\/sv\/wp-json\/wp\/v2\/product\/64323","targetHints":{"allow":["GET"]}}],"collection":[{"href":"https:\/\/truusk.store\/sv\/wp-json\/wp\/v2\/product"}],"about":[{"href":"https:\/\/truusk.store\/sv\/wp-json\/wp\/v2\/types\/product"}],"wp:featuredmedia":[{"embeddable":true,"href":"https:\/\/truusk.store\/sv\/wp-json\/wp\/v2\/media\/64314"}],"wp:attachment":[{"href":"https:\/\/truusk.store\/sv\/wp-json\/wp\/v2\/media?parent=64323"}],"wp:term":[{"taxonomy":"product_brand","embeddable":true,"href":"https:\/\/truusk.store\/sv\/wp-json\/wp\/v2\/product_brand?post=64323"},{"taxonomy":"product_cat","embeddable":true,"href":"https:\/\/truusk.store\/sv\/wp-json\/wp\/v2\/product_cat?post=64323"},{"taxonomy":"product_tag","embeddable":true,"href":"https:\/\/truusk.store\/sv\/wp-json\/wp\/v2\/product_tag?post=64323"}],"curies":[{"name":"wp","href":"https:\/\/api.w.org\/{rel}","templated":true}]}}