{"id":64333,"date":"2025-06-05T09:14:41","date_gmt":"2025-06-05T08:14:41","guid":{"rendered":"https:\/\/truusk.store\/product\/zonekiz-barnbord-med-2-stolar-barns-sittgrupp-med-1-bord-2-stolar-sott-djurmotiv-barnmobelset-for-barn-3-8-ar-gron\/"},"modified":"2026-03-12T09:45:28","modified_gmt":"2026-03-12T08:45:28","slug":"truusk-barnbord-med-2-stolar-sittgrupp-for-barn-sott-djurmotiv-for-barn-3-8-ar-gron","status":"publish","type":"product","link":"https:\/\/truusk.store\/sv\/produkt\/truusk-barnbord-med-2-stolar-sittgrupp-for-barn-sott-djurmotiv-for-barn-3-8-ar-gron\/","title":{"rendered":"TRUUSK Barnbord med 2 stolar &#8211; Sittgrupp f\u00f6r barn &#8211; S\u00f6tt djurmotiv &#8211; F\u00f6r barn 3-8 \u00e5r &#8211; Gr\u00f6n"},"content":{"rendered":"<p>Skapa en praktisk och trygg plats f\u00f6r lek och l\u00e4rande med barnsitsgruppen fr\u00e5n ZONEKIZ. Perfekt f\u00f6r barnrum och l\u00e4romr\u00e5den, fr\u00e4mjar det sj\u00e4lvst\u00e4ndighet genom praktiskt l\u00e4rande. Den bed\u00e5rande s\u00f6ta designen stimulerar fantasin och g\u00f6r barnbordet med 2 stolar helt oemotst\u00e5ndligt f\u00f6r ditt lilla hj\u00e4rta att s\u00e4tta sig ner, pyssla och spela s\u00e4llskapsspel med dig. Denna sittgrupp \u00e4r mer \u00e4n bara m\u00f6bler, den skapar varaktiga barndomsminnen!<\/p>\n<p>Beskrivning:<\/p>\n<ul>\n<li> Barnsitsgruppen best\u00e5r av 3 delar, 1 bord och 2 matchande stolar<\/li>\n<li> Idealisk h\u00f6jd f\u00f6r 3- till 8-\u00e5ringar f\u00f6r pyssel, aktiviteter, l\u00e4xor och snacks<\/li>\n<li> S\u00f6t design av barnbordet med 2 stolar ger liv och gl\u00e4dje till barnrummet<\/li>\n<li> Certifierade material och rundade kanter \u00e4r barns\u00e4kra<\/li>\n<li> Montering kr\u00e4vs<\/li>\n<\/ul>\n<p> Tekniska data:<\/p>\n<ul>\n<li> F\u00e4rg: Gr\u00f6n<\/li>\n<li> Material: MDF, tall<\/li>\n<li> Bordets dimensioner: 60L x 60B x 44H cm<\/li>\n<li> Stolens dimensioner: 26,5B x 26,5T x 50H cm<\/li>\n<li> Sitsstorlek: 26,5B x 22,5T x 26H cm<\/li>\n<li> Ryggst\u00f6dets storlek: 29L x 26B x 24,5H cm<\/li>\n<li> Belastningskapacitet: 20 kg (bord), 30 kg (stol)<\/li>\n<li> Rekommenderad \u00e5lder: 3-8 \u00e5r<\/li>\n<li> L\u00e4mplig \u00e5lder: 3+ \u00e5r<\/li>\n<\/ul>\n<p> Leveransinneh\u00e5ll:<\/p>\n<ul>\n<li> 1 x Bord<\/li>\n<li> 2 x Stol<\/li>\n<li> 1 x Bruksanvisning<\/li>\n<\/ul>\n","protected":false},"excerpt":{"rendered":"<p>Skapa en praktisk och trygg plats f\u00f6r lek och l\u00e4rande med barnsitsgruppen fr\u00e5n ZONEKIZ. Perfekt f\u00f6r barnrum och l\u00e4romr\u00e5den, fr\u00e4mjar&#8230;<\/p>\n","protected":false},"featured_media":64324,"template":"","meta":[],"product_brand":[],"product_cat":[880,631,634],"product_tag":[],"class_list":{"0":"post-64333","1":"product","2":"type-product","3":"status-publish","4":"has-post-thumbnail","6":"product_cat-baby-barn-2","7":"product_cat-barnmobler","8":"product_cat-barnsittgrupper","10":"first","11":"instock","12":"sale","13":"taxable","14":"shipping-taxable","15":"purchasable","16":"product-type-simple"},"yoast_head":"<!-- This site is optimized with the Yoast SEO plugin v25.4 - https:\/\/yoast.com\/wordpress\/plugins\/seo\/ -->\n<title>TRUUSK Barnbord med 2 stolar - Sittgrupp f\u00f6r barn - S\u00f6tt djurmotiv - F\u00f6r barn 3-8 \u00e5r - Gr\u00f6n - TRUUSK - Hem, Tr\u00e4dg\u00e5rd &amp; Fritid<\/title>\n<meta name=\"robots\" content=\"index, follow, max-snippet:-1, max-image-preview:large, max-video-preview:-1\" \/>\n<link rel=\"canonical\" href=\"https:\/\/truusk.store\/sv\/produkt\/truusk-barnbord-med-2-stolar-sittgrupp-for-barn-sott-djurmotiv-for-barn-3-8-ar-gron\/\" \/>\n<meta property=\"og:locale\" content=\"sv_SE\" \/>\n<meta property=\"og:type\" content=\"article\" \/>\n<meta property=\"og:title\" content=\"TRUUSK Barnbord med 2 stolar - Sittgrupp f\u00f6r barn - S\u00f6tt djurmotiv - F\u00f6r barn 3-8 \u00e5r - Gr\u00f6n - TRUUSK - Hem, Tr\u00e4dg\u00e5rd &amp; Fritid\" \/>\n<meta property=\"og:description\" content=\"Skapa en praktisk och trygg plats f\u00f6r lek och l\u00e4rande med barnsitsgruppen fr\u00e5n ZONEKIZ. Perfekt f\u00f6r barnrum och l\u00e4romr\u00e5den, fr\u00e4mjar...\" \/>\n<meta property=\"og:url\" content=\"https:\/\/truusk.store\/sv\/produkt\/truusk-barnbord-med-2-stolar-sittgrupp-for-barn-sott-djurmotiv-for-barn-3-8-ar-gron\/\" \/>\n<meta property=\"og:site_name\" content=\"TRUUSK - Hem, Tr\u00e4dg\u00e5rd &amp; Fritid\" \/>\n<meta property=\"article:modified_time\" content=\"2026-03-12T08:45:28+00:00\" \/>\n<meta property=\"og:image\" content=\"https:\/\/i0.wp.com\/truusk.se\/wp-content\/uploads\/2025\/06\/zonekiz-barnbord-med-2-stolar-barns-sittgrupp-med-1-bord-2-stolar-sott-djurmotiv-barnmobelset-for-barn-3-8-ar-gron-1.webp?fit=2000%2C2000&ssl=1\" \/>\n\t<meta property=\"og:image:width\" content=\"2000\" \/>\n\t<meta property=\"og:image:height\" content=\"2000\" \/>\n\t<meta property=\"og:image:type\" content=\"image\/webp\" \/>\n<meta name=\"twitter:card\" content=\"summary_large_image\" \/>\n<meta name=\"twitter:label1\" content=\"Ber\u00e4knad l\u00e4stid\" \/>\n\t<meta name=\"twitter:data1\" content=\"1 minut\" \/>\n<!-- \/ Yoast SEO plugin. -->","yoast_head_json":{"title":"TRUUSK Barnbord med 2 stolar - Sittgrupp f\u00f6r barn - S\u00f6tt djurmotiv - F\u00f6r barn 3-8 \u00e5r - Gr\u00f6n - TRUUSK - Hem, Tr\u00e4dg\u00e5rd &amp; Fritid","robots":{"index":"index","follow":"follow","max-snippet":"max-snippet:-1","max-image-preview":"max-image-preview:large","max-video-preview":"max-video-preview:-1"},"canonical":"https:\/\/truusk.store\/sv\/produkt\/truusk-barnbord-med-2-stolar-sittgrupp-for-barn-sott-djurmotiv-for-barn-3-8-ar-gron\/","og_locale":"sv_SE","og_type":"article","og_title":"TRUUSK Barnbord med 2 stolar - Sittgrupp f\u00f6r barn - S\u00f6tt djurmotiv - F\u00f6r barn 3-8 \u00e5r - Gr\u00f6n - TRUUSK - Hem, Tr\u00e4dg\u00e5rd &amp; Fritid","og_description":"Skapa en praktisk och trygg plats f\u00f6r lek och l\u00e4rande med barnsitsgruppen fr\u00e5n ZONEKIZ. Perfekt f\u00f6r barnrum och l\u00e4romr\u00e5den, fr\u00e4mjar...","og_url":"https:\/\/truusk.store\/sv\/produkt\/truusk-barnbord-med-2-stolar-sittgrupp-for-barn-sott-djurmotiv-for-barn-3-8-ar-gron\/","og_site_name":"TRUUSK - Hem, Tr\u00e4dg\u00e5rd &amp; Fritid","article_modified_time":"2026-03-12T08:45:28+00:00","og_image":[{"width":2000,"height":2000,"url":"https:\/\/i0.wp.com\/truusk.se\/wp-content\/uploads\/2025\/06\/zonekiz-barnbord-med-2-stolar-barns-sittgrupp-med-1-bord-2-stolar-sott-djurmotiv-barnmobelset-for-barn-3-8-ar-gron-1.webp?fit=2000%2C2000&ssl=1","type":"image\/webp"}],"twitter_card":"summary_large_image","twitter_misc":{"Ber\u00e4knad l\u00e4stid":"1 minut"},"schema":{"@context":"https:\/\/schema.org","@graph":[{"@type":"WebPage","@id":"https:\/\/truusk.store\/sv\/produkt\/truusk-barnbord-med-2-stolar-sittgrupp-for-barn-sott-djurmotiv-for-barn-3-8-ar-gron\/","url":"https:\/\/truusk.store\/sv\/produkt\/truusk-barnbord-med-2-stolar-sittgrupp-for-barn-sott-djurmotiv-for-barn-3-8-ar-gron\/","name":"TRUUSK Barnbord med 2 stolar - Sittgrupp f\u00f6r barn - S\u00f6tt djurmotiv - F\u00f6r barn 3-8 \u00e5r - Gr\u00f6n - TRUUSK - Hem, Tr\u00e4dg\u00e5rd &amp; Fritid","isPartOf":{"@id":"https:\/\/truusk.store\/sv\/#website"},"primaryImageOfPage":{"@id":"https:\/\/truusk.store\/sv\/produkt\/truusk-barnbord-med-2-stolar-sittgrupp-for-barn-sott-djurmotiv-for-barn-3-8-ar-gron\/#primaryimage"},"image":{"@id":"https:\/\/truusk.store\/sv\/produkt\/truusk-barnbord-med-2-stolar-sittgrupp-for-barn-sott-djurmotiv-for-barn-3-8-ar-gron\/#primaryimage"},"thumbnailUrl":"https:\/\/i0.wp.com\/truusk.store\/wp-content\/uploads\/2025\/06\/zonekiz-barnbord-med-2-stolar-barns-sittgrupp-med-1-bord-2-stolar-sott-djurmotiv-barnmobelset-for-barn-3-8-ar-gron-1.webp?fit=2000%2C2000&ssl=1","datePublished":"2025-06-05T08:14:41+00:00","dateModified":"2026-03-12T08:45:28+00:00","breadcrumb":{"@id":"https:\/\/truusk.store\/sv\/produkt\/truusk-barnbord-med-2-stolar-sittgrupp-for-barn-sott-djurmotiv-for-barn-3-8-ar-gron\/#breadcrumb"},"inLanguage":"sv-SE","potentialAction":[{"@type":"ReadAction","target":["https:\/\/truusk.store\/sv\/produkt\/truusk-barnbord-med-2-stolar-sittgrupp-for-barn-sott-djurmotiv-for-barn-3-8-ar-gron\/"]}]},{"@type":"ImageObject","inLanguage":"sv-SE","@id":"https:\/\/truusk.store\/sv\/produkt\/truusk-barnbord-med-2-stolar-sittgrupp-for-barn-sott-djurmotiv-for-barn-3-8-ar-gron\/#primaryimage","url":"https:\/\/i0.wp.com\/truusk.store\/wp-content\/uploads\/2025\/06\/zonekiz-barnbord-med-2-stolar-barns-sittgrupp-med-1-bord-2-stolar-sott-djurmotiv-barnmobelset-for-barn-3-8-ar-gron-1.webp?fit=2000%2C2000&ssl=1","contentUrl":"https:\/\/i0.wp.com\/truusk.store\/wp-content\/uploads\/2025\/06\/zonekiz-barnbord-med-2-stolar-barns-sittgrupp-med-1-bord-2-stolar-sott-djurmotiv-barnmobelset-for-barn-3-8-ar-gron-1.webp?fit=2000%2C2000&ssl=1","width":2000,"height":2000},{"@type":"BreadcrumbList","@id":"https:\/\/truusk.store\/sv\/produkt\/truusk-barnbord-med-2-stolar-sittgrupp-for-barn-sott-djurmotiv-for-barn-3-8-ar-gron\/#breadcrumb","itemListElement":[{"@type":"ListItem","position":1,"name":"Home","item":"https:\/\/truusk.store\/sv\/"},{"@type":"ListItem","position":2,"name":"Shop","item":"https:\/\/truusk.store\/shop\/"},{"@type":"ListItem","position":3,"name":"TRUUSK Barnbord med 2 stolar &#8211; Sittgrupp f\u00f6r barn &#8211; S\u00f6tt djurmotiv &#8211; F\u00f6r barn 3-8 \u00e5r &#8211; Gr\u00f6n"}]},{"@type":"WebSite","@id":"https:\/\/truusk.store\/sv\/#website","url":"https:\/\/truusk.store\/sv\/","name":"TRUUSK - Hem, Tr\u00e4dg\u00e5rd & Fritid","description":"","publisher":{"@id":"https:\/\/truusk.store\/sv\/#organization"},"potentialAction":[{"@type":"SearchAction","target":{"@type":"EntryPoint","urlTemplate":"https:\/\/truusk.store\/sv\/?s={search_term_string}"},"query-input":{"@type":"PropertyValueSpecification","valueRequired":true,"valueName":"search_term_string"}}],"inLanguage":"sv-SE"},{"@type":"Organization","@id":"https:\/\/truusk.store\/sv\/#organization","name":"TRUUSK - Hem, Tr\u00e4dg\u00e5rd & Fritid","url":"https:\/\/truusk.store\/sv\/","logo":{"@type":"ImageObject","inLanguage":"sv-SE","@id":"https:\/\/truusk.store\/sv\/#\/schema\/logo\/image\/","url":"https:\/\/i0.wp.com\/truusk.store\/wp-content\/uploads\/2026\/03\/cropped-TRUUSK.png?fit=2032%2C917&ssl=1","contentUrl":"https:\/\/i0.wp.com\/truusk.store\/wp-content\/uploads\/2026\/03\/cropped-TRUUSK.png?fit=2032%2C917&ssl=1","width":2032,"height":917,"caption":"TRUUSK - Hem, Tr\u00e4dg\u00e5rd & Fritid"},"image":{"@id":"https:\/\/truusk.store\/sv\/#\/schema\/logo\/image\/"}}]}},"jetpack_sharing_enabled":true,"_links":{"self":[{"href":"https:\/\/truusk.store\/sv\/wp-json\/wp\/v2\/product\/64333","targetHints":{"allow":["GET"]}}],"collection":[{"href":"https:\/\/truusk.store\/sv\/wp-json\/wp\/v2\/product"}],"about":[{"href":"https:\/\/truusk.store\/sv\/wp-json\/wp\/v2\/types\/product"}],"wp:featuredmedia":[{"embeddable":true,"href":"https:\/\/truusk.store\/sv\/wp-json\/wp\/v2\/media\/64324"}],"wp:attachment":[{"href":"https:\/\/truusk.store\/sv\/wp-json\/wp\/v2\/media?parent=64333"}],"wp:term":[{"taxonomy":"product_brand","embeddable":true,"href":"https:\/\/truusk.store\/sv\/wp-json\/wp\/v2\/product_brand?post=64333"},{"taxonomy":"product_cat","embeddable":true,"href":"https:\/\/truusk.store\/sv\/wp-json\/wp\/v2\/product_cat?post=64333"},{"taxonomy":"product_tag","embeddable":true,"href":"https:\/\/truusk.store\/sv\/wp-json\/wp\/v2\/product_tag?post=64333"}],"curies":[{"name":"wp","href":"https:\/\/api.w.org\/{rel}","templated":true}]}}