{"id":64363,"date":"2025-06-05T09:17:35","date_gmt":"2025-06-05T08:17:35","guid":{"rendered":"https:\/\/truusk.store\/product\/utbyggbart-matbord-hopfallbart-koksbord-med-hjul-hopfallbart-metallbord-upp-till-20-kg-belastning-for-kok-matsal-118-x-70-x-765-cm-brun\/"},"modified":"2026-03-12T08:58:11","modified_gmt":"2026-03-12T07:58:11","slug":"truusk-utbyggbart-matbord-hopfallbart-koksbord-med-hjul-metallbord-upp-till-20-kg-118-x-70-x-765-cm-for-kok-matsal","status":"publish","type":"product","link":"https:\/\/truusk.store\/sv\/produkt\/truusk-utbyggbart-matbord-hopfallbart-koksbord-med-hjul-metallbord-upp-till-20-kg-118-x-70-x-765-cm-for-kok-matsal\/","title":{"rendered":"TRUUSK Utbyggbart Matbord &#8211; Hopf\u00e4llbart K\u00f6ksbord Med Hjul &#8211; Metallbord Upp Till 20 Kg &#8211; 118 x 70 x 76,5 cm &#8211; F\u00f6r K\u00f6k, Matsal &#8211;"},"content":{"rendered":"<p>Ut\u00f6ka ditt hem stilfullt med det industriella hopf\u00e4llbara k\u00f6ksbordet fr\u00e5n TRUUSK. Tack vare den praktiska designen kan matplatsen snabbt ut\u00f6kas tack vare hjulen p\u00e5 f\u00f6tterna. M\u00e5ngsidigt anv\u00e4ndbar som matbord, skrivbord eller sminkbord. Den sl\u00e4ta ytan p\u00e5 matbordet i elegant tr\u00e4look vilar p\u00e5 en stabil metallram och erbjuder tillr\u00e4ckligt med utrymme f\u00f6r tillf\u00f6rlitlig anv\u00e4ndning.<\/p>\n<p>Beskrivning:<\/p>\n<ul>\n<li> Enkel och stilfull design av k\u00f6ksbordet, passar bra med andra m\u00f6bler<\/li>\n<li> Tack vare sin design kan detta k\u00f6ksbord ut\u00f6kas f\u00f6r att erbjuda mer utrymme<\/li>\n<li> Hjul p\u00e5 benen p\u00e5 det utdragbara matbordet f\u00f6r enkel utdragning och st\u00e4ngning<\/li>\n<li> L\u00e4mplig f\u00f6r matsalen, k\u00f6ket, studien och vardagsrummet<\/li>\n<li> Maximal belastning: 20 kg. Montering kr\u00e4vs<\/li>\n<\/ul>\n<p> Tekniska data:<\/p>\n<ul>\n<li> F\u00e4rg: Brun<\/li>\n<li> Material: Sp\u00e5nskiva, metall<\/li>\n<li> Utvecklade dimensioner: 118L x 70B x 76,5H cm<\/li>\n<li> Vikta dimensioner: 74,5L x 70B x 76,5H cm<\/li>\n<li> Belastningskapacitet: 20 kg<\/li>\n<\/ul>\n<p> Leveransinneh\u00e5ll:<\/p>\n<ul>\n<li> 1 x hopf\u00e4llbart matbord<\/li>\n<li> 1 x bruksanvisning<\/li>\n<\/ul>\n","protected":false},"excerpt":{"rendered":"<p>Ut\u00f6ka ditt hem stilfullt med det industriella hopf\u00e4llbara k\u00f6ksbordet fr\u00e5n TRUUSK. Tack vare den praktiska designen kan matplatsen snabbt ut\u00f6kas&#8230;<\/p>\n","protected":false},"featured_media":64354,"template":"","meta":[],"product_brand":[],"product_cat":[871,889,509],"product_tag":[],"class_list":{"0":"post-64363","1":"product","2":"type-product","3":"status-publish","4":"has-post-thumbnail","6":"product_cat-hus-hem","7":"product_cat-kok-matsal","8":"product_cat-matbord","10":"first","11":"instock","12":"sale","13":"taxable","14":"shipping-taxable","15":"purchasable","16":"product-type-simple"},"yoast_head":"<!-- This site is optimized with the Yoast SEO plugin v25.4 - https:\/\/yoast.com\/wordpress\/plugins\/seo\/ -->\n<title>TRUUSK Utbyggbart Matbord - Hopf\u00e4llbart K\u00f6ksbord Med Hjul - Metallbord Upp Till 20 Kg - 118 x 70 x 76,5 cm - F\u00f6r K\u00f6k, Matsal - TRUUSK - Hem, Tr\u00e4dg\u00e5rd &amp; Fritid<\/title>\n<meta name=\"robots\" content=\"index, follow, max-snippet:-1, max-image-preview:large, max-video-preview:-1\" \/>\n<link rel=\"canonical\" href=\"https:\/\/truusk.store\/sv\/produkt\/truusk-utbyggbart-matbord-hopfallbart-koksbord-med-hjul-metallbord-upp-till-20-kg-118-x-70-x-765-cm-for-kok-matsal\/\" \/>\n<meta property=\"og:locale\" content=\"sv_SE\" \/>\n<meta property=\"og:type\" content=\"article\" \/>\n<meta property=\"og:title\" content=\"TRUUSK Utbyggbart Matbord - Hopf\u00e4llbart K\u00f6ksbord Med Hjul - Metallbord Upp Till 20 Kg - 118 x 70 x 76,5 cm - F\u00f6r K\u00f6k, Matsal - TRUUSK - Hem, Tr\u00e4dg\u00e5rd &amp; Fritid\" \/>\n<meta property=\"og:description\" content=\"Ut\u00f6ka ditt hem stilfullt med det industriella hopf\u00e4llbara k\u00f6ksbordet fr\u00e5n TRUUSK. Tack vare den praktiska designen kan matplatsen snabbt ut\u00f6kas...\" \/>\n<meta property=\"og:url\" content=\"https:\/\/truusk.store\/sv\/produkt\/truusk-utbyggbart-matbord-hopfallbart-koksbord-med-hjul-metallbord-upp-till-20-kg-118-x-70-x-765-cm-for-kok-matsal\/\" \/>\n<meta property=\"og:site_name\" content=\"TRUUSK - Hem, Tr\u00e4dg\u00e5rd &amp; Fritid\" \/>\n<meta property=\"article:modified_time\" content=\"2026-03-12T07:58:11+00:00\" \/>\n<meta property=\"og:image\" content=\"https:\/\/i0.wp.com\/truusk.se\/wp-content\/uploads\/2025\/06\/utbyggbart-matbord-hopfallbart-koksbord-med-hjul-hopfallbart-metallbord-upp-till-20-kg-belastning-for-kok-matsal-118-x-70-x-765-cm-brun-1.webp?fit=2000%2C2000&ssl=1\" \/>\n\t<meta property=\"og:image:width\" content=\"2000\" \/>\n\t<meta property=\"og:image:height\" content=\"2000\" \/>\n\t<meta property=\"og:image:type\" content=\"image\/webp\" \/>\n<meta name=\"twitter:card\" content=\"summary_large_image\" \/>\n<meta name=\"twitter:label1\" content=\"Ber\u00e4knad l\u00e4stid\" \/>\n\t<meta name=\"twitter:data1\" content=\"1 minut\" \/>\n<!-- \/ Yoast SEO plugin. -->","yoast_head_json":{"title":"TRUUSK Utbyggbart Matbord - Hopf\u00e4llbart K\u00f6ksbord Med Hjul - Metallbord Upp Till 20 Kg - 118 x 70 x 76,5 cm - F\u00f6r K\u00f6k, Matsal - TRUUSK - Hem, Tr\u00e4dg\u00e5rd &amp; Fritid","robots":{"index":"index","follow":"follow","max-snippet":"max-snippet:-1","max-image-preview":"max-image-preview:large","max-video-preview":"max-video-preview:-1"},"canonical":"https:\/\/truusk.store\/sv\/produkt\/truusk-utbyggbart-matbord-hopfallbart-koksbord-med-hjul-metallbord-upp-till-20-kg-118-x-70-x-765-cm-for-kok-matsal\/","og_locale":"sv_SE","og_type":"article","og_title":"TRUUSK Utbyggbart Matbord - Hopf\u00e4llbart K\u00f6ksbord Med Hjul - Metallbord Upp Till 20 Kg - 118 x 70 x 76,5 cm - F\u00f6r K\u00f6k, Matsal - TRUUSK - Hem, Tr\u00e4dg\u00e5rd &amp; Fritid","og_description":"Ut\u00f6ka ditt hem stilfullt med det industriella hopf\u00e4llbara k\u00f6ksbordet fr\u00e5n TRUUSK. Tack vare den praktiska designen kan matplatsen snabbt ut\u00f6kas...","og_url":"https:\/\/truusk.store\/sv\/produkt\/truusk-utbyggbart-matbord-hopfallbart-koksbord-med-hjul-metallbord-upp-till-20-kg-118-x-70-x-765-cm-for-kok-matsal\/","og_site_name":"TRUUSK - Hem, Tr\u00e4dg\u00e5rd &amp; Fritid","article_modified_time":"2026-03-12T07:58:11+00:00","og_image":[{"width":2000,"height":2000,"url":"https:\/\/i0.wp.com\/truusk.se\/wp-content\/uploads\/2025\/06\/utbyggbart-matbord-hopfallbart-koksbord-med-hjul-hopfallbart-metallbord-upp-till-20-kg-belastning-for-kok-matsal-118-x-70-x-765-cm-brun-1.webp?fit=2000%2C2000&ssl=1","type":"image\/webp"}],"twitter_card":"summary_large_image","twitter_misc":{"Ber\u00e4knad l\u00e4stid":"1 minut"},"schema":{"@context":"https:\/\/schema.org","@graph":[{"@type":"WebPage","@id":"https:\/\/truusk.store\/sv\/produkt\/truusk-utbyggbart-matbord-hopfallbart-koksbord-med-hjul-metallbord-upp-till-20-kg-118-x-70-x-765-cm-for-kok-matsal\/","url":"https:\/\/truusk.store\/sv\/produkt\/truusk-utbyggbart-matbord-hopfallbart-koksbord-med-hjul-metallbord-upp-till-20-kg-118-x-70-x-765-cm-for-kok-matsal\/","name":"TRUUSK Utbyggbart Matbord - Hopf\u00e4llbart K\u00f6ksbord Med Hjul - Metallbord Upp Till 20 Kg - 118 x 70 x 76,5 cm - F\u00f6r K\u00f6k, Matsal - TRUUSK - Hem, Tr\u00e4dg\u00e5rd &amp; Fritid","isPartOf":{"@id":"https:\/\/truusk.store\/sv\/#website"},"primaryImageOfPage":{"@id":"https:\/\/truusk.store\/sv\/produkt\/truusk-utbyggbart-matbord-hopfallbart-koksbord-med-hjul-metallbord-upp-till-20-kg-118-x-70-x-765-cm-for-kok-matsal\/#primaryimage"},"image":{"@id":"https:\/\/truusk.store\/sv\/produkt\/truusk-utbyggbart-matbord-hopfallbart-koksbord-med-hjul-metallbord-upp-till-20-kg-118-x-70-x-765-cm-for-kok-matsal\/#primaryimage"},"thumbnailUrl":"https:\/\/i0.wp.com\/truusk.store\/wp-content\/uploads\/2025\/06\/utbyggbart-matbord-hopfallbart-koksbord-med-hjul-hopfallbart-metallbord-upp-till-20-kg-belastning-for-kok-matsal-118-x-70-x-765-cm-brun-1.webp?fit=2000%2C2000&ssl=1","datePublished":"2025-06-05T08:17:35+00:00","dateModified":"2026-03-12T07:58:11+00:00","breadcrumb":{"@id":"https:\/\/truusk.store\/sv\/produkt\/truusk-utbyggbart-matbord-hopfallbart-koksbord-med-hjul-metallbord-upp-till-20-kg-118-x-70-x-765-cm-for-kok-matsal\/#breadcrumb"},"inLanguage":"sv-SE","potentialAction":[{"@type":"ReadAction","target":["https:\/\/truusk.store\/sv\/produkt\/truusk-utbyggbart-matbord-hopfallbart-koksbord-med-hjul-metallbord-upp-till-20-kg-118-x-70-x-765-cm-for-kok-matsal\/"]}]},{"@type":"ImageObject","inLanguage":"sv-SE","@id":"https:\/\/truusk.store\/sv\/produkt\/truusk-utbyggbart-matbord-hopfallbart-koksbord-med-hjul-metallbord-upp-till-20-kg-118-x-70-x-765-cm-for-kok-matsal\/#primaryimage","url":"https:\/\/i0.wp.com\/truusk.store\/wp-content\/uploads\/2025\/06\/utbyggbart-matbord-hopfallbart-koksbord-med-hjul-hopfallbart-metallbord-upp-till-20-kg-belastning-for-kok-matsal-118-x-70-x-765-cm-brun-1.webp?fit=2000%2C2000&ssl=1","contentUrl":"https:\/\/i0.wp.com\/truusk.store\/wp-content\/uploads\/2025\/06\/utbyggbart-matbord-hopfallbart-koksbord-med-hjul-hopfallbart-metallbord-upp-till-20-kg-belastning-for-kok-matsal-118-x-70-x-765-cm-brun-1.webp?fit=2000%2C2000&ssl=1","width":2000,"height":2000},{"@type":"BreadcrumbList","@id":"https:\/\/truusk.store\/sv\/produkt\/truusk-utbyggbart-matbord-hopfallbart-koksbord-med-hjul-metallbord-upp-till-20-kg-118-x-70-x-765-cm-for-kok-matsal\/#breadcrumb","itemListElement":[{"@type":"ListItem","position":1,"name":"Home","item":"https:\/\/truusk.store\/sv\/"},{"@type":"ListItem","position":2,"name":"Shop","item":"https:\/\/truusk.store\/shop\/"},{"@type":"ListItem","position":3,"name":"TRUUSK Utbyggbart Matbord &#8211; Hopf\u00e4llbart K\u00f6ksbord Med Hjul &#8211; Metallbord Upp Till 20 Kg &#8211; 118 x 70 x 76,5 cm &#8211; F\u00f6r K\u00f6k, Matsal &#8211;"}]},{"@type":"WebSite","@id":"https:\/\/truusk.store\/sv\/#website","url":"https:\/\/truusk.store\/sv\/","name":"TRUUSK - Hem, Tr\u00e4dg\u00e5rd & Fritid","description":"","publisher":{"@id":"https:\/\/truusk.store\/sv\/#organization"},"potentialAction":[{"@type":"SearchAction","target":{"@type":"EntryPoint","urlTemplate":"https:\/\/truusk.store\/sv\/?s={search_term_string}"},"query-input":{"@type":"PropertyValueSpecification","valueRequired":true,"valueName":"search_term_string"}}],"inLanguage":"sv-SE"},{"@type":"Organization","@id":"https:\/\/truusk.store\/sv\/#organization","name":"TRUUSK - Hem, Tr\u00e4dg\u00e5rd & Fritid","url":"https:\/\/truusk.store\/sv\/","logo":{"@type":"ImageObject","inLanguage":"sv-SE","@id":"https:\/\/truusk.store\/sv\/#\/schema\/logo\/image\/","url":"https:\/\/i0.wp.com\/truusk.store\/wp-content\/uploads\/2026\/03\/cropped-TRUUSK.png?fit=2032%2C917&ssl=1","contentUrl":"https:\/\/i0.wp.com\/truusk.store\/wp-content\/uploads\/2026\/03\/cropped-TRUUSK.png?fit=2032%2C917&ssl=1","width":2032,"height":917,"caption":"TRUUSK - Hem, Tr\u00e4dg\u00e5rd & Fritid"},"image":{"@id":"https:\/\/truusk.store\/sv\/#\/schema\/logo\/image\/"}}]}},"jetpack_sharing_enabled":true,"_links":{"self":[{"href":"https:\/\/truusk.store\/sv\/wp-json\/wp\/v2\/product\/64363","targetHints":{"allow":["GET"]}}],"collection":[{"href":"https:\/\/truusk.store\/sv\/wp-json\/wp\/v2\/product"}],"about":[{"href":"https:\/\/truusk.store\/sv\/wp-json\/wp\/v2\/types\/product"}],"wp:featuredmedia":[{"embeddable":true,"href":"https:\/\/truusk.store\/sv\/wp-json\/wp\/v2\/media\/64354"}],"wp:attachment":[{"href":"https:\/\/truusk.store\/sv\/wp-json\/wp\/v2\/media?parent=64363"}],"wp:term":[{"taxonomy":"product_brand","embeddable":true,"href":"https:\/\/truusk.store\/sv\/wp-json\/wp\/v2\/product_brand?post=64363"},{"taxonomy":"product_cat","embeddable":true,"href":"https:\/\/truusk.store\/sv\/wp-json\/wp\/v2\/product_cat?post=64363"},{"taxonomy":"product_tag","embeddable":true,"href":"https:\/\/truusk.store\/sv\/wp-json\/wp\/v2\/product_tag?post=64363"}],"curies":[{"name":"wp","href":"https:\/\/api.w.org\/{rel}","templated":true}]}}