{"id":6440,"date":"2024-02-13T08:26:15","date_gmt":"2024-02-13T07:26:15","guid":{"rendered":"https:\/\/truusk.store\/product\/hund-rocker-hund-agility-rocker-valp-leksak-hundsport-180-x-30-x-30-cm\/"},"modified":"2026-03-12T08:55:17","modified_gmt":"2026-03-12T07:55:17","slug":"truusk-hund-agility-rocker-180-x-30-x-30-cm-leksak-for-valpar-hundsport-robust-och-hallbar","status":"publish","type":"product","link":"https:\/\/truusk.store\/sv\/produkt\/truusk-hund-agility-rocker-180-x-30-x-30-cm-leksak-for-valpar-hundsport-robust-och-hallbar\/","title":{"rendered":"TRUUSK Hund Agility Rocker 180 x 30 x 30 cm &#8211; Leksak f\u00f6r valpar &#8211; Hundsport &#8211; Robust och h\u00e5llbar"},"content":{"rendered":"<p>Bra hundrocker i tr\u00e4 och perfekt f\u00f6r att komma ig\u00e5ng med agilityhundsporter! \u00d6vningarna p\u00e5 gungbr\u00e4dan \u00f6kar hundens balans, fingerf\u00e4rdighet och koordination.<\/p>\n<h3>Beskrivning:<\/h3>\n<ul>\n<li>Mycket praktisk agility tr\u00e4ningsutrustning<\/li>\n<li>Fr\u00e4mjar hundarnas balanssinne<\/li>\n<li>Stabil stomme av glaserat tr\u00e4<\/li>\n<li>Anti-halkbel\u00e4ggning s\u00e4kerst\u00e4ller ett s\u00e4kert grepp<\/li>\n<li>Enkel konstruktion<\/li>\n<li>L\u00e4tt att transportera<\/li>\n<\/ul>\n<h3>Teknisk data:<\/h3>\n<ul>\n<li>M\u00e5tt: 180 x 30 x 30 cm<\/li>\n<li>Material: gran<\/li>\n<li>Vikt: 6kg<\/li>\n<li>Max lastkapacitet: ca 50 kg<\/li>\n<li>F\u00e4rg: gr\u00f6n + brun<\/li>\n<\/ul>\n<h3>Leveransens omfattning:<\/h3>\n<ul>\n<li>1 x rocker<\/li>\n<\/ul>\n","protected":false},"excerpt":{"rendered":"<p>Bra hundrocker i tr\u00e4 och perfekt f\u00f6r att komma ig\u00e5ng med agilityhundsporter! \u00d6vningarna p\u00e5 gungbr\u00e4dan \u00f6kar hundens balans, fingerf\u00e4rdighet och&#8230;<\/p>\n","protected":false},"featured_media":6441,"template":"","meta":[],"product_brand":[],"product_cat":[578,574,573],"product_tag":[],"class_list":{"0":"post-6440","1":"product","2":"type-product","3":"status-publish","4":"has-post-thumbnail","6":"product_cat-agility-set","7":"product_cat-hundtillbehor","8":"product_cat-husdjursmaterial","10":"first","11":"instock","12":"sale","13":"taxable","14":"shipping-taxable","15":"purchasable","16":"product-type-simple"},"yoast_head":"<!-- This site is optimized with the Yoast SEO plugin v25.4 - https:\/\/yoast.com\/wordpress\/plugins\/seo\/ -->\n<title>TRUUSK Hund Agility Rocker 180 x 30 x 30 cm - Leksak f\u00f6r valpar - Hundsport - Robust och h\u00e5llbar - TRUUSK - Hem, Tr\u00e4dg\u00e5rd &amp; Fritid<\/title>\n<meta name=\"robots\" content=\"index, follow, max-snippet:-1, max-image-preview:large, max-video-preview:-1\" \/>\n<link rel=\"canonical\" href=\"https:\/\/truusk.store\/sv\/produkt\/truusk-hund-agility-rocker-180-x-30-x-30-cm-leksak-for-valpar-hundsport-robust-och-hallbar\/\" \/>\n<meta property=\"og:locale\" content=\"sv_SE\" \/>\n<meta property=\"og:type\" content=\"article\" \/>\n<meta property=\"og:title\" content=\"TRUUSK Hund Agility Rocker 180 x 30 x 30 cm - Leksak f\u00f6r valpar - Hundsport - Robust och h\u00e5llbar - TRUUSK - Hem, Tr\u00e4dg\u00e5rd &amp; Fritid\" \/>\n<meta property=\"og:description\" content=\"Bra hundrocker i tr\u00e4 och perfekt f\u00f6r att komma ig\u00e5ng med agilityhundsporter! \u00d6vningarna p\u00e5 gungbr\u00e4dan \u00f6kar hundens balans, fingerf\u00e4rdighet och...\" \/>\n<meta property=\"og:url\" content=\"https:\/\/truusk.store\/sv\/produkt\/truusk-hund-agility-rocker-180-x-30-x-30-cm-leksak-for-valpar-hundsport-robust-och-hallbar\/\" \/>\n<meta property=\"og:site_name\" content=\"TRUUSK - Hem, Tr\u00e4dg\u00e5rd &amp; Fritid\" \/>\n<meta property=\"article:modified_time\" content=\"2026-03-12T07:55:17+00:00\" \/>\n<meta property=\"og:image\" content=\"https:\/\/i0.wp.com\/truusk.se\/wp-content\/uploads\/2024\/02\/hund-rocker-hund-agility-rocker-valp-leksak-hundsport-180-x-30-x-30-cm.webp?fit=800%2C800&ssl=1\" \/>\n\t<meta property=\"og:image:width\" content=\"800\" \/>\n\t<meta property=\"og:image:height\" content=\"800\" \/>\n\t<meta property=\"og:image:type\" content=\"image\/webp\" \/>\n<meta name=\"twitter:card\" content=\"summary_large_image\" \/>\n<!-- \/ Yoast SEO plugin. -->","yoast_head_json":{"title":"TRUUSK Hund Agility Rocker 180 x 30 x 30 cm - Leksak f\u00f6r valpar - Hundsport - Robust och h\u00e5llbar - TRUUSK - Hem, Tr\u00e4dg\u00e5rd &amp; Fritid","robots":{"index":"index","follow":"follow","max-snippet":"max-snippet:-1","max-image-preview":"max-image-preview:large","max-video-preview":"max-video-preview:-1"},"canonical":"https:\/\/truusk.store\/sv\/produkt\/truusk-hund-agility-rocker-180-x-30-x-30-cm-leksak-for-valpar-hundsport-robust-och-hallbar\/","og_locale":"sv_SE","og_type":"article","og_title":"TRUUSK Hund Agility Rocker 180 x 30 x 30 cm - Leksak f\u00f6r valpar - Hundsport - Robust och h\u00e5llbar - TRUUSK - Hem, Tr\u00e4dg\u00e5rd &amp; Fritid","og_description":"Bra hundrocker i tr\u00e4 och perfekt f\u00f6r att komma ig\u00e5ng med agilityhundsporter! \u00d6vningarna p\u00e5 gungbr\u00e4dan \u00f6kar hundens balans, fingerf\u00e4rdighet och...","og_url":"https:\/\/truusk.store\/sv\/produkt\/truusk-hund-agility-rocker-180-x-30-x-30-cm-leksak-for-valpar-hundsport-robust-och-hallbar\/","og_site_name":"TRUUSK - Hem, Tr\u00e4dg\u00e5rd &amp; Fritid","article_modified_time":"2026-03-12T07:55:17+00:00","og_image":[{"width":800,"height":800,"url":"https:\/\/i0.wp.com\/truusk.se\/wp-content\/uploads\/2024\/02\/hund-rocker-hund-agility-rocker-valp-leksak-hundsport-180-x-30-x-30-cm.webp?fit=800%2C800&ssl=1","type":"image\/webp"}],"twitter_card":"summary_large_image","schema":{"@context":"https:\/\/schema.org","@graph":[{"@type":"WebPage","@id":"https:\/\/truusk.store\/sv\/produkt\/truusk-hund-agility-rocker-180-x-30-x-30-cm-leksak-for-valpar-hundsport-robust-och-hallbar\/","url":"https:\/\/truusk.store\/sv\/produkt\/truusk-hund-agility-rocker-180-x-30-x-30-cm-leksak-for-valpar-hundsport-robust-och-hallbar\/","name":"TRUUSK Hund Agility Rocker 180 x 30 x 30 cm - Leksak f\u00f6r valpar - Hundsport - Robust och h\u00e5llbar - TRUUSK - Hem, Tr\u00e4dg\u00e5rd &amp; Fritid","isPartOf":{"@id":"https:\/\/truusk.store\/sv\/#website"},"primaryImageOfPage":{"@id":"https:\/\/truusk.store\/sv\/produkt\/truusk-hund-agility-rocker-180-x-30-x-30-cm-leksak-for-valpar-hundsport-robust-och-hallbar\/#primaryimage"},"image":{"@id":"https:\/\/truusk.store\/sv\/produkt\/truusk-hund-agility-rocker-180-x-30-x-30-cm-leksak-for-valpar-hundsport-robust-och-hallbar\/#primaryimage"},"thumbnailUrl":"https:\/\/i0.wp.com\/truusk.store\/wp-content\/uploads\/2024\/02\/hund-rocker-hund-agility-rocker-valp-leksak-hundsport-180-x-30-x-30-cm.webp?fit=800%2C800&ssl=1","datePublished":"2024-02-13T07:26:15+00:00","dateModified":"2026-03-12T07:55:17+00:00","breadcrumb":{"@id":"https:\/\/truusk.store\/sv\/produkt\/truusk-hund-agility-rocker-180-x-30-x-30-cm-leksak-for-valpar-hundsport-robust-och-hallbar\/#breadcrumb"},"inLanguage":"sv-SE","potentialAction":[{"@type":"ReadAction","target":["https:\/\/truusk.store\/sv\/produkt\/truusk-hund-agility-rocker-180-x-30-x-30-cm-leksak-for-valpar-hundsport-robust-och-hallbar\/"]}]},{"@type":"ImageObject","inLanguage":"sv-SE","@id":"https:\/\/truusk.store\/sv\/produkt\/truusk-hund-agility-rocker-180-x-30-x-30-cm-leksak-for-valpar-hundsport-robust-och-hallbar\/#primaryimage","url":"https:\/\/i0.wp.com\/truusk.store\/wp-content\/uploads\/2024\/02\/hund-rocker-hund-agility-rocker-valp-leksak-hundsport-180-x-30-x-30-cm.webp?fit=800%2C800&ssl=1","contentUrl":"https:\/\/i0.wp.com\/truusk.store\/wp-content\/uploads\/2024\/02\/hund-rocker-hund-agility-rocker-valp-leksak-hundsport-180-x-30-x-30-cm.webp?fit=800%2C800&ssl=1","width":800,"height":800,"caption":"Hund Rocker Hund Agility Rocker Valp Leksak Hundsport 180 X 30 X 30 Cm 1"},{"@type":"BreadcrumbList","@id":"https:\/\/truusk.store\/sv\/produkt\/truusk-hund-agility-rocker-180-x-30-x-30-cm-leksak-for-valpar-hundsport-robust-och-hallbar\/#breadcrumb","itemListElement":[{"@type":"ListItem","position":1,"name":"Home","item":"https:\/\/truusk.store\/sv\/"},{"@type":"ListItem","position":2,"name":"Shop","item":"https:\/\/truusk.store\/shop\/"},{"@type":"ListItem","position":3,"name":"TRUUSK Hund Agility Rocker 180 x 30 x 30 cm &#8211; Leksak f\u00f6r valpar &#8211; Hundsport &#8211; Robust och h\u00e5llbar"}]},{"@type":"WebSite","@id":"https:\/\/truusk.store\/sv\/#website","url":"https:\/\/truusk.store\/sv\/","name":"TRUUSK - Hem, Tr\u00e4dg\u00e5rd & Fritid","description":"","publisher":{"@id":"https:\/\/truusk.store\/sv\/#organization"},"potentialAction":[{"@type":"SearchAction","target":{"@type":"EntryPoint","urlTemplate":"https:\/\/truusk.store\/sv\/?s={search_term_string}"},"query-input":{"@type":"PropertyValueSpecification","valueRequired":true,"valueName":"search_term_string"}}],"inLanguage":"sv-SE"},{"@type":"Organization","@id":"https:\/\/truusk.store\/sv\/#organization","name":"TRUUSK - Hem, Tr\u00e4dg\u00e5rd & Fritid","url":"https:\/\/truusk.store\/sv\/","logo":{"@type":"ImageObject","inLanguage":"sv-SE","@id":"https:\/\/truusk.store\/sv\/#\/schema\/logo\/image\/","url":"https:\/\/i0.wp.com\/truusk.store\/wp-content\/uploads\/2026\/03\/cropped-TRUUSK.png?fit=2032%2C917&ssl=1","contentUrl":"https:\/\/i0.wp.com\/truusk.store\/wp-content\/uploads\/2026\/03\/cropped-TRUUSK.png?fit=2032%2C917&ssl=1","width":2032,"height":917,"caption":"TRUUSK - Hem, Tr\u00e4dg\u00e5rd & Fritid"},"image":{"@id":"https:\/\/truusk.store\/sv\/#\/schema\/logo\/image\/"}}]}},"jetpack_sharing_enabled":true,"_links":{"self":[{"href":"https:\/\/truusk.store\/sv\/wp-json\/wp\/v2\/product\/6440","targetHints":{"allow":["GET"]}}],"collection":[{"href":"https:\/\/truusk.store\/sv\/wp-json\/wp\/v2\/product"}],"about":[{"href":"https:\/\/truusk.store\/sv\/wp-json\/wp\/v2\/types\/product"}],"wp:featuredmedia":[{"embeddable":true,"href":"https:\/\/truusk.store\/sv\/wp-json\/wp\/v2\/media\/6441"}],"wp:attachment":[{"href":"https:\/\/truusk.store\/sv\/wp-json\/wp\/v2\/media?parent=6440"}],"wp:term":[{"taxonomy":"product_brand","embeddable":true,"href":"https:\/\/truusk.store\/sv\/wp-json\/wp\/v2\/product_brand?post=6440"},{"taxonomy":"product_cat","embeddable":true,"href":"https:\/\/truusk.store\/sv\/wp-json\/wp\/v2\/product_cat?post=6440"},{"taxonomy":"product_tag","embeddable":true,"href":"https:\/\/truusk.store\/sv\/wp-json\/wp\/v2\/product_tag?post=6440"}],"curies":[{"name":"wp","href":"https:\/\/api.w.org\/{rel}","templated":true}]}}