{"id":64403,"date":"2025-06-05T09:21:35","date_gmt":"2025-06-05T08:21:35","guid":{"rendered":"https:\/\/truusk.store\/product\/konsolbord-hallbord-med-stalben-sidobord-i-industriell-stil-dekorationsbord-for-hall-for-korridor-ingang-kontor-stal-120-x-35-x-75-cm-brun\/"},"modified":"2026-03-12T08:59:17","modified_gmt":"2026-03-12T07:59:17","slug":"truusk-konsolbord-i-industriell-stil-med-stalben-for-hall-och-korridor-120-x-35-x-75-cm-brun","status":"publish","type":"product","link":"https:\/\/truusk.store\/sv\/produkt\/truusk-konsolbord-i-industriell-stil-med-stalben-for-hall-och-korridor-120-x-35-x-75-cm-brun\/","title":{"rendered":"TRUUSK Konsolbord i Industriell Stil &#8211; Med St\u00e5lben &#8211; F\u00f6r Hall och Korridor &#8211; 120 x 35 x 75 cm &#8211; Brun"},"content":{"rendered":"<p>Den h\u00e4r stiliga och funktionella vintagekonsolbordet fr\u00e5n TRUUSK \u00e4r ett i\u00f6gonfallande m\u00f6bel som s\u00e4tter en h\u00f6jdpunkt i varje hem. Det gener\u00f6sa hallbordet i din hall erbjuder plats f\u00f6r foton, dekorationsartiklar, nycklar eller \u00f6rh\u00e4ngen, medan det \u00f6ppna utrymmet under \u00e4r idealiskt f\u00f6r flera f\u00f6rvaringsl\u00e5dor eller skor. Ta in industriell chic i vardagsrummet, sovrummet och entr\u00e9n.<\/p>\n<p>Beskrivning:<\/p>\n<ul>\n<li> Industriell stil, l\u00e4mplig f\u00f6r entr\u00e9, vardagsrum och sovrum<\/li>\n<li> Kan anv\u00e4ndas som hallbord, soffbord, konsolbord och mycket mer<\/li>\n<li> Ett bord och \u00f6ppet utrymme under hallbordet f\u00f6r f\u00f6rvaring av nycklar, foton och l\u00e5dor<\/li>\n<li> Nedre tv\u00e4rst\u00e4nger och unika sidost\u00e4nger med linjem\u00f6nster f\u00f6r \u00f6kad stabilitet<\/li>\n<li> Kombinerar en metallram och ett bord med tr\u00e4textur<\/li>\n<li> Anti-tip-remmar s\u00e4krar hallbordet till v\u00e4ggen f\u00f6r extra s\u00e4kerhet<\/li>\n<li> Montering kr\u00e4vs<\/li>\n<\/ul>\n<p> Tekniska data:<\/p>\n<ul>\n<li> F\u00e4rg: Brun<\/li>\n<li> Material: Sp\u00e5nskiva, metall<\/li>\n<li> Totala dimensioner: 120L x 35B x 75H cm<\/li>\n<li> Nedre zon: 116L x 33B x 73H cm<\/li>\n<li> B\u00e4rkapacitet: 25 kg<\/li>\n<\/ul>\n<p> Leveransinneh\u00e5ll:<\/p>\n<ul>\n<li> 1 x Konsolbord<\/li>\n<li> 1 x Handbok<\/li>\n<\/ul>\n","protected":false},"excerpt":{"rendered":"<p>Den h\u00e4r stiliga och funktionella vintagekonsolbordet fr\u00e5n TRUUSK \u00e4r ett i\u00f6gonfallande m\u00f6bel som s\u00e4tter en h\u00f6jdpunkt i varje hem. Det&#8230;<\/p>\n","protected":false},"featured_media":64394,"template":"","meta":[],"product_brand":[],"product_cat":[893,871,514],"product_tag":[],"class_list":{"0":"post-64403","1":"product","2":"type-product","3":"status-publish","4":"has-post-thumbnail","6":"product_cat-garderob-hall","7":"product_cat-hus-hem","8":"product_cat-konsolbord","10":"first","11":"instock","12":"sale","13":"taxable","14":"shipping-taxable","15":"purchasable","16":"product-type-simple"},"yoast_head":"<!-- This site is optimized with the Yoast SEO plugin v25.4 - https:\/\/yoast.com\/wordpress\/plugins\/seo\/ -->\n<title>TRUUSK Konsolbord i Industriell Stil - Med St\u00e5lben - F\u00f6r Hall och Korridor - 120 x 35 x 75 cm - Brun - TRUUSK - Hem, Tr\u00e4dg\u00e5rd &amp; Fritid<\/title>\n<meta name=\"robots\" content=\"index, follow, max-snippet:-1, max-image-preview:large, max-video-preview:-1\" \/>\n<link rel=\"canonical\" href=\"https:\/\/truusk.store\/sv\/produkt\/truusk-konsolbord-i-industriell-stil-med-stalben-for-hall-och-korridor-120-x-35-x-75-cm-brun\/\" \/>\n<meta property=\"og:locale\" content=\"sv_SE\" \/>\n<meta property=\"og:type\" content=\"article\" \/>\n<meta property=\"og:title\" content=\"TRUUSK Konsolbord i Industriell Stil - Med St\u00e5lben - F\u00f6r Hall och Korridor - 120 x 35 x 75 cm - Brun - TRUUSK - Hem, Tr\u00e4dg\u00e5rd &amp; Fritid\" \/>\n<meta property=\"og:description\" content=\"Den h\u00e4r stiliga och funktionella vintagekonsolbordet fr\u00e5n TRUUSK \u00e4r ett i\u00f6gonfallande m\u00f6bel som s\u00e4tter en h\u00f6jdpunkt i varje hem. Det...\" \/>\n<meta property=\"og:url\" content=\"https:\/\/truusk.store\/sv\/produkt\/truusk-konsolbord-i-industriell-stil-med-stalben-for-hall-och-korridor-120-x-35-x-75-cm-brun\/\" \/>\n<meta property=\"og:site_name\" content=\"TRUUSK - Hem, Tr\u00e4dg\u00e5rd &amp; Fritid\" \/>\n<meta property=\"article:modified_time\" content=\"2026-03-12T07:59:17+00:00\" \/>\n<meta property=\"og:image\" content=\"https:\/\/i0.wp.com\/truusk.se\/wp-content\/uploads\/2025\/06\/konsolbord-hallbord-med-stalben-sidobord-i-industriell-stil-dekorationsbord-for-hall-for-korridor-ingang-kontor-stal-120-x-35-x-75-cm-brun-1.webp?fit=2000%2C2000&ssl=1\" \/>\n\t<meta property=\"og:image:width\" content=\"2000\" \/>\n\t<meta property=\"og:image:height\" content=\"2000\" \/>\n\t<meta property=\"og:image:type\" content=\"image\/webp\" \/>\n<meta name=\"twitter:card\" content=\"summary_large_image\" \/>\n<meta name=\"twitter:label1\" content=\"Ber\u00e4knad l\u00e4stid\" \/>\n\t<meta name=\"twitter:data1\" content=\"1 minut\" \/>\n<!-- \/ Yoast SEO plugin. -->","yoast_head_json":{"title":"TRUUSK Konsolbord i Industriell Stil - Med St\u00e5lben - F\u00f6r Hall och Korridor - 120 x 35 x 75 cm - Brun - TRUUSK - Hem, Tr\u00e4dg\u00e5rd &amp; Fritid","robots":{"index":"index","follow":"follow","max-snippet":"max-snippet:-1","max-image-preview":"max-image-preview:large","max-video-preview":"max-video-preview:-1"},"canonical":"https:\/\/truusk.store\/sv\/produkt\/truusk-konsolbord-i-industriell-stil-med-stalben-for-hall-och-korridor-120-x-35-x-75-cm-brun\/","og_locale":"sv_SE","og_type":"article","og_title":"TRUUSK Konsolbord i Industriell Stil - Med St\u00e5lben - F\u00f6r Hall och Korridor - 120 x 35 x 75 cm - Brun - TRUUSK - Hem, Tr\u00e4dg\u00e5rd &amp; Fritid","og_description":"Den h\u00e4r stiliga och funktionella vintagekonsolbordet fr\u00e5n TRUUSK \u00e4r ett i\u00f6gonfallande m\u00f6bel som s\u00e4tter en h\u00f6jdpunkt i varje hem. Det...","og_url":"https:\/\/truusk.store\/sv\/produkt\/truusk-konsolbord-i-industriell-stil-med-stalben-for-hall-och-korridor-120-x-35-x-75-cm-brun\/","og_site_name":"TRUUSK - Hem, Tr\u00e4dg\u00e5rd &amp; Fritid","article_modified_time":"2026-03-12T07:59:17+00:00","og_image":[{"width":2000,"height":2000,"url":"https:\/\/i0.wp.com\/truusk.se\/wp-content\/uploads\/2025\/06\/konsolbord-hallbord-med-stalben-sidobord-i-industriell-stil-dekorationsbord-for-hall-for-korridor-ingang-kontor-stal-120-x-35-x-75-cm-brun-1.webp?fit=2000%2C2000&ssl=1","type":"image\/webp"}],"twitter_card":"summary_large_image","twitter_misc":{"Ber\u00e4knad l\u00e4stid":"1 minut"},"schema":{"@context":"https:\/\/schema.org","@graph":[{"@type":"WebPage","@id":"https:\/\/truusk.store\/sv\/produkt\/truusk-konsolbord-i-industriell-stil-med-stalben-for-hall-och-korridor-120-x-35-x-75-cm-brun\/","url":"https:\/\/truusk.store\/sv\/produkt\/truusk-konsolbord-i-industriell-stil-med-stalben-for-hall-och-korridor-120-x-35-x-75-cm-brun\/","name":"TRUUSK Konsolbord i Industriell Stil - Med St\u00e5lben - F\u00f6r Hall och Korridor - 120 x 35 x 75 cm - Brun - TRUUSK - Hem, Tr\u00e4dg\u00e5rd &amp; Fritid","isPartOf":{"@id":"https:\/\/truusk.store\/sv\/#website"},"primaryImageOfPage":{"@id":"https:\/\/truusk.store\/sv\/produkt\/truusk-konsolbord-i-industriell-stil-med-stalben-for-hall-och-korridor-120-x-35-x-75-cm-brun\/#primaryimage"},"image":{"@id":"https:\/\/truusk.store\/sv\/produkt\/truusk-konsolbord-i-industriell-stil-med-stalben-for-hall-och-korridor-120-x-35-x-75-cm-brun\/#primaryimage"},"thumbnailUrl":"https:\/\/i0.wp.com\/truusk.store\/wp-content\/uploads\/2025\/06\/konsolbord-hallbord-med-stalben-sidobord-i-industriell-stil-dekorationsbord-for-hall-for-korridor-ingang-kontor-stal-120-x-35-x-75-cm-brun-1.webp?fit=2000%2C2000&ssl=1","datePublished":"2025-06-05T08:21:35+00:00","dateModified":"2026-03-12T07:59:17+00:00","breadcrumb":{"@id":"https:\/\/truusk.store\/sv\/produkt\/truusk-konsolbord-i-industriell-stil-med-stalben-for-hall-och-korridor-120-x-35-x-75-cm-brun\/#breadcrumb"},"inLanguage":"sv-SE","potentialAction":[{"@type":"ReadAction","target":["https:\/\/truusk.store\/sv\/produkt\/truusk-konsolbord-i-industriell-stil-med-stalben-for-hall-och-korridor-120-x-35-x-75-cm-brun\/"]}]},{"@type":"ImageObject","inLanguage":"sv-SE","@id":"https:\/\/truusk.store\/sv\/produkt\/truusk-konsolbord-i-industriell-stil-med-stalben-for-hall-och-korridor-120-x-35-x-75-cm-brun\/#primaryimage","url":"https:\/\/i0.wp.com\/truusk.store\/wp-content\/uploads\/2025\/06\/konsolbord-hallbord-med-stalben-sidobord-i-industriell-stil-dekorationsbord-for-hall-for-korridor-ingang-kontor-stal-120-x-35-x-75-cm-brun-1.webp?fit=2000%2C2000&ssl=1","contentUrl":"https:\/\/i0.wp.com\/truusk.store\/wp-content\/uploads\/2025\/06\/konsolbord-hallbord-med-stalben-sidobord-i-industriell-stil-dekorationsbord-for-hall-for-korridor-ingang-kontor-stal-120-x-35-x-75-cm-brun-1.webp?fit=2000%2C2000&ssl=1","width":2000,"height":2000},{"@type":"BreadcrumbList","@id":"https:\/\/truusk.store\/sv\/produkt\/truusk-konsolbord-i-industriell-stil-med-stalben-for-hall-och-korridor-120-x-35-x-75-cm-brun\/#breadcrumb","itemListElement":[{"@type":"ListItem","position":1,"name":"Home","item":"https:\/\/truusk.store\/sv\/"},{"@type":"ListItem","position":2,"name":"Shop","item":"https:\/\/truusk.store\/shop\/"},{"@type":"ListItem","position":3,"name":"TRUUSK Konsolbord i Industriell Stil &#8211; Med St\u00e5lben &#8211; F\u00f6r Hall och Korridor &#8211; 120 x 35 x 75 cm &#8211; Brun"}]},{"@type":"WebSite","@id":"https:\/\/truusk.store\/sv\/#website","url":"https:\/\/truusk.store\/sv\/","name":"TRUUSK - Hem, Tr\u00e4dg\u00e5rd & Fritid","description":"","publisher":{"@id":"https:\/\/truusk.store\/sv\/#organization"},"potentialAction":[{"@type":"SearchAction","target":{"@type":"EntryPoint","urlTemplate":"https:\/\/truusk.store\/sv\/?s={search_term_string}"},"query-input":{"@type":"PropertyValueSpecification","valueRequired":true,"valueName":"search_term_string"}}],"inLanguage":"sv-SE"},{"@type":"Organization","@id":"https:\/\/truusk.store\/sv\/#organization","name":"TRUUSK - Hem, Tr\u00e4dg\u00e5rd & Fritid","url":"https:\/\/truusk.store\/sv\/","logo":{"@type":"ImageObject","inLanguage":"sv-SE","@id":"https:\/\/truusk.store\/sv\/#\/schema\/logo\/image\/","url":"https:\/\/i0.wp.com\/truusk.store\/wp-content\/uploads\/2026\/03\/cropped-TRUUSK.png?fit=2032%2C917&ssl=1","contentUrl":"https:\/\/i0.wp.com\/truusk.store\/wp-content\/uploads\/2026\/03\/cropped-TRUUSK.png?fit=2032%2C917&ssl=1","width":2032,"height":917,"caption":"TRUUSK - Hem, Tr\u00e4dg\u00e5rd & Fritid"},"image":{"@id":"https:\/\/truusk.store\/sv\/#\/schema\/logo\/image\/"}}]}},"jetpack_sharing_enabled":true,"_links":{"self":[{"href":"https:\/\/truusk.store\/sv\/wp-json\/wp\/v2\/product\/64403","targetHints":{"allow":["GET"]}}],"collection":[{"href":"https:\/\/truusk.store\/sv\/wp-json\/wp\/v2\/product"}],"about":[{"href":"https:\/\/truusk.store\/sv\/wp-json\/wp\/v2\/types\/product"}],"wp:featuredmedia":[{"embeddable":true,"href":"https:\/\/truusk.store\/sv\/wp-json\/wp\/v2\/media\/64394"}],"wp:attachment":[{"href":"https:\/\/truusk.store\/sv\/wp-json\/wp\/v2\/media?parent=64403"}],"wp:term":[{"taxonomy":"product_brand","embeddable":true,"href":"https:\/\/truusk.store\/sv\/wp-json\/wp\/v2\/product_brand?post=64403"},{"taxonomy":"product_cat","embeddable":true,"href":"https:\/\/truusk.store\/sv\/wp-json\/wp\/v2\/product_cat?post=64403"},{"taxonomy":"product_tag","embeddable":true,"href":"https:\/\/truusk.store\/sv\/wp-json\/wp\/v2\/product_tag?post=64403"}],"curies":[{"name":"wp","href":"https:\/\/api.w.org\/{rel}","templated":true}]}}