{"id":64473,"date":"2025-06-05T09:28:40","date_gmt":"2025-06-05T08:28:40","guid":{"rendered":"https:\/\/truusk.store\/product\/hojdjusterbart-badrumsskap-badrumsskap-i-bambu-badrumsmobler-med-skap-tva-oppna-hyllor-for-badrum-ca-33-x-30-x-120-cm-naturligt-tra\/"},"modified":"2026-03-12T09:14:18","modified_gmt":"2026-03-12T08:14:18","slug":"truusk-justerbart-badrumsskap-i-bambu-tva-oppna-hyllor-naturligt-tra-33-x-30-x-120-cm-for-badrum","status":"publish","type":"product","link":"https:\/\/truusk.store\/sv\/produkt\/truusk-justerbart-badrumsskap-i-bambu-tva-oppna-hyllor-naturligt-tra-33-x-30-x-120-cm-for-badrum\/","title":{"rendered":"TRUUSK Justerbart Badrumssk\u00e5p i Bambu &#8211; Tv\u00e5 \u00d6ppna Hyllor &#8211; Naturligt Tr\u00e4 &#8211; 33 x 30 x 120 cm &#8211; F\u00f6r Badrum"},"content":{"rendered":"<p>Beh\u00f6ver du mer plats i badrummet? Detta TRUUSK badrumsh\u00f6gsk\u00e5p \u00e4r underbart kompakt och utnyttjar h\u00f6rnomr\u00e5den optimalt. S\u00e5ledes erbjuder toalettsk\u00e5pet praktiskt f\u00f6rvaringsutrymme f\u00f6r hygienartiklar, reng\u00f6ringsmedel eller handdukar. Tillverkad av naturlig bambu, detta badrumsm\u00f6bel motst\u00e5r fukt och v\u00e4rme utan problem. Med denna m\u00f6bel har du allt du beh\u00f6ver alltid till hands.<\/p>\n<p>Beskrivning:<\/p>\n<ul>\n<li> 2 \u00f6ppna hyllplan och ett sk\u00e5pfack f\u00f6r att ge dig gott om utrymme<\/li>\n<li> Yttre hyllplan av flerfunktionssk\u00e5pet \u00e4r 3-stegs och inre hyllplan \u00e4r justerbart i 5 steg<\/li>\n<li> Lamelld\u00f6rr p\u00e5 sidobordet f\u00f6r ventilation<\/li>\n<li> Stabil konstruktion av naturlig bambu<\/li>\n<li> Tipp-s\u00e4kert design av f\u00f6rvaringssk\u00e5pet f\u00f6r stabilitet<\/li>\n<li> Golvavst\u00e5nd f\u00f6r att undvika \u00f6versv\u00e4mningar<\/li>\n<li> Montering kr\u00e4vs<\/li>\n<\/ul>\n<p> Tekniska data:<\/p>\n<ul>\n<li> F\u00e4rg: Naturtr\u00e4<\/li>\n<li> Material: Bambu<\/li>\n<li> Totala dimensioner: 32,9L x 29,9B x 120H cm<\/li>\n<li> Dimensioner \u00f6ppet hyllplan: 32L x 29B x 47H cm<\/li>\n<li> Inre dimensioner sk\u00e5pfack: 30L x 28B x 62H cm<\/li>\n<li> Golvavst\u00e5nd: 6 cm<\/li>\n<li> B\u00e4rkapacitet: 20 kg (totalt), 5 kg (per hyllplan)<\/li>\n<\/ul>\n<p> Leveransinneh\u00e5ll:<\/p>\n<ul>\n<li> 1 x Badrumshylla<\/li>\n<li> 1 x Handbok<\/li>\n<\/ul>\n","protected":false},"excerpt":{"rendered":"<p>Beh\u00f6ver du mer plats i badrummet? Detta TRUUSK badrumsh\u00f6gsk\u00e5p \u00e4r underbart kompakt och utnyttjar h\u00f6rnomr\u00e5den optimalt. S\u00e5ledes erbjuder toalettsk\u00e5pet praktiskt&#8230;<\/p>\n","protected":false},"featured_media":64464,"template":"","meta":[],"product_brand":[],"product_cat":[915,549,871],"product_tag":[],"class_list":{"0":"post-64473","1":"product","2":"type-product","3":"status-publish","4":"has-post-thumbnail","6":"product_cat-badrum","7":"product_cat-badrumshyllor","8":"product_cat-hus-hem","10":"first","11":"instock","12":"sale","13":"taxable","14":"shipping-taxable","15":"purchasable","16":"product-type-simple"},"yoast_head":"<!-- This site is optimized with the Yoast SEO plugin v25.4 - https:\/\/yoast.com\/wordpress\/plugins\/seo\/ -->\n<title>TRUUSK Justerbart Badrumssk\u00e5p i Bambu - Tv\u00e5 \u00d6ppna Hyllor - Naturligt Tr\u00e4 - 33 x 30 x 120 cm - F\u00f6r Badrum - TRUUSK - Hem, Tr\u00e4dg\u00e5rd &amp; Fritid<\/title>\n<meta name=\"robots\" content=\"index, follow, max-snippet:-1, max-image-preview:large, max-video-preview:-1\" \/>\n<link rel=\"canonical\" href=\"https:\/\/truusk.store\/sv\/produkt\/truusk-justerbart-badrumsskap-i-bambu-tva-oppna-hyllor-naturligt-tra-33-x-30-x-120-cm-for-badrum\/\" \/>\n<meta property=\"og:locale\" content=\"sv_SE\" \/>\n<meta property=\"og:type\" content=\"article\" \/>\n<meta property=\"og:title\" content=\"TRUUSK Justerbart Badrumssk\u00e5p i Bambu - Tv\u00e5 \u00d6ppna Hyllor - Naturligt Tr\u00e4 - 33 x 30 x 120 cm - F\u00f6r Badrum - TRUUSK - Hem, Tr\u00e4dg\u00e5rd &amp; Fritid\" \/>\n<meta property=\"og:description\" content=\"Beh\u00f6ver du mer plats i badrummet? Detta TRUUSK badrumsh\u00f6gsk\u00e5p \u00e4r underbart kompakt och utnyttjar h\u00f6rnomr\u00e5den optimalt. S\u00e5ledes erbjuder toalettsk\u00e5pet praktiskt...\" \/>\n<meta property=\"og:url\" content=\"https:\/\/truusk.store\/sv\/produkt\/truusk-justerbart-badrumsskap-i-bambu-tva-oppna-hyllor-naturligt-tra-33-x-30-x-120-cm-for-badrum\/\" \/>\n<meta property=\"og:site_name\" content=\"TRUUSK - Hem, Tr\u00e4dg\u00e5rd &amp; Fritid\" \/>\n<meta property=\"article:modified_time\" content=\"2026-03-12T08:14:18+00:00\" \/>\n<meta property=\"og:image\" content=\"https:\/\/i0.wp.com\/truusk.se\/wp-content\/uploads\/2025\/06\/hojdjusterbart-badrumsskap-badrumsskap-i-bambu-badrumsmobler-med-skap-tva-oppna-hyllor-for-badrum-ca-33-x-30-x-120-cm-naturligt-tra-1.webp?fit=2000%2C2000&ssl=1\" \/>\n\t<meta property=\"og:image:width\" content=\"2000\" \/>\n\t<meta property=\"og:image:height\" content=\"2000\" \/>\n\t<meta property=\"og:image:type\" content=\"image\/webp\" \/>\n<meta name=\"twitter:card\" content=\"summary_large_image\" \/>\n<meta name=\"twitter:label1\" content=\"Ber\u00e4knad l\u00e4stid\" \/>\n\t<meta name=\"twitter:data1\" content=\"1 minut\" \/>\n<!-- \/ Yoast SEO plugin. -->","yoast_head_json":{"title":"TRUUSK Justerbart Badrumssk\u00e5p i Bambu - Tv\u00e5 \u00d6ppna Hyllor - Naturligt Tr\u00e4 - 33 x 30 x 120 cm - F\u00f6r Badrum - TRUUSK - Hem, Tr\u00e4dg\u00e5rd &amp; Fritid","robots":{"index":"index","follow":"follow","max-snippet":"max-snippet:-1","max-image-preview":"max-image-preview:large","max-video-preview":"max-video-preview:-1"},"canonical":"https:\/\/truusk.store\/sv\/produkt\/truusk-justerbart-badrumsskap-i-bambu-tva-oppna-hyllor-naturligt-tra-33-x-30-x-120-cm-for-badrum\/","og_locale":"sv_SE","og_type":"article","og_title":"TRUUSK Justerbart Badrumssk\u00e5p i Bambu - Tv\u00e5 \u00d6ppna Hyllor - Naturligt Tr\u00e4 - 33 x 30 x 120 cm - F\u00f6r Badrum - TRUUSK - Hem, Tr\u00e4dg\u00e5rd &amp; Fritid","og_description":"Beh\u00f6ver du mer plats i badrummet? Detta TRUUSK badrumsh\u00f6gsk\u00e5p \u00e4r underbart kompakt och utnyttjar h\u00f6rnomr\u00e5den optimalt. S\u00e5ledes erbjuder toalettsk\u00e5pet praktiskt...","og_url":"https:\/\/truusk.store\/sv\/produkt\/truusk-justerbart-badrumsskap-i-bambu-tva-oppna-hyllor-naturligt-tra-33-x-30-x-120-cm-for-badrum\/","og_site_name":"TRUUSK - Hem, Tr\u00e4dg\u00e5rd &amp; Fritid","article_modified_time":"2026-03-12T08:14:18+00:00","og_image":[{"width":2000,"height":2000,"url":"https:\/\/i0.wp.com\/truusk.se\/wp-content\/uploads\/2025\/06\/hojdjusterbart-badrumsskap-badrumsskap-i-bambu-badrumsmobler-med-skap-tva-oppna-hyllor-for-badrum-ca-33-x-30-x-120-cm-naturligt-tra-1.webp?fit=2000%2C2000&ssl=1","type":"image\/webp"}],"twitter_card":"summary_large_image","twitter_misc":{"Ber\u00e4knad l\u00e4stid":"1 minut"},"schema":{"@context":"https:\/\/schema.org","@graph":[{"@type":"WebPage","@id":"https:\/\/truusk.store\/sv\/produkt\/truusk-justerbart-badrumsskap-i-bambu-tva-oppna-hyllor-naturligt-tra-33-x-30-x-120-cm-for-badrum\/","url":"https:\/\/truusk.store\/sv\/produkt\/truusk-justerbart-badrumsskap-i-bambu-tva-oppna-hyllor-naturligt-tra-33-x-30-x-120-cm-for-badrum\/","name":"TRUUSK Justerbart Badrumssk\u00e5p i Bambu - Tv\u00e5 \u00d6ppna Hyllor - Naturligt Tr\u00e4 - 33 x 30 x 120 cm - F\u00f6r Badrum - TRUUSK - Hem, Tr\u00e4dg\u00e5rd &amp; Fritid","isPartOf":{"@id":"https:\/\/truusk.store\/sv\/#website"},"primaryImageOfPage":{"@id":"https:\/\/truusk.store\/sv\/produkt\/truusk-justerbart-badrumsskap-i-bambu-tva-oppna-hyllor-naturligt-tra-33-x-30-x-120-cm-for-badrum\/#primaryimage"},"image":{"@id":"https:\/\/truusk.store\/sv\/produkt\/truusk-justerbart-badrumsskap-i-bambu-tva-oppna-hyllor-naturligt-tra-33-x-30-x-120-cm-for-badrum\/#primaryimage"},"thumbnailUrl":"https:\/\/i0.wp.com\/truusk.store\/wp-content\/uploads\/2025\/06\/hojdjusterbart-badrumsskap-badrumsskap-i-bambu-badrumsmobler-med-skap-tva-oppna-hyllor-for-badrum-ca-33-x-30-x-120-cm-naturligt-tra-1.webp?fit=2000%2C2000&ssl=1","datePublished":"2025-06-05T08:28:40+00:00","dateModified":"2026-03-12T08:14:18+00:00","breadcrumb":{"@id":"https:\/\/truusk.store\/sv\/produkt\/truusk-justerbart-badrumsskap-i-bambu-tva-oppna-hyllor-naturligt-tra-33-x-30-x-120-cm-for-badrum\/#breadcrumb"},"inLanguage":"sv-SE","potentialAction":[{"@type":"ReadAction","target":["https:\/\/truusk.store\/sv\/produkt\/truusk-justerbart-badrumsskap-i-bambu-tva-oppna-hyllor-naturligt-tra-33-x-30-x-120-cm-for-badrum\/"]}]},{"@type":"ImageObject","inLanguage":"sv-SE","@id":"https:\/\/truusk.store\/sv\/produkt\/truusk-justerbart-badrumsskap-i-bambu-tva-oppna-hyllor-naturligt-tra-33-x-30-x-120-cm-for-badrum\/#primaryimage","url":"https:\/\/i0.wp.com\/truusk.store\/wp-content\/uploads\/2025\/06\/hojdjusterbart-badrumsskap-badrumsskap-i-bambu-badrumsmobler-med-skap-tva-oppna-hyllor-for-badrum-ca-33-x-30-x-120-cm-naturligt-tra-1.webp?fit=2000%2C2000&ssl=1","contentUrl":"https:\/\/i0.wp.com\/truusk.store\/wp-content\/uploads\/2025\/06\/hojdjusterbart-badrumsskap-badrumsskap-i-bambu-badrumsmobler-med-skap-tva-oppna-hyllor-for-badrum-ca-33-x-30-x-120-cm-naturligt-tra-1.webp?fit=2000%2C2000&ssl=1","width":2000,"height":2000},{"@type":"BreadcrumbList","@id":"https:\/\/truusk.store\/sv\/produkt\/truusk-justerbart-badrumsskap-i-bambu-tva-oppna-hyllor-naturligt-tra-33-x-30-x-120-cm-for-badrum\/#breadcrumb","itemListElement":[{"@type":"ListItem","position":1,"name":"Home","item":"https:\/\/truusk.store\/sv\/"},{"@type":"ListItem","position":2,"name":"Shop","item":"https:\/\/truusk.store\/shop\/"},{"@type":"ListItem","position":3,"name":"TRUUSK Justerbart Badrumssk\u00e5p i Bambu &#8211; Tv\u00e5 \u00d6ppna Hyllor &#8211; Naturligt Tr\u00e4 &#8211; 33 x 30 x 120 cm &#8211; F\u00f6r Badrum"}]},{"@type":"WebSite","@id":"https:\/\/truusk.store\/sv\/#website","url":"https:\/\/truusk.store\/sv\/","name":"TRUUSK - Hem, Tr\u00e4dg\u00e5rd & Fritid","description":"","publisher":{"@id":"https:\/\/truusk.store\/sv\/#organization"},"potentialAction":[{"@type":"SearchAction","target":{"@type":"EntryPoint","urlTemplate":"https:\/\/truusk.store\/sv\/?s={search_term_string}"},"query-input":{"@type":"PropertyValueSpecification","valueRequired":true,"valueName":"search_term_string"}}],"inLanguage":"sv-SE"},{"@type":"Organization","@id":"https:\/\/truusk.store\/sv\/#organization","name":"TRUUSK - Hem, Tr\u00e4dg\u00e5rd & Fritid","url":"https:\/\/truusk.store\/sv\/","logo":{"@type":"ImageObject","inLanguage":"sv-SE","@id":"https:\/\/truusk.store\/sv\/#\/schema\/logo\/image\/","url":"https:\/\/i0.wp.com\/truusk.store\/wp-content\/uploads\/2026\/03\/cropped-TRUUSK.png?fit=2032%2C917&ssl=1","contentUrl":"https:\/\/i0.wp.com\/truusk.store\/wp-content\/uploads\/2026\/03\/cropped-TRUUSK.png?fit=2032%2C917&ssl=1","width":2032,"height":917,"caption":"TRUUSK - Hem, Tr\u00e4dg\u00e5rd & Fritid"},"image":{"@id":"https:\/\/truusk.store\/sv\/#\/schema\/logo\/image\/"}}]}},"jetpack_sharing_enabled":true,"_links":{"self":[{"href":"https:\/\/truusk.store\/sv\/wp-json\/wp\/v2\/product\/64473","targetHints":{"allow":["GET"]}}],"collection":[{"href":"https:\/\/truusk.store\/sv\/wp-json\/wp\/v2\/product"}],"about":[{"href":"https:\/\/truusk.store\/sv\/wp-json\/wp\/v2\/types\/product"}],"wp:featuredmedia":[{"embeddable":true,"href":"https:\/\/truusk.store\/sv\/wp-json\/wp\/v2\/media\/64464"}],"wp:attachment":[{"href":"https:\/\/truusk.store\/sv\/wp-json\/wp\/v2\/media?parent=64473"}],"wp:term":[{"taxonomy":"product_brand","embeddable":true,"href":"https:\/\/truusk.store\/sv\/wp-json\/wp\/v2\/product_brand?post=64473"},{"taxonomy":"product_cat","embeddable":true,"href":"https:\/\/truusk.store\/sv\/wp-json\/wp\/v2\/product_cat?post=64473"},{"taxonomy":"product_tag","embeddable":true,"href":"https:\/\/truusk.store\/sv\/wp-json\/wp\/v2\/product_tag?post=64473"}],"curies":[{"name":"wp","href":"https:\/\/api.w.org\/{rel}","templated":true}]}}