{"id":6450,"date":"2024-02-13T08:26:29","date_gmt":"2024-02-13T07:26:29","guid":{"rendered":"https:\/\/truusk.store\/product\/ridhast-lekhast-plyschhast-lekhast-for-barn-staende-hast-med-ljudbeige-85-x-28-x-60-cm\/"},"modified":"2026-03-12T08:55:17","modified_gmt":"2026-03-12T07:55:17","slug":"truusk-ridhast-lekhast-plyschhast-for-barn-staende-med-ljud-beige-85-x-28-x-60-cm","status":"publish","type":"product","link":"https:\/\/truusk.store\/sv\/produkt\/truusk-ridhast-lekhast-plyschhast-for-barn-staende-med-ljud-beige-85-x-28-x-60-cm\/","title":{"rendered":"TRUUSK Ridh\u00e4st Lekh\u00e4st Plyschh\u00e4st &#8211; F\u00f6r Barn &#8211; St\u00e5ende med Ljud &#8211; Beige &#8211; 85 x 28 x 60 cm"},"content":{"rendered":"<p>Hej hopp! L\u00e5t oss g\u00e5 i galopp. Fr\u00e5n barnrummet till vardagsrummet rider ditt barn p\u00e5 sin trogna v\u00e4n. Nya, roliga \u00e4ventyr v\u00e4ntar bara p\u00e5 att tas ut. F\u00f6r \u00e4ldre h\u00e4st\u00e4lskare \u00e4r v\u00e5r st\u00e5plyschh\u00e4st en lojal f\u00f6ljeslagare. P\u00e5 grund av sin storlek \u00e4r den idealisk f\u00f6r lite \u00e4ldre barn och ger mycket skoj in i huset. Manen och svansen \u00e4r behagligt mjuka. Och p\u00e4lsen \u00e4r gjord av mysig plysch. Detta f\u00f6rhindrar inte bara skador utan g\u00f6r ocks\u00e5 att stryka dubbelt s\u00e5 trevligt. F\u00f6r att potentiella avkommor fortfarande ska kunna njuta av din nya h\u00e4st \u00e4r ramen gjord av robust metall. Denna t\u00e5l mycket och t\u00e5l l\u00e4tt \u00e4ven vildare \u00e5k.<\/p>\n<h3>Beskrivning:<\/h3>\n<ul>\n<li>Traditionell leksak med ljud<\/li>\n<li>Ett bra komplement till din familj eller barnrum<\/li>\n<li>Slitstark, l\u00e4tt ram<\/li>\n<li>Supermjukt vadderad kropp och bekv\u00e4m sadel f\u00f6r att f\u00f6rhindra skador<\/li>\n<li>Med stigbyglar f\u00f6r extra komfort<\/li>\n<li>L\u00e4mplig f\u00f6r barn fr\u00e5n 3 \u00e5r och upp\u00e5t<\/li>\n<li>Kr\u00e4ver 2 x AA-batterier (batterier ing\u00e5r)<\/li>\n<\/ul>\n<h3>Teknisk data:<\/h3>\n<ul>\n<li>\u00d6vergripande m\u00e5tt: L85 x B28 x H60 cm<\/li>\n<li>Sitth\u00f6jd: 48 cm<\/li>\n<li>Max lastkapacitet: 60kg<\/li>\n<li>F\u00e4rg beige<\/li>\n<li>Material: plysch, metall, PP-bomull<\/li>\n<li>REKOMMENDERAD \u00c5LDER: L\u00e4mplig f\u00f6r barn fr\u00e5n 3 \u00e5r och upp\u00e5t<\/li>\n<\/ul>\n<h3>Leveransens omfattning:<\/h3>\n<ul>\n<li>1 x gungh\u00e4st<\/li>\n<li>2 x AA-batterier<\/li>\n<li>1 x Artikelinstruktioner<\/li>\n<li>Varning: Anv\u00e4nd under direkt uppsikt av en vuxen.<\/li>\n<li>Ej l\u00e4mplig f\u00f6r barn under tre \u00e5r. Risk f\u00f6r kv\u00e4vning p\u00e5 grund av sm\u00e5 delar som kan sv\u00e4ljas.<\/li>\n<\/ul>\n","protected":false},"excerpt":{"rendered":"<p>Hej hopp! L\u00e5t oss g\u00e5 i galopp. Fr\u00e5n barnrummet till vardagsrummet rider ditt barn p\u00e5 sin trogna v\u00e4n. Nya, roliga&#8230;<\/p>\n","protected":false},"featured_media":6451,"template":"","meta":[],"product_brand":[],"product_cat":[609,625,624],"product_tag":[],"class_list":{"0":"post-6450","1":"product","2":"type-product","3":"status-publish","4":"has-post-thumbnail","6":"product_cat-baby-barn","7":"product_cat-gungande-djur","8":"product_cat-leksak","10":"first","11":"instock","12":"sale","13":"taxable","14":"shipping-taxable","15":"purchasable","16":"product-type-simple"},"yoast_head":"<!-- This site is optimized with the Yoast SEO plugin v25.4 - https:\/\/yoast.com\/wordpress\/plugins\/seo\/ -->\n<title>TRUUSK Ridh\u00e4st Lekh\u00e4st Plyschh\u00e4st - F\u00f6r Barn - St\u00e5ende med Ljud - Beige - 85 x 28 x 60 cm - TRUUSK - Hem, Tr\u00e4dg\u00e5rd &amp; Fritid<\/title>\n<meta name=\"robots\" content=\"index, follow, max-snippet:-1, max-image-preview:large, max-video-preview:-1\" \/>\n<link rel=\"canonical\" href=\"https:\/\/truusk.store\/sv\/produkt\/truusk-ridhast-lekhast-plyschhast-for-barn-staende-med-ljud-beige-85-x-28-x-60-cm\/\" \/>\n<meta property=\"og:locale\" content=\"sv_SE\" \/>\n<meta property=\"og:type\" content=\"article\" \/>\n<meta property=\"og:title\" content=\"TRUUSK Ridh\u00e4st Lekh\u00e4st Plyschh\u00e4st - F\u00f6r Barn - St\u00e5ende med Ljud - Beige - 85 x 28 x 60 cm - TRUUSK - Hem, Tr\u00e4dg\u00e5rd &amp; Fritid\" \/>\n<meta property=\"og:description\" content=\"Hej hopp! L\u00e5t oss g\u00e5 i galopp. Fr\u00e5n barnrummet till vardagsrummet rider ditt barn p\u00e5 sin trogna v\u00e4n. Nya, roliga...\" \/>\n<meta property=\"og:url\" content=\"https:\/\/truusk.store\/sv\/produkt\/truusk-ridhast-lekhast-plyschhast-for-barn-staende-med-ljud-beige-85-x-28-x-60-cm\/\" \/>\n<meta property=\"og:site_name\" content=\"TRUUSK - Hem, Tr\u00e4dg\u00e5rd &amp; Fritid\" \/>\n<meta property=\"article:modified_time\" content=\"2026-03-12T07:55:17+00:00\" \/>\n<meta property=\"og:image\" content=\"https:\/\/i0.wp.com\/truusk.se\/wp-content\/uploads\/2024\/02\/ridhast-lekhast-plyschhast-lekhast-for-barn-staende-hast-med-ljudbeige-85-x-28-x-60-cm.webp?fit=800%2C800&ssl=1\" \/>\n\t<meta property=\"og:image:width\" content=\"800\" \/>\n\t<meta property=\"og:image:height\" content=\"800\" \/>\n\t<meta property=\"og:image:type\" content=\"image\/webp\" \/>\n<meta name=\"twitter:card\" content=\"summary_large_image\" \/>\n<meta name=\"twitter:label1\" content=\"Ber\u00e4knad l\u00e4stid\" \/>\n\t<meta name=\"twitter:data1\" content=\"1 minut\" \/>\n<!-- \/ Yoast SEO plugin. -->","yoast_head_json":{"title":"TRUUSK Ridh\u00e4st Lekh\u00e4st Plyschh\u00e4st - F\u00f6r Barn - St\u00e5ende med Ljud - Beige - 85 x 28 x 60 cm - TRUUSK - Hem, Tr\u00e4dg\u00e5rd &amp; Fritid","robots":{"index":"index","follow":"follow","max-snippet":"max-snippet:-1","max-image-preview":"max-image-preview:large","max-video-preview":"max-video-preview:-1"},"canonical":"https:\/\/truusk.store\/sv\/produkt\/truusk-ridhast-lekhast-plyschhast-for-barn-staende-med-ljud-beige-85-x-28-x-60-cm\/","og_locale":"sv_SE","og_type":"article","og_title":"TRUUSK Ridh\u00e4st Lekh\u00e4st Plyschh\u00e4st - F\u00f6r Barn - St\u00e5ende med Ljud - Beige - 85 x 28 x 60 cm - TRUUSK - Hem, Tr\u00e4dg\u00e5rd &amp; Fritid","og_description":"Hej hopp! L\u00e5t oss g\u00e5 i galopp. Fr\u00e5n barnrummet till vardagsrummet rider ditt barn p\u00e5 sin trogna v\u00e4n. Nya, roliga...","og_url":"https:\/\/truusk.store\/sv\/produkt\/truusk-ridhast-lekhast-plyschhast-for-barn-staende-med-ljud-beige-85-x-28-x-60-cm\/","og_site_name":"TRUUSK - Hem, Tr\u00e4dg\u00e5rd &amp; Fritid","article_modified_time":"2026-03-12T07:55:17+00:00","og_image":[{"width":800,"height":800,"url":"https:\/\/i0.wp.com\/truusk.se\/wp-content\/uploads\/2024\/02\/ridhast-lekhast-plyschhast-lekhast-for-barn-staende-hast-med-ljudbeige-85-x-28-x-60-cm.webp?fit=800%2C800&ssl=1","type":"image\/webp"}],"twitter_card":"summary_large_image","twitter_misc":{"Ber\u00e4knad l\u00e4stid":"1 minut"},"schema":{"@context":"https:\/\/schema.org","@graph":[{"@type":"WebPage","@id":"https:\/\/truusk.store\/sv\/produkt\/truusk-ridhast-lekhast-plyschhast-for-barn-staende-med-ljud-beige-85-x-28-x-60-cm\/","url":"https:\/\/truusk.store\/sv\/produkt\/truusk-ridhast-lekhast-plyschhast-for-barn-staende-med-ljud-beige-85-x-28-x-60-cm\/","name":"TRUUSK Ridh\u00e4st Lekh\u00e4st Plyschh\u00e4st - F\u00f6r Barn - St\u00e5ende med Ljud - Beige - 85 x 28 x 60 cm - TRUUSK - Hem, Tr\u00e4dg\u00e5rd &amp; Fritid","isPartOf":{"@id":"https:\/\/truusk.store\/sv\/#website"},"primaryImageOfPage":{"@id":"https:\/\/truusk.store\/sv\/produkt\/truusk-ridhast-lekhast-plyschhast-for-barn-staende-med-ljud-beige-85-x-28-x-60-cm\/#primaryimage"},"image":{"@id":"https:\/\/truusk.store\/sv\/produkt\/truusk-ridhast-lekhast-plyschhast-for-barn-staende-med-ljud-beige-85-x-28-x-60-cm\/#primaryimage"},"thumbnailUrl":"https:\/\/i0.wp.com\/truusk.store\/wp-content\/uploads\/2024\/02\/ridhast-lekhast-plyschhast-lekhast-for-barn-staende-hast-med-ljudbeige-85-x-28-x-60-cm.webp?fit=800%2C800&ssl=1","datePublished":"2024-02-13T07:26:29+00:00","dateModified":"2026-03-12T07:55:17+00:00","breadcrumb":{"@id":"https:\/\/truusk.store\/sv\/produkt\/truusk-ridhast-lekhast-plyschhast-for-barn-staende-med-ljud-beige-85-x-28-x-60-cm\/#breadcrumb"},"inLanguage":"sv-SE","potentialAction":[{"@type":"ReadAction","target":["https:\/\/truusk.store\/sv\/produkt\/truusk-ridhast-lekhast-plyschhast-for-barn-staende-med-ljud-beige-85-x-28-x-60-cm\/"]}]},{"@type":"ImageObject","inLanguage":"sv-SE","@id":"https:\/\/truusk.store\/sv\/produkt\/truusk-ridhast-lekhast-plyschhast-for-barn-staende-med-ljud-beige-85-x-28-x-60-cm\/#primaryimage","url":"https:\/\/i0.wp.com\/truusk.store\/wp-content\/uploads\/2024\/02\/ridhast-lekhast-plyschhast-lekhast-for-barn-staende-hast-med-ljudbeige-85-x-28-x-60-cm.webp?fit=800%2C800&ssl=1","contentUrl":"https:\/\/i0.wp.com\/truusk.store\/wp-content\/uploads\/2024\/02\/ridhast-lekhast-plyschhast-lekhast-for-barn-staende-hast-med-ljudbeige-85-x-28-x-60-cm.webp?fit=800%2C800&ssl=1","width":800,"height":800,"caption":"Ridh\u00e4st Lekh\u00e4st Plyschh\u00e4st Lekh\u00e4st F\u00f6r Barn St\u00e5ende H\u00e4st Med Ljudbeige 85 X 28 X 60 Cm 1"},{"@type":"BreadcrumbList","@id":"https:\/\/truusk.store\/sv\/produkt\/truusk-ridhast-lekhast-plyschhast-for-barn-staende-med-ljud-beige-85-x-28-x-60-cm\/#breadcrumb","itemListElement":[{"@type":"ListItem","position":1,"name":"Home","item":"https:\/\/truusk.store\/sv\/"},{"@type":"ListItem","position":2,"name":"Shop","item":"https:\/\/truusk.store\/shop\/"},{"@type":"ListItem","position":3,"name":"TRUUSK Ridh\u00e4st Lekh\u00e4st Plyschh\u00e4st &#8211; F\u00f6r Barn &#8211; St\u00e5ende med Ljud &#8211; Beige &#8211; 85 x 28 x 60 cm"}]},{"@type":"WebSite","@id":"https:\/\/truusk.store\/sv\/#website","url":"https:\/\/truusk.store\/sv\/","name":"TRUUSK - Hem, Tr\u00e4dg\u00e5rd & Fritid","description":"","publisher":{"@id":"https:\/\/truusk.store\/sv\/#organization"},"potentialAction":[{"@type":"SearchAction","target":{"@type":"EntryPoint","urlTemplate":"https:\/\/truusk.store\/sv\/?s={search_term_string}"},"query-input":{"@type":"PropertyValueSpecification","valueRequired":true,"valueName":"search_term_string"}}],"inLanguage":"sv-SE"},{"@type":"Organization","@id":"https:\/\/truusk.store\/sv\/#organization","name":"TRUUSK - Hem, Tr\u00e4dg\u00e5rd & Fritid","url":"https:\/\/truusk.store\/sv\/","logo":{"@type":"ImageObject","inLanguage":"sv-SE","@id":"https:\/\/truusk.store\/sv\/#\/schema\/logo\/image\/","url":"https:\/\/i0.wp.com\/truusk.store\/wp-content\/uploads\/2026\/03\/cropped-TRUUSK.png?fit=2032%2C917&ssl=1","contentUrl":"https:\/\/i0.wp.com\/truusk.store\/wp-content\/uploads\/2026\/03\/cropped-TRUUSK.png?fit=2032%2C917&ssl=1","width":2032,"height":917,"caption":"TRUUSK - Hem, Tr\u00e4dg\u00e5rd & Fritid"},"image":{"@id":"https:\/\/truusk.store\/sv\/#\/schema\/logo\/image\/"}}]}},"jetpack_sharing_enabled":true,"_links":{"self":[{"href":"https:\/\/truusk.store\/sv\/wp-json\/wp\/v2\/product\/6450","targetHints":{"allow":["GET"]}}],"collection":[{"href":"https:\/\/truusk.store\/sv\/wp-json\/wp\/v2\/product"}],"about":[{"href":"https:\/\/truusk.store\/sv\/wp-json\/wp\/v2\/types\/product"}],"wp:featuredmedia":[{"embeddable":true,"href":"https:\/\/truusk.store\/sv\/wp-json\/wp\/v2\/media\/6451"}],"wp:attachment":[{"href":"https:\/\/truusk.store\/sv\/wp-json\/wp\/v2\/media?parent=6450"}],"wp:term":[{"taxonomy":"product_brand","embeddable":true,"href":"https:\/\/truusk.store\/sv\/wp-json\/wp\/v2\/product_brand?post=6450"},{"taxonomy":"product_cat","embeddable":true,"href":"https:\/\/truusk.store\/sv\/wp-json\/wp\/v2\/product_cat?post=6450"},{"taxonomy":"product_tag","embeddable":true,"href":"https:\/\/truusk.store\/sv\/wp-json\/wp\/v2\/product_tag?post=6450"}],"curies":[{"name":"wp","href":"https:\/\/api.w.org\/{rel}","templated":true}]}}