{"id":64583,"date":"2025-06-05T09:39:39","date_gmt":"2025-06-05T08:39:39","guid":{"rendered":"https:\/\/truusk.store\/product\/gungstol-gungfatolj-med-snoreoptik-armstod-fatolj-med-traskidor-avkopplingsstol-for-vardagsrum-sovrum-ljusgra\/"},"modified":"2026-03-12T09:42:29","modified_gmt":"2026-03-12T08:42:29","slug":"truusk-gungstol-med-snoreoptik-armstod-traskidor-avkopplingsstol-ljusgra","status":"publish","type":"product","link":"https:\/\/truusk.store\/sv\/produkt\/truusk-gungstol-med-snoreoptik-armstod-traskidor-avkopplingsstol-ljusgra\/","title":{"rendered":"TRUUSK Gungstol med Sn\u00f6reoptik &#8211; Armst\u00f6d &#8211; Tr\u00e4skidor &#8211; Avkopplingsstol &#8211; Ljusgr\u00e5"},"content":{"rendered":"<p>Efter en l\u00e5ng arbetsdag l\u00e4ngtar du efter en mysig paus? TRUUSK gungstolen erbjuder dig precis det. Med sin gener\u00f6sa sittplats, mjuka stoppning och ergonomiska form inbjuder den till att stanna kvar. De sv\u00e4ngda armst\u00f6den och den b\u00f6jda ryggst\u00f6det p\u00e5 amningsstolen st\u00f6der din kropp optimalt och ger ren avkoppling. Unna dig en avkopplande kv\u00e4ll och gunga dig i lugn och harmoni.<\/p>\n<p>Beskrivning:<\/p>\n<ul>\n<li> Den eleganta designen p\u00e5 gungstolen ger din favoritplats charmen fr\u00e5n svunna tider<\/li>\n<li> Sv\u00e4ngda tr\u00e4rockers f\u00f6r att gunga fram och tillbaka<\/li>\n<li> Den tjocka stoppningen p\u00e5 gungstolen ger en utm\u00e4rkt sittupplevelse<\/li>\n<li> Den breda ryggst\u00f6det och armst\u00f6den ger allround st\u00f6d<\/li>\n<li> Idealisk f\u00f6r barnrummet, f\u00f6r att sova, l\u00e4sa och titta p\u00e5 TV<\/li>\n<li> Boktr\u00e4 och st\u00e5l ger p\u00e5litligt st\u00f6d under anv\u00e4ndning<\/li>\n<li> Montering kr\u00e4vs<\/li>\n<\/ul>\n<p> Tekniska data:<\/p>\n<ul>\n<li> F\u00e4rg: Ljusgr\u00e5<\/li>\n<li> Material: Sladd (100% polyester), boktr\u00e4, st\u00e5l, skum<\/li>\n<li> Totala m\u00e5tt: 98D x 71B x 101H cm<\/li>\n<li> Sitsstorlek: 49D x 54B cm<\/li>\n<li> Sitth\u00f6jd: 47 cm<\/li>\n<li> Sitt tjocklek: 9 cm<\/li>\n<li> Ryggstorlek: 73B x 66H cm<\/li>\n<li> Tjocklek p\u00e5 ryggst\u00f6det: 8 cm<\/li>\n<li> Belastningskapacitet: 120 kg<\/li>\n<\/ul>\n<p> Leveransinneh\u00e5ll:<\/p>\n<ul>\n<li> 1 x gungstol<\/li>\n<li> 1 x instruktion<\/li>\n<\/ul>\n","protected":false},"excerpt":{"rendered":"<p>Efter en l\u00e5ng arbetsdag l\u00e4ngtar du efter en mysig paus? TRUUSK gungstolen erbjuder dig precis det. Med sin gener\u00f6sa sittplats,&#8230;<\/p>\n","protected":false},"featured_media":64574,"template":"","meta":[],"product_brand":[],"product_cat":[520,871,910],"product_tag":[],"class_list":{"0":"post-64583","1":"product","2":"type-product","3":"status-publish","4":"has-post-thumbnail","6":"product_cat-gungstolar","7":"product_cat-hus-hem","8":"product_cat-vardagsrum","10":"first","11":"instock","12":"sale","13":"taxable","14":"shipping-taxable","15":"purchasable","16":"product-type-simple"},"yoast_head":"<!-- This site is optimized with the Yoast SEO plugin v25.4 - https:\/\/yoast.com\/wordpress\/plugins\/seo\/ -->\n<title>TRUUSK Gungstol med Sn\u00f6reoptik - Armst\u00f6d - Tr\u00e4skidor - Avkopplingsstol - Ljusgr\u00e5 - TRUUSK - Hem, Tr\u00e4dg\u00e5rd &amp; Fritid<\/title>\n<meta name=\"robots\" content=\"index, follow, max-snippet:-1, max-image-preview:large, max-video-preview:-1\" \/>\n<link rel=\"canonical\" href=\"https:\/\/truusk.store\/sv\/produkt\/truusk-gungstol-med-snoreoptik-armstod-traskidor-avkopplingsstol-ljusgra\/\" \/>\n<meta property=\"og:locale\" content=\"sv_SE\" \/>\n<meta property=\"og:type\" content=\"article\" \/>\n<meta property=\"og:title\" content=\"TRUUSK Gungstol med Sn\u00f6reoptik - Armst\u00f6d - Tr\u00e4skidor - Avkopplingsstol - Ljusgr\u00e5 - TRUUSK - Hem, Tr\u00e4dg\u00e5rd &amp; Fritid\" \/>\n<meta property=\"og:description\" content=\"Efter en l\u00e5ng arbetsdag l\u00e4ngtar du efter en mysig paus? TRUUSK gungstolen erbjuder dig precis det. Med sin gener\u00f6sa sittplats,...\" \/>\n<meta property=\"og:url\" content=\"https:\/\/truusk.store\/sv\/produkt\/truusk-gungstol-med-snoreoptik-armstod-traskidor-avkopplingsstol-ljusgra\/\" \/>\n<meta property=\"og:site_name\" content=\"TRUUSK - Hem, Tr\u00e4dg\u00e5rd &amp; Fritid\" \/>\n<meta property=\"article:modified_time\" content=\"2026-03-12T08:42:29+00:00\" \/>\n<meta property=\"og:image\" content=\"https:\/\/i0.wp.com\/truusk.se\/wp-content\/uploads\/2025\/06\/gungstol-gungfatolj-med-snoreoptik-armstod-fatolj-med-traskidor-avkopplingsstol-for-vardagsrum-sovrum-ljusgra-1.webp?fit=2000%2C2000&ssl=1\" \/>\n\t<meta property=\"og:image:width\" content=\"2000\" \/>\n\t<meta property=\"og:image:height\" content=\"2000\" \/>\n\t<meta property=\"og:image:type\" content=\"image\/webp\" \/>\n<meta name=\"twitter:card\" content=\"summary_large_image\" \/>\n<meta name=\"twitter:label1\" content=\"Ber\u00e4knad l\u00e4stid\" \/>\n\t<meta name=\"twitter:data1\" content=\"1 minut\" \/>\n<!-- \/ Yoast SEO plugin. -->","yoast_head_json":{"title":"TRUUSK Gungstol med Sn\u00f6reoptik - Armst\u00f6d - Tr\u00e4skidor - Avkopplingsstol - Ljusgr\u00e5 - TRUUSK - Hem, Tr\u00e4dg\u00e5rd &amp; Fritid","robots":{"index":"index","follow":"follow","max-snippet":"max-snippet:-1","max-image-preview":"max-image-preview:large","max-video-preview":"max-video-preview:-1"},"canonical":"https:\/\/truusk.store\/sv\/produkt\/truusk-gungstol-med-snoreoptik-armstod-traskidor-avkopplingsstol-ljusgra\/","og_locale":"sv_SE","og_type":"article","og_title":"TRUUSK Gungstol med Sn\u00f6reoptik - Armst\u00f6d - Tr\u00e4skidor - Avkopplingsstol - Ljusgr\u00e5 - TRUUSK - Hem, Tr\u00e4dg\u00e5rd &amp; Fritid","og_description":"Efter en l\u00e5ng arbetsdag l\u00e4ngtar du efter en mysig paus? TRUUSK gungstolen erbjuder dig precis det. Med sin gener\u00f6sa sittplats,...","og_url":"https:\/\/truusk.store\/sv\/produkt\/truusk-gungstol-med-snoreoptik-armstod-traskidor-avkopplingsstol-ljusgra\/","og_site_name":"TRUUSK - Hem, Tr\u00e4dg\u00e5rd &amp; Fritid","article_modified_time":"2026-03-12T08:42:29+00:00","og_image":[{"width":2000,"height":2000,"url":"https:\/\/i0.wp.com\/truusk.se\/wp-content\/uploads\/2025\/06\/gungstol-gungfatolj-med-snoreoptik-armstod-fatolj-med-traskidor-avkopplingsstol-for-vardagsrum-sovrum-ljusgra-1.webp?fit=2000%2C2000&ssl=1","type":"image\/webp"}],"twitter_card":"summary_large_image","twitter_misc":{"Ber\u00e4knad l\u00e4stid":"1 minut"},"schema":{"@context":"https:\/\/schema.org","@graph":[{"@type":"WebPage","@id":"https:\/\/truusk.store\/sv\/produkt\/truusk-gungstol-med-snoreoptik-armstod-traskidor-avkopplingsstol-ljusgra\/","url":"https:\/\/truusk.store\/sv\/produkt\/truusk-gungstol-med-snoreoptik-armstod-traskidor-avkopplingsstol-ljusgra\/","name":"TRUUSK Gungstol med Sn\u00f6reoptik - Armst\u00f6d - Tr\u00e4skidor - Avkopplingsstol - Ljusgr\u00e5 - TRUUSK - Hem, Tr\u00e4dg\u00e5rd &amp; Fritid","isPartOf":{"@id":"https:\/\/truusk.store\/sv\/#website"},"primaryImageOfPage":{"@id":"https:\/\/truusk.store\/sv\/produkt\/truusk-gungstol-med-snoreoptik-armstod-traskidor-avkopplingsstol-ljusgra\/#primaryimage"},"image":{"@id":"https:\/\/truusk.store\/sv\/produkt\/truusk-gungstol-med-snoreoptik-armstod-traskidor-avkopplingsstol-ljusgra\/#primaryimage"},"thumbnailUrl":"https:\/\/i0.wp.com\/truusk.store\/wp-content\/uploads\/2025\/06\/gungstol-gungfatolj-med-snoreoptik-armstod-fatolj-med-traskidor-avkopplingsstol-for-vardagsrum-sovrum-ljusgra-1.webp?fit=2000%2C2000&ssl=1","datePublished":"2025-06-05T08:39:39+00:00","dateModified":"2026-03-12T08:42:29+00:00","breadcrumb":{"@id":"https:\/\/truusk.store\/sv\/produkt\/truusk-gungstol-med-snoreoptik-armstod-traskidor-avkopplingsstol-ljusgra\/#breadcrumb"},"inLanguage":"sv-SE","potentialAction":[{"@type":"ReadAction","target":["https:\/\/truusk.store\/sv\/produkt\/truusk-gungstol-med-snoreoptik-armstod-traskidor-avkopplingsstol-ljusgra\/"]}]},{"@type":"ImageObject","inLanguage":"sv-SE","@id":"https:\/\/truusk.store\/sv\/produkt\/truusk-gungstol-med-snoreoptik-armstod-traskidor-avkopplingsstol-ljusgra\/#primaryimage","url":"https:\/\/i0.wp.com\/truusk.store\/wp-content\/uploads\/2025\/06\/gungstol-gungfatolj-med-snoreoptik-armstod-fatolj-med-traskidor-avkopplingsstol-for-vardagsrum-sovrum-ljusgra-1.webp?fit=2000%2C2000&ssl=1","contentUrl":"https:\/\/i0.wp.com\/truusk.store\/wp-content\/uploads\/2025\/06\/gungstol-gungfatolj-med-snoreoptik-armstod-fatolj-med-traskidor-avkopplingsstol-for-vardagsrum-sovrum-ljusgra-1.webp?fit=2000%2C2000&ssl=1","width":2000,"height":2000},{"@type":"BreadcrumbList","@id":"https:\/\/truusk.store\/sv\/produkt\/truusk-gungstol-med-snoreoptik-armstod-traskidor-avkopplingsstol-ljusgra\/#breadcrumb","itemListElement":[{"@type":"ListItem","position":1,"name":"Home","item":"https:\/\/truusk.store\/sv\/"},{"@type":"ListItem","position":2,"name":"Shop","item":"https:\/\/truusk.store\/shop\/"},{"@type":"ListItem","position":3,"name":"TRUUSK Gungstol med Sn\u00f6reoptik &#8211; Armst\u00f6d &#8211; Tr\u00e4skidor &#8211; Avkopplingsstol &#8211; Ljusgr\u00e5"}]},{"@type":"WebSite","@id":"https:\/\/truusk.store\/sv\/#website","url":"https:\/\/truusk.store\/sv\/","name":"TRUUSK - Hem, Tr\u00e4dg\u00e5rd & Fritid","description":"","publisher":{"@id":"https:\/\/truusk.store\/sv\/#organization"},"potentialAction":[{"@type":"SearchAction","target":{"@type":"EntryPoint","urlTemplate":"https:\/\/truusk.store\/sv\/?s={search_term_string}"},"query-input":{"@type":"PropertyValueSpecification","valueRequired":true,"valueName":"search_term_string"}}],"inLanguage":"sv-SE"},{"@type":"Organization","@id":"https:\/\/truusk.store\/sv\/#organization","name":"TRUUSK - Hem, Tr\u00e4dg\u00e5rd & Fritid","url":"https:\/\/truusk.store\/sv\/","logo":{"@type":"ImageObject","inLanguage":"sv-SE","@id":"https:\/\/truusk.store\/sv\/#\/schema\/logo\/image\/","url":"https:\/\/i0.wp.com\/truusk.store\/wp-content\/uploads\/2026\/03\/cropped-TRUUSK.png?fit=2032%2C917&ssl=1","contentUrl":"https:\/\/i0.wp.com\/truusk.store\/wp-content\/uploads\/2026\/03\/cropped-TRUUSK.png?fit=2032%2C917&ssl=1","width":2032,"height":917,"caption":"TRUUSK - Hem, Tr\u00e4dg\u00e5rd & Fritid"},"image":{"@id":"https:\/\/truusk.store\/sv\/#\/schema\/logo\/image\/"}}]}},"jetpack_sharing_enabled":true,"_links":{"self":[{"href":"https:\/\/truusk.store\/sv\/wp-json\/wp\/v2\/product\/64583","targetHints":{"allow":["GET"]}}],"collection":[{"href":"https:\/\/truusk.store\/sv\/wp-json\/wp\/v2\/product"}],"about":[{"href":"https:\/\/truusk.store\/sv\/wp-json\/wp\/v2\/types\/product"}],"wp:featuredmedia":[{"embeddable":true,"href":"https:\/\/truusk.store\/sv\/wp-json\/wp\/v2\/media\/64574"}],"wp:attachment":[{"href":"https:\/\/truusk.store\/sv\/wp-json\/wp\/v2\/media?parent=64583"}],"wp:term":[{"taxonomy":"product_brand","embeddable":true,"href":"https:\/\/truusk.store\/sv\/wp-json\/wp\/v2\/product_brand?post=64583"},{"taxonomy":"product_cat","embeddable":true,"href":"https:\/\/truusk.store\/sv\/wp-json\/wp\/v2\/product_cat?post=64583"},{"taxonomy":"product_tag","embeddable":true,"href":"https:\/\/truusk.store\/sv\/wp-json\/wp\/v2\/product_tag?post=64583"}],"curies":[{"name":"wp","href":"https:\/\/api.w.org\/{rel}","templated":true}]}}