{"id":6460,"date":"2024-02-13T08:26:45","date_gmt":"2024-02-13T07:26:45","guid":{"rendered":"https:\/\/truusk.store\/product\/gungstol-tradgard-tradgardsstol-relax-stol-tradgardsgunga-tradgard-gungstol-i-metall-for-uteplats-balkong-textline-gra-60-x-73-x-104-cm\/"},"modified":"2026-03-12T08:55:18","modified_gmt":"2026-03-12T07:55:18","slug":"truusk-tradgardsgunga-metall-uteplats-balkong-gra-60x73x104-cm","status":"publish","type":"product","link":"https:\/\/truusk.store\/sv\/produkt\/truusk-tradgardsgunga-metall-uteplats-balkong-gra-60x73x104-cm\/","title":{"rendered":"TRUUSK Tr\u00e4dg\u00e5rdsgunga &#8211; Metall &#8211; Uteplats Balkong &#8211; Gr\u00e5 60x73x104 cm"},"content":{"rendered":"<p>Klassisk utomhusgungstol f\u00f6r tr\u00e4dg\u00e5rden med tyg\u00f6verdrag. Designad f\u00f6r avkopplande kv\u00e4llar i din tr\u00e4dg\u00e5rd, terrass eller p\u00e5 din balkong. H\u00f6gkvalitativt utf\u00f6rande med en lastkapacitet p\u00e5 upp till ca 160 kg. Den v\u00e4derbest\u00e4ndiga utomhuss\u00e4ngen f\u00f6r en person \u00e4r perfekt f\u00f6r din tr\u00e4dg\u00e5rd, veranda, balkong eller g\u00e5rdsomr\u00e5de. Var den \u00e4n \u00e4r uppst\u00e4lld och placerad erbjuder den fantastisk komfort och mysighet.<\/p>\n<h3>Beskrivning:<\/h3>\n<ul>\n<li>Balkongstol i klassisk stil<\/li>\n<li>Gungfunktion<\/li>\n<li>Ergonomiskt utformad<\/li>\n<li>Stabil konstruktion<\/li>\n<li>Helt pulverlackerad metallram<\/li>\n<li>Textlinjeomslag: mer andas och l\u00e4ttsk\u00f6tt<\/li>\n<li>V\u00e4derbest\u00e4ndig, h\u00e5llbar<\/li>\n<\/ul>\n<h3>Teknisk data:<\/h3>\n<ul>\n<li>Material: pulverlackerad metall, textlinje<\/li>\n<li>F\u00e4rg: Ljusbrun (ram)+gr\u00e5 (tyger)<\/li>\n<li>Vikt: ca 10 kg<\/li>\n<li>Lastkapacitet: ca 160 kg<\/li>\n<li>Totala m\u00e5tt: ca 60W x 73D x 105H cm<\/li>\n<li>Sittdjup: 42,5 cm<\/li>\n<li>Sitth\u00f6jd: 44 cm<\/li>\n<li>Sitsbredd: 50 cm<\/li>\n<li>Ryggst\u00f6dsm\u00e5tt: 50W x 71H cm<\/li>\n<\/ul>\n<h3>Leveransens omfattning:<\/h3>\n<ul>\n<li>1 x gungstol;<\/li>\n<\/ul>\n","protected":false},"excerpt":{"rendered":"<p>Klassisk utomhusgungstol f\u00f6r tr\u00e4dg\u00e5rden med tyg\u00f6verdrag. Designad f\u00f6r avkopplande kv\u00e4llar i din tr\u00e4dg\u00e5rd, terrass eller p\u00e5 din balkong. H\u00f6gkvalitativt utf\u00f6rande&#8230;<\/p>\n","protected":false},"featured_media":6461,"template":"","meta":[],"product_brand":[],"product_cat":[435,450,452],"product_tag":[],"class_list":{"0":"post-6460","1":"product","2":"type-product","3":"status-publish","4":"has-post-thumbnail","6":"product_cat-tradgard-och-terrass","7":"product_cat-tradgardsmobler","8":"product_cat-tradgardsstolar","10":"first","11":"instock","12":"sale","13":"taxable","14":"shipping-taxable","15":"purchasable","16":"product-type-simple"},"yoast_head":"<!-- This site is optimized with the Yoast SEO plugin v25.4 - https:\/\/yoast.com\/wordpress\/plugins\/seo\/ -->\n<title>TRUUSK Tr\u00e4dg\u00e5rdsgunga - Metall - Uteplats Balkong - Gr\u00e5 60x73x104 cm - TRUUSK - Hem, Tr\u00e4dg\u00e5rd &amp; Fritid<\/title>\n<meta name=\"robots\" content=\"index, follow, max-snippet:-1, max-image-preview:large, max-video-preview:-1\" \/>\n<link rel=\"canonical\" href=\"https:\/\/truusk.store\/sv\/produkt\/truusk-tradgardsgunga-metall-uteplats-balkong-gra-60x73x104-cm\/\" \/>\n<meta property=\"og:locale\" content=\"sv_SE\" \/>\n<meta property=\"og:type\" content=\"article\" \/>\n<meta property=\"og:title\" content=\"TRUUSK Tr\u00e4dg\u00e5rdsgunga - Metall - Uteplats Balkong - Gr\u00e5 60x73x104 cm - TRUUSK - Hem, Tr\u00e4dg\u00e5rd &amp; Fritid\" \/>\n<meta property=\"og:description\" content=\"Klassisk utomhusgungstol f\u00f6r tr\u00e4dg\u00e5rden med tyg\u00f6verdrag. Designad f\u00f6r avkopplande kv\u00e4llar i din tr\u00e4dg\u00e5rd, terrass eller p\u00e5 din balkong. H\u00f6gkvalitativt utf\u00f6rande...\" \/>\n<meta property=\"og:url\" content=\"https:\/\/truusk.store\/sv\/produkt\/truusk-tradgardsgunga-metall-uteplats-balkong-gra-60x73x104-cm\/\" \/>\n<meta property=\"og:site_name\" content=\"TRUUSK - Hem, Tr\u00e4dg\u00e5rd &amp; Fritid\" \/>\n<meta property=\"article:modified_time\" content=\"2026-03-12T07:55:18+00:00\" \/>\n<meta property=\"og:image\" content=\"https:\/\/i0.wp.com\/truusk.se\/wp-content\/uploads\/2024\/02\/gungstol-tradgard-tradgardsstol-relax-stol-tradgardsgunga-tradgard-gungstol-i-metall-for-uteplats-balkong-textline-gra-60-x-73-x-104-cm.webp?fit=800%2C800&ssl=1\" \/>\n\t<meta property=\"og:image:width\" content=\"800\" \/>\n\t<meta property=\"og:image:height\" content=\"800\" \/>\n\t<meta property=\"og:image:type\" content=\"image\/webp\" \/>\n<meta name=\"twitter:card\" content=\"summary_large_image\" \/>\n<meta name=\"twitter:label1\" content=\"Ber\u00e4knad l\u00e4stid\" \/>\n\t<meta name=\"twitter:data1\" content=\"1 minut\" \/>\n<!-- \/ Yoast SEO plugin. -->","yoast_head_json":{"title":"TRUUSK Tr\u00e4dg\u00e5rdsgunga - Metall - Uteplats Balkong - Gr\u00e5 60x73x104 cm - TRUUSK - Hem, Tr\u00e4dg\u00e5rd &amp; Fritid","robots":{"index":"index","follow":"follow","max-snippet":"max-snippet:-1","max-image-preview":"max-image-preview:large","max-video-preview":"max-video-preview:-1"},"canonical":"https:\/\/truusk.store\/sv\/produkt\/truusk-tradgardsgunga-metall-uteplats-balkong-gra-60x73x104-cm\/","og_locale":"sv_SE","og_type":"article","og_title":"TRUUSK Tr\u00e4dg\u00e5rdsgunga - Metall - Uteplats Balkong - Gr\u00e5 60x73x104 cm - TRUUSK - Hem, Tr\u00e4dg\u00e5rd &amp; Fritid","og_description":"Klassisk utomhusgungstol f\u00f6r tr\u00e4dg\u00e5rden med tyg\u00f6verdrag. Designad f\u00f6r avkopplande kv\u00e4llar i din tr\u00e4dg\u00e5rd, terrass eller p\u00e5 din balkong. H\u00f6gkvalitativt utf\u00f6rande...","og_url":"https:\/\/truusk.store\/sv\/produkt\/truusk-tradgardsgunga-metall-uteplats-balkong-gra-60x73x104-cm\/","og_site_name":"TRUUSK - Hem, Tr\u00e4dg\u00e5rd &amp; Fritid","article_modified_time":"2026-03-12T07:55:18+00:00","og_image":[{"width":800,"height":800,"url":"https:\/\/i0.wp.com\/truusk.se\/wp-content\/uploads\/2024\/02\/gungstol-tradgard-tradgardsstol-relax-stol-tradgardsgunga-tradgard-gungstol-i-metall-for-uteplats-balkong-textline-gra-60-x-73-x-104-cm.webp?fit=800%2C800&ssl=1","type":"image\/webp"}],"twitter_card":"summary_large_image","twitter_misc":{"Ber\u00e4knad l\u00e4stid":"1 minut"},"schema":{"@context":"https:\/\/schema.org","@graph":[{"@type":"WebPage","@id":"https:\/\/truusk.store\/sv\/produkt\/truusk-tradgardsgunga-metall-uteplats-balkong-gra-60x73x104-cm\/","url":"https:\/\/truusk.store\/sv\/produkt\/truusk-tradgardsgunga-metall-uteplats-balkong-gra-60x73x104-cm\/","name":"TRUUSK Tr\u00e4dg\u00e5rdsgunga - Metall - Uteplats Balkong - Gr\u00e5 60x73x104 cm - TRUUSK - Hem, Tr\u00e4dg\u00e5rd &amp; Fritid","isPartOf":{"@id":"https:\/\/truusk.store\/sv\/#website"},"primaryImageOfPage":{"@id":"https:\/\/truusk.store\/sv\/produkt\/truusk-tradgardsgunga-metall-uteplats-balkong-gra-60x73x104-cm\/#primaryimage"},"image":{"@id":"https:\/\/truusk.store\/sv\/produkt\/truusk-tradgardsgunga-metall-uteplats-balkong-gra-60x73x104-cm\/#primaryimage"},"thumbnailUrl":"https:\/\/i0.wp.com\/truusk.store\/wp-content\/uploads\/2024\/02\/gungstol-tradgard-tradgardsstol-relax-stol-tradgardsgunga-tradgard-gungstol-i-metall-for-uteplats-balkong-textline-gra-60-x-73-x-104-cm.webp?fit=800%2C800&ssl=1","datePublished":"2024-02-13T07:26:45+00:00","dateModified":"2026-03-12T07:55:18+00:00","breadcrumb":{"@id":"https:\/\/truusk.store\/sv\/produkt\/truusk-tradgardsgunga-metall-uteplats-balkong-gra-60x73x104-cm\/#breadcrumb"},"inLanguage":"sv-SE","potentialAction":[{"@type":"ReadAction","target":["https:\/\/truusk.store\/sv\/produkt\/truusk-tradgardsgunga-metall-uteplats-balkong-gra-60x73x104-cm\/"]}]},{"@type":"ImageObject","inLanguage":"sv-SE","@id":"https:\/\/truusk.store\/sv\/produkt\/truusk-tradgardsgunga-metall-uteplats-balkong-gra-60x73x104-cm\/#primaryimage","url":"https:\/\/i0.wp.com\/truusk.store\/wp-content\/uploads\/2024\/02\/gungstol-tradgard-tradgardsstol-relax-stol-tradgardsgunga-tradgard-gungstol-i-metall-for-uteplats-balkong-textline-gra-60-x-73-x-104-cm.webp?fit=800%2C800&ssl=1","contentUrl":"https:\/\/i0.wp.com\/truusk.store\/wp-content\/uploads\/2024\/02\/gungstol-tradgard-tradgardsstol-relax-stol-tradgardsgunga-tradgard-gungstol-i-metall-for-uteplats-balkong-textline-gra-60-x-73-x-104-cm.webp?fit=800%2C800&ssl=1","width":800,"height":800,"caption":"Gungstol Tr\u00e4dg\u00e5rd Tr\u00e4dg\u00e5rdsstol Relax Stol Tr\u00e4dg\u00e5rdsgunga Tr\u00e4dg\u00e5rd Gungstol I Metall F\u00f6r Uteplats Balkong Textline Gr\u00e5 60 X 73 X 104 Cm 1"},{"@type":"BreadcrumbList","@id":"https:\/\/truusk.store\/sv\/produkt\/truusk-tradgardsgunga-metall-uteplats-balkong-gra-60x73x104-cm\/#breadcrumb","itemListElement":[{"@type":"ListItem","position":1,"name":"Home","item":"https:\/\/truusk.store\/sv\/"},{"@type":"ListItem","position":2,"name":"Shop","item":"https:\/\/truusk.store\/shop\/"},{"@type":"ListItem","position":3,"name":"TRUUSK Tr\u00e4dg\u00e5rdsgunga &#8211; Metall &#8211; Uteplats Balkong &#8211; Gr\u00e5 60x73x104 cm"}]},{"@type":"WebSite","@id":"https:\/\/truusk.store\/sv\/#website","url":"https:\/\/truusk.store\/sv\/","name":"TRUUSK - Hem, Tr\u00e4dg\u00e5rd & Fritid","description":"","publisher":{"@id":"https:\/\/truusk.store\/sv\/#organization"},"potentialAction":[{"@type":"SearchAction","target":{"@type":"EntryPoint","urlTemplate":"https:\/\/truusk.store\/sv\/?s={search_term_string}"},"query-input":{"@type":"PropertyValueSpecification","valueRequired":true,"valueName":"search_term_string"}}],"inLanguage":"sv-SE"},{"@type":"Organization","@id":"https:\/\/truusk.store\/sv\/#organization","name":"TRUUSK - Hem, Tr\u00e4dg\u00e5rd & Fritid","url":"https:\/\/truusk.store\/sv\/","logo":{"@type":"ImageObject","inLanguage":"sv-SE","@id":"https:\/\/truusk.store\/sv\/#\/schema\/logo\/image\/","url":"https:\/\/i0.wp.com\/truusk.store\/wp-content\/uploads\/2026\/03\/cropped-TRUUSK.png?fit=2032%2C917&ssl=1","contentUrl":"https:\/\/i0.wp.com\/truusk.store\/wp-content\/uploads\/2026\/03\/cropped-TRUUSK.png?fit=2032%2C917&ssl=1","width":2032,"height":917,"caption":"TRUUSK - Hem, Tr\u00e4dg\u00e5rd & Fritid"},"image":{"@id":"https:\/\/truusk.store\/sv\/#\/schema\/logo\/image\/"}}]}},"jetpack_sharing_enabled":true,"_links":{"self":[{"href":"https:\/\/truusk.store\/sv\/wp-json\/wp\/v2\/product\/6460","targetHints":{"allow":["GET"]}}],"collection":[{"href":"https:\/\/truusk.store\/sv\/wp-json\/wp\/v2\/product"}],"about":[{"href":"https:\/\/truusk.store\/sv\/wp-json\/wp\/v2\/types\/product"}],"wp:featuredmedia":[{"embeddable":true,"href":"https:\/\/truusk.store\/sv\/wp-json\/wp\/v2\/media\/6461"}],"wp:attachment":[{"href":"https:\/\/truusk.store\/sv\/wp-json\/wp\/v2\/media?parent=6460"}],"wp:term":[{"taxonomy":"product_brand","embeddable":true,"href":"https:\/\/truusk.store\/sv\/wp-json\/wp\/v2\/product_brand?post=6460"},{"taxonomy":"product_cat","embeddable":true,"href":"https:\/\/truusk.store\/sv\/wp-json\/wp\/v2\/product_cat?post=6460"},{"taxonomy":"product_tag","embeddable":true,"href":"https:\/\/truusk.store\/sv\/wp-json\/wp\/v2\/product_tag?post=6460"}],"curies":[{"name":"wp","href":"https:\/\/api.w.org\/{rel}","templated":true}]}}