{"id":64623,"date":"2025-06-05T09:43:44","date_gmt":"2025-06-05T08:43:44","guid":{"rendered":"https:\/\/truusk.store\/product\/hamsterbur-gnagarbur-med-hjul-ror-hyllplan-ramper-lophjul-matkopp-vattenflaska-marsvinsbur-for-okenrattor-syriska-hamstrar-svart\/"},"modified":"2026-03-12T09:38:10","modified_gmt":"2026-03-12T08:38:10","slug":"truusk-hamsterbur-med-hjul-ror-och-hyllplan-inkluderar-ramper-och-lophjul-perfekt-for-gnagare-svart","status":"publish","type":"product","link":"https:\/\/truusk.store\/sv\/produkt\/truusk-hamsterbur-med-hjul-ror-och-hyllplan-inkluderar-ramper-och-lophjul-perfekt-for-gnagare-svart\/","title":{"rendered":"TRUUSK Hamsterbur med Hjul, R\u00f6r och Hyllplan &#8211; Inkluderar Ramper och L\u00f6phjul &#8211; Perfekt f\u00f6r Gnagare &#8211; Svart"},"content":{"rendered":"<p>Uppt\u00e4ck det perfekta hemmet f\u00f6r dina sm\u00e5 gnagare med det rymliga TRUUSK gnagarburet. Utrustad med r\u00f6r f\u00f6r utforskning, ett l\u00f6phjul f\u00f6r motion, tv\u00e5 ramper, fyra plattformar och ett mysigt hus, erbjuder detta musbur allt som ditt djur beh\u00f6ver. En vattenflaska och en matbeh\u00e5llare ser till att din \u00e4lskling alltid \u00e4r optimalt f\u00f6rsedd. Skapa en plats full av \u00e4ventyr och komfort &#8211; f\u00f6r dina sm\u00e5 p\u00e4lskl\u00e4dda v\u00e4nners v\u00e4lbefinnande.<\/p>\n<p>Beskrivning:<\/p>\n<ul>\n<li> F\u00e4rgglada r\u00f6r s\u00e5 att husdjur kan r\u00f6ra sig i marsvinsburet<\/li>\n<li> En matkopp och en vattenflaska h\u00e5ller husdjuren matade och hydrerade<\/li>\n<li> D\u00f6rrarna p\u00e5 framsidan och toppen g\u00f6r det m\u00f6jligt f\u00f6r dig att ta hand om husdjuren och reng\u00f6ra buren<\/li>\n<li> Fyra hjul p\u00e5 gnagarhuset f\u00f6r enkel r\u00f6relse<\/li>\n<li> F\u00f6rvaring f\u00f6r att h\u00e5lla tillbeh\u00f6r till hands<\/li>\n<li> 1 cm mellanrum mellan gallerst\u00e4ngerna h\u00e5ller husdjuren s\u00e4kra och skyddade<\/li>\n<li> L\u00e4mplig f\u00f6r hamstrar och gerbiler<\/li>\n<li> Montering kr\u00e4vs, med en anpassningsbar struktur<\/li>\n<\/ul>\n<p> Tekniska specifikationer:<\/p>\n<ul>\n<li> F\u00e4rg: Svart<\/li>\n<li> Material: St\u00e5l, PS och plast<\/li>\n<li> Totala dimensioner: 82L x 46B x 109H cm<\/li>\n<li> Inre dimensioner: 80L x 44B x 70H cm<\/li>\n<li> Bas: 79L x 46B x 17H cm<\/li>\n<li> Varje d\u00f6rr: 25B x 28H cm<\/li>\n<li> Plattform: 43L x 25B cm<\/li>\n<li> Ramp: 38L x 12B cm<\/li>\n<li> L\u00f6phjul: \u00d813 x 8H cm<\/li>\n<li> Hydda: 14L x 9,5B x 9,5H cm<\/li>\n<li> Vattenflaska: 100 ml<\/li>\n<li> R\u00f6rdiameter: \u00d87 cm<\/li>\n<li> Tr\u00e5davst\u00e5nd: 1 cm<\/li>\n<\/ul>\n<p>Leveransinneh\u00e5ll:<\/p>\n<ul>\n<li> 1 x Hamsterbur<\/li>\n<li> 1 x Bruksanvisning<\/li>\n<\/ul>\n","protected":false},"excerpt":{"rendered":"<p>Uppt\u00e4ck det perfekta hemmet f\u00f6r dina sm\u00e5 gnagare med det rymliga TRUUSK gnagarburet. Utrustad med r\u00f6r f\u00f6r utforskning, ett l\u00f6phjul&#8230;<\/p>\n","protected":false},"featured_media":64614,"template":"","meta":[],"product_brand":[],"product_cat":[878,599,597],"product_tag":[],"class_list":{"0":"post-64623","1":"product","2":"type-product","3":"status-publish","4":"has-post-thumbnail","6":"product_cat-djurbehov","7":"product_cat-sma-djurburar","8":"product_cat-sma-djurtillbehor","10":"first","11":"instock","12":"sale","13":"taxable","14":"shipping-taxable","15":"purchasable","16":"product-type-simple"},"yoast_head":"<!-- This site is optimized with the Yoast SEO plugin v25.4 - https:\/\/yoast.com\/wordpress\/plugins\/seo\/ -->\n<title>TRUUSK Hamsterbur med Hjul, R\u00f6r och Hyllplan - Inkluderar Ramper och L\u00f6phjul - Perfekt f\u00f6r Gnagare - Svart - TRUUSK - Hem, Tr\u00e4dg\u00e5rd &amp; Fritid<\/title>\n<meta name=\"robots\" content=\"index, follow, max-snippet:-1, max-image-preview:large, max-video-preview:-1\" \/>\n<link rel=\"canonical\" href=\"https:\/\/truusk.store\/sv\/produkt\/truusk-hamsterbur-med-hjul-ror-och-hyllplan-inkluderar-ramper-och-lophjul-perfekt-for-gnagare-svart\/\" \/>\n<meta property=\"og:locale\" content=\"sv_SE\" \/>\n<meta property=\"og:type\" content=\"article\" \/>\n<meta property=\"og:title\" content=\"TRUUSK Hamsterbur med Hjul, R\u00f6r och Hyllplan - Inkluderar Ramper och L\u00f6phjul - Perfekt f\u00f6r Gnagare - Svart - TRUUSK - Hem, Tr\u00e4dg\u00e5rd &amp; Fritid\" \/>\n<meta property=\"og:description\" content=\"Uppt\u00e4ck det perfekta hemmet f\u00f6r dina sm\u00e5 gnagare med det rymliga TRUUSK gnagarburet. Utrustad med r\u00f6r f\u00f6r utforskning, ett l\u00f6phjul...\" \/>\n<meta property=\"og:url\" content=\"https:\/\/truusk.store\/sv\/produkt\/truusk-hamsterbur-med-hjul-ror-och-hyllplan-inkluderar-ramper-och-lophjul-perfekt-for-gnagare-svart\/\" \/>\n<meta property=\"og:site_name\" content=\"TRUUSK - Hem, Tr\u00e4dg\u00e5rd &amp; Fritid\" \/>\n<meta property=\"article:modified_time\" content=\"2026-03-12T08:38:10+00:00\" \/>\n<meta property=\"og:image\" content=\"https:\/\/i0.wp.com\/truusk.se\/wp-content\/uploads\/2025\/06\/hamsterbur-gnagarbur-med-hjul-ror-hyllplan-ramper-lophjul-matkopp-vattenflaska-marsvinsbur-for-okenrattor-syriska-hamstrar-svart-1.webp?fit=2000%2C2000&ssl=1\" \/>\n\t<meta property=\"og:image:width\" content=\"2000\" \/>\n\t<meta property=\"og:image:height\" content=\"2000\" \/>\n\t<meta property=\"og:image:type\" content=\"image\/webp\" \/>\n<meta name=\"twitter:card\" content=\"summary_large_image\" \/>\n<meta name=\"twitter:label1\" content=\"Ber\u00e4knad l\u00e4stid\" \/>\n\t<meta name=\"twitter:data1\" content=\"1 minut\" \/>\n<!-- \/ Yoast SEO plugin. -->","yoast_head_json":{"title":"TRUUSK Hamsterbur med Hjul, R\u00f6r och Hyllplan - Inkluderar Ramper och L\u00f6phjul - Perfekt f\u00f6r Gnagare - Svart - TRUUSK - Hem, Tr\u00e4dg\u00e5rd &amp; Fritid","robots":{"index":"index","follow":"follow","max-snippet":"max-snippet:-1","max-image-preview":"max-image-preview:large","max-video-preview":"max-video-preview:-1"},"canonical":"https:\/\/truusk.store\/sv\/produkt\/truusk-hamsterbur-med-hjul-ror-och-hyllplan-inkluderar-ramper-och-lophjul-perfekt-for-gnagare-svart\/","og_locale":"sv_SE","og_type":"article","og_title":"TRUUSK Hamsterbur med Hjul, R\u00f6r och Hyllplan - Inkluderar Ramper och L\u00f6phjul - Perfekt f\u00f6r Gnagare - Svart - TRUUSK - Hem, Tr\u00e4dg\u00e5rd &amp; Fritid","og_description":"Uppt\u00e4ck det perfekta hemmet f\u00f6r dina sm\u00e5 gnagare med det rymliga TRUUSK gnagarburet. Utrustad med r\u00f6r f\u00f6r utforskning, ett l\u00f6phjul...","og_url":"https:\/\/truusk.store\/sv\/produkt\/truusk-hamsterbur-med-hjul-ror-och-hyllplan-inkluderar-ramper-och-lophjul-perfekt-for-gnagare-svart\/","og_site_name":"TRUUSK - Hem, Tr\u00e4dg\u00e5rd &amp; Fritid","article_modified_time":"2026-03-12T08:38:10+00:00","og_image":[{"width":2000,"height":2000,"url":"https:\/\/i0.wp.com\/truusk.se\/wp-content\/uploads\/2025\/06\/hamsterbur-gnagarbur-med-hjul-ror-hyllplan-ramper-lophjul-matkopp-vattenflaska-marsvinsbur-for-okenrattor-syriska-hamstrar-svart-1.webp?fit=2000%2C2000&ssl=1","type":"image\/webp"}],"twitter_card":"summary_large_image","twitter_misc":{"Ber\u00e4knad l\u00e4stid":"1 minut"},"schema":{"@context":"https:\/\/schema.org","@graph":[{"@type":"WebPage","@id":"https:\/\/truusk.store\/sv\/produkt\/truusk-hamsterbur-med-hjul-ror-och-hyllplan-inkluderar-ramper-och-lophjul-perfekt-for-gnagare-svart\/","url":"https:\/\/truusk.store\/sv\/produkt\/truusk-hamsterbur-med-hjul-ror-och-hyllplan-inkluderar-ramper-och-lophjul-perfekt-for-gnagare-svart\/","name":"TRUUSK Hamsterbur med Hjul, R\u00f6r och Hyllplan - Inkluderar Ramper och L\u00f6phjul - Perfekt f\u00f6r Gnagare - Svart - TRUUSK - Hem, Tr\u00e4dg\u00e5rd &amp; Fritid","isPartOf":{"@id":"https:\/\/truusk.store\/sv\/#website"},"primaryImageOfPage":{"@id":"https:\/\/truusk.store\/sv\/produkt\/truusk-hamsterbur-med-hjul-ror-och-hyllplan-inkluderar-ramper-och-lophjul-perfekt-for-gnagare-svart\/#primaryimage"},"image":{"@id":"https:\/\/truusk.store\/sv\/produkt\/truusk-hamsterbur-med-hjul-ror-och-hyllplan-inkluderar-ramper-och-lophjul-perfekt-for-gnagare-svart\/#primaryimage"},"thumbnailUrl":"https:\/\/i0.wp.com\/truusk.store\/wp-content\/uploads\/2025\/06\/hamsterbur-gnagarbur-med-hjul-ror-hyllplan-ramper-lophjul-matkopp-vattenflaska-marsvinsbur-for-okenrattor-syriska-hamstrar-svart-1.webp?fit=2000%2C2000&ssl=1","datePublished":"2025-06-05T08:43:44+00:00","dateModified":"2026-03-12T08:38:10+00:00","breadcrumb":{"@id":"https:\/\/truusk.store\/sv\/produkt\/truusk-hamsterbur-med-hjul-ror-och-hyllplan-inkluderar-ramper-och-lophjul-perfekt-for-gnagare-svart\/#breadcrumb"},"inLanguage":"sv-SE","potentialAction":[{"@type":"ReadAction","target":["https:\/\/truusk.store\/sv\/produkt\/truusk-hamsterbur-med-hjul-ror-och-hyllplan-inkluderar-ramper-och-lophjul-perfekt-for-gnagare-svart\/"]}]},{"@type":"ImageObject","inLanguage":"sv-SE","@id":"https:\/\/truusk.store\/sv\/produkt\/truusk-hamsterbur-med-hjul-ror-och-hyllplan-inkluderar-ramper-och-lophjul-perfekt-for-gnagare-svart\/#primaryimage","url":"https:\/\/i0.wp.com\/truusk.store\/wp-content\/uploads\/2025\/06\/hamsterbur-gnagarbur-med-hjul-ror-hyllplan-ramper-lophjul-matkopp-vattenflaska-marsvinsbur-for-okenrattor-syriska-hamstrar-svart-1.webp?fit=2000%2C2000&ssl=1","contentUrl":"https:\/\/i0.wp.com\/truusk.store\/wp-content\/uploads\/2025\/06\/hamsterbur-gnagarbur-med-hjul-ror-hyllplan-ramper-lophjul-matkopp-vattenflaska-marsvinsbur-for-okenrattor-syriska-hamstrar-svart-1.webp?fit=2000%2C2000&ssl=1","width":2000,"height":2000},{"@type":"BreadcrumbList","@id":"https:\/\/truusk.store\/sv\/produkt\/truusk-hamsterbur-med-hjul-ror-och-hyllplan-inkluderar-ramper-och-lophjul-perfekt-for-gnagare-svart\/#breadcrumb","itemListElement":[{"@type":"ListItem","position":1,"name":"Home","item":"https:\/\/truusk.store\/sv\/"},{"@type":"ListItem","position":2,"name":"Shop","item":"https:\/\/truusk.store\/shop\/"},{"@type":"ListItem","position":3,"name":"TRUUSK Hamsterbur med Hjul, R\u00f6r och Hyllplan &#8211; Inkluderar Ramper och L\u00f6phjul &#8211; Perfekt f\u00f6r Gnagare &#8211; Svart"}]},{"@type":"WebSite","@id":"https:\/\/truusk.store\/sv\/#website","url":"https:\/\/truusk.store\/sv\/","name":"TRUUSK - Hem, Tr\u00e4dg\u00e5rd & Fritid","description":"","publisher":{"@id":"https:\/\/truusk.store\/sv\/#organization"},"potentialAction":[{"@type":"SearchAction","target":{"@type":"EntryPoint","urlTemplate":"https:\/\/truusk.store\/sv\/?s={search_term_string}"},"query-input":{"@type":"PropertyValueSpecification","valueRequired":true,"valueName":"search_term_string"}}],"inLanguage":"sv-SE"},{"@type":"Organization","@id":"https:\/\/truusk.store\/sv\/#organization","name":"TRUUSK - Hem, Tr\u00e4dg\u00e5rd & Fritid","url":"https:\/\/truusk.store\/sv\/","logo":{"@type":"ImageObject","inLanguage":"sv-SE","@id":"https:\/\/truusk.store\/sv\/#\/schema\/logo\/image\/","url":"https:\/\/i0.wp.com\/truusk.store\/wp-content\/uploads\/2026\/03\/cropped-TRUUSK.png?fit=2032%2C917&ssl=1","contentUrl":"https:\/\/i0.wp.com\/truusk.store\/wp-content\/uploads\/2026\/03\/cropped-TRUUSK.png?fit=2032%2C917&ssl=1","width":2032,"height":917,"caption":"TRUUSK - Hem, Tr\u00e4dg\u00e5rd & Fritid"},"image":{"@id":"https:\/\/truusk.store\/sv\/#\/schema\/logo\/image\/"}}]}},"jetpack_sharing_enabled":true,"_links":{"self":[{"href":"https:\/\/truusk.store\/sv\/wp-json\/wp\/v2\/product\/64623","targetHints":{"allow":["GET"]}}],"collection":[{"href":"https:\/\/truusk.store\/sv\/wp-json\/wp\/v2\/product"}],"about":[{"href":"https:\/\/truusk.store\/sv\/wp-json\/wp\/v2\/types\/product"}],"wp:featuredmedia":[{"embeddable":true,"href":"https:\/\/truusk.store\/sv\/wp-json\/wp\/v2\/media\/64614"}],"wp:attachment":[{"href":"https:\/\/truusk.store\/sv\/wp-json\/wp\/v2\/media?parent=64623"}],"wp:term":[{"taxonomy":"product_brand","embeddable":true,"href":"https:\/\/truusk.store\/sv\/wp-json\/wp\/v2\/product_brand?post=64623"},{"taxonomy":"product_cat","embeddable":true,"href":"https:\/\/truusk.store\/sv\/wp-json\/wp\/v2\/product_cat?post=64623"},{"taxonomy":"product_tag","embeddable":true,"href":"https:\/\/truusk.store\/sv\/wp-json\/wp\/v2\/product_tag?post=64623"}],"curies":[{"name":"wp","href":"https:\/\/api.w.org\/{rel}","templated":true}]}}