{"id":64643,"date":"2025-06-05T09:45:38","date_gmt":"2025-06-05T08:45:38","guid":{"rendered":"https:\/\/truusk.store\/product\/hollywood-svang-2-sits-svangbank-med-baldakin-vaska-tradgardssvang-med-bricka-upp-till-180-kg-belastning-for-tradgard-balkong-svart\/"},"modified":"2026-03-12T09:38:38","modified_gmt":"2026-03-12T08:38:38","slug":"truusk-hollywood-svang-2-sits-svangbank-med-baldakin-vaska-tradgardssvang-upp-till-180-kg-for-tradgard-balkong-svart","status":"publish","type":"product","link":"https:\/\/truusk.store\/sv\/produkt\/truusk-hollywood-svang-2-sits-svangbank-med-baldakin-vaska-tradgardssvang-upp-till-180-kg-for-tradgard-balkong-svart\/","title":{"rendered":"TRUUSK Hollywood-sv\u00e4ng 2-sits Sv\u00e4ngb\u00e4nk &#8211; Med Baldakin &#8211; V\u00e4ska &#8211; Tr\u00e4dg\u00e5rdssv\u00e4ng &#8211; Upp Till 180 Kg &#8211; F\u00f6r Tr\u00e4dg\u00e5rd, Balkong &#8211; Svart"},"content":{"rendered":"<p>Hollywoodgungan fr\u00e5n TRUUSK \u00e4r det nya m\u00e5ste-ha f\u00f6r din tr\u00e4dg\u00e5rd. Med sin robusta, A-formade metallram b\u00e4r den bekv\u00e4mt upp till 180 kg och erbjuder plats f\u00f6r tv\u00e5. Ett smart integrerat bord i mitten h\u00e5ller drycker och snacks alltid till hands. Det justerbara solskyddet ger optimalt skydd mot UV-str\u00e5lar och f\u00f6r mycket sol, medan de mjukt vadderade s\u00e4tena inbjuder till omfattande avkoppling. En perfekt tillflyktsort f\u00f6r avkopplande timmar under bar himmel.<\/p>\n<p>Beskrivning:<\/p>\n<ul>\n<li> Tv\u00e5 enskilda s\u00e4ten med bord i mitten, inklusive muggst\u00e4ll<\/li>\n<li> Robust metallram med A-formad design f\u00f6r optimal stabilitet<\/li>\n<li> Skyddande tak mot sol och duggregn<\/li>\n<li> Vadderade, vattent\u00e4ta sittkuddar f\u00f6r \u00f6kad komfort, med f\u00e4stpunkter i h\u00f6rnen<\/li>\n<li> Maximal belastningskapacitet p\u00e5 180 kg, montering kr\u00e4vs<\/li>\n<\/ul>\n<p> Tekniska data:<\/p>\n<ul>\n<li> F\u00e4rg: Svart<\/li>\n<li> Material: St\u00e5l, Polyester, Oxford-Polyester<\/li>\n<li> Produktm\u00e5tt: 175L x 110B x 165H cm<\/li>\n<li> Baldakinstorlek: 170L x 116B cm<\/li>\n<li> Sittstorlek: 50B x 48T cm<\/li>\n<li> Sitt h\u00f6jd: 46 cm<\/li>\n<li> Kuddtjocklek: 5 cm<\/li>\n<li> Belastningskapacitet: 180 kg<\/li>\n<\/ul>\n<p>Leveransinneh\u00e5ll:<\/p>\n<ul>\n<li> 1 x Hollywoodgunga<\/li>\n<li> 1 x Monteringsanvisningar<\/li>\n<\/ul>\n","protected":false},"excerpt":{"rendered":"<p>Hollywoodgungan fr\u00e5n TRUUSK \u00e4r det nya m\u00e5ste-ha f\u00f6r din tr\u00e4dg\u00e5rd. Med sin robusta, A-formade metallram b\u00e4r den bekv\u00e4mt upp till&#8230;<\/p>\n","protected":false},"featured_media":64634,"template":"","meta":[],"product_brand":[],"product_cat":[453,858,450],"product_tag":[],"class_list":{"0":"post-64643","1":"product","2":"type-product","3":"status-publish","4":"has-post-thumbnail","6":"product_cat-hollywood-gungor","7":"product_cat-tradgard-terrass","8":"product_cat-tradgardsmobler","10":"first","11":"instock","12":"sale","13":"taxable","14":"shipping-taxable","15":"purchasable","16":"product-type-simple"},"yoast_head":"<!-- This site is optimized with the Yoast SEO plugin v25.4 - https:\/\/yoast.com\/wordpress\/plugins\/seo\/ -->\n<title>TRUUSK Hollywood-sv\u00e4ng 2-sits Sv\u00e4ngb\u00e4nk - Med Baldakin - V\u00e4ska - Tr\u00e4dg\u00e5rdssv\u00e4ng - Upp Till 180 Kg - F\u00f6r Tr\u00e4dg\u00e5rd, Balkong - Svart - TRUUSK - Hem, Tr\u00e4dg\u00e5rd &amp; Fritid<\/title>\n<meta name=\"robots\" content=\"index, follow, max-snippet:-1, max-image-preview:large, max-video-preview:-1\" \/>\n<link rel=\"canonical\" href=\"https:\/\/truusk.store\/sv\/produkt\/truusk-hollywood-svang-2-sits-svangbank-med-baldakin-vaska-tradgardssvang-upp-till-180-kg-for-tradgard-balkong-svart\/\" \/>\n<meta property=\"og:locale\" content=\"sv_SE\" \/>\n<meta property=\"og:type\" content=\"article\" \/>\n<meta property=\"og:title\" content=\"TRUUSK Hollywood-sv\u00e4ng 2-sits Sv\u00e4ngb\u00e4nk - Med Baldakin - V\u00e4ska - Tr\u00e4dg\u00e5rdssv\u00e4ng - Upp Till 180 Kg - F\u00f6r Tr\u00e4dg\u00e5rd, Balkong - Svart - TRUUSK - Hem, Tr\u00e4dg\u00e5rd &amp; Fritid\" \/>\n<meta property=\"og:description\" content=\"Hollywoodgungan fr\u00e5n TRUUSK \u00e4r det nya m\u00e5ste-ha f\u00f6r din tr\u00e4dg\u00e5rd. Med sin robusta, A-formade metallram b\u00e4r den bekv\u00e4mt upp till...\" \/>\n<meta property=\"og:url\" content=\"https:\/\/truusk.store\/sv\/produkt\/truusk-hollywood-svang-2-sits-svangbank-med-baldakin-vaska-tradgardssvang-upp-till-180-kg-for-tradgard-balkong-svart\/\" \/>\n<meta property=\"og:site_name\" content=\"TRUUSK - Hem, Tr\u00e4dg\u00e5rd &amp; Fritid\" \/>\n<meta property=\"article:modified_time\" content=\"2026-03-12T08:38:38+00:00\" \/>\n<meta property=\"og:image\" content=\"https:\/\/i0.wp.com\/truusk.se\/wp-content\/uploads\/2025\/06\/hollywood-svang-2-sits-svangbank-med-baldakin-vaska-tradgardssvang-med-bricka-upp-till-180-kg-belastning-for-tradgard-balkong-svart-1.webp?fit=2000%2C2000&ssl=1\" \/>\n\t<meta property=\"og:image:width\" content=\"2000\" \/>\n\t<meta property=\"og:image:height\" content=\"2000\" \/>\n\t<meta property=\"og:image:type\" content=\"image\/webp\" \/>\n<meta name=\"twitter:card\" content=\"summary_large_image\" \/>\n<meta name=\"twitter:label1\" content=\"Ber\u00e4knad l\u00e4stid\" \/>\n\t<meta name=\"twitter:data1\" content=\"1 minut\" \/>\n<!-- \/ Yoast SEO plugin. -->","yoast_head_json":{"title":"TRUUSK Hollywood-sv\u00e4ng 2-sits Sv\u00e4ngb\u00e4nk - Med Baldakin - V\u00e4ska - Tr\u00e4dg\u00e5rdssv\u00e4ng - Upp Till 180 Kg - F\u00f6r Tr\u00e4dg\u00e5rd, Balkong - Svart - TRUUSK - Hem, Tr\u00e4dg\u00e5rd &amp; Fritid","robots":{"index":"index","follow":"follow","max-snippet":"max-snippet:-1","max-image-preview":"max-image-preview:large","max-video-preview":"max-video-preview:-1"},"canonical":"https:\/\/truusk.store\/sv\/produkt\/truusk-hollywood-svang-2-sits-svangbank-med-baldakin-vaska-tradgardssvang-upp-till-180-kg-for-tradgard-balkong-svart\/","og_locale":"sv_SE","og_type":"article","og_title":"TRUUSK Hollywood-sv\u00e4ng 2-sits Sv\u00e4ngb\u00e4nk - Med Baldakin - V\u00e4ska - Tr\u00e4dg\u00e5rdssv\u00e4ng - Upp Till 180 Kg - F\u00f6r Tr\u00e4dg\u00e5rd, Balkong - Svart - TRUUSK - Hem, Tr\u00e4dg\u00e5rd &amp; Fritid","og_description":"Hollywoodgungan fr\u00e5n TRUUSK \u00e4r det nya m\u00e5ste-ha f\u00f6r din tr\u00e4dg\u00e5rd. Med sin robusta, A-formade metallram b\u00e4r den bekv\u00e4mt upp till...","og_url":"https:\/\/truusk.store\/sv\/produkt\/truusk-hollywood-svang-2-sits-svangbank-med-baldakin-vaska-tradgardssvang-upp-till-180-kg-for-tradgard-balkong-svart\/","og_site_name":"TRUUSK - Hem, Tr\u00e4dg\u00e5rd &amp; Fritid","article_modified_time":"2026-03-12T08:38:38+00:00","og_image":[{"width":2000,"height":2000,"url":"https:\/\/i0.wp.com\/truusk.se\/wp-content\/uploads\/2025\/06\/hollywood-svang-2-sits-svangbank-med-baldakin-vaska-tradgardssvang-med-bricka-upp-till-180-kg-belastning-for-tradgard-balkong-svart-1.webp?fit=2000%2C2000&ssl=1","type":"image\/webp"}],"twitter_card":"summary_large_image","twitter_misc":{"Ber\u00e4knad l\u00e4stid":"1 minut"},"schema":{"@context":"https:\/\/schema.org","@graph":[{"@type":"WebPage","@id":"https:\/\/truusk.store\/sv\/produkt\/truusk-hollywood-svang-2-sits-svangbank-med-baldakin-vaska-tradgardssvang-upp-till-180-kg-for-tradgard-balkong-svart\/","url":"https:\/\/truusk.store\/sv\/produkt\/truusk-hollywood-svang-2-sits-svangbank-med-baldakin-vaska-tradgardssvang-upp-till-180-kg-for-tradgard-balkong-svart\/","name":"TRUUSK Hollywood-sv\u00e4ng 2-sits Sv\u00e4ngb\u00e4nk - Med Baldakin - V\u00e4ska - Tr\u00e4dg\u00e5rdssv\u00e4ng - Upp Till 180 Kg - F\u00f6r Tr\u00e4dg\u00e5rd, Balkong - Svart - TRUUSK - Hem, Tr\u00e4dg\u00e5rd &amp; Fritid","isPartOf":{"@id":"https:\/\/truusk.store\/sv\/#website"},"primaryImageOfPage":{"@id":"https:\/\/truusk.store\/sv\/produkt\/truusk-hollywood-svang-2-sits-svangbank-med-baldakin-vaska-tradgardssvang-upp-till-180-kg-for-tradgard-balkong-svart\/#primaryimage"},"image":{"@id":"https:\/\/truusk.store\/sv\/produkt\/truusk-hollywood-svang-2-sits-svangbank-med-baldakin-vaska-tradgardssvang-upp-till-180-kg-for-tradgard-balkong-svart\/#primaryimage"},"thumbnailUrl":"https:\/\/i0.wp.com\/truusk.store\/wp-content\/uploads\/2025\/06\/hollywood-svang-2-sits-svangbank-med-baldakin-vaska-tradgardssvang-med-bricka-upp-till-180-kg-belastning-for-tradgard-balkong-svart-1.webp?fit=2000%2C2000&ssl=1","datePublished":"2025-06-05T08:45:38+00:00","dateModified":"2026-03-12T08:38:38+00:00","breadcrumb":{"@id":"https:\/\/truusk.store\/sv\/produkt\/truusk-hollywood-svang-2-sits-svangbank-med-baldakin-vaska-tradgardssvang-upp-till-180-kg-for-tradgard-balkong-svart\/#breadcrumb"},"inLanguage":"sv-SE","potentialAction":[{"@type":"ReadAction","target":["https:\/\/truusk.store\/sv\/produkt\/truusk-hollywood-svang-2-sits-svangbank-med-baldakin-vaska-tradgardssvang-upp-till-180-kg-for-tradgard-balkong-svart\/"]}]},{"@type":"ImageObject","inLanguage":"sv-SE","@id":"https:\/\/truusk.store\/sv\/produkt\/truusk-hollywood-svang-2-sits-svangbank-med-baldakin-vaska-tradgardssvang-upp-till-180-kg-for-tradgard-balkong-svart\/#primaryimage","url":"https:\/\/i0.wp.com\/truusk.store\/wp-content\/uploads\/2025\/06\/hollywood-svang-2-sits-svangbank-med-baldakin-vaska-tradgardssvang-med-bricka-upp-till-180-kg-belastning-for-tradgard-balkong-svart-1.webp?fit=2000%2C2000&ssl=1","contentUrl":"https:\/\/i0.wp.com\/truusk.store\/wp-content\/uploads\/2025\/06\/hollywood-svang-2-sits-svangbank-med-baldakin-vaska-tradgardssvang-med-bricka-upp-till-180-kg-belastning-for-tradgard-balkong-svart-1.webp?fit=2000%2C2000&ssl=1","width":2000,"height":2000},{"@type":"BreadcrumbList","@id":"https:\/\/truusk.store\/sv\/produkt\/truusk-hollywood-svang-2-sits-svangbank-med-baldakin-vaska-tradgardssvang-upp-till-180-kg-for-tradgard-balkong-svart\/#breadcrumb","itemListElement":[{"@type":"ListItem","position":1,"name":"Home","item":"https:\/\/truusk.store\/sv\/"},{"@type":"ListItem","position":2,"name":"Shop","item":"https:\/\/truusk.store\/shop\/"},{"@type":"ListItem","position":3,"name":"TRUUSK Hollywood-sv\u00e4ng 2-sits Sv\u00e4ngb\u00e4nk &#8211; Med Baldakin &#8211; V\u00e4ska &#8211; Tr\u00e4dg\u00e5rdssv\u00e4ng &#8211; Upp Till 180 Kg &#8211; F\u00f6r Tr\u00e4dg\u00e5rd, Balkong &#8211; Svart"}]},{"@type":"WebSite","@id":"https:\/\/truusk.store\/sv\/#website","url":"https:\/\/truusk.store\/sv\/","name":"TRUUSK - Hem, Tr\u00e4dg\u00e5rd & Fritid","description":"","publisher":{"@id":"https:\/\/truusk.store\/sv\/#organization"},"potentialAction":[{"@type":"SearchAction","target":{"@type":"EntryPoint","urlTemplate":"https:\/\/truusk.store\/sv\/?s={search_term_string}"},"query-input":{"@type":"PropertyValueSpecification","valueRequired":true,"valueName":"search_term_string"}}],"inLanguage":"sv-SE"},{"@type":"Organization","@id":"https:\/\/truusk.store\/sv\/#organization","name":"TRUUSK - Hem, Tr\u00e4dg\u00e5rd & Fritid","url":"https:\/\/truusk.store\/sv\/","logo":{"@type":"ImageObject","inLanguage":"sv-SE","@id":"https:\/\/truusk.store\/sv\/#\/schema\/logo\/image\/","url":"https:\/\/i0.wp.com\/truusk.store\/wp-content\/uploads\/2026\/03\/cropped-TRUUSK.png?fit=2032%2C917&ssl=1","contentUrl":"https:\/\/i0.wp.com\/truusk.store\/wp-content\/uploads\/2026\/03\/cropped-TRUUSK.png?fit=2032%2C917&ssl=1","width":2032,"height":917,"caption":"TRUUSK - Hem, Tr\u00e4dg\u00e5rd & Fritid"},"image":{"@id":"https:\/\/truusk.store\/sv\/#\/schema\/logo\/image\/"}}]}},"jetpack_sharing_enabled":true,"_links":{"self":[{"href":"https:\/\/truusk.store\/sv\/wp-json\/wp\/v2\/product\/64643","targetHints":{"allow":["GET"]}}],"collection":[{"href":"https:\/\/truusk.store\/sv\/wp-json\/wp\/v2\/product"}],"about":[{"href":"https:\/\/truusk.store\/sv\/wp-json\/wp\/v2\/types\/product"}],"wp:featuredmedia":[{"embeddable":true,"href":"https:\/\/truusk.store\/sv\/wp-json\/wp\/v2\/media\/64634"}],"wp:attachment":[{"href":"https:\/\/truusk.store\/sv\/wp-json\/wp\/v2\/media?parent=64643"}],"wp:term":[{"taxonomy":"product_brand","embeddable":true,"href":"https:\/\/truusk.store\/sv\/wp-json\/wp\/v2\/product_brand?post=64643"},{"taxonomy":"product_cat","embeddable":true,"href":"https:\/\/truusk.store\/sv\/wp-json\/wp\/v2\/product_cat?post=64643"},{"taxonomy":"product_tag","embeddable":true,"href":"https:\/\/truusk.store\/sv\/wp-json\/wp\/v2\/product_tag?post=64643"}],"curies":[{"name":"wp","href":"https:\/\/api.w.org\/{rel}","templated":true}]}}