{"id":64673,"date":"2025-06-05T09:48:39","date_gmt":"2025-06-05T08:48:39","guid":{"rendered":"https:\/\/truusk.store\/product\/valplada-for-valpar-valphage-med-vattentat-och-tvattbar-liggmatta-justerbar-dorr-valphage-med-2-rumsdesign-for-sma-hundar-164-x-80-x-48-cm-vit\/"},"modified":"2026-03-12T09:43:22","modified_gmt":"2026-03-12T08:43:22","slug":"truusk-valplada-for-valpar-vattentat-liggmatta-justerbar-dorr-2-rumsdesign-for-sma-hundar-164-x-80-x-48-cm-vit","status":"publish","type":"product","link":"https:\/\/truusk.store\/sv\/produkt\/truusk-valplada-for-valpar-vattentat-liggmatta-justerbar-dorr-2-rumsdesign-for-sma-hundar-164-x-80-x-48-cm-vit\/","title":{"rendered":"TRUUSK Valpl\u00e5da f\u00f6r Valpar &#8211; Vattent\u00e4t Liggmatta &#8211; Justerbar D\u00f6rr &#8211; 2-rumsdesign &#8211; F\u00f6r Sm\u00e5 Hundar &#8211; 164 x 80 x 48 cm &#8211; Vit"},"content":{"rendered":"<p>Uppt\u00e4ck TRUUSK valpl\u00e5da, ett mysigt tillflyktsort f\u00f6r din nya hundfamilj. Denna valphage erbjuder justerbara \u00e5tkomstpaneler som s\u00e4kert skyddar valparna. Den stabila konstruktionen av furutr\u00e4 med en genomskinlig akrylsida g\u00f6r att du alltid kan h\u00e5lla ett \u00f6ga p\u00e5 allt. Idealisk f\u00f6r sm\u00e5 hundar och deras valpar.<\/p>\n<p>Beskrivning:<\/p>\n<ul>\n<li> Den justerbara ing\u00e5ngsh\u00f6jden p\u00e5 valpl\u00e5dan underl\u00e4ttar en s\u00e4ker vistelse f\u00f6r valpar<\/li>\n<li> Den f\u00f6rseglade, vindt\u00e4ta designen erbjuder ett skyddat utrymme f\u00f6r hundar<\/li>\n<li> En klar akrylplatta m\u00f6jligg\u00f6r enkel observation av hundarna<\/li>\n<li> Enkel tv\u00e5rumslayout av hundhagen separerar vid behov moder och valpar<\/li>\n<li> Speciellt utformad f\u00f6r mindre hundar<\/li>\n<li> Halkfria fotdynor ger stabilitet<\/li>\n<li> Erbjuder en p\u00e5litlig, mysig tillflyktsort f\u00f6r f\u00f6dsel och vila<\/li>\n<\/ul>\n<p>Tekniska data:<\/p>\n<ul>\n<li> F\u00e4rg: Vit<\/li>\n<li> Material: Furutr\u00e4, MDF, Akryl<\/li>\n<li> Totala dimensioner: 164L x 80B x 48H cm<\/li>\n<li> M\u00e5tt per enskild panel: 80B x 48H cm<\/li>\n<li> Ing\u00e5ngsbredd: 30B cm<\/li>\n<li> Avtagbar d\u00f6rrpanelstorlek: 32B x 25H cm, 32B x 12,5H cm<\/li>\n<\/ul>\n<p>Leveransinneh\u00e5ll:<\/p>\n<ul>\n<li> 1 x Valpl\u00e5da<\/li>\n<li> 1 x Manual<\/li>\n<\/ul>\n","protected":false},"excerpt":{"rendered":"<p>Uppt\u00e4ck TRUUSK valpl\u00e5da, ett mysigt tillflyktsort f\u00f6r din nya hundfamilj. Denna valphage erbjuder justerbara \u00e5tkomstpaneler som s\u00e4kert skyddar valparna. Den&#8230;<\/p>\n","protected":false},"featured_media":64664,"template":"","meta":[],"product_brand":[],"product_cat":[878,948,574],"product_tag":[],"class_list":{"0":"post-64673","1":"product","2":"type-product","3":"status-publish","4":"has-post-thumbnail","6":"product_cat-djurbehov","7":"product_cat-hundgaller-skiljevaggar","8":"product_cat-hundtillbehor","10":"first","11":"instock","12":"sale","13":"taxable","14":"shipping-taxable","15":"purchasable","16":"product-type-simple"},"yoast_head":"<!-- This site is optimized with the Yoast SEO plugin v25.4 - https:\/\/yoast.com\/wordpress\/plugins\/seo\/ -->\n<title>TRUUSK Valpl\u00e5da f\u00f6r Valpar - Vattent\u00e4t Liggmatta - Justerbar D\u00f6rr - 2-rumsdesign - F\u00f6r Sm\u00e5 Hundar - 164 x 80 x 48 cm - Vit - TRUUSK - Hem, Tr\u00e4dg\u00e5rd &amp; Fritid<\/title>\n<meta name=\"robots\" content=\"index, follow, max-snippet:-1, max-image-preview:large, max-video-preview:-1\" \/>\n<link rel=\"canonical\" href=\"https:\/\/truusk.store\/sv\/produkt\/truusk-valplada-for-valpar-vattentat-liggmatta-justerbar-dorr-2-rumsdesign-for-sma-hundar-164-x-80-x-48-cm-vit\/\" \/>\n<meta property=\"og:locale\" content=\"sv_SE\" \/>\n<meta property=\"og:type\" content=\"article\" \/>\n<meta property=\"og:title\" content=\"TRUUSK Valpl\u00e5da f\u00f6r Valpar - Vattent\u00e4t Liggmatta - Justerbar D\u00f6rr - 2-rumsdesign - F\u00f6r Sm\u00e5 Hundar - 164 x 80 x 48 cm - Vit - TRUUSK - Hem, Tr\u00e4dg\u00e5rd &amp; Fritid\" \/>\n<meta property=\"og:description\" content=\"Uppt\u00e4ck TRUUSK valpl\u00e5da, ett mysigt tillflyktsort f\u00f6r din nya hundfamilj. Denna valphage erbjuder justerbara \u00e5tkomstpaneler som s\u00e4kert skyddar valparna. Den...\" \/>\n<meta property=\"og:url\" content=\"https:\/\/truusk.store\/sv\/produkt\/truusk-valplada-for-valpar-vattentat-liggmatta-justerbar-dorr-2-rumsdesign-for-sma-hundar-164-x-80-x-48-cm-vit\/\" \/>\n<meta property=\"og:site_name\" content=\"TRUUSK - Hem, Tr\u00e4dg\u00e5rd &amp; Fritid\" \/>\n<meta property=\"article:modified_time\" content=\"2026-03-12T08:43:22+00:00\" \/>\n<meta property=\"og:image\" content=\"https:\/\/i0.wp.com\/truusk.se\/wp-content\/uploads\/2025\/06\/valplada-for-valpar-valphage-med-vattentat-och-tvattbar-liggmatta-justerbar-dorr-valphage-med-2-rumsdesign-for-sma-hundar-164-x-80-x-48-cm-vit-1.webp?fit=2000%2C2000&ssl=1\" \/>\n\t<meta property=\"og:image:width\" content=\"2000\" \/>\n\t<meta property=\"og:image:height\" content=\"2000\" \/>\n\t<meta property=\"og:image:type\" content=\"image\/webp\" \/>\n<meta name=\"twitter:card\" content=\"summary_large_image\" \/>\n<meta name=\"twitter:label1\" content=\"Ber\u00e4knad l\u00e4stid\" \/>\n\t<meta name=\"twitter:data1\" content=\"1 minut\" \/>\n<!-- \/ Yoast SEO plugin. -->","yoast_head_json":{"title":"TRUUSK Valpl\u00e5da f\u00f6r Valpar - Vattent\u00e4t Liggmatta - Justerbar D\u00f6rr - 2-rumsdesign - F\u00f6r Sm\u00e5 Hundar - 164 x 80 x 48 cm - Vit - TRUUSK - Hem, Tr\u00e4dg\u00e5rd &amp; Fritid","robots":{"index":"index","follow":"follow","max-snippet":"max-snippet:-1","max-image-preview":"max-image-preview:large","max-video-preview":"max-video-preview:-1"},"canonical":"https:\/\/truusk.store\/sv\/produkt\/truusk-valplada-for-valpar-vattentat-liggmatta-justerbar-dorr-2-rumsdesign-for-sma-hundar-164-x-80-x-48-cm-vit\/","og_locale":"sv_SE","og_type":"article","og_title":"TRUUSK Valpl\u00e5da f\u00f6r Valpar - Vattent\u00e4t Liggmatta - Justerbar D\u00f6rr - 2-rumsdesign - F\u00f6r Sm\u00e5 Hundar - 164 x 80 x 48 cm - Vit - TRUUSK - Hem, Tr\u00e4dg\u00e5rd &amp; Fritid","og_description":"Uppt\u00e4ck TRUUSK valpl\u00e5da, ett mysigt tillflyktsort f\u00f6r din nya hundfamilj. Denna valphage erbjuder justerbara \u00e5tkomstpaneler som s\u00e4kert skyddar valparna. Den...","og_url":"https:\/\/truusk.store\/sv\/produkt\/truusk-valplada-for-valpar-vattentat-liggmatta-justerbar-dorr-2-rumsdesign-for-sma-hundar-164-x-80-x-48-cm-vit\/","og_site_name":"TRUUSK - Hem, Tr\u00e4dg\u00e5rd &amp; Fritid","article_modified_time":"2026-03-12T08:43:22+00:00","og_image":[{"width":2000,"height":2000,"url":"https:\/\/i0.wp.com\/truusk.se\/wp-content\/uploads\/2025\/06\/valplada-for-valpar-valphage-med-vattentat-och-tvattbar-liggmatta-justerbar-dorr-valphage-med-2-rumsdesign-for-sma-hundar-164-x-80-x-48-cm-vit-1.webp?fit=2000%2C2000&ssl=1","type":"image\/webp"}],"twitter_card":"summary_large_image","twitter_misc":{"Ber\u00e4knad l\u00e4stid":"1 minut"},"schema":{"@context":"https:\/\/schema.org","@graph":[{"@type":"WebPage","@id":"https:\/\/truusk.store\/sv\/produkt\/truusk-valplada-for-valpar-vattentat-liggmatta-justerbar-dorr-2-rumsdesign-for-sma-hundar-164-x-80-x-48-cm-vit\/","url":"https:\/\/truusk.store\/sv\/produkt\/truusk-valplada-for-valpar-vattentat-liggmatta-justerbar-dorr-2-rumsdesign-for-sma-hundar-164-x-80-x-48-cm-vit\/","name":"TRUUSK Valpl\u00e5da f\u00f6r Valpar - Vattent\u00e4t Liggmatta - Justerbar D\u00f6rr - 2-rumsdesign - F\u00f6r Sm\u00e5 Hundar - 164 x 80 x 48 cm - Vit - TRUUSK - Hem, Tr\u00e4dg\u00e5rd &amp; Fritid","isPartOf":{"@id":"https:\/\/truusk.store\/sv\/#website"},"primaryImageOfPage":{"@id":"https:\/\/truusk.store\/sv\/produkt\/truusk-valplada-for-valpar-vattentat-liggmatta-justerbar-dorr-2-rumsdesign-for-sma-hundar-164-x-80-x-48-cm-vit\/#primaryimage"},"image":{"@id":"https:\/\/truusk.store\/sv\/produkt\/truusk-valplada-for-valpar-vattentat-liggmatta-justerbar-dorr-2-rumsdesign-for-sma-hundar-164-x-80-x-48-cm-vit\/#primaryimage"},"thumbnailUrl":"https:\/\/i0.wp.com\/truusk.store\/wp-content\/uploads\/2025\/06\/valplada-for-valpar-valphage-med-vattentat-och-tvattbar-liggmatta-justerbar-dorr-valphage-med-2-rumsdesign-for-sma-hundar-164-x-80-x-48-cm-vit-1.webp?fit=2000%2C2000&ssl=1","datePublished":"2025-06-05T08:48:39+00:00","dateModified":"2026-03-12T08:43:22+00:00","breadcrumb":{"@id":"https:\/\/truusk.store\/sv\/produkt\/truusk-valplada-for-valpar-vattentat-liggmatta-justerbar-dorr-2-rumsdesign-for-sma-hundar-164-x-80-x-48-cm-vit\/#breadcrumb"},"inLanguage":"sv-SE","potentialAction":[{"@type":"ReadAction","target":["https:\/\/truusk.store\/sv\/produkt\/truusk-valplada-for-valpar-vattentat-liggmatta-justerbar-dorr-2-rumsdesign-for-sma-hundar-164-x-80-x-48-cm-vit\/"]}]},{"@type":"ImageObject","inLanguage":"sv-SE","@id":"https:\/\/truusk.store\/sv\/produkt\/truusk-valplada-for-valpar-vattentat-liggmatta-justerbar-dorr-2-rumsdesign-for-sma-hundar-164-x-80-x-48-cm-vit\/#primaryimage","url":"https:\/\/i0.wp.com\/truusk.store\/wp-content\/uploads\/2025\/06\/valplada-for-valpar-valphage-med-vattentat-och-tvattbar-liggmatta-justerbar-dorr-valphage-med-2-rumsdesign-for-sma-hundar-164-x-80-x-48-cm-vit-1.webp?fit=2000%2C2000&ssl=1","contentUrl":"https:\/\/i0.wp.com\/truusk.store\/wp-content\/uploads\/2025\/06\/valplada-for-valpar-valphage-med-vattentat-och-tvattbar-liggmatta-justerbar-dorr-valphage-med-2-rumsdesign-for-sma-hundar-164-x-80-x-48-cm-vit-1.webp?fit=2000%2C2000&ssl=1","width":2000,"height":2000},{"@type":"BreadcrumbList","@id":"https:\/\/truusk.store\/sv\/produkt\/truusk-valplada-for-valpar-vattentat-liggmatta-justerbar-dorr-2-rumsdesign-for-sma-hundar-164-x-80-x-48-cm-vit\/#breadcrumb","itemListElement":[{"@type":"ListItem","position":1,"name":"Home","item":"https:\/\/truusk.store\/sv\/"},{"@type":"ListItem","position":2,"name":"Shop","item":"https:\/\/truusk.store\/shop\/"},{"@type":"ListItem","position":3,"name":"TRUUSK Valpl\u00e5da f\u00f6r Valpar &#8211; Vattent\u00e4t Liggmatta &#8211; Justerbar D\u00f6rr &#8211; 2-rumsdesign &#8211; F\u00f6r Sm\u00e5 Hundar &#8211; 164 x 80 x 48 cm &#8211; Vit"}]},{"@type":"WebSite","@id":"https:\/\/truusk.store\/sv\/#website","url":"https:\/\/truusk.store\/sv\/","name":"TRUUSK - Hem, Tr\u00e4dg\u00e5rd & Fritid","description":"","publisher":{"@id":"https:\/\/truusk.store\/sv\/#organization"},"potentialAction":[{"@type":"SearchAction","target":{"@type":"EntryPoint","urlTemplate":"https:\/\/truusk.store\/sv\/?s={search_term_string}"},"query-input":{"@type":"PropertyValueSpecification","valueRequired":true,"valueName":"search_term_string"}}],"inLanguage":"sv-SE"},{"@type":"Organization","@id":"https:\/\/truusk.store\/sv\/#organization","name":"TRUUSK - Hem, Tr\u00e4dg\u00e5rd & Fritid","url":"https:\/\/truusk.store\/sv\/","logo":{"@type":"ImageObject","inLanguage":"sv-SE","@id":"https:\/\/truusk.store\/sv\/#\/schema\/logo\/image\/","url":"https:\/\/i0.wp.com\/truusk.store\/wp-content\/uploads\/2026\/03\/cropped-TRUUSK.png?fit=2032%2C917&ssl=1","contentUrl":"https:\/\/i0.wp.com\/truusk.store\/wp-content\/uploads\/2026\/03\/cropped-TRUUSK.png?fit=2032%2C917&ssl=1","width":2032,"height":917,"caption":"TRUUSK - Hem, Tr\u00e4dg\u00e5rd & Fritid"},"image":{"@id":"https:\/\/truusk.store\/sv\/#\/schema\/logo\/image\/"}}]}},"jetpack_sharing_enabled":true,"_links":{"self":[{"href":"https:\/\/truusk.store\/sv\/wp-json\/wp\/v2\/product\/64673","targetHints":{"allow":["GET"]}}],"collection":[{"href":"https:\/\/truusk.store\/sv\/wp-json\/wp\/v2\/product"}],"about":[{"href":"https:\/\/truusk.store\/sv\/wp-json\/wp\/v2\/types\/product"}],"wp:featuredmedia":[{"embeddable":true,"href":"https:\/\/truusk.store\/sv\/wp-json\/wp\/v2\/media\/64664"}],"wp:attachment":[{"href":"https:\/\/truusk.store\/sv\/wp-json\/wp\/v2\/media?parent=64673"}],"wp:term":[{"taxonomy":"product_brand","embeddable":true,"href":"https:\/\/truusk.store\/sv\/wp-json\/wp\/v2\/product_brand?post=64673"},{"taxonomy":"product_cat","embeddable":true,"href":"https:\/\/truusk.store\/sv\/wp-json\/wp\/v2\/product_cat?post=64673"},{"taxonomy":"product_tag","embeddable":true,"href":"https:\/\/truusk.store\/sv\/wp-json\/wp\/v2\/product_tag?post=64673"}],"curies":[{"name":"wp","href":"https:\/\/api.w.org\/{rel}","templated":true}]}}