{"id":6470,"date":"2024-02-13T08:27:03","date_gmt":"2024-02-13T07:27:03","guid":{"rendered":"https:\/\/truusk.store\/product\/hangbank-med-fallbord-och-mugghallare-av-naturtra-150-x-75-x-53cm\/"},"modified":"2026-03-12T08:55:18","modified_gmt":"2026-03-12T07:55:18","slug":"truusk-hangbank-med-fallbord-och-mugghallare-naturtra-150-x-75-x-53cm","status":"publish","type":"product","link":"https:\/\/truusk.store\/sv\/produkt\/truusk-hangbank-med-fallbord-och-mugghallare-naturtra-150-x-75-x-53cm\/","title":{"rendered":"TRUUSK H\u00e4ngb\u00e4nk Med F\u00e4llbord Och Muggh\u00e5llare &#8211; Naturtr\u00e4 &#8211; 150 x 75 x 53cm"},"content":{"rendered":"<p>Denna 3-sitsiga gungstol har ett smakfullt utseende och \u00e4r ett enast\u00e5ende tillskott till din tr\u00e4dg\u00e5rd! Gungstolen \u00e4r gjord av massivt gran och \u00e4r d\u00e4rf\u00f6r extra robust. En lackerad yta skyddar tr\u00e4et fr\u00e5n regn och slitage. Breda armst\u00f6d och en gener\u00f6s sits ger dig en exceptionellt bekv\u00e4m sittupplevelse.<\/p>\n<h3>Beskrivning:<\/h3>\n<ul>\n<li>Perfekt f\u00f6r uteplats, tr\u00e4dg\u00e5rd, bakg\u00e5rd och andra ytor utomhus<\/li>\n<li>Praktisk gungb\u00e4nk kan st\u00f6dja upp till 3 personer<\/li>\n<li>Tillverkad av massivt tr\u00e4 f\u00f6r stabilitet<\/li>\n<li>Den m\u00e5lade ytan \u00e4r vattenavvisande<\/li>\n<li>Ett hopf\u00e4llbart sidobord med muggh\u00e5llare \u00e4r s\u00e4rskilt praktiskt<\/li>\n<li>Stabila metallkedjor s\u00e4kerst\u00e4ller ett starkt grepp<\/li>\n<li>Extremt bekv\u00e4m form tack vare det h\u00f6ga ryggst\u00f6det och breda armst\u00f6den<\/li>\n<li>Montering kr\u00e4vs<\/li>\n<\/ul>\n<h3>Teknisk data:<\/h3>\n<ul>\n<li>F\u00e4rg: Naturlig<\/li>\n<li>Material: gran<\/li>\n<li>Totala m\u00e5tt: 150L x 75W x 53H cm<\/li>\n<li>Sitsstorlek: 128W x 49D cm<\/li>\n<li>Ryggst\u00f6dets h\u00f6jd: 50 cm<\/li>\n<li>Ryggst\u00f6dets bredd: 117 cm<\/li>\n<li>Armst\u00f6dsstorlek: 11L x 64W x 2D cm<\/li>\n<li>Soffbordsstorlek: 30L x 35W cm<\/li>\n<li>Muggh\u00e5llare storlek: 7 x 9H cm<\/li>\n<li>L\u00e4ngd p\u00e5 st\u00e5lkedjor: 1 m, 2,3 m<\/li>\n<li>Lastkapacitet: 200 kg<\/li>\n<\/ul>\n<h3>Leveransens omfattning:<\/h3>\n<ul>\n<li>1 x gungstol<\/li>\n<li>4 x kedja<\/li>\n<li>4 x S-formade krokar<\/li>\n<li>1 x Instruktioner VIKTIGT: Vi levererar varan till trottoarkanten utan kostnad. Se till att du anger r\u00e4tt adress och telefonnummer.<\/li>\n<\/ul>\n","protected":false},"excerpt":{"rendered":"<p>Denna 3-sitsiga gungstol har ett smakfullt utseende och \u00e4r ett enast\u00e5ende tillskott till din tr\u00e4dg\u00e5rd! Gungstolen \u00e4r gjord av massivt&#8230;<\/p>\n","protected":false},"featured_media":6471,"template":"","meta":[],"product_brand":[],"product_cat":[453,435,450],"product_tag":[],"class_list":{"0":"post-6470","1":"product","2":"type-product","3":"status-publish","4":"has-post-thumbnail","6":"product_cat-hollywood-gungor","7":"product_cat-tradgard-och-terrass","8":"product_cat-tradgardsmobler","10":"first","11":"instock","12":"sale","13":"taxable","14":"shipping-taxable","15":"purchasable","16":"product-type-simple"},"yoast_head":"<!-- This site is optimized with the Yoast SEO plugin v25.4 - https:\/\/yoast.com\/wordpress\/plugins\/seo\/ -->\n<title>TRUUSK H\u00e4ngb\u00e4nk Med F\u00e4llbord Och Muggh\u00e5llare - Naturtr\u00e4 - 150 x 75 x 53cm - TRUUSK - Hem, Tr\u00e4dg\u00e5rd &amp; Fritid<\/title>\n<meta name=\"robots\" content=\"index, follow, max-snippet:-1, max-image-preview:large, max-video-preview:-1\" \/>\n<link rel=\"canonical\" href=\"https:\/\/truusk.store\/sv\/produkt\/truusk-hangbank-med-fallbord-och-mugghallare-naturtra-150-x-75-x-53cm\/\" \/>\n<meta property=\"og:locale\" content=\"sv_SE\" \/>\n<meta property=\"og:type\" content=\"article\" \/>\n<meta property=\"og:title\" content=\"TRUUSK H\u00e4ngb\u00e4nk Med F\u00e4llbord Och Muggh\u00e5llare - Naturtr\u00e4 - 150 x 75 x 53cm - TRUUSK - Hem, Tr\u00e4dg\u00e5rd &amp; Fritid\" \/>\n<meta property=\"og:description\" content=\"Denna 3-sitsiga gungstol har ett smakfullt utseende och \u00e4r ett enast\u00e5ende tillskott till din tr\u00e4dg\u00e5rd! Gungstolen \u00e4r gjord av massivt...\" \/>\n<meta property=\"og:url\" content=\"https:\/\/truusk.store\/sv\/produkt\/truusk-hangbank-med-fallbord-och-mugghallare-naturtra-150-x-75-x-53cm\/\" \/>\n<meta property=\"og:site_name\" content=\"TRUUSK - Hem, Tr\u00e4dg\u00e5rd &amp; Fritid\" \/>\n<meta property=\"article:modified_time\" content=\"2026-03-12T07:55:18+00:00\" \/>\n<meta property=\"og:image\" content=\"https:\/\/i0.wp.com\/truusk.se\/wp-content\/uploads\/2024\/02\/hangbank-med-fallbord-och-mugghallare-av-naturtra-150-x-75-x-53cm.webp?fit=800%2C800&ssl=1\" \/>\n\t<meta property=\"og:image:width\" content=\"800\" \/>\n\t<meta property=\"og:image:height\" content=\"800\" \/>\n\t<meta property=\"og:image:type\" content=\"image\/webp\" \/>\n<meta name=\"twitter:card\" content=\"summary_large_image\" \/>\n<meta name=\"twitter:label1\" content=\"Ber\u00e4knad l\u00e4stid\" \/>\n\t<meta name=\"twitter:data1\" content=\"1 minut\" \/>\n<!-- \/ Yoast SEO plugin. -->","yoast_head_json":{"title":"TRUUSK H\u00e4ngb\u00e4nk Med F\u00e4llbord Och Muggh\u00e5llare - Naturtr\u00e4 - 150 x 75 x 53cm - TRUUSK - Hem, Tr\u00e4dg\u00e5rd &amp; Fritid","robots":{"index":"index","follow":"follow","max-snippet":"max-snippet:-1","max-image-preview":"max-image-preview:large","max-video-preview":"max-video-preview:-1"},"canonical":"https:\/\/truusk.store\/sv\/produkt\/truusk-hangbank-med-fallbord-och-mugghallare-naturtra-150-x-75-x-53cm\/","og_locale":"sv_SE","og_type":"article","og_title":"TRUUSK H\u00e4ngb\u00e4nk Med F\u00e4llbord Och Muggh\u00e5llare - Naturtr\u00e4 - 150 x 75 x 53cm - TRUUSK - Hem, Tr\u00e4dg\u00e5rd &amp; Fritid","og_description":"Denna 3-sitsiga gungstol har ett smakfullt utseende och \u00e4r ett enast\u00e5ende tillskott till din tr\u00e4dg\u00e5rd! Gungstolen \u00e4r gjord av massivt...","og_url":"https:\/\/truusk.store\/sv\/produkt\/truusk-hangbank-med-fallbord-och-mugghallare-naturtra-150-x-75-x-53cm\/","og_site_name":"TRUUSK - Hem, Tr\u00e4dg\u00e5rd &amp; Fritid","article_modified_time":"2026-03-12T07:55:18+00:00","og_image":[{"width":800,"height":800,"url":"https:\/\/i0.wp.com\/truusk.se\/wp-content\/uploads\/2024\/02\/hangbank-med-fallbord-och-mugghallare-av-naturtra-150-x-75-x-53cm.webp?fit=800%2C800&ssl=1","type":"image\/webp"}],"twitter_card":"summary_large_image","twitter_misc":{"Ber\u00e4knad l\u00e4stid":"1 minut"},"schema":{"@context":"https:\/\/schema.org","@graph":[{"@type":"WebPage","@id":"https:\/\/truusk.store\/sv\/produkt\/truusk-hangbank-med-fallbord-och-mugghallare-naturtra-150-x-75-x-53cm\/","url":"https:\/\/truusk.store\/sv\/produkt\/truusk-hangbank-med-fallbord-och-mugghallare-naturtra-150-x-75-x-53cm\/","name":"TRUUSK H\u00e4ngb\u00e4nk Med F\u00e4llbord Och Muggh\u00e5llare - Naturtr\u00e4 - 150 x 75 x 53cm - TRUUSK - Hem, Tr\u00e4dg\u00e5rd &amp; Fritid","isPartOf":{"@id":"https:\/\/truusk.store\/sv\/#website"},"primaryImageOfPage":{"@id":"https:\/\/truusk.store\/sv\/produkt\/truusk-hangbank-med-fallbord-och-mugghallare-naturtra-150-x-75-x-53cm\/#primaryimage"},"image":{"@id":"https:\/\/truusk.store\/sv\/produkt\/truusk-hangbank-med-fallbord-och-mugghallare-naturtra-150-x-75-x-53cm\/#primaryimage"},"thumbnailUrl":"https:\/\/i0.wp.com\/truusk.store\/wp-content\/uploads\/2024\/02\/hangbank-med-fallbord-och-mugghallare-av-naturtra-150-x-75-x-53cm.webp?fit=800%2C800&ssl=1","datePublished":"2024-02-13T07:27:03+00:00","dateModified":"2026-03-12T07:55:18+00:00","breadcrumb":{"@id":"https:\/\/truusk.store\/sv\/produkt\/truusk-hangbank-med-fallbord-och-mugghallare-naturtra-150-x-75-x-53cm\/#breadcrumb"},"inLanguage":"sv-SE","potentialAction":[{"@type":"ReadAction","target":["https:\/\/truusk.store\/sv\/produkt\/truusk-hangbank-med-fallbord-och-mugghallare-naturtra-150-x-75-x-53cm\/"]}]},{"@type":"ImageObject","inLanguage":"sv-SE","@id":"https:\/\/truusk.store\/sv\/produkt\/truusk-hangbank-med-fallbord-och-mugghallare-naturtra-150-x-75-x-53cm\/#primaryimage","url":"https:\/\/i0.wp.com\/truusk.store\/wp-content\/uploads\/2024\/02\/hangbank-med-fallbord-och-mugghallare-av-naturtra-150-x-75-x-53cm.webp?fit=800%2C800&ssl=1","contentUrl":"https:\/\/i0.wp.com\/truusk.store\/wp-content\/uploads\/2024\/02\/hangbank-med-fallbord-och-mugghallare-av-naturtra-150-x-75-x-53cm.webp?fit=800%2C800&ssl=1","width":800,"height":800,"caption":"H\u00e4ngb\u00e4nk Med F\u00e4llbord Och Muggh\u00e5llare Av Naturtr\u00e4 150 X 75 X 53cm 1"},{"@type":"BreadcrumbList","@id":"https:\/\/truusk.store\/sv\/produkt\/truusk-hangbank-med-fallbord-och-mugghallare-naturtra-150-x-75-x-53cm\/#breadcrumb","itemListElement":[{"@type":"ListItem","position":1,"name":"Home","item":"https:\/\/truusk.store\/sv\/"},{"@type":"ListItem","position":2,"name":"Shop","item":"https:\/\/truusk.store\/shop\/"},{"@type":"ListItem","position":3,"name":"TRUUSK H\u00e4ngb\u00e4nk Med F\u00e4llbord Och Muggh\u00e5llare &#8211; Naturtr\u00e4 &#8211; 150 x 75 x 53cm"}]},{"@type":"WebSite","@id":"https:\/\/truusk.store\/sv\/#website","url":"https:\/\/truusk.store\/sv\/","name":"TRUUSK - Hem, Tr\u00e4dg\u00e5rd & Fritid","description":"","publisher":{"@id":"https:\/\/truusk.store\/sv\/#organization"},"potentialAction":[{"@type":"SearchAction","target":{"@type":"EntryPoint","urlTemplate":"https:\/\/truusk.store\/sv\/?s={search_term_string}"},"query-input":{"@type":"PropertyValueSpecification","valueRequired":true,"valueName":"search_term_string"}}],"inLanguage":"sv-SE"},{"@type":"Organization","@id":"https:\/\/truusk.store\/sv\/#organization","name":"TRUUSK - Hem, Tr\u00e4dg\u00e5rd & Fritid","url":"https:\/\/truusk.store\/sv\/","logo":{"@type":"ImageObject","inLanguage":"sv-SE","@id":"https:\/\/truusk.store\/sv\/#\/schema\/logo\/image\/","url":"https:\/\/i0.wp.com\/truusk.store\/wp-content\/uploads\/2026\/03\/cropped-TRUUSK.png?fit=2032%2C917&ssl=1","contentUrl":"https:\/\/i0.wp.com\/truusk.store\/wp-content\/uploads\/2026\/03\/cropped-TRUUSK.png?fit=2032%2C917&ssl=1","width":2032,"height":917,"caption":"TRUUSK - Hem, Tr\u00e4dg\u00e5rd & Fritid"},"image":{"@id":"https:\/\/truusk.store\/sv\/#\/schema\/logo\/image\/"}}]}},"jetpack_sharing_enabled":true,"_links":{"self":[{"href":"https:\/\/truusk.store\/sv\/wp-json\/wp\/v2\/product\/6470","targetHints":{"allow":["GET"]}}],"collection":[{"href":"https:\/\/truusk.store\/sv\/wp-json\/wp\/v2\/product"}],"about":[{"href":"https:\/\/truusk.store\/sv\/wp-json\/wp\/v2\/types\/product"}],"wp:featuredmedia":[{"embeddable":true,"href":"https:\/\/truusk.store\/sv\/wp-json\/wp\/v2\/media\/6471"}],"wp:attachment":[{"href":"https:\/\/truusk.store\/sv\/wp-json\/wp\/v2\/media?parent=6470"}],"wp:term":[{"taxonomy":"product_brand","embeddable":true,"href":"https:\/\/truusk.store\/sv\/wp-json\/wp\/v2\/product_brand?post=6470"},{"taxonomy":"product_cat","embeddable":true,"href":"https:\/\/truusk.store\/sv\/wp-json\/wp\/v2\/product_cat?post=6470"},{"taxonomy":"product_tag","embeddable":true,"href":"https:\/\/truusk.store\/sv\/wp-json\/wp\/v2\/product_tag?post=6470"}],"curies":[{"name":"wp","href":"https:\/\/api.w.org\/{rel}","templated":true}]}}