{"id":64723,"date":"2025-06-05T09:53:37","date_gmt":"2025-06-05T08:53:37","guid":{"rendered":"https:\/\/truusk.store\/product\/2-delat-set-med-soffbord-runt-sidobord-kaffebord-med-stalram-soffbord-i-modern-design-for-vardagsrum-upp-till-35-kg-belastning-svart\/"},"modified":"2026-03-12T09:44:19","modified_gmt":"2026-03-12T08:44:19","slug":"truusk-soffbord-och-sidobord-set-modern-design-stalram-upp-till-35-kg-svart","status":"publish","type":"product","link":"https:\/\/truusk.store\/sv\/produkt\/truusk-soffbord-och-sidobord-set-modern-design-stalram-upp-till-35-kg-svart\/","title":{"rendered":"TRUUSK Soffbord och Sidobord Set &#8211; Modern Design &#8211; St\u00e5lram &#8211; Upp Till 35 kg &#8211; Svart"},"content":{"rendered":"<p>Upplev m\u00e5ngsidigheten med TRUUSK soffbordssats: Kan anv\u00e4ndas individuellt eller som platsbesparande, inb\u00e4ddade ensembler. Med sin eleganta runda form och fina svarta finish passar dessa soffbord s\u00f6ml\u00f6st in i alla moderna hem. Det lackerade st\u00e5lramen och den melaminbelagda MDF-ytan p\u00e5 soffborden ger ett samtida intryck i alla rum.<\/p>\n<p>Beskrivning:<\/p>\n<ul>\n<li> Kan placeras separat eller skjutas in i varandra f\u00f6r platsbesparande eller expansiva arrangemang<\/li>\n<li> Den runda formen och svarta ytan p\u00e5 soffborden ger varje rum en modern touch<\/li>\n<li> Ram av lackerat st\u00e5l, med tre ben f\u00f6r stabil st\u00f6d<\/li>\n<li> Melaminbelagd MDF-platta p\u00e5 kaffebordet \u00e4r rep- och fl\u00e4ckresistent<\/li>\n<li> M\u00e5ngsidigt anv\u00e4ndbar som soffbord, sidobord eller utst\u00e4llningsbord<\/li>\n<li> Montering kr\u00e4vs<\/li>\n<\/ul>\n<p>Tekniska data:<\/p>\n<ul>\n<li> F\u00e4rg: Svart<\/li>\n<li> Material: MDF, St\u00e5l<\/li>\n<li> Totala dimensioner: \u00d848 x 45H cm (stor), \u00d840 x 40H cm (liten)<\/li>\n<li> Tjocklek p\u00e5 bordsskiva: 1,5 cm<\/li>\n<li> Belastningskapacitet: 35 kg (totalt), 20 kg (stor), 15 kg (liten)<\/li>\n<\/ul>\n<p>Leveransinneh\u00e5ll:<\/p>\n<ul>\n<li> 1 x stort soffbord<\/li>\n<li> 1 x litet soffbord<\/li>\n<li> 1 x bruksanvisning<\/li>\n<\/ul>\n","protected":false},"excerpt":{"rendered":"<p>Upplev m\u00e5ngsidigheten med TRUUSK soffbordssats: Kan anv\u00e4ndas individuellt eller som platsbesparande, inb\u00e4ddade ensembler. Med sin eleganta runda form och fina&#8230;<\/p>\n","protected":false},"featured_media":64714,"template":"","meta":[],"product_brand":[],"product_cat":[871,929,910],"product_tag":[],"class_list":{"0":"post-64723","1":"product","2":"type-product","3":"status-publish","4":"has-post-thumbnail","6":"product_cat-hus-hem","7":"product_cat-soffbord","8":"product_cat-vardagsrum","10":"first","11":"instock","12":"sale","13":"taxable","14":"shipping-taxable","15":"purchasable","16":"product-type-simple"},"yoast_head":"<!-- This site is optimized with the Yoast SEO plugin v25.4 - https:\/\/yoast.com\/wordpress\/plugins\/seo\/ -->\n<title>TRUUSK Soffbord och Sidobord Set - Modern Design - St\u00e5lram - Upp Till 35 kg - Svart - TRUUSK - Hem, Tr\u00e4dg\u00e5rd &amp; Fritid<\/title>\n<meta name=\"robots\" content=\"index, follow, max-snippet:-1, max-image-preview:large, max-video-preview:-1\" \/>\n<link rel=\"canonical\" href=\"https:\/\/truusk.store\/sv\/produkt\/truusk-soffbord-och-sidobord-set-modern-design-stalram-upp-till-35-kg-svart\/\" \/>\n<meta property=\"og:locale\" content=\"sv_SE\" \/>\n<meta property=\"og:type\" content=\"article\" \/>\n<meta property=\"og:title\" content=\"TRUUSK Soffbord och Sidobord Set - Modern Design - St\u00e5lram - Upp Till 35 kg - Svart - TRUUSK - Hem, Tr\u00e4dg\u00e5rd &amp; Fritid\" \/>\n<meta property=\"og:description\" content=\"Upplev m\u00e5ngsidigheten med TRUUSK soffbordssats: Kan anv\u00e4ndas individuellt eller som platsbesparande, inb\u00e4ddade ensembler. Med sin eleganta runda form och fina...\" \/>\n<meta property=\"og:url\" content=\"https:\/\/truusk.store\/sv\/produkt\/truusk-soffbord-och-sidobord-set-modern-design-stalram-upp-till-35-kg-svart\/\" \/>\n<meta property=\"og:site_name\" content=\"TRUUSK - Hem, Tr\u00e4dg\u00e5rd &amp; Fritid\" \/>\n<meta property=\"article:modified_time\" content=\"2026-03-12T08:44:19+00:00\" \/>\n<meta property=\"og:image\" content=\"https:\/\/i0.wp.com\/truusk.se\/wp-content\/uploads\/2025\/06\/2-delat-set-med-soffbord-runt-sidobord-kaffebord-med-stalram-soffbord-i-modern-design-for-vardagsrum-upp-till-35-kg-belastning-svart-1.webp?fit=2000%2C2000&ssl=1\" \/>\n\t<meta property=\"og:image:width\" content=\"2000\" \/>\n\t<meta property=\"og:image:height\" content=\"2000\" \/>\n\t<meta property=\"og:image:type\" content=\"image\/webp\" \/>\n<meta name=\"twitter:card\" content=\"summary_large_image\" \/>\n<meta name=\"twitter:label1\" content=\"Ber\u00e4knad l\u00e4stid\" \/>\n\t<meta name=\"twitter:data1\" content=\"1 minut\" \/>\n<!-- \/ Yoast SEO plugin. -->","yoast_head_json":{"title":"TRUUSK Soffbord och Sidobord Set - Modern Design - St\u00e5lram - Upp Till 35 kg - Svart - TRUUSK - Hem, Tr\u00e4dg\u00e5rd &amp; Fritid","robots":{"index":"index","follow":"follow","max-snippet":"max-snippet:-1","max-image-preview":"max-image-preview:large","max-video-preview":"max-video-preview:-1"},"canonical":"https:\/\/truusk.store\/sv\/produkt\/truusk-soffbord-och-sidobord-set-modern-design-stalram-upp-till-35-kg-svart\/","og_locale":"sv_SE","og_type":"article","og_title":"TRUUSK Soffbord och Sidobord Set - Modern Design - St\u00e5lram - Upp Till 35 kg - Svart - TRUUSK - Hem, Tr\u00e4dg\u00e5rd &amp; Fritid","og_description":"Upplev m\u00e5ngsidigheten med TRUUSK soffbordssats: Kan anv\u00e4ndas individuellt eller som platsbesparande, inb\u00e4ddade ensembler. Med sin eleganta runda form och fina...","og_url":"https:\/\/truusk.store\/sv\/produkt\/truusk-soffbord-och-sidobord-set-modern-design-stalram-upp-till-35-kg-svart\/","og_site_name":"TRUUSK - Hem, Tr\u00e4dg\u00e5rd &amp; Fritid","article_modified_time":"2026-03-12T08:44:19+00:00","og_image":[{"width":2000,"height":2000,"url":"https:\/\/i0.wp.com\/truusk.se\/wp-content\/uploads\/2025\/06\/2-delat-set-med-soffbord-runt-sidobord-kaffebord-med-stalram-soffbord-i-modern-design-for-vardagsrum-upp-till-35-kg-belastning-svart-1.webp?fit=2000%2C2000&ssl=1","type":"image\/webp"}],"twitter_card":"summary_large_image","twitter_misc":{"Ber\u00e4knad l\u00e4stid":"1 minut"},"schema":{"@context":"https:\/\/schema.org","@graph":[{"@type":"WebPage","@id":"https:\/\/truusk.store\/sv\/produkt\/truusk-soffbord-och-sidobord-set-modern-design-stalram-upp-till-35-kg-svart\/","url":"https:\/\/truusk.store\/sv\/produkt\/truusk-soffbord-och-sidobord-set-modern-design-stalram-upp-till-35-kg-svart\/","name":"TRUUSK Soffbord och Sidobord Set - Modern Design - St\u00e5lram - Upp Till 35 kg - Svart - TRUUSK - Hem, Tr\u00e4dg\u00e5rd &amp; Fritid","isPartOf":{"@id":"https:\/\/truusk.store\/sv\/#website"},"primaryImageOfPage":{"@id":"https:\/\/truusk.store\/sv\/produkt\/truusk-soffbord-och-sidobord-set-modern-design-stalram-upp-till-35-kg-svart\/#primaryimage"},"image":{"@id":"https:\/\/truusk.store\/sv\/produkt\/truusk-soffbord-och-sidobord-set-modern-design-stalram-upp-till-35-kg-svart\/#primaryimage"},"thumbnailUrl":"https:\/\/i0.wp.com\/truusk.store\/wp-content\/uploads\/2025\/06\/2-delat-set-med-soffbord-runt-sidobord-kaffebord-med-stalram-soffbord-i-modern-design-for-vardagsrum-upp-till-35-kg-belastning-svart-1.webp?fit=2000%2C2000&ssl=1","datePublished":"2025-06-05T08:53:37+00:00","dateModified":"2026-03-12T08:44:19+00:00","breadcrumb":{"@id":"https:\/\/truusk.store\/sv\/produkt\/truusk-soffbord-och-sidobord-set-modern-design-stalram-upp-till-35-kg-svart\/#breadcrumb"},"inLanguage":"sv-SE","potentialAction":[{"@type":"ReadAction","target":["https:\/\/truusk.store\/sv\/produkt\/truusk-soffbord-och-sidobord-set-modern-design-stalram-upp-till-35-kg-svart\/"]}]},{"@type":"ImageObject","inLanguage":"sv-SE","@id":"https:\/\/truusk.store\/sv\/produkt\/truusk-soffbord-och-sidobord-set-modern-design-stalram-upp-till-35-kg-svart\/#primaryimage","url":"https:\/\/i0.wp.com\/truusk.store\/wp-content\/uploads\/2025\/06\/2-delat-set-med-soffbord-runt-sidobord-kaffebord-med-stalram-soffbord-i-modern-design-for-vardagsrum-upp-till-35-kg-belastning-svart-1.webp?fit=2000%2C2000&ssl=1","contentUrl":"https:\/\/i0.wp.com\/truusk.store\/wp-content\/uploads\/2025\/06\/2-delat-set-med-soffbord-runt-sidobord-kaffebord-med-stalram-soffbord-i-modern-design-for-vardagsrum-upp-till-35-kg-belastning-svart-1.webp?fit=2000%2C2000&ssl=1","width":2000,"height":2000},{"@type":"BreadcrumbList","@id":"https:\/\/truusk.store\/sv\/produkt\/truusk-soffbord-och-sidobord-set-modern-design-stalram-upp-till-35-kg-svart\/#breadcrumb","itemListElement":[{"@type":"ListItem","position":1,"name":"Home","item":"https:\/\/truusk.store\/sv\/"},{"@type":"ListItem","position":2,"name":"Shop","item":"https:\/\/truusk.store\/shop\/"},{"@type":"ListItem","position":3,"name":"TRUUSK Soffbord och Sidobord Set &#8211; Modern Design &#8211; St\u00e5lram &#8211; Upp Till 35 kg &#8211; Svart"}]},{"@type":"WebSite","@id":"https:\/\/truusk.store\/sv\/#website","url":"https:\/\/truusk.store\/sv\/","name":"TRUUSK - Hem, Tr\u00e4dg\u00e5rd & Fritid","description":"","publisher":{"@id":"https:\/\/truusk.store\/sv\/#organization"},"potentialAction":[{"@type":"SearchAction","target":{"@type":"EntryPoint","urlTemplate":"https:\/\/truusk.store\/sv\/?s={search_term_string}"},"query-input":{"@type":"PropertyValueSpecification","valueRequired":true,"valueName":"search_term_string"}}],"inLanguage":"sv-SE"},{"@type":"Organization","@id":"https:\/\/truusk.store\/sv\/#organization","name":"TRUUSK - Hem, Tr\u00e4dg\u00e5rd & Fritid","url":"https:\/\/truusk.store\/sv\/","logo":{"@type":"ImageObject","inLanguage":"sv-SE","@id":"https:\/\/truusk.store\/sv\/#\/schema\/logo\/image\/","url":"https:\/\/i0.wp.com\/truusk.store\/wp-content\/uploads\/2026\/03\/cropped-TRUUSK.png?fit=2032%2C917&ssl=1","contentUrl":"https:\/\/i0.wp.com\/truusk.store\/wp-content\/uploads\/2026\/03\/cropped-TRUUSK.png?fit=2032%2C917&ssl=1","width":2032,"height":917,"caption":"TRUUSK - Hem, Tr\u00e4dg\u00e5rd & Fritid"},"image":{"@id":"https:\/\/truusk.store\/sv\/#\/schema\/logo\/image\/"}}]}},"jetpack_sharing_enabled":true,"_links":{"self":[{"href":"https:\/\/truusk.store\/sv\/wp-json\/wp\/v2\/product\/64723","targetHints":{"allow":["GET"]}}],"collection":[{"href":"https:\/\/truusk.store\/sv\/wp-json\/wp\/v2\/product"}],"about":[{"href":"https:\/\/truusk.store\/sv\/wp-json\/wp\/v2\/types\/product"}],"wp:featuredmedia":[{"embeddable":true,"href":"https:\/\/truusk.store\/sv\/wp-json\/wp\/v2\/media\/64714"}],"wp:attachment":[{"href":"https:\/\/truusk.store\/sv\/wp-json\/wp\/v2\/media?parent=64723"}],"wp:term":[{"taxonomy":"product_brand","embeddable":true,"href":"https:\/\/truusk.store\/sv\/wp-json\/wp\/v2\/product_brand?post=64723"},{"taxonomy":"product_cat","embeddable":true,"href":"https:\/\/truusk.store\/sv\/wp-json\/wp\/v2\/product_cat?post=64723"},{"taxonomy":"product_tag","embeddable":true,"href":"https:\/\/truusk.store\/sv\/wp-json\/wp\/v2\/product_tag?post=64723"}],"curies":[{"name":"wp","href":"https:\/\/api.w.org\/{rel}","templated":true}]}}