{"id":64733,"date":"2025-06-05T09:54:46","date_gmt":"2025-06-05T08:54:46","guid":{"rendered":"https:\/\/truusk.store\/product\/tv-stol-med-elektrisk-upphjalp-avkopplande-stol-med-ligg-varme-och-massagefunktion-tv-stol-med-typ-c-och-usb-anslutningar-mugg-hallare-morkgra\/"},"modified":"2026-03-12T09:42:33","modified_gmt":"2026-03-12T08:42:33","slug":"truusk-tv-stol-med-elektrisk-upphjalp-ligg-varme-och-massagefunktion-typ-c-och-usb-anslutningar-mugg-hallare-morkgra","status":"publish","type":"product","link":"https:\/\/truusk.store\/sv\/produkt\/truusk-tv-stol-med-elektrisk-upphjalp-ligg-varme-och-massagefunktion-typ-c-och-usb-anslutningar-mugg-hallare-morkgra\/","title":{"rendered":"TRUUSK TV-stol med Elektrisk Upphj\u00e4lp &#8211; Ligg-, V\u00e4rme- och Massagefunktion &#8211; Typ-C och USB-anslutningar &#8211; Mugg H\u00e5llare &#8211; M\u00f6rkgr\u00e5"},"content":{"rendered":"<p>Upplev en ny niv\u00e5 av avkoppling med TRUUSK massagestolen! \u00c5tta-punkts massagesystemet sk\u00e4mmer bort rygg, l\u00e5r och ben, kompletterat med l\u00e4ndv\u00e4rme. De gener\u00f6st stoppade kuddarna p\u00e5 rygg, sits och armst\u00f6d ger maximal komfort och st\u00f6d. TRUUSK biostolen g\u00f6r din viloperiod till en lyxig och helt avkopplande upplevelse.<\/p>\n<p>Beskrivning:<\/p>\n<ul>\n<li> 45\u00b0 sittlyft underl\u00e4ttar att stiga upp, 135\u00b0 stegl\u00f6s lutning med fotst\u00f6d m\u00f6jligg\u00f6r avkoppling, b\u00e5da kan styras med fj\u00e4rrkontroll<\/li>\n<li> \u00c5tta-punkts vibrationsmassagesystemet p\u00e5 TV-stolen lugnar rygg, l\u00e4ndrygg, l\u00e5r och ben, inklusive v\u00e4rmefunktion<\/li>\n<li> Fem massageprogram, tv\u00e5 intensitetsniv\u00e5er och tre timerfunktioner p\u00e5 TV-stolen med liggl\u00e4ge f\u00f6r individuell komfort<\/li>\n<li> Fj\u00e4derk\u00e4rnsystemet p\u00e5 relaxstolen med liggl\u00e4ge med S-fj\u00e4drar och elastiska band erbjuder str\u00e4ckbart st\u00f6d<\/li>\n<li> Mjukt fyllda kuddar f\u00f6r en mjuk och bekv\u00e4m sittplats<\/li>\n<li> Typ C- och USB-anslutningar f\u00f6r bekv\u00e4m laddning av enheter, kompletterat med fyra fickor och tv\u00e5 muggst\u00e4ll<\/li>\n<li> Stark metallram b\u00e4r upp till 150 kg<\/li>\n<li> Snabb montering p\u00e5 fem minuter, inga verktyg beh\u00f6vs<\/li>\n<\/ul>\n<p>Tekniska data:<\/p>\n<ul>\n<li> F\u00e4rg: M\u00f6rkgr\u00e5<\/li>\n<li> Material: Tyg (100% polyester), skum, metall, flerskiktsplatta<\/li>\n<li> Totala dimensioner: (Uppr\u00e4tt) 93B x 91D x 110H cm<\/li>\n<li> Totala dimensioner: (Tillbakalutad) 96B x 155D x 91H cm<\/li>\n<li> Totala dimensioner: (Upplyft) 96B x 85D x 145H cm<\/li>\n<li> Sitsstorlek: 59B x 49D x 46H cm<\/li>\n<li> Sitskuddens tjocklek: 13 cm<\/li>\n<li> Ryggstorlek: 84B x 66H cm<\/li>\n<li> Ryggkuddens tjocklek: 22 cm<\/li>\n<li> Armst\u00f6dets h\u00f6jd fr\u00e5n sitsen: 17,5 cm<\/li>\n<li> Rekommenderad f\u00f6r anv\u00e4ndarstorlek: \u2264190 cm<\/li>\n<li> B\u00e4rkapacitet: 150 kg<\/li>\n<li> Ing\u00e5ng: 100-240V, 50\/60 Hz, 1,6A<\/li>\n<li> Utg\u00e5ng: 29V, 2A, 58W<\/li>\n<\/ul>\n<p>Leveransinneh\u00e5ll:<\/p>\n<ul>\n<li> 1 x Uppstol<\/li>\n<li> 2 x Kabelbunden fj\u00e4rrkontroll<\/li>\n<li> 1 x Bruksanvisning<\/li>\n<\/ul>\n","protected":false},"excerpt":{"rendered":"<p>Upplev en ny niv\u00e5 av avkoppling med TRUUSK massagestolen! \u00c5tta-punkts massagesystemet sk\u00e4mmer bort rygg, l\u00e5r och ben, kompletterat med l\u00e4ndv\u00e4rme&#8230;.<\/p>\n","protected":false},"featured_media":64724,"template":"","meta":[],"product_brand":[],"product_cat":[911,521,871,910],"product_tag":[],"class_list":{"0":"post-64733","1":"product","2":"type-product","3":"status-publish","4":"has-post-thumbnail","6":"product_cat-aufstehsessel","7":"product_cat-fatolj","8":"product_cat-hus-hem","9":"product_cat-vardagsrum","11":"first","12":"instock","13":"sale","14":"taxable","15":"shipping-taxable","16":"purchasable","17":"product-type-simple"},"yoast_head":"<!-- This site is optimized with the Yoast SEO plugin v25.4 - https:\/\/yoast.com\/wordpress\/plugins\/seo\/ -->\n<title>TRUUSK TV-stol med Elektrisk Upphj\u00e4lp - Ligg-, V\u00e4rme- och Massagefunktion - Typ-C och USB-anslutningar - Mugg H\u00e5llare - M\u00f6rkgr\u00e5 - TRUUSK - Hem, Tr\u00e4dg\u00e5rd &amp; Fritid<\/title>\n<meta name=\"robots\" content=\"index, follow, max-snippet:-1, max-image-preview:large, max-video-preview:-1\" \/>\n<link rel=\"canonical\" href=\"https:\/\/truusk.store\/sv\/produkt\/truusk-tv-stol-med-elektrisk-upphjalp-ligg-varme-och-massagefunktion-typ-c-och-usb-anslutningar-mugg-hallare-morkgra\/\" \/>\n<meta property=\"og:locale\" content=\"sv_SE\" \/>\n<meta property=\"og:type\" content=\"article\" \/>\n<meta property=\"og:title\" content=\"TRUUSK TV-stol med Elektrisk Upphj\u00e4lp - Ligg-, V\u00e4rme- och Massagefunktion - Typ-C och USB-anslutningar - Mugg H\u00e5llare - M\u00f6rkgr\u00e5 - TRUUSK - Hem, Tr\u00e4dg\u00e5rd &amp; Fritid\" \/>\n<meta property=\"og:description\" content=\"Upplev en ny niv\u00e5 av avkoppling med TRUUSK massagestolen! \u00c5tta-punkts massagesystemet sk\u00e4mmer bort rygg, l\u00e5r och ben, kompletterat med l\u00e4ndv\u00e4rme....\" \/>\n<meta property=\"og:url\" content=\"https:\/\/truusk.store\/sv\/produkt\/truusk-tv-stol-med-elektrisk-upphjalp-ligg-varme-och-massagefunktion-typ-c-och-usb-anslutningar-mugg-hallare-morkgra\/\" \/>\n<meta property=\"og:site_name\" content=\"TRUUSK - Hem, Tr\u00e4dg\u00e5rd &amp; Fritid\" \/>\n<meta property=\"article:modified_time\" content=\"2026-03-12T08:42:33+00:00\" \/>\n<meta property=\"og:image\" content=\"https:\/\/i0.wp.com\/truusk.se\/wp-content\/uploads\/2025\/06\/tv-stol-med-elektrisk-upphjalp-avkopplande-stol-med-ligg-varme-och-massagefunktion-tv-stol-med-typ-c-och-usb-anslutningar-mugg-hallare-morkgra-1.webp?fit=2000%2C2000&ssl=1\" \/>\n\t<meta property=\"og:image:width\" content=\"2000\" \/>\n\t<meta property=\"og:image:height\" content=\"2000\" \/>\n\t<meta property=\"og:image:type\" content=\"image\/webp\" \/>\n<meta name=\"twitter:card\" content=\"summary_large_image\" \/>\n<meta name=\"twitter:label1\" content=\"Ber\u00e4knad l\u00e4stid\" \/>\n\t<meta name=\"twitter:data1\" content=\"1 minut\" \/>\n<!-- \/ Yoast SEO plugin. -->","yoast_head_json":{"title":"TRUUSK TV-stol med Elektrisk Upphj\u00e4lp - Ligg-, V\u00e4rme- och Massagefunktion - Typ-C och USB-anslutningar - Mugg H\u00e5llare - M\u00f6rkgr\u00e5 - TRUUSK - Hem, Tr\u00e4dg\u00e5rd &amp; Fritid","robots":{"index":"index","follow":"follow","max-snippet":"max-snippet:-1","max-image-preview":"max-image-preview:large","max-video-preview":"max-video-preview:-1"},"canonical":"https:\/\/truusk.store\/sv\/produkt\/truusk-tv-stol-med-elektrisk-upphjalp-ligg-varme-och-massagefunktion-typ-c-och-usb-anslutningar-mugg-hallare-morkgra\/","og_locale":"sv_SE","og_type":"article","og_title":"TRUUSK TV-stol med Elektrisk Upphj\u00e4lp - Ligg-, V\u00e4rme- och Massagefunktion - Typ-C och USB-anslutningar - Mugg H\u00e5llare - M\u00f6rkgr\u00e5 - TRUUSK - Hem, Tr\u00e4dg\u00e5rd &amp; Fritid","og_description":"Upplev en ny niv\u00e5 av avkoppling med TRUUSK massagestolen! \u00c5tta-punkts massagesystemet sk\u00e4mmer bort rygg, l\u00e5r och ben, kompletterat med l\u00e4ndv\u00e4rme....","og_url":"https:\/\/truusk.store\/sv\/produkt\/truusk-tv-stol-med-elektrisk-upphjalp-ligg-varme-och-massagefunktion-typ-c-och-usb-anslutningar-mugg-hallare-morkgra\/","og_site_name":"TRUUSK - Hem, Tr\u00e4dg\u00e5rd &amp; Fritid","article_modified_time":"2026-03-12T08:42:33+00:00","og_image":[{"width":2000,"height":2000,"url":"https:\/\/i0.wp.com\/truusk.se\/wp-content\/uploads\/2025\/06\/tv-stol-med-elektrisk-upphjalp-avkopplande-stol-med-ligg-varme-och-massagefunktion-tv-stol-med-typ-c-och-usb-anslutningar-mugg-hallare-morkgra-1.webp?fit=2000%2C2000&ssl=1","type":"image\/webp"}],"twitter_card":"summary_large_image","twitter_misc":{"Ber\u00e4knad l\u00e4stid":"1 minut"},"schema":{"@context":"https:\/\/schema.org","@graph":[{"@type":"WebPage","@id":"https:\/\/truusk.store\/sv\/produkt\/truusk-tv-stol-med-elektrisk-upphjalp-ligg-varme-och-massagefunktion-typ-c-och-usb-anslutningar-mugg-hallare-morkgra\/","url":"https:\/\/truusk.store\/sv\/produkt\/truusk-tv-stol-med-elektrisk-upphjalp-ligg-varme-och-massagefunktion-typ-c-och-usb-anslutningar-mugg-hallare-morkgra\/","name":"TRUUSK TV-stol med Elektrisk Upphj\u00e4lp - Ligg-, V\u00e4rme- och Massagefunktion - Typ-C och USB-anslutningar - Mugg H\u00e5llare - M\u00f6rkgr\u00e5 - TRUUSK - Hem, Tr\u00e4dg\u00e5rd &amp; Fritid","isPartOf":{"@id":"https:\/\/truusk.store\/sv\/#website"},"primaryImageOfPage":{"@id":"https:\/\/truusk.store\/sv\/produkt\/truusk-tv-stol-med-elektrisk-upphjalp-ligg-varme-och-massagefunktion-typ-c-och-usb-anslutningar-mugg-hallare-morkgra\/#primaryimage"},"image":{"@id":"https:\/\/truusk.store\/sv\/produkt\/truusk-tv-stol-med-elektrisk-upphjalp-ligg-varme-och-massagefunktion-typ-c-och-usb-anslutningar-mugg-hallare-morkgra\/#primaryimage"},"thumbnailUrl":"https:\/\/i0.wp.com\/truusk.store\/wp-content\/uploads\/2025\/06\/tv-stol-med-elektrisk-upphjalp-avkopplande-stol-med-ligg-varme-och-massagefunktion-tv-stol-med-typ-c-och-usb-anslutningar-mugg-hallare-morkgra-1.webp?fit=2000%2C2000&ssl=1","datePublished":"2025-06-05T08:54:46+00:00","dateModified":"2026-03-12T08:42:33+00:00","breadcrumb":{"@id":"https:\/\/truusk.store\/sv\/produkt\/truusk-tv-stol-med-elektrisk-upphjalp-ligg-varme-och-massagefunktion-typ-c-och-usb-anslutningar-mugg-hallare-morkgra\/#breadcrumb"},"inLanguage":"sv-SE","potentialAction":[{"@type":"ReadAction","target":["https:\/\/truusk.store\/sv\/produkt\/truusk-tv-stol-med-elektrisk-upphjalp-ligg-varme-och-massagefunktion-typ-c-och-usb-anslutningar-mugg-hallare-morkgra\/"]}]},{"@type":"ImageObject","inLanguage":"sv-SE","@id":"https:\/\/truusk.store\/sv\/produkt\/truusk-tv-stol-med-elektrisk-upphjalp-ligg-varme-och-massagefunktion-typ-c-och-usb-anslutningar-mugg-hallare-morkgra\/#primaryimage","url":"https:\/\/i0.wp.com\/truusk.store\/wp-content\/uploads\/2025\/06\/tv-stol-med-elektrisk-upphjalp-avkopplande-stol-med-ligg-varme-och-massagefunktion-tv-stol-med-typ-c-och-usb-anslutningar-mugg-hallare-morkgra-1.webp?fit=2000%2C2000&ssl=1","contentUrl":"https:\/\/i0.wp.com\/truusk.store\/wp-content\/uploads\/2025\/06\/tv-stol-med-elektrisk-upphjalp-avkopplande-stol-med-ligg-varme-och-massagefunktion-tv-stol-med-typ-c-och-usb-anslutningar-mugg-hallare-morkgra-1.webp?fit=2000%2C2000&ssl=1","width":2000,"height":2000},{"@type":"BreadcrumbList","@id":"https:\/\/truusk.store\/sv\/produkt\/truusk-tv-stol-med-elektrisk-upphjalp-ligg-varme-och-massagefunktion-typ-c-och-usb-anslutningar-mugg-hallare-morkgra\/#breadcrumb","itemListElement":[{"@type":"ListItem","position":1,"name":"Home","item":"https:\/\/truusk.store\/sv\/"},{"@type":"ListItem","position":2,"name":"Shop","item":"https:\/\/truusk.store\/shop\/"},{"@type":"ListItem","position":3,"name":"TRUUSK TV-stol med Elektrisk Upphj\u00e4lp &#8211; Ligg-, V\u00e4rme- och Massagefunktion &#8211; Typ-C och USB-anslutningar &#8211; Mugg H\u00e5llare &#8211; M\u00f6rkgr\u00e5"}]},{"@type":"WebSite","@id":"https:\/\/truusk.store\/sv\/#website","url":"https:\/\/truusk.store\/sv\/","name":"TRUUSK - Hem, Tr\u00e4dg\u00e5rd & Fritid","description":"","publisher":{"@id":"https:\/\/truusk.store\/sv\/#organization"},"potentialAction":[{"@type":"SearchAction","target":{"@type":"EntryPoint","urlTemplate":"https:\/\/truusk.store\/sv\/?s={search_term_string}"},"query-input":{"@type":"PropertyValueSpecification","valueRequired":true,"valueName":"search_term_string"}}],"inLanguage":"sv-SE"},{"@type":"Organization","@id":"https:\/\/truusk.store\/sv\/#organization","name":"TRUUSK - Hem, Tr\u00e4dg\u00e5rd & Fritid","url":"https:\/\/truusk.store\/sv\/","logo":{"@type":"ImageObject","inLanguage":"sv-SE","@id":"https:\/\/truusk.store\/sv\/#\/schema\/logo\/image\/","url":"https:\/\/i0.wp.com\/truusk.store\/wp-content\/uploads\/2026\/03\/cropped-TRUUSK.png?fit=2032%2C917&ssl=1","contentUrl":"https:\/\/i0.wp.com\/truusk.store\/wp-content\/uploads\/2026\/03\/cropped-TRUUSK.png?fit=2032%2C917&ssl=1","width":2032,"height":917,"caption":"TRUUSK - Hem, Tr\u00e4dg\u00e5rd & Fritid"},"image":{"@id":"https:\/\/truusk.store\/sv\/#\/schema\/logo\/image\/"}}]}},"jetpack_sharing_enabled":true,"_links":{"self":[{"href":"https:\/\/truusk.store\/sv\/wp-json\/wp\/v2\/product\/64733","targetHints":{"allow":["GET"]}}],"collection":[{"href":"https:\/\/truusk.store\/sv\/wp-json\/wp\/v2\/product"}],"about":[{"href":"https:\/\/truusk.store\/sv\/wp-json\/wp\/v2\/types\/product"}],"wp:featuredmedia":[{"embeddable":true,"href":"https:\/\/truusk.store\/sv\/wp-json\/wp\/v2\/media\/64724"}],"wp:attachment":[{"href":"https:\/\/truusk.store\/sv\/wp-json\/wp\/v2\/media?parent=64733"}],"wp:term":[{"taxonomy":"product_brand","embeddable":true,"href":"https:\/\/truusk.store\/sv\/wp-json\/wp\/v2\/product_brand?post=64733"},{"taxonomy":"product_cat","embeddable":true,"href":"https:\/\/truusk.store\/sv\/wp-json\/wp\/v2\/product_cat?post=64733"},{"taxonomy":"product_tag","embeddable":true,"href":"https:\/\/truusk.store\/sv\/wp-json\/wp\/v2\/product_tag?post=64733"}],"curies":[{"name":"wp","href":"https:\/\/api.w.org\/{rel}","templated":true}]}}