{"id":64743,"date":"2025-06-05T09:55:33","date_gmt":"2025-06-05T08:55:33","guid":{"rendered":"https:\/\/truusk.store\/product\/sportnow-2-x-25-kg-hantlar-korta-hantlar-med-justerbar-vikt-11-18-25-kg-per-hantel-golvskyddande-plastholje-for-kvinnor-och-man-vit\/"},"modified":"2026-03-12T09:31:38","modified_gmt":"2026-03-12T08:31:38","slug":"truusk-2-x-25-kg-kort-hantelset-justerbar-vikt-golvskyddande-plastholje-for-kvinnor-och-man-vit","status":"publish","type":"product","link":"https:\/\/truusk.store\/sv\/produkt\/truusk-2-x-25-kg-kort-hantelset-justerbar-vikt-golvskyddande-plastholje-for-kvinnor-och-man-vit\/","title":{"rendered":"TRUUSK 2 x 2,5 kg Kort Hantelset &#8211; Justerbar Vikt &#8211; Golvskyddande Plasth\u00f6lje &#8211; F\u00f6r Kvinnor och M\u00e4n &#8211; Vit"},"content":{"rendered":"<p>Orolig f\u00f6r f\u00f6r lite r\u00f6relse? Det justerbara SPORTNOW hantelsetet erbjuder l\u00f6sningen. Perfekt f\u00f6r kn\u00e4b\u00f6j, biceps curls, Jumping Jack eller axeltr\u00e4ning &#8211; med detta set tr\u00e4nar du b\u00e5de styrka och uth\u00e5llighet. Viktelementen \u00e4r avtagbara, anpassade efter dina tr\u00e4ningskrav. Inkluderar f\u00f6rvaringsl\u00e5da, s\u00e5 att du kan ta med dig hantlarna \u00f6verallt och tr\u00e4na var som helst. Inget gym beh\u00f6vs &#8211; du beh\u00f6ver bara utrymme och detta set.<\/p>\n<p>Beskrivning:<\/p>\n<ul>\n<li> Set med tv\u00e5 hantlar<\/li>\n<li> Justerbar vikt<\/li>\n<li> H\u00e5llbart plast\u00f6verdrag \u00e4r motst\u00e5ndskraftigt mot flisning och sprickor<\/li>\n<li> Halkfritt och s\u00e4kert grepp<\/li>\n<li> Kompakt och b\u00e4rbar<\/li>\n<li> Idealisk f\u00f6r att f\u00f6rb\u00e4ttra fitness, styrka och allm\u00e4n h\u00e4lsa<\/li>\n<\/ul>\n<p>Tekniska data:<\/p>\n<ul>\n<li> F\u00e4rg: Vit<\/li>\n<li> Material: Plast, st\u00e5l<\/li>\n<li> Enskilda hantelm\u00e5tt: \u00d87,5 x 26,5L cm. Handtag: \u00d87,5 x 15,4L cm, 0,4 kg<\/li>\n<li> Enskilda viktelement: \u00d87,5 x 2,4T cm, 0,35 kg<\/li>\n<li> Vikt: 2 x 2,5 kg<\/li>\n<\/ul>\n<p>Leveransinneh\u00e5ll:<\/p>\n<ul>\n<li> 2 x 2,5 kg hantlar<\/li>\n<li> 1 x instruktioner<\/li>\n<\/ul>\n","protected":false},"excerpt":{"rendered":"<p>Orolig f\u00f6r f\u00f6r lite r\u00f6relse? Det justerbara SPORTNOW hantelsetet erbjuder l\u00f6sningen. Perfekt f\u00f6r kn\u00e4b\u00f6j, biceps curls, Jumping Jack eller axeltr\u00e4ning&#8230;<\/p>\n","protected":false},"featured_media":64734,"template":"","meta":[],"product_brand":[],"product_cat":[873,668,647],"product_tag":[],"class_list":{"0":"post-64743","1":"product","2":"type-product","3":"status-publish","4":"has-post-thumbnail","6":"product_cat-fitness-styrketraning","7":"product_cat-hantlar","8":"product_cat-sport-fritid","10":"first","11":"instock","12":"sale","13":"taxable","14":"shipping-taxable","15":"purchasable","16":"product-type-simple"},"yoast_head":"<!-- This site is optimized with the Yoast SEO plugin v25.4 - https:\/\/yoast.com\/wordpress\/plugins\/seo\/ -->\n<title>TRUUSK 2 x 2,5 kg Kort Hantelset - Justerbar Vikt - Golvskyddande Plasth\u00f6lje - F\u00f6r Kvinnor och M\u00e4n - Vit - TRUUSK - Hem, Tr\u00e4dg\u00e5rd &amp; Fritid<\/title>\n<meta name=\"robots\" content=\"index, follow, max-snippet:-1, max-image-preview:large, max-video-preview:-1\" \/>\n<link rel=\"canonical\" href=\"https:\/\/truusk.store\/sv\/produkt\/truusk-2-x-25-kg-kort-hantelset-justerbar-vikt-golvskyddande-plastholje-for-kvinnor-och-man-vit\/\" \/>\n<meta property=\"og:locale\" content=\"sv_SE\" \/>\n<meta property=\"og:type\" content=\"article\" \/>\n<meta property=\"og:title\" content=\"TRUUSK 2 x 2,5 kg Kort Hantelset - Justerbar Vikt - Golvskyddande Plasth\u00f6lje - F\u00f6r Kvinnor och M\u00e4n - Vit - TRUUSK - Hem, Tr\u00e4dg\u00e5rd &amp; Fritid\" \/>\n<meta property=\"og:description\" content=\"Orolig f\u00f6r f\u00f6r lite r\u00f6relse? Det justerbara SPORTNOW hantelsetet erbjuder l\u00f6sningen. Perfekt f\u00f6r kn\u00e4b\u00f6j, biceps curls, Jumping Jack eller axeltr\u00e4ning...\" \/>\n<meta property=\"og:url\" content=\"https:\/\/truusk.store\/sv\/produkt\/truusk-2-x-25-kg-kort-hantelset-justerbar-vikt-golvskyddande-plastholje-for-kvinnor-och-man-vit\/\" \/>\n<meta property=\"og:site_name\" content=\"TRUUSK - Hem, Tr\u00e4dg\u00e5rd &amp; Fritid\" \/>\n<meta property=\"article:modified_time\" content=\"2026-03-12T08:31:38+00:00\" \/>\n<meta property=\"og:image\" content=\"https:\/\/i0.wp.com\/truusk.se\/wp-content\/uploads\/2025\/06\/sportnow-2-x-25-kg-hantlar-korta-hantlar-med-justerbar-vikt-11-18-25-kg-per-hantel-golvskyddande-plastholje-for-kvinnor-och-man-vit-1.webp?fit=2000%2C2000&ssl=1\" \/>\n\t<meta property=\"og:image:width\" content=\"2000\" \/>\n\t<meta property=\"og:image:height\" content=\"2000\" \/>\n\t<meta property=\"og:image:type\" content=\"image\/webp\" \/>\n<meta name=\"twitter:card\" content=\"summary_large_image\" \/>\n<meta name=\"twitter:label1\" content=\"Ber\u00e4knad l\u00e4stid\" \/>\n\t<meta name=\"twitter:data1\" content=\"1 minut\" \/>\n<!-- \/ Yoast SEO plugin. -->","yoast_head_json":{"title":"TRUUSK 2 x 2,5 kg Kort Hantelset - Justerbar Vikt - Golvskyddande Plasth\u00f6lje - F\u00f6r Kvinnor och M\u00e4n - Vit - TRUUSK - Hem, Tr\u00e4dg\u00e5rd &amp; Fritid","robots":{"index":"index","follow":"follow","max-snippet":"max-snippet:-1","max-image-preview":"max-image-preview:large","max-video-preview":"max-video-preview:-1"},"canonical":"https:\/\/truusk.store\/sv\/produkt\/truusk-2-x-25-kg-kort-hantelset-justerbar-vikt-golvskyddande-plastholje-for-kvinnor-och-man-vit\/","og_locale":"sv_SE","og_type":"article","og_title":"TRUUSK 2 x 2,5 kg Kort Hantelset - Justerbar Vikt - Golvskyddande Plasth\u00f6lje - F\u00f6r Kvinnor och M\u00e4n - Vit - TRUUSK - Hem, Tr\u00e4dg\u00e5rd &amp; Fritid","og_description":"Orolig f\u00f6r f\u00f6r lite r\u00f6relse? Det justerbara SPORTNOW hantelsetet erbjuder l\u00f6sningen. Perfekt f\u00f6r kn\u00e4b\u00f6j, biceps curls, Jumping Jack eller axeltr\u00e4ning...","og_url":"https:\/\/truusk.store\/sv\/produkt\/truusk-2-x-25-kg-kort-hantelset-justerbar-vikt-golvskyddande-plastholje-for-kvinnor-och-man-vit\/","og_site_name":"TRUUSK - Hem, Tr\u00e4dg\u00e5rd &amp; Fritid","article_modified_time":"2026-03-12T08:31:38+00:00","og_image":[{"width":2000,"height":2000,"url":"https:\/\/i0.wp.com\/truusk.se\/wp-content\/uploads\/2025\/06\/sportnow-2-x-25-kg-hantlar-korta-hantlar-med-justerbar-vikt-11-18-25-kg-per-hantel-golvskyddande-plastholje-for-kvinnor-och-man-vit-1.webp?fit=2000%2C2000&ssl=1","type":"image\/webp"}],"twitter_card":"summary_large_image","twitter_misc":{"Ber\u00e4knad l\u00e4stid":"1 minut"},"schema":{"@context":"https:\/\/schema.org","@graph":[{"@type":"WebPage","@id":"https:\/\/truusk.store\/sv\/produkt\/truusk-2-x-25-kg-kort-hantelset-justerbar-vikt-golvskyddande-plastholje-for-kvinnor-och-man-vit\/","url":"https:\/\/truusk.store\/sv\/produkt\/truusk-2-x-25-kg-kort-hantelset-justerbar-vikt-golvskyddande-plastholje-for-kvinnor-och-man-vit\/","name":"TRUUSK 2 x 2,5 kg Kort Hantelset - Justerbar Vikt - Golvskyddande Plasth\u00f6lje - F\u00f6r Kvinnor och M\u00e4n - Vit - TRUUSK - Hem, Tr\u00e4dg\u00e5rd &amp; Fritid","isPartOf":{"@id":"https:\/\/truusk.store\/sv\/#website"},"primaryImageOfPage":{"@id":"https:\/\/truusk.store\/sv\/produkt\/truusk-2-x-25-kg-kort-hantelset-justerbar-vikt-golvskyddande-plastholje-for-kvinnor-och-man-vit\/#primaryimage"},"image":{"@id":"https:\/\/truusk.store\/sv\/produkt\/truusk-2-x-25-kg-kort-hantelset-justerbar-vikt-golvskyddande-plastholje-for-kvinnor-och-man-vit\/#primaryimage"},"thumbnailUrl":"https:\/\/i0.wp.com\/truusk.store\/wp-content\/uploads\/2025\/06\/sportnow-2-x-25-kg-hantlar-korta-hantlar-med-justerbar-vikt-11-18-25-kg-per-hantel-golvskyddande-plastholje-for-kvinnor-och-man-vit-1.webp?fit=2000%2C2000&ssl=1","datePublished":"2025-06-05T08:55:33+00:00","dateModified":"2026-03-12T08:31:38+00:00","breadcrumb":{"@id":"https:\/\/truusk.store\/sv\/produkt\/truusk-2-x-25-kg-kort-hantelset-justerbar-vikt-golvskyddande-plastholje-for-kvinnor-och-man-vit\/#breadcrumb"},"inLanguage":"sv-SE","potentialAction":[{"@type":"ReadAction","target":["https:\/\/truusk.store\/sv\/produkt\/truusk-2-x-25-kg-kort-hantelset-justerbar-vikt-golvskyddande-plastholje-for-kvinnor-och-man-vit\/"]}]},{"@type":"ImageObject","inLanguage":"sv-SE","@id":"https:\/\/truusk.store\/sv\/produkt\/truusk-2-x-25-kg-kort-hantelset-justerbar-vikt-golvskyddande-plastholje-for-kvinnor-och-man-vit\/#primaryimage","url":"https:\/\/i0.wp.com\/truusk.store\/wp-content\/uploads\/2025\/06\/sportnow-2-x-25-kg-hantlar-korta-hantlar-med-justerbar-vikt-11-18-25-kg-per-hantel-golvskyddande-plastholje-for-kvinnor-och-man-vit-1.webp?fit=2000%2C2000&ssl=1","contentUrl":"https:\/\/i0.wp.com\/truusk.store\/wp-content\/uploads\/2025\/06\/sportnow-2-x-25-kg-hantlar-korta-hantlar-med-justerbar-vikt-11-18-25-kg-per-hantel-golvskyddande-plastholje-for-kvinnor-och-man-vit-1.webp?fit=2000%2C2000&ssl=1","width":2000,"height":2000},{"@type":"BreadcrumbList","@id":"https:\/\/truusk.store\/sv\/produkt\/truusk-2-x-25-kg-kort-hantelset-justerbar-vikt-golvskyddande-plastholje-for-kvinnor-och-man-vit\/#breadcrumb","itemListElement":[{"@type":"ListItem","position":1,"name":"Home","item":"https:\/\/truusk.store\/sv\/"},{"@type":"ListItem","position":2,"name":"Shop","item":"https:\/\/truusk.store\/shop\/"},{"@type":"ListItem","position":3,"name":"TRUUSK 2 x 2,5 kg Kort Hantelset &#8211; Justerbar Vikt &#8211; Golvskyddande Plasth\u00f6lje &#8211; F\u00f6r Kvinnor och M\u00e4n &#8211; Vit"}]},{"@type":"WebSite","@id":"https:\/\/truusk.store\/sv\/#website","url":"https:\/\/truusk.store\/sv\/","name":"TRUUSK - Hem, Tr\u00e4dg\u00e5rd & Fritid","description":"","publisher":{"@id":"https:\/\/truusk.store\/sv\/#organization"},"potentialAction":[{"@type":"SearchAction","target":{"@type":"EntryPoint","urlTemplate":"https:\/\/truusk.store\/sv\/?s={search_term_string}"},"query-input":{"@type":"PropertyValueSpecification","valueRequired":true,"valueName":"search_term_string"}}],"inLanguage":"sv-SE"},{"@type":"Organization","@id":"https:\/\/truusk.store\/sv\/#organization","name":"TRUUSK - Hem, Tr\u00e4dg\u00e5rd & Fritid","url":"https:\/\/truusk.store\/sv\/","logo":{"@type":"ImageObject","inLanguage":"sv-SE","@id":"https:\/\/truusk.store\/sv\/#\/schema\/logo\/image\/","url":"https:\/\/i0.wp.com\/truusk.store\/wp-content\/uploads\/2026\/03\/cropped-TRUUSK.png?fit=2032%2C917&ssl=1","contentUrl":"https:\/\/i0.wp.com\/truusk.store\/wp-content\/uploads\/2026\/03\/cropped-TRUUSK.png?fit=2032%2C917&ssl=1","width":2032,"height":917,"caption":"TRUUSK - Hem, Tr\u00e4dg\u00e5rd & Fritid"},"image":{"@id":"https:\/\/truusk.store\/sv\/#\/schema\/logo\/image\/"}}]}},"jetpack_sharing_enabled":true,"_links":{"self":[{"href":"https:\/\/truusk.store\/sv\/wp-json\/wp\/v2\/product\/64743","targetHints":{"allow":["GET"]}}],"collection":[{"href":"https:\/\/truusk.store\/sv\/wp-json\/wp\/v2\/product"}],"about":[{"href":"https:\/\/truusk.store\/sv\/wp-json\/wp\/v2\/types\/product"}],"wp:featuredmedia":[{"embeddable":true,"href":"https:\/\/truusk.store\/sv\/wp-json\/wp\/v2\/media\/64734"}],"wp:attachment":[{"href":"https:\/\/truusk.store\/sv\/wp-json\/wp\/v2\/media?parent=64743"}],"wp:term":[{"taxonomy":"product_brand","embeddable":true,"href":"https:\/\/truusk.store\/sv\/wp-json\/wp\/v2\/product_brand?post=64743"},{"taxonomy":"product_cat","embeddable":true,"href":"https:\/\/truusk.store\/sv\/wp-json\/wp\/v2\/product_cat?post=64743"},{"taxonomy":"product_tag","embeddable":true,"href":"https:\/\/truusk.store\/sv\/wp-json\/wp\/v2\/product_tag?post=64743"}],"curies":[{"name":"wp","href":"https:\/\/api.w.org\/{rel}","templated":true}]}}