{"id":64753,"date":"2025-06-05T09:56:50","date_gmt":"2025-06-05T08:56:50","guid":{"rendered":"https:\/\/truusk.store\/product\/tv-stol-med-elektrisk-upphjalp-avslappningsstol-med-liggfunktion-massagefunktion-tv-stol-med-varmefunktion-fickfjaderkarna-fjarrkontroll-och-sidoficka-ljusbrun\/"},"modified":"2026-03-12T09:42:34","modified_gmt":"2026-03-12T08:42:34","slug":"truusk-tv-stol-med-elektrisk-upphjalp-avslappningsstol-med-liggfunktion-massagefunktion-varmefunktion-fickfjaderkarna","status":"publish","type":"product","link":"https:\/\/truusk.store\/sv\/produkt\/truusk-tv-stol-med-elektrisk-upphjalp-avslappningsstol-med-liggfunktion-massagefunktion-varmefunktion-fickfjaderkarna\/","title":{"rendered":"TRUUSK TV-stol med elektrisk upphj\u00e4lp &#8211; Avslappningsstol med liggfunktion &#8211; Massagefunktion &#8211; V\u00e4rmefunktion &#8211; Fickfj\u00e4derk\u00e4rna &#8211;"},"content":{"rendered":"<p>Njut av ultimat komfort med TRUUSK TV-stolen med liggl\u00e4ge! Tack vare 45\u00b0 sittlyft blir det l\u00e4ttare att stiga upp och med en 150\u00b0 stegl\u00f6s ryggst\u00f6d ger du ren avkoppling. Denna elektriska massagestol erbjuder individuell \u00e5terh\u00e4mtning med 8 massagepunkter och l\u00e4ndv\u00e4rme, omgiven av sammetmjukt tyg.<\/p>\n<p>Beskrivning:<\/p>\n<ul>\n<li> 45\u00b0 sittlyft f\u00f6r n\u00e4stan uppr\u00e4tt position, stegl\u00f6s 150\u00b0 liggposition med fotst\u00f6d f\u00f6r individuell avkoppling<\/li>\n<li> \u00c5tta vibrerande massagepunkter f\u00f6r rygg, l\u00e4ndrygg, l\u00e5r och ben med fem massageprogram<\/li>\n<li> L\u00e4ndryggsv\u00e4rme f\u00f6r behaglig v\u00e4rme f\u00f6r att lindra obehag<\/li>\n<li> Fickfj\u00e4derk\u00e4rnstopning f\u00f6r t\u00f6jbar, elastisk st\u00f6d<\/li>\n<li> Design med extra tjock stoppning och mjukt \u00f6verdrag<\/li>\n<li> Tv\u00e5 sidofickor f\u00f6r praktisk f\u00f6rvaring av viktiga f\u00f6rem\u00e5l inom r\u00e4ckh\u00e5ll. Enkel kontroll med en fj\u00e4rrkontroll med USB-anslutning<\/li>\n<li> Stabil metallram f\u00f6r robust st\u00f6d<\/li>\n<li> Montering kr\u00e4vs<\/li>\n<\/ul>\n<p> Tekniska data:<\/p>\n<ul>\n<li> F\u00e4rg: Ljusbrun<\/li>\n<li> Material: Sammet (100\uff05 Polyester), skum, st\u00e5l<\/li>\n<li> Totala dimensioner: (Uppr\u00e4tt) 93B x 104D x 100H cm<\/li>\n<li> Totala dimensioner: (Tillbakalutad) 93B x 165D x 77H cm<\/li>\n<li> Totala dimensioner: (Upplyft) 93B x 86D x 131H cm<\/li>\n<li> Sitsstorlek: 57B x 60D x 50H cm<\/li>\n<li> Armst\u00f6dsh\u00f6jd fr\u00e5n golvet: 58,5 cm<\/li>\n<li> Ryggstorlek: 59B x 80D cm<\/li>\n<li> Tjocklek p\u00e5 ryggkudde: 25 cm<\/li>\n<li> Kabell\u00e4ngd: (Massage) 1,8 m, (Lutning och lyft) 1,35 m<\/li>\n<li> B\u00e4rkapacitet: 135 kg<\/li>\n<li> Ing\u00e5ng: 100-240V, 50-60 Hz<\/li>\n<li> Utg\u00e5ng: 12V \/ 1A \/ 12W<\/li>\n<li> USB-utg\u00e5ng: 5V \/ 2A, 10W<\/li>\n<\/ul>\n<p>Leveransinneh\u00e5ll:<\/p>\n<ul>\n<li> 1 x Uppstol<\/li>\n<li> 2 x Fj\u00e4rrkontroll<\/li>\n<li> 1 x Handbok<\/li>\n<\/ul>\n","protected":false},"excerpt":{"rendered":"<p>Njut av ultimat komfort med TRUUSK TV-stolen med liggl\u00e4ge! Tack vare 45\u00b0 sittlyft blir det l\u00e4ttare att stiga upp och&#8230;<\/p>\n","protected":false},"featured_media":64744,"template":"","meta":[],"product_brand":[],"product_cat":[521,946,871,910],"product_tag":[],"class_list":{"0":"post-64753","1":"product","2":"type-product","3":"status-publish","4":"has-post-thumbnail","6":"product_cat-fatolj","7":"product_cat-fernsehsessel","8":"product_cat-hus-hem","9":"product_cat-vardagsrum","11":"first","12":"instock","13":"sale","14":"taxable","15":"shipping-taxable","16":"purchasable","17":"product-type-simple"},"yoast_head":"<!-- This site is optimized with the Yoast SEO plugin v25.4 - https:\/\/yoast.com\/wordpress\/plugins\/seo\/ -->\n<title>TRUUSK TV-stol med elektrisk upphj\u00e4lp - Avslappningsstol med liggfunktion - Massagefunktion - V\u00e4rmefunktion - Fickfj\u00e4derk\u00e4rna - TRUUSK - Hem, Tr\u00e4dg\u00e5rd &amp; Fritid<\/title>\n<meta name=\"robots\" content=\"index, follow, max-snippet:-1, max-image-preview:large, max-video-preview:-1\" \/>\n<link rel=\"canonical\" href=\"https:\/\/truusk.store\/sv\/produkt\/truusk-tv-stol-med-elektrisk-upphjalp-avslappningsstol-med-liggfunktion-massagefunktion-varmefunktion-fickfjaderkarna\/\" \/>\n<meta property=\"og:locale\" content=\"sv_SE\" \/>\n<meta property=\"og:type\" content=\"article\" \/>\n<meta property=\"og:title\" content=\"TRUUSK TV-stol med elektrisk upphj\u00e4lp - Avslappningsstol med liggfunktion - Massagefunktion - V\u00e4rmefunktion - Fickfj\u00e4derk\u00e4rna - TRUUSK - Hem, Tr\u00e4dg\u00e5rd &amp; Fritid\" \/>\n<meta property=\"og:description\" content=\"Njut av ultimat komfort med TRUUSK TV-stolen med liggl\u00e4ge! Tack vare 45\u00b0 sittlyft blir det l\u00e4ttare att stiga upp och...\" \/>\n<meta property=\"og:url\" content=\"https:\/\/truusk.store\/sv\/produkt\/truusk-tv-stol-med-elektrisk-upphjalp-avslappningsstol-med-liggfunktion-massagefunktion-varmefunktion-fickfjaderkarna\/\" \/>\n<meta property=\"og:site_name\" content=\"TRUUSK - Hem, Tr\u00e4dg\u00e5rd &amp; Fritid\" \/>\n<meta property=\"article:modified_time\" content=\"2026-03-12T08:42:34+00:00\" \/>\n<meta property=\"og:image\" content=\"https:\/\/i0.wp.com\/truusk.se\/wp-content\/uploads\/2025\/06\/tv-stol-med-elektrisk-upphjalp-avslappningsstol-med-liggfunktion-massagefunktion-tv-stol-med-varmefunktion-fickfjaderkarna-fjarrkontroll-och-sidoficka-ljusbrun-1.webp?fit=2000%2C2000&ssl=1\" \/>\n\t<meta property=\"og:image:width\" content=\"2000\" \/>\n\t<meta property=\"og:image:height\" content=\"2000\" \/>\n\t<meta property=\"og:image:type\" content=\"image\/webp\" \/>\n<meta name=\"twitter:card\" content=\"summary_large_image\" \/>\n<meta name=\"twitter:label1\" content=\"Ber\u00e4knad l\u00e4stid\" \/>\n\t<meta name=\"twitter:data1\" content=\"1 minut\" \/>\n<!-- \/ Yoast SEO plugin. -->","yoast_head_json":{"title":"TRUUSK TV-stol med elektrisk upphj\u00e4lp - Avslappningsstol med liggfunktion - Massagefunktion - V\u00e4rmefunktion - Fickfj\u00e4derk\u00e4rna - TRUUSK - Hem, Tr\u00e4dg\u00e5rd &amp; Fritid","robots":{"index":"index","follow":"follow","max-snippet":"max-snippet:-1","max-image-preview":"max-image-preview:large","max-video-preview":"max-video-preview:-1"},"canonical":"https:\/\/truusk.store\/sv\/produkt\/truusk-tv-stol-med-elektrisk-upphjalp-avslappningsstol-med-liggfunktion-massagefunktion-varmefunktion-fickfjaderkarna\/","og_locale":"sv_SE","og_type":"article","og_title":"TRUUSK TV-stol med elektrisk upphj\u00e4lp - Avslappningsstol med liggfunktion - Massagefunktion - V\u00e4rmefunktion - Fickfj\u00e4derk\u00e4rna - TRUUSK - Hem, Tr\u00e4dg\u00e5rd &amp; Fritid","og_description":"Njut av ultimat komfort med TRUUSK TV-stolen med liggl\u00e4ge! Tack vare 45\u00b0 sittlyft blir det l\u00e4ttare att stiga upp och...","og_url":"https:\/\/truusk.store\/sv\/produkt\/truusk-tv-stol-med-elektrisk-upphjalp-avslappningsstol-med-liggfunktion-massagefunktion-varmefunktion-fickfjaderkarna\/","og_site_name":"TRUUSK - Hem, Tr\u00e4dg\u00e5rd &amp; Fritid","article_modified_time":"2026-03-12T08:42:34+00:00","og_image":[{"width":2000,"height":2000,"url":"https:\/\/i0.wp.com\/truusk.se\/wp-content\/uploads\/2025\/06\/tv-stol-med-elektrisk-upphjalp-avslappningsstol-med-liggfunktion-massagefunktion-tv-stol-med-varmefunktion-fickfjaderkarna-fjarrkontroll-och-sidoficka-ljusbrun-1.webp?fit=2000%2C2000&ssl=1","type":"image\/webp"}],"twitter_card":"summary_large_image","twitter_misc":{"Ber\u00e4knad l\u00e4stid":"1 minut"},"schema":{"@context":"https:\/\/schema.org","@graph":[{"@type":"WebPage","@id":"https:\/\/truusk.store\/sv\/produkt\/truusk-tv-stol-med-elektrisk-upphjalp-avslappningsstol-med-liggfunktion-massagefunktion-varmefunktion-fickfjaderkarna\/","url":"https:\/\/truusk.store\/sv\/produkt\/truusk-tv-stol-med-elektrisk-upphjalp-avslappningsstol-med-liggfunktion-massagefunktion-varmefunktion-fickfjaderkarna\/","name":"TRUUSK TV-stol med elektrisk upphj\u00e4lp - Avslappningsstol med liggfunktion - Massagefunktion - V\u00e4rmefunktion - Fickfj\u00e4derk\u00e4rna - TRUUSK - Hem, Tr\u00e4dg\u00e5rd &amp; Fritid","isPartOf":{"@id":"https:\/\/truusk.store\/sv\/#website"},"primaryImageOfPage":{"@id":"https:\/\/truusk.store\/sv\/produkt\/truusk-tv-stol-med-elektrisk-upphjalp-avslappningsstol-med-liggfunktion-massagefunktion-varmefunktion-fickfjaderkarna\/#primaryimage"},"image":{"@id":"https:\/\/truusk.store\/sv\/produkt\/truusk-tv-stol-med-elektrisk-upphjalp-avslappningsstol-med-liggfunktion-massagefunktion-varmefunktion-fickfjaderkarna\/#primaryimage"},"thumbnailUrl":"https:\/\/i0.wp.com\/truusk.store\/wp-content\/uploads\/2025\/06\/tv-stol-med-elektrisk-upphjalp-avslappningsstol-med-liggfunktion-massagefunktion-tv-stol-med-varmefunktion-fickfjaderkarna-fjarrkontroll-och-sidoficka-ljusbrun-1.webp?fit=2000%2C2000&ssl=1","datePublished":"2025-06-05T08:56:50+00:00","dateModified":"2026-03-12T08:42:34+00:00","breadcrumb":{"@id":"https:\/\/truusk.store\/sv\/produkt\/truusk-tv-stol-med-elektrisk-upphjalp-avslappningsstol-med-liggfunktion-massagefunktion-varmefunktion-fickfjaderkarna\/#breadcrumb"},"inLanguage":"sv-SE","potentialAction":[{"@type":"ReadAction","target":["https:\/\/truusk.store\/sv\/produkt\/truusk-tv-stol-med-elektrisk-upphjalp-avslappningsstol-med-liggfunktion-massagefunktion-varmefunktion-fickfjaderkarna\/"]}]},{"@type":"ImageObject","inLanguage":"sv-SE","@id":"https:\/\/truusk.store\/sv\/produkt\/truusk-tv-stol-med-elektrisk-upphjalp-avslappningsstol-med-liggfunktion-massagefunktion-varmefunktion-fickfjaderkarna\/#primaryimage","url":"https:\/\/i0.wp.com\/truusk.store\/wp-content\/uploads\/2025\/06\/tv-stol-med-elektrisk-upphjalp-avslappningsstol-med-liggfunktion-massagefunktion-tv-stol-med-varmefunktion-fickfjaderkarna-fjarrkontroll-och-sidoficka-ljusbrun-1.webp?fit=2000%2C2000&ssl=1","contentUrl":"https:\/\/i0.wp.com\/truusk.store\/wp-content\/uploads\/2025\/06\/tv-stol-med-elektrisk-upphjalp-avslappningsstol-med-liggfunktion-massagefunktion-tv-stol-med-varmefunktion-fickfjaderkarna-fjarrkontroll-och-sidoficka-ljusbrun-1.webp?fit=2000%2C2000&ssl=1","width":2000,"height":2000},{"@type":"BreadcrumbList","@id":"https:\/\/truusk.store\/sv\/produkt\/truusk-tv-stol-med-elektrisk-upphjalp-avslappningsstol-med-liggfunktion-massagefunktion-varmefunktion-fickfjaderkarna\/#breadcrumb","itemListElement":[{"@type":"ListItem","position":1,"name":"Home","item":"https:\/\/truusk.store\/sv\/"},{"@type":"ListItem","position":2,"name":"Shop","item":"https:\/\/truusk.store\/shop\/"},{"@type":"ListItem","position":3,"name":"TRUUSK TV-stol med elektrisk upphj\u00e4lp &#8211; Avslappningsstol med liggfunktion &#8211; Massagefunktion &#8211; V\u00e4rmefunktion &#8211; Fickfj\u00e4derk\u00e4rna &#8211;"}]},{"@type":"WebSite","@id":"https:\/\/truusk.store\/sv\/#website","url":"https:\/\/truusk.store\/sv\/","name":"TRUUSK - Hem, Tr\u00e4dg\u00e5rd & Fritid","description":"","publisher":{"@id":"https:\/\/truusk.store\/sv\/#organization"},"potentialAction":[{"@type":"SearchAction","target":{"@type":"EntryPoint","urlTemplate":"https:\/\/truusk.store\/sv\/?s={search_term_string}"},"query-input":{"@type":"PropertyValueSpecification","valueRequired":true,"valueName":"search_term_string"}}],"inLanguage":"sv-SE"},{"@type":"Organization","@id":"https:\/\/truusk.store\/sv\/#organization","name":"TRUUSK - Hem, Tr\u00e4dg\u00e5rd & Fritid","url":"https:\/\/truusk.store\/sv\/","logo":{"@type":"ImageObject","inLanguage":"sv-SE","@id":"https:\/\/truusk.store\/sv\/#\/schema\/logo\/image\/","url":"https:\/\/i0.wp.com\/truusk.store\/wp-content\/uploads\/2026\/03\/cropped-TRUUSK.png?fit=2032%2C917&ssl=1","contentUrl":"https:\/\/i0.wp.com\/truusk.store\/wp-content\/uploads\/2026\/03\/cropped-TRUUSK.png?fit=2032%2C917&ssl=1","width":2032,"height":917,"caption":"TRUUSK - Hem, Tr\u00e4dg\u00e5rd & Fritid"},"image":{"@id":"https:\/\/truusk.store\/sv\/#\/schema\/logo\/image\/"}}]}},"jetpack_sharing_enabled":true,"_links":{"self":[{"href":"https:\/\/truusk.store\/sv\/wp-json\/wp\/v2\/product\/64753","targetHints":{"allow":["GET"]}}],"collection":[{"href":"https:\/\/truusk.store\/sv\/wp-json\/wp\/v2\/product"}],"about":[{"href":"https:\/\/truusk.store\/sv\/wp-json\/wp\/v2\/types\/product"}],"wp:featuredmedia":[{"embeddable":true,"href":"https:\/\/truusk.store\/sv\/wp-json\/wp\/v2\/media\/64744"}],"wp:attachment":[{"href":"https:\/\/truusk.store\/sv\/wp-json\/wp\/v2\/media?parent=64753"}],"wp:term":[{"taxonomy":"product_brand","embeddable":true,"href":"https:\/\/truusk.store\/sv\/wp-json\/wp\/v2\/product_brand?post=64753"},{"taxonomy":"product_cat","embeddable":true,"href":"https:\/\/truusk.store\/sv\/wp-json\/wp\/v2\/product_cat?post=64753"},{"taxonomy":"product_tag","embeddable":true,"href":"https:\/\/truusk.store\/sv\/wp-json\/wp\/v2\/product_tag?post=64753"}],"curies":[{"name":"wp","href":"https:\/\/api.w.org\/{rel}","templated":true}]}}