{"id":64803,"date":"2025-06-05T10:01:48","date_gmt":"2025-06-05T09:01:48","guid":{"rendered":"https:\/\/truusk.store\/product\/helskarmspegel-40-x-120-cm-staende-spegel-med-led-ljus-vagg-spegel-med-touch-kontroll-ramlos-golv-spegel-for-sovrum-vardagsrum\/"},"modified":"2026-03-12T09:44:42","modified_gmt":"2026-03-12T08:44:42","slug":"truusk-staende-led-spegel-40-x-120-cm-touch-kontroll-ramlos-design-for-sovrum-och-vardagsrum","status":"publish","type":"product","link":"https:\/\/truusk.store\/sv\/produkt\/truusk-staende-led-spegel-40-x-120-cm-touch-kontroll-ramlos-design-for-sovrum-och-vardagsrum\/","title":{"rendered":"TRUUSK St\u00e5ende LED-Spegel 40 X 120 cm &#8211; Touch-kontroll &#8211; Raml\u00f6s Design &#8211; F\u00f6r Sovrum och Vardagsrum"},"content":{"rendered":"<p>Lys upp varje rum med TRUUSK helkroppsspegeln. Med gener\u00f6sa dimensioner p\u00e5 120 x 40 cm ger helkroppsspegeln med belysning dig en fri, klar vy fr\u00e5n huvud till t\u00e5. De dimbara LED-remsorna med smart touch-kontroll g\u00f6r att du kan anpassa ljusst\u00e4mningen helt efter dina \u00f6nskem\u00e5l. Den eleganta, raml\u00f6sa designen p\u00e5 hallens spegel med rundade h\u00f6rn ger inte bara s\u00e4kerhet, utan ger ocks\u00e5 ditt hem en modern touch. Perfekt f\u00f6r alla rum.<\/p>\n<p>Beskrivning:<\/p>\n<ul>\n<li> 120 x 40 cm storlek ger en klar reflektion fr\u00e5n huvud till t\u00e5<\/li>\n<li> V\u00e4ggspegel sparar utrymme<\/li>\n<li> Dimbart och trefaldigt justerbart LED-ljus via en smart touch-knapp<\/li>\n<li> Minnesfunktion beh\u00e5ller dina f\u00f6redragna ljusinst\u00e4llningar<\/li>\n<li> Raml\u00f6s design av helkroppsspegeln med bakgrundsbelysning blir mycket modern<\/li>\n<li> Klart, splitterfritt glas med rundade h\u00f6rn f\u00f6r s\u00e4kerhet och klarhet<\/li>\n<li> Avtagbara LED-remsor p\u00e5 hallens spegel f\u00f6rl\u00e4nger livsl\u00e4ngden<\/li>\n<li> Ingen montering kr\u00e4vs, med v\u00e4ggmonteringsutrustning och inbyggda krokar<\/li>\n<\/ul>\n<p>Tekniska data:<\/p>\n<ul>\n<li> F\u00e4rg: Transparent<\/li>\n<li> Material: H\u00e5rdglas<\/li>\n<li> Totala dimensioner: 40L x 3B x 120H cm<\/li>\n<li> Spegelstorlek: 40B x 120H cm<\/li>\n<li> Kabell\u00e4ngd: 1,5 m<\/li>\n<li> F\u00e4rgtemperatur: 3000K, 4500K, 6500K<\/li>\n<li> Lumen: 1450 lm<\/li>\n<li> Effekt: 17 W<\/li>\n<li> Ing\u00e5ng: AC 220-240V, 50\/60Hz<\/li>\n<li> Utg\u00e5ng: DC 12V, 2A, 24W<\/li>\n<\/ul>\n<p>Leveransinneh\u00e5ll:<\/p>\n<ul>\n<li> 1 x Helkroppsspegel<\/li>\n<li> 1 x Bruksanvisning<\/li>\n<\/ul>\n","protected":false},"excerpt":{"rendered":"<p>Lys upp varje rum med TRUUSK helkroppsspegeln. Med gener\u00f6sa dimensioner p\u00e5 120 x 40 cm ger helkroppsspegeln med belysning dig&#8230;<\/p>\n","protected":false},"featured_media":64794,"template":"","meta":[],"product_brand":[],"product_cat":[893,871,966],"product_tag":[],"class_list":{"0":"post-64803","1":"product","2":"type-product","3":"status-publish","4":"has-post-thumbnail","6":"product_cat-garderob-hall","7":"product_cat-hus-hem","8":"product_cat-staende-speglar","10":"first","11":"instock","12":"sale","13":"taxable","14":"shipping-taxable","15":"purchasable","16":"product-type-simple"},"yoast_head":"<!-- This site is optimized with the Yoast SEO plugin v25.4 - https:\/\/yoast.com\/wordpress\/plugins\/seo\/ -->\n<title>TRUUSK St\u00e5ende LED-Spegel 40 X 120 cm - Touch-kontroll - Raml\u00f6s Design - F\u00f6r Sovrum och Vardagsrum - TRUUSK - Hem, Tr\u00e4dg\u00e5rd &amp; Fritid<\/title>\n<meta name=\"robots\" content=\"index, follow, max-snippet:-1, max-image-preview:large, max-video-preview:-1\" \/>\n<link rel=\"canonical\" href=\"https:\/\/truusk.store\/sv\/produkt\/truusk-staende-led-spegel-40-x-120-cm-touch-kontroll-ramlos-design-for-sovrum-och-vardagsrum\/\" \/>\n<meta property=\"og:locale\" content=\"sv_SE\" \/>\n<meta property=\"og:type\" content=\"article\" \/>\n<meta property=\"og:title\" content=\"TRUUSK St\u00e5ende LED-Spegel 40 X 120 cm - Touch-kontroll - Raml\u00f6s Design - F\u00f6r Sovrum och Vardagsrum - TRUUSK - Hem, Tr\u00e4dg\u00e5rd &amp; Fritid\" \/>\n<meta property=\"og:description\" content=\"Lys upp varje rum med TRUUSK helkroppsspegeln. Med gener\u00f6sa dimensioner p\u00e5 120 x 40 cm ger helkroppsspegeln med belysning dig...\" \/>\n<meta property=\"og:url\" content=\"https:\/\/truusk.store\/sv\/produkt\/truusk-staende-led-spegel-40-x-120-cm-touch-kontroll-ramlos-design-for-sovrum-och-vardagsrum\/\" \/>\n<meta property=\"og:site_name\" content=\"TRUUSK - Hem, Tr\u00e4dg\u00e5rd &amp; Fritid\" \/>\n<meta property=\"article:modified_time\" content=\"2026-03-12T08:44:42+00:00\" \/>\n<meta property=\"og:image\" content=\"https:\/\/i0.wp.com\/truusk.se\/wp-content\/uploads\/2025\/06\/helskarmspegel-40-x-120-cm-staende-spegel-med-led-ljus-vagg-spegel-med-touch-kontroll-ramlos-golv-spegel-for-sovrum-vardagsrum-1.webp?fit=2000%2C2000&ssl=1\" \/>\n\t<meta property=\"og:image:width\" content=\"2000\" \/>\n\t<meta property=\"og:image:height\" content=\"2000\" \/>\n\t<meta property=\"og:image:type\" content=\"image\/webp\" \/>\n<meta name=\"twitter:card\" content=\"summary_large_image\" \/>\n<meta name=\"twitter:label1\" content=\"Ber\u00e4knad l\u00e4stid\" \/>\n\t<meta name=\"twitter:data1\" content=\"1 minut\" \/>\n<!-- \/ Yoast SEO plugin. -->","yoast_head_json":{"title":"TRUUSK St\u00e5ende LED-Spegel 40 X 120 cm - Touch-kontroll - Raml\u00f6s Design - F\u00f6r Sovrum och Vardagsrum - TRUUSK - Hem, Tr\u00e4dg\u00e5rd &amp; Fritid","robots":{"index":"index","follow":"follow","max-snippet":"max-snippet:-1","max-image-preview":"max-image-preview:large","max-video-preview":"max-video-preview:-1"},"canonical":"https:\/\/truusk.store\/sv\/produkt\/truusk-staende-led-spegel-40-x-120-cm-touch-kontroll-ramlos-design-for-sovrum-och-vardagsrum\/","og_locale":"sv_SE","og_type":"article","og_title":"TRUUSK St\u00e5ende LED-Spegel 40 X 120 cm - Touch-kontroll - Raml\u00f6s Design - F\u00f6r Sovrum och Vardagsrum - TRUUSK - Hem, Tr\u00e4dg\u00e5rd &amp; Fritid","og_description":"Lys upp varje rum med TRUUSK helkroppsspegeln. Med gener\u00f6sa dimensioner p\u00e5 120 x 40 cm ger helkroppsspegeln med belysning dig...","og_url":"https:\/\/truusk.store\/sv\/produkt\/truusk-staende-led-spegel-40-x-120-cm-touch-kontroll-ramlos-design-for-sovrum-och-vardagsrum\/","og_site_name":"TRUUSK - Hem, Tr\u00e4dg\u00e5rd &amp; Fritid","article_modified_time":"2026-03-12T08:44:42+00:00","og_image":[{"width":2000,"height":2000,"url":"https:\/\/i0.wp.com\/truusk.se\/wp-content\/uploads\/2025\/06\/helskarmspegel-40-x-120-cm-staende-spegel-med-led-ljus-vagg-spegel-med-touch-kontroll-ramlos-golv-spegel-for-sovrum-vardagsrum-1.webp?fit=2000%2C2000&ssl=1","type":"image\/webp"}],"twitter_card":"summary_large_image","twitter_misc":{"Ber\u00e4knad l\u00e4stid":"1 minut"},"schema":{"@context":"https:\/\/schema.org","@graph":[{"@type":"WebPage","@id":"https:\/\/truusk.store\/sv\/produkt\/truusk-staende-led-spegel-40-x-120-cm-touch-kontroll-ramlos-design-for-sovrum-och-vardagsrum\/","url":"https:\/\/truusk.store\/sv\/produkt\/truusk-staende-led-spegel-40-x-120-cm-touch-kontroll-ramlos-design-for-sovrum-och-vardagsrum\/","name":"TRUUSK St\u00e5ende LED-Spegel 40 X 120 cm - Touch-kontroll - Raml\u00f6s Design - F\u00f6r Sovrum och Vardagsrum - TRUUSK - Hem, Tr\u00e4dg\u00e5rd &amp; Fritid","isPartOf":{"@id":"https:\/\/truusk.store\/sv\/#website"},"primaryImageOfPage":{"@id":"https:\/\/truusk.store\/sv\/produkt\/truusk-staende-led-spegel-40-x-120-cm-touch-kontroll-ramlos-design-for-sovrum-och-vardagsrum\/#primaryimage"},"image":{"@id":"https:\/\/truusk.store\/sv\/produkt\/truusk-staende-led-spegel-40-x-120-cm-touch-kontroll-ramlos-design-for-sovrum-och-vardagsrum\/#primaryimage"},"thumbnailUrl":"https:\/\/i0.wp.com\/truusk.store\/wp-content\/uploads\/2025\/06\/helskarmspegel-40-x-120-cm-staende-spegel-med-led-ljus-vagg-spegel-med-touch-kontroll-ramlos-golv-spegel-for-sovrum-vardagsrum-1.webp?fit=2000%2C2000&ssl=1","datePublished":"2025-06-05T09:01:48+00:00","dateModified":"2026-03-12T08:44:42+00:00","breadcrumb":{"@id":"https:\/\/truusk.store\/sv\/produkt\/truusk-staende-led-spegel-40-x-120-cm-touch-kontroll-ramlos-design-for-sovrum-och-vardagsrum\/#breadcrumb"},"inLanguage":"sv-SE","potentialAction":[{"@type":"ReadAction","target":["https:\/\/truusk.store\/sv\/produkt\/truusk-staende-led-spegel-40-x-120-cm-touch-kontroll-ramlos-design-for-sovrum-och-vardagsrum\/"]}]},{"@type":"ImageObject","inLanguage":"sv-SE","@id":"https:\/\/truusk.store\/sv\/produkt\/truusk-staende-led-spegel-40-x-120-cm-touch-kontroll-ramlos-design-for-sovrum-och-vardagsrum\/#primaryimage","url":"https:\/\/i0.wp.com\/truusk.store\/wp-content\/uploads\/2025\/06\/helskarmspegel-40-x-120-cm-staende-spegel-med-led-ljus-vagg-spegel-med-touch-kontroll-ramlos-golv-spegel-for-sovrum-vardagsrum-1.webp?fit=2000%2C2000&ssl=1","contentUrl":"https:\/\/i0.wp.com\/truusk.store\/wp-content\/uploads\/2025\/06\/helskarmspegel-40-x-120-cm-staende-spegel-med-led-ljus-vagg-spegel-med-touch-kontroll-ramlos-golv-spegel-for-sovrum-vardagsrum-1.webp?fit=2000%2C2000&ssl=1","width":2000,"height":2000},{"@type":"BreadcrumbList","@id":"https:\/\/truusk.store\/sv\/produkt\/truusk-staende-led-spegel-40-x-120-cm-touch-kontroll-ramlos-design-for-sovrum-och-vardagsrum\/#breadcrumb","itemListElement":[{"@type":"ListItem","position":1,"name":"Home","item":"https:\/\/truusk.store\/sv\/"},{"@type":"ListItem","position":2,"name":"Shop","item":"https:\/\/truusk.store\/shop\/"},{"@type":"ListItem","position":3,"name":"TRUUSK St\u00e5ende LED-Spegel 40 X 120 cm &#8211; Touch-kontroll &#8211; Raml\u00f6s Design &#8211; F\u00f6r Sovrum och Vardagsrum"}]},{"@type":"WebSite","@id":"https:\/\/truusk.store\/sv\/#website","url":"https:\/\/truusk.store\/sv\/","name":"TRUUSK - Hem, Tr\u00e4dg\u00e5rd & Fritid","description":"","publisher":{"@id":"https:\/\/truusk.store\/sv\/#organization"},"potentialAction":[{"@type":"SearchAction","target":{"@type":"EntryPoint","urlTemplate":"https:\/\/truusk.store\/sv\/?s={search_term_string}"},"query-input":{"@type":"PropertyValueSpecification","valueRequired":true,"valueName":"search_term_string"}}],"inLanguage":"sv-SE"},{"@type":"Organization","@id":"https:\/\/truusk.store\/sv\/#organization","name":"TRUUSK - Hem, Tr\u00e4dg\u00e5rd & Fritid","url":"https:\/\/truusk.store\/sv\/","logo":{"@type":"ImageObject","inLanguage":"sv-SE","@id":"https:\/\/truusk.store\/sv\/#\/schema\/logo\/image\/","url":"https:\/\/i0.wp.com\/truusk.store\/wp-content\/uploads\/2026\/03\/cropped-TRUUSK.png?fit=2032%2C917&ssl=1","contentUrl":"https:\/\/i0.wp.com\/truusk.store\/wp-content\/uploads\/2026\/03\/cropped-TRUUSK.png?fit=2032%2C917&ssl=1","width":2032,"height":917,"caption":"TRUUSK - Hem, Tr\u00e4dg\u00e5rd & Fritid"},"image":{"@id":"https:\/\/truusk.store\/sv\/#\/schema\/logo\/image\/"}}]}},"jetpack_sharing_enabled":true,"_links":{"self":[{"href":"https:\/\/truusk.store\/sv\/wp-json\/wp\/v2\/product\/64803","targetHints":{"allow":["GET"]}}],"collection":[{"href":"https:\/\/truusk.store\/sv\/wp-json\/wp\/v2\/product"}],"about":[{"href":"https:\/\/truusk.store\/sv\/wp-json\/wp\/v2\/types\/product"}],"wp:featuredmedia":[{"embeddable":true,"href":"https:\/\/truusk.store\/sv\/wp-json\/wp\/v2\/media\/64794"}],"wp:attachment":[{"href":"https:\/\/truusk.store\/sv\/wp-json\/wp\/v2\/media?parent=64803"}],"wp:term":[{"taxonomy":"product_brand","embeddable":true,"href":"https:\/\/truusk.store\/sv\/wp-json\/wp\/v2\/product_brand?post=64803"},{"taxonomy":"product_cat","embeddable":true,"href":"https:\/\/truusk.store\/sv\/wp-json\/wp\/v2\/product_cat?post=64803"},{"taxonomy":"product_tag","embeddable":true,"href":"https:\/\/truusk.store\/sv\/wp-json\/wp\/v2\/product_tag?post=64803"}],"curies":[{"name":"wp","href":"https:\/\/api.w.org\/{rel}","templated":true}]}}