{"id":64863,"date":"2025-06-05T10:07:41","date_gmt":"2025-06-05T09:07:41","guid":{"rendered":"https:\/\/truusk.store\/product\/sittbank-med-forvaring-stoppad-bank-med-lock-sangbank-med-kashmirlook-for-hall-sovrum-vardagsrum-traram-o45-x-41-cm-kramvit\/"},"modified":"2026-03-12T09:44:29","modified_gmt":"2026-03-12T08:44:29","slug":"truusk-sittbank-med-forvaring-stoppad-bank-med-lock-sangbank-med-kashmirlook-traram-o45-x-41-cm-kramvit","status":"publish","type":"product","link":"https:\/\/truusk.store\/sv\/produkt\/truusk-sittbank-med-forvaring-stoppad-bank-med-lock-sangbank-med-kashmirlook-traram-o45-x-41-cm-kramvit\/","title":{"rendered":"TRUUSK Sittb\u00e4nk med F\u00f6rvaring &#8211; Stoppad B\u00e4nk med Lock &#8211; S\u00e4ngb\u00e4nk med Kashmirlook &#8211; Tr\u00e4ram &#8211; \u00d845 x 41 cm &#8211; Kr\u00e4mvit"},"content":{"rendered":"<p>Upplev multifunktionell elegans med TRUUSK b\u00e4nken med f\u00f6rvaring. G\u00f6md under den knapp-tuftade ytan p\u00e5 sittpuffen finns ett 31,8 L stort fack, perfekt f\u00f6r filtar, b\u00f6cker och andra f\u00f6rem\u00e5l. Kl\u00e4dd med mjukt, andningsbart tyg och stoppad med tjock skum, fungerar b\u00e4nken som en bekv\u00e4m sittplats eller fotst\u00f6d. Denna stilfulla m\u00f6bel med ben av furutr\u00e4 ger m\u00e5ngsidig komfort till alla rum.<\/p>\n<p>Beskrivning:<\/p>\n<ul>\n<li> 31,8 L dold f\u00f6rvaring i s\u00e4ngb\u00e4nken f\u00f6rvarar olika f\u00f6rem\u00e5l snyggt<\/li>\n<li> Mjukt \u00f6verdrag och tjock stoppning i den stoppade b\u00e4nken ger en bekv\u00e4m sittupplevelse<\/li>\n<li> Knapp-tuftad yta i diamantm\u00f6nster f\u00f6rb\u00e4ttrar rummets estetik<\/li>\n<li> Furutr\u00e4ben p\u00e5 puffen f\u00f6r stabil st\u00f6d<\/li>\n<li> M\u00e5ngsidig anv\u00e4ndning<\/li>\n<li> Enkel montering<\/li>\n<\/ul>\n<p>Tekniska data:<\/p>\n<ul>\n<li> F\u00e4rg: Kr\u00e4mvit<\/li>\n<li> Material: Kashmir (100% polyester), skum, furutr\u00e4<\/li>\n<li> Totala dimensioner: \u00d845 x 41H cm<\/li>\n<li> Inre dimensioner: \u00d838 x 28H cm<\/li>\n<li> Lagringsvolym: 31,8 L<\/li>\n<li> Benm\u00e5tt: 4,5L x 4,5B x 5H cm<\/li>\n<li> B\u00e4rkapacitet: 120 kg<\/li>\n<\/ul>\n<p>Leveransinneh\u00e5ll:<\/p>\n<ul>\n<li> 1 x F\u00f6rvaringspuff<\/li>\n<li> 1 x Bruksanvisning<\/li>\n<\/ul>\n","protected":false},"excerpt":{"rendered":"<p>Upplev multifunktionell elegans med TRUUSK b\u00e4nken med f\u00f6rvaring. G\u00f6md under den knapp-tuftade ytan p\u00e5 sittpuffen finns ett 31,8 L stort&#8230;<\/p>\n","protected":false},"featured_media":64854,"template":"","meta":[],"product_brand":[],"product_cat":[871,949,910],"product_tag":[],"class_list":{"0":"post-64863","1":"product","2":"type-product","3":"status-publish","4":"has-post-thumbnail","6":"product_cat-hus-hem","7":"product_cat-pallar-fotstod","8":"product_cat-vardagsrum","10":"first","11":"instock","12":"sale","13":"taxable","14":"shipping-taxable","15":"purchasable","16":"product-type-simple"},"yoast_head":"<!-- This site is optimized with the Yoast SEO plugin v25.4 - https:\/\/yoast.com\/wordpress\/plugins\/seo\/ -->\n<title>TRUUSK Sittb\u00e4nk med F\u00f6rvaring - Stoppad B\u00e4nk med Lock - S\u00e4ngb\u00e4nk med Kashmirlook - Tr\u00e4ram - \u00d845 x 41 cm - Kr\u00e4mvit - TRUUSK - Hem, Tr\u00e4dg\u00e5rd &amp; Fritid<\/title>\n<meta name=\"robots\" content=\"index, follow, max-snippet:-1, max-image-preview:large, max-video-preview:-1\" \/>\n<link rel=\"canonical\" href=\"https:\/\/truusk.store\/sv\/produkt\/truusk-sittbank-med-forvaring-stoppad-bank-med-lock-sangbank-med-kashmirlook-traram-o45-x-41-cm-kramvit\/\" \/>\n<meta property=\"og:locale\" content=\"sv_SE\" \/>\n<meta property=\"og:type\" content=\"article\" \/>\n<meta property=\"og:title\" content=\"TRUUSK Sittb\u00e4nk med F\u00f6rvaring - Stoppad B\u00e4nk med Lock - S\u00e4ngb\u00e4nk med Kashmirlook - Tr\u00e4ram - \u00d845 x 41 cm - Kr\u00e4mvit - TRUUSK - Hem, Tr\u00e4dg\u00e5rd &amp; Fritid\" \/>\n<meta property=\"og:description\" content=\"Upplev multifunktionell elegans med TRUUSK b\u00e4nken med f\u00f6rvaring. G\u00f6md under den knapp-tuftade ytan p\u00e5 sittpuffen finns ett 31,8 L stort...\" \/>\n<meta property=\"og:url\" content=\"https:\/\/truusk.store\/sv\/produkt\/truusk-sittbank-med-forvaring-stoppad-bank-med-lock-sangbank-med-kashmirlook-traram-o45-x-41-cm-kramvit\/\" \/>\n<meta property=\"og:site_name\" content=\"TRUUSK - Hem, Tr\u00e4dg\u00e5rd &amp; Fritid\" \/>\n<meta property=\"article:modified_time\" content=\"2026-03-12T08:44:29+00:00\" \/>\n<meta property=\"og:image\" content=\"https:\/\/i0.wp.com\/truusk.se\/wp-content\/uploads\/2025\/06\/sittbank-med-forvaring-stoppad-bank-med-lock-sangbank-med-kashmirlook-for-hall-sovrum-vardagsrum-traram-o45-x-41-cm-kramvit-1.webp?fit=2000%2C2000&ssl=1\" \/>\n\t<meta property=\"og:image:width\" content=\"2000\" \/>\n\t<meta property=\"og:image:height\" content=\"2000\" \/>\n\t<meta property=\"og:image:type\" content=\"image\/webp\" \/>\n<meta name=\"twitter:card\" content=\"summary_large_image\" \/>\n<meta name=\"twitter:label1\" content=\"Ber\u00e4knad l\u00e4stid\" \/>\n\t<meta name=\"twitter:data1\" content=\"1 minut\" \/>\n<!-- \/ Yoast SEO plugin. -->","yoast_head_json":{"title":"TRUUSK Sittb\u00e4nk med F\u00f6rvaring - Stoppad B\u00e4nk med Lock - S\u00e4ngb\u00e4nk med Kashmirlook - Tr\u00e4ram - \u00d845 x 41 cm - Kr\u00e4mvit - TRUUSK - Hem, Tr\u00e4dg\u00e5rd &amp; Fritid","robots":{"index":"index","follow":"follow","max-snippet":"max-snippet:-1","max-image-preview":"max-image-preview:large","max-video-preview":"max-video-preview:-1"},"canonical":"https:\/\/truusk.store\/sv\/produkt\/truusk-sittbank-med-forvaring-stoppad-bank-med-lock-sangbank-med-kashmirlook-traram-o45-x-41-cm-kramvit\/","og_locale":"sv_SE","og_type":"article","og_title":"TRUUSK Sittb\u00e4nk med F\u00f6rvaring - Stoppad B\u00e4nk med Lock - S\u00e4ngb\u00e4nk med Kashmirlook - Tr\u00e4ram - \u00d845 x 41 cm - Kr\u00e4mvit - TRUUSK - Hem, Tr\u00e4dg\u00e5rd &amp; Fritid","og_description":"Upplev multifunktionell elegans med TRUUSK b\u00e4nken med f\u00f6rvaring. G\u00f6md under den knapp-tuftade ytan p\u00e5 sittpuffen finns ett 31,8 L stort...","og_url":"https:\/\/truusk.store\/sv\/produkt\/truusk-sittbank-med-forvaring-stoppad-bank-med-lock-sangbank-med-kashmirlook-traram-o45-x-41-cm-kramvit\/","og_site_name":"TRUUSK - Hem, Tr\u00e4dg\u00e5rd &amp; Fritid","article_modified_time":"2026-03-12T08:44:29+00:00","og_image":[{"width":2000,"height":2000,"url":"https:\/\/i0.wp.com\/truusk.se\/wp-content\/uploads\/2025\/06\/sittbank-med-forvaring-stoppad-bank-med-lock-sangbank-med-kashmirlook-for-hall-sovrum-vardagsrum-traram-o45-x-41-cm-kramvit-1.webp?fit=2000%2C2000&ssl=1","type":"image\/webp"}],"twitter_card":"summary_large_image","twitter_misc":{"Ber\u00e4knad l\u00e4stid":"1 minut"},"schema":{"@context":"https:\/\/schema.org","@graph":[{"@type":"WebPage","@id":"https:\/\/truusk.store\/sv\/produkt\/truusk-sittbank-med-forvaring-stoppad-bank-med-lock-sangbank-med-kashmirlook-traram-o45-x-41-cm-kramvit\/","url":"https:\/\/truusk.store\/sv\/produkt\/truusk-sittbank-med-forvaring-stoppad-bank-med-lock-sangbank-med-kashmirlook-traram-o45-x-41-cm-kramvit\/","name":"TRUUSK Sittb\u00e4nk med F\u00f6rvaring - Stoppad B\u00e4nk med Lock - S\u00e4ngb\u00e4nk med Kashmirlook - Tr\u00e4ram - \u00d845 x 41 cm - Kr\u00e4mvit - TRUUSK - Hem, Tr\u00e4dg\u00e5rd &amp; Fritid","isPartOf":{"@id":"https:\/\/truusk.store\/sv\/#website"},"primaryImageOfPage":{"@id":"https:\/\/truusk.store\/sv\/produkt\/truusk-sittbank-med-forvaring-stoppad-bank-med-lock-sangbank-med-kashmirlook-traram-o45-x-41-cm-kramvit\/#primaryimage"},"image":{"@id":"https:\/\/truusk.store\/sv\/produkt\/truusk-sittbank-med-forvaring-stoppad-bank-med-lock-sangbank-med-kashmirlook-traram-o45-x-41-cm-kramvit\/#primaryimage"},"thumbnailUrl":"https:\/\/i0.wp.com\/truusk.store\/wp-content\/uploads\/2025\/06\/sittbank-med-forvaring-stoppad-bank-med-lock-sangbank-med-kashmirlook-for-hall-sovrum-vardagsrum-traram-o45-x-41-cm-kramvit-1.webp?fit=2000%2C2000&ssl=1","datePublished":"2025-06-05T09:07:41+00:00","dateModified":"2026-03-12T08:44:29+00:00","breadcrumb":{"@id":"https:\/\/truusk.store\/sv\/produkt\/truusk-sittbank-med-forvaring-stoppad-bank-med-lock-sangbank-med-kashmirlook-traram-o45-x-41-cm-kramvit\/#breadcrumb"},"inLanguage":"sv-SE","potentialAction":[{"@type":"ReadAction","target":["https:\/\/truusk.store\/sv\/produkt\/truusk-sittbank-med-forvaring-stoppad-bank-med-lock-sangbank-med-kashmirlook-traram-o45-x-41-cm-kramvit\/"]}]},{"@type":"ImageObject","inLanguage":"sv-SE","@id":"https:\/\/truusk.store\/sv\/produkt\/truusk-sittbank-med-forvaring-stoppad-bank-med-lock-sangbank-med-kashmirlook-traram-o45-x-41-cm-kramvit\/#primaryimage","url":"https:\/\/i0.wp.com\/truusk.store\/wp-content\/uploads\/2025\/06\/sittbank-med-forvaring-stoppad-bank-med-lock-sangbank-med-kashmirlook-for-hall-sovrum-vardagsrum-traram-o45-x-41-cm-kramvit-1.webp?fit=2000%2C2000&ssl=1","contentUrl":"https:\/\/i0.wp.com\/truusk.store\/wp-content\/uploads\/2025\/06\/sittbank-med-forvaring-stoppad-bank-med-lock-sangbank-med-kashmirlook-for-hall-sovrum-vardagsrum-traram-o45-x-41-cm-kramvit-1.webp?fit=2000%2C2000&ssl=1","width":2000,"height":2000},{"@type":"BreadcrumbList","@id":"https:\/\/truusk.store\/sv\/produkt\/truusk-sittbank-med-forvaring-stoppad-bank-med-lock-sangbank-med-kashmirlook-traram-o45-x-41-cm-kramvit\/#breadcrumb","itemListElement":[{"@type":"ListItem","position":1,"name":"Home","item":"https:\/\/truusk.store\/sv\/"},{"@type":"ListItem","position":2,"name":"Shop","item":"https:\/\/truusk.store\/shop\/"},{"@type":"ListItem","position":3,"name":"TRUUSK Sittb\u00e4nk med F\u00f6rvaring &#8211; Stoppad B\u00e4nk med Lock &#8211; S\u00e4ngb\u00e4nk med Kashmirlook &#8211; Tr\u00e4ram &#8211; \u00d845 x 41 cm &#8211; Kr\u00e4mvit"}]},{"@type":"WebSite","@id":"https:\/\/truusk.store\/sv\/#website","url":"https:\/\/truusk.store\/sv\/","name":"TRUUSK - Hem, Tr\u00e4dg\u00e5rd & Fritid","description":"","publisher":{"@id":"https:\/\/truusk.store\/sv\/#organization"},"potentialAction":[{"@type":"SearchAction","target":{"@type":"EntryPoint","urlTemplate":"https:\/\/truusk.store\/sv\/?s={search_term_string}"},"query-input":{"@type":"PropertyValueSpecification","valueRequired":true,"valueName":"search_term_string"}}],"inLanguage":"sv-SE"},{"@type":"Organization","@id":"https:\/\/truusk.store\/sv\/#organization","name":"TRUUSK - Hem, Tr\u00e4dg\u00e5rd & Fritid","url":"https:\/\/truusk.store\/sv\/","logo":{"@type":"ImageObject","inLanguage":"sv-SE","@id":"https:\/\/truusk.store\/sv\/#\/schema\/logo\/image\/","url":"https:\/\/i0.wp.com\/truusk.store\/wp-content\/uploads\/2026\/03\/cropped-TRUUSK.png?fit=2032%2C917&ssl=1","contentUrl":"https:\/\/i0.wp.com\/truusk.store\/wp-content\/uploads\/2026\/03\/cropped-TRUUSK.png?fit=2032%2C917&ssl=1","width":2032,"height":917,"caption":"TRUUSK - Hem, Tr\u00e4dg\u00e5rd & Fritid"},"image":{"@id":"https:\/\/truusk.store\/sv\/#\/schema\/logo\/image\/"}}]}},"jetpack_sharing_enabled":true,"_links":{"self":[{"href":"https:\/\/truusk.store\/sv\/wp-json\/wp\/v2\/product\/64863","targetHints":{"allow":["GET"]}}],"collection":[{"href":"https:\/\/truusk.store\/sv\/wp-json\/wp\/v2\/product"}],"about":[{"href":"https:\/\/truusk.store\/sv\/wp-json\/wp\/v2\/types\/product"}],"wp:featuredmedia":[{"embeddable":true,"href":"https:\/\/truusk.store\/sv\/wp-json\/wp\/v2\/media\/64854"}],"wp:attachment":[{"href":"https:\/\/truusk.store\/sv\/wp-json\/wp\/v2\/media?parent=64863"}],"wp:term":[{"taxonomy":"product_brand","embeddable":true,"href":"https:\/\/truusk.store\/sv\/wp-json\/wp\/v2\/product_brand?post=64863"},{"taxonomy":"product_cat","embeddable":true,"href":"https:\/\/truusk.store\/sv\/wp-json\/wp\/v2\/product_cat?post=64863"},{"taxonomy":"product_tag","embeddable":true,"href":"https:\/\/truusk.store\/sv\/wp-json\/wp\/v2\/product_tag?post=64863"}],"curies":[{"name":"wp","href":"https:\/\/api.w.org\/{rel}","templated":true}]}}