{"id":64873,"date":"2025-06-05T10:09:10","date_gmt":"2025-06-05T09:09:10","guid":{"rendered":"https:\/\/truusk.store\/product\/aiyaplay-barns-elektriska-bil-12v-med-24g-fjarrkontroll-musik-tuta-elektriskt-fordon-med-led-ljus-usb-mp3-anslutning-3-5-km-h-for-barn-3-6-ar-svart\/"},"modified":"2026-03-12T09:43:24","modified_gmt":"2026-03-12T08:43:24","slug":"truusk-elektrisk-bil-for-barn-12v-med-fjarrkontroll-musik-tuta-led-ljus-usb-mp3-3-5-km-h-for-barn-3-6-ar-svart","status":"publish","type":"product","link":"https:\/\/truusk.store\/sv\/produkt\/truusk-elektrisk-bil-for-barn-12v-med-fjarrkontroll-musik-tuta-led-ljus-usb-mp3-3-5-km-h-for-barn-3-6-ar-svart\/","title":{"rendered":"TRUUSK Elektrisk Bil f\u00f6r Barn 12V &#8211; Med Fj\u00e4rrkontroll &#8211; Musik &#8211; Tuta &#8211; LED-ljus &#8211; USB\/MP3 &#8211; 3-5 Km\/h &#8211; F\u00f6r Barn 3-6 \u00e5r &#8211; Svart"},"content":{"rendered":"<p>Med AIYAPLAY 12V Land Rover Discovery Sport blir varje resa ett \u00e4ventyr! Denna officiellt licensierade elbil f\u00f6r barn erbjuder realistiska fram- och bakljus samt en signalhorn f\u00f6r sp\u00e4nnande k\u00f6rning. Mjuk start och musikalternativ f\u00f6r elbilen f\u00f6rh\u00f6jer upplevelsen ytterligare. Dessutom utrustad med ett p\u00e5litligt s\u00e4kerhetsb\u00e4lte och en praktisk batteriindikator.<\/p>\n<p>Beskrivning:<\/p>\n<ul>\n<li> 12V Land Rover Discovery Sport erbjuder en realistisk k\u00f6rupplevelse<\/li>\n<li> Str\u00e5lkastare, bakljus, signalhorn och musik \u00f6kar underh\u00e5llningsv\u00e4rdet<\/li>\n<li> Den mjuka starten av barnets elbil f\u00f6rhindrar ryckiga r\u00f6relser<\/li>\n<li> Fj\u00e4rrkontroll eller manuellt alternativ m\u00f6jligg\u00f6r m\u00e5ngsidig k\u00f6rning<\/li>\n<li> M\u00e5ttliga hastigheter p\u00e5 elbilen f\u00f6r s\u00e4ker kul<\/li>\n<li> Inkluderar batteriindikator och s\u00e4kerhetsb\u00e4lte<\/li>\n<li> K\u00f6r fram\u00e5t och bak\u00e5t f\u00f6r enkel navigering<\/li>\n<li> Montering kr\u00e4vs<\/li>\n<\/ul>\n<p>Tekniska data:<\/p>\n<ul>\n<li> F\u00e4rg: Svart<\/li>\n<li> Material: Plast, Metall<\/li>\n<li> Totala dimensioner: 106L x 65,5B x 51H cm<\/li>\n<li> Sitsstorlek: 33,5B x 18,5T cm<\/li>\n<li> Sitth\u00f6jd: 15 cm (till golvet)<\/li>\n<li> Fj\u00e4rrkontrollens r\u00e4ckvidd: 15 m<\/li>\n<li> Hjuldiameter: \u00d823 cm<\/li>\n<li> Batteri: 12V 4,5AH<\/li>\n<li> Motor: 2 x 12V<\/li>\n<li> Laddningstid: 8-10 timmar (f\u00f6rsta g\u00e5ngen), 8-12 timmar (regelbundet)<\/li>\n<li> Drifttid: 60 min<\/li>\n<li> Hastighet: 3-5 km\/h<\/li>\n<li> Registreringsskyltstorlek: 13,8L x 2,5B cm<\/li>\n<li> B\u00e4rkapacitet: 25 kg<\/li>\n<li> Rekommenderad \u00e5lder: 3-6 \u00e5r<\/li>\n<li> Sittkapacitet: 1 f\u00f6rare<\/li>\n<li> Not 1: \u00d6vervaka alltid dina barn n\u00e4r de k\u00f6r<\/li>\n<li> Not 2: 2 x AAA-batterier kr\u00e4vs f\u00f6r fj\u00e4rrkontrollen (ing\u00e5r ej)<\/li>\n<\/ul>\n<p>Inneh\u00e5ll:<\/p>\n<ul>\n<li> 1 x Elektrisk barnbil<\/li>\n<li> 1 x Fj\u00e4rrkontroll<\/li>\n<li> 1 x Handbok<\/li>\n<\/ul>\n","protected":false},"excerpt":{"rendered":"<p>Med AIYAPLAY 12V Land Rover Discovery Sport blir varje resa ett \u00e4ventyr! Denna officiellt licensierade elbil f\u00f6r barn erbjuder realistiska&#8230;<\/p>\n","protected":false},"featured_media":64864,"template":"","meta":[],"product_brand":[],"product_cat":[880,610,925],"product_tag":[],"class_list":{"0":"post-64873","1":"product","2":"type-product","3":"status-publish","4":"has-post-thumbnail","6":"product_cat-baby-barn-2","7":"product_cat-barnfordon","8":"product_cat-barns-elektriska-fordon","10":"first","11":"instock","12":"sale","13":"taxable","14":"shipping-taxable","15":"purchasable","16":"product-type-simple"},"yoast_head":"<!-- This site is optimized with the Yoast SEO plugin v25.4 - https:\/\/yoast.com\/wordpress\/plugins\/seo\/ -->\n<title>TRUUSK Elektrisk Bil f\u00f6r Barn 12V - Med Fj\u00e4rrkontroll - Musik - Tuta - LED-ljus - USB\/MP3 - 3-5 Km\/h - F\u00f6r Barn 3-6 \u00e5r - Svart - TRUUSK - Hem, Tr\u00e4dg\u00e5rd &amp; Fritid<\/title>\n<meta name=\"robots\" content=\"index, follow, max-snippet:-1, max-image-preview:large, max-video-preview:-1\" \/>\n<link rel=\"canonical\" href=\"https:\/\/truusk.store\/sv\/produkt\/truusk-elektrisk-bil-for-barn-12v-med-fjarrkontroll-musik-tuta-led-ljus-usb-mp3-3-5-km-h-for-barn-3-6-ar-svart\/\" \/>\n<meta property=\"og:locale\" content=\"sv_SE\" \/>\n<meta property=\"og:type\" content=\"article\" \/>\n<meta property=\"og:title\" content=\"TRUUSK Elektrisk Bil f\u00f6r Barn 12V - Med Fj\u00e4rrkontroll - Musik - Tuta - LED-ljus - USB\/MP3 - 3-5 Km\/h - F\u00f6r Barn 3-6 \u00e5r - Svart - TRUUSK - Hem, Tr\u00e4dg\u00e5rd &amp; Fritid\" \/>\n<meta property=\"og:description\" content=\"Med AIYAPLAY 12V Land Rover Discovery Sport blir varje resa ett \u00e4ventyr! Denna officiellt licensierade elbil f\u00f6r barn erbjuder realistiska...\" \/>\n<meta property=\"og:url\" content=\"https:\/\/truusk.store\/sv\/produkt\/truusk-elektrisk-bil-for-barn-12v-med-fjarrkontroll-musik-tuta-led-ljus-usb-mp3-3-5-km-h-for-barn-3-6-ar-svart\/\" \/>\n<meta property=\"og:site_name\" content=\"TRUUSK - Hem, Tr\u00e4dg\u00e5rd &amp; Fritid\" \/>\n<meta property=\"article:modified_time\" content=\"2026-03-12T08:43:24+00:00\" \/>\n<meta property=\"og:image\" content=\"https:\/\/i0.wp.com\/truusk.se\/wp-content\/uploads\/2025\/06\/aiyaplay-barns-elektriska-bil-12v-med-24g-fjarrkontroll-musik-tuta-elektriskt-fordon-med-led-ljus-usb-mp3-anslutning-3-5-km-h-for-barn-3-6-ar-svart-1.webp?fit=2000%2C2000&ssl=1\" \/>\n\t<meta property=\"og:image:width\" content=\"2000\" \/>\n\t<meta property=\"og:image:height\" content=\"2000\" \/>\n\t<meta property=\"og:image:type\" content=\"image\/webp\" \/>\n<meta name=\"twitter:card\" content=\"summary_large_image\" \/>\n<meta name=\"twitter:label1\" content=\"Ber\u00e4knad l\u00e4stid\" \/>\n\t<meta name=\"twitter:data1\" content=\"1 minut\" \/>\n<!-- \/ Yoast SEO plugin. -->","yoast_head_json":{"title":"TRUUSK Elektrisk Bil f\u00f6r Barn 12V - Med Fj\u00e4rrkontroll - Musik - Tuta - LED-ljus - USB\/MP3 - 3-5 Km\/h - F\u00f6r Barn 3-6 \u00e5r - Svart - TRUUSK - Hem, Tr\u00e4dg\u00e5rd &amp; Fritid","robots":{"index":"index","follow":"follow","max-snippet":"max-snippet:-1","max-image-preview":"max-image-preview:large","max-video-preview":"max-video-preview:-1"},"canonical":"https:\/\/truusk.store\/sv\/produkt\/truusk-elektrisk-bil-for-barn-12v-med-fjarrkontroll-musik-tuta-led-ljus-usb-mp3-3-5-km-h-for-barn-3-6-ar-svart\/","og_locale":"sv_SE","og_type":"article","og_title":"TRUUSK Elektrisk Bil f\u00f6r Barn 12V - Med Fj\u00e4rrkontroll - Musik - Tuta - LED-ljus - USB\/MP3 - 3-5 Km\/h - F\u00f6r Barn 3-6 \u00e5r - Svart - TRUUSK - Hem, Tr\u00e4dg\u00e5rd &amp; Fritid","og_description":"Med AIYAPLAY 12V Land Rover Discovery Sport blir varje resa ett \u00e4ventyr! Denna officiellt licensierade elbil f\u00f6r barn erbjuder realistiska...","og_url":"https:\/\/truusk.store\/sv\/produkt\/truusk-elektrisk-bil-for-barn-12v-med-fjarrkontroll-musik-tuta-led-ljus-usb-mp3-3-5-km-h-for-barn-3-6-ar-svart\/","og_site_name":"TRUUSK - Hem, Tr\u00e4dg\u00e5rd &amp; Fritid","article_modified_time":"2026-03-12T08:43:24+00:00","og_image":[{"width":2000,"height":2000,"url":"https:\/\/i0.wp.com\/truusk.se\/wp-content\/uploads\/2025\/06\/aiyaplay-barns-elektriska-bil-12v-med-24g-fjarrkontroll-musik-tuta-elektriskt-fordon-med-led-ljus-usb-mp3-anslutning-3-5-km-h-for-barn-3-6-ar-svart-1.webp?fit=2000%2C2000&ssl=1","type":"image\/webp"}],"twitter_card":"summary_large_image","twitter_misc":{"Ber\u00e4knad l\u00e4stid":"1 minut"},"schema":{"@context":"https:\/\/schema.org","@graph":[{"@type":"WebPage","@id":"https:\/\/truusk.store\/sv\/produkt\/truusk-elektrisk-bil-for-barn-12v-med-fjarrkontroll-musik-tuta-led-ljus-usb-mp3-3-5-km-h-for-barn-3-6-ar-svart\/","url":"https:\/\/truusk.store\/sv\/produkt\/truusk-elektrisk-bil-for-barn-12v-med-fjarrkontroll-musik-tuta-led-ljus-usb-mp3-3-5-km-h-for-barn-3-6-ar-svart\/","name":"TRUUSK Elektrisk Bil f\u00f6r Barn 12V - Med Fj\u00e4rrkontroll - Musik - Tuta - LED-ljus - USB\/MP3 - 3-5 Km\/h - F\u00f6r Barn 3-6 \u00e5r - Svart - TRUUSK - Hem, Tr\u00e4dg\u00e5rd &amp; Fritid","isPartOf":{"@id":"https:\/\/truusk.store\/sv\/#website"},"primaryImageOfPage":{"@id":"https:\/\/truusk.store\/sv\/produkt\/truusk-elektrisk-bil-for-barn-12v-med-fjarrkontroll-musik-tuta-led-ljus-usb-mp3-3-5-km-h-for-barn-3-6-ar-svart\/#primaryimage"},"image":{"@id":"https:\/\/truusk.store\/sv\/produkt\/truusk-elektrisk-bil-for-barn-12v-med-fjarrkontroll-musik-tuta-led-ljus-usb-mp3-3-5-km-h-for-barn-3-6-ar-svart\/#primaryimage"},"thumbnailUrl":"https:\/\/i0.wp.com\/truusk.store\/wp-content\/uploads\/2025\/06\/aiyaplay-barns-elektriska-bil-12v-med-24g-fjarrkontroll-musik-tuta-elektriskt-fordon-med-led-ljus-usb-mp3-anslutning-3-5-km-h-for-barn-3-6-ar-svart-1.webp?fit=2000%2C2000&ssl=1","datePublished":"2025-06-05T09:09:10+00:00","dateModified":"2026-03-12T08:43:24+00:00","breadcrumb":{"@id":"https:\/\/truusk.store\/sv\/produkt\/truusk-elektrisk-bil-for-barn-12v-med-fjarrkontroll-musik-tuta-led-ljus-usb-mp3-3-5-km-h-for-barn-3-6-ar-svart\/#breadcrumb"},"inLanguage":"sv-SE","potentialAction":[{"@type":"ReadAction","target":["https:\/\/truusk.store\/sv\/produkt\/truusk-elektrisk-bil-for-barn-12v-med-fjarrkontroll-musik-tuta-led-ljus-usb-mp3-3-5-km-h-for-barn-3-6-ar-svart\/"]}]},{"@type":"ImageObject","inLanguage":"sv-SE","@id":"https:\/\/truusk.store\/sv\/produkt\/truusk-elektrisk-bil-for-barn-12v-med-fjarrkontroll-musik-tuta-led-ljus-usb-mp3-3-5-km-h-for-barn-3-6-ar-svart\/#primaryimage","url":"https:\/\/i0.wp.com\/truusk.store\/wp-content\/uploads\/2025\/06\/aiyaplay-barns-elektriska-bil-12v-med-24g-fjarrkontroll-musik-tuta-elektriskt-fordon-med-led-ljus-usb-mp3-anslutning-3-5-km-h-for-barn-3-6-ar-svart-1.webp?fit=2000%2C2000&ssl=1","contentUrl":"https:\/\/i0.wp.com\/truusk.store\/wp-content\/uploads\/2025\/06\/aiyaplay-barns-elektriska-bil-12v-med-24g-fjarrkontroll-musik-tuta-elektriskt-fordon-med-led-ljus-usb-mp3-anslutning-3-5-km-h-for-barn-3-6-ar-svart-1.webp?fit=2000%2C2000&ssl=1","width":2000,"height":2000},{"@type":"BreadcrumbList","@id":"https:\/\/truusk.store\/sv\/produkt\/truusk-elektrisk-bil-for-barn-12v-med-fjarrkontroll-musik-tuta-led-ljus-usb-mp3-3-5-km-h-for-barn-3-6-ar-svart\/#breadcrumb","itemListElement":[{"@type":"ListItem","position":1,"name":"Home","item":"https:\/\/truusk.store\/sv\/"},{"@type":"ListItem","position":2,"name":"Shop","item":"https:\/\/truusk.store\/shop\/"},{"@type":"ListItem","position":3,"name":"TRUUSK Elektrisk Bil f\u00f6r Barn 12V &#8211; Med Fj\u00e4rrkontroll &#8211; Musik &#8211; Tuta &#8211; LED-ljus &#8211; USB\/MP3 &#8211; 3-5 Km\/h &#8211; F\u00f6r Barn 3-6 \u00e5r &#8211; Svart"}]},{"@type":"WebSite","@id":"https:\/\/truusk.store\/sv\/#website","url":"https:\/\/truusk.store\/sv\/","name":"TRUUSK - Hem, Tr\u00e4dg\u00e5rd & Fritid","description":"","publisher":{"@id":"https:\/\/truusk.store\/sv\/#organization"},"potentialAction":[{"@type":"SearchAction","target":{"@type":"EntryPoint","urlTemplate":"https:\/\/truusk.store\/sv\/?s={search_term_string}"},"query-input":{"@type":"PropertyValueSpecification","valueRequired":true,"valueName":"search_term_string"}}],"inLanguage":"sv-SE"},{"@type":"Organization","@id":"https:\/\/truusk.store\/sv\/#organization","name":"TRUUSK - Hem, Tr\u00e4dg\u00e5rd & Fritid","url":"https:\/\/truusk.store\/sv\/","logo":{"@type":"ImageObject","inLanguage":"sv-SE","@id":"https:\/\/truusk.store\/sv\/#\/schema\/logo\/image\/","url":"https:\/\/i0.wp.com\/truusk.store\/wp-content\/uploads\/2026\/03\/cropped-TRUUSK.png?fit=2032%2C917&ssl=1","contentUrl":"https:\/\/i0.wp.com\/truusk.store\/wp-content\/uploads\/2026\/03\/cropped-TRUUSK.png?fit=2032%2C917&ssl=1","width":2032,"height":917,"caption":"TRUUSK - Hem, Tr\u00e4dg\u00e5rd & Fritid"},"image":{"@id":"https:\/\/truusk.store\/sv\/#\/schema\/logo\/image\/"}}]}},"jetpack_sharing_enabled":true,"_links":{"self":[{"href":"https:\/\/truusk.store\/sv\/wp-json\/wp\/v2\/product\/64873","targetHints":{"allow":["GET"]}}],"collection":[{"href":"https:\/\/truusk.store\/sv\/wp-json\/wp\/v2\/product"}],"about":[{"href":"https:\/\/truusk.store\/sv\/wp-json\/wp\/v2\/types\/product"}],"wp:featuredmedia":[{"embeddable":true,"href":"https:\/\/truusk.store\/sv\/wp-json\/wp\/v2\/media\/64864"}],"wp:attachment":[{"href":"https:\/\/truusk.store\/sv\/wp-json\/wp\/v2\/media?parent=64873"}],"wp:term":[{"taxonomy":"product_brand","embeddable":true,"href":"https:\/\/truusk.store\/sv\/wp-json\/wp\/v2\/product_brand?post=64873"},{"taxonomy":"product_cat","embeddable":true,"href":"https:\/\/truusk.store\/sv\/wp-json\/wp\/v2\/product_cat?post=64873"},{"taxonomy":"product_tag","embeddable":true,"href":"https:\/\/truusk.store\/sv\/wp-json\/wp\/v2\/product_tag?post=64873"}],"curies":[{"name":"wp","href":"https:\/\/api.w.org\/{rel}","templated":true}]}}