{"id":64893,"date":"2025-06-05T10:10:46","date_gmt":"2025-06-05T09:10:46","guid":{"rendered":"https:\/\/truusk.store\/product\/3-i-1-soffstol-hopfallbar-sang-med-sangfunktion-landkudde-hopfallbar-solstol-med-justerbar-ryggstod-hjul-sidoficka-for-vardagsrum-snore-svart\/"},"modified":"2026-03-12T08:40:42","modified_gmt":"2026-03-12T07:40:42","slug":"truusk-3-i-1-soffstol-hopfallbar-sang-med-sangfunktion-landkudde-justerbar-ryggstod-hjul-sidoficka-svart","status":"publish","type":"product","link":"https:\/\/truusk.store\/sv\/produkt\/truusk-3-i-1-soffstol-hopfallbar-sang-med-sangfunktion-landkudde-justerbar-ryggstod-hjul-sidoficka-svart\/","title":{"rendered":"TRUUSK 3-i-1 Soffstol &#8211; Hopf\u00e4llbar S\u00e4ng Med S\u00e4ngfunktion &#8211; L\u00e4ndkudde &#8211; Justerbar Ryggst\u00f6d &#8211; Hjul &#8211; Sidoficka &#8211; Svart"},"content":{"rendered":"<p>V\u00e4lj din avkopplingsplats med TRUUSK f\u00e5t\u00f6ljen med sovfunktion. F\u00f6rvandla enkelt fr\u00e5n en loungef\u00e5t\u00f6lj till en s\u00e4ng, bara genom att dra i remmen och rulla. Upplev optimal komfort med justerbara ryggst\u00f6d upp till 180\u00b0 och mjukt cordtyg, inklusive t\u00e4t skum, kuddar och fj\u00e4drar. Slappna av i den utf\u00e4llbara TRUUSK f\u00e5t\u00f6ljen med sovfunktion.<\/p>\n<p>Beskrivning:<\/p>\n<ul>\n<li> Kan enkelt f\u00f6rvandlas till en loungef\u00e5t\u00f6lj, liggf\u00e5t\u00f6lj eller en b\u00e4ddsoffa<\/li>\n<li> Klick-klack-ryggdelen kan justeras i tre positioner, maximal vinkel p\u00e5 180\u00b0<\/li>\n<li> Strukturerad cordkl\u00e4dsel p\u00e5 b\u00e4ddf\u00e5t\u00f6ljen k\u00e4nns mjuk och ger hudkomfort<\/li>\n<li> Vadderad sits p\u00e5 f\u00e5t\u00f6ljs\u00e4ngen med fj\u00e4drar och elastiska band<\/li>\n<li> En extra kudde med avtagbart och tv\u00e4ttbart \u00f6verdrag f\u00f6r enkel v\u00e5rd<\/li>\n<li> Sidofickor f\u00f6r praktisk f\u00f6rvaring<\/li>\n<li> Solid konstruktion f\u00f6r stabilitet och h\u00e5llbarhet<\/li>\n<li> Enkel montering kr\u00e4vs<\/li>\n<\/ul>\n<p>Tekniska data:<\/p>\n<ul>\n<li> F\u00e4rg: Svart<\/li>\n<li> Material: Cord (100% polyester), skum (100% polyuretan), eukalyptustr\u00e4, plast<\/li>\n<li> Sofam\u00e5tt: 74B x 84D x 81H cm<\/li>\n<li> S\u00e4ngm\u00e5tt: 61B x 180D x 41H cm<\/li>\n<li> Sitsstorlek: 61B x 60D cm<\/li>\n<li> Sitsh\u00f6jd: 41 cm<\/li>\n<li> Ryggst\u00f6d: 61B x 46H cm<\/li>\n<li> Armst\u00f6dsh\u00f6jd fr\u00e5n sits: 15 cm<\/li>\n<li> Kuddm\u00e5tt: 56L x 35B x 15D cm<\/li>\n<li> Kuddtjocklek: (sits) 11 cm, (rygg) 9 cm<\/li>\n<li> Belastningskapacitet: 120 kg<\/li>\n<\/ul>\n<p>Leveransinneh\u00e5ll:<\/p>\n<ul>\n<li> 1 x F\u00e5t\u00f6ljs\u00e4ng<\/li>\n<li> 1 x Kudde<\/li>\n<li> 1 x Bruksanvisning<\/li>\n<\/ul>\n","protected":false},"excerpt":{"rendered":"<p>V\u00e4lj din avkopplingsplats med TRUUSK f\u00e5t\u00f6ljen med sovfunktion. F\u00f6rvandla enkelt fr\u00e5n en loungef\u00e5t\u00f6lj till en s\u00e4ng, bara genom att dra&#8230;<\/p>\n","protected":false},"featured_media":64884,"template":"","meta":[],"product_brand":[],"product_cat":[521,871,951,910],"product_tag":[],"class_list":{"0":"post-64893","1":"product","2":"type-product","3":"status-publish","4":"has-post-thumbnail","6":"product_cat-fatolj","7":"product_cat-hus-hem","8":"product_cat-schlafsessel","9":"product_cat-vardagsrum","11":"first","12":"instock","13":"sale","14":"taxable","15":"shipping-taxable","16":"purchasable","17":"product-type-simple"},"yoast_head":"<!-- This site is optimized with the Yoast SEO plugin v25.4 - https:\/\/yoast.com\/wordpress\/plugins\/seo\/ -->\n<title>TRUUSK 3-i-1 Soffstol - Hopf\u00e4llbar S\u00e4ng Med S\u00e4ngfunktion - L\u00e4ndkudde - Justerbar Ryggst\u00f6d - Hjul - Sidoficka - Svart - TRUUSK - Hem, Tr\u00e4dg\u00e5rd &amp; Fritid<\/title>\n<meta name=\"robots\" content=\"index, follow, max-snippet:-1, max-image-preview:large, max-video-preview:-1\" \/>\n<link rel=\"canonical\" href=\"https:\/\/truusk.store\/sv\/produkt\/truusk-3-i-1-soffstol-hopfallbar-sang-med-sangfunktion-landkudde-justerbar-ryggstod-hjul-sidoficka-svart\/\" \/>\n<meta property=\"og:locale\" content=\"sv_SE\" \/>\n<meta property=\"og:type\" content=\"article\" \/>\n<meta property=\"og:title\" content=\"TRUUSK 3-i-1 Soffstol - Hopf\u00e4llbar S\u00e4ng Med S\u00e4ngfunktion - L\u00e4ndkudde - Justerbar Ryggst\u00f6d - Hjul - Sidoficka - Svart - TRUUSK - Hem, Tr\u00e4dg\u00e5rd &amp; Fritid\" \/>\n<meta property=\"og:description\" content=\"V\u00e4lj din avkopplingsplats med TRUUSK f\u00e5t\u00f6ljen med sovfunktion. F\u00f6rvandla enkelt fr\u00e5n en loungef\u00e5t\u00f6lj till en s\u00e4ng, bara genom att dra...\" \/>\n<meta property=\"og:url\" content=\"https:\/\/truusk.store\/sv\/produkt\/truusk-3-i-1-soffstol-hopfallbar-sang-med-sangfunktion-landkudde-justerbar-ryggstod-hjul-sidoficka-svart\/\" \/>\n<meta property=\"og:site_name\" content=\"TRUUSK - Hem, Tr\u00e4dg\u00e5rd &amp; Fritid\" \/>\n<meta property=\"article:modified_time\" content=\"2026-03-12T07:40:42+00:00\" \/>\n<meta property=\"og:image\" content=\"https:\/\/i0.wp.com\/truusk.se\/wp-content\/uploads\/2025\/06\/3-i-1-soffstol-hopfallbar-sang-med-sangfunktion-landkudde-hopfallbar-solstol-med-justerbar-ryggstod-hjul-sidoficka-for-vardagsrum-snore-svart-1.webp?fit=2000%2C2000&ssl=1\" \/>\n\t<meta property=\"og:image:width\" content=\"2000\" \/>\n\t<meta property=\"og:image:height\" content=\"2000\" \/>\n\t<meta property=\"og:image:type\" content=\"image\/webp\" \/>\n<meta name=\"twitter:card\" content=\"summary_large_image\" \/>\n<meta name=\"twitter:label1\" content=\"Ber\u00e4knad l\u00e4stid\" \/>\n\t<meta name=\"twitter:data1\" content=\"1 minut\" \/>\n<!-- \/ Yoast SEO plugin. -->","yoast_head_json":{"title":"TRUUSK 3-i-1 Soffstol - Hopf\u00e4llbar S\u00e4ng Med S\u00e4ngfunktion - L\u00e4ndkudde - Justerbar Ryggst\u00f6d - Hjul - Sidoficka - Svart - TRUUSK - Hem, Tr\u00e4dg\u00e5rd &amp; Fritid","robots":{"index":"index","follow":"follow","max-snippet":"max-snippet:-1","max-image-preview":"max-image-preview:large","max-video-preview":"max-video-preview:-1"},"canonical":"https:\/\/truusk.store\/sv\/produkt\/truusk-3-i-1-soffstol-hopfallbar-sang-med-sangfunktion-landkudde-justerbar-ryggstod-hjul-sidoficka-svart\/","og_locale":"sv_SE","og_type":"article","og_title":"TRUUSK 3-i-1 Soffstol - Hopf\u00e4llbar S\u00e4ng Med S\u00e4ngfunktion - L\u00e4ndkudde - Justerbar Ryggst\u00f6d - Hjul - Sidoficka - Svart - TRUUSK - Hem, Tr\u00e4dg\u00e5rd &amp; Fritid","og_description":"V\u00e4lj din avkopplingsplats med TRUUSK f\u00e5t\u00f6ljen med sovfunktion. F\u00f6rvandla enkelt fr\u00e5n en loungef\u00e5t\u00f6lj till en s\u00e4ng, bara genom att dra...","og_url":"https:\/\/truusk.store\/sv\/produkt\/truusk-3-i-1-soffstol-hopfallbar-sang-med-sangfunktion-landkudde-justerbar-ryggstod-hjul-sidoficka-svart\/","og_site_name":"TRUUSK - Hem, Tr\u00e4dg\u00e5rd &amp; Fritid","article_modified_time":"2026-03-12T07:40:42+00:00","og_image":[{"width":2000,"height":2000,"url":"https:\/\/i0.wp.com\/truusk.se\/wp-content\/uploads\/2025\/06\/3-i-1-soffstol-hopfallbar-sang-med-sangfunktion-landkudde-hopfallbar-solstol-med-justerbar-ryggstod-hjul-sidoficka-for-vardagsrum-snore-svart-1.webp?fit=2000%2C2000&ssl=1","type":"image\/webp"}],"twitter_card":"summary_large_image","twitter_misc":{"Ber\u00e4knad l\u00e4stid":"1 minut"},"schema":{"@context":"https:\/\/schema.org","@graph":[{"@type":"WebPage","@id":"https:\/\/truusk.store\/sv\/produkt\/truusk-3-i-1-soffstol-hopfallbar-sang-med-sangfunktion-landkudde-justerbar-ryggstod-hjul-sidoficka-svart\/","url":"https:\/\/truusk.store\/sv\/produkt\/truusk-3-i-1-soffstol-hopfallbar-sang-med-sangfunktion-landkudde-justerbar-ryggstod-hjul-sidoficka-svart\/","name":"TRUUSK 3-i-1 Soffstol - Hopf\u00e4llbar S\u00e4ng Med S\u00e4ngfunktion - L\u00e4ndkudde - Justerbar Ryggst\u00f6d - Hjul - Sidoficka - Svart - TRUUSK - Hem, Tr\u00e4dg\u00e5rd &amp; Fritid","isPartOf":{"@id":"https:\/\/truusk.store\/sv\/#website"},"primaryImageOfPage":{"@id":"https:\/\/truusk.store\/sv\/produkt\/truusk-3-i-1-soffstol-hopfallbar-sang-med-sangfunktion-landkudde-justerbar-ryggstod-hjul-sidoficka-svart\/#primaryimage"},"image":{"@id":"https:\/\/truusk.store\/sv\/produkt\/truusk-3-i-1-soffstol-hopfallbar-sang-med-sangfunktion-landkudde-justerbar-ryggstod-hjul-sidoficka-svart\/#primaryimage"},"thumbnailUrl":"https:\/\/i0.wp.com\/truusk.store\/wp-content\/uploads\/2025\/06\/3-i-1-soffstol-hopfallbar-sang-med-sangfunktion-landkudde-hopfallbar-solstol-med-justerbar-ryggstod-hjul-sidoficka-for-vardagsrum-snore-svart-1.webp?fit=2000%2C2000&ssl=1","datePublished":"2025-06-05T09:10:46+00:00","dateModified":"2026-03-12T07:40:42+00:00","breadcrumb":{"@id":"https:\/\/truusk.store\/sv\/produkt\/truusk-3-i-1-soffstol-hopfallbar-sang-med-sangfunktion-landkudde-justerbar-ryggstod-hjul-sidoficka-svart\/#breadcrumb"},"inLanguage":"sv-SE","potentialAction":[{"@type":"ReadAction","target":["https:\/\/truusk.store\/sv\/produkt\/truusk-3-i-1-soffstol-hopfallbar-sang-med-sangfunktion-landkudde-justerbar-ryggstod-hjul-sidoficka-svart\/"]}]},{"@type":"ImageObject","inLanguage":"sv-SE","@id":"https:\/\/truusk.store\/sv\/produkt\/truusk-3-i-1-soffstol-hopfallbar-sang-med-sangfunktion-landkudde-justerbar-ryggstod-hjul-sidoficka-svart\/#primaryimage","url":"https:\/\/i0.wp.com\/truusk.store\/wp-content\/uploads\/2025\/06\/3-i-1-soffstol-hopfallbar-sang-med-sangfunktion-landkudde-hopfallbar-solstol-med-justerbar-ryggstod-hjul-sidoficka-for-vardagsrum-snore-svart-1.webp?fit=2000%2C2000&ssl=1","contentUrl":"https:\/\/i0.wp.com\/truusk.store\/wp-content\/uploads\/2025\/06\/3-i-1-soffstol-hopfallbar-sang-med-sangfunktion-landkudde-hopfallbar-solstol-med-justerbar-ryggstod-hjul-sidoficka-for-vardagsrum-snore-svart-1.webp?fit=2000%2C2000&ssl=1","width":2000,"height":2000},{"@type":"BreadcrumbList","@id":"https:\/\/truusk.store\/sv\/produkt\/truusk-3-i-1-soffstol-hopfallbar-sang-med-sangfunktion-landkudde-justerbar-ryggstod-hjul-sidoficka-svart\/#breadcrumb","itemListElement":[{"@type":"ListItem","position":1,"name":"Home","item":"https:\/\/truusk.store\/sv\/"},{"@type":"ListItem","position":2,"name":"Shop","item":"https:\/\/truusk.store\/shop\/"},{"@type":"ListItem","position":3,"name":"TRUUSK 3-i-1 Soffstol &#8211; Hopf\u00e4llbar S\u00e4ng Med S\u00e4ngfunktion &#8211; L\u00e4ndkudde &#8211; Justerbar Ryggst\u00f6d &#8211; Hjul &#8211; Sidoficka &#8211; Svart"}]},{"@type":"WebSite","@id":"https:\/\/truusk.store\/sv\/#website","url":"https:\/\/truusk.store\/sv\/","name":"TRUUSK - Hem, Tr\u00e4dg\u00e5rd & Fritid","description":"","publisher":{"@id":"https:\/\/truusk.store\/sv\/#organization"},"potentialAction":[{"@type":"SearchAction","target":{"@type":"EntryPoint","urlTemplate":"https:\/\/truusk.store\/sv\/?s={search_term_string}"},"query-input":{"@type":"PropertyValueSpecification","valueRequired":true,"valueName":"search_term_string"}}],"inLanguage":"sv-SE"},{"@type":"Organization","@id":"https:\/\/truusk.store\/sv\/#organization","name":"TRUUSK - Hem, Tr\u00e4dg\u00e5rd & Fritid","url":"https:\/\/truusk.store\/sv\/","logo":{"@type":"ImageObject","inLanguage":"sv-SE","@id":"https:\/\/truusk.store\/sv\/#\/schema\/logo\/image\/","url":"https:\/\/i0.wp.com\/truusk.store\/wp-content\/uploads\/2026\/03\/cropped-TRUUSK.png?fit=2032%2C917&ssl=1","contentUrl":"https:\/\/i0.wp.com\/truusk.store\/wp-content\/uploads\/2026\/03\/cropped-TRUUSK.png?fit=2032%2C917&ssl=1","width":2032,"height":917,"caption":"TRUUSK - Hem, Tr\u00e4dg\u00e5rd & Fritid"},"image":{"@id":"https:\/\/truusk.store\/sv\/#\/schema\/logo\/image\/"}}]}},"jetpack_sharing_enabled":true,"_links":{"self":[{"href":"https:\/\/truusk.store\/sv\/wp-json\/wp\/v2\/product\/64893","targetHints":{"allow":["GET"]}}],"collection":[{"href":"https:\/\/truusk.store\/sv\/wp-json\/wp\/v2\/product"}],"about":[{"href":"https:\/\/truusk.store\/sv\/wp-json\/wp\/v2\/types\/product"}],"wp:featuredmedia":[{"embeddable":true,"href":"https:\/\/truusk.store\/sv\/wp-json\/wp\/v2\/media\/64884"}],"wp:attachment":[{"href":"https:\/\/truusk.store\/sv\/wp-json\/wp\/v2\/media?parent=64893"}],"wp:term":[{"taxonomy":"product_brand","embeddable":true,"href":"https:\/\/truusk.store\/sv\/wp-json\/wp\/v2\/product_brand?post=64893"},{"taxonomy":"product_cat","embeddable":true,"href":"https:\/\/truusk.store\/sv\/wp-json\/wp\/v2\/product_cat?post=64893"},{"taxonomy":"product_tag","embeddable":true,"href":"https:\/\/truusk.store\/sv\/wp-json\/wp\/v2\/product_tag?post=64893"}],"curies":[{"name":"wp","href":"https:\/\/api.w.org\/{rel}","templated":true}]}}