{"id":64913,"date":"2025-06-05T10:12:35","date_gmt":"2025-06-05T09:12:35","guid":{"rendered":"https:\/\/truusk.store\/product\/sittbank-med-forvaring-hopfallbar-stoppad-bank-sangbank-med-sammetseffekt-forvaringskista-for-hall-sovrum-vardagsrum-76-x-38-x-38-cm-gra\/"},"modified":"2026-03-12T09:43:15","modified_gmt":"2026-03-12T08:43:15","slug":"truusk-hopfallbar-sittbank-med-forvaring-stoppad-med-sammetseffekt-for-hall-sovrum-vardagsrum-76-x-38-x-38-cm-gra","status":"publish","type":"product","link":"https:\/\/truusk.store\/sv\/produkt\/truusk-hopfallbar-sittbank-med-forvaring-stoppad-med-sammetseffekt-for-hall-sovrum-vardagsrum-76-x-38-x-38-cm-gra\/","title":{"rendered":"TRUUSK Hopf\u00e4llbar Sittb\u00e4nk med F\u00f6rvaring &#8211; Stoppad med Sammetseffekt &#8211; F\u00f6r Hall, Sovrum, Vardagsrum &#8211; 76 x 38 x 38 cm &#8211; Gr\u00e5"},"content":{"rendered":"<p>Upplev charm och m\u00e5ngsidighet med TRUUSK sittkista med f\u00f6rvaring, som kombinerar stil och funktionalitet. Under det sammetsmjuka locket p\u00e5 f\u00f6rvaringsb\u00e4nken finns gott om plats f\u00f6r filtar, b\u00f6cker och andra f\u00f6rem\u00e5l. Mer \u00e4n bara f\u00f6rvaring: Kistan kan anv\u00e4ndas som en mysig sittplats eller fotpall och tillf\u00f6r modern elegans till varje rum!<\/p>\n<p>Beskrivning:<\/p>\n<ul>\n<li> Stor lagringskapacitet med kistlock h\u00e5ller f\u00f6rem\u00e5l dolda<\/li>\n<li> Bekv\u00e4mt s\u00e4te p\u00e5 pall med sammetliknande tyg fr\u00e4mjar avkoppling<\/li>\n<li> Kan ocks\u00e5 anv\u00e4ndas som fotpall<\/li>\n<li> F\u00e4llbart design av b\u00e4nken m\u00f6jligg\u00f6r enkel lagring n\u00e4r den inte anv\u00e4nds<\/li>\n<li> Modern stil med mjuk yta passar till alla inredningar<\/li>\n<li> H\u00f6gkvalitativ MDF-ram med ekben b\u00e4r upp till 120 kg<\/li>\n<li> Enkel att montera f\u00f6r omedelbar anv\u00e4ndning<\/li>\n<\/ul>\n<p>Tekniska data:<\/p>\n<ul>\n<li> F\u00e4rg: Gr\u00e5<\/li>\n<li> Material: Sammet (100% Polyester), MDF, gummitr\u00e4<\/li>\n<li> Totala dimensioner: 76L x 38B x 38H cm<\/li>\n<li> F\u00e4llbar storlek: 76L x 38B x 5H cm<\/li>\n<li> Inre dimensioner: 73B x 34T x 27H cm<\/li>\n<li> Volym: 67 L<\/li>\n<li> B\u00e4rkapacitet: 120 kg<\/li>\n<\/ul>\n<p>Leveransinneh\u00e5ll:<\/p>\n<ul>\n<li> 1 x F\u00f6rvaringspall<\/li>\n<li> 1 x Handbok<\/li>\n<\/ul>\n","protected":false},"excerpt":{"rendered":"<p>Upplev charm och m\u00e5ngsidighet med TRUUSK sittkista med f\u00f6rvaring, som kombinerar stil och funktionalitet. Under det sammetsmjuka locket p\u00e5 f\u00f6rvaringsb\u00e4nken&#8230;<\/p>\n","protected":false},"featured_media":64904,"template":"","meta":[],"product_brand":[],"product_cat":[871,897,540],"product_tag":[],"class_list":{"0":"post-64913","1":"product","2":"type-product","3":"status-publish","4":"has-post-thumbnail","6":"product_cat-hus-hem","7":"product_cat-sovrum","8":"product_cat-stoppade-bankar","10":"first","11":"instock","12":"sale","13":"taxable","14":"shipping-taxable","15":"purchasable","16":"product-type-simple"},"yoast_head":"<!-- This site is optimized with the Yoast SEO plugin v25.4 - https:\/\/yoast.com\/wordpress\/plugins\/seo\/ -->\n<title>TRUUSK Hopf\u00e4llbar Sittb\u00e4nk med F\u00f6rvaring - Stoppad med Sammetseffekt - F\u00f6r Hall, Sovrum, Vardagsrum - 76 x 38 x 38 cm - Gr\u00e5 - TRUUSK - Hem, Tr\u00e4dg\u00e5rd &amp; Fritid<\/title>\n<meta name=\"robots\" content=\"index, follow, max-snippet:-1, max-image-preview:large, max-video-preview:-1\" \/>\n<link rel=\"canonical\" href=\"https:\/\/truusk.store\/sv\/produkt\/truusk-hopfallbar-sittbank-med-forvaring-stoppad-med-sammetseffekt-for-hall-sovrum-vardagsrum-76-x-38-x-38-cm-gra\/\" \/>\n<meta property=\"og:locale\" content=\"sv_SE\" \/>\n<meta property=\"og:type\" content=\"article\" \/>\n<meta property=\"og:title\" content=\"TRUUSK Hopf\u00e4llbar Sittb\u00e4nk med F\u00f6rvaring - Stoppad med Sammetseffekt - F\u00f6r Hall, Sovrum, Vardagsrum - 76 x 38 x 38 cm - Gr\u00e5 - TRUUSK - Hem, Tr\u00e4dg\u00e5rd &amp; Fritid\" \/>\n<meta property=\"og:description\" content=\"Upplev charm och m\u00e5ngsidighet med TRUUSK sittkista med f\u00f6rvaring, som kombinerar stil och funktionalitet. Under det sammetsmjuka locket p\u00e5 f\u00f6rvaringsb\u00e4nken...\" \/>\n<meta property=\"og:url\" content=\"https:\/\/truusk.store\/sv\/produkt\/truusk-hopfallbar-sittbank-med-forvaring-stoppad-med-sammetseffekt-for-hall-sovrum-vardagsrum-76-x-38-x-38-cm-gra\/\" \/>\n<meta property=\"og:site_name\" content=\"TRUUSK - Hem, Tr\u00e4dg\u00e5rd &amp; Fritid\" \/>\n<meta property=\"article:modified_time\" content=\"2026-03-12T08:43:15+00:00\" \/>\n<meta property=\"og:image\" content=\"https:\/\/i0.wp.com\/truusk.se\/wp-content\/uploads\/2025\/06\/sittbank-med-forvaring-hopfallbar-stoppad-bank-sangbank-med-sammetseffekt-forvaringskista-for-hall-sovrum-vardagsrum-76-x-38-x-38-cm-gra-1.webp?fit=2000%2C2000&ssl=1\" \/>\n\t<meta property=\"og:image:width\" content=\"2000\" \/>\n\t<meta property=\"og:image:height\" content=\"2000\" \/>\n\t<meta property=\"og:image:type\" content=\"image\/webp\" \/>\n<meta name=\"twitter:card\" content=\"summary_large_image\" \/>\n<meta name=\"twitter:label1\" content=\"Ber\u00e4knad l\u00e4stid\" \/>\n\t<meta name=\"twitter:data1\" content=\"1 minut\" \/>\n<!-- \/ Yoast SEO plugin. -->","yoast_head_json":{"title":"TRUUSK Hopf\u00e4llbar Sittb\u00e4nk med F\u00f6rvaring - Stoppad med Sammetseffekt - F\u00f6r Hall, Sovrum, Vardagsrum - 76 x 38 x 38 cm - Gr\u00e5 - TRUUSK - Hem, Tr\u00e4dg\u00e5rd &amp; Fritid","robots":{"index":"index","follow":"follow","max-snippet":"max-snippet:-1","max-image-preview":"max-image-preview:large","max-video-preview":"max-video-preview:-1"},"canonical":"https:\/\/truusk.store\/sv\/produkt\/truusk-hopfallbar-sittbank-med-forvaring-stoppad-med-sammetseffekt-for-hall-sovrum-vardagsrum-76-x-38-x-38-cm-gra\/","og_locale":"sv_SE","og_type":"article","og_title":"TRUUSK Hopf\u00e4llbar Sittb\u00e4nk med F\u00f6rvaring - Stoppad med Sammetseffekt - F\u00f6r Hall, Sovrum, Vardagsrum - 76 x 38 x 38 cm - Gr\u00e5 - TRUUSK - Hem, Tr\u00e4dg\u00e5rd &amp; Fritid","og_description":"Upplev charm och m\u00e5ngsidighet med TRUUSK sittkista med f\u00f6rvaring, som kombinerar stil och funktionalitet. Under det sammetsmjuka locket p\u00e5 f\u00f6rvaringsb\u00e4nken...","og_url":"https:\/\/truusk.store\/sv\/produkt\/truusk-hopfallbar-sittbank-med-forvaring-stoppad-med-sammetseffekt-for-hall-sovrum-vardagsrum-76-x-38-x-38-cm-gra\/","og_site_name":"TRUUSK - Hem, Tr\u00e4dg\u00e5rd &amp; Fritid","article_modified_time":"2026-03-12T08:43:15+00:00","og_image":[{"width":2000,"height":2000,"url":"https:\/\/i0.wp.com\/truusk.se\/wp-content\/uploads\/2025\/06\/sittbank-med-forvaring-hopfallbar-stoppad-bank-sangbank-med-sammetseffekt-forvaringskista-for-hall-sovrum-vardagsrum-76-x-38-x-38-cm-gra-1.webp?fit=2000%2C2000&ssl=1","type":"image\/webp"}],"twitter_card":"summary_large_image","twitter_misc":{"Ber\u00e4knad l\u00e4stid":"1 minut"},"schema":{"@context":"https:\/\/schema.org","@graph":[{"@type":"WebPage","@id":"https:\/\/truusk.store\/sv\/produkt\/truusk-hopfallbar-sittbank-med-forvaring-stoppad-med-sammetseffekt-for-hall-sovrum-vardagsrum-76-x-38-x-38-cm-gra\/","url":"https:\/\/truusk.store\/sv\/produkt\/truusk-hopfallbar-sittbank-med-forvaring-stoppad-med-sammetseffekt-for-hall-sovrum-vardagsrum-76-x-38-x-38-cm-gra\/","name":"TRUUSK Hopf\u00e4llbar Sittb\u00e4nk med F\u00f6rvaring - Stoppad med Sammetseffekt - F\u00f6r Hall, Sovrum, Vardagsrum - 76 x 38 x 38 cm - Gr\u00e5 - TRUUSK - Hem, Tr\u00e4dg\u00e5rd &amp; Fritid","isPartOf":{"@id":"https:\/\/truusk.store\/sv\/#website"},"primaryImageOfPage":{"@id":"https:\/\/truusk.store\/sv\/produkt\/truusk-hopfallbar-sittbank-med-forvaring-stoppad-med-sammetseffekt-for-hall-sovrum-vardagsrum-76-x-38-x-38-cm-gra\/#primaryimage"},"image":{"@id":"https:\/\/truusk.store\/sv\/produkt\/truusk-hopfallbar-sittbank-med-forvaring-stoppad-med-sammetseffekt-for-hall-sovrum-vardagsrum-76-x-38-x-38-cm-gra\/#primaryimage"},"thumbnailUrl":"https:\/\/i0.wp.com\/truusk.store\/wp-content\/uploads\/2025\/06\/sittbank-med-forvaring-hopfallbar-stoppad-bank-sangbank-med-sammetseffekt-forvaringskista-for-hall-sovrum-vardagsrum-76-x-38-x-38-cm-gra-1.webp?fit=2000%2C2000&ssl=1","datePublished":"2025-06-05T09:12:35+00:00","dateModified":"2026-03-12T08:43:15+00:00","breadcrumb":{"@id":"https:\/\/truusk.store\/sv\/produkt\/truusk-hopfallbar-sittbank-med-forvaring-stoppad-med-sammetseffekt-for-hall-sovrum-vardagsrum-76-x-38-x-38-cm-gra\/#breadcrumb"},"inLanguage":"sv-SE","potentialAction":[{"@type":"ReadAction","target":["https:\/\/truusk.store\/sv\/produkt\/truusk-hopfallbar-sittbank-med-forvaring-stoppad-med-sammetseffekt-for-hall-sovrum-vardagsrum-76-x-38-x-38-cm-gra\/"]}]},{"@type":"ImageObject","inLanguage":"sv-SE","@id":"https:\/\/truusk.store\/sv\/produkt\/truusk-hopfallbar-sittbank-med-forvaring-stoppad-med-sammetseffekt-for-hall-sovrum-vardagsrum-76-x-38-x-38-cm-gra\/#primaryimage","url":"https:\/\/i0.wp.com\/truusk.store\/wp-content\/uploads\/2025\/06\/sittbank-med-forvaring-hopfallbar-stoppad-bank-sangbank-med-sammetseffekt-forvaringskista-for-hall-sovrum-vardagsrum-76-x-38-x-38-cm-gra-1.webp?fit=2000%2C2000&ssl=1","contentUrl":"https:\/\/i0.wp.com\/truusk.store\/wp-content\/uploads\/2025\/06\/sittbank-med-forvaring-hopfallbar-stoppad-bank-sangbank-med-sammetseffekt-forvaringskista-for-hall-sovrum-vardagsrum-76-x-38-x-38-cm-gra-1.webp?fit=2000%2C2000&ssl=1","width":2000,"height":2000},{"@type":"BreadcrumbList","@id":"https:\/\/truusk.store\/sv\/produkt\/truusk-hopfallbar-sittbank-med-forvaring-stoppad-med-sammetseffekt-for-hall-sovrum-vardagsrum-76-x-38-x-38-cm-gra\/#breadcrumb","itemListElement":[{"@type":"ListItem","position":1,"name":"Home","item":"https:\/\/truusk.store\/sv\/"},{"@type":"ListItem","position":2,"name":"Shop","item":"https:\/\/truusk.store\/shop\/"},{"@type":"ListItem","position":3,"name":"TRUUSK Hopf\u00e4llbar Sittb\u00e4nk med F\u00f6rvaring &#8211; Stoppad med Sammetseffekt &#8211; F\u00f6r Hall, Sovrum, Vardagsrum &#8211; 76 x 38 x 38 cm &#8211; Gr\u00e5"}]},{"@type":"WebSite","@id":"https:\/\/truusk.store\/sv\/#website","url":"https:\/\/truusk.store\/sv\/","name":"TRUUSK - Hem, Tr\u00e4dg\u00e5rd & Fritid","description":"","publisher":{"@id":"https:\/\/truusk.store\/sv\/#organization"},"potentialAction":[{"@type":"SearchAction","target":{"@type":"EntryPoint","urlTemplate":"https:\/\/truusk.store\/sv\/?s={search_term_string}"},"query-input":{"@type":"PropertyValueSpecification","valueRequired":true,"valueName":"search_term_string"}}],"inLanguage":"sv-SE"},{"@type":"Organization","@id":"https:\/\/truusk.store\/sv\/#organization","name":"TRUUSK - Hem, Tr\u00e4dg\u00e5rd & Fritid","url":"https:\/\/truusk.store\/sv\/","logo":{"@type":"ImageObject","inLanguage":"sv-SE","@id":"https:\/\/truusk.store\/sv\/#\/schema\/logo\/image\/","url":"https:\/\/i0.wp.com\/truusk.store\/wp-content\/uploads\/2026\/03\/cropped-TRUUSK.png?fit=2032%2C917&ssl=1","contentUrl":"https:\/\/i0.wp.com\/truusk.store\/wp-content\/uploads\/2026\/03\/cropped-TRUUSK.png?fit=2032%2C917&ssl=1","width":2032,"height":917,"caption":"TRUUSK - Hem, Tr\u00e4dg\u00e5rd & Fritid"},"image":{"@id":"https:\/\/truusk.store\/sv\/#\/schema\/logo\/image\/"}}]}},"jetpack_sharing_enabled":true,"_links":{"self":[{"href":"https:\/\/truusk.store\/sv\/wp-json\/wp\/v2\/product\/64913","targetHints":{"allow":["GET"]}}],"collection":[{"href":"https:\/\/truusk.store\/sv\/wp-json\/wp\/v2\/product"}],"about":[{"href":"https:\/\/truusk.store\/sv\/wp-json\/wp\/v2\/types\/product"}],"wp:featuredmedia":[{"embeddable":true,"href":"https:\/\/truusk.store\/sv\/wp-json\/wp\/v2\/media\/64904"}],"wp:attachment":[{"href":"https:\/\/truusk.store\/sv\/wp-json\/wp\/v2\/media?parent=64913"}],"wp:term":[{"taxonomy":"product_brand","embeddable":true,"href":"https:\/\/truusk.store\/sv\/wp-json\/wp\/v2\/product_brand?post=64913"},{"taxonomy":"product_cat","embeddable":true,"href":"https:\/\/truusk.store\/sv\/wp-json\/wp\/v2\/product_cat?post=64913"},{"taxonomy":"product_tag","embeddable":true,"href":"https:\/\/truusk.store\/sv\/wp-json\/wp\/v2\/product_tag?post=64913"}],"curies":[{"name":"wp","href":"https:\/\/api.w.org\/{rel}","templated":true}]}}