{"id":64923,"date":"2025-06-05T10:13:36","date_gmt":"2025-06-05T09:13:36","guid":{"rendered":"https:\/\/truusk.store\/product\/valphage-valphage-med-dorrar-fonster-lekhage-med-andningsnat-for-sma-och-medelstora-hundar-under-20-kg-inomhus-och-utomhus-159-x-159-x-76-cm-svart\/"},"modified":"2026-03-12T09:46:26","modified_gmt":"2026-03-12T08:46:26","slug":"truusk-valphage-med-dorrar-och-fonster-for-hundar-upp-till-20-kg-inomhus-och-utomhus-159-x-159-x-76-cm-svart","status":"publish","type":"product","link":"https:\/\/truusk.store\/sv\/produkt\/truusk-valphage-med-dorrar-och-fonster-for-hundar-upp-till-20-kg-inomhus-och-utomhus-159-x-159-x-76-cm-svart\/","title":{"rendered":"TRUUSK Valphage Med D\u00f6rrar och F\u00f6nster &#8211; F\u00f6r Hundar upp till 20 kg &#8211; Inomhus och Utomhus &#8211; 159 x 159 x 76 cm &#8211; Svart"},"content":{"rendered":"<p>Upplev lyckliga speltimmar med TRUUSK hundrastg\u00e5rd! Utrustad med en vattent\u00e4t bottenplan och en smart kombinations\u00f6verdrag, som delvis best\u00e5r av n\u00e4t och delvis av ogenomskinlig plan, erbjuder denna valphage komfort och skydd f\u00f6r dina p\u00e4lsn\u00e4sor. En l\u00e5sbar d\u00f6rr till rastg\u00e5rden ger dig enkel tillg\u00e5ng och f\u00f6rhindrar att dina sm\u00e5 rackare rymmer och hamnar i farliga situationer.<\/p>\n<p>Beskrivning:<\/p>\n<ul>\n<li> Vattent\u00e4t bottenplan f\u00f6r rastg\u00e5rden f\u00f6rhindrar fukt och garanterar torr komfort<\/li>\n<li> \u00d6verdraget till hagen kombinerar n\u00e4t med ogenomskinlig plan f\u00f6r m\u00e5ngsidigt skydd<\/li>\n<li> \u00c5tta gallerpaneler kan st\u00e4llas upp i olika former, f\u00f6r olika rum<\/li>\n<li> Enkel montering och f\u00f6rvaring, l\u00e4tt att b\u00e4ra och f\u00e4lla ihop<\/li>\n<li> D\u00f6rren till valphagen har tv\u00e5 l\u00e5s som s\u00e4krar valparna och m\u00f6jligg\u00f6r enkel tillg\u00e5ng<\/li>\n<\/ul>\n<p>Tekniska data:<\/p>\n<ul>\n<li> F\u00e4rg: Svart<\/li>\n<li> Material: St\u00e5l, Polyester<\/li>\n<li> Totala dimensioner: \u00d8159 x 76H cm<\/li>\n<li> Enskild panel: 61B x 76H cm<\/li>\n<li> D\u00f6rr: 36B x 50H cm<\/li>\n<li> St\u00e5ngavst\u00e5nd: 4 cm<\/li>\n<li> Obs: 1, Om rastg\u00e5rden inte har en \u00f6vre och nedre plan, endast l\u00e4mplig f\u00f6r lugna valpar<\/li>\n<li>2, L\u00e4mplig f\u00f6r icke kl\u00e4ttrande sm\u00e5 husdjur, som kaniner, ankor och marsvin, men endast anv\u00e4nda i t\u00e4ckt konstruktion<\/li>\n<\/ul>\n<p>Leveransinneh\u00e5ll:<\/p>\n<ul>\n<li> 1 x Valphage<\/li>\n<li> 1 x Takplan<\/li>\n<li> 1 x Bottenplan<\/li>\n<li> 1 x Bruksanvisning<\/li>\n<\/ul>\n","protected":false},"excerpt":{"rendered":"<p>Upplev lyckliga speltimmar med TRUUSK hundrastg\u00e5rd! Utrustad med en vattent\u00e4t bottenplan och en smart kombinations\u00f6verdrag, som delvis best\u00e5r av n\u00e4t&#8230;<\/p>\n","protected":false},"featured_media":64914,"template":"","meta":[],"product_brand":[],"product_cat":[878,583,574],"product_tag":[],"class_list":{"0":"post-64923","1":"product","2":"type-product","3":"status-publish","4":"has-post-thumbnail","6":"product_cat-djurbehov","7":"product_cat-hundburar","8":"product_cat-hundtillbehor","10":"first","11":"instock","12":"sale","13":"taxable","14":"shipping-taxable","15":"purchasable","16":"product-type-simple"},"yoast_head":"<!-- This site is optimized with the Yoast SEO plugin v25.4 - https:\/\/yoast.com\/wordpress\/plugins\/seo\/ -->\n<title>TRUUSK Valphage Med D\u00f6rrar och F\u00f6nster - F\u00f6r Hundar upp till 20 kg - Inomhus och Utomhus - 159 x 159 x 76 cm - Svart - TRUUSK - Hem, Tr\u00e4dg\u00e5rd &amp; Fritid<\/title>\n<meta name=\"robots\" content=\"index, follow, max-snippet:-1, max-image-preview:large, max-video-preview:-1\" \/>\n<link rel=\"canonical\" href=\"https:\/\/truusk.store\/sv\/produkt\/truusk-valphage-med-dorrar-och-fonster-for-hundar-upp-till-20-kg-inomhus-och-utomhus-159-x-159-x-76-cm-svart\/\" \/>\n<meta property=\"og:locale\" content=\"sv_SE\" \/>\n<meta property=\"og:type\" content=\"article\" \/>\n<meta property=\"og:title\" content=\"TRUUSK Valphage Med D\u00f6rrar och F\u00f6nster - F\u00f6r Hundar upp till 20 kg - Inomhus och Utomhus - 159 x 159 x 76 cm - Svart - TRUUSK - Hem, Tr\u00e4dg\u00e5rd &amp; Fritid\" \/>\n<meta property=\"og:description\" content=\"Upplev lyckliga speltimmar med TRUUSK hundrastg\u00e5rd! Utrustad med en vattent\u00e4t bottenplan och en smart kombinations\u00f6verdrag, som delvis best\u00e5r av n\u00e4t...\" \/>\n<meta property=\"og:url\" content=\"https:\/\/truusk.store\/sv\/produkt\/truusk-valphage-med-dorrar-och-fonster-for-hundar-upp-till-20-kg-inomhus-och-utomhus-159-x-159-x-76-cm-svart\/\" \/>\n<meta property=\"og:site_name\" content=\"TRUUSK - Hem, Tr\u00e4dg\u00e5rd &amp; Fritid\" \/>\n<meta property=\"article:modified_time\" content=\"2026-03-12T08:46:26+00:00\" \/>\n<meta property=\"og:image\" content=\"https:\/\/i0.wp.com\/truusk.se\/wp-content\/uploads\/2025\/06\/valphage-valphage-med-dorrar-fonster-lekhage-med-andningsnat-for-sma-och-medelstora-hundar-under-20-kg-inomhus-och-utomhus-159-x-159-x-76-cm-svart-1.webp?fit=2000%2C2000&ssl=1\" \/>\n\t<meta property=\"og:image:width\" content=\"2000\" \/>\n\t<meta property=\"og:image:height\" content=\"2000\" \/>\n\t<meta property=\"og:image:type\" content=\"image\/webp\" \/>\n<meta name=\"twitter:card\" content=\"summary_large_image\" \/>\n<meta name=\"twitter:label1\" content=\"Ber\u00e4knad l\u00e4stid\" \/>\n\t<meta name=\"twitter:data1\" content=\"1 minut\" \/>\n<!-- \/ Yoast SEO plugin. -->","yoast_head_json":{"title":"TRUUSK Valphage Med D\u00f6rrar och F\u00f6nster - F\u00f6r Hundar upp till 20 kg - Inomhus och Utomhus - 159 x 159 x 76 cm - Svart - TRUUSK - Hem, Tr\u00e4dg\u00e5rd &amp; Fritid","robots":{"index":"index","follow":"follow","max-snippet":"max-snippet:-1","max-image-preview":"max-image-preview:large","max-video-preview":"max-video-preview:-1"},"canonical":"https:\/\/truusk.store\/sv\/produkt\/truusk-valphage-med-dorrar-och-fonster-for-hundar-upp-till-20-kg-inomhus-och-utomhus-159-x-159-x-76-cm-svart\/","og_locale":"sv_SE","og_type":"article","og_title":"TRUUSK Valphage Med D\u00f6rrar och F\u00f6nster - F\u00f6r Hundar upp till 20 kg - Inomhus och Utomhus - 159 x 159 x 76 cm - Svart - TRUUSK - Hem, Tr\u00e4dg\u00e5rd &amp; Fritid","og_description":"Upplev lyckliga speltimmar med TRUUSK hundrastg\u00e5rd! Utrustad med en vattent\u00e4t bottenplan och en smart kombinations\u00f6verdrag, som delvis best\u00e5r av n\u00e4t...","og_url":"https:\/\/truusk.store\/sv\/produkt\/truusk-valphage-med-dorrar-och-fonster-for-hundar-upp-till-20-kg-inomhus-och-utomhus-159-x-159-x-76-cm-svart\/","og_site_name":"TRUUSK - Hem, Tr\u00e4dg\u00e5rd &amp; Fritid","article_modified_time":"2026-03-12T08:46:26+00:00","og_image":[{"width":2000,"height":2000,"url":"https:\/\/i0.wp.com\/truusk.se\/wp-content\/uploads\/2025\/06\/valphage-valphage-med-dorrar-fonster-lekhage-med-andningsnat-for-sma-och-medelstora-hundar-under-20-kg-inomhus-och-utomhus-159-x-159-x-76-cm-svart-1.webp?fit=2000%2C2000&ssl=1","type":"image\/webp"}],"twitter_card":"summary_large_image","twitter_misc":{"Ber\u00e4knad l\u00e4stid":"1 minut"},"schema":{"@context":"https:\/\/schema.org","@graph":[{"@type":"WebPage","@id":"https:\/\/truusk.store\/sv\/produkt\/truusk-valphage-med-dorrar-och-fonster-for-hundar-upp-till-20-kg-inomhus-och-utomhus-159-x-159-x-76-cm-svart\/","url":"https:\/\/truusk.store\/sv\/produkt\/truusk-valphage-med-dorrar-och-fonster-for-hundar-upp-till-20-kg-inomhus-och-utomhus-159-x-159-x-76-cm-svart\/","name":"TRUUSK Valphage Med D\u00f6rrar och F\u00f6nster - F\u00f6r Hundar upp till 20 kg - Inomhus och Utomhus - 159 x 159 x 76 cm - Svart - TRUUSK - Hem, Tr\u00e4dg\u00e5rd &amp; Fritid","isPartOf":{"@id":"https:\/\/truusk.store\/sv\/#website"},"primaryImageOfPage":{"@id":"https:\/\/truusk.store\/sv\/produkt\/truusk-valphage-med-dorrar-och-fonster-for-hundar-upp-till-20-kg-inomhus-och-utomhus-159-x-159-x-76-cm-svart\/#primaryimage"},"image":{"@id":"https:\/\/truusk.store\/sv\/produkt\/truusk-valphage-med-dorrar-och-fonster-for-hundar-upp-till-20-kg-inomhus-och-utomhus-159-x-159-x-76-cm-svart\/#primaryimage"},"thumbnailUrl":"https:\/\/i0.wp.com\/truusk.store\/wp-content\/uploads\/2025\/06\/valphage-valphage-med-dorrar-fonster-lekhage-med-andningsnat-for-sma-och-medelstora-hundar-under-20-kg-inomhus-och-utomhus-159-x-159-x-76-cm-svart-1.webp?fit=2000%2C2000&ssl=1","datePublished":"2025-06-05T09:13:36+00:00","dateModified":"2026-03-12T08:46:26+00:00","breadcrumb":{"@id":"https:\/\/truusk.store\/sv\/produkt\/truusk-valphage-med-dorrar-och-fonster-for-hundar-upp-till-20-kg-inomhus-och-utomhus-159-x-159-x-76-cm-svart\/#breadcrumb"},"inLanguage":"sv-SE","potentialAction":[{"@type":"ReadAction","target":["https:\/\/truusk.store\/sv\/produkt\/truusk-valphage-med-dorrar-och-fonster-for-hundar-upp-till-20-kg-inomhus-och-utomhus-159-x-159-x-76-cm-svart\/"]}]},{"@type":"ImageObject","inLanguage":"sv-SE","@id":"https:\/\/truusk.store\/sv\/produkt\/truusk-valphage-med-dorrar-och-fonster-for-hundar-upp-till-20-kg-inomhus-och-utomhus-159-x-159-x-76-cm-svart\/#primaryimage","url":"https:\/\/i0.wp.com\/truusk.store\/wp-content\/uploads\/2025\/06\/valphage-valphage-med-dorrar-fonster-lekhage-med-andningsnat-for-sma-och-medelstora-hundar-under-20-kg-inomhus-och-utomhus-159-x-159-x-76-cm-svart-1.webp?fit=2000%2C2000&ssl=1","contentUrl":"https:\/\/i0.wp.com\/truusk.store\/wp-content\/uploads\/2025\/06\/valphage-valphage-med-dorrar-fonster-lekhage-med-andningsnat-for-sma-och-medelstora-hundar-under-20-kg-inomhus-och-utomhus-159-x-159-x-76-cm-svart-1.webp?fit=2000%2C2000&ssl=1","width":2000,"height":2000},{"@type":"BreadcrumbList","@id":"https:\/\/truusk.store\/sv\/produkt\/truusk-valphage-med-dorrar-och-fonster-for-hundar-upp-till-20-kg-inomhus-och-utomhus-159-x-159-x-76-cm-svart\/#breadcrumb","itemListElement":[{"@type":"ListItem","position":1,"name":"Home","item":"https:\/\/truusk.store\/sv\/"},{"@type":"ListItem","position":2,"name":"Shop","item":"https:\/\/truusk.store\/shop\/"},{"@type":"ListItem","position":3,"name":"TRUUSK Valphage Med D\u00f6rrar och F\u00f6nster &#8211; F\u00f6r Hundar upp till 20 kg &#8211; Inomhus och Utomhus &#8211; 159 x 159 x 76 cm &#8211; Svart"}]},{"@type":"WebSite","@id":"https:\/\/truusk.store\/sv\/#website","url":"https:\/\/truusk.store\/sv\/","name":"TRUUSK - Hem, Tr\u00e4dg\u00e5rd & Fritid","description":"","publisher":{"@id":"https:\/\/truusk.store\/sv\/#organization"},"potentialAction":[{"@type":"SearchAction","target":{"@type":"EntryPoint","urlTemplate":"https:\/\/truusk.store\/sv\/?s={search_term_string}"},"query-input":{"@type":"PropertyValueSpecification","valueRequired":true,"valueName":"search_term_string"}}],"inLanguage":"sv-SE"},{"@type":"Organization","@id":"https:\/\/truusk.store\/sv\/#organization","name":"TRUUSK - Hem, Tr\u00e4dg\u00e5rd & Fritid","url":"https:\/\/truusk.store\/sv\/","logo":{"@type":"ImageObject","inLanguage":"sv-SE","@id":"https:\/\/truusk.store\/sv\/#\/schema\/logo\/image\/","url":"https:\/\/i0.wp.com\/truusk.store\/wp-content\/uploads\/2026\/03\/cropped-TRUUSK.png?fit=2032%2C917&ssl=1","contentUrl":"https:\/\/i0.wp.com\/truusk.store\/wp-content\/uploads\/2026\/03\/cropped-TRUUSK.png?fit=2032%2C917&ssl=1","width":2032,"height":917,"caption":"TRUUSK - Hem, Tr\u00e4dg\u00e5rd & Fritid"},"image":{"@id":"https:\/\/truusk.store\/sv\/#\/schema\/logo\/image\/"}}]}},"jetpack_sharing_enabled":true,"_links":{"self":[{"href":"https:\/\/truusk.store\/sv\/wp-json\/wp\/v2\/product\/64923","targetHints":{"allow":["GET"]}}],"collection":[{"href":"https:\/\/truusk.store\/sv\/wp-json\/wp\/v2\/product"}],"about":[{"href":"https:\/\/truusk.store\/sv\/wp-json\/wp\/v2\/types\/product"}],"wp:featuredmedia":[{"embeddable":true,"href":"https:\/\/truusk.store\/sv\/wp-json\/wp\/v2\/media\/64914"}],"wp:attachment":[{"href":"https:\/\/truusk.store\/sv\/wp-json\/wp\/v2\/media?parent=64923"}],"wp:term":[{"taxonomy":"product_brand","embeddable":true,"href":"https:\/\/truusk.store\/sv\/wp-json\/wp\/v2\/product_brand?post=64923"},{"taxonomy":"product_cat","embeddable":true,"href":"https:\/\/truusk.store\/sv\/wp-json\/wp\/v2\/product_cat?post=64923"},{"taxonomy":"product_tag","embeddable":true,"href":"https:\/\/truusk.store\/sv\/wp-json\/wp\/v2\/product_tag?post=64923"}],"curies":[{"name":"wp","href":"https:\/\/api.w.org\/{rel}","templated":true}]}}