{"id":64953,"date":"2025-06-05T10:16:35","date_gmt":"2025-06-05T09:16:35","guid":{"rendered":"https:\/\/truusk.store\/product\/sittbank-med-forvaring-stoppad-bank-med-lock-sangbank-med-teddysammet-utseende-for-hall-sovrum-vardagsrum-metallram-114-x-47-x-465-cm-vit\/"},"modified":"2026-03-12T09:44:44","modified_gmt":"2026-03-12T08:44:44","slug":"truusk-sittbank-med-forvaring-stoppad-bank-med-teddylook-metallram-114-x-47-x-465-cm-vit","status":"publish","type":"product","link":"https:\/\/truusk.store\/sv\/produkt\/truusk-sittbank-med-forvaring-stoppad-bank-med-teddylook-metallram-114-x-47-x-465-cm-vit\/","title":{"rendered":"TRUUSK Sittb\u00e4nk Med F\u00f6rvaring &#8211; Stoppad B\u00e4nk Med Teddylook &#8211; Metallram &#8211; 114 x 47 x 46,5 cm &#8211; Vit"},"content":{"rendered":"<p>Upplev charmen med TRUUSK-b\u00e4nken med f\u00f6rvaring. Under det uppf\u00e4llbara locket kan filtar, kuddar och andra f\u00f6rem\u00e5l f\u00f6rvaras osynligt och s\u00e4kert. Den mjuka tyg\u00f6verdraget och den diamantm\u00f6nstrade tuftade ytan p\u00e5 sittb\u00e4nken erbjuder en bekv\u00e4m sittplats. Idealisk som hall- eller s\u00e4ngb\u00e4nk samt som fotpall, ger detta ovala smycke med metallben varje rum en mysig, m\u00e5ngsidig touch.<\/p>\n<p>Beskrivning:<\/p>\n<ul>\n<li> Med en inre dimension p\u00e5 100 x 34 x 15 cm erbjuder stoppade b\u00e4nken en volym p\u00e5 51 liter<\/li>\n<li> Det f\u00e4llbara locket p\u00e5 sittpuffen m\u00f6jligg\u00f6r en mjuk och s\u00e4ker \u00f6ppning och st\u00e4ngning<\/li>\n<li> Mjukt tyg\u00f6verdrag p\u00e5 sittb\u00e4nken erbjuder plyschig, stilfull komfort<\/li>\n<li> H\u00f6g densitet skum erbjuder en fast, st\u00f6djande sittyta<\/li>\n<li> Oval form med tuftat diamantm\u00f6nster l\u00e4gger till modern elegans<\/li>\n<li> Solida metallben garanterar stabilitet och h\u00e5llbarhet<\/li>\n<li> Montering \u00e4r enkel, bara benen beh\u00f6ver monteras<\/li>\n<\/ul>\n<p>Tekniska data:<\/p>\n<ul>\n<li> F\u00e4rg: Vit+Silver<\/li>\n<li> Material: Teddy sammet (100% polyester), metall, skum<\/li>\n<li> Totala dimensioner: 114L x 47B x 46,5H cm<\/li>\n<li> Inre dimensioner: 100L x 34B x 15H cm<\/li>\n<li> Lagringsvolym: 51 L<\/li>\n<li> Skumtjocklek: 12 cm<\/li>\n<li> B\u00e4rkapacitet: 200 kg<\/li>\n<\/ul>\n<p>Leveransinneh\u00e5ll:<\/p>\n<ul>\n<li> 1 x F\u00f6rvaringsb\u00e4nk<\/li>\n<li> 1 x Bruksanvisning<\/li>\n<\/ul>\n","protected":false},"excerpt":{"rendered":"<p>Upplev charmen med TRUUSK-b\u00e4nken med f\u00f6rvaring. Under det uppf\u00e4llbara locket kan filtar, kuddar och andra f\u00f6rem\u00e5l f\u00f6rvaras osynligt och s\u00e4kert&#8230;.<\/p>\n","protected":false},"featured_media":64944,"template":"","meta":[],"product_brand":[],"product_cat":[871,897,540],"product_tag":[],"class_list":{"0":"post-64953","1":"product","2":"type-product","3":"status-publish","4":"has-post-thumbnail","6":"product_cat-hus-hem","7":"product_cat-sovrum","8":"product_cat-stoppade-bankar","10":"first","11":"instock","12":"sale","13":"taxable","14":"shipping-taxable","15":"purchasable","16":"product-type-simple"},"yoast_head":"<!-- This site is optimized with the Yoast SEO plugin v25.4 - https:\/\/yoast.com\/wordpress\/plugins\/seo\/ -->\n<title>TRUUSK Sittb\u00e4nk Med F\u00f6rvaring - Stoppad B\u00e4nk Med Teddylook - Metallram - 114 x 47 x 46,5 cm - Vit - TRUUSK - Hem, Tr\u00e4dg\u00e5rd &amp; Fritid<\/title>\n<meta name=\"robots\" content=\"index, follow, max-snippet:-1, max-image-preview:large, max-video-preview:-1\" \/>\n<link rel=\"canonical\" href=\"https:\/\/truusk.store\/sv\/produkt\/truusk-sittbank-med-forvaring-stoppad-bank-med-teddylook-metallram-114-x-47-x-465-cm-vit\/\" \/>\n<meta property=\"og:locale\" content=\"sv_SE\" \/>\n<meta property=\"og:type\" content=\"article\" \/>\n<meta property=\"og:title\" content=\"TRUUSK Sittb\u00e4nk Med F\u00f6rvaring - Stoppad B\u00e4nk Med Teddylook - Metallram - 114 x 47 x 46,5 cm - Vit - TRUUSK - Hem, Tr\u00e4dg\u00e5rd &amp; Fritid\" \/>\n<meta property=\"og:description\" content=\"Upplev charmen med TRUUSK-b\u00e4nken med f\u00f6rvaring. Under det uppf\u00e4llbara locket kan filtar, kuddar och andra f\u00f6rem\u00e5l f\u00f6rvaras osynligt och s\u00e4kert....\" \/>\n<meta property=\"og:url\" content=\"https:\/\/truusk.store\/sv\/produkt\/truusk-sittbank-med-forvaring-stoppad-bank-med-teddylook-metallram-114-x-47-x-465-cm-vit\/\" \/>\n<meta property=\"og:site_name\" content=\"TRUUSK - Hem, Tr\u00e4dg\u00e5rd &amp; Fritid\" \/>\n<meta property=\"article:modified_time\" content=\"2026-03-12T08:44:44+00:00\" \/>\n<meta property=\"og:image\" content=\"https:\/\/i0.wp.com\/truusk.se\/wp-content\/uploads\/2025\/06\/sittbank-med-forvaring-stoppad-bank-med-lock-sangbank-med-teddysammet-utseende-for-hall-sovrum-vardagsrum-metallram-114-x-47-x-465-cm-vit-1.webp?fit=2000%2C2000&ssl=1\" \/>\n\t<meta property=\"og:image:width\" content=\"2000\" \/>\n\t<meta property=\"og:image:height\" content=\"2000\" \/>\n\t<meta property=\"og:image:type\" content=\"image\/webp\" \/>\n<meta name=\"twitter:card\" content=\"summary_large_image\" \/>\n<meta name=\"twitter:label1\" content=\"Ber\u00e4knad l\u00e4stid\" \/>\n\t<meta name=\"twitter:data1\" content=\"1 minut\" \/>\n<!-- \/ Yoast SEO plugin. -->","yoast_head_json":{"title":"TRUUSK Sittb\u00e4nk Med F\u00f6rvaring - Stoppad B\u00e4nk Med Teddylook - Metallram - 114 x 47 x 46,5 cm - Vit - TRUUSK - Hem, Tr\u00e4dg\u00e5rd &amp; Fritid","robots":{"index":"index","follow":"follow","max-snippet":"max-snippet:-1","max-image-preview":"max-image-preview:large","max-video-preview":"max-video-preview:-1"},"canonical":"https:\/\/truusk.store\/sv\/produkt\/truusk-sittbank-med-forvaring-stoppad-bank-med-teddylook-metallram-114-x-47-x-465-cm-vit\/","og_locale":"sv_SE","og_type":"article","og_title":"TRUUSK Sittb\u00e4nk Med F\u00f6rvaring - Stoppad B\u00e4nk Med Teddylook - Metallram - 114 x 47 x 46,5 cm - Vit - TRUUSK - Hem, Tr\u00e4dg\u00e5rd &amp; Fritid","og_description":"Upplev charmen med TRUUSK-b\u00e4nken med f\u00f6rvaring. Under det uppf\u00e4llbara locket kan filtar, kuddar och andra f\u00f6rem\u00e5l f\u00f6rvaras osynligt och s\u00e4kert....","og_url":"https:\/\/truusk.store\/sv\/produkt\/truusk-sittbank-med-forvaring-stoppad-bank-med-teddylook-metallram-114-x-47-x-465-cm-vit\/","og_site_name":"TRUUSK - Hem, Tr\u00e4dg\u00e5rd &amp; Fritid","article_modified_time":"2026-03-12T08:44:44+00:00","og_image":[{"width":2000,"height":2000,"url":"https:\/\/i0.wp.com\/truusk.se\/wp-content\/uploads\/2025\/06\/sittbank-med-forvaring-stoppad-bank-med-lock-sangbank-med-teddysammet-utseende-for-hall-sovrum-vardagsrum-metallram-114-x-47-x-465-cm-vit-1.webp?fit=2000%2C2000&ssl=1","type":"image\/webp"}],"twitter_card":"summary_large_image","twitter_misc":{"Ber\u00e4knad l\u00e4stid":"1 minut"},"schema":{"@context":"https:\/\/schema.org","@graph":[{"@type":"WebPage","@id":"https:\/\/truusk.store\/sv\/produkt\/truusk-sittbank-med-forvaring-stoppad-bank-med-teddylook-metallram-114-x-47-x-465-cm-vit\/","url":"https:\/\/truusk.store\/sv\/produkt\/truusk-sittbank-med-forvaring-stoppad-bank-med-teddylook-metallram-114-x-47-x-465-cm-vit\/","name":"TRUUSK Sittb\u00e4nk Med F\u00f6rvaring - Stoppad B\u00e4nk Med Teddylook - Metallram - 114 x 47 x 46,5 cm - Vit - TRUUSK - Hem, Tr\u00e4dg\u00e5rd &amp; Fritid","isPartOf":{"@id":"https:\/\/truusk.store\/sv\/#website"},"primaryImageOfPage":{"@id":"https:\/\/truusk.store\/sv\/produkt\/truusk-sittbank-med-forvaring-stoppad-bank-med-teddylook-metallram-114-x-47-x-465-cm-vit\/#primaryimage"},"image":{"@id":"https:\/\/truusk.store\/sv\/produkt\/truusk-sittbank-med-forvaring-stoppad-bank-med-teddylook-metallram-114-x-47-x-465-cm-vit\/#primaryimage"},"thumbnailUrl":"https:\/\/i0.wp.com\/truusk.store\/wp-content\/uploads\/2025\/06\/sittbank-med-forvaring-stoppad-bank-med-lock-sangbank-med-teddysammet-utseende-for-hall-sovrum-vardagsrum-metallram-114-x-47-x-465-cm-vit-1.webp?fit=2000%2C2000&ssl=1","datePublished":"2025-06-05T09:16:35+00:00","dateModified":"2026-03-12T08:44:44+00:00","breadcrumb":{"@id":"https:\/\/truusk.store\/sv\/produkt\/truusk-sittbank-med-forvaring-stoppad-bank-med-teddylook-metallram-114-x-47-x-465-cm-vit\/#breadcrumb"},"inLanguage":"sv-SE","potentialAction":[{"@type":"ReadAction","target":["https:\/\/truusk.store\/sv\/produkt\/truusk-sittbank-med-forvaring-stoppad-bank-med-teddylook-metallram-114-x-47-x-465-cm-vit\/"]}]},{"@type":"ImageObject","inLanguage":"sv-SE","@id":"https:\/\/truusk.store\/sv\/produkt\/truusk-sittbank-med-forvaring-stoppad-bank-med-teddylook-metallram-114-x-47-x-465-cm-vit\/#primaryimage","url":"https:\/\/i0.wp.com\/truusk.store\/wp-content\/uploads\/2025\/06\/sittbank-med-forvaring-stoppad-bank-med-lock-sangbank-med-teddysammet-utseende-for-hall-sovrum-vardagsrum-metallram-114-x-47-x-465-cm-vit-1.webp?fit=2000%2C2000&ssl=1","contentUrl":"https:\/\/i0.wp.com\/truusk.store\/wp-content\/uploads\/2025\/06\/sittbank-med-forvaring-stoppad-bank-med-lock-sangbank-med-teddysammet-utseende-for-hall-sovrum-vardagsrum-metallram-114-x-47-x-465-cm-vit-1.webp?fit=2000%2C2000&ssl=1","width":2000,"height":2000},{"@type":"BreadcrumbList","@id":"https:\/\/truusk.store\/sv\/produkt\/truusk-sittbank-med-forvaring-stoppad-bank-med-teddylook-metallram-114-x-47-x-465-cm-vit\/#breadcrumb","itemListElement":[{"@type":"ListItem","position":1,"name":"Home","item":"https:\/\/truusk.store\/sv\/"},{"@type":"ListItem","position":2,"name":"Shop","item":"https:\/\/truusk.store\/shop\/"},{"@type":"ListItem","position":3,"name":"TRUUSK Sittb\u00e4nk Med F\u00f6rvaring &#8211; Stoppad B\u00e4nk Med Teddylook &#8211; Metallram &#8211; 114 x 47 x 46,5 cm &#8211; Vit"}]},{"@type":"WebSite","@id":"https:\/\/truusk.store\/sv\/#website","url":"https:\/\/truusk.store\/sv\/","name":"TRUUSK - Hem, Tr\u00e4dg\u00e5rd & Fritid","description":"","publisher":{"@id":"https:\/\/truusk.store\/sv\/#organization"},"potentialAction":[{"@type":"SearchAction","target":{"@type":"EntryPoint","urlTemplate":"https:\/\/truusk.store\/sv\/?s={search_term_string}"},"query-input":{"@type":"PropertyValueSpecification","valueRequired":true,"valueName":"search_term_string"}}],"inLanguage":"sv-SE"},{"@type":"Organization","@id":"https:\/\/truusk.store\/sv\/#organization","name":"TRUUSK - Hem, Tr\u00e4dg\u00e5rd & Fritid","url":"https:\/\/truusk.store\/sv\/","logo":{"@type":"ImageObject","inLanguage":"sv-SE","@id":"https:\/\/truusk.store\/sv\/#\/schema\/logo\/image\/","url":"https:\/\/i0.wp.com\/truusk.store\/wp-content\/uploads\/2026\/03\/cropped-TRUUSK.png?fit=2032%2C917&ssl=1","contentUrl":"https:\/\/i0.wp.com\/truusk.store\/wp-content\/uploads\/2026\/03\/cropped-TRUUSK.png?fit=2032%2C917&ssl=1","width":2032,"height":917,"caption":"TRUUSK - Hem, Tr\u00e4dg\u00e5rd & Fritid"},"image":{"@id":"https:\/\/truusk.store\/sv\/#\/schema\/logo\/image\/"}}]}},"jetpack_sharing_enabled":true,"_links":{"self":[{"href":"https:\/\/truusk.store\/sv\/wp-json\/wp\/v2\/product\/64953","targetHints":{"allow":["GET"]}}],"collection":[{"href":"https:\/\/truusk.store\/sv\/wp-json\/wp\/v2\/product"}],"about":[{"href":"https:\/\/truusk.store\/sv\/wp-json\/wp\/v2\/types\/product"}],"wp:featuredmedia":[{"embeddable":true,"href":"https:\/\/truusk.store\/sv\/wp-json\/wp\/v2\/media\/64944"}],"wp:attachment":[{"href":"https:\/\/truusk.store\/sv\/wp-json\/wp\/v2\/media?parent=64953"}],"wp:term":[{"taxonomy":"product_brand","embeddable":true,"href":"https:\/\/truusk.store\/sv\/wp-json\/wp\/v2\/product_brand?post=64953"},{"taxonomy":"product_cat","embeddable":true,"href":"https:\/\/truusk.store\/sv\/wp-json\/wp\/v2\/product_cat?post=64953"},{"taxonomy":"product_tag","embeddable":true,"href":"https:\/\/truusk.store\/sv\/wp-json\/wp\/v2\/product_tag?post=64953"}],"curies":[{"name":"wp","href":"https:\/\/api.w.org\/{rel}","templated":true}]}}