{"id":64973,"date":"2025-06-05T10:18:44","date_gmt":"2025-06-05T09:18:44","guid":{"rendered":"https:\/\/truusk.store\/product\/helskarmspegel-150-x-40-cm-staende-spegel-med-led-belysning-3-ljusfarger-vagg-spegel-med-stativ-touch-omkopplare-for-sovrum-vardagsrum-transparent\/"},"modified":"2026-03-12T09:44:40","modified_gmt":"2026-03-12T08:44:40","slug":"truusk-helskarmspegel-150-x-40-cm-led-belysning-3-ljusfarger-stativ-touch-omkopplare-sovrum-vardagsrum-transparent","status":"publish","type":"product","link":"https:\/\/truusk.store\/sv\/produkt\/truusk-helskarmspegel-150-x-40-cm-led-belysning-3-ljusfarger-stativ-touch-omkopplare-sovrum-vardagsrum-transparent\/","title":{"rendered":"TRUUSK Helsk\u00e4rmspegel, 150 x 40 cm &#8211; LED-belysning &#8211; 3 ljusf\u00e4rger &#8211; Stativ &#8211; Touch-omkopplare &#8211; Sovrum, vardagsrum &#8211; Transparent"},"content":{"rendered":"<p> Lys upp varje rum med denna eleganta helkroppsspegel fr\u00e5n TRUUSK. Med en gener\u00f6s storlek p\u00e5 150 x 40 cm erbjuder denna st\u00e5ende spegel en fullst\u00e4ndig kroppsreflektion och anpassar sig flexibelt &#8211; oavsett om det \u00e4r en v\u00e4ggspegel, lutande eller frist\u00e5ende. De inbyggda LED-ljusremsorna ger optimal belysning och erbjuder olika ljusstyrkeniv\u00e5er samt tre f\u00e4rgtemperaturer f\u00f6r att skapa en varm atmosf\u00e4r. <\/p>\n<p> Beskrivning: <\/p>\n<ul>\n<li> Storlek p\u00e5 150 x 40 cm erbjuder en komplett helkroppsvy <\/li>\n<li> Tre f\u00e4rger och justerbara ljusstyrkor, styrs av en intelligent touch, med praktisk minnesfunktion f\u00f6r den senaste inst\u00e4llningen <\/li>\n<li> LED-remsor p\u00e5 kanterna ger bakgrundsbelysning, t\u00e4ckt med silikonsk\u00e4rm f\u00f6r mjukare ljus, avtagbar f\u00f6r att f\u00f6rl\u00e4nga livsl\u00e4ngden <\/li>\n<li> Ramfritt design av v\u00e4ggspegeln ger modern stil <\/li>\n<li> Tre installationsalternativ: st\u00e5ende, lutande eller v\u00e4ggmonterad <\/li>\n<li> Tjockt, h\u00e4rdat glas \u00e4r bruds\u00e4kert f\u00f6r din s\u00e4kerhet <\/li>\n<li> H\u00f6guppl\u00f6st hall spegel ger klar reflektion <\/li>\n<li> Ingen montering kr\u00e4vs <\/li>\n<\/ul>\n<p> Tekniska data: <\/p>\n<ul>\n<li> F\u00e4rg: Transparent <\/li>\n<li> Material: H\u00e4rdat glas, metall <\/li>\n<li> Totala dimensioner: 40B x 3T x 150H cm (utan stativ), 40B x 38T x 148H cm (med stativ) <\/li>\n<li> Spegelyta: 40B x 150H cm <\/li>\n<li> Kabell\u00e4ngd: 1,5 m <\/li>\n<li> F\u00e4rgtemperatur: 3000K, 4500K, 6500K <\/li>\n<li> Lumen: 1650 lm <\/li>\n<li> Effekt: 19 W <\/li>\n<li> Ing\u00e5ng: AC 220-240V, 50\/60Hz <\/li>\n<li> Utg\u00e5ng: DC 12V, 2A, 24W <\/li>\n<\/ul>\n<p> Leveransinneh\u00e5ll: <\/p>\n<ul>\n<li> 1 x helkroppsspegel <\/li>\n<li> 1 x bruksanvisning <\/li>\n<\/ul>\n","protected":false},"excerpt":{"rendered":"<p>Lys upp varje rum med denna eleganta helkroppsspegel fr\u00e5n TRUUSK. Med en gener\u00f6s storlek p\u00e5 150 x 40 cm erbjuder&#8230;<\/p>\n","protected":false},"featured_media":64964,"template":"","meta":[],"product_brand":[],"product_cat":[893,871,966],"product_tag":[],"class_list":{"0":"post-64973","1":"product","2":"type-product","3":"status-publish","4":"has-post-thumbnail","6":"product_cat-garderob-hall","7":"product_cat-hus-hem","8":"product_cat-staende-speglar","10":"first","11":"instock","12":"sale","13":"taxable","14":"shipping-taxable","15":"purchasable","16":"product-type-simple"},"yoast_head":"<!-- This site is optimized with the Yoast SEO plugin v25.4 - https:\/\/yoast.com\/wordpress\/plugins\/seo\/ -->\n<title>TRUUSK Helsk\u00e4rmspegel, 150 x 40 cm - LED-belysning - 3 ljusf\u00e4rger - Stativ - Touch-omkopplare - Sovrum, vardagsrum - Transparent - TRUUSK - Hem, Tr\u00e4dg\u00e5rd &amp; Fritid<\/title>\n<meta name=\"robots\" content=\"index, follow, max-snippet:-1, max-image-preview:large, max-video-preview:-1\" \/>\n<link rel=\"canonical\" href=\"https:\/\/truusk.store\/sv\/produkt\/truusk-helskarmspegel-150-x-40-cm-led-belysning-3-ljusfarger-stativ-touch-omkopplare-sovrum-vardagsrum-transparent\/\" \/>\n<meta property=\"og:locale\" content=\"sv_SE\" \/>\n<meta property=\"og:type\" content=\"article\" \/>\n<meta property=\"og:title\" content=\"TRUUSK Helsk\u00e4rmspegel, 150 x 40 cm - LED-belysning - 3 ljusf\u00e4rger - Stativ - Touch-omkopplare - Sovrum, vardagsrum - Transparent - TRUUSK - Hem, Tr\u00e4dg\u00e5rd &amp; Fritid\" \/>\n<meta property=\"og:description\" content=\"Lys upp varje rum med denna eleganta helkroppsspegel fr\u00e5n TRUUSK. Med en gener\u00f6s storlek p\u00e5 150 x 40 cm erbjuder...\" \/>\n<meta property=\"og:url\" content=\"https:\/\/truusk.store\/sv\/produkt\/truusk-helskarmspegel-150-x-40-cm-led-belysning-3-ljusfarger-stativ-touch-omkopplare-sovrum-vardagsrum-transparent\/\" \/>\n<meta property=\"og:site_name\" content=\"TRUUSK - Hem, Tr\u00e4dg\u00e5rd &amp; Fritid\" \/>\n<meta property=\"article:modified_time\" content=\"2026-03-12T08:44:40+00:00\" \/>\n<meta property=\"og:image\" content=\"https:\/\/i0.wp.com\/truusk.se\/wp-content\/uploads\/2025\/06\/helskarmspegel-150-x-40-cm-staende-spegel-med-led-belysning-3-ljusfarger-vagg-spegel-med-stativ-touch-omkopplare-for-sovrum-vardagsrum-transparent-1.webp?fit=2000%2C2000&ssl=1\" \/>\n\t<meta property=\"og:image:width\" content=\"2000\" \/>\n\t<meta property=\"og:image:height\" content=\"2000\" \/>\n\t<meta property=\"og:image:type\" content=\"image\/webp\" \/>\n<meta name=\"twitter:card\" content=\"summary_large_image\" \/>\n<meta name=\"twitter:label1\" content=\"Ber\u00e4knad l\u00e4stid\" \/>\n\t<meta name=\"twitter:data1\" content=\"1 minut\" \/>\n<!-- \/ Yoast SEO plugin. -->","yoast_head_json":{"title":"TRUUSK Helsk\u00e4rmspegel, 150 x 40 cm - LED-belysning - 3 ljusf\u00e4rger - Stativ - Touch-omkopplare - Sovrum, vardagsrum - Transparent - TRUUSK - Hem, Tr\u00e4dg\u00e5rd &amp; Fritid","robots":{"index":"index","follow":"follow","max-snippet":"max-snippet:-1","max-image-preview":"max-image-preview:large","max-video-preview":"max-video-preview:-1"},"canonical":"https:\/\/truusk.store\/sv\/produkt\/truusk-helskarmspegel-150-x-40-cm-led-belysning-3-ljusfarger-stativ-touch-omkopplare-sovrum-vardagsrum-transparent\/","og_locale":"sv_SE","og_type":"article","og_title":"TRUUSK Helsk\u00e4rmspegel, 150 x 40 cm - LED-belysning - 3 ljusf\u00e4rger - Stativ - Touch-omkopplare - Sovrum, vardagsrum - Transparent - TRUUSK - Hem, Tr\u00e4dg\u00e5rd &amp; Fritid","og_description":"Lys upp varje rum med denna eleganta helkroppsspegel fr\u00e5n TRUUSK. Med en gener\u00f6s storlek p\u00e5 150 x 40 cm erbjuder...","og_url":"https:\/\/truusk.store\/sv\/produkt\/truusk-helskarmspegel-150-x-40-cm-led-belysning-3-ljusfarger-stativ-touch-omkopplare-sovrum-vardagsrum-transparent\/","og_site_name":"TRUUSK - Hem, Tr\u00e4dg\u00e5rd &amp; Fritid","article_modified_time":"2026-03-12T08:44:40+00:00","og_image":[{"width":2000,"height":2000,"url":"https:\/\/i0.wp.com\/truusk.se\/wp-content\/uploads\/2025\/06\/helskarmspegel-150-x-40-cm-staende-spegel-med-led-belysning-3-ljusfarger-vagg-spegel-med-stativ-touch-omkopplare-for-sovrum-vardagsrum-transparent-1.webp?fit=2000%2C2000&ssl=1","type":"image\/webp"}],"twitter_card":"summary_large_image","twitter_misc":{"Ber\u00e4knad l\u00e4stid":"1 minut"},"schema":{"@context":"https:\/\/schema.org","@graph":[{"@type":"WebPage","@id":"https:\/\/truusk.store\/sv\/produkt\/truusk-helskarmspegel-150-x-40-cm-led-belysning-3-ljusfarger-stativ-touch-omkopplare-sovrum-vardagsrum-transparent\/","url":"https:\/\/truusk.store\/sv\/produkt\/truusk-helskarmspegel-150-x-40-cm-led-belysning-3-ljusfarger-stativ-touch-omkopplare-sovrum-vardagsrum-transparent\/","name":"TRUUSK Helsk\u00e4rmspegel, 150 x 40 cm - LED-belysning - 3 ljusf\u00e4rger - Stativ - Touch-omkopplare - Sovrum, vardagsrum - Transparent - TRUUSK - Hem, Tr\u00e4dg\u00e5rd &amp; Fritid","isPartOf":{"@id":"https:\/\/truusk.store\/sv\/#website"},"primaryImageOfPage":{"@id":"https:\/\/truusk.store\/sv\/produkt\/truusk-helskarmspegel-150-x-40-cm-led-belysning-3-ljusfarger-stativ-touch-omkopplare-sovrum-vardagsrum-transparent\/#primaryimage"},"image":{"@id":"https:\/\/truusk.store\/sv\/produkt\/truusk-helskarmspegel-150-x-40-cm-led-belysning-3-ljusfarger-stativ-touch-omkopplare-sovrum-vardagsrum-transparent\/#primaryimage"},"thumbnailUrl":"https:\/\/i0.wp.com\/truusk.store\/wp-content\/uploads\/2025\/06\/helskarmspegel-150-x-40-cm-staende-spegel-med-led-belysning-3-ljusfarger-vagg-spegel-med-stativ-touch-omkopplare-for-sovrum-vardagsrum-transparent-1.webp?fit=2000%2C2000&ssl=1","datePublished":"2025-06-05T09:18:44+00:00","dateModified":"2026-03-12T08:44:40+00:00","breadcrumb":{"@id":"https:\/\/truusk.store\/sv\/produkt\/truusk-helskarmspegel-150-x-40-cm-led-belysning-3-ljusfarger-stativ-touch-omkopplare-sovrum-vardagsrum-transparent\/#breadcrumb"},"inLanguage":"sv-SE","potentialAction":[{"@type":"ReadAction","target":["https:\/\/truusk.store\/sv\/produkt\/truusk-helskarmspegel-150-x-40-cm-led-belysning-3-ljusfarger-stativ-touch-omkopplare-sovrum-vardagsrum-transparent\/"]}]},{"@type":"ImageObject","inLanguage":"sv-SE","@id":"https:\/\/truusk.store\/sv\/produkt\/truusk-helskarmspegel-150-x-40-cm-led-belysning-3-ljusfarger-stativ-touch-omkopplare-sovrum-vardagsrum-transparent\/#primaryimage","url":"https:\/\/i0.wp.com\/truusk.store\/wp-content\/uploads\/2025\/06\/helskarmspegel-150-x-40-cm-staende-spegel-med-led-belysning-3-ljusfarger-vagg-spegel-med-stativ-touch-omkopplare-for-sovrum-vardagsrum-transparent-1.webp?fit=2000%2C2000&ssl=1","contentUrl":"https:\/\/i0.wp.com\/truusk.store\/wp-content\/uploads\/2025\/06\/helskarmspegel-150-x-40-cm-staende-spegel-med-led-belysning-3-ljusfarger-vagg-spegel-med-stativ-touch-omkopplare-for-sovrum-vardagsrum-transparent-1.webp?fit=2000%2C2000&ssl=1","width":2000,"height":2000},{"@type":"BreadcrumbList","@id":"https:\/\/truusk.store\/sv\/produkt\/truusk-helskarmspegel-150-x-40-cm-led-belysning-3-ljusfarger-stativ-touch-omkopplare-sovrum-vardagsrum-transparent\/#breadcrumb","itemListElement":[{"@type":"ListItem","position":1,"name":"Home","item":"https:\/\/truusk.store\/sv\/"},{"@type":"ListItem","position":2,"name":"Shop","item":"https:\/\/truusk.store\/shop\/"},{"@type":"ListItem","position":3,"name":"TRUUSK Helsk\u00e4rmspegel, 150 x 40 cm &#8211; LED-belysning &#8211; 3 ljusf\u00e4rger &#8211; Stativ &#8211; Touch-omkopplare &#8211; Sovrum, vardagsrum &#8211; Transparent"}]},{"@type":"WebSite","@id":"https:\/\/truusk.store\/sv\/#website","url":"https:\/\/truusk.store\/sv\/","name":"TRUUSK - Hem, Tr\u00e4dg\u00e5rd & Fritid","description":"","publisher":{"@id":"https:\/\/truusk.store\/sv\/#organization"},"potentialAction":[{"@type":"SearchAction","target":{"@type":"EntryPoint","urlTemplate":"https:\/\/truusk.store\/sv\/?s={search_term_string}"},"query-input":{"@type":"PropertyValueSpecification","valueRequired":true,"valueName":"search_term_string"}}],"inLanguage":"sv-SE"},{"@type":"Organization","@id":"https:\/\/truusk.store\/sv\/#organization","name":"TRUUSK - Hem, Tr\u00e4dg\u00e5rd & Fritid","url":"https:\/\/truusk.store\/sv\/","logo":{"@type":"ImageObject","inLanguage":"sv-SE","@id":"https:\/\/truusk.store\/sv\/#\/schema\/logo\/image\/","url":"https:\/\/i0.wp.com\/truusk.store\/wp-content\/uploads\/2026\/03\/cropped-TRUUSK.png?fit=2032%2C917&ssl=1","contentUrl":"https:\/\/i0.wp.com\/truusk.store\/wp-content\/uploads\/2026\/03\/cropped-TRUUSK.png?fit=2032%2C917&ssl=1","width":2032,"height":917,"caption":"TRUUSK - Hem, Tr\u00e4dg\u00e5rd & Fritid"},"image":{"@id":"https:\/\/truusk.store\/sv\/#\/schema\/logo\/image\/"}}]}},"jetpack_sharing_enabled":true,"_links":{"self":[{"href":"https:\/\/truusk.store\/sv\/wp-json\/wp\/v2\/product\/64973","targetHints":{"allow":["GET"]}}],"collection":[{"href":"https:\/\/truusk.store\/sv\/wp-json\/wp\/v2\/product"}],"about":[{"href":"https:\/\/truusk.store\/sv\/wp-json\/wp\/v2\/types\/product"}],"wp:featuredmedia":[{"embeddable":true,"href":"https:\/\/truusk.store\/sv\/wp-json\/wp\/v2\/media\/64964"}],"wp:attachment":[{"href":"https:\/\/truusk.store\/sv\/wp-json\/wp\/v2\/media?parent=64973"}],"wp:term":[{"taxonomy":"product_brand","embeddable":true,"href":"https:\/\/truusk.store\/sv\/wp-json\/wp\/v2\/product_brand?post=64973"},{"taxonomy":"product_cat","embeddable":true,"href":"https:\/\/truusk.store\/sv\/wp-json\/wp\/v2\/product_cat?post=64973"},{"taxonomy":"product_tag","embeddable":true,"href":"https:\/\/truusk.store\/sv\/wp-json\/wp\/v2\/product_tag?post=64973"}],"curies":[{"name":"wp","href":"https:\/\/api.w.org\/{rel}","templated":true}]}}