{"id":64983,"date":"2025-06-05T10:19:35","date_gmt":"2025-06-05T09:19:35","guid":{"rendered":"https:\/\/truusk.store\/product\/2-delat-set-med-soffbord-runt-sidobord-stapelbart-vardagsrumsbord-soffbord-for-vardagsrum-sovrum-hall-stal-o43-35-cm-svart\/"},"modified":"2026-03-12T09:31:37","modified_gmt":"2026-03-12T08:31:37","slug":"truusk-2-delat-set-soffbord-och-runt-sidobord-stapelbart-for-vardagsrum-sovrum-hall-stal-o43-35-cm-svart","status":"publish","type":"product","link":"https:\/\/truusk.store\/sv\/produkt\/truusk-2-delat-set-soffbord-och-runt-sidobord-stapelbart-for-vardagsrum-sovrum-hall-stal-o43-35-cm-svart\/","title":{"rendered":"TRUUSK 2-delat Set Soffbord och Runt Sidobord &#8211; Stapelbart &#8211; F\u00f6r Vardagsrum, Sovrum, Hall &#8211; St\u00e5l &#8211; \u00d843\/35 cm &#8211; Svart"},"content":{"rendered":"<p>Ge din inredning en elegant touch med detta uts\u00f6kta set av tv\u00e5 staplingsbara sm\u00e5 sidobord i svart metall. Dessa m\u00e5ngsidiga, modul\u00e4ra soffbord passar s\u00f6ml\u00f6st in i alla milj\u00f6er och kan enkelt skjutas in i varandra f\u00f6r att spara utrymme. B\u00e5da bordskivorna p\u00e5 vardagsrumsborden \u00e4r dessutom avtagbara och kan anv\u00e4ndas som brickor!<\/p>\n<p>Beskrivning:<\/p>\n<ul>\n<li> Elegant industriell design p\u00e5 soffbordssetet f\u00f6r perfekt integration i ditt vardagsrum<\/li>\n<li> Set med 2 staplingsbara soffbord, sparar utrymme vid behov<\/li>\n<li> Kaffebord av robust metall<\/li>\n<li> B\u00e5da plattorna \u00e4r avtagbara och kan anv\u00e4ndas som brickor<\/li>\n<li> L\u00e4tt och enkelt att flytta<\/li>\n<\/ul>\n<p> Tekniska data:<\/p>\n<ul>\n<li> F\u00e4rg: Svart<\/li>\n<li> Material: St\u00e5l<\/li>\n<li> M\u00e5tt p\u00e5 bordet: \u00d8 43 x 38H cm (stort bord)<\/li>\n<li> M\u00e5tt p\u00e5 bordet: \u00d8 35 x 34H cm (litet bord)<\/li>\n<li> Rekommenderad maximal belastning: 10 kg (varje bord)<\/li>\n<\/ul>\n<p>Leveransinneh\u00e5ll:<\/p>\n<ul>\n<li> 2 x sidobord<\/li>\n<li> 1 x bruksanvisning<\/li>\n<\/ul>\n","protected":false},"excerpt":{"rendered":"<p>Ge din inredning en elegant touch med detta uts\u00f6kta set av tv\u00e5 staplingsbara sm\u00e5 sidobord i svart metall. Dessa m\u00e5ngsidiga,&#8230;<\/p>\n","protected":false},"featured_media":64974,"template":"","meta":[],"product_brand":[],"product_cat":[871,957,910],"product_tag":[],"class_list":{"0":"post-64983","1":"product","2":"type-product","3":"status-publish","4":"has-post-thumbnail","6":"product_cat-hus-hem","7":"product_cat-sidobord","8":"product_cat-vardagsrum","10":"first","11":"instock","12":"sale","13":"taxable","14":"shipping-taxable","15":"purchasable","16":"product-type-simple"},"yoast_head":"<!-- This site is optimized with the Yoast SEO plugin v25.4 - https:\/\/yoast.com\/wordpress\/plugins\/seo\/ -->\n<title>TRUUSK 2-delat Set Soffbord och Runt Sidobord - Stapelbart - F\u00f6r Vardagsrum, Sovrum, Hall - St\u00e5l - \u00d843\/35 cm - Svart - TRUUSK - Hem, Tr\u00e4dg\u00e5rd &amp; Fritid<\/title>\n<meta name=\"robots\" content=\"index, follow, max-snippet:-1, max-image-preview:large, max-video-preview:-1\" \/>\n<link rel=\"canonical\" href=\"https:\/\/truusk.store\/sv\/produkt\/truusk-2-delat-set-soffbord-och-runt-sidobord-stapelbart-for-vardagsrum-sovrum-hall-stal-o43-35-cm-svart\/\" \/>\n<meta property=\"og:locale\" content=\"sv_SE\" \/>\n<meta property=\"og:type\" content=\"article\" \/>\n<meta property=\"og:title\" content=\"TRUUSK 2-delat Set Soffbord och Runt Sidobord - Stapelbart - F\u00f6r Vardagsrum, Sovrum, Hall - St\u00e5l - \u00d843\/35 cm - Svart - TRUUSK - Hem, Tr\u00e4dg\u00e5rd &amp; Fritid\" \/>\n<meta property=\"og:description\" content=\"Ge din inredning en elegant touch med detta uts\u00f6kta set av tv\u00e5 staplingsbara sm\u00e5 sidobord i svart metall. Dessa m\u00e5ngsidiga,...\" \/>\n<meta property=\"og:url\" content=\"https:\/\/truusk.store\/sv\/produkt\/truusk-2-delat-set-soffbord-och-runt-sidobord-stapelbart-for-vardagsrum-sovrum-hall-stal-o43-35-cm-svart\/\" \/>\n<meta property=\"og:site_name\" content=\"TRUUSK - Hem, Tr\u00e4dg\u00e5rd &amp; Fritid\" \/>\n<meta property=\"article:modified_time\" content=\"2026-03-12T08:31:37+00:00\" \/>\n<meta property=\"og:image\" content=\"https:\/\/i0.wp.com\/truusk.se\/wp-content\/uploads\/2025\/06\/2-delat-set-med-soffbord-runt-sidobord-stapelbart-vardagsrumsbord-soffbord-for-vardagsrum-sovrum-hall-stal-o43-35-cm-svart-1.webp?fit=2000%2C2000&ssl=1\" \/>\n\t<meta property=\"og:image:width\" content=\"2000\" \/>\n\t<meta property=\"og:image:height\" content=\"2000\" \/>\n\t<meta property=\"og:image:type\" content=\"image\/webp\" \/>\n<meta name=\"twitter:card\" content=\"summary_large_image\" \/>\n<meta name=\"twitter:label1\" content=\"Ber\u00e4knad l\u00e4stid\" \/>\n\t<meta name=\"twitter:data1\" content=\"1 minut\" \/>\n<!-- \/ Yoast SEO plugin. -->","yoast_head_json":{"title":"TRUUSK 2-delat Set Soffbord och Runt Sidobord - Stapelbart - F\u00f6r Vardagsrum, Sovrum, Hall - St\u00e5l - \u00d843\/35 cm - Svart - TRUUSK - Hem, Tr\u00e4dg\u00e5rd &amp; Fritid","robots":{"index":"index","follow":"follow","max-snippet":"max-snippet:-1","max-image-preview":"max-image-preview:large","max-video-preview":"max-video-preview:-1"},"canonical":"https:\/\/truusk.store\/sv\/produkt\/truusk-2-delat-set-soffbord-och-runt-sidobord-stapelbart-for-vardagsrum-sovrum-hall-stal-o43-35-cm-svart\/","og_locale":"sv_SE","og_type":"article","og_title":"TRUUSK 2-delat Set Soffbord och Runt Sidobord - Stapelbart - F\u00f6r Vardagsrum, Sovrum, Hall - St\u00e5l - \u00d843\/35 cm - Svart - TRUUSK - Hem, Tr\u00e4dg\u00e5rd &amp; Fritid","og_description":"Ge din inredning en elegant touch med detta uts\u00f6kta set av tv\u00e5 staplingsbara sm\u00e5 sidobord i svart metall. Dessa m\u00e5ngsidiga,...","og_url":"https:\/\/truusk.store\/sv\/produkt\/truusk-2-delat-set-soffbord-och-runt-sidobord-stapelbart-for-vardagsrum-sovrum-hall-stal-o43-35-cm-svart\/","og_site_name":"TRUUSK - Hem, Tr\u00e4dg\u00e5rd &amp; Fritid","article_modified_time":"2026-03-12T08:31:37+00:00","og_image":[{"width":2000,"height":2000,"url":"https:\/\/i0.wp.com\/truusk.se\/wp-content\/uploads\/2025\/06\/2-delat-set-med-soffbord-runt-sidobord-stapelbart-vardagsrumsbord-soffbord-for-vardagsrum-sovrum-hall-stal-o43-35-cm-svart-1.webp?fit=2000%2C2000&ssl=1","type":"image\/webp"}],"twitter_card":"summary_large_image","twitter_misc":{"Ber\u00e4knad l\u00e4stid":"1 minut"},"schema":{"@context":"https:\/\/schema.org","@graph":[{"@type":"WebPage","@id":"https:\/\/truusk.store\/sv\/produkt\/truusk-2-delat-set-soffbord-och-runt-sidobord-stapelbart-for-vardagsrum-sovrum-hall-stal-o43-35-cm-svart\/","url":"https:\/\/truusk.store\/sv\/produkt\/truusk-2-delat-set-soffbord-och-runt-sidobord-stapelbart-for-vardagsrum-sovrum-hall-stal-o43-35-cm-svart\/","name":"TRUUSK 2-delat Set Soffbord och Runt Sidobord - Stapelbart - F\u00f6r Vardagsrum, Sovrum, Hall - St\u00e5l - \u00d843\/35 cm - Svart - TRUUSK - Hem, Tr\u00e4dg\u00e5rd &amp; Fritid","isPartOf":{"@id":"https:\/\/truusk.store\/sv\/#website"},"primaryImageOfPage":{"@id":"https:\/\/truusk.store\/sv\/produkt\/truusk-2-delat-set-soffbord-och-runt-sidobord-stapelbart-for-vardagsrum-sovrum-hall-stal-o43-35-cm-svart\/#primaryimage"},"image":{"@id":"https:\/\/truusk.store\/sv\/produkt\/truusk-2-delat-set-soffbord-och-runt-sidobord-stapelbart-for-vardagsrum-sovrum-hall-stal-o43-35-cm-svart\/#primaryimage"},"thumbnailUrl":"https:\/\/i0.wp.com\/truusk.store\/wp-content\/uploads\/2025\/06\/2-delat-set-med-soffbord-runt-sidobord-stapelbart-vardagsrumsbord-soffbord-for-vardagsrum-sovrum-hall-stal-o43-35-cm-svart-1.webp?fit=2000%2C2000&ssl=1","datePublished":"2025-06-05T09:19:35+00:00","dateModified":"2026-03-12T08:31:37+00:00","breadcrumb":{"@id":"https:\/\/truusk.store\/sv\/produkt\/truusk-2-delat-set-soffbord-och-runt-sidobord-stapelbart-for-vardagsrum-sovrum-hall-stal-o43-35-cm-svart\/#breadcrumb"},"inLanguage":"sv-SE","potentialAction":[{"@type":"ReadAction","target":["https:\/\/truusk.store\/sv\/produkt\/truusk-2-delat-set-soffbord-och-runt-sidobord-stapelbart-for-vardagsrum-sovrum-hall-stal-o43-35-cm-svart\/"]}]},{"@type":"ImageObject","inLanguage":"sv-SE","@id":"https:\/\/truusk.store\/sv\/produkt\/truusk-2-delat-set-soffbord-och-runt-sidobord-stapelbart-for-vardagsrum-sovrum-hall-stal-o43-35-cm-svart\/#primaryimage","url":"https:\/\/i0.wp.com\/truusk.store\/wp-content\/uploads\/2025\/06\/2-delat-set-med-soffbord-runt-sidobord-stapelbart-vardagsrumsbord-soffbord-for-vardagsrum-sovrum-hall-stal-o43-35-cm-svart-1.webp?fit=2000%2C2000&ssl=1","contentUrl":"https:\/\/i0.wp.com\/truusk.store\/wp-content\/uploads\/2025\/06\/2-delat-set-med-soffbord-runt-sidobord-stapelbart-vardagsrumsbord-soffbord-for-vardagsrum-sovrum-hall-stal-o43-35-cm-svart-1.webp?fit=2000%2C2000&ssl=1","width":2000,"height":2000},{"@type":"BreadcrumbList","@id":"https:\/\/truusk.store\/sv\/produkt\/truusk-2-delat-set-soffbord-och-runt-sidobord-stapelbart-for-vardagsrum-sovrum-hall-stal-o43-35-cm-svart\/#breadcrumb","itemListElement":[{"@type":"ListItem","position":1,"name":"Home","item":"https:\/\/truusk.store\/sv\/"},{"@type":"ListItem","position":2,"name":"Shop","item":"https:\/\/truusk.store\/shop\/"},{"@type":"ListItem","position":3,"name":"TRUUSK 2-delat Set Soffbord och Runt Sidobord &#8211; Stapelbart &#8211; F\u00f6r Vardagsrum, Sovrum, Hall &#8211; St\u00e5l &#8211; \u00d843\/35 cm &#8211; Svart"}]},{"@type":"WebSite","@id":"https:\/\/truusk.store\/sv\/#website","url":"https:\/\/truusk.store\/sv\/","name":"TRUUSK - Hem, Tr\u00e4dg\u00e5rd & Fritid","description":"","publisher":{"@id":"https:\/\/truusk.store\/sv\/#organization"},"potentialAction":[{"@type":"SearchAction","target":{"@type":"EntryPoint","urlTemplate":"https:\/\/truusk.store\/sv\/?s={search_term_string}"},"query-input":{"@type":"PropertyValueSpecification","valueRequired":true,"valueName":"search_term_string"}}],"inLanguage":"sv-SE"},{"@type":"Organization","@id":"https:\/\/truusk.store\/sv\/#organization","name":"TRUUSK - Hem, Tr\u00e4dg\u00e5rd & Fritid","url":"https:\/\/truusk.store\/sv\/","logo":{"@type":"ImageObject","inLanguage":"sv-SE","@id":"https:\/\/truusk.store\/sv\/#\/schema\/logo\/image\/","url":"https:\/\/i0.wp.com\/truusk.store\/wp-content\/uploads\/2026\/03\/cropped-TRUUSK.png?fit=2032%2C917&ssl=1","contentUrl":"https:\/\/i0.wp.com\/truusk.store\/wp-content\/uploads\/2026\/03\/cropped-TRUUSK.png?fit=2032%2C917&ssl=1","width":2032,"height":917,"caption":"TRUUSK - Hem, Tr\u00e4dg\u00e5rd & Fritid"},"image":{"@id":"https:\/\/truusk.store\/sv\/#\/schema\/logo\/image\/"}}]}},"jetpack_sharing_enabled":true,"_links":{"self":[{"href":"https:\/\/truusk.store\/sv\/wp-json\/wp\/v2\/product\/64983","targetHints":{"allow":["GET"]}}],"collection":[{"href":"https:\/\/truusk.store\/sv\/wp-json\/wp\/v2\/product"}],"about":[{"href":"https:\/\/truusk.store\/sv\/wp-json\/wp\/v2\/types\/product"}],"wp:featuredmedia":[{"embeddable":true,"href":"https:\/\/truusk.store\/sv\/wp-json\/wp\/v2\/media\/64974"}],"wp:attachment":[{"href":"https:\/\/truusk.store\/sv\/wp-json\/wp\/v2\/media?parent=64983"}],"wp:term":[{"taxonomy":"product_brand","embeddable":true,"href":"https:\/\/truusk.store\/sv\/wp-json\/wp\/v2\/product_brand?post=64983"},{"taxonomy":"product_cat","embeddable":true,"href":"https:\/\/truusk.store\/sv\/wp-json\/wp\/v2\/product_cat?post=64983"},{"taxonomy":"product_tag","embeddable":true,"href":"https:\/\/truusk.store\/sv\/wp-json\/wp\/v2\/product_tag?post=64983"}],"curies":[{"name":"wp","href":"https:\/\/api.w.org\/{rel}","templated":true}]}}