{"id":6501,"date":"2024-02-13T08:27:50","date_gmt":"2024-02-13T07:27:50","guid":{"rendered":"https:\/\/truusk.store\/product\/surfvagn-surfbrada-transportvagn-hopfallbar-vadderade-pu-dack-aluminium-silver-upp-till-45-kg-l64-x-b55-x-h385-cm\/"},"modified":"2026-03-12T08:55:18","modified_gmt":"2026-03-12T07:55:18","slug":"truusk-surfbrada-transportvagn-hopfallbar-vadderade-pu-dack-aluminium-silver-max-45-kg-l64-x-b55-x-h385-cm","status":"publish","type":"product","link":"https:\/\/truusk.store\/sv\/produkt\/truusk-surfbrada-transportvagn-hopfallbar-vadderade-pu-dack-aluminium-silver-max-45-kg-l64-x-b55-x-h385-cm\/","title":{"rendered":"TRUUSK Surfbr\u00e4da Transportvagn &#8211; Hopf\u00e4llbar &#8211; Vadderade PU-d\u00e4ck &#8211; Aluminium &#8211; Silver &#8211; Max 45 kg &#8211; L64 x B55 x H38,5 cm"},"content":{"rendered":"<p>Denna surfvagn \u00e4r det perfekta s\u00e4ttet att transportera din vattensportutrustning. Den robusta aluminiumramen \u00e4r stabil och h\u00e5llbar och \u00e4nd\u00e5 v\u00e4ldigt l\u00e4tt. Surfvagnen \u00e4r \u00e4ven enkel att f\u00e4lla ihop f\u00f6r att spara utrymme, s\u00e5 transport och f\u00f6rvaring \u00e4r inga problem. Med en diameter p\u00e5 tio tum har PU-d\u00e4cken stor yta och klarar d\u00e4rf\u00f6r oj\u00e4mna ytor med l\u00e4tthet. Den medf\u00f6ljande bungee sladden hj\u00e4lper dig att h\u00e5lla allt p\u00e5 plats. Vad v\u00e4ntar du p\u00e5? Dags f\u00f6r stranden!<\/p>\n<h3>Beskrivning:<\/h3>\n<ul>\n<li>L\u00e4mplig f\u00f6r surfbr\u00e4dor, vattenskidor och stand up paddlingbr\u00e4dor<\/li>\n<li>10 tums PU-d\u00e4ck beh\u00f6ver inte pumpas upp och till\u00e5ter k\u00f6rning p\u00e5 oj\u00e4mna underlag<\/li>\n<li>Stark ram i oxiderad aluminium<\/li>\n<li>Bred skumstoppning f\u00f6r att skydda mot repor och bucklor<\/li>\n<li>Inkluderar elastisk rem f\u00f6r mer st\u00f6d<\/li>\n<li>Vikbar f\u00f6r platsbesparande f\u00f6rvaring och enkel transport<\/li>\n<li>OBS: Endast f\u00f6r surfbr\u00e4dor upp till 12,5 cm tjocka<\/li>\n<\/ul>\n<h3>Teknisk data:<\/h3>\n<ul>\n<li>Material: Aluminium, NBR<\/li>\n<li>F\u00e4rg: Silver, Svart, R\u00f6d<\/li>\n<li>Montagem\u00e5tt: L64 x B55 x H38,5 cm<\/li>\n<li>Vikm\u00e5tt: L38 x B25 x H65 cm<\/li>\n<li>L\u00e4mplig f\u00f6r surfbr\u00e4dor med en tjocklek p\u00e5 12,5 cm<\/li>\n<li>Lastkapacitet: 45 kg<\/li>\n<\/ul>\n<h3>Leveransens omfattning:<\/h3>\n<ul>\n<li>1 x surfvagn (inklusive elastiskt band);<\/li>\n<\/ul>\n","protected":false},"excerpt":{"rendered":"<p>Denna surfvagn \u00e4r det perfekta s\u00e4ttet att transportera din vattensportutrustning. Den robusta aluminiumramen \u00e4r stabil och h\u00e5llbar och \u00e4nd\u00e5 v\u00e4ldigt&#8230;<\/p>\n","protected":false},"featured_media":6502,"template":"","meta":[],"product_brand":[],"product_cat":[647,670],"product_tag":[],"class_list":{"0":"post-6501","1":"product","2":"type-product","3":"status-publish","4":"has-post-thumbnail","6":"product_cat-sport-fritid","7":"product_cat-vattensporter","9":"first","10":"instock","11":"sale","12":"taxable","13":"shipping-taxable","14":"purchasable","15":"product-type-simple"},"yoast_head":"<!-- This site is optimized with the Yoast SEO plugin v25.4 - https:\/\/yoast.com\/wordpress\/plugins\/seo\/ -->\n<title>TRUUSK Surfbr\u00e4da Transportvagn - Hopf\u00e4llbar - Vadderade PU-d\u00e4ck - Aluminium - Silver - Max 45 kg - L64 x B55 x H38,5 cm - TRUUSK - Hem, Tr\u00e4dg\u00e5rd &amp; Fritid<\/title>\n<meta name=\"robots\" content=\"index, follow, max-snippet:-1, max-image-preview:large, max-video-preview:-1\" \/>\n<link rel=\"canonical\" href=\"https:\/\/truusk.store\/sv\/produkt\/truusk-surfbrada-transportvagn-hopfallbar-vadderade-pu-dack-aluminium-silver-max-45-kg-l64-x-b55-x-h385-cm\/\" \/>\n<meta property=\"og:locale\" content=\"sv_SE\" \/>\n<meta property=\"og:type\" content=\"article\" \/>\n<meta property=\"og:title\" content=\"TRUUSK Surfbr\u00e4da Transportvagn - Hopf\u00e4llbar - Vadderade PU-d\u00e4ck - Aluminium - Silver - Max 45 kg - L64 x B55 x H38,5 cm - TRUUSK - Hem, Tr\u00e4dg\u00e5rd &amp; Fritid\" \/>\n<meta property=\"og:description\" content=\"Denna surfvagn \u00e4r det perfekta s\u00e4ttet att transportera din vattensportutrustning. Den robusta aluminiumramen \u00e4r stabil och h\u00e5llbar och \u00e4nd\u00e5 v\u00e4ldigt...\" \/>\n<meta property=\"og:url\" content=\"https:\/\/truusk.store\/sv\/produkt\/truusk-surfbrada-transportvagn-hopfallbar-vadderade-pu-dack-aluminium-silver-max-45-kg-l64-x-b55-x-h385-cm\/\" \/>\n<meta property=\"og:site_name\" content=\"TRUUSK - Hem, Tr\u00e4dg\u00e5rd &amp; Fritid\" \/>\n<meta property=\"article:modified_time\" content=\"2026-03-12T07:55:18+00:00\" \/>\n<meta property=\"og:image\" content=\"https:\/\/i0.wp.com\/truusk.se\/wp-content\/uploads\/2024\/02\/surfvagn-surfbrada-transportvagn-hopfallbar-vadderade-pu-dack-aluminium-silver-upp-till-45-kg-l64-x-b55-x-h385-cm.webp?fit=800%2C800&ssl=1\" \/>\n\t<meta property=\"og:image:width\" content=\"800\" \/>\n\t<meta property=\"og:image:height\" content=\"800\" \/>\n\t<meta property=\"og:image:type\" content=\"image\/webp\" \/>\n<meta name=\"twitter:card\" content=\"summary_large_image\" \/>\n<meta name=\"twitter:label1\" content=\"Ber\u00e4knad l\u00e4stid\" \/>\n\t<meta name=\"twitter:data1\" content=\"1 minut\" \/>\n<!-- \/ Yoast SEO plugin. -->","yoast_head_json":{"title":"TRUUSK Surfbr\u00e4da Transportvagn - Hopf\u00e4llbar - Vadderade PU-d\u00e4ck - Aluminium - Silver - Max 45 kg - L64 x B55 x H38,5 cm - TRUUSK - Hem, Tr\u00e4dg\u00e5rd &amp; Fritid","robots":{"index":"index","follow":"follow","max-snippet":"max-snippet:-1","max-image-preview":"max-image-preview:large","max-video-preview":"max-video-preview:-1"},"canonical":"https:\/\/truusk.store\/sv\/produkt\/truusk-surfbrada-transportvagn-hopfallbar-vadderade-pu-dack-aluminium-silver-max-45-kg-l64-x-b55-x-h385-cm\/","og_locale":"sv_SE","og_type":"article","og_title":"TRUUSK Surfbr\u00e4da Transportvagn - Hopf\u00e4llbar - Vadderade PU-d\u00e4ck - Aluminium - Silver - Max 45 kg - L64 x B55 x H38,5 cm - TRUUSK - Hem, Tr\u00e4dg\u00e5rd &amp; Fritid","og_description":"Denna surfvagn \u00e4r det perfekta s\u00e4ttet att transportera din vattensportutrustning. Den robusta aluminiumramen \u00e4r stabil och h\u00e5llbar och \u00e4nd\u00e5 v\u00e4ldigt...","og_url":"https:\/\/truusk.store\/sv\/produkt\/truusk-surfbrada-transportvagn-hopfallbar-vadderade-pu-dack-aluminium-silver-max-45-kg-l64-x-b55-x-h385-cm\/","og_site_name":"TRUUSK - Hem, Tr\u00e4dg\u00e5rd &amp; Fritid","article_modified_time":"2026-03-12T07:55:18+00:00","og_image":[{"width":800,"height":800,"url":"https:\/\/i0.wp.com\/truusk.se\/wp-content\/uploads\/2024\/02\/surfvagn-surfbrada-transportvagn-hopfallbar-vadderade-pu-dack-aluminium-silver-upp-till-45-kg-l64-x-b55-x-h385-cm.webp?fit=800%2C800&ssl=1","type":"image\/webp"}],"twitter_card":"summary_large_image","twitter_misc":{"Ber\u00e4knad l\u00e4stid":"1 minut"},"schema":{"@context":"https:\/\/schema.org","@graph":[{"@type":"WebPage","@id":"https:\/\/truusk.store\/sv\/produkt\/truusk-surfbrada-transportvagn-hopfallbar-vadderade-pu-dack-aluminium-silver-max-45-kg-l64-x-b55-x-h385-cm\/","url":"https:\/\/truusk.store\/sv\/produkt\/truusk-surfbrada-transportvagn-hopfallbar-vadderade-pu-dack-aluminium-silver-max-45-kg-l64-x-b55-x-h385-cm\/","name":"TRUUSK Surfbr\u00e4da Transportvagn - Hopf\u00e4llbar - Vadderade PU-d\u00e4ck - Aluminium - Silver - Max 45 kg - L64 x B55 x H38,5 cm - TRUUSK - Hem, Tr\u00e4dg\u00e5rd &amp; Fritid","isPartOf":{"@id":"https:\/\/truusk.store\/sv\/#website"},"primaryImageOfPage":{"@id":"https:\/\/truusk.store\/sv\/produkt\/truusk-surfbrada-transportvagn-hopfallbar-vadderade-pu-dack-aluminium-silver-max-45-kg-l64-x-b55-x-h385-cm\/#primaryimage"},"image":{"@id":"https:\/\/truusk.store\/sv\/produkt\/truusk-surfbrada-transportvagn-hopfallbar-vadderade-pu-dack-aluminium-silver-max-45-kg-l64-x-b55-x-h385-cm\/#primaryimage"},"thumbnailUrl":"https:\/\/i0.wp.com\/truusk.store\/wp-content\/uploads\/2024\/02\/surfvagn-surfbrada-transportvagn-hopfallbar-vadderade-pu-dack-aluminium-silver-upp-till-45-kg-l64-x-b55-x-h385-cm.webp?fit=800%2C800&ssl=1","datePublished":"2024-02-13T07:27:50+00:00","dateModified":"2026-03-12T07:55:18+00:00","breadcrumb":{"@id":"https:\/\/truusk.store\/sv\/produkt\/truusk-surfbrada-transportvagn-hopfallbar-vadderade-pu-dack-aluminium-silver-max-45-kg-l64-x-b55-x-h385-cm\/#breadcrumb"},"inLanguage":"sv-SE","potentialAction":[{"@type":"ReadAction","target":["https:\/\/truusk.store\/sv\/produkt\/truusk-surfbrada-transportvagn-hopfallbar-vadderade-pu-dack-aluminium-silver-max-45-kg-l64-x-b55-x-h385-cm\/"]}]},{"@type":"ImageObject","inLanguage":"sv-SE","@id":"https:\/\/truusk.store\/sv\/produkt\/truusk-surfbrada-transportvagn-hopfallbar-vadderade-pu-dack-aluminium-silver-max-45-kg-l64-x-b55-x-h385-cm\/#primaryimage","url":"https:\/\/i0.wp.com\/truusk.store\/wp-content\/uploads\/2024\/02\/surfvagn-surfbrada-transportvagn-hopfallbar-vadderade-pu-dack-aluminium-silver-upp-till-45-kg-l64-x-b55-x-h385-cm.webp?fit=800%2C800&ssl=1","contentUrl":"https:\/\/i0.wp.com\/truusk.store\/wp-content\/uploads\/2024\/02\/surfvagn-surfbrada-transportvagn-hopfallbar-vadderade-pu-dack-aluminium-silver-upp-till-45-kg-l64-x-b55-x-h385-cm.webp?fit=800%2C800&ssl=1","width":800,"height":800,"caption":"Surfvagn Surfbr\u00e4da Transportvagn Hopf\u00e4llbar Vadderade PU-d\u00e4ck Aluminium Silver Upp Till 45 Kg L64 X B55 X H38,5 Cm 1"},{"@type":"BreadcrumbList","@id":"https:\/\/truusk.store\/sv\/produkt\/truusk-surfbrada-transportvagn-hopfallbar-vadderade-pu-dack-aluminium-silver-max-45-kg-l64-x-b55-x-h385-cm\/#breadcrumb","itemListElement":[{"@type":"ListItem","position":1,"name":"Home","item":"https:\/\/truusk.store\/sv\/"},{"@type":"ListItem","position":2,"name":"Shop","item":"https:\/\/truusk.store\/shop\/"},{"@type":"ListItem","position":3,"name":"TRUUSK Surfbr\u00e4da Transportvagn &#8211; Hopf\u00e4llbar &#8211; Vadderade PU-d\u00e4ck &#8211; Aluminium &#8211; Silver &#8211; Max 45 kg &#8211; L64 x B55 x H38,5 cm"}]},{"@type":"WebSite","@id":"https:\/\/truusk.store\/sv\/#website","url":"https:\/\/truusk.store\/sv\/","name":"TRUUSK - Hem, Tr\u00e4dg\u00e5rd & Fritid","description":"","publisher":{"@id":"https:\/\/truusk.store\/sv\/#organization"},"potentialAction":[{"@type":"SearchAction","target":{"@type":"EntryPoint","urlTemplate":"https:\/\/truusk.store\/sv\/?s={search_term_string}"},"query-input":{"@type":"PropertyValueSpecification","valueRequired":true,"valueName":"search_term_string"}}],"inLanguage":"sv-SE"},{"@type":"Organization","@id":"https:\/\/truusk.store\/sv\/#organization","name":"TRUUSK - Hem, Tr\u00e4dg\u00e5rd & Fritid","url":"https:\/\/truusk.store\/sv\/","logo":{"@type":"ImageObject","inLanguage":"sv-SE","@id":"https:\/\/truusk.store\/sv\/#\/schema\/logo\/image\/","url":"https:\/\/i0.wp.com\/truusk.store\/wp-content\/uploads\/2026\/03\/cropped-TRUUSK.png?fit=2032%2C917&ssl=1","contentUrl":"https:\/\/i0.wp.com\/truusk.store\/wp-content\/uploads\/2026\/03\/cropped-TRUUSK.png?fit=2032%2C917&ssl=1","width":2032,"height":917,"caption":"TRUUSK - Hem, Tr\u00e4dg\u00e5rd & Fritid"},"image":{"@id":"https:\/\/truusk.store\/sv\/#\/schema\/logo\/image\/"}}]}},"jetpack_sharing_enabled":true,"_links":{"self":[{"href":"https:\/\/truusk.store\/sv\/wp-json\/wp\/v2\/product\/6501","targetHints":{"allow":["GET"]}}],"collection":[{"href":"https:\/\/truusk.store\/sv\/wp-json\/wp\/v2\/product"}],"about":[{"href":"https:\/\/truusk.store\/sv\/wp-json\/wp\/v2\/types\/product"}],"wp:featuredmedia":[{"embeddable":true,"href":"https:\/\/truusk.store\/sv\/wp-json\/wp\/v2\/media\/6502"}],"wp:attachment":[{"href":"https:\/\/truusk.store\/sv\/wp-json\/wp\/v2\/media?parent=6501"}],"wp:term":[{"taxonomy":"product_brand","embeddable":true,"href":"https:\/\/truusk.store\/sv\/wp-json\/wp\/v2\/product_brand?post=6501"},{"taxonomy":"product_cat","embeddable":true,"href":"https:\/\/truusk.store\/sv\/wp-json\/wp\/v2\/product_cat?post=6501"},{"taxonomy":"product_tag","embeddable":true,"href":"https:\/\/truusk.store\/sv\/wp-json\/wp\/v2\/product_tag?post=6501"}],"curies":[{"name":"wp","href":"https:\/\/api.w.org\/{rel}","templated":true}]}}