{"id":65013,"date":"2025-06-05T10:22:37","date_gmt":"2025-06-05T09:22:37","guid":{"rendered":"https:\/\/truusk.store\/product\/sittbank-stoppad-bank-med-forvaring-kista-for-hall-sovrum-vardagsrum-linne-liknande-polyester-gummitra-gron-100-x-40-x-44-cm\/"},"modified":"2026-03-12T09:42:25","modified_gmt":"2026-03-12T08:42:25","slug":"truusk-lang-hallbank-med-forvaring-linne-liknande-polyester-gummitra-gron-100-x-40-x-44-cm","status":"publish","type":"product","link":"https:\/\/truusk.store\/sv\/produkt\/truusk-lang-hallbank-med-forvaring-linne-liknande-polyester-gummitra-gron-100-x-40-x-44-cm\/","title":{"rendered":"TRUUSK L\u00e5ng Hallb\u00e4nk med F\u00f6rvaring &#8211; Linne-liknande Polyester &#8211; Gummitr\u00e4 &#8211; Gr\u00f6n 100 x 40 x 44 cm"},"content":{"rendered":"<p>Med denna sittb\u00e4nk fr\u00e5n TRUUSK blir \u00e4ven en enkel sittplats ett blickf\u00e5ng. De tilltalande detaljerna med knappar och det andningsbara tyget p\u00e5 b\u00e4nken ger ditt hem en touch av vintage-glamour. Med gott om f\u00f6rvaringsutrymme inuti \u00e4r denna sittb\u00e4nk ett elegant och samtidigt praktiskt val f\u00f6r extra sittplatser i entr\u00e9n, vardagsrummet eller sovrummet.<\/p>\n<p>Beskrivning:<\/p>\n<ul>\n<li> Den tilltalande designen p\u00e5 b\u00e4nken ger ditt hem en touch av glamour<\/li>\n<li> Med ett f\u00e4llbart s\u00e4te med f\u00f6rvaringsutrymme p\u00e5 b\u00e4nken f\u00f6r b\u00f6cker, leksaker eller filtar<\/li>\n<li> Andningsbart, linne-liknande polyestertyg ger exceptionell komfort<\/li>\n<li> B\u00e4nkens gummitr\u00e4ben ger stabilitet och h\u00e5llbarhet<\/li>\n<li> L\u00e4mplig f\u00f6r entr\u00e9n, vardagsrummet och andra rum<\/li>\n<li> Montering kr\u00e4vs<\/li>\n<\/ul>\n<p> Tekniska data:<\/p>\n<ul>\n<li> F\u00e4rg: Gr\u00f6n<\/li>\n<li> Material: Polyester, skum, gummitr\u00e4<\/li>\n<li> Totala m\u00e5tt: 100L x 40B x 44H cm<\/li>\n<li> Sk\u00e5pets inre m\u00e5tt: 92L x 32B x 23,5H cm<\/li>\n<li> Viktkapacitet: 220 kg<\/li>\n<\/ul>\n<p>Leveransinneh\u00e5ll:<\/p>\n<ul>\n<li> 1 x Sittb\u00e4nk<\/li>\n<li> 1 x Instruktioner<\/li>\n<\/ul>\n","protected":false},"excerpt":{"rendered":"<p>Med denna sittb\u00e4nk fr\u00e5n TRUUSK blir \u00e4ven en enkel sittplats ett blickf\u00e5ng. De tilltalande detaljerna med knappar och det andningsbara&#8230;<\/p>\n","protected":false},"featured_media":65004,"template":"","meta":[],"product_brand":[],"product_cat":[871,897,540],"product_tag":[],"class_list":{"0":"post-65013","1":"product","2":"type-product","3":"status-publish","4":"has-post-thumbnail","6":"product_cat-hus-hem","7":"product_cat-sovrum","8":"product_cat-stoppade-bankar","10":"first","11":"instock","12":"sale","13":"taxable","14":"shipping-taxable","15":"purchasable","16":"product-type-simple"},"yoast_head":"<!-- This site is optimized with the Yoast SEO plugin v25.4 - https:\/\/yoast.com\/wordpress\/plugins\/seo\/ -->\n<title>TRUUSK L\u00e5ng Hallb\u00e4nk med F\u00f6rvaring - Linne-liknande Polyester - Gummitr\u00e4 - Gr\u00f6n 100 x 40 x 44 cm - TRUUSK - Hem, Tr\u00e4dg\u00e5rd &amp; Fritid<\/title>\n<meta name=\"robots\" content=\"index, follow, max-snippet:-1, max-image-preview:large, max-video-preview:-1\" \/>\n<link rel=\"canonical\" href=\"https:\/\/truusk.store\/sv\/produkt\/truusk-lang-hallbank-med-forvaring-linne-liknande-polyester-gummitra-gron-100-x-40-x-44-cm\/\" \/>\n<meta property=\"og:locale\" content=\"sv_SE\" \/>\n<meta property=\"og:type\" content=\"article\" \/>\n<meta property=\"og:title\" content=\"TRUUSK L\u00e5ng Hallb\u00e4nk med F\u00f6rvaring - Linne-liknande Polyester - Gummitr\u00e4 - Gr\u00f6n 100 x 40 x 44 cm - TRUUSK - Hem, Tr\u00e4dg\u00e5rd &amp; Fritid\" \/>\n<meta property=\"og:description\" content=\"Med denna sittb\u00e4nk fr\u00e5n TRUUSK blir \u00e4ven en enkel sittplats ett blickf\u00e5ng. De tilltalande detaljerna med knappar och det andningsbara...\" \/>\n<meta property=\"og:url\" content=\"https:\/\/truusk.store\/sv\/produkt\/truusk-lang-hallbank-med-forvaring-linne-liknande-polyester-gummitra-gron-100-x-40-x-44-cm\/\" \/>\n<meta property=\"og:site_name\" content=\"TRUUSK - Hem, Tr\u00e4dg\u00e5rd &amp; Fritid\" \/>\n<meta property=\"article:modified_time\" content=\"2026-03-12T08:42:25+00:00\" \/>\n<meta property=\"og:image\" content=\"https:\/\/i0.wp.com\/truusk.se\/wp-content\/uploads\/2025\/06\/sittbank-stoppad-bank-med-forvaring-kista-for-hall-sovrum-vardagsrum-linne-liknande-polyester-gummitra-gron-100-x-40-x-44-cm-1.webp?fit=2000%2C2000&ssl=1\" \/>\n\t<meta property=\"og:image:width\" content=\"2000\" \/>\n\t<meta property=\"og:image:height\" content=\"2000\" \/>\n\t<meta property=\"og:image:type\" content=\"image\/webp\" \/>\n<meta name=\"twitter:card\" content=\"summary_large_image\" \/>\n<meta name=\"twitter:label1\" content=\"Ber\u00e4knad l\u00e4stid\" \/>\n\t<meta name=\"twitter:data1\" content=\"1 minut\" \/>\n<!-- \/ Yoast SEO plugin. -->","yoast_head_json":{"title":"TRUUSK L\u00e5ng Hallb\u00e4nk med F\u00f6rvaring - Linne-liknande Polyester - Gummitr\u00e4 - Gr\u00f6n 100 x 40 x 44 cm - TRUUSK - Hem, Tr\u00e4dg\u00e5rd &amp; Fritid","robots":{"index":"index","follow":"follow","max-snippet":"max-snippet:-1","max-image-preview":"max-image-preview:large","max-video-preview":"max-video-preview:-1"},"canonical":"https:\/\/truusk.store\/sv\/produkt\/truusk-lang-hallbank-med-forvaring-linne-liknande-polyester-gummitra-gron-100-x-40-x-44-cm\/","og_locale":"sv_SE","og_type":"article","og_title":"TRUUSK L\u00e5ng Hallb\u00e4nk med F\u00f6rvaring - Linne-liknande Polyester - Gummitr\u00e4 - Gr\u00f6n 100 x 40 x 44 cm - TRUUSK - Hem, Tr\u00e4dg\u00e5rd &amp; Fritid","og_description":"Med denna sittb\u00e4nk fr\u00e5n TRUUSK blir \u00e4ven en enkel sittplats ett blickf\u00e5ng. De tilltalande detaljerna med knappar och det andningsbara...","og_url":"https:\/\/truusk.store\/sv\/produkt\/truusk-lang-hallbank-med-forvaring-linne-liknande-polyester-gummitra-gron-100-x-40-x-44-cm\/","og_site_name":"TRUUSK - Hem, Tr\u00e4dg\u00e5rd &amp; Fritid","article_modified_time":"2026-03-12T08:42:25+00:00","og_image":[{"width":2000,"height":2000,"url":"https:\/\/i0.wp.com\/truusk.se\/wp-content\/uploads\/2025\/06\/sittbank-stoppad-bank-med-forvaring-kista-for-hall-sovrum-vardagsrum-linne-liknande-polyester-gummitra-gron-100-x-40-x-44-cm-1.webp?fit=2000%2C2000&ssl=1","type":"image\/webp"}],"twitter_card":"summary_large_image","twitter_misc":{"Ber\u00e4knad l\u00e4stid":"1 minut"},"schema":{"@context":"https:\/\/schema.org","@graph":[{"@type":"WebPage","@id":"https:\/\/truusk.store\/sv\/produkt\/truusk-lang-hallbank-med-forvaring-linne-liknande-polyester-gummitra-gron-100-x-40-x-44-cm\/","url":"https:\/\/truusk.store\/sv\/produkt\/truusk-lang-hallbank-med-forvaring-linne-liknande-polyester-gummitra-gron-100-x-40-x-44-cm\/","name":"TRUUSK L\u00e5ng Hallb\u00e4nk med F\u00f6rvaring - Linne-liknande Polyester - Gummitr\u00e4 - Gr\u00f6n 100 x 40 x 44 cm - TRUUSK - Hem, Tr\u00e4dg\u00e5rd &amp; Fritid","isPartOf":{"@id":"https:\/\/truusk.store\/sv\/#website"},"primaryImageOfPage":{"@id":"https:\/\/truusk.store\/sv\/produkt\/truusk-lang-hallbank-med-forvaring-linne-liknande-polyester-gummitra-gron-100-x-40-x-44-cm\/#primaryimage"},"image":{"@id":"https:\/\/truusk.store\/sv\/produkt\/truusk-lang-hallbank-med-forvaring-linne-liknande-polyester-gummitra-gron-100-x-40-x-44-cm\/#primaryimage"},"thumbnailUrl":"https:\/\/i0.wp.com\/truusk.store\/wp-content\/uploads\/2025\/06\/sittbank-stoppad-bank-med-forvaring-kista-for-hall-sovrum-vardagsrum-linne-liknande-polyester-gummitra-gron-100-x-40-x-44-cm-1.webp?fit=2000%2C2000&ssl=1","datePublished":"2025-06-05T09:22:37+00:00","dateModified":"2026-03-12T08:42:25+00:00","breadcrumb":{"@id":"https:\/\/truusk.store\/sv\/produkt\/truusk-lang-hallbank-med-forvaring-linne-liknande-polyester-gummitra-gron-100-x-40-x-44-cm\/#breadcrumb"},"inLanguage":"sv-SE","potentialAction":[{"@type":"ReadAction","target":["https:\/\/truusk.store\/sv\/produkt\/truusk-lang-hallbank-med-forvaring-linne-liknande-polyester-gummitra-gron-100-x-40-x-44-cm\/"]}]},{"@type":"ImageObject","inLanguage":"sv-SE","@id":"https:\/\/truusk.store\/sv\/produkt\/truusk-lang-hallbank-med-forvaring-linne-liknande-polyester-gummitra-gron-100-x-40-x-44-cm\/#primaryimage","url":"https:\/\/i0.wp.com\/truusk.store\/wp-content\/uploads\/2025\/06\/sittbank-stoppad-bank-med-forvaring-kista-for-hall-sovrum-vardagsrum-linne-liknande-polyester-gummitra-gron-100-x-40-x-44-cm-1.webp?fit=2000%2C2000&ssl=1","contentUrl":"https:\/\/i0.wp.com\/truusk.store\/wp-content\/uploads\/2025\/06\/sittbank-stoppad-bank-med-forvaring-kista-for-hall-sovrum-vardagsrum-linne-liknande-polyester-gummitra-gron-100-x-40-x-44-cm-1.webp?fit=2000%2C2000&ssl=1","width":2000,"height":2000},{"@type":"BreadcrumbList","@id":"https:\/\/truusk.store\/sv\/produkt\/truusk-lang-hallbank-med-forvaring-linne-liknande-polyester-gummitra-gron-100-x-40-x-44-cm\/#breadcrumb","itemListElement":[{"@type":"ListItem","position":1,"name":"Home","item":"https:\/\/truusk.store\/sv\/"},{"@type":"ListItem","position":2,"name":"Shop","item":"https:\/\/truusk.store\/shop\/"},{"@type":"ListItem","position":3,"name":"TRUUSK L\u00e5ng Hallb\u00e4nk med F\u00f6rvaring &#8211; Linne-liknande Polyester &#8211; Gummitr\u00e4 &#8211; Gr\u00f6n 100 x 40 x 44 cm"}]},{"@type":"WebSite","@id":"https:\/\/truusk.store\/sv\/#website","url":"https:\/\/truusk.store\/sv\/","name":"TRUUSK - Hem, Tr\u00e4dg\u00e5rd & Fritid","description":"","publisher":{"@id":"https:\/\/truusk.store\/sv\/#organization"},"potentialAction":[{"@type":"SearchAction","target":{"@type":"EntryPoint","urlTemplate":"https:\/\/truusk.store\/sv\/?s={search_term_string}"},"query-input":{"@type":"PropertyValueSpecification","valueRequired":true,"valueName":"search_term_string"}}],"inLanguage":"sv-SE"},{"@type":"Organization","@id":"https:\/\/truusk.store\/sv\/#organization","name":"TRUUSK - Hem, Tr\u00e4dg\u00e5rd & Fritid","url":"https:\/\/truusk.store\/sv\/","logo":{"@type":"ImageObject","inLanguage":"sv-SE","@id":"https:\/\/truusk.store\/sv\/#\/schema\/logo\/image\/","url":"https:\/\/i0.wp.com\/truusk.store\/wp-content\/uploads\/2026\/03\/cropped-TRUUSK.png?fit=2032%2C917&ssl=1","contentUrl":"https:\/\/i0.wp.com\/truusk.store\/wp-content\/uploads\/2026\/03\/cropped-TRUUSK.png?fit=2032%2C917&ssl=1","width":2032,"height":917,"caption":"TRUUSK - Hem, Tr\u00e4dg\u00e5rd & Fritid"},"image":{"@id":"https:\/\/truusk.store\/sv\/#\/schema\/logo\/image\/"}}]}},"jetpack_sharing_enabled":true,"_links":{"self":[{"href":"https:\/\/truusk.store\/sv\/wp-json\/wp\/v2\/product\/65013","targetHints":{"allow":["GET"]}}],"collection":[{"href":"https:\/\/truusk.store\/sv\/wp-json\/wp\/v2\/product"}],"about":[{"href":"https:\/\/truusk.store\/sv\/wp-json\/wp\/v2\/types\/product"}],"wp:featuredmedia":[{"embeddable":true,"href":"https:\/\/truusk.store\/sv\/wp-json\/wp\/v2\/media\/65004"}],"wp:attachment":[{"href":"https:\/\/truusk.store\/sv\/wp-json\/wp\/v2\/media?parent=65013"}],"wp:term":[{"taxonomy":"product_brand","embeddable":true,"href":"https:\/\/truusk.store\/sv\/wp-json\/wp\/v2\/product_brand?post=65013"},{"taxonomy":"product_cat","embeddable":true,"href":"https:\/\/truusk.store\/sv\/wp-json\/wp\/v2\/product_cat?post=65013"},{"taxonomy":"product_tag","embeddable":true,"href":"https:\/\/truusk.store\/sv\/wp-json\/wp\/v2\/product_tag?post=65013"}],"curies":[{"name":"wp","href":"https:\/\/api.w.org\/{rel}","templated":true}]}}