{"id":65033,"date":"2025-06-05T10:24:37","date_gmt":"2025-06-05T09:24:37","guid":{"rendered":"https:\/\/truusk.store\/product\/pall-stoppad-bank-med-sammet-look-fotpall-med-stoppad-sits-metallben-fotstod-for-vardagsrum-sovrum-76-x-38-x-415-cm-kramvit\/"},"modified":"2026-03-12T09:46:57","modified_gmt":"2026-03-12T08:46:57","slug":"truusk-pall-i-sammet-look-stoppad-sits-och-fotpall-metallben-fotstod-76-x-38-x-415-cm-kramvit","status":"publish","type":"product","link":"https:\/\/truusk.store\/sv\/produkt\/truusk-pall-i-sammet-look-stoppad-sits-och-fotpall-metallben-fotstod-76-x-38-x-415-cm-kramvit\/","title":{"rendered":"TRUUSK Pall i Sammet Look &#8211; Stoppad Sits och Fotpall &#8211; Metallben &#8211; Fotst\u00f6d &#8211; 76 x 38 x 41,5 cm &#8211; Kr\u00e4mvit"},"content":{"rendered":"<p>F\u00f6rsk\u00f6na ditt hem med TRUUSKs stoppade pall. Denna pall i korsv\u00e4vd sammet och med eleganta metallben \u00e4r perfekt som sittplats vid sminkbordet, som sovrumsb\u00e4nk eller som extra sittplats i vardagsrummet.<\/p>\n<p>Beskrivning:<\/p>\n<ul>\n<li> Korsv\u00e4vningstekniken p\u00e5 pallen ger en elegant look<\/li>\n<li> Tyget med sammetk\u00e4nsla k\u00e4nns mjukt och sk\u00f6nt<\/li>\n<li> Metallbenen p\u00e5 den stoppade pallen garanterar robust stabilitet<\/li>\n<li> Fungerar ocks\u00e5 som extra sittplats eller bekv\u00e4m fotpall<\/li>\n<li> Mediumt\u00e4t skum ger utm\u00e4rkt komfort<\/li>\n<li> Justerbara fotdynor skyddar ditt golv fr\u00e5n repor<\/li>\n<li> Idealisk f\u00f6r olika rum<\/li>\n<li> Montering kr\u00e4vs<\/li>\n<\/ul>\n<p> Tekniska data:<\/p>\n<ul>\n<li> F\u00e4rg: Kr\u00e4mvit<\/li>\n<li> Material: Sammet (100% polyester), skum, sp\u00e5nskiva, metall<\/li>\n<li> Totala dimensioner: 76L x 38B x 41,5H cm<\/li>\n<li> Sittytans tjocklek: 15 cm<\/li>\n<li> Benh\u00f6jd: 26,5 cm<\/li>\n<li> Total belastningskapacitet: 120 kg<\/li>\n<\/ul>\n<p>Leveransinneh\u00e5ll:<\/p>\n<ul>\n<li> 1 x Fotpall<\/li>\n<li> 1 x Bruksanvisning<\/li>\n<\/ul>\n","protected":false},"excerpt":{"rendered":"<p>F\u00f6rsk\u00f6na ditt hem med TRUUSKs stoppade pall. Denna pall i korsv\u00e4vd sammet och med eleganta metallben \u00e4r perfekt som sittplats&#8230;<\/p>\n","protected":false},"featured_media":65024,"template":"","meta":[],"product_brand":[],"product_cat":[871,897,540],"product_tag":[],"class_list":{"0":"post-65033","1":"product","2":"type-product","3":"status-publish","4":"has-post-thumbnail","6":"product_cat-hus-hem","7":"product_cat-sovrum","8":"product_cat-stoppade-bankar","10":"first","11":"instock","12":"sale","13":"taxable","14":"shipping-taxable","15":"purchasable","16":"product-type-simple"},"yoast_head":"<!-- This site is optimized with the Yoast SEO plugin v25.4 - https:\/\/yoast.com\/wordpress\/plugins\/seo\/ -->\n<title>TRUUSK Pall i Sammet Look - Stoppad Sits och Fotpall - Metallben - Fotst\u00f6d - 76 x 38 x 41,5 cm - Kr\u00e4mvit - TRUUSK - Hem, Tr\u00e4dg\u00e5rd &amp; Fritid<\/title>\n<meta name=\"robots\" content=\"index, follow, max-snippet:-1, max-image-preview:large, max-video-preview:-1\" \/>\n<link rel=\"canonical\" href=\"https:\/\/truusk.store\/sv\/produkt\/truusk-pall-i-sammet-look-stoppad-sits-och-fotpall-metallben-fotstod-76-x-38-x-415-cm-kramvit\/\" \/>\n<meta property=\"og:locale\" content=\"sv_SE\" \/>\n<meta property=\"og:type\" content=\"article\" \/>\n<meta property=\"og:title\" content=\"TRUUSK Pall i Sammet Look - Stoppad Sits och Fotpall - Metallben - Fotst\u00f6d - 76 x 38 x 41,5 cm - Kr\u00e4mvit - TRUUSK - Hem, Tr\u00e4dg\u00e5rd &amp; Fritid\" \/>\n<meta property=\"og:description\" content=\"F\u00f6rsk\u00f6na ditt hem med TRUUSKs stoppade pall. Denna pall i korsv\u00e4vd sammet och med eleganta metallben \u00e4r perfekt som sittplats...\" \/>\n<meta property=\"og:url\" content=\"https:\/\/truusk.store\/sv\/produkt\/truusk-pall-i-sammet-look-stoppad-sits-och-fotpall-metallben-fotstod-76-x-38-x-415-cm-kramvit\/\" \/>\n<meta property=\"og:site_name\" content=\"TRUUSK - Hem, Tr\u00e4dg\u00e5rd &amp; Fritid\" \/>\n<meta property=\"article:modified_time\" content=\"2026-03-12T08:46:57+00:00\" \/>\n<meta property=\"og:image\" content=\"https:\/\/i0.wp.com\/truusk.se\/wp-content\/uploads\/2025\/06\/pall-stoppad-bank-med-sammet-look-fotpall-med-stoppad-sits-metallben-fotstod-for-vardagsrum-sovrum-76-x-38-x-415-cm-kramvit-1.webp?fit=2000%2C2000&ssl=1\" \/>\n\t<meta property=\"og:image:width\" content=\"2000\" \/>\n\t<meta property=\"og:image:height\" content=\"2000\" \/>\n\t<meta property=\"og:image:type\" content=\"image\/webp\" \/>\n<meta name=\"twitter:card\" content=\"summary_large_image\" \/>\n<meta name=\"twitter:label1\" content=\"Ber\u00e4knad l\u00e4stid\" \/>\n\t<meta name=\"twitter:data1\" content=\"1 minut\" \/>\n<!-- \/ Yoast SEO plugin. -->","yoast_head_json":{"title":"TRUUSK Pall i Sammet Look - Stoppad Sits och Fotpall - Metallben - Fotst\u00f6d - 76 x 38 x 41,5 cm - Kr\u00e4mvit - TRUUSK - Hem, Tr\u00e4dg\u00e5rd &amp; Fritid","robots":{"index":"index","follow":"follow","max-snippet":"max-snippet:-1","max-image-preview":"max-image-preview:large","max-video-preview":"max-video-preview:-1"},"canonical":"https:\/\/truusk.store\/sv\/produkt\/truusk-pall-i-sammet-look-stoppad-sits-och-fotpall-metallben-fotstod-76-x-38-x-415-cm-kramvit\/","og_locale":"sv_SE","og_type":"article","og_title":"TRUUSK Pall i Sammet Look - Stoppad Sits och Fotpall - Metallben - Fotst\u00f6d - 76 x 38 x 41,5 cm - Kr\u00e4mvit - TRUUSK - Hem, Tr\u00e4dg\u00e5rd &amp; Fritid","og_description":"F\u00f6rsk\u00f6na ditt hem med TRUUSKs stoppade pall. Denna pall i korsv\u00e4vd sammet och med eleganta metallben \u00e4r perfekt som sittplats...","og_url":"https:\/\/truusk.store\/sv\/produkt\/truusk-pall-i-sammet-look-stoppad-sits-och-fotpall-metallben-fotstod-76-x-38-x-415-cm-kramvit\/","og_site_name":"TRUUSK - Hem, Tr\u00e4dg\u00e5rd &amp; Fritid","article_modified_time":"2026-03-12T08:46:57+00:00","og_image":[{"width":2000,"height":2000,"url":"https:\/\/i0.wp.com\/truusk.se\/wp-content\/uploads\/2025\/06\/pall-stoppad-bank-med-sammet-look-fotpall-med-stoppad-sits-metallben-fotstod-for-vardagsrum-sovrum-76-x-38-x-415-cm-kramvit-1.webp?fit=2000%2C2000&ssl=1","type":"image\/webp"}],"twitter_card":"summary_large_image","twitter_misc":{"Ber\u00e4knad l\u00e4stid":"1 minut"},"schema":{"@context":"https:\/\/schema.org","@graph":[{"@type":"WebPage","@id":"https:\/\/truusk.store\/sv\/produkt\/truusk-pall-i-sammet-look-stoppad-sits-och-fotpall-metallben-fotstod-76-x-38-x-415-cm-kramvit\/","url":"https:\/\/truusk.store\/sv\/produkt\/truusk-pall-i-sammet-look-stoppad-sits-och-fotpall-metallben-fotstod-76-x-38-x-415-cm-kramvit\/","name":"TRUUSK Pall i Sammet Look - Stoppad Sits och Fotpall - Metallben - Fotst\u00f6d - 76 x 38 x 41,5 cm - Kr\u00e4mvit - TRUUSK - Hem, Tr\u00e4dg\u00e5rd &amp; Fritid","isPartOf":{"@id":"https:\/\/truusk.store\/sv\/#website"},"primaryImageOfPage":{"@id":"https:\/\/truusk.store\/sv\/produkt\/truusk-pall-i-sammet-look-stoppad-sits-och-fotpall-metallben-fotstod-76-x-38-x-415-cm-kramvit\/#primaryimage"},"image":{"@id":"https:\/\/truusk.store\/sv\/produkt\/truusk-pall-i-sammet-look-stoppad-sits-och-fotpall-metallben-fotstod-76-x-38-x-415-cm-kramvit\/#primaryimage"},"thumbnailUrl":"https:\/\/i0.wp.com\/truusk.store\/wp-content\/uploads\/2025\/06\/pall-stoppad-bank-med-sammet-look-fotpall-med-stoppad-sits-metallben-fotstod-for-vardagsrum-sovrum-76-x-38-x-415-cm-kramvit-1.webp?fit=2000%2C2000&ssl=1","datePublished":"2025-06-05T09:24:37+00:00","dateModified":"2026-03-12T08:46:57+00:00","breadcrumb":{"@id":"https:\/\/truusk.store\/sv\/produkt\/truusk-pall-i-sammet-look-stoppad-sits-och-fotpall-metallben-fotstod-76-x-38-x-415-cm-kramvit\/#breadcrumb"},"inLanguage":"sv-SE","potentialAction":[{"@type":"ReadAction","target":["https:\/\/truusk.store\/sv\/produkt\/truusk-pall-i-sammet-look-stoppad-sits-och-fotpall-metallben-fotstod-76-x-38-x-415-cm-kramvit\/"]}]},{"@type":"ImageObject","inLanguage":"sv-SE","@id":"https:\/\/truusk.store\/sv\/produkt\/truusk-pall-i-sammet-look-stoppad-sits-och-fotpall-metallben-fotstod-76-x-38-x-415-cm-kramvit\/#primaryimage","url":"https:\/\/i0.wp.com\/truusk.store\/wp-content\/uploads\/2025\/06\/pall-stoppad-bank-med-sammet-look-fotpall-med-stoppad-sits-metallben-fotstod-for-vardagsrum-sovrum-76-x-38-x-415-cm-kramvit-1.webp?fit=2000%2C2000&ssl=1","contentUrl":"https:\/\/i0.wp.com\/truusk.store\/wp-content\/uploads\/2025\/06\/pall-stoppad-bank-med-sammet-look-fotpall-med-stoppad-sits-metallben-fotstod-for-vardagsrum-sovrum-76-x-38-x-415-cm-kramvit-1.webp?fit=2000%2C2000&ssl=1","width":2000,"height":2000},{"@type":"BreadcrumbList","@id":"https:\/\/truusk.store\/sv\/produkt\/truusk-pall-i-sammet-look-stoppad-sits-och-fotpall-metallben-fotstod-76-x-38-x-415-cm-kramvit\/#breadcrumb","itemListElement":[{"@type":"ListItem","position":1,"name":"Home","item":"https:\/\/truusk.store\/sv\/"},{"@type":"ListItem","position":2,"name":"Shop","item":"https:\/\/truusk.store\/shop\/"},{"@type":"ListItem","position":3,"name":"TRUUSK Pall i Sammet Look &#8211; Stoppad Sits och Fotpall &#8211; Metallben &#8211; Fotst\u00f6d &#8211; 76 x 38 x 41,5 cm &#8211; Kr\u00e4mvit"}]},{"@type":"WebSite","@id":"https:\/\/truusk.store\/sv\/#website","url":"https:\/\/truusk.store\/sv\/","name":"TRUUSK - Hem, Tr\u00e4dg\u00e5rd & Fritid","description":"","publisher":{"@id":"https:\/\/truusk.store\/sv\/#organization"},"potentialAction":[{"@type":"SearchAction","target":{"@type":"EntryPoint","urlTemplate":"https:\/\/truusk.store\/sv\/?s={search_term_string}"},"query-input":{"@type":"PropertyValueSpecification","valueRequired":true,"valueName":"search_term_string"}}],"inLanguage":"sv-SE"},{"@type":"Organization","@id":"https:\/\/truusk.store\/sv\/#organization","name":"TRUUSK - Hem, Tr\u00e4dg\u00e5rd & Fritid","url":"https:\/\/truusk.store\/sv\/","logo":{"@type":"ImageObject","inLanguage":"sv-SE","@id":"https:\/\/truusk.store\/sv\/#\/schema\/logo\/image\/","url":"https:\/\/i0.wp.com\/truusk.store\/wp-content\/uploads\/2026\/03\/cropped-TRUUSK.png?fit=2032%2C917&ssl=1","contentUrl":"https:\/\/i0.wp.com\/truusk.store\/wp-content\/uploads\/2026\/03\/cropped-TRUUSK.png?fit=2032%2C917&ssl=1","width":2032,"height":917,"caption":"TRUUSK - Hem, Tr\u00e4dg\u00e5rd & Fritid"},"image":{"@id":"https:\/\/truusk.store\/sv\/#\/schema\/logo\/image\/"}}]}},"jetpack_sharing_enabled":true,"_links":{"self":[{"href":"https:\/\/truusk.store\/sv\/wp-json\/wp\/v2\/product\/65033","targetHints":{"allow":["GET"]}}],"collection":[{"href":"https:\/\/truusk.store\/sv\/wp-json\/wp\/v2\/product"}],"about":[{"href":"https:\/\/truusk.store\/sv\/wp-json\/wp\/v2\/types\/product"}],"wp:featuredmedia":[{"embeddable":true,"href":"https:\/\/truusk.store\/sv\/wp-json\/wp\/v2\/media\/65024"}],"wp:attachment":[{"href":"https:\/\/truusk.store\/sv\/wp-json\/wp\/v2\/media?parent=65033"}],"wp:term":[{"taxonomy":"product_brand","embeddable":true,"href":"https:\/\/truusk.store\/sv\/wp-json\/wp\/v2\/product_brand?post=65033"},{"taxonomy":"product_cat","embeddable":true,"href":"https:\/\/truusk.store\/sv\/wp-json\/wp\/v2\/product_cat?post=65033"},{"taxonomy":"product_tag","embeddable":true,"href":"https:\/\/truusk.store\/sv\/wp-json\/wp\/v2\/product_tag?post=65033"}],"curies":[{"name":"wp","href":"https:\/\/api.w.org\/{rel}","templated":true}]}}