{"id":65133,"date":"2025-06-05T10:34:56","date_gmt":"2025-06-05T09:34:56","guid":{"rendered":"https:\/\/truusk.store\/product\/gamingstol-med-gung-och-vippfunktion-ergonomisk-datorstol-hojdjusterbar-roterande-skrivbordsstol-med-hogtalare-kan-bara-upp-till-120-kg-svartgra\/"},"modified":"2026-03-12T09:44:34","modified_gmt":"2026-03-12T08:44:34","slug":"truusk-gamingstol-med-gung-och-vippfunktion-ergonomisk-datorstol-hojdjusterbar-roterande-skrivbordsstol-hogtalare-upp","status":"publish","type":"product","link":"https:\/\/truusk.store\/sv\/produkt\/truusk-gamingstol-med-gung-och-vippfunktion-ergonomisk-datorstol-hojdjusterbar-roterande-skrivbordsstol-hogtalare-upp\/","title":{"rendered":"TRUUSK Gamingstol med Gung- och Vippfunktion &#8211; Ergonomisk Datorstol &#8211; H\u00f6jdjusterbar &#8211; Roterande Skrivbordsstol &#8211; H\u00f6gtalare &#8211; Upp"},"content":{"rendered":"<p>Oavsett om du st\u00e5r under tung beskjutning i ett raid eller dyker in i ett fantasifullt RPG, sitter du alltid bekv\u00e4mt p\u00e5 denna TRUUSK ergonomiska gamingstol, \u00e4ven under m\u00e5nga timmar i str\u00e4ck. Utrustad med en justerbar huvudst\u00f6d och en sitsdyna f\u00f6r nedre ryggen, erbjuder gamingstolen dig den ideala sittkomforten. Tv\u00e5 inbyggda Bluetooth-h\u00f6gtalare i gamingstolen ger en fantastisk ljudupplevelse och en lutande ryggst\u00f6d f\u00e5ngar dig mjukt om slutbossen skulle sl\u00e5 ner dig.<\/p>\n<p>Beskrivning:<\/p>\n<ul>\n<li> 2 Bluetooth-h\u00f6gtalare i skrivbordsstolen ger en full, rumslig ljudupplevelse<\/li>\n<li> Lyssna p\u00e5 musik via h\u00f6rlurar eller h\u00f6gtalare och justera volymen med volymknappen<\/li>\n<li> Ta en paus och str\u00e4ck ut dig bekv\u00e4mt tack vare den lutande ryggst\u00f6det<\/li>\n<li> Justerbar sitth\u00f6jd p\u00e5 gamingstolen fr\u00e5n 44 cm till 50 cm<\/li>\n<li> Justerbart huvudst\u00f6d och avtagbar dyna f\u00f6r nedre ryggen<\/li>\n<li> Uppf\u00e4llbara armst\u00f6d f\u00f6r att spara plats och skjuta stolen n\u00e4rmare bordet<\/li>\n<li> Den fritt roterande sitsen p\u00e5 gamingstolen ger maximal r\u00f6relsefrihet<\/li>\n<li> Utrustad med en 1,2 m l\u00e5ng str\u00f6mkabel med USB-gr\u00e4nssnitt<\/li>\n<li> Oberoende str\u00f6mbrytare och Bluetooth-brytare ing\u00e5r<\/li>\n<li> Montering kr\u00e4vs<\/li>\n<\/ul>\n<p> Tekniska data:<\/p>\n<ul>\n<li> F\u00e4rg: Gr\u00e5+Svart<\/li>\n<li> Material: Konstl\u00e4der, Linne(100% Polyester), Metall, Skum<\/li>\n<li> Totala m\u00e5tt: 69L x 73B x 112-118H cm<\/li>\n<li> Sitsm\u00e5tt: 55L x 54B x 44-50H cm<\/li>\n<li> M\u00e5tt ryggst\u00f6d: 52L x 8B x 68H cm<\/li>\n<li> M\u00e5tt armst\u00f6d: 29L x 6B x 3H cm<\/li>\n<li> M\u00e5tt dyna: 30L x 24B x 10H cm(nedre ryggen)<\/li>\n<li> M\u00e5tt huvudst\u00f6d: 29L x 15B x 11H cm<\/li>\n<li> B\u00e4rkapacitet: 120 kg<\/li>\n<\/ul>\n<p>Leveransinneh\u00e5ll:<\/p>\n<ul>\n<li> 1 x Gamingstol<\/li>\n<li> 1 x Instruktioner<\/li>\n<\/ul>\n","protected":false},"excerpt":{"rendered":"<p>Oavsett om du st\u00e5r under tung beskjutning i ett raid eller dyker in i ett fantasifullt RPG, sitter du alltid&#8230;<\/p>\n","protected":false},"featured_media":65124,"template":"","meta":[],"product_brand":[],"product_cat":[1009,872,964],"product_tag":[],"class_list":{"0":"post-65133","1":"product","2":"type-product","3":"status-publish","4":"has-post-thumbnail","6":"product_cat-gamingstolar","7":"product_cat-hemmakontor-arbetsplats","8":"product_cat-hus-boende","10":"first","11":"instock","12":"sale","13":"taxable","14":"shipping-taxable","15":"purchasable","16":"product-type-simple"},"yoast_head":"<!-- This site is optimized with the Yoast SEO plugin v25.4 - https:\/\/yoast.com\/wordpress\/plugins\/seo\/ -->\n<title>TRUUSK Gamingstol med Gung- och Vippfunktion - Ergonomisk Datorstol - H\u00f6jdjusterbar - Roterande Skrivbordsstol - H\u00f6gtalare - Upp - TRUUSK - Hem, Tr\u00e4dg\u00e5rd &amp; Fritid<\/title>\n<meta name=\"robots\" content=\"index, follow, max-snippet:-1, max-image-preview:large, max-video-preview:-1\" \/>\n<link rel=\"canonical\" href=\"https:\/\/truusk.store\/sv\/produkt\/truusk-gamingstol-med-gung-och-vippfunktion-ergonomisk-datorstol-hojdjusterbar-roterande-skrivbordsstol-hogtalare-upp\/\" \/>\n<meta property=\"og:locale\" content=\"sv_SE\" \/>\n<meta property=\"og:type\" content=\"article\" \/>\n<meta property=\"og:title\" content=\"TRUUSK Gamingstol med Gung- och Vippfunktion - Ergonomisk Datorstol - H\u00f6jdjusterbar - Roterande Skrivbordsstol - H\u00f6gtalare - Upp - TRUUSK - Hem, Tr\u00e4dg\u00e5rd &amp; Fritid\" \/>\n<meta property=\"og:description\" content=\"Oavsett om du st\u00e5r under tung beskjutning i ett raid eller dyker in i ett fantasifullt RPG, sitter du alltid...\" \/>\n<meta property=\"og:url\" content=\"https:\/\/truusk.store\/sv\/produkt\/truusk-gamingstol-med-gung-och-vippfunktion-ergonomisk-datorstol-hojdjusterbar-roterande-skrivbordsstol-hogtalare-upp\/\" \/>\n<meta property=\"og:site_name\" content=\"TRUUSK - Hem, Tr\u00e4dg\u00e5rd &amp; Fritid\" \/>\n<meta property=\"article:modified_time\" content=\"2026-03-12T08:44:34+00:00\" \/>\n<meta property=\"og:image\" content=\"https:\/\/i0.wp.com\/truusk.se\/wp-content\/uploads\/2025\/06\/gamingstol-med-gung-och-vippfunktion-ergonomisk-datorstol-hojdjusterbar-roterande-skrivbordsstol-med-hogtalare-kan-bara-upp-till-120-kg-svartgra-1.webp?fit=2000%2C2000&ssl=1\" \/>\n\t<meta property=\"og:image:width\" content=\"2000\" \/>\n\t<meta property=\"og:image:height\" content=\"2000\" \/>\n\t<meta property=\"og:image:type\" content=\"image\/webp\" \/>\n<meta name=\"twitter:card\" content=\"summary_large_image\" \/>\n<meta name=\"twitter:label1\" content=\"Ber\u00e4knad l\u00e4stid\" \/>\n\t<meta name=\"twitter:data1\" content=\"1 minut\" \/>\n<!-- \/ Yoast SEO plugin. -->","yoast_head_json":{"title":"TRUUSK Gamingstol med Gung- och Vippfunktion - Ergonomisk Datorstol - H\u00f6jdjusterbar - Roterande Skrivbordsstol - H\u00f6gtalare - Upp - TRUUSK - Hem, Tr\u00e4dg\u00e5rd &amp; Fritid","robots":{"index":"index","follow":"follow","max-snippet":"max-snippet:-1","max-image-preview":"max-image-preview:large","max-video-preview":"max-video-preview:-1"},"canonical":"https:\/\/truusk.store\/sv\/produkt\/truusk-gamingstol-med-gung-och-vippfunktion-ergonomisk-datorstol-hojdjusterbar-roterande-skrivbordsstol-hogtalare-upp\/","og_locale":"sv_SE","og_type":"article","og_title":"TRUUSK Gamingstol med Gung- och Vippfunktion - Ergonomisk Datorstol - H\u00f6jdjusterbar - Roterande Skrivbordsstol - H\u00f6gtalare - Upp - TRUUSK - Hem, Tr\u00e4dg\u00e5rd &amp; Fritid","og_description":"Oavsett om du st\u00e5r under tung beskjutning i ett raid eller dyker in i ett fantasifullt RPG, sitter du alltid...","og_url":"https:\/\/truusk.store\/sv\/produkt\/truusk-gamingstol-med-gung-och-vippfunktion-ergonomisk-datorstol-hojdjusterbar-roterande-skrivbordsstol-hogtalare-upp\/","og_site_name":"TRUUSK - Hem, Tr\u00e4dg\u00e5rd &amp; Fritid","article_modified_time":"2026-03-12T08:44:34+00:00","og_image":[{"width":2000,"height":2000,"url":"https:\/\/i0.wp.com\/truusk.se\/wp-content\/uploads\/2025\/06\/gamingstol-med-gung-och-vippfunktion-ergonomisk-datorstol-hojdjusterbar-roterande-skrivbordsstol-med-hogtalare-kan-bara-upp-till-120-kg-svartgra-1.webp?fit=2000%2C2000&ssl=1","type":"image\/webp"}],"twitter_card":"summary_large_image","twitter_misc":{"Ber\u00e4knad l\u00e4stid":"1 minut"},"schema":{"@context":"https:\/\/schema.org","@graph":[{"@type":"WebPage","@id":"https:\/\/truusk.store\/sv\/produkt\/truusk-gamingstol-med-gung-och-vippfunktion-ergonomisk-datorstol-hojdjusterbar-roterande-skrivbordsstol-hogtalare-upp\/","url":"https:\/\/truusk.store\/sv\/produkt\/truusk-gamingstol-med-gung-och-vippfunktion-ergonomisk-datorstol-hojdjusterbar-roterande-skrivbordsstol-hogtalare-upp\/","name":"TRUUSK Gamingstol med Gung- och Vippfunktion - Ergonomisk Datorstol - H\u00f6jdjusterbar - Roterande Skrivbordsstol - H\u00f6gtalare - Upp - TRUUSK - Hem, Tr\u00e4dg\u00e5rd &amp; Fritid","isPartOf":{"@id":"https:\/\/truusk.store\/sv\/#website"},"primaryImageOfPage":{"@id":"https:\/\/truusk.store\/sv\/produkt\/truusk-gamingstol-med-gung-och-vippfunktion-ergonomisk-datorstol-hojdjusterbar-roterande-skrivbordsstol-hogtalare-upp\/#primaryimage"},"image":{"@id":"https:\/\/truusk.store\/sv\/produkt\/truusk-gamingstol-med-gung-och-vippfunktion-ergonomisk-datorstol-hojdjusterbar-roterande-skrivbordsstol-hogtalare-upp\/#primaryimage"},"thumbnailUrl":"https:\/\/i0.wp.com\/truusk.store\/wp-content\/uploads\/2025\/06\/gamingstol-med-gung-och-vippfunktion-ergonomisk-datorstol-hojdjusterbar-roterande-skrivbordsstol-med-hogtalare-kan-bara-upp-till-120-kg-svartgra-1.webp?fit=2000%2C2000&ssl=1","datePublished":"2025-06-05T09:34:56+00:00","dateModified":"2026-03-12T08:44:34+00:00","breadcrumb":{"@id":"https:\/\/truusk.store\/sv\/produkt\/truusk-gamingstol-med-gung-och-vippfunktion-ergonomisk-datorstol-hojdjusterbar-roterande-skrivbordsstol-hogtalare-upp\/#breadcrumb"},"inLanguage":"sv-SE","potentialAction":[{"@type":"ReadAction","target":["https:\/\/truusk.store\/sv\/produkt\/truusk-gamingstol-med-gung-och-vippfunktion-ergonomisk-datorstol-hojdjusterbar-roterande-skrivbordsstol-hogtalare-upp\/"]}]},{"@type":"ImageObject","inLanguage":"sv-SE","@id":"https:\/\/truusk.store\/sv\/produkt\/truusk-gamingstol-med-gung-och-vippfunktion-ergonomisk-datorstol-hojdjusterbar-roterande-skrivbordsstol-hogtalare-upp\/#primaryimage","url":"https:\/\/i0.wp.com\/truusk.store\/wp-content\/uploads\/2025\/06\/gamingstol-med-gung-och-vippfunktion-ergonomisk-datorstol-hojdjusterbar-roterande-skrivbordsstol-med-hogtalare-kan-bara-upp-till-120-kg-svartgra-1.webp?fit=2000%2C2000&ssl=1","contentUrl":"https:\/\/i0.wp.com\/truusk.store\/wp-content\/uploads\/2025\/06\/gamingstol-med-gung-och-vippfunktion-ergonomisk-datorstol-hojdjusterbar-roterande-skrivbordsstol-med-hogtalare-kan-bara-upp-till-120-kg-svartgra-1.webp?fit=2000%2C2000&ssl=1","width":2000,"height":2000},{"@type":"BreadcrumbList","@id":"https:\/\/truusk.store\/sv\/produkt\/truusk-gamingstol-med-gung-och-vippfunktion-ergonomisk-datorstol-hojdjusterbar-roterande-skrivbordsstol-hogtalare-upp\/#breadcrumb","itemListElement":[{"@type":"ListItem","position":1,"name":"Home","item":"https:\/\/truusk.store\/sv\/"},{"@type":"ListItem","position":2,"name":"Shop","item":"https:\/\/truusk.store\/shop\/"},{"@type":"ListItem","position":3,"name":"TRUUSK Gamingstol med Gung- och Vippfunktion &#8211; Ergonomisk Datorstol &#8211; H\u00f6jdjusterbar &#8211; Roterande Skrivbordsstol &#8211; H\u00f6gtalare &#8211; Upp"}]},{"@type":"WebSite","@id":"https:\/\/truusk.store\/sv\/#website","url":"https:\/\/truusk.store\/sv\/","name":"TRUUSK - Hem, Tr\u00e4dg\u00e5rd & Fritid","description":"","publisher":{"@id":"https:\/\/truusk.store\/sv\/#organization"},"potentialAction":[{"@type":"SearchAction","target":{"@type":"EntryPoint","urlTemplate":"https:\/\/truusk.store\/sv\/?s={search_term_string}"},"query-input":{"@type":"PropertyValueSpecification","valueRequired":true,"valueName":"search_term_string"}}],"inLanguage":"sv-SE"},{"@type":"Organization","@id":"https:\/\/truusk.store\/sv\/#organization","name":"TRUUSK - Hem, Tr\u00e4dg\u00e5rd & Fritid","url":"https:\/\/truusk.store\/sv\/","logo":{"@type":"ImageObject","inLanguage":"sv-SE","@id":"https:\/\/truusk.store\/sv\/#\/schema\/logo\/image\/","url":"https:\/\/i0.wp.com\/truusk.store\/wp-content\/uploads\/2026\/03\/cropped-TRUUSK.png?fit=2032%2C917&ssl=1","contentUrl":"https:\/\/i0.wp.com\/truusk.store\/wp-content\/uploads\/2026\/03\/cropped-TRUUSK.png?fit=2032%2C917&ssl=1","width":2032,"height":917,"caption":"TRUUSK - Hem, Tr\u00e4dg\u00e5rd & Fritid"},"image":{"@id":"https:\/\/truusk.store\/sv\/#\/schema\/logo\/image\/"}}]}},"jetpack_sharing_enabled":true,"_links":{"self":[{"href":"https:\/\/truusk.store\/sv\/wp-json\/wp\/v2\/product\/65133","targetHints":{"allow":["GET"]}}],"collection":[{"href":"https:\/\/truusk.store\/sv\/wp-json\/wp\/v2\/product"}],"about":[{"href":"https:\/\/truusk.store\/sv\/wp-json\/wp\/v2\/types\/product"}],"wp:featuredmedia":[{"embeddable":true,"href":"https:\/\/truusk.store\/sv\/wp-json\/wp\/v2\/media\/65124"}],"wp:attachment":[{"href":"https:\/\/truusk.store\/sv\/wp-json\/wp\/v2\/media?parent=65133"}],"wp:term":[{"taxonomy":"product_brand","embeddable":true,"href":"https:\/\/truusk.store\/sv\/wp-json\/wp\/v2\/product_brand?post=65133"},{"taxonomy":"product_cat","embeddable":true,"href":"https:\/\/truusk.store\/sv\/wp-json\/wp\/v2\/product_cat?post=65133"},{"taxonomy":"product_tag","embeddable":true,"href":"https:\/\/truusk.store\/sv\/wp-json\/wp\/v2\/product_tag?post=65133"}],"curies":[{"name":"wp","href":"https:\/\/api.w.org\/{rel}","templated":true}]}}