{"id":65153,"date":"2025-06-05T10:36:44","date_gmt":"2025-06-05T09:36:44","guid":{"rendered":"https:\/\/truusk.store\/product\/sittbank-med-forvaring-stoppad-bank-med-lock-sangbank-med-sammetseffekt-for-hall-sovrum-vardagsrum-gummitra-102-x-35-x-43-cm-gra\/"},"modified":"2026-03-12T09:44:36","modified_gmt":"2026-03-12T08:44:36","slug":"truusk-sittbank-med-forvaring-stoppad-bank-med-lock-sammetseffekt-hall-sovrum-vardagsrum-gummitra-102-x-35-x-43-cm-gra","status":"publish","type":"product","link":"https:\/\/truusk.store\/sv\/produkt\/truusk-sittbank-med-forvaring-stoppad-bank-med-lock-sammetseffekt-hall-sovrum-vardagsrum-gummitra-102-x-35-x-43-cm-gra\/","title":{"rendered":"TRUUSK Sittb\u00e4nk Med F\u00f6rvaring &#8211; Stoppad B\u00e4nk Med Lock &#8211; Sammetseffekt &#8211; Hall Sovrum Vardagsrum &#8211; Gummitr\u00e4 102 x 35 x 43 cm &#8211; Gr\u00e5"},"content":{"rendered":"<p>F\u00f6r\u00e4dla ditt hem med den stoppade TRUUSK-b\u00e4nken med f\u00f6rvaring. Den eleganta designen och den sammetliknande ytan g\u00f6r f\u00f6rvaringspallen till mer \u00e4n en f\u00f6rvaringskista. T\u00e4cken och kuddar kan enkelt f\u00f6rvaras under locket, medan den tjocka skumstoppningen ger exceptionell sittkomfort. M\u00e5ngsidigt anv\u00e4ndbar, \u00e4r f\u00f6rvaringspallen perfekt som fotst\u00f6d, sovrumsb\u00e4nk eller som sittplats i hallen.<\/p>\n<p>Beskrivning:<\/p>\n<ul>\n<li> Elegant och chic, berikar denna sittb\u00e4nk alla vardagsrum<\/li>\n<li> Dold f\u00f6rvaring under locket p\u00e5 b\u00e4nken<\/li>\n<li> Bekv\u00e4mt tyg\u00f6verdrag och mjukt skum skapar en optimal sittyta<\/li>\n<li> Starka gummitr\u00e4ben p\u00e5 f\u00f6rvaringspallen kan b\u00e4ra upp till 120 kg<\/li>\n<li> M\u00e5ngsidigt anv\u00e4ndbar som fotpall, hallb\u00e4nk eller s\u00e4ngpall<\/li>\n<li> Montering kr\u00e4vs<\/li>\n<\/ul>\n<p> Tekniska data:<\/p>\n<ul>\n<li> F\u00e4rg: Gr\u00e5<\/li>\n<li> Material: Sammet (100% polyester), gummitr\u00e4, sp\u00e5nskiva, skum<\/li>\n<li> Totala dimensioner: 80L x 35B x 40H cm<\/li>\n<li> Inre dimensioner: 73L x 28B x 14H cm<\/li>\n<li> Benh\u00f6jd: 18 cm<\/li>\n<li> B\u00e4rkapacitet: 120 kg<\/li>\n<\/ul>\n<p> Leveransinneh\u00e5ll:<\/p>\n<ul>\n<li> 1 x stoppad b\u00e4nk<\/li>\n<li> 1 x handbok<\/li>\n<\/ul>\n","protected":false},"excerpt":{"rendered":"<p>F\u00f6r\u00e4dla ditt hem med den stoppade TRUUSK-b\u00e4nken med f\u00f6rvaring. Den eleganta designen och den sammetliknande ytan g\u00f6r f\u00f6rvaringspallen till mer&#8230;<\/p>\n","protected":false},"featured_media":65144,"template":"","meta":[],"product_brand":[],"product_cat":[871,897,540],"product_tag":[],"class_list":{"0":"post-65153","1":"product","2":"type-product","3":"status-publish","4":"has-post-thumbnail","6":"product_cat-hus-hem","7":"product_cat-sovrum","8":"product_cat-stoppade-bankar","10":"first","11":"instock","12":"sale","13":"taxable","14":"shipping-taxable","15":"purchasable","16":"product-type-simple"},"yoast_head":"<!-- This site is optimized with the Yoast SEO plugin v25.4 - https:\/\/yoast.com\/wordpress\/plugins\/seo\/ -->\n<title>TRUUSK Sittb\u00e4nk Med F\u00f6rvaring - Stoppad B\u00e4nk Med Lock - Sammetseffekt - Hall Sovrum Vardagsrum - Gummitr\u00e4 102 x 35 x 43 cm - Gr\u00e5 - TRUUSK - Hem, Tr\u00e4dg\u00e5rd &amp; Fritid<\/title>\n<meta name=\"robots\" content=\"index, follow, max-snippet:-1, max-image-preview:large, max-video-preview:-1\" \/>\n<link rel=\"canonical\" href=\"https:\/\/truusk.store\/sv\/produkt\/truusk-sittbank-med-forvaring-stoppad-bank-med-lock-sammetseffekt-hall-sovrum-vardagsrum-gummitra-102-x-35-x-43-cm-gra\/\" \/>\n<meta property=\"og:locale\" content=\"sv_SE\" \/>\n<meta property=\"og:type\" content=\"article\" \/>\n<meta property=\"og:title\" content=\"TRUUSK Sittb\u00e4nk Med F\u00f6rvaring - Stoppad B\u00e4nk Med Lock - Sammetseffekt - Hall Sovrum Vardagsrum - Gummitr\u00e4 102 x 35 x 43 cm - Gr\u00e5 - TRUUSK - Hem, Tr\u00e4dg\u00e5rd &amp; Fritid\" \/>\n<meta property=\"og:description\" content=\"F\u00f6r\u00e4dla ditt hem med den stoppade TRUUSK-b\u00e4nken med f\u00f6rvaring. Den eleganta designen och den sammetliknande ytan g\u00f6r f\u00f6rvaringspallen till mer...\" \/>\n<meta property=\"og:url\" content=\"https:\/\/truusk.store\/sv\/produkt\/truusk-sittbank-med-forvaring-stoppad-bank-med-lock-sammetseffekt-hall-sovrum-vardagsrum-gummitra-102-x-35-x-43-cm-gra\/\" \/>\n<meta property=\"og:site_name\" content=\"TRUUSK - Hem, Tr\u00e4dg\u00e5rd &amp; Fritid\" \/>\n<meta property=\"article:modified_time\" content=\"2026-03-12T08:44:36+00:00\" \/>\n<meta property=\"og:image\" content=\"https:\/\/i0.wp.com\/truusk.se\/wp-content\/uploads\/2025\/06\/sittbank-med-forvaring-stoppad-bank-med-lock-sangbank-med-sammetseffekt-for-hall-sovrum-vardagsrum-gummitra-102-x-35-x-43-cm-gra-1.webp?fit=2000%2C2000&ssl=1\" \/>\n\t<meta property=\"og:image:width\" content=\"2000\" \/>\n\t<meta property=\"og:image:height\" content=\"2000\" \/>\n\t<meta property=\"og:image:type\" content=\"image\/webp\" \/>\n<meta name=\"twitter:card\" content=\"summary_large_image\" \/>\n<meta name=\"twitter:label1\" content=\"Ber\u00e4knad l\u00e4stid\" \/>\n\t<meta name=\"twitter:data1\" content=\"1 minut\" \/>\n<!-- \/ Yoast SEO plugin. -->","yoast_head_json":{"title":"TRUUSK Sittb\u00e4nk Med F\u00f6rvaring - Stoppad B\u00e4nk Med Lock - Sammetseffekt - Hall Sovrum Vardagsrum - Gummitr\u00e4 102 x 35 x 43 cm - Gr\u00e5 - TRUUSK - Hem, Tr\u00e4dg\u00e5rd &amp; Fritid","robots":{"index":"index","follow":"follow","max-snippet":"max-snippet:-1","max-image-preview":"max-image-preview:large","max-video-preview":"max-video-preview:-1"},"canonical":"https:\/\/truusk.store\/sv\/produkt\/truusk-sittbank-med-forvaring-stoppad-bank-med-lock-sammetseffekt-hall-sovrum-vardagsrum-gummitra-102-x-35-x-43-cm-gra\/","og_locale":"sv_SE","og_type":"article","og_title":"TRUUSK Sittb\u00e4nk Med F\u00f6rvaring - Stoppad B\u00e4nk Med Lock - Sammetseffekt - Hall Sovrum Vardagsrum - Gummitr\u00e4 102 x 35 x 43 cm - Gr\u00e5 - TRUUSK - Hem, Tr\u00e4dg\u00e5rd &amp; Fritid","og_description":"F\u00f6r\u00e4dla ditt hem med den stoppade TRUUSK-b\u00e4nken med f\u00f6rvaring. Den eleganta designen och den sammetliknande ytan g\u00f6r f\u00f6rvaringspallen till mer...","og_url":"https:\/\/truusk.store\/sv\/produkt\/truusk-sittbank-med-forvaring-stoppad-bank-med-lock-sammetseffekt-hall-sovrum-vardagsrum-gummitra-102-x-35-x-43-cm-gra\/","og_site_name":"TRUUSK - Hem, Tr\u00e4dg\u00e5rd &amp; Fritid","article_modified_time":"2026-03-12T08:44:36+00:00","og_image":[{"width":2000,"height":2000,"url":"https:\/\/i0.wp.com\/truusk.se\/wp-content\/uploads\/2025\/06\/sittbank-med-forvaring-stoppad-bank-med-lock-sangbank-med-sammetseffekt-for-hall-sovrum-vardagsrum-gummitra-102-x-35-x-43-cm-gra-1.webp?fit=2000%2C2000&ssl=1","type":"image\/webp"}],"twitter_card":"summary_large_image","twitter_misc":{"Ber\u00e4knad l\u00e4stid":"1 minut"},"schema":{"@context":"https:\/\/schema.org","@graph":[{"@type":"WebPage","@id":"https:\/\/truusk.store\/sv\/produkt\/truusk-sittbank-med-forvaring-stoppad-bank-med-lock-sammetseffekt-hall-sovrum-vardagsrum-gummitra-102-x-35-x-43-cm-gra\/","url":"https:\/\/truusk.store\/sv\/produkt\/truusk-sittbank-med-forvaring-stoppad-bank-med-lock-sammetseffekt-hall-sovrum-vardagsrum-gummitra-102-x-35-x-43-cm-gra\/","name":"TRUUSK Sittb\u00e4nk Med F\u00f6rvaring - Stoppad B\u00e4nk Med Lock - Sammetseffekt - Hall Sovrum Vardagsrum - Gummitr\u00e4 102 x 35 x 43 cm - Gr\u00e5 - TRUUSK - Hem, Tr\u00e4dg\u00e5rd &amp; Fritid","isPartOf":{"@id":"https:\/\/truusk.store\/sv\/#website"},"primaryImageOfPage":{"@id":"https:\/\/truusk.store\/sv\/produkt\/truusk-sittbank-med-forvaring-stoppad-bank-med-lock-sammetseffekt-hall-sovrum-vardagsrum-gummitra-102-x-35-x-43-cm-gra\/#primaryimage"},"image":{"@id":"https:\/\/truusk.store\/sv\/produkt\/truusk-sittbank-med-forvaring-stoppad-bank-med-lock-sammetseffekt-hall-sovrum-vardagsrum-gummitra-102-x-35-x-43-cm-gra\/#primaryimage"},"thumbnailUrl":"https:\/\/i0.wp.com\/truusk.store\/wp-content\/uploads\/2025\/06\/sittbank-med-forvaring-stoppad-bank-med-lock-sangbank-med-sammetseffekt-for-hall-sovrum-vardagsrum-gummitra-102-x-35-x-43-cm-gra-1.webp?fit=2000%2C2000&ssl=1","datePublished":"2025-06-05T09:36:44+00:00","dateModified":"2026-03-12T08:44:36+00:00","breadcrumb":{"@id":"https:\/\/truusk.store\/sv\/produkt\/truusk-sittbank-med-forvaring-stoppad-bank-med-lock-sammetseffekt-hall-sovrum-vardagsrum-gummitra-102-x-35-x-43-cm-gra\/#breadcrumb"},"inLanguage":"sv-SE","potentialAction":[{"@type":"ReadAction","target":["https:\/\/truusk.store\/sv\/produkt\/truusk-sittbank-med-forvaring-stoppad-bank-med-lock-sammetseffekt-hall-sovrum-vardagsrum-gummitra-102-x-35-x-43-cm-gra\/"]}]},{"@type":"ImageObject","inLanguage":"sv-SE","@id":"https:\/\/truusk.store\/sv\/produkt\/truusk-sittbank-med-forvaring-stoppad-bank-med-lock-sammetseffekt-hall-sovrum-vardagsrum-gummitra-102-x-35-x-43-cm-gra\/#primaryimage","url":"https:\/\/i0.wp.com\/truusk.store\/wp-content\/uploads\/2025\/06\/sittbank-med-forvaring-stoppad-bank-med-lock-sangbank-med-sammetseffekt-for-hall-sovrum-vardagsrum-gummitra-102-x-35-x-43-cm-gra-1.webp?fit=2000%2C2000&ssl=1","contentUrl":"https:\/\/i0.wp.com\/truusk.store\/wp-content\/uploads\/2025\/06\/sittbank-med-forvaring-stoppad-bank-med-lock-sangbank-med-sammetseffekt-for-hall-sovrum-vardagsrum-gummitra-102-x-35-x-43-cm-gra-1.webp?fit=2000%2C2000&ssl=1","width":2000,"height":2000},{"@type":"BreadcrumbList","@id":"https:\/\/truusk.store\/sv\/produkt\/truusk-sittbank-med-forvaring-stoppad-bank-med-lock-sammetseffekt-hall-sovrum-vardagsrum-gummitra-102-x-35-x-43-cm-gra\/#breadcrumb","itemListElement":[{"@type":"ListItem","position":1,"name":"Home","item":"https:\/\/truusk.store\/sv\/"},{"@type":"ListItem","position":2,"name":"Shop","item":"https:\/\/truusk.store\/shop\/"},{"@type":"ListItem","position":3,"name":"TRUUSK Sittb\u00e4nk Med F\u00f6rvaring &#8211; Stoppad B\u00e4nk Med Lock &#8211; Sammetseffekt &#8211; Hall Sovrum Vardagsrum &#8211; Gummitr\u00e4 102 x 35 x 43 cm &#8211; Gr\u00e5"}]},{"@type":"WebSite","@id":"https:\/\/truusk.store\/sv\/#website","url":"https:\/\/truusk.store\/sv\/","name":"TRUUSK - Hem, Tr\u00e4dg\u00e5rd & Fritid","description":"","publisher":{"@id":"https:\/\/truusk.store\/sv\/#organization"},"potentialAction":[{"@type":"SearchAction","target":{"@type":"EntryPoint","urlTemplate":"https:\/\/truusk.store\/sv\/?s={search_term_string}"},"query-input":{"@type":"PropertyValueSpecification","valueRequired":true,"valueName":"search_term_string"}}],"inLanguage":"sv-SE"},{"@type":"Organization","@id":"https:\/\/truusk.store\/sv\/#organization","name":"TRUUSK - Hem, Tr\u00e4dg\u00e5rd & Fritid","url":"https:\/\/truusk.store\/sv\/","logo":{"@type":"ImageObject","inLanguage":"sv-SE","@id":"https:\/\/truusk.store\/sv\/#\/schema\/logo\/image\/","url":"https:\/\/i0.wp.com\/truusk.store\/wp-content\/uploads\/2026\/03\/cropped-TRUUSK.png?fit=2032%2C917&ssl=1","contentUrl":"https:\/\/i0.wp.com\/truusk.store\/wp-content\/uploads\/2026\/03\/cropped-TRUUSK.png?fit=2032%2C917&ssl=1","width":2032,"height":917,"caption":"TRUUSK - Hem, Tr\u00e4dg\u00e5rd & Fritid"},"image":{"@id":"https:\/\/truusk.store\/sv\/#\/schema\/logo\/image\/"}}]}},"jetpack_sharing_enabled":true,"_links":{"self":[{"href":"https:\/\/truusk.store\/sv\/wp-json\/wp\/v2\/product\/65153","targetHints":{"allow":["GET"]}}],"collection":[{"href":"https:\/\/truusk.store\/sv\/wp-json\/wp\/v2\/product"}],"about":[{"href":"https:\/\/truusk.store\/sv\/wp-json\/wp\/v2\/types\/product"}],"wp:featuredmedia":[{"embeddable":true,"href":"https:\/\/truusk.store\/sv\/wp-json\/wp\/v2\/media\/65144"}],"wp:attachment":[{"href":"https:\/\/truusk.store\/sv\/wp-json\/wp\/v2\/media?parent=65153"}],"wp:term":[{"taxonomy":"product_brand","embeddable":true,"href":"https:\/\/truusk.store\/sv\/wp-json\/wp\/v2\/product_brand?post=65153"},{"taxonomy":"product_cat","embeddable":true,"href":"https:\/\/truusk.store\/sv\/wp-json\/wp\/v2\/product_cat?post=65153"},{"taxonomy":"product_tag","embeddable":true,"href":"https:\/\/truusk.store\/sv\/wp-json\/wp\/v2\/product_tag?post=65153"}],"curies":[{"name":"wp","href":"https:\/\/api.w.org\/{rel}","templated":true}]}}