{"id":65163,"date":"2025-06-05T10:37:43","date_gmt":"2025-06-05T09:37:43","guid":{"rendered":"https:\/\/truusk.store\/product\/aiyaplay-6v-barns-elektriska-bil-i-hastform-2-km-h-barnfordon-med-musik-sitt-leksak-med-fotpedal-elektrisk-hast-for-barn-15-3-ar-brun\/"},"modified":"2026-03-12T09:46:15","modified_gmt":"2026-03-12T08:46:15","slug":"truusk-elektrisk-hast-i-bilform-6v-musik-fotpedal-for-barn-15-3-ar-brun","status":"publish","type":"product","link":"https:\/\/truusk.store\/sv\/produkt\/truusk-elektrisk-hast-i-bilform-6v-musik-fotpedal-for-barn-15-3-ar-brun\/","title":{"rendered":"TRUUSK Elektrisk H\u00e4st i Bilform 6V &#8211; Musik &#8211; Fotpedal &#8211; F\u00f6r Barn 1,5-3 \u00e5r &#8211; Brun"},"content":{"rendered":"<p>Med AIYAPLAY elektriska h\u00e4st upplever dina barn speciella \u00e4ventyr! Detta barnfordon erbjuder en bekv\u00e4m 26 cm h\u00f6g sittyta, mjukt stoppad med skum, perfekt f\u00f6r s\u00e4ker galopp vid 2 km\/h. Dessutom erbjuder detta \u00e5kspeksak en musikfunktion och kan tack vare plasthjulen l\u00e4tt styras p\u00e5 sl\u00e4ta v\u00e4gar.<\/p>\n<p>Beskrivning:<\/p>\n<ul>\n<li> Barnfordonets 6V elmotor erbjuder en s\u00e4ker och rolig \u00e5ktur<\/li>\n<li> En sitth\u00f6jd p\u00e5 26 cm garanterar bekv\u00e4mt sittande<\/li>\n<li> Mjuk yta och tjockt skum p\u00e5 barnfordonet f\u00f6r \u00f6kad komfort<\/li>\n<li> Inkluderar musik och fram\u00e5tr\u00f6relse vid 2 km\/h<\/li>\n<li> Styrning via \u00e5kspeksakens handtag f\u00f6r enkla riktningsskiften<\/li>\n<li> Plasthjul, l\u00e4mpliga f\u00f6r k\u00f6rning p\u00e5 plana ytor som tr\u00e4 och cement<\/li>\n<li> Montering kr\u00e4vs<\/li>\n<\/ul>\n<p> Tekniska data:<\/p>\n<ul>\n<li> F\u00e4rg: Brun<\/li>\n<li> Material: Polyester, plast, metall<\/li>\n<li> Totala dimensioner: 69L x 34B x 53H cm<\/li>\n<li> Sitsstorlek: 30B x 17T cm<\/li>\n<li> Sitth\u00f6jd: 26 cm (till golvet)<\/li>\n<li> Batteri: 6V 4,5AH<\/li>\n<li> Laddningstid: 4-6 timmar (f\u00f6rsta g\u00e5ngen), 8-12 timmar (regelbundet)<\/li>\n<li> Drifttid: 40 min<\/li>\n<li> Hastighet: 2 km\/h<\/li>\n<li> Belastningskapacitet: 25 kg<\/li>\n<li> Rekommenderad \u00e5lder: 18-36 m\u00e5nader<\/li>\n<li> Obs: \u00d6vervaka alltid dina barn n\u00e4r de k\u00f6r<\/li>\n<\/ul>\n<p> Leveransinneh\u00e5ll:<\/p>\n<ul>\n<li> 1 x Elektrisk ridh\u00e4st f\u00f6r barn<\/li>\n<li> 1 x Bruksanvisning<\/li>\n<\/ul>\n","protected":false},"excerpt":{"rendered":"<p>Med AIYAPLAY elektriska h\u00e4st upplever dina barn speciella \u00e4ventyr! Detta barnfordon erbjuder en bekv\u00e4m 26 cm h\u00f6g sittyta, mjukt stoppad&#8230;<\/p>\n","protected":false},"featured_media":65154,"template":"","meta":[],"product_brand":[],"product_cat":[880,988,918],"product_tag":[],"class_list":{"0":"post-65163","1":"product","2":"type-product","3":"status-publish","4":"has-post-thumbnail","6":"product_cat-baby-barn-2","7":"product_cat-gungdjur","8":"product_cat-leksaker","10":"first","11":"instock","12":"sale","13":"taxable","14":"shipping-taxable","15":"purchasable","16":"product-type-simple"},"yoast_head":"<!-- This site is optimized with the Yoast SEO plugin v25.4 - https:\/\/yoast.com\/wordpress\/plugins\/seo\/ -->\n<title>TRUUSK Elektrisk H\u00e4st i Bilform 6V - Musik - Fotpedal - F\u00f6r Barn 1,5-3 \u00e5r - Brun - TRUUSK - Hem, Tr\u00e4dg\u00e5rd &amp; Fritid<\/title>\n<meta name=\"robots\" content=\"index, follow, max-snippet:-1, max-image-preview:large, max-video-preview:-1\" \/>\n<link rel=\"canonical\" href=\"https:\/\/truusk.store\/sv\/produkt\/truusk-elektrisk-hast-i-bilform-6v-musik-fotpedal-for-barn-15-3-ar-brun\/\" \/>\n<meta property=\"og:locale\" content=\"sv_SE\" \/>\n<meta property=\"og:type\" content=\"article\" \/>\n<meta property=\"og:title\" content=\"TRUUSK Elektrisk H\u00e4st i Bilform 6V - Musik - Fotpedal - F\u00f6r Barn 1,5-3 \u00e5r - Brun - TRUUSK - Hem, Tr\u00e4dg\u00e5rd &amp; Fritid\" \/>\n<meta property=\"og:description\" content=\"Med AIYAPLAY elektriska h\u00e4st upplever dina barn speciella \u00e4ventyr! Detta barnfordon erbjuder en bekv\u00e4m 26 cm h\u00f6g sittyta, mjukt stoppad...\" \/>\n<meta property=\"og:url\" content=\"https:\/\/truusk.store\/sv\/produkt\/truusk-elektrisk-hast-i-bilform-6v-musik-fotpedal-for-barn-15-3-ar-brun\/\" \/>\n<meta property=\"og:site_name\" content=\"TRUUSK - Hem, Tr\u00e4dg\u00e5rd &amp; Fritid\" \/>\n<meta property=\"article:modified_time\" content=\"2026-03-12T08:46:15+00:00\" \/>\n<meta property=\"og:image\" content=\"https:\/\/i0.wp.com\/truusk.se\/wp-content\/uploads\/2025\/06\/aiyaplay-6v-barns-elektriska-bil-i-hastform-2-km-h-barnfordon-med-musik-sitt-leksak-med-fotpedal-elektrisk-hast-for-barn-15-3-ar-brun-1.webp?fit=2000%2C2000&ssl=1\" \/>\n\t<meta property=\"og:image:width\" content=\"2000\" \/>\n\t<meta property=\"og:image:height\" content=\"2000\" \/>\n\t<meta property=\"og:image:type\" content=\"image\/webp\" \/>\n<meta name=\"twitter:card\" content=\"summary_large_image\" \/>\n<meta name=\"twitter:label1\" content=\"Ber\u00e4knad l\u00e4stid\" \/>\n\t<meta name=\"twitter:data1\" content=\"1 minut\" \/>\n<!-- \/ Yoast SEO plugin. -->","yoast_head_json":{"title":"TRUUSK Elektrisk H\u00e4st i Bilform 6V - Musik - Fotpedal - F\u00f6r Barn 1,5-3 \u00e5r - Brun - TRUUSK - Hem, Tr\u00e4dg\u00e5rd &amp; Fritid","robots":{"index":"index","follow":"follow","max-snippet":"max-snippet:-1","max-image-preview":"max-image-preview:large","max-video-preview":"max-video-preview:-1"},"canonical":"https:\/\/truusk.store\/sv\/produkt\/truusk-elektrisk-hast-i-bilform-6v-musik-fotpedal-for-barn-15-3-ar-brun\/","og_locale":"sv_SE","og_type":"article","og_title":"TRUUSK Elektrisk H\u00e4st i Bilform 6V - Musik - Fotpedal - F\u00f6r Barn 1,5-3 \u00e5r - Brun - TRUUSK - Hem, Tr\u00e4dg\u00e5rd &amp; Fritid","og_description":"Med AIYAPLAY elektriska h\u00e4st upplever dina barn speciella \u00e4ventyr! Detta barnfordon erbjuder en bekv\u00e4m 26 cm h\u00f6g sittyta, mjukt stoppad...","og_url":"https:\/\/truusk.store\/sv\/produkt\/truusk-elektrisk-hast-i-bilform-6v-musik-fotpedal-for-barn-15-3-ar-brun\/","og_site_name":"TRUUSK - Hem, Tr\u00e4dg\u00e5rd &amp; Fritid","article_modified_time":"2026-03-12T08:46:15+00:00","og_image":[{"width":2000,"height":2000,"url":"https:\/\/i0.wp.com\/truusk.se\/wp-content\/uploads\/2025\/06\/aiyaplay-6v-barns-elektriska-bil-i-hastform-2-km-h-barnfordon-med-musik-sitt-leksak-med-fotpedal-elektrisk-hast-for-barn-15-3-ar-brun-1.webp?fit=2000%2C2000&ssl=1","type":"image\/webp"}],"twitter_card":"summary_large_image","twitter_misc":{"Ber\u00e4knad l\u00e4stid":"1 minut"},"schema":{"@context":"https:\/\/schema.org","@graph":[{"@type":"WebPage","@id":"https:\/\/truusk.store\/sv\/produkt\/truusk-elektrisk-hast-i-bilform-6v-musik-fotpedal-for-barn-15-3-ar-brun\/","url":"https:\/\/truusk.store\/sv\/produkt\/truusk-elektrisk-hast-i-bilform-6v-musik-fotpedal-for-barn-15-3-ar-brun\/","name":"TRUUSK Elektrisk H\u00e4st i Bilform 6V - Musik - Fotpedal - F\u00f6r Barn 1,5-3 \u00e5r - Brun - TRUUSK - Hem, Tr\u00e4dg\u00e5rd &amp; Fritid","isPartOf":{"@id":"https:\/\/truusk.store\/sv\/#website"},"primaryImageOfPage":{"@id":"https:\/\/truusk.store\/sv\/produkt\/truusk-elektrisk-hast-i-bilform-6v-musik-fotpedal-for-barn-15-3-ar-brun\/#primaryimage"},"image":{"@id":"https:\/\/truusk.store\/sv\/produkt\/truusk-elektrisk-hast-i-bilform-6v-musik-fotpedal-for-barn-15-3-ar-brun\/#primaryimage"},"thumbnailUrl":"https:\/\/i0.wp.com\/truusk.store\/wp-content\/uploads\/2025\/06\/aiyaplay-6v-barns-elektriska-bil-i-hastform-2-km-h-barnfordon-med-musik-sitt-leksak-med-fotpedal-elektrisk-hast-for-barn-15-3-ar-brun-1.webp?fit=2000%2C2000&ssl=1","datePublished":"2025-06-05T09:37:43+00:00","dateModified":"2026-03-12T08:46:15+00:00","breadcrumb":{"@id":"https:\/\/truusk.store\/sv\/produkt\/truusk-elektrisk-hast-i-bilform-6v-musik-fotpedal-for-barn-15-3-ar-brun\/#breadcrumb"},"inLanguage":"sv-SE","potentialAction":[{"@type":"ReadAction","target":["https:\/\/truusk.store\/sv\/produkt\/truusk-elektrisk-hast-i-bilform-6v-musik-fotpedal-for-barn-15-3-ar-brun\/"]}]},{"@type":"ImageObject","inLanguage":"sv-SE","@id":"https:\/\/truusk.store\/sv\/produkt\/truusk-elektrisk-hast-i-bilform-6v-musik-fotpedal-for-barn-15-3-ar-brun\/#primaryimage","url":"https:\/\/i0.wp.com\/truusk.store\/wp-content\/uploads\/2025\/06\/aiyaplay-6v-barns-elektriska-bil-i-hastform-2-km-h-barnfordon-med-musik-sitt-leksak-med-fotpedal-elektrisk-hast-for-barn-15-3-ar-brun-1.webp?fit=2000%2C2000&ssl=1","contentUrl":"https:\/\/i0.wp.com\/truusk.store\/wp-content\/uploads\/2025\/06\/aiyaplay-6v-barns-elektriska-bil-i-hastform-2-km-h-barnfordon-med-musik-sitt-leksak-med-fotpedal-elektrisk-hast-for-barn-15-3-ar-brun-1.webp?fit=2000%2C2000&ssl=1","width":2000,"height":2000},{"@type":"BreadcrumbList","@id":"https:\/\/truusk.store\/sv\/produkt\/truusk-elektrisk-hast-i-bilform-6v-musik-fotpedal-for-barn-15-3-ar-brun\/#breadcrumb","itemListElement":[{"@type":"ListItem","position":1,"name":"Home","item":"https:\/\/truusk.store\/sv\/"},{"@type":"ListItem","position":2,"name":"Shop","item":"https:\/\/truusk.store\/shop\/"},{"@type":"ListItem","position":3,"name":"TRUUSK Elektrisk H\u00e4st i Bilform 6V &#8211; Musik &#8211; Fotpedal &#8211; F\u00f6r Barn 1,5-3 \u00e5r &#8211; Brun"}]},{"@type":"WebSite","@id":"https:\/\/truusk.store\/sv\/#website","url":"https:\/\/truusk.store\/sv\/","name":"TRUUSK - Hem, Tr\u00e4dg\u00e5rd & Fritid","description":"","publisher":{"@id":"https:\/\/truusk.store\/sv\/#organization"},"potentialAction":[{"@type":"SearchAction","target":{"@type":"EntryPoint","urlTemplate":"https:\/\/truusk.store\/sv\/?s={search_term_string}"},"query-input":{"@type":"PropertyValueSpecification","valueRequired":true,"valueName":"search_term_string"}}],"inLanguage":"sv-SE"},{"@type":"Organization","@id":"https:\/\/truusk.store\/sv\/#organization","name":"TRUUSK - Hem, Tr\u00e4dg\u00e5rd & Fritid","url":"https:\/\/truusk.store\/sv\/","logo":{"@type":"ImageObject","inLanguage":"sv-SE","@id":"https:\/\/truusk.store\/sv\/#\/schema\/logo\/image\/","url":"https:\/\/i0.wp.com\/truusk.store\/wp-content\/uploads\/2026\/03\/cropped-TRUUSK.png?fit=2032%2C917&ssl=1","contentUrl":"https:\/\/i0.wp.com\/truusk.store\/wp-content\/uploads\/2026\/03\/cropped-TRUUSK.png?fit=2032%2C917&ssl=1","width":2032,"height":917,"caption":"TRUUSK - Hem, Tr\u00e4dg\u00e5rd & Fritid"},"image":{"@id":"https:\/\/truusk.store\/sv\/#\/schema\/logo\/image\/"}}]}},"jetpack_sharing_enabled":true,"_links":{"self":[{"href":"https:\/\/truusk.store\/sv\/wp-json\/wp\/v2\/product\/65163","targetHints":{"allow":["GET"]}}],"collection":[{"href":"https:\/\/truusk.store\/sv\/wp-json\/wp\/v2\/product"}],"about":[{"href":"https:\/\/truusk.store\/sv\/wp-json\/wp\/v2\/types\/product"}],"wp:featuredmedia":[{"embeddable":true,"href":"https:\/\/truusk.store\/sv\/wp-json\/wp\/v2\/media\/65154"}],"wp:attachment":[{"href":"https:\/\/truusk.store\/sv\/wp-json\/wp\/v2\/media?parent=65163"}],"wp:term":[{"taxonomy":"product_brand","embeddable":true,"href":"https:\/\/truusk.store\/sv\/wp-json\/wp\/v2\/product_brand?post=65163"},{"taxonomy":"product_cat","embeddable":true,"href":"https:\/\/truusk.store\/sv\/wp-json\/wp\/v2\/product_cat?post=65163"},{"taxonomy":"product_tag","embeddable":true,"href":"https:\/\/truusk.store\/sv\/wp-json\/wp\/v2\/product_tag?post=65163"}],"curies":[{"name":"wp","href":"https:\/\/api.w.org\/{rel}","templated":true}]}}