{"id":65173,"date":"2025-06-05T10:38:45","date_gmt":"2025-06-05T09:38:45","guid":{"rendered":"https:\/\/truusk.store\/product\/sittbank-med-forvaring-hopfallbar-stoppad-bank-sangbank-med-sammetseffekt-forvaringskista-for-hall-sovrum-vardagsrum-76-x-38-x-38-cm-kramvit\/"},"modified":"2026-03-12T09:43:16","modified_gmt":"2026-03-12T08:43:16","slug":"truusk-hopfallbar-sangbank-med-forvaring-sammetseffekt-kramvit-76-x-38-x-38-cm","status":"publish","type":"product","link":"https:\/\/truusk.store\/sv\/produkt\/truusk-hopfallbar-sangbank-med-forvaring-sammetseffekt-kramvit-76-x-38-x-38-cm\/","title":{"rendered":"TRUUSK Hopf\u00e4llbar S\u00e4ngb\u00e4nk med F\u00f6rvaring &#8211; Sammetseffekt &#8211; Kr\u00e4mvit &#8211; 76 x 38 x 38 cm"},"content":{"rendered":"<p>Med TRUUSK sittpuff med f\u00f6rvaring, kan du organisera ditt hem: Denna f\u00f6rvaringsb\u00e4nk \u00e4r utrustad med ett dolt f\u00f6rvaringsutrymme p\u00e5 84 L f\u00f6r att f\u00f6rvara filtar, kuddar och andra saker. Mjukt stoppad, omvandlas kistan med lock snabbt fr\u00e5n en b\u00e4nk till en elegant fotpall. Den vikbara designen p\u00e5 den stilfulla och praktiska pallen passar in i alla rum och berikar din inredning.<\/p>\n<p>Beskrivning:<\/p>\n<ul>\n<li> 84 L dolt f\u00f6rvaringsutrymme i b\u00e4nken h\u00e5ller saker ordentligt under locket<\/li>\n<li> Mjukt tyg och bekv\u00e4m stoppning \u00f6kar sittkomforten<\/li>\n<li> Vikbar design, enkel att montera eller vika ihop n\u00e4r f\u00f6rvaringspallen inte anv\u00e4nds<\/li>\n<li> Kan anv\u00e4ndas som f\u00f6rvaringskista, b\u00e4nk eller fotpall<\/li>\n<li> Stark MDF-ram p\u00e5 f\u00f6rvaringspallen klarar upp till 120 kg<\/li>\n<li> Enkel montering kr\u00e4vs<\/li>\n<\/ul>\n<p> Tekniska data:<\/p>\n<ul>\n<li> F\u00e4rg: Kr\u00e4mvit<\/li>\n<li> Material: Sammet (100% polyester), non-woven tyg, MDF<\/li>\n<li> Totala dimensioner: 76L x 38B x 38H cm<\/li>\n<li> Vikbar storlek: 76L x 38B x 5H cm<\/li>\n<li> Inre dimensioner: 73B x 34T x 34H cm<\/li>\n<li> Total volym: 84 L<\/li>\n<li> B\u00e4rkapacitet: 120 kg<\/li>\n<\/ul>\n<p> Leveransinneh\u00e5ll:<\/p>\n<ul>\n<li> 1 x F\u00f6rvaringspall<\/li>\n<li> 1 x Bruksanvisning<\/li>\n<\/ul>\n","protected":false},"excerpt":{"rendered":"<p>Med TRUUSK sittpuff med f\u00f6rvaring, kan du organisera ditt hem: Denna f\u00f6rvaringsb\u00e4nk \u00e4r utrustad med ett dolt f\u00f6rvaringsutrymme p\u00e5 84&#8230;<\/p>\n","protected":false},"featured_media":65164,"template":"","meta":[],"product_brand":[],"product_cat":[871,897,540],"product_tag":[],"class_list":{"0":"post-65173","1":"product","2":"type-product","3":"status-publish","4":"has-post-thumbnail","6":"product_cat-hus-hem","7":"product_cat-sovrum","8":"product_cat-stoppade-bankar","10":"first","11":"instock","12":"sale","13":"taxable","14":"shipping-taxable","15":"purchasable","16":"product-type-simple"},"yoast_head":"<!-- This site is optimized with the Yoast SEO plugin v25.4 - https:\/\/yoast.com\/wordpress\/plugins\/seo\/ -->\n<title>TRUUSK Hopf\u00e4llbar S\u00e4ngb\u00e4nk med F\u00f6rvaring - Sammetseffekt - Kr\u00e4mvit - 76 x 38 x 38 cm - TRUUSK - Hem, Tr\u00e4dg\u00e5rd &amp; Fritid<\/title>\n<meta name=\"robots\" content=\"index, follow, max-snippet:-1, max-image-preview:large, max-video-preview:-1\" \/>\n<link rel=\"canonical\" href=\"https:\/\/truusk.store\/sv\/produkt\/truusk-hopfallbar-sangbank-med-forvaring-sammetseffekt-kramvit-76-x-38-x-38-cm\/\" \/>\n<meta property=\"og:locale\" content=\"sv_SE\" \/>\n<meta property=\"og:type\" content=\"article\" \/>\n<meta property=\"og:title\" content=\"TRUUSK Hopf\u00e4llbar S\u00e4ngb\u00e4nk med F\u00f6rvaring - Sammetseffekt - Kr\u00e4mvit - 76 x 38 x 38 cm - TRUUSK - Hem, Tr\u00e4dg\u00e5rd &amp; Fritid\" \/>\n<meta property=\"og:description\" content=\"Med TRUUSK sittpuff med f\u00f6rvaring, kan du organisera ditt hem: Denna f\u00f6rvaringsb\u00e4nk \u00e4r utrustad med ett dolt f\u00f6rvaringsutrymme p\u00e5 84...\" \/>\n<meta property=\"og:url\" content=\"https:\/\/truusk.store\/sv\/produkt\/truusk-hopfallbar-sangbank-med-forvaring-sammetseffekt-kramvit-76-x-38-x-38-cm\/\" \/>\n<meta property=\"og:site_name\" content=\"TRUUSK - Hem, Tr\u00e4dg\u00e5rd &amp; Fritid\" \/>\n<meta property=\"article:modified_time\" content=\"2026-03-12T08:43:16+00:00\" \/>\n<meta property=\"og:image\" content=\"https:\/\/i0.wp.com\/truusk.se\/wp-content\/uploads\/2025\/06\/sittbank-med-forvaring-hopfallbar-stoppad-bank-sangbank-med-sammetseffekt-forvaringskista-for-hall-sovrum-vardagsrum-76-x-38-x-38-cm-kramvit-1.webp?fit=2000%2C2000&ssl=1\" \/>\n\t<meta property=\"og:image:width\" content=\"2000\" \/>\n\t<meta property=\"og:image:height\" content=\"2000\" \/>\n\t<meta property=\"og:image:type\" content=\"image\/webp\" \/>\n<meta name=\"twitter:card\" content=\"summary_large_image\" \/>\n<meta name=\"twitter:label1\" content=\"Ber\u00e4knad l\u00e4stid\" \/>\n\t<meta name=\"twitter:data1\" content=\"1 minut\" \/>\n<!-- \/ Yoast SEO plugin. -->","yoast_head_json":{"title":"TRUUSK Hopf\u00e4llbar S\u00e4ngb\u00e4nk med F\u00f6rvaring - Sammetseffekt - Kr\u00e4mvit - 76 x 38 x 38 cm - TRUUSK - Hem, Tr\u00e4dg\u00e5rd &amp; Fritid","robots":{"index":"index","follow":"follow","max-snippet":"max-snippet:-1","max-image-preview":"max-image-preview:large","max-video-preview":"max-video-preview:-1"},"canonical":"https:\/\/truusk.store\/sv\/produkt\/truusk-hopfallbar-sangbank-med-forvaring-sammetseffekt-kramvit-76-x-38-x-38-cm\/","og_locale":"sv_SE","og_type":"article","og_title":"TRUUSK Hopf\u00e4llbar S\u00e4ngb\u00e4nk med F\u00f6rvaring - Sammetseffekt - Kr\u00e4mvit - 76 x 38 x 38 cm - TRUUSK - Hem, Tr\u00e4dg\u00e5rd &amp; Fritid","og_description":"Med TRUUSK sittpuff med f\u00f6rvaring, kan du organisera ditt hem: Denna f\u00f6rvaringsb\u00e4nk \u00e4r utrustad med ett dolt f\u00f6rvaringsutrymme p\u00e5 84...","og_url":"https:\/\/truusk.store\/sv\/produkt\/truusk-hopfallbar-sangbank-med-forvaring-sammetseffekt-kramvit-76-x-38-x-38-cm\/","og_site_name":"TRUUSK - Hem, Tr\u00e4dg\u00e5rd &amp; Fritid","article_modified_time":"2026-03-12T08:43:16+00:00","og_image":[{"width":2000,"height":2000,"url":"https:\/\/i0.wp.com\/truusk.se\/wp-content\/uploads\/2025\/06\/sittbank-med-forvaring-hopfallbar-stoppad-bank-sangbank-med-sammetseffekt-forvaringskista-for-hall-sovrum-vardagsrum-76-x-38-x-38-cm-kramvit-1.webp?fit=2000%2C2000&ssl=1","type":"image\/webp"}],"twitter_card":"summary_large_image","twitter_misc":{"Ber\u00e4knad l\u00e4stid":"1 minut"},"schema":{"@context":"https:\/\/schema.org","@graph":[{"@type":"WebPage","@id":"https:\/\/truusk.store\/sv\/produkt\/truusk-hopfallbar-sangbank-med-forvaring-sammetseffekt-kramvit-76-x-38-x-38-cm\/","url":"https:\/\/truusk.store\/sv\/produkt\/truusk-hopfallbar-sangbank-med-forvaring-sammetseffekt-kramvit-76-x-38-x-38-cm\/","name":"TRUUSK Hopf\u00e4llbar S\u00e4ngb\u00e4nk med F\u00f6rvaring - Sammetseffekt - Kr\u00e4mvit - 76 x 38 x 38 cm - TRUUSK - Hem, Tr\u00e4dg\u00e5rd &amp; Fritid","isPartOf":{"@id":"https:\/\/truusk.store\/sv\/#website"},"primaryImageOfPage":{"@id":"https:\/\/truusk.store\/sv\/produkt\/truusk-hopfallbar-sangbank-med-forvaring-sammetseffekt-kramvit-76-x-38-x-38-cm\/#primaryimage"},"image":{"@id":"https:\/\/truusk.store\/sv\/produkt\/truusk-hopfallbar-sangbank-med-forvaring-sammetseffekt-kramvit-76-x-38-x-38-cm\/#primaryimage"},"thumbnailUrl":"https:\/\/i0.wp.com\/truusk.store\/wp-content\/uploads\/2025\/06\/sittbank-med-forvaring-hopfallbar-stoppad-bank-sangbank-med-sammetseffekt-forvaringskista-for-hall-sovrum-vardagsrum-76-x-38-x-38-cm-kramvit-1.webp?fit=2000%2C2000&ssl=1","datePublished":"2025-06-05T09:38:45+00:00","dateModified":"2026-03-12T08:43:16+00:00","breadcrumb":{"@id":"https:\/\/truusk.store\/sv\/produkt\/truusk-hopfallbar-sangbank-med-forvaring-sammetseffekt-kramvit-76-x-38-x-38-cm\/#breadcrumb"},"inLanguage":"sv-SE","potentialAction":[{"@type":"ReadAction","target":["https:\/\/truusk.store\/sv\/produkt\/truusk-hopfallbar-sangbank-med-forvaring-sammetseffekt-kramvit-76-x-38-x-38-cm\/"]}]},{"@type":"ImageObject","inLanguage":"sv-SE","@id":"https:\/\/truusk.store\/sv\/produkt\/truusk-hopfallbar-sangbank-med-forvaring-sammetseffekt-kramvit-76-x-38-x-38-cm\/#primaryimage","url":"https:\/\/i0.wp.com\/truusk.store\/wp-content\/uploads\/2025\/06\/sittbank-med-forvaring-hopfallbar-stoppad-bank-sangbank-med-sammetseffekt-forvaringskista-for-hall-sovrum-vardagsrum-76-x-38-x-38-cm-kramvit-1.webp?fit=2000%2C2000&ssl=1","contentUrl":"https:\/\/i0.wp.com\/truusk.store\/wp-content\/uploads\/2025\/06\/sittbank-med-forvaring-hopfallbar-stoppad-bank-sangbank-med-sammetseffekt-forvaringskista-for-hall-sovrum-vardagsrum-76-x-38-x-38-cm-kramvit-1.webp?fit=2000%2C2000&ssl=1","width":2000,"height":2000},{"@type":"BreadcrumbList","@id":"https:\/\/truusk.store\/sv\/produkt\/truusk-hopfallbar-sangbank-med-forvaring-sammetseffekt-kramvit-76-x-38-x-38-cm\/#breadcrumb","itemListElement":[{"@type":"ListItem","position":1,"name":"Home","item":"https:\/\/truusk.store\/sv\/"},{"@type":"ListItem","position":2,"name":"Shop","item":"https:\/\/truusk.store\/shop\/"},{"@type":"ListItem","position":3,"name":"TRUUSK Hopf\u00e4llbar S\u00e4ngb\u00e4nk med F\u00f6rvaring &#8211; Sammetseffekt &#8211; Kr\u00e4mvit &#8211; 76 x 38 x 38 cm"}]},{"@type":"WebSite","@id":"https:\/\/truusk.store\/sv\/#website","url":"https:\/\/truusk.store\/sv\/","name":"TRUUSK - Hem, Tr\u00e4dg\u00e5rd & Fritid","description":"","publisher":{"@id":"https:\/\/truusk.store\/sv\/#organization"},"potentialAction":[{"@type":"SearchAction","target":{"@type":"EntryPoint","urlTemplate":"https:\/\/truusk.store\/sv\/?s={search_term_string}"},"query-input":{"@type":"PropertyValueSpecification","valueRequired":true,"valueName":"search_term_string"}}],"inLanguage":"sv-SE"},{"@type":"Organization","@id":"https:\/\/truusk.store\/sv\/#organization","name":"TRUUSK - Hem, Tr\u00e4dg\u00e5rd & Fritid","url":"https:\/\/truusk.store\/sv\/","logo":{"@type":"ImageObject","inLanguage":"sv-SE","@id":"https:\/\/truusk.store\/sv\/#\/schema\/logo\/image\/","url":"https:\/\/i0.wp.com\/truusk.store\/wp-content\/uploads\/2026\/03\/cropped-TRUUSK.png?fit=2032%2C917&ssl=1","contentUrl":"https:\/\/i0.wp.com\/truusk.store\/wp-content\/uploads\/2026\/03\/cropped-TRUUSK.png?fit=2032%2C917&ssl=1","width":2032,"height":917,"caption":"TRUUSK - Hem, Tr\u00e4dg\u00e5rd & Fritid"},"image":{"@id":"https:\/\/truusk.store\/sv\/#\/schema\/logo\/image\/"}}]}},"jetpack_sharing_enabled":true,"_links":{"self":[{"href":"https:\/\/truusk.store\/sv\/wp-json\/wp\/v2\/product\/65173","targetHints":{"allow":["GET"]}}],"collection":[{"href":"https:\/\/truusk.store\/sv\/wp-json\/wp\/v2\/product"}],"about":[{"href":"https:\/\/truusk.store\/sv\/wp-json\/wp\/v2\/types\/product"}],"wp:featuredmedia":[{"embeddable":true,"href":"https:\/\/truusk.store\/sv\/wp-json\/wp\/v2\/media\/65164"}],"wp:attachment":[{"href":"https:\/\/truusk.store\/sv\/wp-json\/wp\/v2\/media?parent=65173"}],"wp:term":[{"taxonomy":"product_brand","embeddable":true,"href":"https:\/\/truusk.store\/sv\/wp-json\/wp\/v2\/product_brand?post=65173"},{"taxonomy":"product_cat","embeddable":true,"href":"https:\/\/truusk.store\/sv\/wp-json\/wp\/v2\/product_cat?post=65173"},{"taxonomy":"product_tag","embeddable":true,"href":"https:\/\/truusk.store\/sv\/wp-json\/wp\/v2\/product_tag?post=65173"}],"curies":[{"name":"wp","href":"https:\/\/api.w.org\/{rel}","templated":true}]}}