{"id":65183,"date":"2025-06-05T10:39:43","date_gmt":"2025-06-05T09:39:43","guid":{"rendered":"https:\/\/truusk.store\/product\/loungestol-med-armstod-matstol-avkopplingsstol-i-linneutseende-stoppad-stol-for-vardagsrum-sovrum-massivt-traram-64-x-70-x-72-cm-kramvit\/"},"modified":"2026-03-12T09:44:38","modified_gmt":"2026-03-12T08:44:38","slug":"truusk-loungestol-med-armstod-matstol-i-linneutseende-stoppad-stol-for-vardagsrum-och-sovrum-massivt-traram-64-x-70-x-72","status":"publish","type":"product","link":"https:\/\/truusk.store\/sv\/produkt\/truusk-loungestol-med-armstod-matstol-i-linneutseende-stoppad-stol-for-vardagsrum-och-sovrum-massivt-traram-64-x-70-x-72\/","title":{"rendered":"TRUUSK Loungestol Med Armst\u00f6d &#8211; Matstol I Linneutseende &#8211; Stoppad Stol F\u00f6r Vardagsrum och Sovrum &#8211; Massivt Tr\u00e4ram &#8211; 64 x 70 x 72"},"content":{"rendered":"<p>Oavsett om det \u00e4r som en accentstol eller tillsammans med andra m\u00f6bler, s\u00e4tter denna stol fr\u00e5n TRUUSK en stiluttalande. Den solida ramen av furutr\u00e4 \u00e4r tillverkad med en bred sittplats som erbjuder mycket utrymme. De fyra benen garanterar kontinuerlig balans och stabilitet. Den moderna accentstolen levereras med tv\u00e5 tjockt vadderade kuddar med \u00f6verdrag i linneutseende. Materialet \u00e4r l\u00e4ttsk\u00f6tt och h\u00e5llbart.<\/p>\n<p>Beskrivning:<\/p>\n<ul>\n<li> Ram av massivt tr\u00e4, stabil och h\u00e5llbar, l\u00e4mplig f\u00f6r daglig anv\u00e4ndning<\/li>\n<li> Med tjock rygg- och sitsdyna, som du kan sjunka bekv\u00e4mt in i<\/li>\n<li> Kudd\u00f6verdragen i linneutseende \u00e4r resistenta mot l\u00e4tta fl\u00e4ckar<\/li>\n<li> Benen ger god balans och stabilitet<\/li>\n<li> Montering kr\u00e4vs<\/li>\n<\/ul>\n<p>Tekniska data:<\/p>\n<ul>\n<li> F\u00e4rg: Kr\u00e4mvit<\/li>\n<li> Material: Tyg i linneutseende, furutr\u00e4ben, skum<\/li>\n<li> Totala m\u00e5tt: 64B x 70T x 72H cm<\/li>\n<li> Sitsstorlek: 51,5B x 48T x 38H cm<\/li>\n<li> Tjocklek p\u00e5 kudden: 12 cm<\/li>\n<li> Viktkapacitet: 120 kg<\/li>\n<\/ul>\n<p>Leveransinneh\u00e5ll:<\/p>\n<ul>\n<li> 1 x Stol<\/li>\n<li> 1 x Handbok<\/li>\n<\/ul>\n","protected":false},"excerpt":{"rendered":"<p>Oavsett om det \u00e4r som en accentstol eller tillsammans med andra m\u00f6bler, s\u00e4tter denna stol fr\u00e5n TRUUSK en stiluttalande. Den&#8230;<\/p>\n","protected":false},"featured_media":65174,"template":"","meta":[],"product_brand":[],"product_cat":[871,519,910],"product_tag":[],"class_list":{"0":"post-65183","1":"product","2":"type-product","3":"status-publish","4":"has-post-thumbnail","6":"product_cat-hus-hem","7":"product_cat-stoppade-stolar","8":"product_cat-vardagsrum","10":"first","11":"instock","12":"sale","13":"taxable","14":"shipping-taxable","15":"purchasable","16":"product-type-simple"},"yoast_head":"<!-- This site is optimized with the Yoast SEO plugin v25.4 - https:\/\/yoast.com\/wordpress\/plugins\/seo\/ -->\n<title>TRUUSK Loungestol Med Armst\u00f6d - Matstol I Linneutseende - Stoppad Stol F\u00f6r Vardagsrum och Sovrum - Massivt Tr\u00e4ram - 64 x 70 x 72 - TRUUSK - Hem, Tr\u00e4dg\u00e5rd &amp; Fritid<\/title>\n<meta name=\"robots\" content=\"index, follow, max-snippet:-1, max-image-preview:large, max-video-preview:-1\" \/>\n<link rel=\"canonical\" href=\"https:\/\/truusk.store\/sv\/produkt\/truusk-loungestol-med-armstod-matstol-i-linneutseende-stoppad-stol-for-vardagsrum-och-sovrum-massivt-traram-64-x-70-x-72\/\" \/>\n<meta property=\"og:locale\" content=\"sv_SE\" \/>\n<meta property=\"og:type\" content=\"article\" \/>\n<meta property=\"og:title\" content=\"TRUUSK Loungestol Med Armst\u00f6d - Matstol I Linneutseende - Stoppad Stol F\u00f6r Vardagsrum och Sovrum - Massivt Tr\u00e4ram - 64 x 70 x 72 - TRUUSK - Hem, Tr\u00e4dg\u00e5rd &amp; Fritid\" \/>\n<meta property=\"og:description\" content=\"Oavsett om det \u00e4r som en accentstol eller tillsammans med andra m\u00f6bler, s\u00e4tter denna stol fr\u00e5n TRUUSK en stiluttalande. Den...\" \/>\n<meta property=\"og:url\" content=\"https:\/\/truusk.store\/sv\/produkt\/truusk-loungestol-med-armstod-matstol-i-linneutseende-stoppad-stol-for-vardagsrum-och-sovrum-massivt-traram-64-x-70-x-72\/\" \/>\n<meta property=\"og:site_name\" content=\"TRUUSK - Hem, Tr\u00e4dg\u00e5rd &amp; Fritid\" \/>\n<meta property=\"article:modified_time\" content=\"2026-03-12T08:44:38+00:00\" \/>\n<meta property=\"og:image\" content=\"https:\/\/i0.wp.com\/truusk.se\/wp-content\/uploads\/2025\/06\/loungestol-med-armstod-matstol-avkopplingsstol-i-linneutseende-stoppad-stol-for-vardagsrum-sovrum-massivt-traram-64-x-70-x-72-cm-kramvit-1.webp?fit=2000%2C2000&ssl=1\" \/>\n\t<meta property=\"og:image:width\" content=\"2000\" \/>\n\t<meta property=\"og:image:height\" content=\"2000\" \/>\n\t<meta property=\"og:image:type\" content=\"image\/webp\" \/>\n<meta name=\"twitter:card\" content=\"summary_large_image\" \/>\n<meta name=\"twitter:label1\" content=\"Ber\u00e4knad l\u00e4stid\" \/>\n\t<meta name=\"twitter:data1\" content=\"1 minut\" \/>\n<!-- \/ Yoast SEO plugin. -->","yoast_head_json":{"title":"TRUUSK Loungestol Med Armst\u00f6d - Matstol I Linneutseende - Stoppad Stol F\u00f6r Vardagsrum och Sovrum - Massivt Tr\u00e4ram - 64 x 70 x 72 - TRUUSK - Hem, Tr\u00e4dg\u00e5rd &amp; Fritid","robots":{"index":"index","follow":"follow","max-snippet":"max-snippet:-1","max-image-preview":"max-image-preview:large","max-video-preview":"max-video-preview:-1"},"canonical":"https:\/\/truusk.store\/sv\/produkt\/truusk-loungestol-med-armstod-matstol-i-linneutseende-stoppad-stol-for-vardagsrum-och-sovrum-massivt-traram-64-x-70-x-72\/","og_locale":"sv_SE","og_type":"article","og_title":"TRUUSK Loungestol Med Armst\u00f6d - Matstol I Linneutseende - Stoppad Stol F\u00f6r Vardagsrum och Sovrum - Massivt Tr\u00e4ram - 64 x 70 x 72 - TRUUSK - Hem, Tr\u00e4dg\u00e5rd &amp; Fritid","og_description":"Oavsett om det \u00e4r som en accentstol eller tillsammans med andra m\u00f6bler, s\u00e4tter denna stol fr\u00e5n TRUUSK en stiluttalande. Den...","og_url":"https:\/\/truusk.store\/sv\/produkt\/truusk-loungestol-med-armstod-matstol-i-linneutseende-stoppad-stol-for-vardagsrum-och-sovrum-massivt-traram-64-x-70-x-72\/","og_site_name":"TRUUSK - Hem, Tr\u00e4dg\u00e5rd &amp; Fritid","article_modified_time":"2026-03-12T08:44:38+00:00","og_image":[{"width":2000,"height":2000,"url":"https:\/\/i0.wp.com\/truusk.se\/wp-content\/uploads\/2025\/06\/loungestol-med-armstod-matstol-avkopplingsstol-i-linneutseende-stoppad-stol-for-vardagsrum-sovrum-massivt-traram-64-x-70-x-72-cm-kramvit-1.webp?fit=2000%2C2000&ssl=1","type":"image\/webp"}],"twitter_card":"summary_large_image","twitter_misc":{"Ber\u00e4knad l\u00e4stid":"1 minut"},"schema":{"@context":"https:\/\/schema.org","@graph":[{"@type":"WebPage","@id":"https:\/\/truusk.store\/sv\/produkt\/truusk-loungestol-med-armstod-matstol-i-linneutseende-stoppad-stol-for-vardagsrum-och-sovrum-massivt-traram-64-x-70-x-72\/","url":"https:\/\/truusk.store\/sv\/produkt\/truusk-loungestol-med-armstod-matstol-i-linneutseende-stoppad-stol-for-vardagsrum-och-sovrum-massivt-traram-64-x-70-x-72\/","name":"TRUUSK Loungestol Med Armst\u00f6d - Matstol I Linneutseende - Stoppad Stol F\u00f6r Vardagsrum och Sovrum - Massivt Tr\u00e4ram - 64 x 70 x 72 - TRUUSK - Hem, Tr\u00e4dg\u00e5rd &amp; Fritid","isPartOf":{"@id":"https:\/\/truusk.store\/sv\/#website"},"primaryImageOfPage":{"@id":"https:\/\/truusk.store\/sv\/produkt\/truusk-loungestol-med-armstod-matstol-i-linneutseende-stoppad-stol-for-vardagsrum-och-sovrum-massivt-traram-64-x-70-x-72\/#primaryimage"},"image":{"@id":"https:\/\/truusk.store\/sv\/produkt\/truusk-loungestol-med-armstod-matstol-i-linneutseende-stoppad-stol-for-vardagsrum-och-sovrum-massivt-traram-64-x-70-x-72\/#primaryimage"},"thumbnailUrl":"https:\/\/i0.wp.com\/truusk.store\/wp-content\/uploads\/2025\/06\/loungestol-med-armstod-matstol-avkopplingsstol-i-linneutseende-stoppad-stol-for-vardagsrum-sovrum-massivt-traram-64-x-70-x-72-cm-kramvit-1.webp?fit=2000%2C2000&ssl=1","datePublished":"2025-06-05T09:39:43+00:00","dateModified":"2026-03-12T08:44:38+00:00","breadcrumb":{"@id":"https:\/\/truusk.store\/sv\/produkt\/truusk-loungestol-med-armstod-matstol-i-linneutseende-stoppad-stol-for-vardagsrum-och-sovrum-massivt-traram-64-x-70-x-72\/#breadcrumb"},"inLanguage":"sv-SE","potentialAction":[{"@type":"ReadAction","target":["https:\/\/truusk.store\/sv\/produkt\/truusk-loungestol-med-armstod-matstol-i-linneutseende-stoppad-stol-for-vardagsrum-och-sovrum-massivt-traram-64-x-70-x-72\/"]}]},{"@type":"ImageObject","inLanguage":"sv-SE","@id":"https:\/\/truusk.store\/sv\/produkt\/truusk-loungestol-med-armstod-matstol-i-linneutseende-stoppad-stol-for-vardagsrum-och-sovrum-massivt-traram-64-x-70-x-72\/#primaryimage","url":"https:\/\/i0.wp.com\/truusk.store\/wp-content\/uploads\/2025\/06\/loungestol-med-armstod-matstol-avkopplingsstol-i-linneutseende-stoppad-stol-for-vardagsrum-sovrum-massivt-traram-64-x-70-x-72-cm-kramvit-1.webp?fit=2000%2C2000&ssl=1","contentUrl":"https:\/\/i0.wp.com\/truusk.store\/wp-content\/uploads\/2025\/06\/loungestol-med-armstod-matstol-avkopplingsstol-i-linneutseende-stoppad-stol-for-vardagsrum-sovrum-massivt-traram-64-x-70-x-72-cm-kramvit-1.webp?fit=2000%2C2000&ssl=1","width":2000,"height":2000},{"@type":"BreadcrumbList","@id":"https:\/\/truusk.store\/sv\/produkt\/truusk-loungestol-med-armstod-matstol-i-linneutseende-stoppad-stol-for-vardagsrum-och-sovrum-massivt-traram-64-x-70-x-72\/#breadcrumb","itemListElement":[{"@type":"ListItem","position":1,"name":"Home","item":"https:\/\/truusk.store\/sv\/"},{"@type":"ListItem","position":2,"name":"Shop","item":"https:\/\/truusk.store\/shop\/"},{"@type":"ListItem","position":3,"name":"TRUUSK Loungestol Med Armst\u00f6d &#8211; Matstol I Linneutseende &#8211; Stoppad Stol F\u00f6r Vardagsrum och Sovrum &#8211; Massivt Tr\u00e4ram &#8211; 64 x 70 x 72"}]},{"@type":"WebSite","@id":"https:\/\/truusk.store\/sv\/#website","url":"https:\/\/truusk.store\/sv\/","name":"TRUUSK - Hem, Tr\u00e4dg\u00e5rd & Fritid","description":"","publisher":{"@id":"https:\/\/truusk.store\/sv\/#organization"},"potentialAction":[{"@type":"SearchAction","target":{"@type":"EntryPoint","urlTemplate":"https:\/\/truusk.store\/sv\/?s={search_term_string}"},"query-input":{"@type":"PropertyValueSpecification","valueRequired":true,"valueName":"search_term_string"}}],"inLanguage":"sv-SE"},{"@type":"Organization","@id":"https:\/\/truusk.store\/sv\/#organization","name":"TRUUSK - Hem, Tr\u00e4dg\u00e5rd & Fritid","url":"https:\/\/truusk.store\/sv\/","logo":{"@type":"ImageObject","inLanguage":"sv-SE","@id":"https:\/\/truusk.store\/sv\/#\/schema\/logo\/image\/","url":"https:\/\/i0.wp.com\/truusk.store\/wp-content\/uploads\/2026\/03\/cropped-TRUUSK.png?fit=2032%2C917&ssl=1","contentUrl":"https:\/\/i0.wp.com\/truusk.store\/wp-content\/uploads\/2026\/03\/cropped-TRUUSK.png?fit=2032%2C917&ssl=1","width":2032,"height":917,"caption":"TRUUSK - Hem, Tr\u00e4dg\u00e5rd & Fritid"},"image":{"@id":"https:\/\/truusk.store\/sv\/#\/schema\/logo\/image\/"}}]}},"jetpack_sharing_enabled":true,"_links":{"self":[{"href":"https:\/\/truusk.store\/sv\/wp-json\/wp\/v2\/product\/65183","targetHints":{"allow":["GET"]}}],"collection":[{"href":"https:\/\/truusk.store\/sv\/wp-json\/wp\/v2\/product"}],"about":[{"href":"https:\/\/truusk.store\/sv\/wp-json\/wp\/v2\/types\/product"}],"wp:featuredmedia":[{"embeddable":true,"href":"https:\/\/truusk.store\/sv\/wp-json\/wp\/v2\/media\/65174"}],"wp:attachment":[{"href":"https:\/\/truusk.store\/sv\/wp-json\/wp\/v2\/media?parent=65183"}],"wp:term":[{"taxonomy":"product_brand","embeddable":true,"href":"https:\/\/truusk.store\/sv\/wp-json\/wp\/v2\/product_brand?post=65183"},{"taxonomy":"product_cat","embeddable":true,"href":"https:\/\/truusk.store\/sv\/wp-json\/wp\/v2\/product_cat?post=65183"},{"taxonomy":"product_tag","embeddable":true,"href":"https:\/\/truusk.store\/sv\/wp-json\/wp\/v2\/product_tag?post=65183"}],"curies":[{"name":"wp","href":"https:\/\/api.w.org\/{rel}","templated":true}]}}