{"id":65193,"date":"2025-06-05T10:40:44","date_gmt":"2025-06-05T09:40:44","guid":{"rendered":"https:\/\/truusk.store\/product\/fotbollsmal-2-pack-vikbara-fotbollsmal-med-metallram-for-barn-och-vuxna-tradgard-90-x-36-x-60-cm-svart\/"},"modified":"2026-03-12T09:41:33","modified_gmt":"2026-03-12T08:41:33","slug":"truusk-fotbollsmal-2-pack-vikbara-med-metallram-for-barn-och-vuxna-tradgard-90-x-36-x-60-cm-svart","status":"publish","type":"product","link":"https:\/\/truusk.store\/sv\/produkt\/truusk-fotbollsmal-2-pack-vikbara-med-metallram-for-barn-och-vuxna-tradgard-90-x-36-x-60-cm-svart\/","title":{"rendered":"TRUUSK Fotbollsm\u00e5l 2-pack &#8211; Vikbara med Metallram &#8211; F\u00f6r Barn och Vuxna &#8211; Tr\u00e4dg\u00e5rd &#8211; 90 x 36 x 60 cm &#8211; Svart"},"content":{"rendered":"<p>Det hopf\u00e4llbara TRUUSK fotbollsm\u00e5lssetet passar f\u00f6r unga och gamla, nyb\u00f6rjare och erfarna spelare. Oavsett om du spelar ensam eller med v\u00e4nner, hj\u00e4lper detta m\u00e5l till att f\u00f6rb\u00e4ttra skottteknik och reaktionstid. Fotboll st\u00e4rker ocks\u00e5 lagk\u00e4nslan och den fysiska konditionen. Det hopf\u00e4llbara designen av fotbollsm\u00e5len f\u00f6r tr\u00e4dg\u00e5rden g\u00f6r transport och f\u00f6rvaring enkel.<\/p>\n<p>Beskrivning:<\/p>\n<ul>\n<li> Perfekt present till unga fotbollsspelare<\/li>\n<li> Pulverlackerad metallram f\u00f6r l\u00e5ngvarig anv\u00e4ndning<\/li>\n<li> H\u00f6gkvalitativt Tetrolon-n\u00e4t \u00e4r h\u00e5llbart och kan f\u00e5nga varje boll<\/li>\n<li> Hopf\u00e4llbar ram av handbollsm\u00e5let f\u00f6r f\u00f6rvaring och transport<\/li>\n<li> 4 t\u00e4ltspikar anv\u00e4nds f\u00f6r att f\u00e4sta fotbollsm\u00e5let<\/li>\n<li> Svart remsa p\u00e5 toppen av fotbollsm\u00e5let f\u00f6r snabb justering av n\u00e4tet<\/li>\n<li> Inkluderar verktygssats<\/li>\n<\/ul>\n<p>Tekniska data:<\/p>\n<ul>\n<li> F\u00e4rg: Svart<\/li>\n<li> Material: Metall(Q195), Tetrolon<\/li>\n<li> Totala m\u00e5tt: 90L x 36B x 60H cm<\/li>\n<li> Hopf\u00e4llbara m\u00e5tt: 90L x 60B x 9H cm<\/li>\n<li> Maskstorlek: 4L x 4B cm<\/li>\n<li> Obs: Levereras utan reservn\u00e4t och fotboll<\/li>\n<\/ul>\n<p>Leveransinneh\u00e5ll:<\/p>\n<ul>\n<li> 2 x fotbollsm\u00e5l<\/li>\n<li> 4 x t\u00e4ltspik<\/li>\n<li> 1 x insexnyckel<\/li>\n<li> 1 x justerbar skiftnyckel<\/li>\n<\/ul>\n","protected":false},"excerpt":{"rendered":"<p>Det hopf\u00e4llbara TRUUSK fotbollsm\u00e5lssetet passar f\u00f6r unga och gamla, nyb\u00f6rjare och erfarna spelare. Oavsett om du spelar ensam eller med&#8230;<\/p>\n","protected":false},"featured_media":65184,"template":"","meta":[],"product_brand":[],"product_cat":[982,647],"product_tag":[],"class_list":{"0":"post-65193","1":"product","2":"type-product","3":"status-publish","4":"has-post-thumbnail","6":"product_cat-bollsport","7":"product_cat-sport-fritid","9":"first","10":"instock","11":"sale","12":"taxable","13":"shipping-taxable","14":"purchasable","15":"product-type-simple"},"yoast_head":"<!-- This site is optimized with the Yoast SEO plugin v25.4 - https:\/\/yoast.com\/wordpress\/plugins\/seo\/ -->\n<title>TRUUSK Fotbollsm\u00e5l 2-pack - Vikbara med Metallram - F\u00f6r Barn och Vuxna - Tr\u00e4dg\u00e5rd - 90 x 36 x 60 cm - Svart - TRUUSK - Hem, Tr\u00e4dg\u00e5rd &amp; Fritid<\/title>\n<meta name=\"robots\" content=\"index, follow, max-snippet:-1, max-image-preview:large, max-video-preview:-1\" \/>\n<link rel=\"canonical\" href=\"https:\/\/truusk.store\/sv\/produkt\/truusk-fotbollsmal-2-pack-vikbara-med-metallram-for-barn-och-vuxna-tradgard-90-x-36-x-60-cm-svart\/\" \/>\n<meta property=\"og:locale\" content=\"sv_SE\" \/>\n<meta property=\"og:type\" content=\"article\" \/>\n<meta property=\"og:title\" content=\"TRUUSK Fotbollsm\u00e5l 2-pack - Vikbara med Metallram - F\u00f6r Barn och Vuxna - Tr\u00e4dg\u00e5rd - 90 x 36 x 60 cm - Svart - TRUUSK - Hem, Tr\u00e4dg\u00e5rd &amp; Fritid\" \/>\n<meta property=\"og:description\" content=\"Det hopf\u00e4llbara TRUUSK fotbollsm\u00e5lssetet passar f\u00f6r unga och gamla, nyb\u00f6rjare och erfarna spelare. Oavsett om du spelar ensam eller med...\" \/>\n<meta property=\"og:url\" content=\"https:\/\/truusk.store\/sv\/produkt\/truusk-fotbollsmal-2-pack-vikbara-med-metallram-for-barn-och-vuxna-tradgard-90-x-36-x-60-cm-svart\/\" \/>\n<meta property=\"og:site_name\" content=\"TRUUSK - Hem, Tr\u00e4dg\u00e5rd &amp; Fritid\" \/>\n<meta property=\"article:modified_time\" content=\"2026-03-12T08:41:33+00:00\" \/>\n<meta property=\"og:image\" content=\"https:\/\/i0.wp.com\/truusk.se\/wp-content\/uploads\/2025\/06\/fotbollsmal-2-pack-vikbara-fotbollsmal-med-metallram-for-barn-och-vuxna-tradgard-90-x-36-x-60-cm-svart-1.webp?fit=2000%2C2000&ssl=1\" \/>\n\t<meta property=\"og:image:width\" content=\"2000\" \/>\n\t<meta property=\"og:image:height\" content=\"2000\" \/>\n\t<meta property=\"og:image:type\" content=\"image\/webp\" \/>\n<meta name=\"twitter:card\" content=\"summary_large_image\" \/>\n<meta name=\"twitter:label1\" content=\"Ber\u00e4knad l\u00e4stid\" \/>\n\t<meta name=\"twitter:data1\" content=\"1 minut\" \/>\n<!-- \/ Yoast SEO plugin. -->","yoast_head_json":{"title":"TRUUSK Fotbollsm\u00e5l 2-pack - Vikbara med Metallram - F\u00f6r Barn och Vuxna - Tr\u00e4dg\u00e5rd - 90 x 36 x 60 cm - Svart - TRUUSK - Hem, Tr\u00e4dg\u00e5rd &amp; Fritid","robots":{"index":"index","follow":"follow","max-snippet":"max-snippet:-1","max-image-preview":"max-image-preview:large","max-video-preview":"max-video-preview:-1"},"canonical":"https:\/\/truusk.store\/sv\/produkt\/truusk-fotbollsmal-2-pack-vikbara-med-metallram-for-barn-och-vuxna-tradgard-90-x-36-x-60-cm-svart\/","og_locale":"sv_SE","og_type":"article","og_title":"TRUUSK Fotbollsm\u00e5l 2-pack - Vikbara med Metallram - F\u00f6r Barn och Vuxna - Tr\u00e4dg\u00e5rd - 90 x 36 x 60 cm - Svart - TRUUSK - Hem, Tr\u00e4dg\u00e5rd &amp; Fritid","og_description":"Det hopf\u00e4llbara TRUUSK fotbollsm\u00e5lssetet passar f\u00f6r unga och gamla, nyb\u00f6rjare och erfarna spelare. Oavsett om du spelar ensam eller med...","og_url":"https:\/\/truusk.store\/sv\/produkt\/truusk-fotbollsmal-2-pack-vikbara-med-metallram-for-barn-och-vuxna-tradgard-90-x-36-x-60-cm-svart\/","og_site_name":"TRUUSK - Hem, Tr\u00e4dg\u00e5rd &amp; Fritid","article_modified_time":"2026-03-12T08:41:33+00:00","og_image":[{"width":2000,"height":2000,"url":"https:\/\/i0.wp.com\/truusk.se\/wp-content\/uploads\/2025\/06\/fotbollsmal-2-pack-vikbara-fotbollsmal-med-metallram-for-barn-och-vuxna-tradgard-90-x-36-x-60-cm-svart-1.webp?fit=2000%2C2000&ssl=1","type":"image\/webp"}],"twitter_card":"summary_large_image","twitter_misc":{"Ber\u00e4knad l\u00e4stid":"1 minut"},"schema":{"@context":"https:\/\/schema.org","@graph":[{"@type":"WebPage","@id":"https:\/\/truusk.store\/sv\/produkt\/truusk-fotbollsmal-2-pack-vikbara-med-metallram-for-barn-och-vuxna-tradgard-90-x-36-x-60-cm-svart\/","url":"https:\/\/truusk.store\/sv\/produkt\/truusk-fotbollsmal-2-pack-vikbara-med-metallram-for-barn-och-vuxna-tradgard-90-x-36-x-60-cm-svart\/","name":"TRUUSK Fotbollsm\u00e5l 2-pack - Vikbara med Metallram - F\u00f6r Barn och Vuxna - Tr\u00e4dg\u00e5rd - 90 x 36 x 60 cm - Svart - TRUUSK - Hem, Tr\u00e4dg\u00e5rd &amp; Fritid","isPartOf":{"@id":"https:\/\/truusk.store\/sv\/#website"},"primaryImageOfPage":{"@id":"https:\/\/truusk.store\/sv\/produkt\/truusk-fotbollsmal-2-pack-vikbara-med-metallram-for-barn-och-vuxna-tradgard-90-x-36-x-60-cm-svart\/#primaryimage"},"image":{"@id":"https:\/\/truusk.store\/sv\/produkt\/truusk-fotbollsmal-2-pack-vikbara-med-metallram-for-barn-och-vuxna-tradgard-90-x-36-x-60-cm-svart\/#primaryimage"},"thumbnailUrl":"https:\/\/i0.wp.com\/truusk.store\/wp-content\/uploads\/2025\/06\/fotbollsmal-2-pack-vikbara-fotbollsmal-med-metallram-for-barn-och-vuxna-tradgard-90-x-36-x-60-cm-svart-1.webp?fit=2000%2C2000&ssl=1","datePublished":"2025-06-05T09:40:44+00:00","dateModified":"2026-03-12T08:41:33+00:00","breadcrumb":{"@id":"https:\/\/truusk.store\/sv\/produkt\/truusk-fotbollsmal-2-pack-vikbara-med-metallram-for-barn-och-vuxna-tradgard-90-x-36-x-60-cm-svart\/#breadcrumb"},"inLanguage":"sv-SE","potentialAction":[{"@type":"ReadAction","target":["https:\/\/truusk.store\/sv\/produkt\/truusk-fotbollsmal-2-pack-vikbara-med-metallram-for-barn-och-vuxna-tradgard-90-x-36-x-60-cm-svart\/"]}]},{"@type":"ImageObject","inLanguage":"sv-SE","@id":"https:\/\/truusk.store\/sv\/produkt\/truusk-fotbollsmal-2-pack-vikbara-med-metallram-for-barn-och-vuxna-tradgard-90-x-36-x-60-cm-svart\/#primaryimage","url":"https:\/\/i0.wp.com\/truusk.store\/wp-content\/uploads\/2025\/06\/fotbollsmal-2-pack-vikbara-fotbollsmal-med-metallram-for-barn-och-vuxna-tradgard-90-x-36-x-60-cm-svart-1.webp?fit=2000%2C2000&ssl=1","contentUrl":"https:\/\/i0.wp.com\/truusk.store\/wp-content\/uploads\/2025\/06\/fotbollsmal-2-pack-vikbara-fotbollsmal-med-metallram-for-barn-och-vuxna-tradgard-90-x-36-x-60-cm-svart-1.webp?fit=2000%2C2000&ssl=1","width":2000,"height":2000},{"@type":"BreadcrumbList","@id":"https:\/\/truusk.store\/sv\/produkt\/truusk-fotbollsmal-2-pack-vikbara-med-metallram-for-barn-och-vuxna-tradgard-90-x-36-x-60-cm-svart\/#breadcrumb","itemListElement":[{"@type":"ListItem","position":1,"name":"Home","item":"https:\/\/truusk.store\/sv\/"},{"@type":"ListItem","position":2,"name":"Shop","item":"https:\/\/truusk.store\/shop\/"},{"@type":"ListItem","position":3,"name":"TRUUSK Fotbollsm\u00e5l 2-pack &#8211; Vikbara med Metallram &#8211; F\u00f6r Barn och Vuxna &#8211; Tr\u00e4dg\u00e5rd &#8211; 90 x 36 x 60 cm &#8211; Svart"}]},{"@type":"WebSite","@id":"https:\/\/truusk.store\/sv\/#website","url":"https:\/\/truusk.store\/sv\/","name":"TRUUSK - Hem, Tr\u00e4dg\u00e5rd & Fritid","description":"","publisher":{"@id":"https:\/\/truusk.store\/sv\/#organization"},"potentialAction":[{"@type":"SearchAction","target":{"@type":"EntryPoint","urlTemplate":"https:\/\/truusk.store\/sv\/?s={search_term_string}"},"query-input":{"@type":"PropertyValueSpecification","valueRequired":true,"valueName":"search_term_string"}}],"inLanguage":"sv-SE"},{"@type":"Organization","@id":"https:\/\/truusk.store\/sv\/#organization","name":"TRUUSK - Hem, Tr\u00e4dg\u00e5rd & Fritid","url":"https:\/\/truusk.store\/sv\/","logo":{"@type":"ImageObject","inLanguage":"sv-SE","@id":"https:\/\/truusk.store\/sv\/#\/schema\/logo\/image\/","url":"https:\/\/i0.wp.com\/truusk.store\/wp-content\/uploads\/2026\/03\/cropped-TRUUSK.png?fit=2032%2C917&ssl=1","contentUrl":"https:\/\/i0.wp.com\/truusk.store\/wp-content\/uploads\/2026\/03\/cropped-TRUUSK.png?fit=2032%2C917&ssl=1","width":2032,"height":917,"caption":"TRUUSK - Hem, Tr\u00e4dg\u00e5rd & Fritid"},"image":{"@id":"https:\/\/truusk.store\/sv\/#\/schema\/logo\/image\/"}}]}},"jetpack_sharing_enabled":true,"_links":{"self":[{"href":"https:\/\/truusk.store\/sv\/wp-json\/wp\/v2\/product\/65193","targetHints":{"allow":["GET"]}}],"collection":[{"href":"https:\/\/truusk.store\/sv\/wp-json\/wp\/v2\/product"}],"about":[{"href":"https:\/\/truusk.store\/sv\/wp-json\/wp\/v2\/types\/product"}],"wp:featuredmedia":[{"embeddable":true,"href":"https:\/\/truusk.store\/sv\/wp-json\/wp\/v2\/media\/65184"}],"wp:attachment":[{"href":"https:\/\/truusk.store\/sv\/wp-json\/wp\/v2\/media?parent=65193"}],"wp:term":[{"taxonomy":"product_brand","embeddable":true,"href":"https:\/\/truusk.store\/sv\/wp-json\/wp\/v2\/product_brand?post=65193"},{"taxonomy":"product_cat","embeddable":true,"href":"https:\/\/truusk.store\/sv\/wp-json\/wp\/v2\/product_cat?post=65193"},{"taxonomy":"product_tag","embeddable":true,"href":"https:\/\/truusk.store\/sv\/wp-json\/wp\/v2\/product_tag?post=65193"}],"curies":[{"name":"wp","href":"https:\/\/api.w.org\/{rel}","templated":true}]}}