{"id":65213,"date":"2025-06-05T10:42:44","date_gmt":"2025-06-05T09:42:44","guid":{"rendered":"https:\/\/truusk.store\/product\/baddsoffa-med-justerbar-ryggstod-kuddar-2-sits-soffa-med-sovfunktion-sammet-look-armstod-soffa-for-vardagsrum-sovrum-svart\/"},"modified":"2026-03-12T09:39:34","modified_gmt":"2026-03-12T08:39:34","slug":"truusk-baddsoffa-med-justerbar-ryggstod-kuddar-2-sits-soffa-med-sovfunktion-sammet-look-armstod-svart","status":"publish","type":"product","link":"https:\/\/truusk.store\/sv\/produkt\/truusk-baddsoffa-med-justerbar-ryggstod-kuddar-2-sits-soffa-med-sovfunktion-sammet-look-armstod-svart\/","title":{"rendered":"TRUUSK B\u00e4ddsoffa Med Justerbar Ryggst\u00f6d &#8211; Kuddar &#8211; 2-sits Soffa Med Sovfunktion &#8211; Sammet Look &#8211; Armst\u00f6d &#8211; Svart"},"content":{"rendered":"<p>Uppt\u00e4ck den ultimata komfortupplevelsen med TRUUSK 2-sits soffa med sovfunktion! Detta m\u00e5ngsidiga m\u00f6bel f\u00f6rvandlas snabbt fr\u00e5n en elegant soffa till en mysig s\u00e4ng &#8211; perfekt f\u00f6r spontana tupplurer eller \u00f6vernattande g\u00e4ster. Den h\u00f6gkvalitativa pulverlackerade metallramen p\u00e5 b\u00e4ddsoffan garanterar stabilitet, medan den sammetslen kl\u00e4dsel och mjuka stoppning erbjuder lyxig komfort. Den avtagbara tyg\u00f6verdraget g\u00f6r det enkelt att reng\u00f6ra.<\/p>\n<p>Beskrivning:<\/p>\n<ul>\n<li> Dubbelsoffa som kan f\u00f6rvandlas till en b\u00e4ddsoffa<\/li>\n<li> Ryggst\u00f6d med 5 justerbara komfortvinklar<\/li>\n<li> H\u00f6gkvalitativ kl\u00e4dsel p\u00e5 b\u00e4ddsoffan av mjukt mockaimitation, stoppad med medeldensitetsskum f\u00f6r st\u00f6d och komfort<\/li>\n<li> Tillverkad av h\u00f6gkvalitativ, h\u00e5llbar, pulverlackerad metallram<\/li>\n<li> Inkluderar accentkuddar f\u00f6r extra komfort och en elegant look<\/li>\n<li> Avtagbart kudd\u00f6verdrag p\u00e5 soffan med sovfunktion f\u00f6r bekv\u00e4m tv\u00e4tt<\/li>\n<li> Enkel montering kr\u00e4vs<\/li>\n<\/ul>\n<p> Tekniska data:<\/p>\n<ul>\n<li> F\u00e4rg: Svart<\/li>\n<li> Material: Sammet (100% polyester), metall, skum<\/li>\n<li> M\u00e5tt p\u00e5 soffa: 111L x 80B x 78H cm<\/li>\n<li> M\u00e5tt p\u00e5 s\u00e4ng: 185L x 105B x 27H cm<\/li>\n<li> M\u00e5tt p\u00e5 sittplats: 105L x 60B x 37H cm<\/li>\n<li> B\u00e4rkapacitet: 240 kg<\/li>\n<\/ul>\n<p>Leveransinneh\u00e5ll:<\/p>\n<ul>\n<li> 1 \u00d7 B\u00e4ddsoffa<\/li>\n<li> 1 \u00d7 Instruktioner<\/li>\n<\/ul>\n","protected":false},"excerpt":{"rendered":"<p>Uppt\u00e4ck den ultimata komfortupplevelsen med TRUUSK 2-sits soffa med sovfunktion! Detta m\u00e5ngsidiga m\u00f6bel f\u00f6rvandlas snabbt fr\u00e5n en elegant soffa till&#8230;<\/p>\n","protected":false},"featured_media":65204,"template":"","meta":[],"product_brand":[],"product_cat":[871,943,937,910],"product_tag":[],"class_list":{"0":"post-65213","1":"product","2":"type-product","3":"status-publish","4":"has-post-thumbnail","6":"product_cat-hus-hem","7":"product_cat-schlafsofas","8":"product_cat-soffor","9":"product_cat-vardagsrum","11":"first","12":"instock","13":"sale","14":"taxable","15":"shipping-taxable","16":"purchasable","17":"product-type-simple"},"yoast_head":"<!-- This site is optimized with the Yoast SEO plugin v25.4 - https:\/\/yoast.com\/wordpress\/plugins\/seo\/ -->\n<title>TRUUSK B\u00e4ddsoffa Med Justerbar Ryggst\u00f6d - Kuddar - 2-sits Soffa Med Sovfunktion - Sammet Look - Armst\u00f6d - Svart - TRUUSK - Hem, Tr\u00e4dg\u00e5rd &amp; Fritid<\/title>\n<meta name=\"robots\" content=\"index, follow, max-snippet:-1, max-image-preview:large, max-video-preview:-1\" \/>\n<link rel=\"canonical\" href=\"https:\/\/truusk.store\/sv\/produkt\/truusk-baddsoffa-med-justerbar-ryggstod-kuddar-2-sits-soffa-med-sovfunktion-sammet-look-armstod-svart\/\" \/>\n<meta property=\"og:locale\" content=\"sv_SE\" \/>\n<meta property=\"og:type\" content=\"article\" \/>\n<meta property=\"og:title\" content=\"TRUUSK B\u00e4ddsoffa Med Justerbar Ryggst\u00f6d - Kuddar - 2-sits Soffa Med Sovfunktion - Sammet Look - Armst\u00f6d - Svart - TRUUSK - Hem, Tr\u00e4dg\u00e5rd &amp; Fritid\" \/>\n<meta property=\"og:description\" content=\"Uppt\u00e4ck den ultimata komfortupplevelsen med TRUUSK 2-sits soffa med sovfunktion! Detta m\u00e5ngsidiga m\u00f6bel f\u00f6rvandlas snabbt fr\u00e5n en elegant soffa till...\" \/>\n<meta property=\"og:url\" content=\"https:\/\/truusk.store\/sv\/produkt\/truusk-baddsoffa-med-justerbar-ryggstod-kuddar-2-sits-soffa-med-sovfunktion-sammet-look-armstod-svart\/\" \/>\n<meta property=\"og:site_name\" content=\"TRUUSK - Hem, Tr\u00e4dg\u00e5rd &amp; Fritid\" \/>\n<meta property=\"article:modified_time\" content=\"2026-03-12T08:39:34+00:00\" \/>\n<meta property=\"og:image\" content=\"https:\/\/i0.wp.com\/truusk.se\/wp-content\/uploads\/2025\/06\/baddsoffa-med-justerbar-ryggstod-kuddar-2-sits-soffa-med-sovfunktion-sammet-look-armstod-soffa-for-vardagsrum-sovrum-svart-1.webp?fit=2000%2C2000&ssl=1\" \/>\n\t<meta property=\"og:image:width\" content=\"2000\" \/>\n\t<meta property=\"og:image:height\" content=\"2000\" \/>\n\t<meta property=\"og:image:type\" content=\"image\/webp\" \/>\n<meta name=\"twitter:card\" content=\"summary_large_image\" \/>\n<meta name=\"twitter:label1\" content=\"Ber\u00e4knad l\u00e4stid\" \/>\n\t<meta name=\"twitter:data1\" content=\"1 minut\" \/>\n<!-- \/ Yoast SEO plugin. -->","yoast_head_json":{"title":"TRUUSK B\u00e4ddsoffa Med Justerbar Ryggst\u00f6d - Kuddar - 2-sits Soffa Med Sovfunktion - Sammet Look - Armst\u00f6d - Svart - TRUUSK - Hem, Tr\u00e4dg\u00e5rd &amp; Fritid","robots":{"index":"index","follow":"follow","max-snippet":"max-snippet:-1","max-image-preview":"max-image-preview:large","max-video-preview":"max-video-preview:-1"},"canonical":"https:\/\/truusk.store\/sv\/produkt\/truusk-baddsoffa-med-justerbar-ryggstod-kuddar-2-sits-soffa-med-sovfunktion-sammet-look-armstod-svart\/","og_locale":"sv_SE","og_type":"article","og_title":"TRUUSK B\u00e4ddsoffa Med Justerbar Ryggst\u00f6d - Kuddar - 2-sits Soffa Med Sovfunktion - Sammet Look - Armst\u00f6d - Svart - TRUUSK - Hem, Tr\u00e4dg\u00e5rd &amp; Fritid","og_description":"Uppt\u00e4ck den ultimata komfortupplevelsen med TRUUSK 2-sits soffa med sovfunktion! Detta m\u00e5ngsidiga m\u00f6bel f\u00f6rvandlas snabbt fr\u00e5n en elegant soffa till...","og_url":"https:\/\/truusk.store\/sv\/produkt\/truusk-baddsoffa-med-justerbar-ryggstod-kuddar-2-sits-soffa-med-sovfunktion-sammet-look-armstod-svart\/","og_site_name":"TRUUSK - Hem, Tr\u00e4dg\u00e5rd &amp; Fritid","article_modified_time":"2026-03-12T08:39:34+00:00","og_image":[{"width":2000,"height":2000,"url":"https:\/\/i0.wp.com\/truusk.se\/wp-content\/uploads\/2025\/06\/baddsoffa-med-justerbar-ryggstod-kuddar-2-sits-soffa-med-sovfunktion-sammet-look-armstod-soffa-for-vardagsrum-sovrum-svart-1.webp?fit=2000%2C2000&ssl=1","type":"image\/webp"}],"twitter_card":"summary_large_image","twitter_misc":{"Ber\u00e4knad l\u00e4stid":"1 minut"},"schema":{"@context":"https:\/\/schema.org","@graph":[{"@type":"WebPage","@id":"https:\/\/truusk.store\/sv\/produkt\/truusk-baddsoffa-med-justerbar-ryggstod-kuddar-2-sits-soffa-med-sovfunktion-sammet-look-armstod-svart\/","url":"https:\/\/truusk.store\/sv\/produkt\/truusk-baddsoffa-med-justerbar-ryggstod-kuddar-2-sits-soffa-med-sovfunktion-sammet-look-armstod-svart\/","name":"TRUUSK B\u00e4ddsoffa Med Justerbar Ryggst\u00f6d - Kuddar - 2-sits Soffa Med Sovfunktion - Sammet Look - Armst\u00f6d - Svart - TRUUSK - Hem, Tr\u00e4dg\u00e5rd &amp; Fritid","isPartOf":{"@id":"https:\/\/truusk.store\/sv\/#website"},"primaryImageOfPage":{"@id":"https:\/\/truusk.store\/sv\/produkt\/truusk-baddsoffa-med-justerbar-ryggstod-kuddar-2-sits-soffa-med-sovfunktion-sammet-look-armstod-svart\/#primaryimage"},"image":{"@id":"https:\/\/truusk.store\/sv\/produkt\/truusk-baddsoffa-med-justerbar-ryggstod-kuddar-2-sits-soffa-med-sovfunktion-sammet-look-armstod-svart\/#primaryimage"},"thumbnailUrl":"https:\/\/i0.wp.com\/truusk.store\/wp-content\/uploads\/2025\/06\/baddsoffa-med-justerbar-ryggstod-kuddar-2-sits-soffa-med-sovfunktion-sammet-look-armstod-soffa-for-vardagsrum-sovrum-svart-1.webp?fit=2000%2C2000&ssl=1","datePublished":"2025-06-05T09:42:44+00:00","dateModified":"2026-03-12T08:39:34+00:00","breadcrumb":{"@id":"https:\/\/truusk.store\/sv\/produkt\/truusk-baddsoffa-med-justerbar-ryggstod-kuddar-2-sits-soffa-med-sovfunktion-sammet-look-armstod-svart\/#breadcrumb"},"inLanguage":"sv-SE","potentialAction":[{"@type":"ReadAction","target":["https:\/\/truusk.store\/sv\/produkt\/truusk-baddsoffa-med-justerbar-ryggstod-kuddar-2-sits-soffa-med-sovfunktion-sammet-look-armstod-svart\/"]}]},{"@type":"ImageObject","inLanguage":"sv-SE","@id":"https:\/\/truusk.store\/sv\/produkt\/truusk-baddsoffa-med-justerbar-ryggstod-kuddar-2-sits-soffa-med-sovfunktion-sammet-look-armstod-svart\/#primaryimage","url":"https:\/\/i0.wp.com\/truusk.store\/wp-content\/uploads\/2025\/06\/baddsoffa-med-justerbar-ryggstod-kuddar-2-sits-soffa-med-sovfunktion-sammet-look-armstod-soffa-for-vardagsrum-sovrum-svart-1.webp?fit=2000%2C2000&ssl=1","contentUrl":"https:\/\/i0.wp.com\/truusk.store\/wp-content\/uploads\/2025\/06\/baddsoffa-med-justerbar-ryggstod-kuddar-2-sits-soffa-med-sovfunktion-sammet-look-armstod-soffa-for-vardagsrum-sovrum-svart-1.webp?fit=2000%2C2000&ssl=1","width":2000,"height":2000},{"@type":"BreadcrumbList","@id":"https:\/\/truusk.store\/sv\/produkt\/truusk-baddsoffa-med-justerbar-ryggstod-kuddar-2-sits-soffa-med-sovfunktion-sammet-look-armstod-svart\/#breadcrumb","itemListElement":[{"@type":"ListItem","position":1,"name":"Home","item":"https:\/\/truusk.store\/sv\/"},{"@type":"ListItem","position":2,"name":"Shop","item":"https:\/\/truusk.store\/shop\/"},{"@type":"ListItem","position":3,"name":"TRUUSK B\u00e4ddsoffa Med Justerbar Ryggst\u00f6d &#8211; Kuddar &#8211; 2-sits Soffa Med Sovfunktion &#8211; Sammet Look &#8211; Armst\u00f6d &#8211; Svart"}]},{"@type":"WebSite","@id":"https:\/\/truusk.store\/sv\/#website","url":"https:\/\/truusk.store\/sv\/","name":"TRUUSK - Hem, Tr\u00e4dg\u00e5rd & Fritid","description":"","publisher":{"@id":"https:\/\/truusk.store\/sv\/#organization"},"potentialAction":[{"@type":"SearchAction","target":{"@type":"EntryPoint","urlTemplate":"https:\/\/truusk.store\/sv\/?s={search_term_string}"},"query-input":{"@type":"PropertyValueSpecification","valueRequired":true,"valueName":"search_term_string"}}],"inLanguage":"sv-SE"},{"@type":"Organization","@id":"https:\/\/truusk.store\/sv\/#organization","name":"TRUUSK - Hem, Tr\u00e4dg\u00e5rd & Fritid","url":"https:\/\/truusk.store\/sv\/","logo":{"@type":"ImageObject","inLanguage":"sv-SE","@id":"https:\/\/truusk.store\/sv\/#\/schema\/logo\/image\/","url":"https:\/\/i0.wp.com\/truusk.store\/wp-content\/uploads\/2026\/03\/cropped-TRUUSK.png?fit=2032%2C917&ssl=1","contentUrl":"https:\/\/i0.wp.com\/truusk.store\/wp-content\/uploads\/2026\/03\/cropped-TRUUSK.png?fit=2032%2C917&ssl=1","width":2032,"height":917,"caption":"TRUUSK - Hem, Tr\u00e4dg\u00e5rd & Fritid"},"image":{"@id":"https:\/\/truusk.store\/sv\/#\/schema\/logo\/image\/"}}]}},"jetpack_sharing_enabled":true,"_links":{"self":[{"href":"https:\/\/truusk.store\/sv\/wp-json\/wp\/v2\/product\/65213","targetHints":{"allow":["GET"]}}],"collection":[{"href":"https:\/\/truusk.store\/sv\/wp-json\/wp\/v2\/product"}],"about":[{"href":"https:\/\/truusk.store\/sv\/wp-json\/wp\/v2\/types\/product"}],"wp:featuredmedia":[{"embeddable":true,"href":"https:\/\/truusk.store\/sv\/wp-json\/wp\/v2\/media\/65204"}],"wp:attachment":[{"href":"https:\/\/truusk.store\/sv\/wp-json\/wp\/v2\/media?parent=65213"}],"wp:term":[{"taxonomy":"product_brand","embeddable":true,"href":"https:\/\/truusk.store\/sv\/wp-json\/wp\/v2\/product_brand?post=65213"},{"taxonomy":"product_cat","embeddable":true,"href":"https:\/\/truusk.store\/sv\/wp-json\/wp\/v2\/product_cat?post=65213"},{"taxonomy":"product_tag","embeddable":true,"href":"https:\/\/truusk.store\/sv\/wp-json\/wp\/v2\/product_tag?post=65213"}],"curies":[{"name":"wp","href":"https:\/\/api.w.org\/{rel}","templated":true}]}}