{"id":65223,"date":"2025-06-05T10:43:49","date_gmt":"2025-06-05T09:43:49","guid":{"rendered":"https:\/\/truusk.store\/product\/4-i-1-multispelbord-festspelsbord-med-bordtennis-fotbollsspel-biljard-bordhockey-for-flerspelarroligt-stal-naturligt-tra-svart\/"},"modified":"2026-03-12T09:41:21","modified_gmt":"2026-03-12T08:41:21","slug":"truusk-multispelbord-4-i-1-bordtennis-fotbollsspel-biljard-bordhockey-for-flerspelarroligt-stal-och-naturligt-tra-svart","status":"publish","type":"product","link":"https:\/\/truusk.store\/sv\/produkt\/truusk-multispelbord-4-i-1-bordtennis-fotbollsspel-biljard-bordhockey-for-flerspelarroligt-stal-och-naturligt-tra-svart\/","title":{"rendered":"TRUUSK Multispelbord 4-i-1 &#8211; Bordtennis, Fotbollsspel, Biljard, Bordhockey &#8211; F\u00f6r Flerspelarroligt &#8211; St\u00e5l och Naturligt Tr\u00e4 &#8211; Svart"},"content":{"rendered":"<p>\u00c4r du en fotbollsspelare eller mer av en bordtennistyp? Eller vad s\u00e4gs om bordhockey eller minibiljard? Med detta fantastiska multispelbord fr\u00e5n TRUUSK har du fritt val! Detta bordsspel \u00e4r tillverkat av robust tr\u00e4material och metall, vilket g\u00f6r det s\u00e4rskilt stabilt och h\u00e5llbart. Tack vare det gener\u00f6sa tillbeh\u00f6ret och den praktiska konstruktionen kan du snabbt och enkelt byta bordsspel och skapa varierande spelgl\u00e4dje f\u00f6r b\u00e5de stora och sm\u00e5!<\/p>\n<p>Beskrivning:<\/p>\n<ul>\n<li> Fotboll, bordhockey, bordtennis och minibiljard i ett<\/li>\n<li> Kompakt konstruktion av bordsspelet m\u00f6jligg\u00f6r enkel f\u00f6rvaring<\/li>\n<li> Byt snabbt och enkelt mellan spelen<\/li>\n<li> Varierande spelgl\u00e4dje av bordsspelet f\u00f6r b\u00e5de stora och sm\u00e5<\/li>\n<li> Trevliga spelnachmittage med multispelbordet med familj och v\u00e4nner<\/li>\n<li> F\u00f6r underh\u00e5llande timmar p\u00e5 helgen och under semestern<\/li>\n<\/ul>\n<p>Tekniska data:<\/p>\n<ul>\n<li> F\u00e4rg: Naturtr\u00e4+Svart<\/li>\n<li> Material: MDF, St\u00e5l<\/li>\n<li> M\u00e5tt p\u00e5 bordet: 107L x 61B x 84,5H cm<\/li>\n<li> M\u00e5tt p\u00e5 spelomr\u00e5det: 98L x 51B x 10H cm<\/li>\n<li> Djup p\u00e5 spelbotten: 9 mm<\/li>\n<\/ul>\n<p>Leveransinneh\u00e5ll:<\/p>\n<ul>\n<li> 2 x Mini-fotboll<\/li>\n<li> 8 x Metallst\u00e5ng<\/li>\n<li> 2 x Fotbollsm\u00e5l<\/li>\n<li> 22 x Mini-spelare<\/li>\n<li> 2 x Po\u00e4ngtavlor<\/li>\n<li> 1 x Bordtennisboll<\/li>\n<li> 2 x Bordtennisracket<\/li>\n<li> 2 x Biljardk\u00f6<\/li>\n<li> 1 x Krita<\/li>\n<li> 1 x Biljardtriangel<\/li>\n<li> 16 x Biljardbollar<\/li>\n<li> 1 x Borste<\/li>\n<\/ul>\n","protected":false},"excerpt":{"rendered":"<p>\u00c4r du en fotbollsspelare eller mer av en bordtennistyp? Eller vad s\u00e4gs om bordhockey eller minibiljard? Med detta fantastiska multispelbord&#8230;<\/p>\n","protected":false},"featured_media":65214,"template":"","meta":[],"product_brand":[],"product_cat":[656,508,647],"product_tag":[],"class_list":{"0":"post-65223","1":"product","2":"type-product","3":"status-publish","4":"has-post-thumbnail","6":"product_cat-spel-hobby","7":"product_cat-spelbord","8":"product_cat-sport-fritid","10":"first","11":"instock","12":"sale","13":"taxable","14":"shipping-taxable","15":"purchasable","16":"product-type-simple"},"yoast_head":"<!-- This site is optimized with the Yoast SEO plugin v25.4 - https:\/\/yoast.com\/wordpress\/plugins\/seo\/ -->\n<title>TRUUSK Multispelbord 4-i-1 - Bordtennis, Fotbollsspel, Biljard, Bordhockey - F\u00f6r Flerspelarroligt - St\u00e5l och Naturligt Tr\u00e4 - Svart - TRUUSK - Hem, Tr\u00e4dg\u00e5rd &amp; Fritid<\/title>\n<meta name=\"robots\" content=\"index, follow, max-snippet:-1, max-image-preview:large, max-video-preview:-1\" \/>\n<link rel=\"canonical\" href=\"https:\/\/truusk.store\/sv\/produkt\/truusk-multispelbord-4-i-1-bordtennis-fotbollsspel-biljard-bordhockey-for-flerspelarroligt-stal-och-naturligt-tra-svart\/\" \/>\n<meta property=\"og:locale\" content=\"sv_SE\" \/>\n<meta property=\"og:type\" content=\"article\" \/>\n<meta property=\"og:title\" content=\"TRUUSK Multispelbord 4-i-1 - Bordtennis, Fotbollsspel, Biljard, Bordhockey - F\u00f6r Flerspelarroligt - St\u00e5l och Naturligt Tr\u00e4 - Svart - TRUUSK - Hem, Tr\u00e4dg\u00e5rd &amp; Fritid\" \/>\n<meta property=\"og:description\" content=\"\u00c4r du en fotbollsspelare eller mer av en bordtennistyp? Eller vad s\u00e4gs om bordhockey eller minibiljard? Med detta fantastiska multispelbord...\" \/>\n<meta property=\"og:url\" content=\"https:\/\/truusk.store\/sv\/produkt\/truusk-multispelbord-4-i-1-bordtennis-fotbollsspel-biljard-bordhockey-for-flerspelarroligt-stal-och-naturligt-tra-svart\/\" \/>\n<meta property=\"og:site_name\" content=\"TRUUSK - Hem, Tr\u00e4dg\u00e5rd &amp; Fritid\" \/>\n<meta property=\"article:modified_time\" content=\"2026-03-12T08:41:21+00:00\" \/>\n<meta property=\"og:image\" content=\"https:\/\/i0.wp.com\/truusk.se\/wp-content\/uploads\/2025\/06\/4-i-1-multispelbord-festspelsbord-med-bordtennis-fotbollsspel-biljard-bordhockey-for-flerspelarroligt-stal-naturligt-tra-svart-1.webp?fit=2000%2C2000&ssl=1\" \/>\n\t<meta property=\"og:image:width\" content=\"2000\" \/>\n\t<meta property=\"og:image:height\" content=\"2000\" \/>\n\t<meta property=\"og:image:type\" content=\"image\/webp\" \/>\n<meta name=\"twitter:card\" content=\"summary_large_image\" \/>\n<meta name=\"twitter:label1\" content=\"Ber\u00e4knad l\u00e4stid\" \/>\n\t<meta name=\"twitter:data1\" content=\"1 minut\" \/>\n<!-- \/ Yoast SEO plugin. -->","yoast_head_json":{"title":"TRUUSK Multispelbord 4-i-1 - Bordtennis, Fotbollsspel, Biljard, Bordhockey - F\u00f6r Flerspelarroligt - St\u00e5l och Naturligt Tr\u00e4 - Svart - TRUUSK - Hem, Tr\u00e4dg\u00e5rd &amp; Fritid","robots":{"index":"index","follow":"follow","max-snippet":"max-snippet:-1","max-image-preview":"max-image-preview:large","max-video-preview":"max-video-preview:-1"},"canonical":"https:\/\/truusk.store\/sv\/produkt\/truusk-multispelbord-4-i-1-bordtennis-fotbollsspel-biljard-bordhockey-for-flerspelarroligt-stal-och-naturligt-tra-svart\/","og_locale":"sv_SE","og_type":"article","og_title":"TRUUSK Multispelbord 4-i-1 - Bordtennis, Fotbollsspel, Biljard, Bordhockey - F\u00f6r Flerspelarroligt - St\u00e5l och Naturligt Tr\u00e4 - Svart - TRUUSK - Hem, Tr\u00e4dg\u00e5rd &amp; Fritid","og_description":"\u00c4r du en fotbollsspelare eller mer av en bordtennistyp? Eller vad s\u00e4gs om bordhockey eller minibiljard? Med detta fantastiska multispelbord...","og_url":"https:\/\/truusk.store\/sv\/produkt\/truusk-multispelbord-4-i-1-bordtennis-fotbollsspel-biljard-bordhockey-for-flerspelarroligt-stal-och-naturligt-tra-svart\/","og_site_name":"TRUUSK - Hem, Tr\u00e4dg\u00e5rd &amp; Fritid","article_modified_time":"2026-03-12T08:41:21+00:00","og_image":[{"width":2000,"height":2000,"url":"https:\/\/i0.wp.com\/truusk.se\/wp-content\/uploads\/2025\/06\/4-i-1-multispelbord-festspelsbord-med-bordtennis-fotbollsspel-biljard-bordhockey-for-flerspelarroligt-stal-naturligt-tra-svart-1.webp?fit=2000%2C2000&ssl=1","type":"image\/webp"}],"twitter_card":"summary_large_image","twitter_misc":{"Ber\u00e4knad l\u00e4stid":"1 minut"},"schema":{"@context":"https:\/\/schema.org","@graph":[{"@type":"WebPage","@id":"https:\/\/truusk.store\/sv\/produkt\/truusk-multispelbord-4-i-1-bordtennis-fotbollsspel-biljard-bordhockey-for-flerspelarroligt-stal-och-naturligt-tra-svart\/","url":"https:\/\/truusk.store\/sv\/produkt\/truusk-multispelbord-4-i-1-bordtennis-fotbollsspel-biljard-bordhockey-for-flerspelarroligt-stal-och-naturligt-tra-svart\/","name":"TRUUSK Multispelbord 4-i-1 - Bordtennis, Fotbollsspel, Biljard, Bordhockey - F\u00f6r Flerspelarroligt - St\u00e5l och Naturligt Tr\u00e4 - Svart - TRUUSK - Hem, Tr\u00e4dg\u00e5rd &amp; Fritid","isPartOf":{"@id":"https:\/\/truusk.store\/sv\/#website"},"primaryImageOfPage":{"@id":"https:\/\/truusk.store\/sv\/produkt\/truusk-multispelbord-4-i-1-bordtennis-fotbollsspel-biljard-bordhockey-for-flerspelarroligt-stal-och-naturligt-tra-svart\/#primaryimage"},"image":{"@id":"https:\/\/truusk.store\/sv\/produkt\/truusk-multispelbord-4-i-1-bordtennis-fotbollsspel-biljard-bordhockey-for-flerspelarroligt-stal-och-naturligt-tra-svart\/#primaryimage"},"thumbnailUrl":"https:\/\/i0.wp.com\/truusk.store\/wp-content\/uploads\/2025\/06\/4-i-1-multispelbord-festspelsbord-med-bordtennis-fotbollsspel-biljard-bordhockey-for-flerspelarroligt-stal-naturligt-tra-svart-1.webp?fit=2000%2C2000&ssl=1","datePublished":"2025-06-05T09:43:49+00:00","dateModified":"2026-03-12T08:41:21+00:00","breadcrumb":{"@id":"https:\/\/truusk.store\/sv\/produkt\/truusk-multispelbord-4-i-1-bordtennis-fotbollsspel-biljard-bordhockey-for-flerspelarroligt-stal-och-naturligt-tra-svart\/#breadcrumb"},"inLanguage":"sv-SE","potentialAction":[{"@type":"ReadAction","target":["https:\/\/truusk.store\/sv\/produkt\/truusk-multispelbord-4-i-1-bordtennis-fotbollsspel-biljard-bordhockey-for-flerspelarroligt-stal-och-naturligt-tra-svart\/"]}]},{"@type":"ImageObject","inLanguage":"sv-SE","@id":"https:\/\/truusk.store\/sv\/produkt\/truusk-multispelbord-4-i-1-bordtennis-fotbollsspel-biljard-bordhockey-for-flerspelarroligt-stal-och-naturligt-tra-svart\/#primaryimage","url":"https:\/\/i0.wp.com\/truusk.store\/wp-content\/uploads\/2025\/06\/4-i-1-multispelbord-festspelsbord-med-bordtennis-fotbollsspel-biljard-bordhockey-for-flerspelarroligt-stal-naturligt-tra-svart-1.webp?fit=2000%2C2000&ssl=1","contentUrl":"https:\/\/i0.wp.com\/truusk.store\/wp-content\/uploads\/2025\/06\/4-i-1-multispelbord-festspelsbord-med-bordtennis-fotbollsspel-biljard-bordhockey-for-flerspelarroligt-stal-naturligt-tra-svart-1.webp?fit=2000%2C2000&ssl=1","width":2000,"height":2000},{"@type":"BreadcrumbList","@id":"https:\/\/truusk.store\/sv\/produkt\/truusk-multispelbord-4-i-1-bordtennis-fotbollsspel-biljard-bordhockey-for-flerspelarroligt-stal-och-naturligt-tra-svart\/#breadcrumb","itemListElement":[{"@type":"ListItem","position":1,"name":"Home","item":"https:\/\/truusk.store\/sv\/"},{"@type":"ListItem","position":2,"name":"Shop","item":"https:\/\/truusk.store\/shop\/"},{"@type":"ListItem","position":3,"name":"TRUUSK Multispelbord 4-i-1 &#8211; Bordtennis, Fotbollsspel, Biljard, Bordhockey &#8211; F\u00f6r Flerspelarroligt &#8211; St\u00e5l och Naturligt Tr\u00e4 &#8211; Svart"}]},{"@type":"WebSite","@id":"https:\/\/truusk.store\/sv\/#website","url":"https:\/\/truusk.store\/sv\/","name":"TRUUSK - Hem, Tr\u00e4dg\u00e5rd & Fritid","description":"","publisher":{"@id":"https:\/\/truusk.store\/sv\/#organization"},"potentialAction":[{"@type":"SearchAction","target":{"@type":"EntryPoint","urlTemplate":"https:\/\/truusk.store\/sv\/?s={search_term_string}"},"query-input":{"@type":"PropertyValueSpecification","valueRequired":true,"valueName":"search_term_string"}}],"inLanguage":"sv-SE"},{"@type":"Organization","@id":"https:\/\/truusk.store\/sv\/#organization","name":"TRUUSK - Hem, Tr\u00e4dg\u00e5rd & Fritid","url":"https:\/\/truusk.store\/sv\/","logo":{"@type":"ImageObject","inLanguage":"sv-SE","@id":"https:\/\/truusk.store\/sv\/#\/schema\/logo\/image\/","url":"https:\/\/i0.wp.com\/truusk.store\/wp-content\/uploads\/2026\/03\/cropped-TRUUSK.png?fit=2032%2C917&ssl=1","contentUrl":"https:\/\/i0.wp.com\/truusk.store\/wp-content\/uploads\/2026\/03\/cropped-TRUUSK.png?fit=2032%2C917&ssl=1","width":2032,"height":917,"caption":"TRUUSK - Hem, Tr\u00e4dg\u00e5rd & Fritid"},"image":{"@id":"https:\/\/truusk.store\/sv\/#\/schema\/logo\/image\/"}}]}},"jetpack_sharing_enabled":true,"_links":{"self":[{"href":"https:\/\/truusk.store\/sv\/wp-json\/wp\/v2\/product\/65223","targetHints":{"allow":["GET"]}}],"collection":[{"href":"https:\/\/truusk.store\/sv\/wp-json\/wp\/v2\/product"}],"about":[{"href":"https:\/\/truusk.store\/sv\/wp-json\/wp\/v2\/types\/product"}],"wp:featuredmedia":[{"embeddable":true,"href":"https:\/\/truusk.store\/sv\/wp-json\/wp\/v2\/media\/65214"}],"wp:attachment":[{"href":"https:\/\/truusk.store\/sv\/wp-json\/wp\/v2\/media?parent=65223"}],"wp:term":[{"taxonomy":"product_brand","embeddable":true,"href":"https:\/\/truusk.store\/sv\/wp-json\/wp\/v2\/product_brand?post=65223"},{"taxonomy":"product_cat","embeddable":true,"href":"https:\/\/truusk.store\/sv\/wp-json\/wp\/v2\/product_cat?post=65223"},{"taxonomy":"product_tag","embeddable":true,"href":"https:\/\/truusk.store\/sv\/wp-json\/wp\/v2\/product_tag?post=65223"}],"curies":[{"name":"wp","href":"https:\/\/api.w.org\/{rel}","templated":true}]}}