{"id":65233,"date":"2025-06-05T10:44:47","date_gmt":"2025-06-05T09:44:47","guid":{"rendered":"https:\/\/truusk.store\/product\/stor-fagelbur-for-undulater-med-bricka-hylla-matstation-fagelhus-med-hjul-for-kanariefaglar-stal-63-x-53-x-144-cm-svart\/"},"modified":"2026-03-12T09:46:40","modified_gmt":"2026-03-12T08:46:40","slug":"truusk-stort-fagelbur-for-undulater-med-bricka-hylla-matstation-fagelhus-med-hjul-for-kanariefaglar-stal-63-x-53-x-144","status":"publish","type":"product","link":"https:\/\/truusk.store\/sv\/produkt\/truusk-stort-fagelbur-for-undulater-med-bricka-hylla-matstation-fagelhus-med-hjul-for-kanariefaglar-stal-63-x-53-x-144\/","title":{"rendered":"TRUUSK Stort F\u00e5gelbur f\u00f6r Undulater &#8211; Med Bricka, Hylla, Matstation &#8211; F\u00e5gelhus med Hjul &#8211; F\u00f6r Kanarief\u00e5glar &#8211; St\u00e5l 63 x 53 x 144"},"content":{"rendered":"<p>Upplev l\u00e4tt djurv\u00e5rd med TRUUSK f\u00e5gelbur. Den erbjuder en l\u00e5sbar d\u00f6rr f\u00f6r att h\u00e5lla dina f\u00e5glar s\u00e4kra och bekv\u00e4ma sittpinnar f\u00f6r avkoppling. Tack vare de smidiga hjulen, tv\u00e5 av dem med broms f\u00f6r extra stabilitet, kan den enkelt flyttas \u00f6verallt. Idealisk f\u00f6r undulater och solparakiter, f\u00f6renklar denna papegojburen matning och reng\u00f6ring och g\u00f6r ditt liv och dina f\u00e5glars liv enklare!<\/p>\n<p>Beskrivning:<\/p>\n<ul>\n<li> F\u00e5gelburens sittpinnar erbjuder bekv\u00e4ma viloplatser<\/li>\n<li> Fyra hjul garanterar smidig r\u00f6rlighet<\/li>\n<li> Bromsar p\u00e5 tv\u00e5 hjul \u00f6kar stabiliteten<\/li>\n<li> Foderd\u00f6rrarna p\u00e5 sm\u00e5djursburen ger s\u00e4kerhet<\/li>\n<li> St\u00e5lkonstruktionen erbjuder h\u00e5llbarhet<\/li>\n<li> Avtagbar bricka underl\u00e4ttar reng\u00f6ring<\/li>\n<li> Det nedre hyllan erbjuder praktisk f\u00f6rvaring f\u00f6r f\u00e5gelmat<\/li>\n<li> L\u00e4mplig f\u00f6r finkar och sm\u00e5 till medelstora papegojor<\/li>\n<\/ul>\n<p> Tekniska data:<\/p>\n<ul>\n<li> F\u00e4rg: Svart<\/li>\n<li> Material: St\u00e5l, plast<\/li>\n<li> Totala dimensioner: 63L x 53B x 144H cm<\/li>\n<li> F\u00e5gelburdimensioner: 63L x 53B x 81H cm<\/li>\n<li> Inre rumsdimensioner: 58L x 49B x 74H cm<\/li>\n<li> Stor d\u00f6rrstorlek: 28B x 33H cm. 12,5B x 15H cm (Liten d\u00f6rr)<\/li>\n<li> Sidod\u00f6rrstorlek: 9B x 16H cm<\/li>\n<li> \u00d6vre d\u00f6rrstorlek: 34L x 30B cm<\/li>\n<li> Plastbricka: 63L x 53B x 14,5H cm<\/li>\n<li> Lagringsutrymme: 60L x 53B cm<\/li>\n<li> Avst\u00e5nd mellan pinnar: 1,1 cm<\/li>\n<\/ul>\n<p>Leveransinneh\u00e5ll:<\/p>\n<ul>\n<li> 1 x F\u00e5gelbur<\/li>\n<li> 2 x Foderbeh\u00e5llare<\/li>\n<li> 1 x Handbok<\/li>\n<\/ul>\n","protected":false},"excerpt":{"rendered":"<p>Upplev l\u00e4tt djurv\u00e5rd med TRUUSK f\u00e5gelbur. Den erbjuder en l\u00e5sbar d\u00f6rr f\u00f6r att h\u00e5lla dina f\u00e5glar s\u00e4kra och bekv\u00e4ma sittpinnar&#8230;<\/p>\n","protected":false},"featured_media":65224,"template":"","meta":[],"product_brand":[],"product_cat":[878,604,601],"product_tag":[],"class_list":{"0":"post-65233","1":"product","2":"type-product","3":"status-publish","4":"has-post-thumbnail","6":"product_cat-djurbehov","7":"product_cat-fagelburar","8":"product_cat-fageltillbehor","10":"first","11":"instock","12":"sale","13":"taxable","14":"shipping-taxable","15":"purchasable","16":"product-type-simple"},"yoast_head":"<!-- This site is optimized with the Yoast SEO plugin v25.4 - https:\/\/yoast.com\/wordpress\/plugins\/seo\/ -->\n<title>TRUUSK Stort F\u00e5gelbur f\u00f6r Undulater - Med Bricka, Hylla, Matstation - F\u00e5gelhus med Hjul - F\u00f6r Kanarief\u00e5glar - St\u00e5l 63 x 53 x 144 - TRUUSK - Hem, Tr\u00e4dg\u00e5rd &amp; Fritid<\/title>\n<meta name=\"robots\" content=\"index, follow, max-snippet:-1, max-image-preview:large, max-video-preview:-1\" \/>\n<link rel=\"canonical\" href=\"https:\/\/truusk.store\/sv\/produkt\/truusk-stort-fagelbur-for-undulater-med-bricka-hylla-matstation-fagelhus-med-hjul-for-kanariefaglar-stal-63-x-53-x-144\/\" \/>\n<meta property=\"og:locale\" content=\"sv_SE\" \/>\n<meta property=\"og:type\" content=\"article\" \/>\n<meta property=\"og:title\" content=\"TRUUSK Stort F\u00e5gelbur f\u00f6r Undulater - Med Bricka, Hylla, Matstation - F\u00e5gelhus med Hjul - F\u00f6r Kanarief\u00e5glar - St\u00e5l 63 x 53 x 144 - TRUUSK - Hem, Tr\u00e4dg\u00e5rd &amp; Fritid\" \/>\n<meta property=\"og:description\" content=\"Upplev l\u00e4tt djurv\u00e5rd med TRUUSK f\u00e5gelbur. Den erbjuder en l\u00e5sbar d\u00f6rr f\u00f6r att h\u00e5lla dina f\u00e5glar s\u00e4kra och bekv\u00e4ma sittpinnar...\" \/>\n<meta property=\"og:url\" content=\"https:\/\/truusk.store\/sv\/produkt\/truusk-stort-fagelbur-for-undulater-med-bricka-hylla-matstation-fagelhus-med-hjul-for-kanariefaglar-stal-63-x-53-x-144\/\" \/>\n<meta property=\"og:site_name\" content=\"TRUUSK - Hem, Tr\u00e4dg\u00e5rd &amp; Fritid\" \/>\n<meta property=\"article:modified_time\" content=\"2026-03-12T08:46:40+00:00\" \/>\n<meta property=\"og:image\" content=\"https:\/\/i0.wp.com\/truusk.se\/wp-content\/uploads\/2025\/06\/stor-fagelbur-for-undulater-med-bricka-hylla-matstation-fagelhus-med-hjul-for-kanariefaglar-stal-63-x-53-x-144-cm-svart-1.webp?fit=2000%2C2000&ssl=1\" \/>\n\t<meta property=\"og:image:width\" content=\"2000\" \/>\n\t<meta property=\"og:image:height\" content=\"2000\" \/>\n\t<meta property=\"og:image:type\" content=\"image\/webp\" \/>\n<meta name=\"twitter:card\" content=\"summary_large_image\" \/>\n<meta name=\"twitter:label1\" content=\"Ber\u00e4knad l\u00e4stid\" \/>\n\t<meta name=\"twitter:data1\" content=\"1 minut\" \/>\n<!-- \/ Yoast SEO plugin. -->","yoast_head_json":{"title":"TRUUSK Stort F\u00e5gelbur f\u00f6r Undulater - Med Bricka, Hylla, Matstation - F\u00e5gelhus med Hjul - F\u00f6r Kanarief\u00e5glar - St\u00e5l 63 x 53 x 144 - TRUUSK - Hem, Tr\u00e4dg\u00e5rd &amp; Fritid","robots":{"index":"index","follow":"follow","max-snippet":"max-snippet:-1","max-image-preview":"max-image-preview:large","max-video-preview":"max-video-preview:-1"},"canonical":"https:\/\/truusk.store\/sv\/produkt\/truusk-stort-fagelbur-for-undulater-med-bricka-hylla-matstation-fagelhus-med-hjul-for-kanariefaglar-stal-63-x-53-x-144\/","og_locale":"sv_SE","og_type":"article","og_title":"TRUUSK Stort F\u00e5gelbur f\u00f6r Undulater - Med Bricka, Hylla, Matstation - F\u00e5gelhus med Hjul - F\u00f6r Kanarief\u00e5glar - St\u00e5l 63 x 53 x 144 - TRUUSK - Hem, Tr\u00e4dg\u00e5rd &amp; Fritid","og_description":"Upplev l\u00e4tt djurv\u00e5rd med TRUUSK f\u00e5gelbur. Den erbjuder en l\u00e5sbar d\u00f6rr f\u00f6r att h\u00e5lla dina f\u00e5glar s\u00e4kra och bekv\u00e4ma sittpinnar...","og_url":"https:\/\/truusk.store\/sv\/produkt\/truusk-stort-fagelbur-for-undulater-med-bricka-hylla-matstation-fagelhus-med-hjul-for-kanariefaglar-stal-63-x-53-x-144\/","og_site_name":"TRUUSK - Hem, Tr\u00e4dg\u00e5rd &amp; Fritid","article_modified_time":"2026-03-12T08:46:40+00:00","og_image":[{"width":2000,"height":2000,"url":"https:\/\/i0.wp.com\/truusk.se\/wp-content\/uploads\/2025\/06\/stor-fagelbur-for-undulater-med-bricka-hylla-matstation-fagelhus-med-hjul-for-kanariefaglar-stal-63-x-53-x-144-cm-svart-1.webp?fit=2000%2C2000&ssl=1","type":"image\/webp"}],"twitter_card":"summary_large_image","twitter_misc":{"Ber\u00e4knad l\u00e4stid":"1 minut"},"schema":{"@context":"https:\/\/schema.org","@graph":[{"@type":"WebPage","@id":"https:\/\/truusk.store\/sv\/produkt\/truusk-stort-fagelbur-for-undulater-med-bricka-hylla-matstation-fagelhus-med-hjul-for-kanariefaglar-stal-63-x-53-x-144\/","url":"https:\/\/truusk.store\/sv\/produkt\/truusk-stort-fagelbur-for-undulater-med-bricka-hylla-matstation-fagelhus-med-hjul-for-kanariefaglar-stal-63-x-53-x-144\/","name":"TRUUSK Stort F\u00e5gelbur f\u00f6r Undulater - Med Bricka, Hylla, Matstation - F\u00e5gelhus med Hjul - F\u00f6r Kanarief\u00e5glar - St\u00e5l 63 x 53 x 144 - TRUUSK - Hem, Tr\u00e4dg\u00e5rd &amp; Fritid","isPartOf":{"@id":"https:\/\/truusk.store\/sv\/#website"},"primaryImageOfPage":{"@id":"https:\/\/truusk.store\/sv\/produkt\/truusk-stort-fagelbur-for-undulater-med-bricka-hylla-matstation-fagelhus-med-hjul-for-kanariefaglar-stal-63-x-53-x-144\/#primaryimage"},"image":{"@id":"https:\/\/truusk.store\/sv\/produkt\/truusk-stort-fagelbur-for-undulater-med-bricka-hylla-matstation-fagelhus-med-hjul-for-kanariefaglar-stal-63-x-53-x-144\/#primaryimage"},"thumbnailUrl":"https:\/\/i0.wp.com\/truusk.store\/wp-content\/uploads\/2025\/06\/stor-fagelbur-for-undulater-med-bricka-hylla-matstation-fagelhus-med-hjul-for-kanariefaglar-stal-63-x-53-x-144-cm-svart-1.webp?fit=2000%2C2000&ssl=1","datePublished":"2025-06-05T09:44:47+00:00","dateModified":"2026-03-12T08:46:40+00:00","breadcrumb":{"@id":"https:\/\/truusk.store\/sv\/produkt\/truusk-stort-fagelbur-for-undulater-med-bricka-hylla-matstation-fagelhus-med-hjul-for-kanariefaglar-stal-63-x-53-x-144\/#breadcrumb"},"inLanguage":"sv-SE","potentialAction":[{"@type":"ReadAction","target":["https:\/\/truusk.store\/sv\/produkt\/truusk-stort-fagelbur-for-undulater-med-bricka-hylla-matstation-fagelhus-med-hjul-for-kanariefaglar-stal-63-x-53-x-144\/"]}]},{"@type":"ImageObject","inLanguage":"sv-SE","@id":"https:\/\/truusk.store\/sv\/produkt\/truusk-stort-fagelbur-for-undulater-med-bricka-hylla-matstation-fagelhus-med-hjul-for-kanariefaglar-stal-63-x-53-x-144\/#primaryimage","url":"https:\/\/i0.wp.com\/truusk.store\/wp-content\/uploads\/2025\/06\/stor-fagelbur-for-undulater-med-bricka-hylla-matstation-fagelhus-med-hjul-for-kanariefaglar-stal-63-x-53-x-144-cm-svart-1.webp?fit=2000%2C2000&ssl=1","contentUrl":"https:\/\/i0.wp.com\/truusk.store\/wp-content\/uploads\/2025\/06\/stor-fagelbur-for-undulater-med-bricka-hylla-matstation-fagelhus-med-hjul-for-kanariefaglar-stal-63-x-53-x-144-cm-svart-1.webp?fit=2000%2C2000&ssl=1","width":2000,"height":2000},{"@type":"BreadcrumbList","@id":"https:\/\/truusk.store\/sv\/produkt\/truusk-stort-fagelbur-for-undulater-med-bricka-hylla-matstation-fagelhus-med-hjul-for-kanariefaglar-stal-63-x-53-x-144\/#breadcrumb","itemListElement":[{"@type":"ListItem","position":1,"name":"Home","item":"https:\/\/truusk.store\/sv\/"},{"@type":"ListItem","position":2,"name":"Shop","item":"https:\/\/truusk.store\/shop\/"},{"@type":"ListItem","position":3,"name":"TRUUSK Stort F\u00e5gelbur f\u00f6r Undulater &#8211; Med Bricka, Hylla, Matstation &#8211; F\u00e5gelhus med Hjul &#8211; F\u00f6r Kanarief\u00e5glar &#8211; St\u00e5l 63 x 53 x 144"}]},{"@type":"WebSite","@id":"https:\/\/truusk.store\/sv\/#website","url":"https:\/\/truusk.store\/sv\/","name":"TRUUSK - Hem, Tr\u00e4dg\u00e5rd & Fritid","description":"","publisher":{"@id":"https:\/\/truusk.store\/sv\/#organization"},"potentialAction":[{"@type":"SearchAction","target":{"@type":"EntryPoint","urlTemplate":"https:\/\/truusk.store\/sv\/?s={search_term_string}"},"query-input":{"@type":"PropertyValueSpecification","valueRequired":true,"valueName":"search_term_string"}}],"inLanguage":"sv-SE"},{"@type":"Organization","@id":"https:\/\/truusk.store\/sv\/#organization","name":"TRUUSK - Hem, Tr\u00e4dg\u00e5rd & Fritid","url":"https:\/\/truusk.store\/sv\/","logo":{"@type":"ImageObject","inLanguage":"sv-SE","@id":"https:\/\/truusk.store\/sv\/#\/schema\/logo\/image\/","url":"https:\/\/i0.wp.com\/truusk.store\/wp-content\/uploads\/2026\/03\/cropped-TRUUSK.png?fit=2032%2C917&ssl=1","contentUrl":"https:\/\/i0.wp.com\/truusk.store\/wp-content\/uploads\/2026\/03\/cropped-TRUUSK.png?fit=2032%2C917&ssl=1","width":2032,"height":917,"caption":"TRUUSK - Hem, Tr\u00e4dg\u00e5rd & Fritid"},"image":{"@id":"https:\/\/truusk.store\/sv\/#\/schema\/logo\/image\/"}}]}},"jetpack_sharing_enabled":true,"_links":{"self":[{"href":"https:\/\/truusk.store\/sv\/wp-json\/wp\/v2\/product\/65233","targetHints":{"allow":["GET"]}}],"collection":[{"href":"https:\/\/truusk.store\/sv\/wp-json\/wp\/v2\/product"}],"about":[{"href":"https:\/\/truusk.store\/sv\/wp-json\/wp\/v2\/types\/product"}],"wp:featuredmedia":[{"embeddable":true,"href":"https:\/\/truusk.store\/sv\/wp-json\/wp\/v2\/media\/65224"}],"wp:attachment":[{"href":"https:\/\/truusk.store\/sv\/wp-json\/wp\/v2\/media?parent=65233"}],"wp:term":[{"taxonomy":"product_brand","embeddable":true,"href":"https:\/\/truusk.store\/sv\/wp-json\/wp\/v2\/product_brand?post=65233"},{"taxonomy":"product_cat","embeddable":true,"href":"https:\/\/truusk.store\/sv\/wp-json\/wp\/v2\/product_cat?post=65233"},{"taxonomy":"product_tag","embeddable":true,"href":"https:\/\/truusk.store\/sv\/wp-json\/wp\/v2\/product_tag?post=65233"}],"curies":[{"name":"wp","href":"https:\/\/api.w.org\/{rel}","templated":true}]}}