{"id":65253,"date":"2025-06-05T10:46:49","date_gmt":"2025-06-05T09:46:49","guid":{"rendered":"https:\/\/truusk.store\/product\/stunt-scooter-funscooter-stuntscooter-med-abec-9-kullager-kickscooter-med-100-mm-konstladerhjul-sparkcykel-cityroller-trick-roller-for-barn-fran-14-ar-2\/"},"modified":"2026-03-12T09:42:21","modified_gmt":"2026-03-12T08:42:21","slug":"truusk-stuntscooter-med-abec-9-kullager-100-mm-konstladerhjul-sparkcykel-for-barn-fran-14-ar","status":"publish","type":"product","link":"https:\/\/truusk.store\/sv\/produkt\/truusk-stuntscooter-med-abec-9-kullager-100-mm-konstladerhjul-sparkcykel-for-barn-fran-14-ar\/","title":{"rendered":"TRUUSK Stuntscooter med ABEC 9 Kullager &#8211; 100 mm Konstl\u00e4derhjul &#8211; Sparkcykel f\u00f6r Barn fr\u00e5n 14 \u00e5r"},"content":{"rendered":"<p>V\u00e5r TRUUSK scooter med svart ram och 10 cm stora d\u00e4ck av h\u00f6gkvalitativt gummi garanterar s\u00e4kerhet n\u00e4r du utf\u00f6r stunts tack vare dess halkfria d\u00e4ck. Den inbyggda bakbromsen p\u00e5 stunt-scootern ger extra stabilitet och g\u00f6r att du kan stanna s\u00e4kert n\u00e4r som helst. Denna stunt-scooter \u00e4r en perfekt present till dina barn eller \u00e4ven vuxna f\u00f6rare. Idealisk f\u00f6r gemensamma promenader f\u00f6r att h\u00e5lla barnen underh\u00e5llna p\u00e5 v\u00e4gen.<\/p>\n<p>Beskrivning:<\/p>\n<ul>\n<li> Ramen av st\u00e5l och aluminiumlegering ger stabilitet och s\u00e4kerhet<\/li>\n<li> K\u00f6rningen \u00e4r smidig, tyst och snabb<\/li>\n<li> Bromsen p\u00e5 stunt-scootern kan snabbt aktiveras med bara ett fingertopp<\/li>\n<li> Tr\u00e5ddesignen p\u00e5 handtaget \u00e4r halkfri<\/li>\n<li> Aluminiumd\u00e4cket p\u00e5 stunt-scootern \u00e4r l\u00e4tt och hj\u00e4lper nyb\u00f6rjare att l\u00e4ra sig grundl\u00e4ggande tricks<\/li>\n<li> Det triangul\u00e4ra designen p\u00e5 tv\u00e4rst\u00e5ngen ger en smidig k\u00f6rning<\/li>\n<li> Det halkfria d\u00e4cket p\u00e5 scootern ger s\u00e4kerhet vid stunts<\/li>\n<li> Den inbyggda, h\u00e5llbara bakbromsen ger extra stabilitet<\/li>\n<li> En perfekt present till barn<\/li>\n<li> Montering kr\u00e4vs<\/li>\n<\/ul>\n<p> Tekniska data:<\/p>\n<ul>\n<li> F\u00e4rg: Svart+Gr\u00f6n<\/li>\n<li> Material: Aluminium, Metall, Konstl\u00e4der<\/li>\n<li> M\u00e5tt: 68L x 47,2B x 86H cm<\/li>\n<li> M\u00e5tt (D\u00e4ck): 49,8L x 9,5B cm<\/li>\n<li> Hjuldiameter: 10 cm<\/li>\n<li> Handtag: Gummiskydd<\/li>\n<li> B\u00e4rkapacitet: 100 kg<\/li>\n<li> L\u00e4mplig fr\u00e5n 14 \u00e5r<\/li>\n<\/ul>\n<p>Leveransinneh\u00e5ll:<\/p>\n<ul>\n<li> 1 x Stunt-Scooter<\/li>\n<li> Tillbeh\u00f6r<\/li>\n<li> 1 x Monteringsanvisning<\/li>\n<\/ul>\n","protected":false},"excerpt":{"rendered":"<p>V\u00e5r TRUUSK scooter med svart ram och 10 cm stora d\u00e4ck av h\u00f6gkvalitativt gummi garanterar s\u00e4kerhet n\u00e4r du utf\u00f6r stunts&#8230;<\/p>\n","protected":false},"featured_media":65244,"template":"","meta":[],"product_brand":[],"product_cat":[880,610,1010],"product_tag":[],"class_list":{"0":"post-65253","1":"product","2":"type-product","3":"status-publish","4":"has-post-thumbnail","6":"product_cat-baby-barn-2","7":"product_cat-barnfordon","8":"product_cat-sparkcyklar","10":"first","11":"instock","12":"sale","13":"taxable","14":"shipping-taxable","15":"purchasable","16":"product-type-simple"},"yoast_head":"<!-- This site is optimized with the Yoast SEO plugin v25.4 - https:\/\/yoast.com\/wordpress\/plugins\/seo\/ -->\n<title>TRUUSK Stuntscooter med ABEC 9 Kullager - 100 mm Konstl\u00e4derhjul - Sparkcykel f\u00f6r Barn fr\u00e5n 14 \u00e5r - TRUUSK - Hem, Tr\u00e4dg\u00e5rd &amp; Fritid<\/title>\n<meta name=\"robots\" content=\"index, follow, max-snippet:-1, max-image-preview:large, max-video-preview:-1\" \/>\n<link rel=\"canonical\" href=\"https:\/\/truusk.store\/sv\/produkt\/truusk-stuntscooter-med-abec-9-kullager-100-mm-konstladerhjul-sparkcykel-for-barn-fran-14-ar\/\" \/>\n<meta property=\"og:locale\" content=\"sv_SE\" \/>\n<meta property=\"og:type\" content=\"article\" \/>\n<meta property=\"og:title\" content=\"TRUUSK Stuntscooter med ABEC 9 Kullager - 100 mm Konstl\u00e4derhjul - Sparkcykel f\u00f6r Barn fr\u00e5n 14 \u00e5r - TRUUSK - Hem, Tr\u00e4dg\u00e5rd &amp; Fritid\" \/>\n<meta property=\"og:description\" content=\"V\u00e5r TRUUSK scooter med svart ram och 10 cm stora d\u00e4ck av h\u00f6gkvalitativt gummi garanterar s\u00e4kerhet n\u00e4r du utf\u00f6r stunts...\" \/>\n<meta property=\"og:url\" content=\"https:\/\/truusk.store\/sv\/produkt\/truusk-stuntscooter-med-abec-9-kullager-100-mm-konstladerhjul-sparkcykel-for-barn-fran-14-ar\/\" \/>\n<meta property=\"og:site_name\" content=\"TRUUSK - Hem, Tr\u00e4dg\u00e5rd &amp; Fritid\" \/>\n<meta property=\"article:modified_time\" content=\"2026-03-12T08:42:21+00:00\" \/>\n<meta property=\"og:image\" content=\"https:\/\/i0.wp.com\/truusk.se\/wp-content\/uploads\/2025\/06\/stunt-scooter-funscooter-stuntscooter-med-abec-9-kullager-kickscooter-med-100-mm-konstladerhjul-sparkcykel-cityroller-trick-roller-for-barn-fran-14-ar-1-1.webp?fit=2000%2C2000&ssl=1\" \/>\n\t<meta property=\"og:image:width\" content=\"2000\" \/>\n\t<meta property=\"og:image:height\" content=\"2000\" \/>\n\t<meta property=\"og:image:type\" content=\"image\/webp\" \/>\n<meta name=\"twitter:card\" content=\"summary_large_image\" \/>\n<meta name=\"twitter:label1\" content=\"Ber\u00e4knad l\u00e4stid\" \/>\n\t<meta name=\"twitter:data1\" content=\"1 minut\" \/>\n<!-- \/ Yoast SEO plugin. -->","yoast_head_json":{"title":"TRUUSK Stuntscooter med ABEC 9 Kullager - 100 mm Konstl\u00e4derhjul - Sparkcykel f\u00f6r Barn fr\u00e5n 14 \u00e5r - TRUUSK - Hem, Tr\u00e4dg\u00e5rd &amp; Fritid","robots":{"index":"index","follow":"follow","max-snippet":"max-snippet:-1","max-image-preview":"max-image-preview:large","max-video-preview":"max-video-preview:-1"},"canonical":"https:\/\/truusk.store\/sv\/produkt\/truusk-stuntscooter-med-abec-9-kullager-100-mm-konstladerhjul-sparkcykel-for-barn-fran-14-ar\/","og_locale":"sv_SE","og_type":"article","og_title":"TRUUSK Stuntscooter med ABEC 9 Kullager - 100 mm Konstl\u00e4derhjul - Sparkcykel f\u00f6r Barn fr\u00e5n 14 \u00e5r - TRUUSK - Hem, Tr\u00e4dg\u00e5rd &amp; Fritid","og_description":"V\u00e5r TRUUSK scooter med svart ram och 10 cm stora d\u00e4ck av h\u00f6gkvalitativt gummi garanterar s\u00e4kerhet n\u00e4r du utf\u00f6r stunts...","og_url":"https:\/\/truusk.store\/sv\/produkt\/truusk-stuntscooter-med-abec-9-kullager-100-mm-konstladerhjul-sparkcykel-for-barn-fran-14-ar\/","og_site_name":"TRUUSK - Hem, Tr\u00e4dg\u00e5rd &amp; Fritid","article_modified_time":"2026-03-12T08:42:21+00:00","og_image":[{"width":2000,"height":2000,"url":"https:\/\/i0.wp.com\/truusk.se\/wp-content\/uploads\/2025\/06\/stunt-scooter-funscooter-stuntscooter-med-abec-9-kullager-kickscooter-med-100-mm-konstladerhjul-sparkcykel-cityroller-trick-roller-for-barn-fran-14-ar-1-1.webp?fit=2000%2C2000&ssl=1","type":"image\/webp"}],"twitter_card":"summary_large_image","twitter_misc":{"Ber\u00e4knad l\u00e4stid":"1 minut"},"schema":{"@context":"https:\/\/schema.org","@graph":[{"@type":"WebPage","@id":"https:\/\/truusk.store\/sv\/produkt\/truusk-stuntscooter-med-abec-9-kullager-100-mm-konstladerhjul-sparkcykel-for-barn-fran-14-ar\/","url":"https:\/\/truusk.store\/sv\/produkt\/truusk-stuntscooter-med-abec-9-kullager-100-mm-konstladerhjul-sparkcykel-for-barn-fran-14-ar\/","name":"TRUUSK Stuntscooter med ABEC 9 Kullager - 100 mm Konstl\u00e4derhjul - Sparkcykel f\u00f6r Barn fr\u00e5n 14 \u00e5r - TRUUSK - Hem, Tr\u00e4dg\u00e5rd &amp; Fritid","isPartOf":{"@id":"https:\/\/truusk.store\/sv\/#website"},"primaryImageOfPage":{"@id":"https:\/\/truusk.store\/sv\/produkt\/truusk-stuntscooter-med-abec-9-kullager-100-mm-konstladerhjul-sparkcykel-for-barn-fran-14-ar\/#primaryimage"},"image":{"@id":"https:\/\/truusk.store\/sv\/produkt\/truusk-stuntscooter-med-abec-9-kullager-100-mm-konstladerhjul-sparkcykel-for-barn-fran-14-ar\/#primaryimage"},"thumbnailUrl":"https:\/\/i0.wp.com\/truusk.store\/wp-content\/uploads\/2025\/06\/stunt-scooter-funscooter-stuntscooter-med-abec-9-kullager-kickscooter-med-100-mm-konstladerhjul-sparkcykel-cityroller-trick-roller-for-barn-fran-14-ar-1-1.webp?fit=2000%2C2000&ssl=1","datePublished":"2025-06-05T09:46:49+00:00","dateModified":"2026-03-12T08:42:21+00:00","breadcrumb":{"@id":"https:\/\/truusk.store\/sv\/produkt\/truusk-stuntscooter-med-abec-9-kullager-100-mm-konstladerhjul-sparkcykel-for-barn-fran-14-ar\/#breadcrumb"},"inLanguage":"sv-SE","potentialAction":[{"@type":"ReadAction","target":["https:\/\/truusk.store\/sv\/produkt\/truusk-stuntscooter-med-abec-9-kullager-100-mm-konstladerhjul-sparkcykel-for-barn-fran-14-ar\/"]}]},{"@type":"ImageObject","inLanguage":"sv-SE","@id":"https:\/\/truusk.store\/sv\/produkt\/truusk-stuntscooter-med-abec-9-kullager-100-mm-konstladerhjul-sparkcykel-for-barn-fran-14-ar\/#primaryimage","url":"https:\/\/i0.wp.com\/truusk.store\/wp-content\/uploads\/2025\/06\/stunt-scooter-funscooter-stuntscooter-med-abec-9-kullager-kickscooter-med-100-mm-konstladerhjul-sparkcykel-cityroller-trick-roller-for-barn-fran-14-ar-1-1.webp?fit=2000%2C2000&ssl=1","contentUrl":"https:\/\/i0.wp.com\/truusk.store\/wp-content\/uploads\/2025\/06\/stunt-scooter-funscooter-stuntscooter-med-abec-9-kullager-kickscooter-med-100-mm-konstladerhjul-sparkcykel-cityroller-trick-roller-for-barn-fran-14-ar-1-1.webp?fit=2000%2C2000&ssl=1","width":2000,"height":2000},{"@type":"BreadcrumbList","@id":"https:\/\/truusk.store\/sv\/produkt\/truusk-stuntscooter-med-abec-9-kullager-100-mm-konstladerhjul-sparkcykel-for-barn-fran-14-ar\/#breadcrumb","itemListElement":[{"@type":"ListItem","position":1,"name":"Home","item":"https:\/\/truusk.store\/sv\/"},{"@type":"ListItem","position":2,"name":"Shop","item":"https:\/\/truusk.store\/shop\/"},{"@type":"ListItem","position":3,"name":"TRUUSK Stuntscooter med ABEC 9 Kullager &#8211; 100 mm Konstl\u00e4derhjul &#8211; Sparkcykel f\u00f6r Barn fr\u00e5n 14 \u00e5r"}]},{"@type":"WebSite","@id":"https:\/\/truusk.store\/sv\/#website","url":"https:\/\/truusk.store\/sv\/","name":"TRUUSK - Hem, Tr\u00e4dg\u00e5rd & Fritid","description":"","publisher":{"@id":"https:\/\/truusk.store\/sv\/#organization"},"potentialAction":[{"@type":"SearchAction","target":{"@type":"EntryPoint","urlTemplate":"https:\/\/truusk.store\/sv\/?s={search_term_string}"},"query-input":{"@type":"PropertyValueSpecification","valueRequired":true,"valueName":"search_term_string"}}],"inLanguage":"sv-SE"},{"@type":"Organization","@id":"https:\/\/truusk.store\/sv\/#organization","name":"TRUUSK - Hem, Tr\u00e4dg\u00e5rd & Fritid","url":"https:\/\/truusk.store\/sv\/","logo":{"@type":"ImageObject","inLanguage":"sv-SE","@id":"https:\/\/truusk.store\/sv\/#\/schema\/logo\/image\/","url":"https:\/\/i0.wp.com\/truusk.store\/wp-content\/uploads\/2026\/03\/cropped-TRUUSK.png?fit=2032%2C917&ssl=1","contentUrl":"https:\/\/i0.wp.com\/truusk.store\/wp-content\/uploads\/2026\/03\/cropped-TRUUSK.png?fit=2032%2C917&ssl=1","width":2032,"height":917,"caption":"TRUUSK - Hem, Tr\u00e4dg\u00e5rd & Fritid"},"image":{"@id":"https:\/\/truusk.store\/sv\/#\/schema\/logo\/image\/"}}]}},"jetpack_sharing_enabled":true,"_links":{"self":[{"href":"https:\/\/truusk.store\/sv\/wp-json\/wp\/v2\/product\/65253","targetHints":{"allow":["GET"]}}],"collection":[{"href":"https:\/\/truusk.store\/sv\/wp-json\/wp\/v2\/product"}],"about":[{"href":"https:\/\/truusk.store\/sv\/wp-json\/wp\/v2\/types\/product"}],"wp:featuredmedia":[{"embeddable":true,"href":"https:\/\/truusk.store\/sv\/wp-json\/wp\/v2\/media\/65244"}],"wp:attachment":[{"href":"https:\/\/truusk.store\/sv\/wp-json\/wp\/v2\/media?parent=65253"}],"wp:term":[{"taxonomy":"product_brand","embeddable":true,"href":"https:\/\/truusk.store\/sv\/wp-json\/wp\/v2\/product_brand?post=65253"},{"taxonomy":"product_cat","embeddable":true,"href":"https:\/\/truusk.store\/sv\/wp-json\/wp\/v2\/product_cat?post=65253"},{"taxonomy":"product_tag","embeddable":true,"href":"https:\/\/truusk.store\/sv\/wp-json\/wp\/v2\/product_tag?post=65253"}],"curies":[{"name":"wp","href":"https:\/\/api.w.org\/{rel}","templated":true}]}}