{"id":65313,"date":"2025-06-05T10:52:49","date_gmt":"2025-06-05T09:52:49","guid":{"rendered":"https:\/\/truusk.store\/product\/2-delat-set-med-barstolar-bistrostolar-med-fotstod-roterande-barstol-hojdjusterbar-koksstol-med-linneoverdrag-for-vardagsrum-matsal-morkgra\/"},"modified":"2026-03-12T09:44:35","modified_gmt":"2026-03-12T08:44:35","slug":"truusk-2-delat-set-med-barstolar-bistrostolar-med-fotstod-roterande-barstol-hojdjusterbar-koksstol-linneoverdrag-morkgra","status":"publish","type":"product","link":"https:\/\/truusk.store\/sv\/produkt\/truusk-2-delat-set-med-barstolar-bistrostolar-med-fotstod-roterande-barstol-hojdjusterbar-koksstol-linneoverdrag-morkgra\/","title":{"rendered":"TRUUSK 2-delat Set med Barstolar &#8211; Bistrostolar med Fotst\u00f6d &#8211; Roterande Barstol &#8211; H\u00f6jdjusterbar K\u00f6ksstol &#8211; Linne\u00f6verdrag &#8211; M\u00f6rkgr\u00e5"},"content":{"rendered":"<p>Den eleganta skalryggen och den tubformade s\u00e4tet p\u00e5 varje barstol i v\u00e5rt TRUUSK 2-pack ger exklusiv stil till ditt utrymme. Med en justerbar h\u00f6jd fr\u00e5n 64 cm till 85 cm och en 360\u00b0 roteringsf\u00f6rm\u00e5ga, erbjuder barstolarna h\u00f6gsta komfort och flexibilitet. Kl\u00e4dda med ett andningsbart tyg och b\u00e4rs av en smal metallbas, harmoniserar dessa barstolar perfekt med alla inredningsstilar och \u00e4r ett oumb\u00e4rligt element f\u00f6r varje hem.<\/p>\n<p>Beskrivning:<\/p>\n<ul>\n<li> Set med 2 barstolar, l\u00e4mpligt f\u00f6r par eller g\u00e4ster<\/li>\n<li> Designen p\u00e5 barstolen med skalrygg f\u00f6rh\u00f6jer alla inredningar<\/li>\n<li> Justerbar h\u00f6jd fr\u00e5n 64 cm till 85 cm passar till olika bardiskar<\/li>\n<li> 360-graders roterande s\u00e4te m\u00f6jligg\u00f6r enkel r\u00f6relse<\/li>\n<li> Skumvaddering och andningsbart tyg i linneutseende garanterar komfort<\/li>\n<li> Inbyggd fotst\u00f6d p\u00e5 barstolen st\u00f6der en avslappnad sittst\u00e4llning<\/li>\n<li> Metallbasen ger stabilitet och gummiringen minimerar repor p\u00e5 golvet<\/li>\n<li> Montering kr\u00e4vs<\/li>\n<\/ul>\n<p>Tekniska data:<\/p>\n<ul>\n<li> F\u00e4rg: M\u00f6rkgr\u00e5+Svart<\/li>\n<li> Material: Linneimitation (100% Polyester), St\u00e5l, Skum<\/li>\n<li> Totala dimensioner: 59L x 53B x 89-110H cm<\/li>\n<li> Sitsstorlek: 59B x 53T x 64-85H cm<\/li>\n<li> Ryggst\u00f6dsstorlek: 23H x 5T cm<\/li>\n<li> H\u00f6jd p\u00e5 fotst\u00f6d: 21-41 cm<\/li>\n<li> Basdiameter: \u00d841 cm<\/li>\n<li> B\u00e4rkapacitet: 120 kg<\/li>\n<\/ul>\n<p>Leveransinneh\u00e5ll:<\/p>\n<ul>\n<li> 2 x Barstolar<\/li>\n<li> 1 x Handbok<\/li>\n<\/ul>\n","protected":false},"excerpt":{"rendered":"<p>Den eleganta skalryggen och den tubformade s\u00e4tet p\u00e5 varje barstol i v\u00e5rt TRUUSK 2-pack ger exklusiv stil till ditt utrymme&#8230;.<\/p>\n","protected":false},"featured_media":65304,"template":"","meta":[],"product_brand":[],"product_cat":[643,871,889],"product_tag":[],"class_list":{"0":"post-65313","1":"product","2":"type-product","3":"status-publish","4":"has-post-thumbnail","6":"product_cat-barnstolar","7":"product_cat-hus-hem","8":"product_cat-kok-matsal","10":"first","11":"instock","12":"sale","13":"taxable","14":"shipping-taxable","15":"purchasable","16":"product-type-simple"},"yoast_head":"<!-- This site is optimized with the Yoast SEO plugin v25.4 - https:\/\/yoast.com\/wordpress\/plugins\/seo\/ -->\n<title>TRUUSK 2-delat Set med Barstolar - Bistrostolar med Fotst\u00f6d - Roterande Barstol - H\u00f6jdjusterbar K\u00f6ksstol - Linne\u00f6verdrag - M\u00f6rkgr\u00e5 - TRUUSK - Hem, Tr\u00e4dg\u00e5rd &amp; Fritid<\/title>\n<meta name=\"robots\" content=\"index, follow, max-snippet:-1, max-image-preview:large, max-video-preview:-1\" \/>\n<link rel=\"canonical\" href=\"https:\/\/truusk.store\/sv\/produkt\/truusk-2-delat-set-med-barstolar-bistrostolar-med-fotstod-roterande-barstol-hojdjusterbar-koksstol-linneoverdrag-morkgra\/\" \/>\n<meta property=\"og:locale\" content=\"sv_SE\" \/>\n<meta property=\"og:type\" content=\"article\" \/>\n<meta property=\"og:title\" content=\"TRUUSK 2-delat Set med Barstolar - Bistrostolar med Fotst\u00f6d - Roterande Barstol - H\u00f6jdjusterbar K\u00f6ksstol - Linne\u00f6verdrag - M\u00f6rkgr\u00e5 - TRUUSK - Hem, Tr\u00e4dg\u00e5rd &amp; Fritid\" \/>\n<meta property=\"og:description\" content=\"Den eleganta skalryggen och den tubformade s\u00e4tet p\u00e5 varje barstol i v\u00e5rt TRUUSK 2-pack ger exklusiv stil till ditt utrymme....\" \/>\n<meta property=\"og:url\" content=\"https:\/\/truusk.store\/sv\/produkt\/truusk-2-delat-set-med-barstolar-bistrostolar-med-fotstod-roterande-barstol-hojdjusterbar-koksstol-linneoverdrag-morkgra\/\" \/>\n<meta property=\"og:site_name\" content=\"TRUUSK - Hem, Tr\u00e4dg\u00e5rd &amp; Fritid\" \/>\n<meta property=\"article:modified_time\" content=\"2026-03-12T08:44:35+00:00\" \/>\n<meta property=\"og:image\" content=\"https:\/\/i0.wp.com\/truusk.se\/wp-content\/uploads\/2025\/06\/2-delat-set-med-barstolar-bistrostolar-med-fotstod-roterande-barstol-hojdjusterbar-koksstol-med-linneoverdrag-for-vardagsrum-matsal-morkgra-1.webp?fit=2000%2C2000&ssl=1\" \/>\n\t<meta property=\"og:image:width\" content=\"2000\" \/>\n\t<meta property=\"og:image:height\" content=\"2000\" \/>\n\t<meta property=\"og:image:type\" content=\"image\/webp\" \/>\n<meta name=\"twitter:card\" content=\"summary_large_image\" \/>\n<meta name=\"twitter:label1\" content=\"Ber\u00e4knad l\u00e4stid\" \/>\n\t<meta name=\"twitter:data1\" content=\"1 minut\" \/>\n<!-- \/ Yoast SEO plugin. -->","yoast_head_json":{"title":"TRUUSK 2-delat Set med Barstolar - Bistrostolar med Fotst\u00f6d - Roterande Barstol - H\u00f6jdjusterbar K\u00f6ksstol - Linne\u00f6verdrag - M\u00f6rkgr\u00e5 - TRUUSK - Hem, Tr\u00e4dg\u00e5rd &amp; Fritid","robots":{"index":"index","follow":"follow","max-snippet":"max-snippet:-1","max-image-preview":"max-image-preview:large","max-video-preview":"max-video-preview:-1"},"canonical":"https:\/\/truusk.store\/sv\/produkt\/truusk-2-delat-set-med-barstolar-bistrostolar-med-fotstod-roterande-barstol-hojdjusterbar-koksstol-linneoverdrag-morkgra\/","og_locale":"sv_SE","og_type":"article","og_title":"TRUUSK 2-delat Set med Barstolar - Bistrostolar med Fotst\u00f6d - Roterande Barstol - H\u00f6jdjusterbar K\u00f6ksstol - Linne\u00f6verdrag - M\u00f6rkgr\u00e5 - TRUUSK - Hem, Tr\u00e4dg\u00e5rd &amp; Fritid","og_description":"Den eleganta skalryggen och den tubformade s\u00e4tet p\u00e5 varje barstol i v\u00e5rt TRUUSK 2-pack ger exklusiv stil till ditt utrymme....","og_url":"https:\/\/truusk.store\/sv\/produkt\/truusk-2-delat-set-med-barstolar-bistrostolar-med-fotstod-roterande-barstol-hojdjusterbar-koksstol-linneoverdrag-morkgra\/","og_site_name":"TRUUSK - Hem, Tr\u00e4dg\u00e5rd &amp; Fritid","article_modified_time":"2026-03-12T08:44:35+00:00","og_image":[{"width":2000,"height":2000,"url":"https:\/\/i0.wp.com\/truusk.se\/wp-content\/uploads\/2025\/06\/2-delat-set-med-barstolar-bistrostolar-med-fotstod-roterande-barstol-hojdjusterbar-koksstol-med-linneoverdrag-for-vardagsrum-matsal-morkgra-1.webp?fit=2000%2C2000&ssl=1","type":"image\/webp"}],"twitter_card":"summary_large_image","twitter_misc":{"Ber\u00e4knad l\u00e4stid":"1 minut"},"schema":{"@context":"https:\/\/schema.org","@graph":[{"@type":"WebPage","@id":"https:\/\/truusk.store\/sv\/produkt\/truusk-2-delat-set-med-barstolar-bistrostolar-med-fotstod-roterande-barstol-hojdjusterbar-koksstol-linneoverdrag-morkgra\/","url":"https:\/\/truusk.store\/sv\/produkt\/truusk-2-delat-set-med-barstolar-bistrostolar-med-fotstod-roterande-barstol-hojdjusterbar-koksstol-linneoverdrag-morkgra\/","name":"TRUUSK 2-delat Set med Barstolar - Bistrostolar med Fotst\u00f6d - Roterande Barstol - H\u00f6jdjusterbar K\u00f6ksstol - Linne\u00f6verdrag - M\u00f6rkgr\u00e5 - TRUUSK - Hem, Tr\u00e4dg\u00e5rd &amp; Fritid","isPartOf":{"@id":"https:\/\/truusk.store\/sv\/#website"},"primaryImageOfPage":{"@id":"https:\/\/truusk.store\/sv\/produkt\/truusk-2-delat-set-med-barstolar-bistrostolar-med-fotstod-roterande-barstol-hojdjusterbar-koksstol-linneoverdrag-morkgra\/#primaryimage"},"image":{"@id":"https:\/\/truusk.store\/sv\/produkt\/truusk-2-delat-set-med-barstolar-bistrostolar-med-fotstod-roterande-barstol-hojdjusterbar-koksstol-linneoverdrag-morkgra\/#primaryimage"},"thumbnailUrl":"https:\/\/i0.wp.com\/truusk.store\/wp-content\/uploads\/2025\/06\/2-delat-set-med-barstolar-bistrostolar-med-fotstod-roterande-barstol-hojdjusterbar-koksstol-med-linneoverdrag-for-vardagsrum-matsal-morkgra-1.webp?fit=2000%2C2000&ssl=1","datePublished":"2025-06-05T09:52:49+00:00","dateModified":"2026-03-12T08:44:35+00:00","breadcrumb":{"@id":"https:\/\/truusk.store\/sv\/produkt\/truusk-2-delat-set-med-barstolar-bistrostolar-med-fotstod-roterande-barstol-hojdjusterbar-koksstol-linneoverdrag-morkgra\/#breadcrumb"},"inLanguage":"sv-SE","potentialAction":[{"@type":"ReadAction","target":["https:\/\/truusk.store\/sv\/produkt\/truusk-2-delat-set-med-barstolar-bistrostolar-med-fotstod-roterande-barstol-hojdjusterbar-koksstol-linneoverdrag-morkgra\/"]}]},{"@type":"ImageObject","inLanguage":"sv-SE","@id":"https:\/\/truusk.store\/sv\/produkt\/truusk-2-delat-set-med-barstolar-bistrostolar-med-fotstod-roterande-barstol-hojdjusterbar-koksstol-linneoverdrag-morkgra\/#primaryimage","url":"https:\/\/i0.wp.com\/truusk.store\/wp-content\/uploads\/2025\/06\/2-delat-set-med-barstolar-bistrostolar-med-fotstod-roterande-barstol-hojdjusterbar-koksstol-med-linneoverdrag-for-vardagsrum-matsal-morkgra-1.webp?fit=2000%2C2000&ssl=1","contentUrl":"https:\/\/i0.wp.com\/truusk.store\/wp-content\/uploads\/2025\/06\/2-delat-set-med-barstolar-bistrostolar-med-fotstod-roterande-barstol-hojdjusterbar-koksstol-med-linneoverdrag-for-vardagsrum-matsal-morkgra-1.webp?fit=2000%2C2000&ssl=1","width":2000,"height":2000},{"@type":"BreadcrumbList","@id":"https:\/\/truusk.store\/sv\/produkt\/truusk-2-delat-set-med-barstolar-bistrostolar-med-fotstod-roterande-barstol-hojdjusterbar-koksstol-linneoverdrag-morkgra\/#breadcrumb","itemListElement":[{"@type":"ListItem","position":1,"name":"Home","item":"https:\/\/truusk.store\/sv\/"},{"@type":"ListItem","position":2,"name":"Shop","item":"https:\/\/truusk.store\/shop\/"},{"@type":"ListItem","position":3,"name":"TRUUSK 2-delat Set med Barstolar &#8211; Bistrostolar med Fotst\u00f6d &#8211; Roterande Barstol &#8211; H\u00f6jdjusterbar K\u00f6ksstol &#8211; Linne\u00f6verdrag &#8211; M\u00f6rkgr\u00e5"}]},{"@type":"WebSite","@id":"https:\/\/truusk.store\/sv\/#website","url":"https:\/\/truusk.store\/sv\/","name":"TRUUSK - Hem, Tr\u00e4dg\u00e5rd & Fritid","description":"","publisher":{"@id":"https:\/\/truusk.store\/sv\/#organization"},"potentialAction":[{"@type":"SearchAction","target":{"@type":"EntryPoint","urlTemplate":"https:\/\/truusk.store\/sv\/?s={search_term_string}"},"query-input":{"@type":"PropertyValueSpecification","valueRequired":true,"valueName":"search_term_string"}}],"inLanguage":"sv-SE"},{"@type":"Organization","@id":"https:\/\/truusk.store\/sv\/#organization","name":"TRUUSK - Hem, Tr\u00e4dg\u00e5rd & Fritid","url":"https:\/\/truusk.store\/sv\/","logo":{"@type":"ImageObject","inLanguage":"sv-SE","@id":"https:\/\/truusk.store\/sv\/#\/schema\/logo\/image\/","url":"https:\/\/i0.wp.com\/truusk.store\/wp-content\/uploads\/2026\/03\/cropped-TRUUSK.png?fit=2032%2C917&ssl=1","contentUrl":"https:\/\/i0.wp.com\/truusk.store\/wp-content\/uploads\/2026\/03\/cropped-TRUUSK.png?fit=2032%2C917&ssl=1","width":2032,"height":917,"caption":"TRUUSK - Hem, Tr\u00e4dg\u00e5rd & Fritid"},"image":{"@id":"https:\/\/truusk.store\/sv\/#\/schema\/logo\/image\/"}}]}},"jetpack_sharing_enabled":true,"_links":{"self":[{"href":"https:\/\/truusk.store\/sv\/wp-json\/wp\/v2\/product\/65313","targetHints":{"allow":["GET"]}}],"collection":[{"href":"https:\/\/truusk.store\/sv\/wp-json\/wp\/v2\/product"}],"about":[{"href":"https:\/\/truusk.store\/sv\/wp-json\/wp\/v2\/types\/product"}],"wp:featuredmedia":[{"embeddable":true,"href":"https:\/\/truusk.store\/sv\/wp-json\/wp\/v2\/media\/65304"}],"wp:attachment":[{"href":"https:\/\/truusk.store\/sv\/wp-json\/wp\/v2\/media?parent=65313"}],"wp:term":[{"taxonomy":"product_brand","embeddable":true,"href":"https:\/\/truusk.store\/sv\/wp-json\/wp\/v2\/product_brand?post=65313"},{"taxonomy":"product_cat","embeddable":true,"href":"https:\/\/truusk.store\/sv\/wp-json\/wp\/v2\/product_cat?post=65313"},{"taxonomy":"product_tag","embeddable":true,"href":"https:\/\/truusk.store\/sv\/wp-json\/wp\/v2\/product_tag?post=65313"}],"curies":[{"name":"wp","href":"https:\/\/api.w.org\/{rel}","templated":true}]}}