{"id":65323,"date":"2025-06-05T10:53:45","date_gmt":"2025-06-05T09:53:45","guid":{"rendered":"https:\/\/truusk.store\/product\/sittbank-med-forvaring-stoppad-bank-med-lock-sangbank-med-sammet-utseende-for-hall-sovrum-vardagsrum-metallram-102-x-35-x-43-cm-beige\/"},"modified":"2026-03-12T09:44:35","modified_gmt":"2026-03-12T08:44:35","slug":"truusk-stoppad-sittbank-med-forvaring-sammet-utseende-metallram-102-x-35-x-43-cm-beige","status":"publish","type":"product","link":"https:\/\/truusk.store\/sv\/produkt\/truusk-stoppad-sittbank-med-forvaring-sammet-utseende-metallram-102-x-35-x-43-cm-beige\/","title":{"rendered":"TRUUSK Stoppad Sittb\u00e4nk Med F\u00f6rvaring &#8211; Sammet Utseende &#8211; Metallram &#8211; 102 x 35 x 43 cm &#8211; Beige"},"content":{"rendered":"<p>Upplev elegansen med TRUUSK-b\u00e4nken med f\u00f6rvaring, en perfekt kombination av stil och funktionalitet. Med sammetliknande stoppning och ett mjukt lock erbjuder denna sittb\u00e4nk med f\u00f6rvaring sittkomfort och dold f\u00f6rvaring. De stabila metallbenen p\u00e5 sittb\u00e4nken ger ocks\u00e5 ett elegant, h\u00f6gkvalitativt intryck i alla rum.<\/p>\n<p>Beskrivning:<\/p>\n<ul>\n<li> Pall med f\u00f6rvaring erbjuder diskreta f\u00f6rvaringsm\u00f6jligheter f\u00f6r sm\u00e5 f\u00f6rem\u00e5l<\/li>\n<li> Den sammetliknande kl\u00e4dseln p\u00e5 sittb\u00e4nken k\u00e4nns mjuk och h\u00f6gkvalitativ<\/li>\n<li> Det stoppade locket p\u00e5 s\u00e4ngb\u00e4nken ger bekv\u00e4mt sittande<\/li>\n<li> Den mjuka st\u00e4ngningsmekanismen f\u00f6rhindrar skador<\/li>\n<li> Den eleganta, tuftade designen f\u00f6rb\u00e4ttrar rummets estetik<\/li>\n<li> Metallbenen b\u00e4r upp till 120 kg<\/li>\n<\/ul>\n<p>Tekniska data:<\/p>\n<ul>\n<li> F\u00e4rg: Beige<\/li>\n<li> Material: Sammet (100% polyester), metall, skum<\/li>\n<li> M\u00e5tt: 102L x 35B x 43H cm<\/li>\n<li> F\u00f6rvaringsutrymme: 94L x 27B x 11H cm<\/li>\n<li> Ben: 23L cm<\/li>\n<li> Belastningskapacitet: 120 kg<\/li>\n<\/ul>\n<p>Leveransinneh\u00e5ll:<\/p>\n<ul>\n<li> 1 x F\u00f6rvaringsb\u00e4nk<\/li>\n<li> 1 x Bruksanvisning<\/li>\n<\/ul>\n","protected":false},"excerpt":{"rendered":"<p>Upplev elegansen med TRUUSK-b\u00e4nken med f\u00f6rvaring, en perfekt kombination av stil och funktionalitet. Med sammetliknande stoppning och ett mjukt lock&#8230;<\/p>\n","protected":false},"featured_media":65314,"template":"","meta":[],"product_brand":[],"product_cat":[871,897,540],"product_tag":[],"class_list":{"0":"post-65323","1":"product","2":"type-product","3":"status-publish","4":"has-post-thumbnail","6":"product_cat-hus-hem","7":"product_cat-sovrum","8":"product_cat-stoppade-bankar","10":"first","11":"instock","12":"sale","13":"taxable","14":"shipping-taxable","15":"purchasable","16":"product-type-simple"},"yoast_head":"<!-- This site is optimized with the Yoast SEO plugin v25.4 - https:\/\/yoast.com\/wordpress\/plugins\/seo\/ -->\n<title>TRUUSK Stoppad Sittb\u00e4nk Med F\u00f6rvaring - Sammet Utseende - Metallram - 102 x 35 x 43 cm - Beige - TRUUSK - Hem, Tr\u00e4dg\u00e5rd &amp; Fritid<\/title>\n<meta name=\"robots\" content=\"index, follow, max-snippet:-1, max-image-preview:large, max-video-preview:-1\" \/>\n<link rel=\"canonical\" href=\"https:\/\/truusk.store\/sv\/produkt\/truusk-stoppad-sittbank-med-forvaring-sammet-utseende-metallram-102-x-35-x-43-cm-beige\/\" \/>\n<meta property=\"og:locale\" content=\"sv_SE\" \/>\n<meta property=\"og:type\" content=\"article\" \/>\n<meta property=\"og:title\" content=\"TRUUSK Stoppad Sittb\u00e4nk Med F\u00f6rvaring - Sammet Utseende - Metallram - 102 x 35 x 43 cm - Beige - TRUUSK - Hem, Tr\u00e4dg\u00e5rd &amp; Fritid\" \/>\n<meta property=\"og:description\" content=\"Upplev elegansen med TRUUSK-b\u00e4nken med f\u00f6rvaring, en perfekt kombination av stil och funktionalitet. Med sammetliknande stoppning och ett mjukt lock...\" \/>\n<meta property=\"og:url\" content=\"https:\/\/truusk.store\/sv\/produkt\/truusk-stoppad-sittbank-med-forvaring-sammet-utseende-metallram-102-x-35-x-43-cm-beige\/\" \/>\n<meta property=\"og:site_name\" content=\"TRUUSK - Hem, Tr\u00e4dg\u00e5rd &amp; Fritid\" \/>\n<meta property=\"article:modified_time\" content=\"2026-03-12T08:44:35+00:00\" \/>\n<meta property=\"og:image\" content=\"https:\/\/i0.wp.com\/truusk.se\/wp-content\/uploads\/2025\/06\/sittbank-med-forvaring-stoppad-bank-med-lock-sangbank-med-sammet-utseende-for-hall-sovrum-vardagsrum-metallram-102-x-35-x-43-cm-beige-1.webp?fit=2000%2C2000&ssl=1\" \/>\n\t<meta property=\"og:image:width\" content=\"2000\" \/>\n\t<meta property=\"og:image:height\" content=\"2000\" \/>\n\t<meta property=\"og:image:type\" content=\"image\/webp\" \/>\n<meta name=\"twitter:card\" content=\"summary_large_image\" \/>\n<meta name=\"twitter:label1\" content=\"Ber\u00e4knad l\u00e4stid\" \/>\n\t<meta name=\"twitter:data1\" content=\"1 minut\" \/>\n<!-- \/ Yoast SEO plugin. -->","yoast_head_json":{"title":"TRUUSK Stoppad Sittb\u00e4nk Med F\u00f6rvaring - Sammet Utseende - Metallram - 102 x 35 x 43 cm - Beige - TRUUSK - Hem, Tr\u00e4dg\u00e5rd &amp; Fritid","robots":{"index":"index","follow":"follow","max-snippet":"max-snippet:-1","max-image-preview":"max-image-preview:large","max-video-preview":"max-video-preview:-1"},"canonical":"https:\/\/truusk.store\/sv\/produkt\/truusk-stoppad-sittbank-med-forvaring-sammet-utseende-metallram-102-x-35-x-43-cm-beige\/","og_locale":"sv_SE","og_type":"article","og_title":"TRUUSK Stoppad Sittb\u00e4nk Med F\u00f6rvaring - Sammet Utseende - Metallram - 102 x 35 x 43 cm - Beige - TRUUSK - Hem, Tr\u00e4dg\u00e5rd &amp; Fritid","og_description":"Upplev elegansen med TRUUSK-b\u00e4nken med f\u00f6rvaring, en perfekt kombination av stil och funktionalitet. Med sammetliknande stoppning och ett mjukt lock...","og_url":"https:\/\/truusk.store\/sv\/produkt\/truusk-stoppad-sittbank-med-forvaring-sammet-utseende-metallram-102-x-35-x-43-cm-beige\/","og_site_name":"TRUUSK - Hem, Tr\u00e4dg\u00e5rd &amp; Fritid","article_modified_time":"2026-03-12T08:44:35+00:00","og_image":[{"width":2000,"height":2000,"url":"https:\/\/i0.wp.com\/truusk.se\/wp-content\/uploads\/2025\/06\/sittbank-med-forvaring-stoppad-bank-med-lock-sangbank-med-sammet-utseende-for-hall-sovrum-vardagsrum-metallram-102-x-35-x-43-cm-beige-1.webp?fit=2000%2C2000&ssl=1","type":"image\/webp"}],"twitter_card":"summary_large_image","twitter_misc":{"Ber\u00e4knad l\u00e4stid":"1 minut"},"schema":{"@context":"https:\/\/schema.org","@graph":[{"@type":"WebPage","@id":"https:\/\/truusk.store\/sv\/produkt\/truusk-stoppad-sittbank-med-forvaring-sammet-utseende-metallram-102-x-35-x-43-cm-beige\/","url":"https:\/\/truusk.store\/sv\/produkt\/truusk-stoppad-sittbank-med-forvaring-sammet-utseende-metallram-102-x-35-x-43-cm-beige\/","name":"TRUUSK Stoppad Sittb\u00e4nk Med F\u00f6rvaring - Sammet Utseende - Metallram - 102 x 35 x 43 cm - Beige - TRUUSK - Hem, Tr\u00e4dg\u00e5rd &amp; Fritid","isPartOf":{"@id":"https:\/\/truusk.store\/sv\/#website"},"primaryImageOfPage":{"@id":"https:\/\/truusk.store\/sv\/produkt\/truusk-stoppad-sittbank-med-forvaring-sammet-utseende-metallram-102-x-35-x-43-cm-beige\/#primaryimage"},"image":{"@id":"https:\/\/truusk.store\/sv\/produkt\/truusk-stoppad-sittbank-med-forvaring-sammet-utseende-metallram-102-x-35-x-43-cm-beige\/#primaryimage"},"thumbnailUrl":"https:\/\/i0.wp.com\/truusk.store\/wp-content\/uploads\/2025\/06\/sittbank-med-forvaring-stoppad-bank-med-lock-sangbank-med-sammet-utseende-for-hall-sovrum-vardagsrum-metallram-102-x-35-x-43-cm-beige-1.webp?fit=2000%2C2000&ssl=1","datePublished":"2025-06-05T09:53:45+00:00","dateModified":"2026-03-12T08:44:35+00:00","breadcrumb":{"@id":"https:\/\/truusk.store\/sv\/produkt\/truusk-stoppad-sittbank-med-forvaring-sammet-utseende-metallram-102-x-35-x-43-cm-beige\/#breadcrumb"},"inLanguage":"sv-SE","potentialAction":[{"@type":"ReadAction","target":["https:\/\/truusk.store\/sv\/produkt\/truusk-stoppad-sittbank-med-forvaring-sammet-utseende-metallram-102-x-35-x-43-cm-beige\/"]}]},{"@type":"ImageObject","inLanguage":"sv-SE","@id":"https:\/\/truusk.store\/sv\/produkt\/truusk-stoppad-sittbank-med-forvaring-sammet-utseende-metallram-102-x-35-x-43-cm-beige\/#primaryimage","url":"https:\/\/i0.wp.com\/truusk.store\/wp-content\/uploads\/2025\/06\/sittbank-med-forvaring-stoppad-bank-med-lock-sangbank-med-sammet-utseende-for-hall-sovrum-vardagsrum-metallram-102-x-35-x-43-cm-beige-1.webp?fit=2000%2C2000&ssl=1","contentUrl":"https:\/\/i0.wp.com\/truusk.store\/wp-content\/uploads\/2025\/06\/sittbank-med-forvaring-stoppad-bank-med-lock-sangbank-med-sammet-utseende-for-hall-sovrum-vardagsrum-metallram-102-x-35-x-43-cm-beige-1.webp?fit=2000%2C2000&ssl=1","width":2000,"height":2000},{"@type":"BreadcrumbList","@id":"https:\/\/truusk.store\/sv\/produkt\/truusk-stoppad-sittbank-med-forvaring-sammet-utseende-metallram-102-x-35-x-43-cm-beige\/#breadcrumb","itemListElement":[{"@type":"ListItem","position":1,"name":"Home","item":"https:\/\/truusk.store\/sv\/"},{"@type":"ListItem","position":2,"name":"Shop","item":"https:\/\/truusk.store\/shop\/"},{"@type":"ListItem","position":3,"name":"TRUUSK Stoppad Sittb\u00e4nk Med F\u00f6rvaring &#8211; Sammet Utseende &#8211; Metallram &#8211; 102 x 35 x 43 cm &#8211; Beige"}]},{"@type":"WebSite","@id":"https:\/\/truusk.store\/sv\/#website","url":"https:\/\/truusk.store\/sv\/","name":"TRUUSK - Hem, Tr\u00e4dg\u00e5rd & Fritid","description":"","publisher":{"@id":"https:\/\/truusk.store\/sv\/#organization"},"potentialAction":[{"@type":"SearchAction","target":{"@type":"EntryPoint","urlTemplate":"https:\/\/truusk.store\/sv\/?s={search_term_string}"},"query-input":{"@type":"PropertyValueSpecification","valueRequired":true,"valueName":"search_term_string"}}],"inLanguage":"sv-SE"},{"@type":"Organization","@id":"https:\/\/truusk.store\/sv\/#organization","name":"TRUUSK - Hem, Tr\u00e4dg\u00e5rd & Fritid","url":"https:\/\/truusk.store\/sv\/","logo":{"@type":"ImageObject","inLanguage":"sv-SE","@id":"https:\/\/truusk.store\/sv\/#\/schema\/logo\/image\/","url":"https:\/\/i0.wp.com\/truusk.store\/wp-content\/uploads\/2026\/03\/cropped-TRUUSK.png?fit=2032%2C917&ssl=1","contentUrl":"https:\/\/i0.wp.com\/truusk.store\/wp-content\/uploads\/2026\/03\/cropped-TRUUSK.png?fit=2032%2C917&ssl=1","width":2032,"height":917,"caption":"TRUUSK - Hem, Tr\u00e4dg\u00e5rd & Fritid"},"image":{"@id":"https:\/\/truusk.store\/sv\/#\/schema\/logo\/image\/"}}]}},"jetpack_sharing_enabled":true,"_links":{"self":[{"href":"https:\/\/truusk.store\/sv\/wp-json\/wp\/v2\/product\/65323","targetHints":{"allow":["GET"]}}],"collection":[{"href":"https:\/\/truusk.store\/sv\/wp-json\/wp\/v2\/product"}],"about":[{"href":"https:\/\/truusk.store\/sv\/wp-json\/wp\/v2\/types\/product"}],"wp:featuredmedia":[{"embeddable":true,"href":"https:\/\/truusk.store\/sv\/wp-json\/wp\/v2\/media\/65314"}],"wp:attachment":[{"href":"https:\/\/truusk.store\/sv\/wp-json\/wp\/v2\/media?parent=65323"}],"wp:term":[{"taxonomy":"product_brand","embeddable":true,"href":"https:\/\/truusk.store\/sv\/wp-json\/wp\/v2\/product_brand?post=65323"},{"taxonomy":"product_cat","embeddable":true,"href":"https:\/\/truusk.store\/sv\/wp-json\/wp\/v2\/product_cat?post=65323"},{"taxonomy":"product_tag","embeddable":true,"href":"https:\/\/truusk.store\/sv\/wp-json\/wp\/v2\/product_tag?post=65323"}],"curies":[{"name":"wp","href":"https:\/\/api.w.org\/{rel}","templated":true}]}}