{"id":65363,"date":"2025-06-05T10:57:42","date_gmt":"2025-06-05T09:57:42","guid":{"rendered":"https:\/\/truusk.store\/product\/golvsoffa-3-i-1-vikbar-soffa-med-sammetseffekt-vadderad-soffbadd-upp-till-240-kg-belastning-for-sovrum-vardagsrum-beige\/"},"modified":"2026-03-12T09:44:09","modified_gmt":"2026-03-12T08:44:09","slug":"truusk-3-i-1-vikbar-golvsoffa-med-sammetseffekt-vadderad-soffbadd-upp-till-240-kg-belastning-for-sovrum-vardagsrum-beige","status":"publish","type":"product","link":"https:\/\/truusk.store\/sv\/produkt\/truusk-3-i-1-vikbar-golvsoffa-med-sammetseffekt-vadderad-soffbadd-upp-till-240-kg-belastning-for-sovrum-vardagsrum-beige\/","title":{"rendered":"TRUUSK 3-i-1 Vikbar Golvsoffa Med Sammetseffekt &#8211; Vadderad Soffb\u00e4dd Upp Till 240 Kg Belastning &#8211; F\u00f6r Sovrum, Vardagsrum &#8211; Beige"},"content":{"rendered":"<p>G\u00f6r mer med ditt utrymme med TRUUSK golvsoffa. Den f\u00f6rvandlas enkelt fr\u00e5n en avkopplande soffa till en bekv\u00e4m g\u00e4stmadrass och tillbaka till en sittkudde. Den sammetsmjuka kl\u00e4dseln och den tjocka stoppningen p\u00e5 Lazy-soffan erbjuder h\u00f6gsta komfort. Perfekt f\u00f6r sm\u00e5 bostadsomr\u00e5den eftersom det enkelt kan delas och vikas f\u00f6r att spara utrymme. Njut av gr\u00e4nsl\u00f6s avkoppling.<\/p>\n<p>Beskrivning:<\/p>\n<ul>\n<li> V\u00e4xlar mellan sittkudde, golvsoffa och s\u00e4ng<\/li>\n<li> H\u00f6g komfort med sammetsmjuk tygkl\u00e4dsel och tjock stoppning<\/li>\n<li> Centralt blixtl\u00e5s p\u00e5 Lazy-soffan f\u00f6r enkel separation<\/li>\n<li> L\u00e4mplig f\u00f6r l\u00e4genheter, studentbost\u00e4der, sm\u00e5 rum och resor<\/li>\n<li> Ingen montering kr\u00e4vs f\u00f6r omedelbar anv\u00e4ndning<\/li>\n<\/ul>\n<p>Tekniska data:<\/p>\n<ul>\n<li> F\u00e4rg: Beige<\/li>\n<li> Material: Sammet (100% polyester), skum<\/li>\n<li> Stolm\u00e5tt: 120B x 80T x 75H cm<\/li>\n<li> S\u00e4ngm\u00e5tt: 120B x 275T x 10H cm<\/li>\n<li> Sitt h\u00f6jd: 33 cm<\/li>\n<li> Sitt tjocklek: 33 cm<\/li>\n<li> Ryggh\u00f6jd: 60 cm<\/li>\n<li> Rygg tjocklek: 33 cm<\/li>\n<li> B\u00e4rkapacitet: 240 kg<\/li>\n<\/ul>\n<p>Leverans inneh\u00e5ller:<\/p>\n<ul>\n<li> 1 x Golvsoffa<\/li>\n<li> 1 x Bruksanvisning<\/li>\n<\/ul>\n","protected":false},"excerpt":{"rendered":"<p>G\u00f6r mer med ditt utrymme med TRUUSK golvsoffa. Den f\u00f6rvandlas enkelt fr\u00e5n en avkopplande soffa till en bekv\u00e4m g\u00e4stmadrass och&#8230;<\/p>\n","protected":false},"featured_media":65354,"template":"","meta":[],"product_brand":[],"product_cat":[521,871,951,910],"product_tag":[],"class_list":{"0":"post-65363","1":"product","2":"type-product","3":"status-publish","4":"has-post-thumbnail","6":"product_cat-fatolj","7":"product_cat-hus-hem","8":"product_cat-schlafsessel","9":"product_cat-vardagsrum","11":"first","12":"instock","13":"sale","14":"taxable","15":"shipping-taxable","16":"purchasable","17":"product-type-simple"},"yoast_head":"<!-- This site is optimized with the Yoast SEO plugin v25.4 - https:\/\/yoast.com\/wordpress\/plugins\/seo\/ -->\n<title>TRUUSK 3-i-1 Vikbar Golvsoffa Med Sammetseffekt - Vadderad Soffb\u00e4dd Upp Till 240 Kg Belastning - F\u00f6r Sovrum, Vardagsrum - Beige - TRUUSK - Hem, Tr\u00e4dg\u00e5rd &amp; Fritid<\/title>\n<meta name=\"robots\" content=\"index, follow, max-snippet:-1, max-image-preview:large, max-video-preview:-1\" \/>\n<link rel=\"canonical\" href=\"https:\/\/truusk.store\/sv\/produkt\/truusk-3-i-1-vikbar-golvsoffa-med-sammetseffekt-vadderad-soffbadd-upp-till-240-kg-belastning-for-sovrum-vardagsrum-beige\/\" \/>\n<meta property=\"og:locale\" content=\"sv_SE\" \/>\n<meta property=\"og:type\" content=\"article\" \/>\n<meta property=\"og:title\" content=\"TRUUSK 3-i-1 Vikbar Golvsoffa Med Sammetseffekt - Vadderad Soffb\u00e4dd Upp Till 240 Kg Belastning - F\u00f6r Sovrum, Vardagsrum - Beige - TRUUSK - Hem, Tr\u00e4dg\u00e5rd &amp; Fritid\" \/>\n<meta property=\"og:description\" content=\"G\u00f6r mer med ditt utrymme med TRUUSK golvsoffa. Den f\u00f6rvandlas enkelt fr\u00e5n en avkopplande soffa till en bekv\u00e4m g\u00e4stmadrass och...\" \/>\n<meta property=\"og:url\" content=\"https:\/\/truusk.store\/sv\/produkt\/truusk-3-i-1-vikbar-golvsoffa-med-sammetseffekt-vadderad-soffbadd-upp-till-240-kg-belastning-for-sovrum-vardagsrum-beige\/\" \/>\n<meta property=\"og:site_name\" content=\"TRUUSK - Hem, Tr\u00e4dg\u00e5rd &amp; Fritid\" \/>\n<meta property=\"article:modified_time\" content=\"2026-03-12T08:44:09+00:00\" \/>\n<meta property=\"og:image\" content=\"https:\/\/i0.wp.com\/truusk.se\/wp-content\/uploads\/2025\/06\/golvsoffa-3-i-1-vikbar-soffa-med-sammetseffekt-vadderad-soffbadd-upp-till-240-kg-belastning-for-sovrum-vardagsrum-beige-1.webp?fit=2000%2C2000&ssl=1\" \/>\n\t<meta property=\"og:image:width\" content=\"2000\" \/>\n\t<meta property=\"og:image:height\" content=\"2000\" \/>\n\t<meta property=\"og:image:type\" content=\"image\/webp\" \/>\n<meta name=\"twitter:card\" content=\"summary_large_image\" \/>\n<meta name=\"twitter:label1\" content=\"Ber\u00e4knad l\u00e4stid\" \/>\n\t<meta name=\"twitter:data1\" content=\"1 minut\" \/>\n<!-- \/ Yoast SEO plugin. -->","yoast_head_json":{"title":"TRUUSK 3-i-1 Vikbar Golvsoffa Med Sammetseffekt - Vadderad Soffb\u00e4dd Upp Till 240 Kg Belastning - F\u00f6r Sovrum, Vardagsrum - Beige - TRUUSK - Hem, Tr\u00e4dg\u00e5rd &amp; Fritid","robots":{"index":"index","follow":"follow","max-snippet":"max-snippet:-1","max-image-preview":"max-image-preview:large","max-video-preview":"max-video-preview:-1"},"canonical":"https:\/\/truusk.store\/sv\/produkt\/truusk-3-i-1-vikbar-golvsoffa-med-sammetseffekt-vadderad-soffbadd-upp-till-240-kg-belastning-for-sovrum-vardagsrum-beige\/","og_locale":"sv_SE","og_type":"article","og_title":"TRUUSK 3-i-1 Vikbar Golvsoffa Med Sammetseffekt - Vadderad Soffb\u00e4dd Upp Till 240 Kg Belastning - F\u00f6r Sovrum, Vardagsrum - Beige - TRUUSK - Hem, Tr\u00e4dg\u00e5rd &amp; Fritid","og_description":"G\u00f6r mer med ditt utrymme med TRUUSK golvsoffa. Den f\u00f6rvandlas enkelt fr\u00e5n en avkopplande soffa till en bekv\u00e4m g\u00e4stmadrass och...","og_url":"https:\/\/truusk.store\/sv\/produkt\/truusk-3-i-1-vikbar-golvsoffa-med-sammetseffekt-vadderad-soffbadd-upp-till-240-kg-belastning-for-sovrum-vardagsrum-beige\/","og_site_name":"TRUUSK - Hem, Tr\u00e4dg\u00e5rd &amp; Fritid","article_modified_time":"2026-03-12T08:44:09+00:00","og_image":[{"width":2000,"height":2000,"url":"https:\/\/i0.wp.com\/truusk.se\/wp-content\/uploads\/2025\/06\/golvsoffa-3-i-1-vikbar-soffa-med-sammetseffekt-vadderad-soffbadd-upp-till-240-kg-belastning-for-sovrum-vardagsrum-beige-1.webp?fit=2000%2C2000&ssl=1","type":"image\/webp"}],"twitter_card":"summary_large_image","twitter_misc":{"Ber\u00e4knad l\u00e4stid":"1 minut"},"schema":{"@context":"https:\/\/schema.org","@graph":[{"@type":"WebPage","@id":"https:\/\/truusk.store\/sv\/produkt\/truusk-3-i-1-vikbar-golvsoffa-med-sammetseffekt-vadderad-soffbadd-upp-till-240-kg-belastning-for-sovrum-vardagsrum-beige\/","url":"https:\/\/truusk.store\/sv\/produkt\/truusk-3-i-1-vikbar-golvsoffa-med-sammetseffekt-vadderad-soffbadd-upp-till-240-kg-belastning-for-sovrum-vardagsrum-beige\/","name":"TRUUSK 3-i-1 Vikbar Golvsoffa Med Sammetseffekt - Vadderad Soffb\u00e4dd Upp Till 240 Kg Belastning - F\u00f6r Sovrum, Vardagsrum - Beige - TRUUSK - Hem, Tr\u00e4dg\u00e5rd &amp; Fritid","isPartOf":{"@id":"https:\/\/truusk.store\/sv\/#website"},"primaryImageOfPage":{"@id":"https:\/\/truusk.store\/sv\/produkt\/truusk-3-i-1-vikbar-golvsoffa-med-sammetseffekt-vadderad-soffbadd-upp-till-240-kg-belastning-for-sovrum-vardagsrum-beige\/#primaryimage"},"image":{"@id":"https:\/\/truusk.store\/sv\/produkt\/truusk-3-i-1-vikbar-golvsoffa-med-sammetseffekt-vadderad-soffbadd-upp-till-240-kg-belastning-for-sovrum-vardagsrum-beige\/#primaryimage"},"thumbnailUrl":"https:\/\/i0.wp.com\/truusk.store\/wp-content\/uploads\/2025\/06\/golvsoffa-3-i-1-vikbar-soffa-med-sammetseffekt-vadderad-soffbadd-upp-till-240-kg-belastning-for-sovrum-vardagsrum-beige-1.webp?fit=2000%2C2000&ssl=1","datePublished":"2025-06-05T09:57:42+00:00","dateModified":"2026-03-12T08:44:09+00:00","breadcrumb":{"@id":"https:\/\/truusk.store\/sv\/produkt\/truusk-3-i-1-vikbar-golvsoffa-med-sammetseffekt-vadderad-soffbadd-upp-till-240-kg-belastning-for-sovrum-vardagsrum-beige\/#breadcrumb"},"inLanguage":"sv-SE","potentialAction":[{"@type":"ReadAction","target":["https:\/\/truusk.store\/sv\/produkt\/truusk-3-i-1-vikbar-golvsoffa-med-sammetseffekt-vadderad-soffbadd-upp-till-240-kg-belastning-for-sovrum-vardagsrum-beige\/"]}]},{"@type":"ImageObject","inLanguage":"sv-SE","@id":"https:\/\/truusk.store\/sv\/produkt\/truusk-3-i-1-vikbar-golvsoffa-med-sammetseffekt-vadderad-soffbadd-upp-till-240-kg-belastning-for-sovrum-vardagsrum-beige\/#primaryimage","url":"https:\/\/i0.wp.com\/truusk.store\/wp-content\/uploads\/2025\/06\/golvsoffa-3-i-1-vikbar-soffa-med-sammetseffekt-vadderad-soffbadd-upp-till-240-kg-belastning-for-sovrum-vardagsrum-beige-1.webp?fit=2000%2C2000&ssl=1","contentUrl":"https:\/\/i0.wp.com\/truusk.store\/wp-content\/uploads\/2025\/06\/golvsoffa-3-i-1-vikbar-soffa-med-sammetseffekt-vadderad-soffbadd-upp-till-240-kg-belastning-for-sovrum-vardagsrum-beige-1.webp?fit=2000%2C2000&ssl=1","width":2000,"height":2000},{"@type":"BreadcrumbList","@id":"https:\/\/truusk.store\/sv\/produkt\/truusk-3-i-1-vikbar-golvsoffa-med-sammetseffekt-vadderad-soffbadd-upp-till-240-kg-belastning-for-sovrum-vardagsrum-beige\/#breadcrumb","itemListElement":[{"@type":"ListItem","position":1,"name":"Home","item":"https:\/\/truusk.store\/sv\/"},{"@type":"ListItem","position":2,"name":"Shop","item":"https:\/\/truusk.store\/shop\/"},{"@type":"ListItem","position":3,"name":"TRUUSK 3-i-1 Vikbar Golvsoffa Med Sammetseffekt &#8211; Vadderad Soffb\u00e4dd Upp Till 240 Kg Belastning &#8211; F\u00f6r Sovrum, Vardagsrum &#8211; Beige"}]},{"@type":"WebSite","@id":"https:\/\/truusk.store\/sv\/#website","url":"https:\/\/truusk.store\/sv\/","name":"TRUUSK - Hem, Tr\u00e4dg\u00e5rd & Fritid","description":"","publisher":{"@id":"https:\/\/truusk.store\/sv\/#organization"},"potentialAction":[{"@type":"SearchAction","target":{"@type":"EntryPoint","urlTemplate":"https:\/\/truusk.store\/sv\/?s={search_term_string}"},"query-input":{"@type":"PropertyValueSpecification","valueRequired":true,"valueName":"search_term_string"}}],"inLanguage":"sv-SE"},{"@type":"Organization","@id":"https:\/\/truusk.store\/sv\/#organization","name":"TRUUSK - Hem, Tr\u00e4dg\u00e5rd & Fritid","url":"https:\/\/truusk.store\/sv\/","logo":{"@type":"ImageObject","inLanguage":"sv-SE","@id":"https:\/\/truusk.store\/sv\/#\/schema\/logo\/image\/","url":"https:\/\/i0.wp.com\/truusk.store\/wp-content\/uploads\/2026\/03\/cropped-TRUUSK.png?fit=2032%2C917&ssl=1","contentUrl":"https:\/\/i0.wp.com\/truusk.store\/wp-content\/uploads\/2026\/03\/cropped-TRUUSK.png?fit=2032%2C917&ssl=1","width":2032,"height":917,"caption":"TRUUSK - Hem, Tr\u00e4dg\u00e5rd & Fritid"},"image":{"@id":"https:\/\/truusk.store\/sv\/#\/schema\/logo\/image\/"}}]}},"jetpack_sharing_enabled":true,"_links":{"self":[{"href":"https:\/\/truusk.store\/sv\/wp-json\/wp\/v2\/product\/65363","targetHints":{"allow":["GET"]}}],"collection":[{"href":"https:\/\/truusk.store\/sv\/wp-json\/wp\/v2\/product"}],"about":[{"href":"https:\/\/truusk.store\/sv\/wp-json\/wp\/v2\/types\/product"}],"wp:featuredmedia":[{"embeddable":true,"href":"https:\/\/truusk.store\/sv\/wp-json\/wp\/v2\/media\/65354"}],"wp:attachment":[{"href":"https:\/\/truusk.store\/sv\/wp-json\/wp\/v2\/media?parent=65363"}],"wp:term":[{"taxonomy":"product_brand","embeddable":true,"href":"https:\/\/truusk.store\/sv\/wp-json\/wp\/v2\/product_brand?post=65363"},{"taxonomy":"product_cat","embeddable":true,"href":"https:\/\/truusk.store\/sv\/wp-json\/wp\/v2\/product_cat?post=65363"},{"taxonomy":"product_tag","embeddable":true,"href":"https:\/\/truusk.store\/sv\/wp-json\/wp\/v2\/product_tag?post=65363"}],"curies":[{"name":"wp","href":"https:\/\/api.w.org\/{rel}","templated":true}]}}