{"id":65383,"date":"2025-06-05T10:59:38","date_gmt":"2025-06-05T09:59:38","guid":{"rendered":"https:\/\/truusk.store\/product\/garderobstall-i-bambu-kladstall-med-hyllor-och-krokar-kladtork-med-kladstang-for-hall-vardagsrum-sovrum-116-x-435-x-160-cm-naturligt-tra\/"},"modified":"2026-03-12T09:44:34","modified_gmt":"2026-03-12T08:44:34","slug":"truusk-garderob-i-bambu-med-hyllor-och-krokar-kladstall-med-kladstang-naturligt-tra-116-x-435-x-160-cm","status":"publish","type":"product","link":"https:\/\/truusk.store\/sv\/produkt\/truusk-garderob-i-bambu-med-hyllor-och-krokar-kladstall-med-kladstang-naturligt-tra-116-x-435-x-160-cm\/","title":{"rendered":"TRUUSK Garderob i Bambu &#8211; Med Hyllor och Krokar &#8211; Kl\u00e4dst\u00e4ll med Kl\u00e4dst\u00e5ng &#8211; Naturligt Tr\u00e4 &#8211; 116 x 43,5 x 160 cm"},"content":{"rendered":"<p>H\u00e5ll ordning i ditt hem med TRUUSK kl\u00e4dst\u00e4llning! Denna eleganta tr\u00e4dg\u00e5rdsgarderob erbjuder en \u00f6verh\u00e4ngande st\u00e5ng med tv\u00e5 krokar f\u00f6r rockar och skjortor samt en nedre skohylla f\u00f6r upp till fyra par skor. Perfekt f\u00f6r hallen eller sovrummet, den frist\u00e5ende jackst\u00e4llningen ser till att dina kl\u00e4der \u00e4r l\u00e4ttillg\u00e4ngliga och ditt vardagsrum f\u00f6rblir st\u00e4dat.<\/p>\n<p>Beskrivning:<\/p>\n<ul>\n<li> Den \u00f6vre st\u00e5ngen p\u00e5 garderobst\u00e4llningen med krokar organiserar effektivt rockar, halsdukar och mer<\/li>\n<li> Den nedre hyllan p\u00e5 kl\u00e4dst\u00e4llningen rymmer fyra par skor upp till storlek EU44<\/li>\n<li> Lamelldesignen fr\u00e4mjar luftcirkulation och f\u00f6rhindrar luktbildning<\/li>\n<li> Bamburamen p\u00e5 jackst\u00e4llningen erbjuder en stilfull, A-formad design f\u00f6r stabilitet<\/li>\n<li> L\u00e4mplig f\u00f6r anv\u00e4ndning i entr\u00e9er, sovrum och vardagsrum<\/li>\n<li> Enkel montering kr\u00e4vs<\/li>\n<\/ul>\n<p> Tekniska data:<\/p>\n<ul>\n<li> F\u00e4rg: Naturtr\u00e4<\/li>\n<li> Material: Bambu<\/li>\n<li> Totala dimensioner: 116L x 43,5B x 160H cm<\/li>\n<li> St\u00e5ngl\u00e4ngd: 98,5 cm<\/li>\n<li> Upph\u00e4ngningsh\u00f6jd: 125,5 cm<\/li>\n<li> Hyllstorlek: 84B x 35T cm<\/li>\n<li> Max. skostorlek: EU44<\/li>\n<li> Hyllavst\u00e5nd till golvet: 15,5 cm<\/li>\n<li> B\u00e4rkapacitet: 10 kg (totalt), 5 kg (st\u00e5ng\/hylla)<\/li>\n<\/ul>\n<p> Leveransinneh\u00e5ll:<\/p>\n<ul>\n<li> 1 x Kl\u00e4dst\u00e4llning<\/li>\n<li> 1 x Bruksanvisning<\/li>\n<\/ul>\n","protected":false},"excerpt":{"rendered":"<p>H\u00e5ll ordning i ditt hem med TRUUSK kl\u00e4dst\u00e4llning! Denna eleganta tr\u00e4dg\u00e5rdsgarderob erbjuder en \u00f6verh\u00e4ngande st\u00e5ng med tv\u00e5 krokar f\u00f6r rockar&#8230;<\/p>\n","protected":false},"featured_media":65374,"template":"","meta":[],"product_brand":[],"product_cat":[871,975,897],"product_tag":[],"class_list":{"0":"post-65383","1":"product","2":"type-product","3":"status-publish","4":"has-post-thumbnail","6":"product_cat-hus-hem","7":"product_cat-kladstallningar","8":"product_cat-sovrum","10":"first","11":"instock","12":"sale","13":"taxable","14":"shipping-taxable","15":"purchasable","16":"product-type-simple"},"yoast_head":"<!-- This site is optimized with the Yoast SEO plugin v25.4 - https:\/\/yoast.com\/wordpress\/plugins\/seo\/ -->\n<title>TRUUSK Garderob i Bambu - Med Hyllor och Krokar - Kl\u00e4dst\u00e4ll med Kl\u00e4dst\u00e5ng - Naturligt Tr\u00e4 - 116 x 43,5 x 160 cm - TRUUSK - Hem, Tr\u00e4dg\u00e5rd &amp; Fritid<\/title>\n<meta name=\"robots\" content=\"index, follow, max-snippet:-1, max-image-preview:large, max-video-preview:-1\" \/>\n<link rel=\"canonical\" href=\"https:\/\/truusk.store\/sv\/produkt\/truusk-garderob-i-bambu-med-hyllor-och-krokar-kladstall-med-kladstang-naturligt-tra-116-x-435-x-160-cm\/\" \/>\n<meta property=\"og:locale\" content=\"sv_SE\" \/>\n<meta property=\"og:type\" content=\"article\" \/>\n<meta property=\"og:title\" content=\"TRUUSK Garderob i Bambu - Med Hyllor och Krokar - Kl\u00e4dst\u00e4ll med Kl\u00e4dst\u00e5ng - Naturligt Tr\u00e4 - 116 x 43,5 x 160 cm - TRUUSK - Hem, Tr\u00e4dg\u00e5rd &amp; Fritid\" \/>\n<meta property=\"og:description\" content=\"H\u00e5ll ordning i ditt hem med TRUUSK kl\u00e4dst\u00e4llning! Denna eleganta tr\u00e4dg\u00e5rdsgarderob erbjuder en \u00f6verh\u00e4ngande st\u00e5ng med tv\u00e5 krokar f\u00f6r rockar...\" \/>\n<meta property=\"og:url\" content=\"https:\/\/truusk.store\/sv\/produkt\/truusk-garderob-i-bambu-med-hyllor-och-krokar-kladstall-med-kladstang-naturligt-tra-116-x-435-x-160-cm\/\" \/>\n<meta property=\"og:site_name\" content=\"TRUUSK - Hem, Tr\u00e4dg\u00e5rd &amp; Fritid\" \/>\n<meta property=\"article:modified_time\" content=\"2026-03-12T08:44:34+00:00\" \/>\n<meta property=\"og:image\" content=\"https:\/\/i0.wp.com\/truusk.se\/wp-content\/uploads\/2025\/06\/garderobstall-i-bambu-kladstall-med-hyllor-och-krokar-kladtork-med-kladstang-for-hall-vardagsrum-sovrum-116-x-435-x-160-cm-naturligt-tra-1.webp?fit=2000%2C2000&ssl=1\" \/>\n\t<meta property=\"og:image:width\" content=\"2000\" \/>\n\t<meta property=\"og:image:height\" content=\"2000\" \/>\n\t<meta property=\"og:image:type\" content=\"image\/webp\" \/>\n<meta name=\"twitter:card\" content=\"summary_large_image\" \/>\n<meta name=\"twitter:label1\" content=\"Ber\u00e4knad l\u00e4stid\" \/>\n\t<meta name=\"twitter:data1\" content=\"1 minut\" \/>\n<!-- \/ Yoast SEO plugin. -->","yoast_head_json":{"title":"TRUUSK Garderob i Bambu - Med Hyllor och Krokar - Kl\u00e4dst\u00e4ll med Kl\u00e4dst\u00e5ng - Naturligt Tr\u00e4 - 116 x 43,5 x 160 cm - TRUUSK - Hem, Tr\u00e4dg\u00e5rd &amp; Fritid","robots":{"index":"index","follow":"follow","max-snippet":"max-snippet:-1","max-image-preview":"max-image-preview:large","max-video-preview":"max-video-preview:-1"},"canonical":"https:\/\/truusk.store\/sv\/produkt\/truusk-garderob-i-bambu-med-hyllor-och-krokar-kladstall-med-kladstang-naturligt-tra-116-x-435-x-160-cm\/","og_locale":"sv_SE","og_type":"article","og_title":"TRUUSK Garderob i Bambu - Med Hyllor och Krokar - Kl\u00e4dst\u00e4ll med Kl\u00e4dst\u00e5ng - Naturligt Tr\u00e4 - 116 x 43,5 x 160 cm - TRUUSK - Hem, Tr\u00e4dg\u00e5rd &amp; Fritid","og_description":"H\u00e5ll ordning i ditt hem med TRUUSK kl\u00e4dst\u00e4llning! Denna eleganta tr\u00e4dg\u00e5rdsgarderob erbjuder en \u00f6verh\u00e4ngande st\u00e5ng med tv\u00e5 krokar f\u00f6r rockar...","og_url":"https:\/\/truusk.store\/sv\/produkt\/truusk-garderob-i-bambu-med-hyllor-och-krokar-kladstall-med-kladstang-naturligt-tra-116-x-435-x-160-cm\/","og_site_name":"TRUUSK - Hem, Tr\u00e4dg\u00e5rd &amp; Fritid","article_modified_time":"2026-03-12T08:44:34+00:00","og_image":[{"width":2000,"height":2000,"url":"https:\/\/i0.wp.com\/truusk.se\/wp-content\/uploads\/2025\/06\/garderobstall-i-bambu-kladstall-med-hyllor-och-krokar-kladtork-med-kladstang-for-hall-vardagsrum-sovrum-116-x-435-x-160-cm-naturligt-tra-1.webp?fit=2000%2C2000&ssl=1","type":"image\/webp"}],"twitter_card":"summary_large_image","twitter_misc":{"Ber\u00e4knad l\u00e4stid":"1 minut"},"schema":{"@context":"https:\/\/schema.org","@graph":[{"@type":"WebPage","@id":"https:\/\/truusk.store\/sv\/produkt\/truusk-garderob-i-bambu-med-hyllor-och-krokar-kladstall-med-kladstang-naturligt-tra-116-x-435-x-160-cm\/","url":"https:\/\/truusk.store\/sv\/produkt\/truusk-garderob-i-bambu-med-hyllor-och-krokar-kladstall-med-kladstang-naturligt-tra-116-x-435-x-160-cm\/","name":"TRUUSK Garderob i Bambu - Med Hyllor och Krokar - Kl\u00e4dst\u00e4ll med Kl\u00e4dst\u00e5ng - Naturligt Tr\u00e4 - 116 x 43,5 x 160 cm - TRUUSK - Hem, Tr\u00e4dg\u00e5rd &amp; Fritid","isPartOf":{"@id":"https:\/\/truusk.store\/sv\/#website"},"primaryImageOfPage":{"@id":"https:\/\/truusk.store\/sv\/produkt\/truusk-garderob-i-bambu-med-hyllor-och-krokar-kladstall-med-kladstang-naturligt-tra-116-x-435-x-160-cm\/#primaryimage"},"image":{"@id":"https:\/\/truusk.store\/sv\/produkt\/truusk-garderob-i-bambu-med-hyllor-och-krokar-kladstall-med-kladstang-naturligt-tra-116-x-435-x-160-cm\/#primaryimage"},"thumbnailUrl":"https:\/\/i0.wp.com\/truusk.store\/wp-content\/uploads\/2025\/06\/garderobstall-i-bambu-kladstall-med-hyllor-och-krokar-kladtork-med-kladstang-for-hall-vardagsrum-sovrum-116-x-435-x-160-cm-naturligt-tra-1.webp?fit=2000%2C2000&ssl=1","datePublished":"2025-06-05T09:59:38+00:00","dateModified":"2026-03-12T08:44:34+00:00","breadcrumb":{"@id":"https:\/\/truusk.store\/sv\/produkt\/truusk-garderob-i-bambu-med-hyllor-och-krokar-kladstall-med-kladstang-naturligt-tra-116-x-435-x-160-cm\/#breadcrumb"},"inLanguage":"sv-SE","potentialAction":[{"@type":"ReadAction","target":["https:\/\/truusk.store\/sv\/produkt\/truusk-garderob-i-bambu-med-hyllor-och-krokar-kladstall-med-kladstang-naturligt-tra-116-x-435-x-160-cm\/"]}]},{"@type":"ImageObject","inLanguage":"sv-SE","@id":"https:\/\/truusk.store\/sv\/produkt\/truusk-garderob-i-bambu-med-hyllor-och-krokar-kladstall-med-kladstang-naturligt-tra-116-x-435-x-160-cm\/#primaryimage","url":"https:\/\/i0.wp.com\/truusk.store\/wp-content\/uploads\/2025\/06\/garderobstall-i-bambu-kladstall-med-hyllor-och-krokar-kladtork-med-kladstang-for-hall-vardagsrum-sovrum-116-x-435-x-160-cm-naturligt-tra-1.webp?fit=2000%2C2000&ssl=1","contentUrl":"https:\/\/i0.wp.com\/truusk.store\/wp-content\/uploads\/2025\/06\/garderobstall-i-bambu-kladstall-med-hyllor-och-krokar-kladtork-med-kladstang-for-hall-vardagsrum-sovrum-116-x-435-x-160-cm-naturligt-tra-1.webp?fit=2000%2C2000&ssl=1","width":2000,"height":2000},{"@type":"BreadcrumbList","@id":"https:\/\/truusk.store\/sv\/produkt\/truusk-garderob-i-bambu-med-hyllor-och-krokar-kladstall-med-kladstang-naturligt-tra-116-x-435-x-160-cm\/#breadcrumb","itemListElement":[{"@type":"ListItem","position":1,"name":"Home","item":"https:\/\/truusk.store\/sv\/"},{"@type":"ListItem","position":2,"name":"Shop","item":"https:\/\/truusk.store\/shop\/"},{"@type":"ListItem","position":3,"name":"TRUUSK Garderob i Bambu &#8211; Med Hyllor och Krokar &#8211; Kl\u00e4dst\u00e4ll med Kl\u00e4dst\u00e5ng &#8211; Naturligt Tr\u00e4 &#8211; 116 x 43,5 x 160 cm"}]},{"@type":"WebSite","@id":"https:\/\/truusk.store\/sv\/#website","url":"https:\/\/truusk.store\/sv\/","name":"TRUUSK - Hem, Tr\u00e4dg\u00e5rd & Fritid","description":"","publisher":{"@id":"https:\/\/truusk.store\/sv\/#organization"},"potentialAction":[{"@type":"SearchAction","target":{"@type":"EntryPoint","urlTemplate":"https:\/\/truusk.store\/sv\/?s={search_term_string}"},"query-input":{"@type":"PropertyValueSpecification","valueRequired":true,"valueName":"search_term_string"}}],"inLanguage":"sv-SE"},{"@type":"Organization","@id":"https:\/\/truusk.store\/sv\/#organization","name":"TRUUSK - Hem, Tr\u00e4dg\u00e5rd & Fritid","url":"https:\/\/truusk.store\/sv\/","logo":{"@type":"ImageObject","inLanguage":"sv-SE","@id":"https:\/\/truusk.store\/sv\/#\/schema\/logo\/image\/","url":"https:\/\/i0.wp.com\/truusk.store\/wp-content\/uploads\/2026\/03\/cropped-TRUUSK.png?fit=2032%2C917&ssl=1","contentUrl":"https:\/\/i0.wp.com\/truusk.store\/wp-content\/uploads\/2026\/03\/cropped-TRUUSK.png?fit=2032%2C917&ssl=1","width":2032,"height":917,"caption":"TRUUSK - Hem, Tr\u00e4dg\u00e5rd & Fritid"},"image":{"@id":"https:\/\/truusk.store\/sv\/#\/schema\/logo\/image\/"}}]}},"jetpack_sharing_enabled":true,"_links":{"self":[{"href":"https:\/\/truusk.store\/sv\/wp-json\/wp\/v2\/product\/65383","targetHints":{"allow":["GET"]}}],"collection":[{"href":"https:\/\/truusk.store\/sv\/wp-json\/wp\/v2\/product"}],"about":[{"href":"https:\/\/truusk.store\/sv\/wp-json\/wp\/v2\/types\/product"}],"wp:featuredmedia":[{"embeddable":true,"href":"https:\/\/truusk.store\/sv\/wp-json\/wp\/v2\/media\/65374"}],"wp:attachment":[{"href":"https:\/\/truusk.store\/sv\/wp-json\/wp\/v2\/media?parent=65383"}],"wp:term":[{"taxonomy":"product_brand","embeddable":true,"href":"https:\/\/truusk.store\/sv\/wp-json\/wp\/v2\/product_brand?post=65383"},{"taxonomy":"product_cat","embeddable":true,"href":"https:\/\/truusk.store\/sv\/wp-json\/wp\/v2\/product_cat?post=65383"},{"taxonomy":"product_tag","embeddable":true,"href":"https:\/\/truusk.store\/sv\/wp-json\/wp\/v2\/product_tag?post=65383"}],"curies":[{"name":"wp","href":"https:\/\/api.w.org\/{rel}","templated":true}]}}