{"id":65393,"date":"2025-06-05T11:00:38","date_gmt":"2025-06-05T10:00:38","guid":{"rendered":"https:\/\/truusk.store\/product\/sittbank-med-forvaring-stoppad-bank-med-linneutseende-traben-modern-sangbank-for-hall-sovrum-vardagsrum-138-x-40-x-45-cm-morkgra\/"},"modified":"2026-03-12T09:44:35","modified_gmt":"2026-03-12T08:44:35","slug":"truusk-stoppad-sangbank-med-forvaring-modern-design-traben-morkgra-138-x-40-x-45-cm","status":"publish","type":"product","link":"https:\/\/truusk.store\/sv\/produkt\/truusk-stoppad-sangbank-med-forvaring-modern-design-traben-morkgra-138-x-40-x-45-cm\/","title":{"rendered":"TRUUSK Stoppad S\u00e4ngb\u00e4nk Med F\u00f6rvaring &#8211; Modern Design &#8211; Tr\u00e4ben &#8211; M\u00f6rkgr\u00e5 &#8211; 138 x 40 x 45 cm"},"content":{"rendered":"<p>Uppt\u00e4ck charmen med TRUUSK b\u00e4nken med f\u00f6rvaring: Komfort m\u00f6ter funktionalitet. Den vadderade b\u00e4nken erbjuder med sin tjocka, skumfyllda sits i linneutseende en v\u00e4lkommen plats att vila. Under s\u00e4tet finns gott om f\u00f6rvaringsutrymme och f\u00f6rvaringsb\u00e4nken \u00e4r idealisk f\u00f6r vardagsrummet, som f\u00f6nsterb\u00e4nk eller elegant hallb\u00e4nk. Robusta ben av gummitr\u00e4 garanterar dessutom stilfull stabilitet.<\/p>\n<p>Beskrivning:<\/p>\n<ul>\n<li> Den tjockt vadderade ytan garanterar en bekv\u00e4m sittupplevelse<\/li>\n<li> Andningsbart fodral f\u00f6r f\u00f6rvaringsb\u00e4nken i linneutseende l\u00e4gger till en touch av elegans<\/li>\n<li> Dold f\u00f6rvaring h\u00e5ller dina saker organiserade<\/li>\n<li> Stilfullt, tuftat design kompletterar modern heminredning<\/li>\n<li> Kan anv\u00e4ndas som en b\u00e4nk i slutet av s\u00e4ngen (f\u00f6r en dubbels\u00e4ng), som en f\u00f6nsterb\u00e4nk eller som en hallb\u00e4nk<\/li>\n<li> Massiva gummitr\u00e4ben p\u00e5 f\u00f6rvaringsb\u00e4nken kan b\u00e4ra upp till 220 kg<\/li>\n<li> Fotdynor skyddar ditt golv fr\u00e5n repor<\/li>\n<li> Montering kr\u00e4vs<\/li>\n<\/ul>\n<p> Tekniska data:<\/p>\n<ul>\n<li> F\u00e4rg: M\u00f6rkgr\u00e5<\/li>\n<li> Material: Linne (100% polyester), skum, flerskiktsplatta, gummitr\u00e4<\/li>\n<li> Totala dimensioner: 138B x 40T x 45H cm<\/li>\n<li> Benh\u00f6jd: 12 cm<\/li>\n<li> Belastningskapacitet: 220 kg<\/li>\n<\/ul>\n<p> Leveransinneh\u00e5ll:<\/p>\n<ul>\n<li> 1 x F\u00f6rvaringsb\u00e4nk<\/li>\n<li> 1 x Handbok<\/li>\n<\/ul>\n","protected":false},"excerpt":{"rendered":"<p>Uppt\u00e4ck charmen med TRUUSK b\u00e4nken med f\u00f6rvaring: Komfort m\u00f6ter funktionalitet. Den vadderade b\u00e4nken erbjuder med sin tjocka, skumfyllda sits i&#8230;<\/p>\n","protected":false},"featured_media":65384,"template":"","meta":[],"product_brand":[],"product_cat":[871,897,540],"product_tag":[],"class_list":{"0":"post-65393","1":"product","2":"type-product","3":"status-publish","4":"has-post-thumbnail","6":"product_cat-hus-hem","7":"product_cat-sovrum","8":"product_cat-stoppade-bankar","10":"first","11":"instock","12":"sale","13":"taxable","14":"shipping-taxable","15":"purchasable","16":"product-type-simple"},"yoast_head":"<!-- This site is optimized with the Yoast SEO plugin v25.4 - https:\/\/yoast.com\/wordpress\/plugins\/seo\/ -->\n<title>TRUUSK Stoppad S\u00e4ngb\u00e4nk Med F\u00f6rvaring - Modern Design - Tr\u00e4ben - M\u00f6rkgr\u00e5 - 138 x 40 x 45 cm - TRUUSK - Hem, Tr\u00e4dg\u00e5rd &amp; Fritid<\/title>\n<meta name=\"robots\" content=\"index, follow, max-snippet:-1, max-image-preview:large, max-video-preview:-1\" \/>\n<link rel=\"canonical\" href=\"https:\/\/truusk.store\/sv\/produkt\/truusk-stoppad-sangbank-med-forvaring-modern-design-traben-morkgra-138-x-40-x-45-cm\/\" \/>\n<meta property=\"og:locale\" content=\"sv_SE\" \/>\n<meta property=\"og:type\" content=\"article\" \/>\n<meta property=\"og:title\" content=\"TRUUSK Stoppad S\u00e4ngb\u00e4nk Med F\u00f6rvaring - Modern Design - Tr\u00e4ben - M\u00f6rkgr\u00e5 - 138 x 40 x 45 cm - TRUUSK - Hem, Tr\u00e4dg\u00e5rd &amp; Fritid\" \/>\n<meta property=\"og:description\" content=\"Uppt\u00e4ck charmen med TRUUSK b\u00e4nken med f\u00f6rvaring: Komfort m\u00f6ter funktionalitet. Den vadderade b\u00e4nken erbjuder med sin tjocka, skumfyllda sits i...\" \/>\n<meta property=\"og:url\" content=\"https:\/\/truusk.store\/sv\/produkt\/truusk-stoppad-sangbank-med-forvaring-modern-design-traben-morkgra-138-x-40-x-45-cm\/\" \/>\n<meta property=\"og:site_name\" content=\"TRUUSK - Hem, Tr\u00e4dg\u00e5rd &amp; Fritid\" \/>\n<meta property=\"article:modified_time\" content=\"2026-03-12T08:44:35+00:00\" \/>\n<meta property=\"og:image\" content=\"https:\/\/i0.wp.com\/truusk.se\/wp-content\/uploads\/2025\/06\/sittbank-med-forvaring-stoppad-bank-med-linneutseende-traben-modern-sangbank-for-hall-sovrum-vardagsrum-138-x-40-x-45-cm-morkgra-1.webp?fit=2000%2C2000&ssl=1\" \/>\n\t<meta property=\"og:image:width\" content=\"2000\" \/>\n\t<meta property=\"og:image:height\" content=\"2000\" \/>\n\t<meta property=\"og:image:type\" content=\"image\/webp\" \/>\n<meta name=\"twitter:card\" content=\"summary_large_image\" \/>\n<meta name=\"twitter:label1\" content=\"Ber\u00e4knad l\u00e4stid\" \/>\n\t<meta name=\"twitter:data1\" content=\"1 minut\" \/>\n<!-- \/ Yoast SEO plugin. -->","yoast_head_json":{"title":"TRUUSK Stoppad S\u00e4ngb\u00e4nk Med F\u00f6rvaring - Modern Design - Tr\u00e4ben - M\u00f6rkgr\u00e5 - 138 x 40 x 45 cm - TRUUSK - Hem, Tr\u00e4dg\u00e5rd &amp; Fritid","robots":{"index":"index","follow":"follow","max-snippet":"max-snippet:-1","max-image-preview":"max-image-preview:large","max-video-preview":"max-video-preview:-1"},"canonical":"https:\/\/truusk.store\/sv\/produkt\/truusk-stoppad-sangbank-med-forvaring-modern-design-traben-morkgra-138-x-40-x-45-cm\/","og_locale":"sv_SE","og_type":"article","og_title":"TRUUSK Stoppad S\u00e4ngb\u00e4nk Med F\u00f6rvaring - Modern Design - Tr\u00e4ben - M\u00f6rkgr\u00e5 - 138 x 40 x 45 cm - TRUUSK - Hem, Tr\u00e4dg\u00e5rd &amp; Fritid","og_description":"Uppt\u00e4ck charmen med TRUUSK b\u00e4nken med f\u00f6rvaring: Komfort m\u00f6ter funktionalitet. Den vadderade b\u00e4nken erbjuder med sin tjocka, skumfyllda sits i...","og_url":"https:\/\/truusk.store\/sv\/produkt\/truusk-stoppad-sangbank-med-forvaring-modern-design-traben-morkgra-138-x-40-x-45-cm\/","og_site_name":"TRUUSK - Hem, Tr\u00e4dg\u00e5rd &amp; Fritid","article_modified_time":"2026-03-12T08:44:35+00:00","og_image":[{"width":2000,"height":2000,"url":"https:\/\/i0.wp.com\/truusk.se\/wp-content\/uploads\/2025\/06\/sittbank-med-forvaring-stoppad-bank-med-linneutseende-traben-modern-sangbank-for-hall-sovrum-vardagsrum-138-x-40-x-45-cm-morkgra-1.webp?fit=2000%2C2000&ssl=1","type":"image\/webp"}],"twitter_card":"summary_large_image","twitter_misc":{"Ber\u00e4knad l\u00e4stid":"1 minut"},"schema":{"@context":"https:\/\/schema.org","@graph":[{"@type":"WebPage","@id":"https:\/\/truusk.store\/sv\/produkt\/truusk-stoppad-sangbank-med-forvaring-modern-design-traben-morkgra-138-x-40-x-45-cm\/","url":"https:\/\/truusk.store\/sv\/produkt\/truusk-stoppad-sangbank-med-forvaring-modern-design-traben-morkgra-138-x-40-x-45-cm\/","name":"TRUUSK Stoppad S\u00e4ngb\u00e4nk Med F\u00f6rvaring - Modern Design - Tr\u00e4ben - M\u00f6rkgr\u00e5 - 138 x 40 x 45 cm - TRUUSK - Hem, Tr\u00e4dg\u00e5rd &amp; Fritid","isPartOf":{"@id":"https:\/\/truusk.store\/sv\/#website"},"primaryImageOfPage":{"@id":"https:\/\/truusk.store\/sv\/produkt\/truusk-stoppad-sangbank-med-forvaring-modern-design-traben-morkgra-138-x-40-x-45-cm\/#primaryimage"},"image":{"@id":"https:\/\/truusk.store\/sv\/produkt\/truusk-stoppad-sangbank-med-forvaring-modern-design-traben-morkgra-138-x-40-x-45-cm\/#primaryimage"},"thumbnailUrl":"https:\/\/i0.wp.com\/truusk.store\/wp-content\/uploads\/2025\/06\/sittbank-med-forvaring-stoppad-bank-med-linneutseende-traben-modern-sangbank-for-hall-sovrum-vardagsrum-138-x-40-x-45-cm-morkgra-1.webp?fit=2000%2C2000&ssl=1","datePublished":"2025-06-05T10:00:38+00:00","dateModified":"2026-03-12T08:44:35+00:00","breadcrumb":{"@id":"https:\/\/truusk.store\/sv\/produkt\/truusk-stoppad-sangbank-med-forvaring-modern-design-traben-morkgra-138-x-40-x-45-cm\/#breadcrumb"},"inLanguage":"sv-SE","potentialAction":[{"@type":"ReadAction","target":["https:\/\/truusk.store\/sv\/produkt\/truusk-stoppad-sangbank-med-forvaring-modern-design-traben-morkgra-138-x-40-x-45-cm\/"]}]},{"@type":"ImageObject","inLanguage":"sv-SE","@id":"https:\/\/truusk.store\/sv\/produkt\/truusk-stoppad-sangbank-med-forvaring-modern-design-traben-morkgra-138-x-40-x-45-cm\/#primaryimage","url":"https:\/\/i0.wp.com\/truusk.store\/wp-content\/uploads\/2025\/06\/sittbank-med-forvaring-stoppad-bank-med-linneutseende-traben-modern-sangbank-for-hall-sovrum-vardagsrum-138-x-40-x-45-cm-morkgra-1.webp?fit=2000%2C2000&ssl=1","contentUrl":"https:\/\/i0.wp.com\/truusk.store\/wp-content\/uploads\/2025\/06\/sittbank-med-forvaring-stoppad-bank-med-linneutseende-traben-modern-sangbank-for-hall-sovrum-vardagsrum-138-x-40-x-45-cm-morkgra-1.webp?fit=2000%2C2000&ssl=1","width":2000,"height":2000},{"@type":"BreadcrumbList","@id":"https:\/\/truusk.store\/sv\/produkt\/truusk-stoppad-sangbank-med-forvaring-modern-design-traben-morkgra-138-x-40-x-45-cm\/#breadcrumb","itemListElement":[{"@type":"ListItem","position":1,"name":"Home","item":"https:\/\/truusk.store\/sv\/"},{"@type":"ListItem","position":2,"name":"Shop","item":"https:\/\/truusk.store\/shop\/"},{"@type":"ListItem","position":3,"name":"TRUUSK Stoppad S\u00e4ngb\u00e4nk Med F\u00f6rvaring &#8211; Modern Design &#8211; Tr\u00e4ben &#8211; M\u00f6rkgr\u00e5 &#8211; 138 x 40 x 45 cm"}]},{"@type":"WebSite","@id":"https:\/\/truusk.store\/sv\/#website","url":"https:\/\/truusk.store\/sv\/","name":"TRUUSK - Hem, Tr\u00e4dg\u00e5rd & Fritid","description":"","publisher":{"@id":"https:\/\/truusk.store\/sv\/#organization"},"potentialAction":[{"@type":"SearchAction","target":{"@type":"EntryPoint","urlTemplate":"https:\/\/truusk.store\/sv\/?s={search_term_string}"},"query-input":{"@type":"PropertyValueSpecification","valueRequired":true,"valueName":"search_term_string"}}],"inLanguage":"sv-SE"},{"@type":"Organization","@id":"https:\/\/truusk.store\/sv\/#organization","name":"TRUUSK - Hem, Tr\u00e4dg\u00e5rd & Fritid","url":"https:\/\/truusk.store\/sv\/","logo":{"@type":"ImageObject","inLanguage":"sv-SE","@id":"https:\/\/truusk.store\/sv\/#\/schema\/logo\/image\/","url":"https:\/\/i0.wp.com\/truusk.store\/wp-content\/uploads\/2026\/03\/cropped-TRUUSK.png?fit=2032%2C917&ssl=1","contentUrl":"https:\/\/i0.wp.com\/truusk.store\/wp-content\/uploads\/2026\/03\/cropped-TRUUSK.png?fit=2032%2C917&ssl=1","width":2032,"height":917,"caption":"TRUUSK - Hem, Tr\u00e4dg\u00e5rd & Fritid"},"image":{"@id":"https:\/\/truusk.store\/sv\/#\/schema\/logo\/image\/"}}]}},"jetpack_sharing_enabled":true,"_links":{"self":[{"href":"https:\/\/truusk.store\/sv\/wp-json\/wp\/v2\/product\/65393","targetHints":{"allow":["GET"]}}],"collection":[{"href":"https:\/\/truusk.store\/sv\/wp-json\/wp\/v2\/product"}],"about":[{"href":"https:\/\/truusk.store\/sv\/wp-json\/wp\/v2\/types\/product"}],"wp:featuredmedia":[{"embeddable":true,"href":"https:\/\/truusk.store\/sv\/wp-json\/wp\/v2\/media\/65384"}],"wp:attachment":[{"href":"https:\/\/truusk.store\/sv\/wp-json\/wp\/v2\/media?parent=65393"}],"wp:term":[{"taxonomy":"product_brand","embeddable":true,"href":"https:\/\/truusk.store\/sv\/wp-json\/wp\/v2\/product_brand?post=65393"},{"taxonomy":"product_cat","embeddable":true,"href":"https:\/\/truusk.store\/sv\/wp-json\/wp\/v2\/product_cat?post=65393"},{"taxonomy":"product_tag","embeddable":true,"href":"https:\/\/truusk.store\/sv\/wp-json\/wp\/v2\/product_tag?post=65393"}],"curies":[{"name":"wp","href":"https:\/\/api.w.org\/{rel}","templated":true}]}}