{"id":6542,"date":"2024-02-13T08:28:58","date_gmt":"2024-02-13T07:28:58","guid":{"rendered":"https:\/\/truusk.store\/product\/konstgjord-hack-privatliv-hack-uteplats-vaggdekoration-vaggdekoration-ljusgron-300-x-100-cm\/"},"modified":"2026-03-12T08:55:19","modified_gmt":"2026-03-12T07:55:19","slug":"truusk-konstgjord-hack-uteplats-vaggdekoration-ljusgron-300-x-100-cm","status":"publish","type":"product","link":"https:\/\/truusk.store\/sv\/produkt\/truusk-konstgjord-hack-uteplats-vaggdekoration-ljusgron-300-x-100-cm\/","title":{"rendered":"TRUUSK Konstgjord H\u00e4ck Uteplats V\u00e4ggdekoration &#8211; Ljusgr\u00f6n &#8211; 300 x 100 cm"},"content":{"rendered":"<p>Den ljusgr\u00f6na sekretesssk\u00e4rmen \u00e4r \u00f6vertygande \u00f6ver hela linjen. L\u00e4tt att installera, l\u00e4tt att underh\u00e5lla och flexibel att installera. Det t\u00e4ta bladverket \u00e4r modellerat efter l\u00f6nntr\u00e4dets. Den djupt flikiga strukturen \u00e4r gjord av UV- och v\u00e4derbest\u00e4ndig plast och ger ett p\u00e5litligt skydd mot nyfikna \u00f6gon. F\u00e4stalternativen \u00e4r varierande, oavsett om det \u00e4r p\u00e5 din egen balkong, terrassen eller som ett komplement till ditt tr\u00e4dg\u00e5rdsstaket. St\u00e4ll in din uteplats individuellt och enkelt.<\/p>\n<h3>Beskrivning:<\/h3>\n<ul>\n<li>Konstgjord h\u00e4ck, l\u00f6vverket \u00e4r modellerat efter l\u00f6nntr\u00e4det<\/li>\n<li>Perfekt f\u00f6r installation p\u00e5 balkongen, terrassen eller tr\u00e4dg\u00e5rden<\/li>\n<li>H\u00f6g kvalitet, resistent mot UV-str\u00e5lning, damm och \u00e5ldrande<\/li>\n<li>Mycket l\u00e4tt att installera och tv\u00e4tta<\/li>\n<\/ul>\n<h3>Teknisk data:<\/h3>\n<ul>\n<li>F\u00e4rg: ljusgr\u00f6n<\/li>\n<li>Material: PE och tyg<\/li>\n<li>Totalm\u00e5tt: L300 x B100cm<\/li>\n<li>Bladm\u00e5tt: L7 x B6 cm<\/li>\n<\/ul>\n<h3>Leveransens omfattning:<\/h3>\n<ul>\n<li>1 x konstgjord h\u00e4ck<\/li>\n<\/ul>\n","protected":false},"excerpt":{"rendered":"<p>Den ljusgr\u00f6na sekretesssk\u00e4rmen \u00e4r \u00f6vertygande \u00f6ver hela linjen. L\u00e4tt att installera, l\u00e4tt att underh\u00e5lla och flexibel att installera. Det t\u00e4ta&#8230;<\/p>\n","protected":false},"featured_media":6543,"template":"","meta":[],"product_brand":[],"product_cat":[475,471,435],"product_tag":[],"class_list":{"0":"post-6542","1":"product","2":"type-product","3":"status-publish","4":"has-post-thumbnail","6":"product_cat-sekretessskarmar-och-konstgjorda-hackar","7":"product_cat-solskydd-integritetsskydd","8":"product_cat-tradgard-och-terrass","10":"first","11":"instock","12":"sale","13":"taxable","14":"shipping-taxable","15":"purchasable","16":"product-type-simple"},"yoast_head":"<!-- This site is optimized with the Yoast SEO plugin v25.4 - https:\/\/yoast.com\/wordpress\/plugins\/seo\/ -->\n<title>TRUUSK Konstgjord H\u00e4ck Uteplats V\u00e4ggdekoration - Ljusgr\u00f6n - 300 x 100 cm - TRUUSK - Hem, Tr\u00e4dg\u00e5rd &amp; Fritid<\/title>\n<meta name=\"robots\" content=\"index, follow, max-snippet:-1, max-image-preview:large, max-video-preview:-1\" \/>\n<link rel=\"canonical\" href=\"https:\/\/truusk.store\/sv\/produkt\/truusk-konstgjord-hack-uteplats-vaggdekoration-ljusgron-300-x-100-cm\/\" \/>\n<meta property=\"og:locale\" content=\"sv_SE\" \/>\n<meta property=\"og:type\" content=\"article\" \/>\n<meta property=\"og:title\" content=\"TRUUSK Konstgjord H\u00e4ck Uteplats V\u00e4ggdekoration - Ljusgr\u00f6n - 300 x 100 cm - TRUUSK - Hem, Tr\u00e4dg\u00e5rd &amp; Fritid\" \/>\n<meta property=\"og:description\" content=\"Den ljusgr\u00f6na sekretesssk\u00e4rmen \u00e4r \u00f6vertygande \u00f6ver hela linjen. L\u00e4tt att installera, l\u00e4tt att underh\u00e5lla och flexibel att installera. Det t\u00e4ta...\" \/>\n<meta property=\"og:url\" content=\"https:\/\/truusk.store\/sv\/produkt\/truusk-konstgjord-hack-uteplats-vaggdekoration-ljusgron-300-x-100-cm\/\" \/>\n<meta property=\"og:site_name\" content=\"TRUUSK - Hem, Tr\u00e4dg\u00e5rd &amp; Fritid\" \/>\n<meta property=\"article:modified_time\" content=\"2026-03-12T07:55:19+00:00\" \/>\n<meta property=\"og:image\" content=\"https:\/\/i0.wp.com\/truusk.se\/wp-content\/uploads\/2024\/02\/konstgjord-hack-privatliv-hack-uteplats-vaggdekoration-vaggdekoration-ljusgron-300-x-100-cm.webp?fit=800%2C800&ssl=1\" \/>\n\t<meta property=\"og:image:width\" content=\"800\" \/>\n\t<meta property=\"og:image:height\" content=\"800\" \/>\n\t<meta property=\"og:image:type\" content=\"image\/webp\" \/>\n<meta name=\"twitter:card\" content=\"summary_large_image\" \/>\n<meta name=\"twitter:label1\" content=\"Ber\u00e4knad l\u00e4stid\" \/>\n\t<meta name=\"twitter:data1\" content=\"1 minut\" \/>\n<!-- \/ Yoast SEO plugin. -->","yoast_head_json":{"title":"TRUUSK Konstgjord H\u00e4ck Uteplats V\u00e4ggdekoration - Ljusgr\u00f6n - 300 x 100 cm - TRUUSK - Hem, Tr\u00e4dg\u00e5rd &amp; Fritid","robots":{"index":"index","follow":"follow","max-snippet":"max-snippet:-1","max-image-preview":"max-image-preview:large","max-video-preview":"max-video-preview:-1"},"canonical":"https:\/\/truusk.store\/sv\/produkt\/truusk-konstgjord-hack-uteplats-vaggdekoration-ljusgron-300-x-100-cm\/","og_locale":"sv_SE","og_type":"article","og_title":"TRUUSK Konstgjord H\u00e4ck Uteplats V\u00e4ggdekoration - Ljusgr\u00f6n - 300 x 100 cm - TRUUSK - Hem, Tr\u00e4dg\u00e5rd &amp; Fritid","og_description":"Den ljusgr\u00f6na sekretesssk\u00e4rmen \u00e4r \u00f6vertygande \u00f6ver hela linjen. L\u00e4tt att installera, l\u00e4tt att underh\u00e5lla och flexibel att installera. Det t\u00e4ta...","og_url":"https:\/\/truusk.store\/sv\/produkt\/truusk-konstgjord-hack-uteplats-vaggdekoration-ljusgron-300-x-100-cm\/","og_site_name":"TRUUSK - Hem, Tr\u00e4dg\u00e5rd &amp; Fritid","article_modified_time":"2026-03-12T07:55:19+00:00","og_image":[{"width":800,"height":800,"url":"https:\/\/i0.wp.com\/truusk.se\/wp-content\/uploads\/2024\/02\/konstgjord-hack-privatliv-hack-uteplats-vaggdekoration-vaggdekoration-ljusgron-300-x-100-cm.webp?fit=800%2C800&ssl=1","type":"image\/webp"}],"twitter_card":"summary_large_image","twitter_misc":{"Ber\u00e4knad l\u00e4stid":"1 minut"},"schema":{"@context":"https:\/\/schema.org","@graph":[{"@type":"WebPage","@id":"https:\/\/truusk.store\/sv\/produkt\/truusk-konstgjord-hack-uteplats-vaggdekoration-ljusgron-300-x-100-cm\/","url":"https:\/\/truusk.store\/sv\/produkt\/truusk-konstgjord-hack-uteplats-vaggdekoration-ljusgron-300-x-100-cm\/","name":"TRUUSK Konstgjord H\u00e4ck Uteplats V\u00e4ggdekoration - Ljusgr\u00f6n - 300 x 100 cm - TRUUSK - Hem, Tr\u00e4dg\u00e5rd &amp; Fritid","isPartOf":{"@id":"https:\/\/truusk.store\/sv\/#website"},"primaryImageOfPage":{"@id":"https:\/\/truusk.store\/sv\/produkt\/truusk-konstgjord-hack-uteplats-vaggdekoration-ljusgron-300-x-100-cm\/#primaryimage"},"image":{"@id":"https:\/\/truusk.store\/sv\/produkt\/truusk-konstgjord-hack-uteplats-vaggdekoration-ljusgron-300-x-100-cm\/#primaryimage"},"thumbnailUrl":"https:\/\/i0.wp.com\/truusk.store\/wp-content\/uploads\/2024\/02\/konstgjord-hack-privatliv-hack-uteplats-vaggdekoration-vaggdekoration-ljusgron-300-x-100-cm.webp?fit=800%2C800&ssl=1","datePublished":"2024-02-13T07:28:58+00:00","dateModified":"2026-03-12T07:55:19+00:00","breadcrumb":{"@id":"https:\/\/truusk.store\/sv\/produkt\/truusk-konstgjord-hack-uteplats-vaggdekoration-ljusgron-300-x-100-cm\/#breadcrumb"},"inLanguage":"sv-SE","potentialAction":[{"@type":"ReadAction","target":["https:\/\/truusk.store\/sv\/produkt\/truusk-konstgjord-hack-uteplats-vaggdekoration-ljusgron-300-x-100-cm\/"]}]},{"@type":"ImageObject","inLanguage":"sv-SE","@id":"https:\/\/truusk.store\/sv\/produkt\/truusk-konstgjord-hack-uteplats-vaggdekoration-ljusgron-300-x-100-cm\/#primaryimage","url":"https:\/\/i0.wp.com\/truusk.store\/wp-content\/uploads\/2024\/02\/konstgjord-hack-privatliv-hack-uteplats-vaggdekoration-vaggdekoration-ljusgron-300-x-100-cm.webp?fit=800%2C800&ssl=1","contentUrl":"https:\/\/i0.wp.com\/truusk.store\/wp-content\/uploads\/2024\/02\/konstgjord-hack-privatliv-hack-uteplats-vaggdekoration-vaggdekoration-ljusgron-300-x-100-cm.webp?fit=800%2C800&ssl=1","width":800,"height":800,"caption":"Konstgjord H\u00e4ck Privatliv H\u00e4ck Uteplats V\u00e4ggdekoration V\u00e4ggdekoration Ljusgr\u00f6n 300 X 100 Cm 1"},{"@type":"BreadcrumbList","@id":"https:\/\/truusk.store\/sv\/produkt\/truusk-konstgjord-hack-uteplats-vaggdekoration-ljusgron-300-x-100-cm\/#breadcrumb","itemListElement":[{"@type":"ListItem","position":1,"name":"Home","item":"https:\/\/truusk.store\/sv\/"},{"@type":"ListItem","position":2,"name":"Shop","item":"https:\/\/truusk.store\/shop\/"},{"@type":"ListItem","position":3,"name":"TRUUSK Konstgjord H\u00e4ck Uteplats V\u00e4ggdekoration &#8211; Ljusgr\u00f6n &#8211; 300 x 100 cm"}]},{"@type":"WebSite","@id":"https:\/\/truusk.store\/sv\/#website","url":"https:\/\/truusk.store\/sv\/","name":"TRUUSK - Hem, Tr\u00e4dg\u00e5rd & Fritid","description":"","publisher":{"@id":"https:\/\/truusk.store\/sv\/#organization"},"potentialAction":[{"@type":"SearchAction","target":{"@type":"EntryPoint","urlTemplate":"https:\/\/truusk.store\/sv\/?s={search_term_string}"},"query-input":{"@type":"PropertyValueSpecification","valueRequired":true,"valueName":"search_term_string"}}],"inLanguage":"sv-SE"},{"@type":"Organization","@id":"https:\/\/truusk.store\/sv\/#organization","name":"TRUUSK - Hem, Tr\u00e4dg\u00e5rd & Fritid","url":"https:\/\/truusk.store\/sv\/","logo":{"@type":"ImageObject","inLanguage":"sv-SE","@id":"https:\/\/truusk.store\/sv\/#\/schema\/logo\/image\/","url":"https:\/\/i0.wp.com\/truusk.store\/wp-content\/uploads\/2026\/03\/cropped-TRUUSK.png?fit=2032%2C917&ssl=1","contentUrl":"https:\/\/i0.wp.com\/truusk.store\/wp-content\/uploads\/2026\/03\/cropped-TRUUSK.png?fit=2032%2C917&ssl=1","width":2032,"height":917,"caption":"TRUUSK - Hem, Tr\u00e4dg\u00e5rd & Fritid"},"image":{"@id":"https:\/\/truusk.store\/sv\/#\/schema\/logo\/image\/"}}]}},"jetpack_sharing_enabled":true,"_links":{"self":[{"href":"https:\/\/truusk.store\/sv\/wp-json\/wp\/v2\/product\/6542","targetHints":{"allow":["GET"]}}],"collection":[{"href":"https:\/\/truusk.store\/sv\/wp-json\/wp\/v2\/product"}],"about":[{"href":"https:\/\/truusk.store\/sv\/wp-json\/wp\/v2\/types\/product"}],"wp:featuredmedia":[{"embeddable":true,"href":"https:\/\/truusk.store\/sv\/wp-json\/wp\/v2\/media\/6543"}],"wp:attachment":[{"href":"https:\/\/truusk.store\/sv\/wp-json\/wp\/v2\/media?parent=6542"}],"wp:term":[{"taxonomy":"product_brand","embeddable":true,"href":"https:\/\/truusk.store\/sv\/wp-json\/wp\/v2\/product_brand?post=6542"},{"taxonomy":"product_cat","embeddable":true,"href":"https:\/\/truusk.store\/sv\/wp-json\/wp\/v2\/product_cat?post=6542"},{"taxonomy":"product_tag","embeddable":true,"href":"https:\/\/truusk.store\/sv\/wp-json\/wp\/v2\/product_tag?post=6542"}],"curies":[{"name":"wp","href":"https:\/\/api.w.org\/{rel}","templated":true}]}}