{"id":65463,"date":"2025-06-05T11:07:43","date_gmt":"2025-06-05T10:07:43","guid":{"rendered":"https:\/\/truusk.store\/product\/basketstall-utomhus-med-hjul-hojdjusterbar-160-210-cm-basketkorg-med-stallning-83x59cm-bakvagg-for-ungdomar-i-bakgardar-tradgardar-garage\/"},"modified":"2026-03-12T09:06:36","modified_gmt":"2026-03-12T08:06:36","slug":"truusk-basketstall-utomhus-med-hjul-hojdjusterbar-160-210-cm-basketkorg-med-stallning-83x59cm-bakvagg-for-ungdomar-i","status":"publish","type":"product","link":"https:\/\/truusk.store\/sv\/produkt\/truusk-basketstall-utomhus-med-hjul-hojdjusterbar-160-210-cm-basketkorg-med-stallning-83x59cm-bakvagg-for-ungdomar-i\/","title":{"rendered":"TRUUSK Basketst\u00e4ll Utomhus Med Hjul &#8211; H\u00f6jdjusterbar 160-210 Cm &#8211; Basketkorg Med St\u00e4llning &#8211; 83x59cm Bakv\u00e4gg &#8211; F\u00f6r Ungdomar I"},"content":{"rendered":"<p>Njut av omfattande spelgl\u00e4dje med den justerbara TRUUSK-basketst\u00e4llningen. Den robusta st\u00e5lramen p\u00e5 basketkorgen kan justeras fr\u00e5n 205 cm till 261 cm, passande f\u00f6r olika spelarstorlekar. \u00c4ven korgen kan justeras i h\u00f6jd fr\u00e5n 160 cm till 210 cm. Den stabila basen kan fyllas med sand eller vatten. Dessutom har konstruktionen av basketst\u00e4llningen en bollh\u00e5llare och tv\u00e5 hjul f\u00f6r att enkelt kunna flyttas. L\u00e4mplig f\u00f6r personer i olika \u00e5ldrar.<\/p>\n<p>Beskrivning:<\/p>\n<ul>\n<li> L\u00e4mplig f\u00f6r utomhusspel<\/li>\n<li> Best\u00e5r av: St\u00e5lram f\u00f6r basketkorgen f\u00f6r stabilitet, plastbakv\u00e4gg och en tung plastbas<\/li>\n<li> Den stora basen p\u00e5 basketkorgen kan fyllas med vatten eller sand f\u00f6r att h\u00e5lla den stabil under spelet<\/li>\n<li> L\u00e4mplig f\u00f6r anv\u00e4ndning i l\u00e4tt regn\/vind<\/li>\n<li> H\u00e5llare p\u00e5 basketst\u00e4llningen f\u00f6r f\u00f6rvaring av bollen<\/li>\n<li> Montering kr\u00e4vs<\/li>\n<\/ul>\n<p>Tekniska data:<\/p>\n<ul>\n<li> F\u00e4rg: Svart+R\u00f6d<\/li>\n<li> Material: St\u00e5l, Plast<\/li>\n<li> Produktm\u00e5tt: 75L x 45B x 205-261H cm<\/li>\n<li> Basstorlek: 75L x 45B x 13H cm<\/li>\n<li> Korgens h\u00f6jd: 160-210 cm<\/li>\n<li> Bakv\u00e4ggens h\u00f6jd: 205-261 cm<\/li>\n<li> Br\u00e4dstorlek: 83B x 59H cm<\/li>\n<li> Korgstorlek: \u00d838 cm<\/li>\n<li> Montering kr\u00e4vs<\/li>\n<\/ul>\n<p>Leveransinneh\u00e5ll:<\/p>\n<ul>\n<li> 1 x Basketst\u00e4llning<\/li>\n<li> 1 x Bruksanvisning<\/li>\n<\/ul>\n","protected":false},"excerpt":{"rendered":"<p>Njut av omfattande spelgl\u00e4dje med den justerbara TRUUSK-basketst\u00e4llningen. Den robusta st\u00e5lramen p\u00e5 basketkorgen kan justeras fr\u00e5n 205 cm till 261&#8230;<\/p>\n","protected":false},"featured_media":65454,"template":"","meta":[],"product_brand":[],"product_cat":[880,939,953,616],"product_tag":[],"class_list":{"0":"post-65463","1":"product","2":"type-product","3":"status-publish","4":"has-post-thumbnail","6":"product_cat-baby-barn-2","7":"product_cat-barnsport","8":"product_cat-basketballstander","9":"product_cat-utomhusleksaker","11":"first","12":"instock","13":"sale","14":"taxable","15":"shipping-taxable","16":"purchasable","17":"product-type-simple"},"yoast_head":"<!-- This site is optimized with the Yoast SEO plugin v25.4 - https:\/\/yoast.com\/wordpress\/plugins\/seo\/ -->\n<title>TRUUSK Basketst\u00e4ll Utomhus Med Hjul - H\u00f6jdjusterbar 160-210 Cm - Basketkorg Med St\u00e4llning - 83x59cm Bakv\u00e4gg - F\u00f6r Ungdomar I - TRUUSK - Hem, Tr\u00e4dg\u00e5rd &amp; Fritid<\/title>\n<meta name=\"robots\" content=\"index, follow, max-snippet:-1, max-image-preview:large, max-video-preview:-1\" \/>\n<link rel=\"canonical\" href=\"https:\/\/truusk.store\/sv\/produkt\/truusk-basketstall-utomhus-med-hjul-hojdjusterbar-160-210-cm-basketkorg-med-stallning-83x59cm-bakvagg-for-ungdomar-i\/\" \/>\n<meta property=\"og:locale\" content=\"sv_SE\" \/>\n<meta property=\"og:type\" content=\"article\" \/>\n<meta property=\"og:title\" content=\"TRUUSK Basketst\u00e4ll Utomhus Med Hjul - H\u00f6jdjusterbar 160-210 Cm - Basketkorg Med St\u00e4llning - 83x59cm Bakv\u00e4gg - F\u00f6r Ungdomar I - TRUUSK - Hem, Tr\u00e4dg\u00e5rd &amp; Fritid\" \/>\n<meta property=\"og:description\" content=\"Njut av omfattande spelgl\u00e4dje med den justerbara TRUUSK-basketst\u00e4llningen. Den robusta st\u00e5lramen p\u00e5 basketkorgen kan justeras fr\u00e5n 205 cm till 261...\" \/>\n<meta property=\"og:url\" content=\"https:\/\/truusk.store\/sv\/produkt\/truusk-basketstall-utomhus-med-hjul-hojdjusterbar-160-210-cm-basketkorg-med-stallning-83x59cm-bakvagg-for-ungdomar-i\/\" \/>\n<meta property=\"og:site_name\" content=\"TRUUSK - Hem, Tr\u00e4dg\u00e5rd &amp; Fritid\" \/>\n<meta property=\"article:modified_time\" content=\"2026-03-12T08:06:36+00:00\" \/>\n<meta property=\"og:image\" content=\"https:\/\/i0.wp.com\/truusk.se\/wp-content\/uploads\/2025\/06\/basketstall-utomhus-med-hjul-hojdjusterbar-160-210-cm-basketkorg-med-stallning-83x59cm-bakvagg-for-ungdomar-i-bakgardar-tradgardar-garage-1.webp?fit=2000%2C2000&ssl=1\" \/>\n\t<meta property=\"og:image:width\" content=\"2000\" \/>\n\t<meta property=\"og:image:height\" content=\"2000\" \/>\n\t<meta property=\"og:image:type\" content=\"image\/webp\" \/>\n<meta name=\"twitter:card\" content=\"summary_large_image\" \/>\n<meta name=\"twitter:label1\" content=\"Ber\u00e4knad l\u00e4stid\" \/>\n\t<meta name=\"twitter:data1\" content=\"1 minut\" \/>\n<!-- \/ Yoast SEO plugin. -->","yoast_head_json":{"title":"TRUUSK Basketst\u00e4ll Utomhus Med Hjul - H\u00f6jdjusterbar 160-210 Cm - Basketkorg Med St\u00e4llning - 83x59cm Bakv\u00e4gg - F\u00f6r Ungdomar I - TRUUSK - Hem, Tr\u00e4dg\u00e5rd &amp; Fritid","robots":{"index":"index","follow":"follow","max-snippet":"max-snippet:-1","max-image-preview":"max-image-preview:large","max-video-preview":"max-video-preview:-1"},"canonical":"https:\/\/truusk.store\/sv\/produkt\/truusk-basketstall-utomhus-med-hjul-hojdjusterbar-160-210-cm-basketkorg-med-stallning-83x59cm-bakvagg-for-ungdomar-i\/","og_locale":"sv_SE","og_type":"article","og_title":"TRUUSK Basketst\u00e4ll Utomhus Med Hjul - H\u00f6jdjusterbar 160-210 Cm - Basketkorg Med St\u00e4llning - 83x59cm Bakv\u00e4gg - F\u00f6r Ungdomar I - TRUUSK - Hem, Tr\u00e4dg\u00e5rd &amp; Fritid","og_description":"Njut av omfattande spelgl\u00e4dje med den justerbara TRUUSK-basketst\u00e4llningen. Den robusta st\u00e5lramen p\u00e5 basketkorgen kan justeras fr\u00e5n 205 cm till 261...","og_url":"https:\/\/truusk.store\/sv\/produkt\/truusk-basketstall-utomhus-med-hjul-hojdjusterbar-160-210-cm-basketkorg-med-stallning-83x59cm-bakvagg-for-ungdomar-i\/","og_site_name":"TRUUSK - Hem, Tr\u00e4dg\u00e5rd &amp; Fritid","article_modified_time":"2026-03-12T08:06:36+00:00","og_image":[{"width":2000,"height":2000,"url":"https:\/\/i0.wp.com\/truusk.se\/wp-content\/uploads\/2025\/06\/basketstall-utomhus-med-hjul-hojdjusterbar-160-210-cm-basketkorg-med-stallning-83x59cm-bakvagg-for-ungdomar-i-bakgardar-tradgardar-garage-1.webp?fit=2000%2C2000&ssl=1","type":"image\/webp"}],"twitter_card":"summary_large_image","twitter_misc":{"Ber\u00e4knad l\u00e4stid":"1 minut"},"schema":{"@context":"https:\/\/schema.org","@graph":[{"@type":"WebPage","@id":"https:\/\/truusk.store\/sv\/produkt\/truusk-basketstall-utomhus-med-hjul-hojdjusterbar-160-210-cm-basketkorg-med-stallning-83x59cm-bakvagg-for-ungdomar-i\/","url":"https:\/\/truusk.store\/sv\/produkt\/truusk-basketstall-utomhus-med-hjul-hojdjusterbar-160-210-cm-basketkorg-med-stallning-83x59cm-bakvagg-for-ungdomar-i\/","name":"TRUUSK Basketst\u00e4ll Utomhus Med Hjul - H\u00f6jdjusterbar 160-210 Cm - Basketkorg Med St\u00e4llning - 83x59cm Bakv\u00e4gg - F\u00f6r Ungdomar I - TRUUSK - Hem, Tr\u00e4dg\u00e5rd &amp; Fritid","isPartOf":{"@id":"https:\/\/truusk.store\/sv\/#website"},"primaryImageOfPage":{"@id":"https:\/\/truusk.store\/sv\/produkt\/truusk-basketstall-utomhus-med-hjul-hojdjusterbar-160-210-cm-basketkorg-med-stallning-83x59cm-bakvagg-for-ungdomar-i\/#primaryimage"},"image":{"@id":"https:\/\/truusk.store\/sv\/produkt\/truusk-basketstall-utomhus-med-hjul-hojdjusterbar-160-210-cm-basketkorg-med-stallning-83x59cm-bakvagg-for-ungdomar-i\/#primaryimage"},"thumbnailUrl":"https:\/\/i0.wp.com\/truusk.store\/wp-content\/uploads\/2025\/06\/basketstall-utomhus-med-hjul-hojdjusterbar-160-210-cm-basketkorg-med-stallning-83x59cm-bakvagg-for-ungdomar-i-bakgardar-tradgardar-garage-1.webp?fit=2000%2C2000&ssl=1","datePublished":"2025-06-05T10:07:43+00:00","dateModified":"2026-03-12T08:06:36+00:00","breadcrumb":{"@id":"https:\/\/truusk.store\/sv\/produkt\/truusk-basketstall-utomhus-med-hjul-hojdjusterbar-160-210-cm-basketkorg-med-stallning-83x59cm-bakvagg-for-ungdomar-i\/#breadcrumb"},"inLanguage":"sv-SE","potentialAction":[{"@type":"ReadAction","target":["https:\/\/truusk.store\/sv\/produkt\/truusk-basketstall-utomhus-med-hjul-hojdjusterbar-160-210-cm-basketkorg-med-stallning-83x59cm-bakvagg-for-ungdomar-i\/"]}]},{"@type":"ImageObject","inLanguage":"sv-SE","@id":"https:\/\/truusk.store\/sv\/produkt\/truusk-basketstall-utomhus-med-hjul-hojdjusterbar-160-210-cm-basketkorg-med-stallning-83x59cm-bakvagg-for-ungdomar-i\/#primaryimage","url":"https:\/\/i0.wp.com\/truusk.store\/wp-content\/uploads\/2025\/06\/basketstall-utomhus-med-hjul-hojdjusterbar-160-210-cm-basketkorg-med-stallning-83x59cm-bakvagg-for-ungdomar-i-bakgardar-tradgardar-garage-1.webp?fit=2000%2C2000&ssl=1","contentUrl":"https:\/\/i0.wp.com\/truusk.store\/wp-content\/uploads\/2025\/06\/basketstall-utomhus-med-hjul-hojdjusterbar-160-210-cm-basketkorg-med-stallning-83x59cm-bakvagg-for-ungdomar-i-bakgardar-tradgardar-garage-1.webp?fit=2000%2C2000&ssl=1","width":2000,"height":2000},{"@type":"BreadcrumbList","@id":"https:\/\/truusk.store\/sv\/produkt\/truusk-basketstall-utomhus-med-hjul-hojdjusterbar-160-210-cm-basketkorg-med-stallning-83x59cm-bakvagg-for-ungdomar-i\/#breadcrumb","itemListElement":[{"@type":"ListItem","position":1,"name":"Home","item":"https:\/\/truusk.store\/sv\/"},{"@type":"ListItem","position":2,"name":"Shop","item":"https:\/\/truusk.store\/shop\/"},{"@type":"ListItem","position":3,"name":"TRUUSK Basketst\u00e4ll Utomhus Med Hjul &#8211; H\u00f6jdjusterbar 160-210 Cm &#8211; Basketkorg Med St\u00e4llning &#8211; 83x59cm Bakv\u00e4gg &#8211; F\u00f6r Ungdomar I"}]},{"@type":"WebSite","@id":"https:\/\/truusk.store\/sv\/#website","url":"https:\/\/truusk.store\/sv\/","name":"TRUUSK - Hem, Tr\u00e4dg\u00e5rd & Fritid","description":"","publisher":{"@id":"https:\/\/truusk.store\/sv\/#organization"},"potentialAction":[{"@type":"SearchAction","target":{"@type":"EntryPoint","urlTemplate":"https:\/\/truusk.store\/sv\/?s={search_term_string}"},"query-input":{"@type":"PropertyValueSpecification","valueRequired":true,"valueName":"search_term_string"}}],"inLanguage":"sv-SE"},{"@type":"Organization","@id":"https:\/\/truusk.store\/sv\/#organization","name":"TRUUSK - Hem, Tr\u00e4dg\u00e5rd & Fritid","url":"https:\/\/truusk.store\/sv\/","logo":{"@type":"ImageObject","inLanguage":"sv-SE","@id":"https:\/\/truusk.store\/sv\/#\/schema\/logo\/image\/","url":"https:\/\/i0.wp.com\/truusk.store\/wp-content\/uploads\/2026\/03\/cropped-TRUUSK.png?fit=2032%2C917&ssl=1","contentUrl":"https:\/\/i0.wp.com\/truusk.store\/wp-content\/uploads\/2026\/03\/cropped-TRUUSK.png?fit=2032%2C917&ssl=1","width":2032,"height":917,"caption":"TRUUSK - Hem, Tr\u00e4dg\u00e5rd & Fritid"},"image":{"@id":"https:\/\/truusk.store\/sv\/#\/schema\/logo\/image\/"}}]}},"jetpack_sharing_enabled":true,"_links":{"self":[{"href":"https:\/\/truusk.store\/sv\/wp-json\/wp\/v2\/product\/65463","targetHints":{"allow":["GET"]}}],"collection":[{"href":"https:\/\/truusk.store\/sv\/wp-json\/wp\/v2\/product"}],"about":[{"href":"https:\/\/truusk.store\/sv\/wp-json\/wp\/v2\/types\/product"}],"wp:featuredmedia":[{"embeddable":true,"href":"https:\/\/truusk.store\/sv\/wp-json\/wp\/v2\/media\/65454"}],"wp:attachment":[{"href":"https:\/\/truusk.store\/sv\/wp-json\/wp\/v2\/media?parent=65463"}],"wp:term":[{"taxonomy":"product_brand","embeddable":true,"href":"https:\/\/truusk.store\/sv\/wp-json\/wp\/v2\/product_brand?post=65463"},{"taxonomy":"product_cat","embeddable":true,"href":"https:\/\/truusk.store\/sv\/wp-json\/wp\/v2\/product_cat?post=65463"},{"taxonomy":"product_tag","embeddable":true,"href":"https:\/\/truusk.store\/sv\/wp-json\/wp\/v2\/product_tag?post=65463"}],"curies":[{"name":"wp","href":"https:\/\/api.w.org\/{rel}","templated":true}]}}