{"id":65613,"date":"2025-06-05T11:22:40","date_gmt":"2025-06-05T10:22:40","guid":{"rendered":"https:\/\/truusk.store\/product\/sidobord-2-niva-soffbord-med-forvaringsfack-och-metallram-modernt-kaffebord-for-vardagsrum-sovrum-vit\/"},"modified":"2026-03-12T09:44:39","modified_gmt":"2026-03-12T08:44:39","slug":"truusk-sidobord-2-niva-med-metallram-forvaringsfack-modernt-design-vit","status":"publish","type":"product","link":"https:\/\/truusk.store\/sv\/produkt\/truusk-sidobord-2-niva-med-metallram-forvaringsfack-modernt-design-vit\/","title":{"rendered":"TRUUSK Sidobord &#8211; 2-niv\u00e5 Med Metallram &#8211; F\u00f6rvaringsfack &#8211; Modernt Design &#8211; Vit"},"content":{"rendered":"<p>Ge ditt inredning en elegant touch med TRUUSK sidobord. Detta stilfulla soffbord erbjuder tv\u00e5 niv\u00e5er av f\u00f6rvaringsutrymme, perfekt f\u00f6r att organisera olika f\u00f6rem\u00e5l. Solida paneler och en matchande ram f\u00f6r soffbordet ger enkel elegans i alla vardagsrum. Dessutom skyddar fotdynor golvet mot repor. Njut av kombinationen av praktikalitet och modernt design.<\/p>\n<p>Beskrivning:<\/p>\n<ul>\n<li> Sidobordets tv\u00e5 niv\u00e5er av f\u00f6rvaring ger mer utrymme<\/li>\n<li> Vita paneler med matchande ram ger en elegant touch<\/li>\n<li> Melaminbel\u00e4ggning p\u00e5 vardagsrumsbordet garanterar enkel reng\u00f6ring<\/li>\n<li> Metallramen ger en robust struktur<\/li>\n<li> Fotdynor f\u00f6rhindrar repor och skrammor<\/li>\n<li> H\u00f6jd sockel minskar fukt<\/li>\n<li> Enkel montering<\/li>\n<\/ul>\n<p> Tekniska data:<\/p>\n<ul>\n<li> F\u00e4rg: Vit<\/li>\n<li> Material: Sp\u00e5nskiva, Metall<\/li>\n<li> Totala dimensioner: 40L x 30B x 52,2H cm<\/li>\n<li> Hyllstorlek: 40L x 30B x 35,2H cm (Mitten)<\/li>\n<li> Avst\u00e5nd nedre hylla: (till golv) 14 cm<\/li>\n<li> B\u00e4rkapacitet: 10 kg (totalt), 5 kg (per hylla)<\/li>\n<\/ul>\n<p>Leveransinneh\u00e5ll:<\/p>\n<ul>\n<li> 1 x Sidobord<\/li>\n<li> 1 x Bruksanvisning<\/li>\n<\/ul>\n","protected":false},"excerpt":{"rendered":"<p>Ge ditt inredning en elegant touch med TRUUSK sidobord. Detta stilfulla soffbord erbjuder tv\u00e5 niv\u00e5er av f\u00f6rvaringsutrymme, perfekt f\u00f6r att&#8230;<\/p>\n","protected":false},"featured_media":65604,"template":"","meta":[],"product_brand":[],"product_cat":[871,957,910],"product_tag":[],"class_list":{"0":"post-65613","1":"product","2":"type-product","3":"status-publish","4":"has-post-thumbnail","6":"product_cat-hus-hem","7":"product_cat-sidobord","8":"product_cat-vardagsrum","10":"first","11":"instock","12":"sale","13":"taxable","14":"shipping-taxable","15":"purchasable","16":"product-type-simple"},"yoast_head":"<!-- This site is optimized with the Yoast SEO plugin v25.4 - https:\/\/yoast.com\/wordpress\/plugins\/seo\/ -->\n<title>TRUUSK Sidobord - 2-niv\u00e5 Med Metallram - F\u00f6rvaringsfack - Modernt Design - Vit - TRUUSK - Hem, Tr\u00e4dg\u00e5rd &amp; Fritid<\/title>\n<meta name=\"robots\" content=\"index, follow, max-snippet:-1, max-image-preview:large, max-video-preview:-1\" \/>\n<link rel=\"canonical\" href=\"https:\/\/truusk.store\/sv\/produkt\/truusk-sidobord-2-niva-med-metallram-forvaringsfack-modernt-design-vit\/\" \/>\n<meta property=\"og:locale\" content=\"sv_SE\" \/>\n<meta property=\"og:type\" content=\"article\" \/>\n<meta property=\"og:title\" content=\"TRUUSK Sidobord - 2-niv\u00e5 Med Metallram - F\u00f6rvaringsfack - Modernt Design - Vit - TRUUSK - Hem, Tr\u00e4dg\u00e5rd &amp; Fritid\" \/>\n<meta property=\"og:description\" content=\"Ge ditt inredning en elegant touch med TRUUSK sidobord. Detta stilfulla soffbord erbjuder tv\u00e5 niv\u00e5er av f\u00f6rvaringsutrymme, perfekt f\u00f6r att...\" \/>\n<meta property=\"og:url\" content=\"https:\/\/truusk.store\/sv\/produkt\/truusk-sidobord-2-niva-med-metallram-forvaringsfack-modernt-design-vit\/\" \/>\n<meta property=\"og:site_name\" content=\"TRUUSK - Hem, Tr\u00e4dg\u00e5rd &amp; Fritid\" \/>\n<meta property=\"article:modified_time\" content=\"2026-03-12T08:44:39+00:00\" \/>\n<meta property=\"og:image\" content=\"https:\/\/i0.wp.com\/truusk.se\/wp-content\/uploads\/2025\/06\/sidobord-2-niva-soffbord-med-forvaringsfack-och-metallram-modernt-kaffebord-for-vardagsrum-sovrum-vit-1.webp?fit=2000%2C2000&ssl=1\" \/>\n\t<meta property=\"og:image:width\" content=\"2000\" \/>\n\t<meta property=\"og:image:height\" content=\"2000\" \/>\n\t<meta property=\"og:image:type\" content=\"image\/webp\" \/>\n<meta name=\"twitter:card\" content=\"summary_large_image\" \/>\n<meta name=\"twitter:label1\" content=\"Ber\u00e4knad l\u00e4stid\" \/>\n\t<meta name=\"twitter:data1\" content=\"1 minut\" \/>\n<!-- \/ Yoast SEO plugin. -->","yoast_head_json":{"title":"TRUUSK Sidobord - 2-niv\u00e5 Med Metallram - F\u00f6rvaringsfack - Modernt Design - Vit - TRUUSK - Hem, Tr\u00e4dg\u00e5rd &amp; Fritid","robots":{"index":"index","follow":"follow","max-snippet":"max-snippet:-1","max-image-preview":"max-image-preview:large","max-video-preview":"max-video-preview:-1"},"canonical":"https:\/\/truusk.store\/sv\/produkt\/truusk-sidobord-2-niva-med-metallram-forvaringsfack-modernt-design-vit\/","og_locale":"sv_SE","og_type":"article","og_title":"TRUUSK Sidobord - 2-niv\u00e5 Med Metallram - F\u00f6rvaringsfack - Modernt Design - Vit - TRUUSK - Hem, Tr\u00e4dg\u00e5rd &amp; Fritid","og_description":"Ge ditt inredning en elegant touch med TRUUSK sidobord. Detta stilfulla soffbord erbjuder tv\u00e5 niv\u00e5er av f\u00f6rvaringsutrymme, perfekt f\u00f6r att...","og_url":"https:\/\/truusk.store\/sv\/produkt\/truusk-sidobord-2-niva-med-metallram-forvaringsfack-modernt-design-vit\/","og_site_name":"TRUUSK - Hem, Tr\u00e4dg\u00e5rd &amp; Fritid","article_modified_time":"2026-03-12T08:44:39+00:00","og_image":[{"width":2000,"height":2000,"url":"https:\/\/i0.wp.com\/truusk.se\/wp-content\/uploads\/2025\/06\/sidobord-2-niva-soffbord-med-forvaringsfack-och-metallram-modernt-kaffebord-for-vardagsrum-sovrum-vit-1.webp?fit=2000%2C2000&ssl=1","type":"image\/webp"}],"twitter_card":"summary_large_image","twitter_misc":{"Ber\u00e4knad l\u00e4stid":"1 minut"},"schema":{"@context":"https:\/\/schema.org","@graph":[{"@type":"WebPage","@id":"https:\/\/truusk.store\/sv\/produkt\/truusk-sidobord-2-niva-med-metallram-forvaringsfack-modernt-design-vit\/","url":"https:\/\/truusk.store\/sv\/produkt\/truusk-sidobord-2-niva-med-metallram-forvaringsfack-modernt-design-vit\/","name":"TRUUSK Sidobord - 2-niv\u00e5 Med Metallram - F\u00f6rvaringsfack - Modernt Design - Vit - TRUUSK - Hem, Tr\u00e4dg\u00e5rd &amp; Fritid","isPartOf":{"@id":"https:\/\/truusk.store\/sv\/#website"},"primaryImageOfPage":{"@id":"https:\/\/truusk.store\/sv\/produkt\/truusk-sidobord-2-niva-med-metallram-forvaringsfack-modernt-design-vit\/#primaryimage"},"image":{"@id":"https:\/\/truusk.store\/sv\/produkt\/truusk-sidobord-2-niva-med-metallram-forvaringsfack-modernt-design-vit\/#primaryimage"},"thumbnailUrl":"https:\/\/i0.wp.com\/truusk.store\/wp-content\/uploads\/2025\/06\/sidobord-2-niva-soffbord-med-forvaringsfack-och-metallram-modernt-kaffebord-for-vardagsrum-sovrum-vit-1.webp?fit=2000%2C2000&ssl=1","datePublished":"2025-06-05T10:22:40+00:00","dateModified":"2026-03-12T08:44:39+00:00","breadcrumb":{"@id":"https:\/\/truusk.store\/sv\/produkt\/truusk-sidobord-2-niva-med-metallram-forvaringsfack-modernt-design-vit\/#breadcrumb"},"inLanguage":"sv-SE","potentialAction":[{"@type":"ReadAction","target":["https:\/\/truusk.store\/sv\/produkt\/truusk-sidobord-2-niva-med-metallram-forvaringsfack-modernt-design-vit\/"]}]},{"@type":"ImageObject","inLanguage":"sv-SE","@id":"https:\/\/truusk.store\/sv\/produkt\/truusk-sidobord-2-niva-med-metallram-forvaringsfack-modernt-design-vit\/#primaryimage","url":"https:\/\/i0.wp.com\/truusk.store\/wp-content\/uploads\/2025\/06\/sidobord-2-niva-soffbord-med-forvaringsfack-och-metallram-modernt-kaffebord-for-vardagsrum-sovrum-vit-1.webp?fit=2000%2C2000&ssl=1","contentUrl":"https:\/\/i0.wp.com\/truusk.store\/wp-content\/uploads\/2025\/06\/sidobord-2-niva-soffbord-med-forvaringsfack-och-metallram-modernt-kaffebord-for-vardagsrum-sovrum-vit-1.webp?fit=2000%2C2000&ssl=1","width":2000,"height":2000},{"@type":"BreadcrumbList","@id":"https:\/\/truusk.store\/sv\/produkt\/truusk-sidobord-2-niva-med-metallram-forvaringsfack-modernt-design-vit\/#breadcrumb","itemListElement":[{"@type":"ListItem","position":1,"name":"Home","item":"https:\/\/truusk.store\/sv\/"},{"@type":"ListItem","position":2,"name":"Shop","item":"https:\/\/truusk.store\/shop\/"},{"@type":"ListItem","position":3,"name":"TRUUSK Sidobord &#8211; 2-niv\u00e5 Med Metallram &#8211; F\u00f6rvaringsfack &#8211; Modernt Design &#8211; Vit"}]},{"@type":"WebSite","@id":"https:\/\/truusk.store\/sv\/#website","url":"https:\/\/truusk.store\/sv\/","name":"TRUUSK - Hem, Tr\u00e4dg\u00e5rd & Fritid","description":"","publisher":{"@id":"https:\/\/truusk.store\/sv\/#organization"},"potentialAction":[{"@type":"SearchAction","target":{"@type":"EntryPoint","urlTemplate":"https:\/\/truusk.store\/sv\/?s={search_term_string}"},"query-input":{"@type":"PropertyValueSpecification","valueRequired":true,"valueName":"search_term_string"}}],"inLanguage":"sv-SE"},{"@type":"Organization","@id":"https:\/\/truusk.store\/sv\/#organization","name":"TRUUSK - Hem, Tr\u00e4dg\u00e5rd & Fritid","url":"https:\/\/truusk.store\/sv\/","logo":{"@type":"ImageObject","inLanguage":"sv-SE","@id":"https:\/\/truusk.store\/sv\/#\/schema\/logo\/image\/","url":"https:\/\/i0.wp.com\/truusk.store\/wp-content\/uploads\/2026\/03\/cropped-TRUUSK.png?fit=2032%2C917&ssl=1","contentUrl":"https:\/\/i0.wp.com\/truusk.store\/wp-content\/uploads\/2026\/03\/cropped-TRUUSK.png?fit=2032%2C917&ssl=1","width":2032,"height":917,"caption":"TRUUSK - Hem, Tr\u00e4dg\u00e5rd & Fritid"},"image":{"@id":"https:\/\/truusk.store\/sv\/#\/schema\/logo\/image\/"}}]}},"jetpack_sharing_enabled":true,"_links":{"self":[{"href":"https:\/\/truusk.store\/sv\/wp-json\/wp\/v2\/product\/65613","targetHints":{"allow":["GET"]}}],"collection":[{"href":"https:\/\/truusk.store\/sv\/wp-json\/wp\/v2\/product"}],"about":[{"href":"https:\/\/truusk.store\/sv\/wp-json\/wp\/v2\/types\/product"}],"wp:featuredmedia":[{"embeddable":true,"href":"https:\/\/truusk.store\/sv\/wp-json\/wp\/v2\/media\/65604"}],"wp:attachment":[{"href":"https:\/\/truusk.store\/sv\/wp-json\/wp\/v2\/media?parent=65613"}],"wp:term":[{"taxonomy":"product_brand","embeddable":true,"href":"https:\/\/truusk.store\/sv\/wp-json\/wp\/v2\/product_brand?post=65613"},{"taxonomy":"product_cat","embeddable":true,"href":"https:\/\/truusk.store\/sv\/wp-json\/wp\/v2\/product_cat?post=65613"},{"taxonomy":"product_tag","embeddable":true,"href":"https:\/\/truusk.store\/sv\/wp-json\/wp\/v2\/product_tag?post=65613"}],"curies":[{"name":"wp","href":"https:\/\/api.w.org\/{rel}","templated":true}]}}