{"id":65634,"date":"2025-06-05T11:25:05","date_gmt":"2025-06-05T10:25:05","guid":{"rendered":"https:\/\/truusk.store\/product\/aiyaplay-elektrisk-fyrhjuling-for-barn-12v-barnfyrhjuling-med-4-hjulsfjadring-mp3-musikspelare-barnfordon-med-stralkastare-framat-och-bakatgaende-vaxel-for-3-5-ars-barn-5-km-h-metall-vit\/"},"modified":"2026-03-12T09:46:14","modified_gmt":"2026-03-12T08:46:14","slug":"truusk-elektrisk-fyrhjuling-for-barn-12v-4-hjulsfjadring-mp3-musikspelare-stralkastare-framat-och-bakatgaende-for","status":"publish","type":"product","link":"https:\/\/truusk.store\/sv\/produkt\/truusk-elektrisk-fyrhjuling-for-barn-12v-4-hjulsfjadring-mp3-musikspelare-stralkastare-framat-och-bakatgaende-for\/","title":{"rendered":"TRUUSK Elektrisk Fyrhjuling F\u00f6r Barn &#8211; 12V &#8211; 4-hjulsfj\u00e4dring &#8211; MP3-musikspelare &#8211; Str\u00e5lkastare &#8211; Fram\u00e5t- och Bak\u00e5tg\u00e5ende &#8211; F\u00f6r"},"content":{"rendered":"<p>Friheten att r\u00f6ra vid: v\u00e5rt AIYAPLAY barns elektriska fyrhjuling! Denna imponerande elektriska fyrhjuling erbjuder inte bara en bekv\u00e4m, bred sits, utan ocks\u00e5 en mjuk 4-hjulsfj\u00e4dring som ger of\u00f6rgl\u00f6mliga \u00e4ventyr &#8211; s\u00e4kert och med en hastighet p\u00e5 5 km\/h. Den realistiska designen och de dubbla str\u00e5lkastarna g\u00f6r varje resa till en sp\u00e4nnande upplevelse, oavsett om det \u00e4r p\u00e5 asfalt eller grus.<\/p>\n<p>Beskrivning:<\/p>\n<ul>\n<li> 4-hjulsfj\u00e4dring och bred sits p\u00e5 barnets elektriska fyrhjuling ger bekv\u00e4m sittning f\u00f6r unga f\u00f6rare<\/li>\n<li> Hastighet p\u00e5 5 km\/h, s\u00e4ker f\u00f6r barn, med fram\u00e5t- och backfunktion<\/li>\n<li> Realistisk design, modellerad efter vuxna fyrhjulingar, f\u00f6rb\u00e4ttrar lektiden<\/li>\n<li> Dubbeldrivenhetssystem p\u00e5 barnets fyrhjuling, l\u00e4mplig f\u00f6r olika typer av v\u00e4gar<\/li>\n<li> 12V-batteri och tv\u00e5 motorer garanterar 50 minuter oavbruten kul<\/li>\n<li> Batteriniv\u00e5indikator f\u00f6r att \u00f6vervaka energif\u00f6rbrukningen<\/li>\n<li> Inkluderar MP3-funktion och tv\u00e5 l\u00e4tta musikstycken f\u00f6r underh\u00e5llning<\/li>\n<li> L\u00e4mplig f\u00f6r barn i \u00e5ldern 3 till 5 \u00e5r<\/li>\n<\/ul>\n<p>Tekniska data:<\/p>\n<ul>\n<li> F\u00e4rg: Vit<\/li>\n<li> Material: Plast, Metall<\/li>\n<li> Totala dimensioner: 85L x 55,5B x 62H cm<\/li>\n<li> Sitsstorlek: 38B x 19T cm<\/li>\n<li> Sitth\u00f6jd: 37H cm<\/li>\n<li> Hjul: \u00d827,5 cm<\/li>\n<li> Batteri: 12V 4,5AH<\/li>\n<li> Motor: 12V 25W<\/li>\n<li> Laddningstid: 4-6 timmar (f\u00f6rsta g\u00e5ngen). 8-12 timmar (regelbundet)<\/li>\n<li> Drifttid: 50 Min<\/li>\n<li> Hastighet: 5 km\/h<\/li>\n<li> Belastningskapacitet: 30 kg<\/li>\n<li> Godk\u00e4nd \u00e5lder: 37-96 m\u00e5nader<\/li>\n<li> Rekommenderad \u00e5lder: 37-60 m\u00e5nader<\/li>\n<li> Obs: L\u00e5t aldrig dina barn o\u00f6vervakade under k\u00f6rning<\/li>\n<\/ul>\n<p>Leveransinneh\u00e5ll:<\/p>\n<ul>\n<li> 1 x Barnfyrhjuling<\/li>\n<li> 1 x Bruksanvisning<\/li>\n<\/ul>\n","protected":false},"excerpt":{"rendered":"<p>Friheten att r\u00f6ra vid: v\u00e5rt AIYAPLAY barns elektriska fyrhjuling! Denna imponerande elektriska fyrhjuling erbjuder inte bara en bekv\u00e4m, bred sits,&#8230;<\/p>\n","protected":false},"featured_media":65624,"template":"","meta":[],"product_brand":[],"product_cat":[880,610,925],"product_tag":[],"class_list":{"0":"post-65634","1":"product","2":"type-product","3":"status-publish","4":"has-post-thumbnail","6":"product_cat-baby-barn-2","7":"product_cat-barnfordon","8":"product_cat-barns-elektriska-fordon","10":"first","11":"instock","12":"sale","13":"taxable","14":"shipping-taxable","15":"purchasable","16":"product-type-simple"},"yoast_head":"<!-- This site is optimized with the Yoast SEO plugin v25.4 - https:\/\/yoast.com\/wordpress\/plugins\/seo\/ -->\n<title>TRUUSK Elektrisk Fyrhjuling F\u00f6r Barn - 12V - 4-hjulsfj\u00e4dring - MP3-musikspelare - Str\u00e5lkastare - Fram\u00e5t- och Bak\u00e5tg\u00e5ende - F\u00f6r - TRUUSK - Hem, Tr\u00e4dg\u00e5rd &amp; Fritid<\/title>\n<meta name=\"robots\" content=\"index, follow, max-snippet:-1, max-image-preview:large, max-video-preview:-1\" \/>\n<link rel=\"canonical\" href=\"https:\/\/truusk.store\/sv\/produkt\/truusk-elektrisk-fyrhjuling-for-barn-12v-4-hjulsfjadring-mp3-musikspelare-stralkastare-framat-och-bakatgaende-for\/\" \/>\n<meta property=\"og:locale\" content=\"sv_SE\" \/>\n<meta property=\"og:type\" content=\"article\" \/>\n<meta property=\"og:title\" content=\"TRUUSK Elektrisk Fyrhjuling F\u00f6r Barn - 12V - 4-hjulsfj\u00e4dring - MP3-musikspelare - Str\u00e5lkastare - Fram\u00e5t- och Bak\u00e5tg\u00e5ende - F\u00f6r - TRUUSK - Hem, Tr\u00e4dg\u00e5rd &amp; Fritid\" \/>\n<meta property=\"og:description\" content=\"Friheten att r\u00f6ra vid: v\u00e5rt AIYAPLAY barns elektriska fyrhjuling! Denna imponerande elektriska fyrhjuling erbjuder inte bara en bekv\u00e4m, bred sits,...\" \/>\n<meta property=\"og:url\" content=\"https:\/\/truusk.store\/sv\/produkt\/truusk-elektrisk-fyrhjuling-for-barn-12v-4-hjulsfjadring-mp3-musikspelare-stralkastare-framat-och-bakatgaende-for\/\" \/>\n<meta property=\"og:site_name\" content=\"TRUUSK - Hem, Tr\u00e4dg\u00e5rd &amp; Fritid\" \/>\n<meta property=\"article:modified_time\" content=\"2026-03-12T08:46:14+00:00\" \/>\n<meta property=\"og:image\" content=\"https:\/\/i0.wp.com\/truusk.se\/wp-content\/uploads\/2025\/06\/aiyaplay-elektrisk-fyrhjuling-for-barn-12v-barnfyrhjuling-med-4-hjulsfjadring-mp3-musikspelare-barnfordon-med-stralkastare-framat-och-bakatgaende-vaxel-for-3-5-ars-barn-5-km-h-metall-vit-1.webp?fit=2000%2C2000&ssl=1\" \/>\n\t<meta property=\"og:image:width\" content=\"2000\" \/>\n\t<meta property=\"og:image:height\" content=\"2000\" \/>\n\t<meta property=\"og:image:type\" content=\"image\/webp\" \/>\n<meta name=\"twitter:card\" content=\"summary_large_image\" \/>\n<meta name=\"twitter:label1\" content=\"Ber\u00e4knad l\u00e4stid\" \/>\n\t<meta name=\"twitter:data1\" content=\"1 minut\" \/>\n<!-- \/ Yoast SEO plugin. -->","yoast_head_json":{"title":"TRUUSK Elektrisk Fyrhjuling F\u00f6r Barn - 12V - 4-hjulsfj\u00e4dring - MP3-musikspelare - Str\u00e5lkastare - Fram\u00e5t- och Bak\u00e5tg\u00e5ende - F\u00f6r - TRUUSK - Hem, Tr\u00e4dg\u00e5rd &amp; Fritid","robots":{"index":"index","follow":"follow","max-snippet":"max-snippet:-1","max-image-preview":"max-image-preview:large","max-video-preview":"max-video-preview:-1"},"canonical":"https:\/\/truusk.store\/sv\/produkt\/truusk-elektrisk-fyrhjuling-for-barn-12v-4-hjulsfjadring-mp3-musikspelare-stralkastare-framat-och-bakatgaende-for\/","og_locale":"sv_SE","og_type":"article","og_title":"TRUUSK Elektrisk Fyrhjuling F\u00f6r Barn - 12V - 4-hjulsfj\u00e4dring - MP3-musikspelare - Str\u00e5lkastare - Fram\u00e5t- och Bak\u00e5tg\u00e5ende - F\u00f6r - TRUUSK - Hem, Tr\u00e4dg\u00e5rd &amp; Fritid","og_description":"Friheten att r\u00f6ra vid: v\u00e5rt AIYAPLAY barns elektriska fyrhjuling! Denna imponerande elektriska fyrhjuling erbjuder inte bara en bekv\u00e4m, bred sits,...","og_url":"https:\/\/truusk.store\/sv\/produkt\/truusk-elektrisk-fyrhjuling-for-barn-12v-4-hjulsfjadring-mp3-musikspelare-stralkastare-framat-och-bakatgaende-for\/","og_site_name":"TRUUSK - Hem, Tr\u00e4dg\u00e5rd &amp; Fritid","article_modified_time":"2026-03-12T08:46:14+00:00","og_image":[{"width":2000,"height":2000,"url":"https:\/\/i0.wp.com\/truusk.se\/wp-content\/uploads\/2025\/06\/aiyaplay-elektrisk-fyrhjuling-for-barn-12v-barnfyrhjuling-med-4-hjulsfjadring-mp3-musikspelare-barnfordon-med-stralkastare-framat-och-bakatgaende-vaxel-for-3-5-ars-barn-5-km-h-metall-vit-1.webp?fit=2000%2C2000&ssl=1","type":"image\/webp"}],"twitter_card":"summary_large_image","twitter_misc":{"Ber\u00e4knad l\u00e4stid":"1 minut"},"schema":{"@context":"https:\/\/schema.org","@graph":[{"@type":"WebPage","@id":"https:\/\/truusk.store\/sv\/produkt\/truusk-elektrisk-fyrhjuling-for-barn-12v-4-hjulsfjadring-mp3-musikspelare-stralkastare-framat-och-bakatgaende-for\/","url":"https:\/\/truusk.store\/sv\/produkt\/truusk-elektrisk-fyrhjuling-for-barn-12v-4-hjulsfjadring-mp3-musikspelare-stralkastare-framat-och-bakatgaende-for\/","name":"TRUUSK Elektrisk Fyrhjuling F\u00f6r Barn - 12V - 4-hjulsfj\u00e4dring - MP3-musikspelare - Str\u00e5lkastare - Fram\u00e5t- och Bak\u00e5tg\u00e5ende - F\u00f6r - TRUUSK - Hem, Tr\u00e4dg\u00e5rd &amp; Fritid","isPartOf":{"@id":"https:\/\/truusk.store\/sv\/#website"},"primaryImageOfPage":{"@id":"https:\/\/truusk.store\/sv\/produkt\/truusk-elektrisk-fyrhjuling-for-barn-12v-4-hjulsfjadring-mp3-musikspelare-stralkastare-framat-och-bakatgaende-for\/#primaryimage"},"image":{"@id":"https:\/\/truusk.store\/sv\/produkt\/truusk-elektrisk-fyrhjuling-for-barn-12v-4-hjulsfjadring-mp3-musikspelare-stralkastare-framat-och-bakatgaende-for\/#primaryimage"},"thumbnailUrl":"https:\/\/i0.wp.com\/truusk.store\/wp-content\/uploads\/2025\/06\/aiyaplay-elektrisk-fyrhjuling-for-barn-12v-barnfyrhjuling-med-4-hjulsfjadring-mp3-musikspelare-barnfordon-med-stralkastare-framat-och-bakatgaende-vaxel-for-3-5-ars-barn-5-km-h-metall-vit-1.webp?fit=2000%2C2000&ssl=1","datePublished":"2025-06-05T10:25:05+00:00","dateModified":"2026-03-12T08:46:14+00:00","breadcrumb":{"@id":"https:\/\/truusk.store\/sv\/produkt\/truusk-elektrisk-fyrhjuling-for-barn-12v-4-hjulsfjadring-mp3-musikspelare-stralkastare-framat-och-bakatgaende-for\/#breadcrumb"},"inLanguage":"sv-SE","potentialAction":[{"@type":"ReadAction","target":["https:\/\/truusk.store\/sv\/produkt\/truusk-elektrisk-fyrhjuling-for-barn-12v-4-hjulsfjadring-mp3-musikspelare-stralkastare-framat-och-bakatgaende-for\/"]}]},{"@type":"ImageObject","inLanguage":"sv-SE","@id":"https:\/\/truusk.store\/sv\/produkt\/truusk-elektrisk-fyrhjuling-for-barn-12v-4-hjulsfjadring-mp3-musikspelare-stralkastare-framat-och-bakatgaende-for\/#primaryimage","url":"https:\/\/i0.wp.com\/truusk.store\/wp-content\/uploads\/2025\/06\/aiyaplay-elektrisk-fyrhjuling-for-barn-12v-barnfyrhjuling-med-4-hjulsfjadring-mp3-musikspelare-barnfordon-med-stralkastare-framat-och-bakatgaende-vaxel-for-3-5-ars-barn-5-km-h-metall-vit-1.webp?fit=2000%2C2000&ssl=1","contentUrl":"https:\/\/i0.wp.com\/truusk.store\/wp-content\/uploads\/2025\/06\/aiyaplay-elektrisk-fyrhjuling-for-barn-12v-barnfyrhjuling-med-4-hjulsfjadring-mp3-musikspelare-barnfordon-med-stralkastare-framat-och-bakatgaende-vaxel-for-3-5-ars-barn-5-km-h-metall-vit-1.webp?fit=2000%2C2000&ssl=1","width":2000,"height":2000},{"@type":"BreadcrumbList","@id":"https:\/\/truusk.store\/sv\/produkt\/truusk-elektrisk-fyrhjuling-for-barn-12v-4-hjulsfjadring-mp3-musikspelare-stralkastare-framat-och-bakatgaende-for\/#breadcrumb","itemListElement":[{"@type":"ListItem","position":1,"name":"Home","item":"https:\/\/truusk.store\/sv\/"},{"@type":"ListItem","position":2,"name":"Shop","item":"https:\/\/truusk.store\/shop\/"},{"@type":"ListItem","position":3,"name":"TRUUSK Elektrisk Fyrhjuling F\u00f6r Barn &#8211; 12V &#8211; 4-hjulsfj\u00e4dring &#8211; MP3-musikspelare &#8211; Str\u00e5lkastare &#8211; Fram\u00e5t- och Bak\u00e5tg\u00e5ende &#8211; F\u00f6r"}]},{"@type":"WebSite","@id":"https:\/\/truusk.store\/sv\/#website","url":"https:\/\/truusk.store\/sv\/","name":"TRUUSK - Hem, Tr\u00e4dg\u00e5rd & Fritid","description":"","publisher":{"@id":"https:\/\/truusk.store\/sv\/#organization"},"potentialAction":[{"@type":"SearchAction","target":{"@type":"EntryPoint","urlTemplate":"https:\/\/truusk.store\/sv\/?s={search_term_string}"},"query-input":{"@type":"PropertyValueSpecification","valueRequired":true,"valueName":"search_term_string"}}],"inLanguage":"sv-SE"},{"@type":"Organization","@id":"https:\/\/truusk.store\/sv\/#organization","name":"TRUUSK - Hem, Tr\u00e4dg\u00e5rd & Fritid","url":"https:\/\/truusk.store\/sv\/","logo":{"@type":"ImageObject","inLanguage":"sv-SE","@id":"https:\/\/truusk.store\/sv\/#\/schema\/logo\/image\/","url":"https:\/\/i0.wp.com\/truusk.store\/wp-content\/uploads\/2026\/03\/cropped-TRUUSK.png?fit=2032%2C917&ssl=1","contentUrl":"https:\/\/i0.wp.com\/truusk.store\/wp-content\/uploads\/2026\/03\/cropped-TRUUSK.png?fit=2032%2C917&ssl=1","width":2032,"height":917,"caption":"TRUUSK - Hem, Tr\u00e4dg\u00e5rd & Fritid"},"image":{"@id":"https:\/\/truusk.store\/sv\/#\/schema\/logo\/image\/"}}]}},"jetpack_sharing_enabled":true,"_links":{"self":[{"href":"https:\/\/truusk.store\/sv\/wp-json\/wp\/v2\/product\/65634","targetHints":{"allow":["GET"]}}],"collection":[{"href":"https:\/\/truusk.store\/sv\/wp-json\/wp\/v2\/product"}],"about":[{"href":"https:\/\/truusk.store\/sv\/wp-json\/wp\/v2\/types\/product"}],"wp:featuredmedia":[{"embeddable":true,"href":"https:\/\/truusk.store\/sv\/wp-json\/wp\/v2\/media\/65624"}],"wp:attachment":[{"href":"https:\/\/truusk.store\/sv\/wp-json\/wp\/v2\/media?parent=65634"}],"wp:term":[{"taxonomy":"product_brand","embeddable":true,"href":"https:\/\/truusk.store\/sv\/wp-json\/wp\/v2\/product_brand?post=65634"},{"taxonomy":"product_cat","embeddable":true,"href":"https:\/\/truusk.store\/sv\/wp-json\/wp\/v2\/product_cat?post=65634"},{"taxonomy":"product_tag","embeddable":true,"href":"https:\/\/truusk.store\/sv\/wp-json\/wp\/v2\/product_tag?post=65634"}],"curies":[{"name":"wp","href":"https:\/\/api.w.org\/{rel}","templated":true}]}}